{"id":13826,"date":"2025-03-15T13:49:22","date_gmt":"2025-03-15T11:49:22","guid":{"rendered":"https:\/\/n1.bucurestizoo.ro\/?page_id=13826"},"modified":"2025-03-15T13:50:54","modified_gmt":"2025-03-15T11:50:54","slug":"gasca-cu-cap-cenusiu","status":"publish","type":"page","link":"https:\/\/bucurestizoo.ro\/en\/gasca-cu-cap-cenusiu\/","title":{"rendered":"G\u00e2sca cu Cap Cenusiu"},"content":{"rendered":"<div data-elementor-type=\"wp-page\" data-elementor-id=\"13826\" class=\"elementor elementor-13826\" data-elementor-post-type=\"page\">\n\t\t\t\t<div class=\"elementor-element elementor-element-3254032b e-flex e-con-boxed e-con e-parent\" data-id=\"3254032b\" data-element_type=\"container\" data-e-type=\"container\" data-settings=\"{&quot;background_background&quot;:&quot;classic&quot;}\">\n\t\t\t\t\t<div class=\"e-con-inner\">\n\t\t<div class=\"elementor-element elementor-element-68009c7e e-con-full e-flex e-con e-child\" data-id=\"68009c7e\" data-element_type=\"container\" data-e-type=\"container\">\n\t\t<div class=\"elementor-element elementor-element-2f91814b e-con-full animated-slow e-flex elementor-invisible e-con e-child\" data-id=\"2f91814b\" data-element_type=\"container\" data-e-type=\"container\" data-settings=\"{&quot;animation&quot;:&quot;fadeInLeft&quot;}\">\n\t\t\t\t<div class=\"elementor-element elementor-element-434ccd99 elementor-widget elementor-widget-heading\" data-id=\"434ccd99\" data-element_type=\"widget\" data-e-type=\"widget\" data-widget_type=\"heading.default\">\n\t\t\t\t<div class=\"elementor-widget-container\">\n\t\t\t\t\t<h1 class=\"elementor-heading-title elementor-size-default\">G\u00e2sca cu Cap Cenusiu<\/h1>\t\t\t\t<\/div>\n\t\t\t\t<\/div>\n\t\t\t\t<div class=\"elementor-element elementor-element-34874c10 elementor-widget elementor-widget-text-editor\" data-id=\"34874c10\" data-element_type=\"widget\" data-e-type=\"widget\" data-widget_type=\"text-editor.default\">\n\t\t\t\t<div class=\"elementor-widget-container\">\n\t\t\t\t\t\t\t\t\t<p><strong>Denumire \u0219tiin\u021bific\u0103:<\/strong> Chloephaga poliocephala<br \/><strong>Ordin:<\/strong> Anseriformes<br \/><strong>Familie:<\/strong> Anatidae<br \/><strong>Gen:<\/strong> Chloephaga<br \/><strong>Specie:<\/strong> Chloephaga poliocephala<br \/><strong>Distribu\u021bie:<\/strong> America de Sud \u2013 sudul Chile \u0219i Argentina, inclusiv Patagonia<br \/><strong>Dimensiuni:<\/strong> 60-70 cm lungime, anvergura aripilor 100-120 cm<br \/><strong>Greutate:<\/strong> 2,5-3,5 kg<br \/><strong>Perioada de incuba\u021bie:<\/strong> 25-30 zile<br \/><strong>Num\u0103r de pui:<\/strong> 4-6 ou\u0103<br \/><strong>Speran\u021b\u0103 de via\u021b\u0103:<\/strong> 12-20 ani \u00een s\u0103lb\u0103ticie<\/p>\t\t\t\t\t\t\t\t<\/div>\n\t\t\t\t<\/div>\n\t\t\t\t<\/div>\n\t\t\t\t<div class=\"elementor-element elementor-element-4a6280c elementor-widget-tablet__width-inherit animated-slow elementor-invisible elementor-widget elementor-widget-image\" data-id=\"4a6280c\" data-element_type=\"widget\" data-e-type=\"widget\" data-settings=\"{&quot;_animation&quot;:&quot;fadeInRight&quot;}\" data-widget_type=\"image.default\">\n\t\t\t\t<div class=\"elementor-widget-container\">\n\t\t\t\t\t\t\t\t\t\t\t\t\t\t\t<img fetchpriority=\"high\" decoding=\"async\" width=\"847\" height=\"564\" src=\"https:\/\/bucurestizoo.ro\/wp-content\/uploads\/2025\/03\/Gasca-cu-Cap-Cenusiu-dt_1-Large-1024x682.jpeg\" class=\"attachment-large size-large wp-image-13830\" alt=\"\" srcset=\"https:\/\/bucurestizoo.ro\/wp-content\/uploads\/2025\/03\/Gasca-cu-Cap-Cenusiu-dt_1-Large-1024x682.jpeg 1024w, https:\/\/bucurestizoo.ro\/wp-content\/uploads\/2025\/03\/Gasca-cu-Cap-Cenusiu-dt_1-Large-300x200.jpeg 300w, https:\/\/bucurestizoo.ro\/wp-content\/uploads\/2025\/03\/Gasca-cu-Cap-Cenusiu-dt_1-Large-768x512.jpeg 768w, https:\/\/bucurestizoo.ro\/wp-content\/uploads\/2025\/03\/Gasca-cu-Cap-Cenusiu-dt_1-Large-450x300.jpeg 450w, https:\/\/bucurestizoo.ro\/wp-content\/uploads\/2025\/03\/Gasca-cu-Cap-Cenusiu-dt_1-Large-650x433.jpeg 650w, https:\/\/bucurestizoo.ro\/wp-content\/uploads\/2025\/03\/Gasca-cu-Cap-Cenusiu-dt_1-Large.jpeg 1280w\" sizes=\"(max-width: 847px) 100vw, 847px\" data-id=\"13830\" \/>\t\t\t\t\t\t\t\t\t\t\t\t\t\t\t<\/div>\n\t\t\t\t<\/div>\n\t\t\t\t<\/div>\n\t\t\t\t\t<\/div>\n\t\t\t\t<\/div>\n\t\t<div class=\"elementor-element elementor-element-46ecdd7e animated-slow e-flex e-con-boxed elementor-invisible e-con e-parent\" data-id=\"46ecdd7e\" data-element_type=\"container\" data-e-type=\"container\" data-settings=\"{&quot;animation&quot;:&quot;fadeInLeft&quot;}\">\n\t\t\t\t\t<div class=\"e-con-inner\">\n\t\t\t\t<div class=\"elementor-element elementor-element-5b78cdf4 elementor-widget elementor-widget-heading\" data-id=\"5b78cdf4\" data-element_type=\"widget\" data-e-type=\"widget\" data-widget_type=\"heading.default\">\n\t\t\t\t<div class=\"elementor-widget-container\">\n\t\t\t\t\t<h1 class=\"elementor-heading-title elementor-size-default\">General:<\/h1>\t\t\t\t<\/div>\n\t\t\t\t<\/div>\n\t\t\t\t<div class=\"elementor-element elementor-element-61597b0c elementor-widget elementor-widget-text-editor\" data-id=\"61597b0c\" data-element_type=\"widget\" data-e-type=\"widget\" data-widget_type=\"text-editor.default\">\n\t\t\t\t<div class=\"elementor-widget-container\">\n\t\t\t\t\t\t\t\t\t<p>G\u00e2sca cu cap cenu\u0219iu este o specie sud-american\u0103 mai pu\u021bin cunoscut\u0103, dar foarte interesant\u0103 prin comportamentul s\u0103u migrator \u0219i aspectul distinctiv. Are un cap cenu\u0219iu deschis, un corp acoperit cu pene ruginii \u0219i dungi fine pe burt\u0103. Masculii \u0219i femelele sunt asem\u0103n\u0103tori ca \u00eenf\u0103\u021bi\u0219are, ceea ce este mai pu\u021bin obi\u0219nuit \u00een r\u00e2ndul g\u00e2\u0219telor, unde de obicei masculii sunt mai colora\u021bi. Este o pas\u0103re foarte lini\u0219tit\u0103 \u0219i sociabil\u0103, tr\u0103ind \u00een perechi sau \u00een grupuri mici. Pe timpul migra\u021biei \u00eens\u0103, se pot aduna \u00een stoluri mari care traverseaz\u0103 Anzii Patagonieni.<\/p>\t\t\t\t\t\t\t\t<\/div>\n\t\t\t\t<\/div>\n\t\t\t\t\t<\/div>\n\t\t\t\t<\/div>\n\t\t<div class=\"elementor-element elementor-element-b2a40b2 e-flex e-con-boxed e-con e-parent\" data-id=\"b2a40b2\" data-element_type=\"container\" data-e-type=\"container\">\n\t\t\t\t\t<div class=\"e-con-inner\">\n\t\t\t\t<div class=\"elementor-element elementor-element-6c5abe91 elementor-widget elementor-widget-gallery\" data-id=\"6c5abe91\" data-element_type=\"widget\" data-e-type=\"widget\" data-settings=\"{&quot;columns&quot;:2,&quot;lazyload&quot;:&quot;yes&quot;,&quot;gallery_layout&quot;:&quot;grid&quot;,&quot;columns_tablet&quot;:2,&quot;columns_mobile&quot;:1,&quot;gap&quot;:{&quot;unit&quot;:&quot;px&quot;,&quot;size&quot;:10,&quot;sizes&quot;:[]},&quot;gap_tablet&quot;:{&quot;unit&quot;:&quot;px&quot;,&quot;size&quot;:10,&quot;sizes&quot;:[]},&quot;gap_mobile&quot;:{&quot;unit&quot;:&quot;px&quot;,&quot;size&quot;:10,&quot;sizes&quot;:[]},&quot;link_to&quot;:&quot;file&quot;,&quot;aspect_ratio&quot;:&quot;3:2&quot;,&quot;overlay_background&quot;:&quot;yes&quot;,&quot;content_hover_animation&quot;:&quot;fade-in&quot;}\" data-widget_type=\"gallery.default\">\n\t\t\t\t<div class=\"elementor-widget-container\">\n\t\t\t\t\t\t\t<div class=\"elementor-gallery__container\">\n\t\t\t\t\t\t\t<a class=\"e-gallery-item elementor-gallery-item elementor-animated-content\" href=\"https:\/\/bucurestizoo.ro\/wp-content\/uploads\/2025\/03\/Gasca-cu-Cap-Cenusiu-dt_2-Large.jpeg\" data-elementor-open-lightbox=\"yes\" data-elementor-lightbox-slideshow=\"6c5abe91\" data-elementor-lightbox-title=\"Ga\u0302sca cu Cap Cenusiu dt_2 Large\" data-e-action-hash=\"#elementor-action%3Aaction%3Dlightbox%26settings%3DeyJpZCI6MTM4MjgsInVybCI6Imh0dHBzOlwvXC9idWN1cmVzdGl6b28ucm9cL3dwLWNvbnRlbnRcL3VwbG9hZHNcLzIwMjVcLzAzXC9HYXNjYS1jdS1DYXAtQ2VudXNpdS1kdF8yLUxhcmdlLmpwZWciLCJzbGlkZXNob3ciOiI2YzVhYmU5MSJ9\">\n\t\t\t\t\t<div class=\"e-gallery-image elementor-gallery-item__image\" data-thumbnail=\"https:\/\/bucurestizoo.ro\/wp-content\/uploads\/2025\/03\/Gasca-cu-Cap-Cenusiu-dt_2-Large-1024x682.jpeg\" data-width=\"847\" data-height=\"564\" aria-label=\"\" role=\"img\" ><\/div>\n\t\t\t\t\t\t\t\t\t\t\t<div class=\"elementor-gallery-item__overlay\"><\/div>\n\t\t\t\t\t\t\t\t\t\t\t\t\t\t<\/a>\n\t\t\t\t\t\t\t<a class=\"e-gallery-item elementor-gallery-item elementor-animated-content\" href=\"https:\/\/bucurestizoo.ro\/wp-content\/uploads\/2025\/03\/Gasca-cu-Cap-Cenusiu-dt_3-Large.jpeg\" data-elementor-open-lightbox=\"yes\" data-elementor-lightbox-slideshow=\"6c5abe91\" data-elementor-lightbox-title=\"Ga\u0302sca cu Cap Cenusiu dt_3 Large\" data-e-action-hash=\"#elementor-action%3Aaction%3Dlightbox%26settings%3DeyJpZCI6MTM4MjksInVybCI6Imh0dHBzOlwvXC9idWN1cmVzdGl6b28ucm9cL3dwLWNvbnRlbnRcL3VwbG9hZHNcLzIwMjVcLzAzXC9HYXNjYS1jdS1DYXAtQ2VudXNpdS1kdF8zLUxhcmdlLmpwZWciLCJzbGlkZXNob3ciOiI2YzVhYmU5MSJ9\">\n\t\t\t\t\t<div class=\"e-gallery-image elementor-gallery-item__image\" data-thumbnail=\"https:\/\/bucurestizoo.ro\/wp-content\/uploads\/2025\/03\/Gasca-cu-Cap-Cenusiu-dt_3-Large-1024x575.jpeg\" data-width=\"847\" data-height=\"476\" aria-label=\"\" role=\"img\" ><\/div>\n\t\t\t\t\t\t\t\t\t\t\t<div class=\"elementor-gallery-item__overlay\"><\/div>\n\t\t\t\t\t\t\t\t\t\t\t\t\t\t<\/a>\n\t\t\t\t\t<\/div>\n\t\t\t\t\t<\/div>\n\t\t\t\t<\/div>\n\t\t\t\t\t<\/div>\n\t\t\t\t<\/div>\n\t\t<div class=\"elementor-element elementor-element-31e31d9f animated-slow e-flex e-con-boxed elementor-invisible e-con e-parent\" data-id=\"31e31d9f\" data-element_type=\"container\" data-e-type=\"container\" data-settings=\"{&quot;animation&quot;:&quot;fadeInRight&quot;}\">\n\t\t\t\t\t<div class=\"e-con-inner\">\n\t\t\t\t<div class=\"elementor-element elementor-element-6fc88d0d elementor-widget elementor-widget-heading\" data-id=\"6fc88d0d\" data-element_type=\"widget\" data-e-type=\"widget\" data-widget_type=\"heading.default\">\n\t\t\t\t<div class=\"elementor-widget-container\">\n\t\t\t\t\t<h1 class=\"elementor-heading-title elementor-size-default\">Habitat:<\/h1>\t\t\t\t<\/div>\n\t\t\t\t<\/div>\n\t\t\t\t<div class=\"elementor-element elementor-element-7ed06769 elementor-widget elementor-widget-text-editor\" data-id=\"7ed06769\" data-element_type=\"widget\" data-e-type=\"widget\" data-widget_type=\"text-editor.default\">\n\t\t\t\t<div class=\"elementor-widget-container\">\n\t\t\t\t\t\t\t\t\t<p>Aceast\u0103 g\u00e2sc\u0103 prefer\u0103 paji\u0219tile montane, zonele umede de la poalele mun\u021bilor \u0219i regiunile temperate din sudul Americii de Sud. \u00cen timpul iernii, migreaz\u0103 din regiunile sudice ale Patagoniei spre zone mai calde din nordul Argentinei. Se poate observa \u00een apropierea lacurilor \u0219i r\u00e2urilor, dar \u00ee\u0219i petrece majoritatea timpului pe sol, unde se hr\u0103ne\u0219te.<\/p>\t\t\t\t\t\t\t\t<\/div>\n\t\t\t\t<\/div>\n\t\t\t\t\t<\/div>\n\t\t\t\t<\/div>\n\t\t<div class=\"elementor-element elementor-element-46498678 e-grid e-con-boxed e-con e-parent\" data-id=\"46498678\" data-element_type=\"container\" data-e-type=\"container\">\n\t\t\t\t\t<div class=\"e-con-inner\">\n\t\t<div class=\"elementor-element elementor-element-720eaaf6 e-con-full animated-slow e-flex elementor-invisible e-con e-child\" data-id=\"720eaaf6\" data-element_type=\"container\" data-e-type=\"container\" data-settings=\"{&quot;animation&quot;:&quot;fadeInLeft&quot;}\">\n\t\t\t\t<div class=\"elementor-element elementor-element-6fa0311b elementor-widget elementor-widget-heading\" data-id=\"6fa0311b\" data-element_type=\"widget\" data-e-type=\"widget\" data-widget_type=\"heading.default\">\n\t\t\t\t<div class=\"elementor-widget-container\">\n\t\t\t\t\t<h1 class=\"elementor-heading-title elementor-size-default\">Hran\u0103:<\/h1>\t\t\t\t<\/div>\n\t\t\t\t<\/div>\n\t\t\t\t<div class=\"elementor-element elementor-element-51fb42fb elementor-widget elementor-widget-text-editor\" data-id=\"51fb42fb\" data-element_type=\"widget\" data-e-type=\"widget\" data-widget_type=\"text-editor.default\">\n\t\t\t\t<div class=\"elementor-widget-container\">\n\t\t\t\t\t\t\t\t\t<p>G\u00e2sca cu cap cenu\u0219iu este strict erbivor\u0103 \u0219i se hr\u0103ne\u0219te cu:<\/p><ul><li>Iarb\u0103 \u0219i plante erbacee \u2013 prefer\u0103 vegeta\u021bia joas\u0103 din paji\u0219ti.<\/li><li>Semin\u021be \u0219i ierburi perene \u2013 o surs\u0103 important\u0103 de hran\u0103 \u00een timpul iernii.<\/li><li>Frunze \u0219i r\u0103d\u0103cini \u2013 mai ales \u00een perioadele secetoase.<\/li><\/ul><p>Fiind o pas\u0103re de uscat, se hr\u0103ne\u0219te exclusiv la sol \u0219i nu consum\u0103 vegeta\u021bie acvatic\u0103, spre deosebire de alte g\u00e2\u0219te.<\/p>\t\t\t\t\t\t\t\t<\/div>\n\t\t\t\t<\/div>\n\t\t\t\t<\/div>\n\t\t<div class=\"elementor-element elementor-element-3d88518e e-con-full animated-slow e-flex elementor-invisible e-con e-child\" data-id=\"3d88518e\" data-element_type=\"container\" data-e-type=\"container\" data-settings=\"{&quot;animation&quot;:&quot;fadeInRight&quot;}\">\n\t\t\t\t<div class=\"elementor-element elementor-element-58034b99 elementor-widget elementor-widget-heading\" data-id=\"58034b99\" data-element_type=\"widget\" data-e-type=\"widget\" data-widget_type=\"heading.default\">\n\t\t\t\t<div class=\"elementor-widget-container\">\n\t\t\t\t\t<h1 class=\"elementor-heading-title elementor-size-default\">Conservare:<\/h1>\t\t\t\t<\/div>\n\t\t\t\t<\/div>\n\t\t\t\t<div class=\"elementor-element elementor-element-6cf2c70e elementor-widget elementor-widget-text-editor\" data-id=\"6cf2c70e\" data-element_type=\"widget\" data-e-type=\"widget\" data-widget_type=\"text-editor.default\">\n\t\t\t\t<div class=\"elementor-widget-container\">\n\t\t\t\t\t\t\t\t\t<p>Specia este clasificat\u0103 ca nepericlitat\u0103 (LC \u2013 Least Concern), av\u00e2nd o popula\u021bie relativ stabil\u0103. Cu toate acestea, unele amenin\u021b\u0103ri includ:<\/p><ul><li>Pierderea habitatului din cauza activit\u0103\u021bilor agricole \u0219i a defri\u0219\u0103rilor.<\/li><li>V\u00e2n\u0103toarea ilegal\u0103 \u00een unele zone din Argentina.<\/li><li>Pr\u0103d\u0103torii, cum ar fi vulpile \u0219i c\u00e2inii s\u0103lbatici, care atac\u0103 ou\u0103le \u0219i puii.<\/li><\/ul><p>M\u0103surile de conservare propuse includ protejarea zonelor de reproducere \u0219i migra\u021bie, precum \u0219i monitorizarea popula\u021biei \u00een s\u0103lb\u0103ticie.<\/p>\t\t\t\t\t\t\t\t<\/div>\n\t\t\t\t<\/div>\n\t\t\t\t<\/div>\n\t\t\t\t\t<\/div>\n\t\t\t\t<\/div>\n\t\t\t\t<\/div>","protected":false},"excerpt":{"rendered":"<p>G\u00e2sca cu Cap Cenusiu Denumire \u0219tiin\u021bific\u0103: Chloephaga poliocephalaOrdin: AnseriformesFamilie: AnatidaeGen: ChloephagaSpecie: Chloephaga poliocephalaDistribu\u021bie: America de Sud \u2013 sudul Chile \u0219i Argentina, inclusiv PatagoniaDimensiuni: 60-70 cm lungime, anvergura aripilor 100-120 cmGreutate: 2,5-3,5 kgPerioada de incuba\u021bie: 25-30 zileNum\u0103r de pui: 4-6 ou\u0103Speran\u021b\u0103 de via\u021b\u0103: 12-20 ani \u00een s\u0103lb\u0103ticie General: G\u00e2sca cu cap cenu\u0219iu este o specie sud-american\u0103 &hellip; <a href=\"https:\/\/bucurestizoo.ro\/en\/gasca-cu-cap-cenusiu\/\" class=\"more-link\">Continue reading <span class=\"screen-reader-text\">G\u00e2sca cu Cap Cenusiu<\/span><\/a><\/p>","protected":false},"author":1,"featured_media":0,"parent":0,"menu_order":0,"comment_status":"closed","ping_status":"closed","template":"","meta":{"_monsterinsights_skip_tracking":false,"_monsterinsights_sitenote_active":false,"_monsterinsights_sitenote_note":"","_monsterinsights_sitenote_category":0,"footnotes":""},"class_list":["post-13826","page","type-page","status-publish","hentry"],"aioseo_notices":[],"_links":{"self":[{"href":"https:\/\/bucurestizoo.ro\/en\/wp-json\/wp\/v2\/pages\/13826","targetHints":{"allow":["GET"]}}],"collection":[{"href":"https:\/\/bucurestizoo.ro\/en\/wp-json\/wp\/v2\/pages"}],"about":[{"href":"https:\/\/bucurestizoo.ro\/en\/wp-json\/wp\/v2\/types\/page"}],"author":[{"embeddable":true,"href":"https:\/\/bucurestizoo.ro\/en\/wp-json\/wp\/v2\/users\/1"}],"replies":[{"embeddable":true,"href":"https:\/\/bucurestizoo.ro\/en\/wp-json\/wp\/v2\/comments?post=13826"}],"version-history":[{"count":4,"href":"https:\/\/bucurestizoo.ro\/en\/wp-json\/wp\/v2\/pages\/13826\/revisions"}],"predecessor-version":[{"id":13836,"href":"https:\/\/bucurestizoo.ro\/en\/wp-json\/wp\/v2\/pages\/13826\/revisions\/13836"}],"wp:attachment":[{"href":"https:\/\/bucurestizoo.ro\/en\/wp-json\/wp\/v2\/media?parent=13826"}],"curies":[{"name":"wp","href":"https:\/\/api.w.org\/{rel}","templated":true}]}}