{"id":13820,"date":"2025-03-15T13:37:04","date_gmt":"2025-03-15T11:37:04","guid":{"rendered":"https:\/\/n1.bucurestizoo.ro\/?page_id=13820"},"modified":"2025-03-15T13:49:42","modified_gmt":"2025-03-15T11:49:42","slug":"gasca-barren","status":"publish","type":"page","link":"https:\/\/bucurestizoo.ro\/en\/gasca-barren\/","title":{"rendered":"G\u00e2sca Barren"},"content":{"rendered":"<div data-elementor-type=\"wp-page\" data-elementor-id=\"13820\" class=\"elementor elementor-13820\" data-elementor-post-type=\"page\">\n\t\t\t\t<div class=\"elementor-element elementor-element-28d343f2 e-flex e-con-boxed e-con e-parent\" data-id=\"28d343f2\" data-element_type=\"container\" data-e-type=\"container\" data-settings=\"{&quot;background_background&quot;:&quot;classic&quot;}\">\n\t\t\t\t\t<div class=\"e-con-inner\">\n\t\t<div class=\"elementor-element elementor-element-32f8743 e-con-full e-flex e-con e-child\" data-id=\"32f8743\" data-element_type=\"container\" data-e-type=\"container\">\n\t\t<div class=\"elementor-element elementor-element-1804905f e-con-full animated-slow e-flex elementor-invisible e-con e-child\" data-id=\"1804905f\" data-element_type=\"container\" data-e-type=\"container\" data-settings=\"{&quot;animation&quot;:&quot;fadeInLeft&quot;}\">\n\t\t\t\t<div class=\"elementor-element elementor-element-eebe072 elementor-widget elementor-widget-heading\" data-id=\"eebe072\" data-element_type=\"widget\" data-e-type=\"widget\" data-widget_type=\"heading.default\">\n\t\t\t\t<div class=\"elementor-widget-container\">\n\t\t\t\t\t<h1 class=\"elementor-heading-title elementor-size-default\">G\u00e2sca Barren<\/h1>\t\t\t\t<\/div>\n\t\t\t\t<\/div>\n\t\t\t\t<div class=\"elementor-element elementor-element-2091b1bf elementor-widget elementor-widget-text-editor\" data-id=\"2091b1bf\" data-element_type=\"widget\" data-e-type=\"widget\" data-widget_type=\"text-editor.default\">\n\t\t\t\t<div class=\"elementor-widget-container\">\n\t\t\t\t\t\t\t\t\t<p><strong>Denumire \u0219tiin\u021bific\u0103:<\/strong> Cereopsis novaehollandiae<br \/><strong>Ordin:<\/strong> Anseriformes<br \/><strong>Familie:<\/strong> Anatidae<br \/><strong>Gen:<\/strong> Cereopsis<br \/><strong>Specie:<\/strong> Cereopsis novaehollandiae<br \/><strong>Distribu\u021bie:<\/strong> Endemic\u0103 \u00een sudul Australiei \u0219i Tasmania<br \/><strong>Dimensiuni:<\/strong> 75-100 cm lungime, anvergura aripilor 140-160 cm<br \/><strong>Greutate:<\/strong> 3,5-6,8 kg<br \/><strong>Perioada de incuba\u021bie:<\/strong> 30-35 zile<br \/><strong>Num\u0103r de pui:<\/strong> 3-6 ou\u0103<br \/><strong>Speran\u021b\u0103 de via\u021b\u0103:<\/strong> 15-25 ani \u00een s\u0103lb\u0103ticie<\/p>\t\t\t\t\t\t\t\t<\/div>\n\t\t\t\t<\/div>\n\t\t\t\t<\/div>\n\t\t\t\t<div class=\"elementor-element elementor-element-5a0ad831 elementor-widget-tablet__width-inherit animated-slow elementor-invisible elementor-widget elementor-widget-image\" data-id=\"5a0ad831\" data-element_type=\"widget\" data-e-type=\"widget\" data-settings=\"{&quot;_animation&quot;:&quot;fadeInRight&quot;}\" data-widget_type=\"image.default\">\n\t\t\t\t<div class=\"elementor-widget-container\">\n\t\t\t\t\t\t\t\t\t\t\t\t\t\t\t<img fetchpriority=\"high\" decoding=\"async\" width=\"847\" height=\"564\" src=\"https:\/\/bucurestizoo.ro\/wp-content\/uploads\/2025\/03\/gasca-barren-dt_2-Large-1024x682.jpeg\" class=\"attachment-large size-large wp-image-13814\" alt=\"\" srcset=\"https:\/\/bucurestizoo.ro\/wp-content\/uploads\/2025\/03\/gasca-barren-dt_2-Large-1024x682.jpeg 1024w, https:\/\/bucurestizoo.ro\/wp-content\/uploads\/2025\/03\/gasca-barren-dt_2-Large-300x200.jpeg 300w, https:\/\/bucurestizoo.ro\/wp-content\/uploads\/2025\/03\/gasca-barren-dt_2-Large-768x512.jpeg 768w, https:\/\/bucurestizoo.ro\/wp-content\/uploads\/2025\/03\/gasca-barren-dt_2-Large-450x300.jpeg 450w, https:\/\/bucurestizoo.ro\/wp-content\/uploads\/2025\/03\/gasca-barren-dt_2-Large-650x433.jpeg 650w, https:\/\/bucurestizoo.ro\/wp-content\/uploads\/2025\/03\/gasca-barren-dt_2-Large.jpeg 1280w\" sizes=\"(max-width: 847px) 100vw, 847px\" data-id=\"13814\" \/>\t\t\t\t\t\t\t\t\t\t\t\t\t\t\t<\/div>\n\t\t\t\t<\/div>\n\t\t\t\t<\/div>\n\t\t\t\t\t<\/div>\n\t\t\t\t<\/div>\n\t\t<div class=\"elementor-element elementor-element-3788142d animated-slow e-flex e-con-boxed elementor-invisible e-con e-parent\" data-id=\"3788142d\" data-element_type=\"container\" data-e-type=\"container\" data-settings=\"{&quot;animation&quot;:&quot;fadeInLeft&quot;}\">\n\t\t\t\t\t<div class=\"e-con-inner\">\n\t\t\t\t<div class=\"elementor-element elementor-element-30613f8f elementor-widget elementor-widget-heading\" data-id=\"30613f8f\" data-element_type=\"widget\" data-e-type=\"widget\" data-widget_type=\"heading.default\">\n\t\t\t\t<div class=\"elementor-widget-container\">\n\t\t\t\t\t<h1 class=\"elementor-heading-title elementor-size-default\">General:<\/h1>\t\t\t\t<\/div>\n\t\t\t\t<\/div>\n\t\t\t\t<div class=\"elementor-element elementor-element-7b5acf7f elementor-widget elementor-widget-text-editor\" data-id=\"7b5acf7f\" data-element_type=\"widget\" data-e-type=\"widget\" data-widget_type=\"text-editor.default\">\n\t\t\t\t<div class=\"elementor-widget-container\">\n\t\t\t\t\t\t\t\t\t<p>G\u00e2sca Barren, cunoscut\u0103 \u0219i sub numele de \u201eg\u00e2sca cenu\u0219ie australian\u0103\u201d, este o pas\u0103re unic\u0103 \u00een familia sa. Are un aspect robust, cu un corp masiv, pene gri, picioare portocalii \u0219i un cioc scurt, galben-verzui, ceea ce \u00eei confer\u0103 o \u00eenf\u0103\u021bi\u0219are neobi\u0219nuit\u0103. Este o specie foarte teritorial\u0103 \u0219i poate deveni agresiv\u0103 \u00een timpul sezonului de reproducere. Spre deosebire de alte g\u00e2\u0219te, zboar\u0103 rareori \u0219i prefer\u0103 s\u0103 \u00ee\u0219i petreac\u0103 timpul pe sol, folosindu-\u0219i ghearele puternice pentru a se ap\u0103ra.<\/p>\t\t\t\t\t\t\t\t<\/div>\n\t\t\t\t<\/div>\n\t\t\t\t\t<\/div>\n\t\t\t\t<\/div>\n\t\t<div class=\"elementor-element elementor-element-4b4e7206 e-flex e-con-boxed e-con e-parent\" data-id=\"4b4e7206\" data-element_type=\"container\" data-e-type=\"container\">\n\t\t\t\t\t<div class=\"e-con-inner\">\n\t\t\t\t<div class=\"elementor-element elementor-element-2c6f012f elementor-widget elementor-widget-gallery\" data-id=\"2c6f012f\" data-element_type=\"widget\" data-e-type=\"widget\" data-settings=\"{&quot;columns&quot;:2,&quot;lazyload&quot;:&quot;yes&quot;,&quot;gallery_layout&quot;:&quot;grid&quot;,&quot;columns_tablet&quot;:2,&quot;columns_mobile&quot;:1,&quot;gap&quot;:{&quot;unit&quot;:&quot;px&quot;,&quot;size&quot;:10,&quot;sizes&quot;:[]},&quot;gap_tablet&quot;:{&quot;unit&quot;:&quot;px&quot;,&quot;size&quot;:10,&quot;sizes&quot;:[]},&quot;gap_mobile&quot;:{&quot;unit&quot;:&quot;px&quot;,&quot;size&quot;:10,&quot;sizes&quot;:[]},&quot;link_to&quot;:&quot;file&quot;,&quot;aspect_ratio&quot;:&quot;3:2&quot;,&quot;overlay_background&quot;:&quot;yes&quot;,&quot;content_hover_animation&quot;:&quot;fade-in&quot;}\" data-widget_type=\"gallery.default\">\n\t\t\t\t<div class=\"elementor-widget-container\">\n\t\t\t\t\t\t\t<div class=\"elementor-gallery__container\">\n\t\t\t\t\t\t\t<a class=\"e-gallery-item elementor-gallery-item elementor-animated-content\" href=\"https:\/\/bucurestizoo.ro\/wp-content\/uploads\/2025\/03\/gasca-barren-dt_1-Large.jpeg\" data-elementor-open-lightbox=\"yes\" data-elementor-lightbox-slideshow=\"2c6f012f\" data-elementor-lightbox-title=\"gasca barren dt_1 Large\" data-e-action-hash=\"#elementor-action%3Aaction%3Dlightbox%26settings%3DeyJpZCI6MTM4MTYsInVybCI6Imh0dHBzOlwvXC9idWN1cmVzdGl6b28ucm9cL3dwLWNvbnRlbnRcL3VwbG9hZHNcLzIwMjVcLzAzXC9nYXNjYS1iYXJyZW4tZHRfMS1MYXJnZS5qcGVnIiwic2xpZGVzaG93IjoiMmM2ZjAxMmYifQ%3D%3D\">\n\t\t\t\t\t<div class=\"e-gallery-image elementor-gallery-item__image\" data-thumbnail=\"https:\/\/bucurestizoo.ro\/wp-content\/uploads\/2025\/03\/gasca-barren-dt_1-Large-1024x684.jpeg\" data-width=\"847\" data-height=\"566\" aria-label=\"\" role=\"img\" ><\/div>\n\t\t\t\t\t\t\t\t\t\t\t<div class=\"elementor-gallery-item__overlay\"><\/div>\n\t\t\t\t\t\t\t\t\t\t\t\t\t\t<\/a>\n\t\t\t\t\t\t\t<a class=\"e-gallery-item elementor-gallery-item elementor-animated-content\" href=\"https:\/\/bucurestizoo.ro\/wp-content\/uploads\/2025\/03\/gasca-barren-dt_3-Large.jpeg\" data-elementor-open-lightbox=\"yes\" data-elementor-lightbox-slideshow=\"2c6f012f\" data-elementor-lightbox-title=\"gasca barren dt_3 Large\" data-e-action-hash=\"#elementor-action%3Aaction%3Dlightbox%26settings%3DeyJpZCI6MTM4MTUsInVybCI6Imh0dHBzOlwvXC9idWN1cmVzdGl6b28ucm9cL3dwLWNvbnRlbnRcL3VwbG9hZHNcLzIwMjVcLzAzXC9nYXNjYS1iYXJyZW4tZHRfMy1MYXJnZS5qcGVnIiwic2xpZGVzaG93IjoiMmM2ZjAxMmYifQ%3D%3D\">\n\t\t\t\t\t<div class=\"e-gallery-image elementor-gallery-item__image\" data-thumbnail=\"https:\/\/bucurestizoo.ro\/wp-content\/uploads\/2025\/03\/gasca-barren-dt_3-Large-1024x682.jpeg\" data-width=\"847\" data-height=\"564\" aria-label=\"\" role=\"img\" ><\/div>\n\t\t\t\t\t\t\t\t\t\t\t<div class=\"elementor-gallery-item__overlay\"><\/div>\n\t\t\t\t\t\t\t\t\t\t\t\t\t\t<\/a>\n\t\t\t\t\t<\/div>\n\t\t\t\t\t<\/div>\n\t\t\t\t<\/div>\n\t\t\t\t\t<\/div>\n\t\t\t\t<\/div>\n\t\t<div class=\"elementor-element elementor-element-2f7e55b3 animated-slow e-flex e-con-boxed elementor-invisible e-con e-parent\" data-id=\"2f7e55b3\" data-element_type=\"container\" data-e-type=\"container\" data-settings=\"{&quot;animation&quot;:&quot;fadeInRight&quot;}\">\n\t\t\t\t\t<div class=\"e-con-inner\">\n\t\t\t\t<div class=\"elementor-element elementor-element-6a41120e elementor-widget elementor-widget-heading\" data-id=\"6a41120e\" data-element_type=\"widget\" data-e-type=\"widget\" data-widget_type=\"heading.default\">\n\t\t\t\t<div class=\"elementor-widget-container\">\n\t\t\t\t\t<h1 class=\"elementor-heading-title elementor-size-default\">Habitat:<\/h1>\t\t\t\t<\/div>\n\t\t\t\t<\/div>\n\t\t\t\t<div class=\"elementor-element elementor-element-63c995b elementor-widget elementor-widget-text-editor\" data-id=\"63c995b\" data-element_type=\"widget\" data-e-type=\"widget\" data-widget_type=\"text-editor.default\">\n\t\t\t\t<div class=\"elementor-widget-container\">\n\t\t\t\t\t\t\t\t\t<p>Tr\u0103ie\u0219te \u00een regiunile de coast\u0103 din sudul Australiei \u0219i Tasmania, prefer\u00e2nd insulele izolate cu vegeta\u021bie deas\u0103. Evit\u0103 zonele ml\u0103\u0219tinoase \u0219i prefer\u0103 paji\u0219tile deschise \u0219i st\u00e2ncoase. Se cuib\u0103re\u0219te \u00een vizuini s\u0103pate \u00een sol sau \u00een ad\u0103posturi naturale, de obicei pe insule ferite de pr\u0103d\u0103tori.<\/p>\t\t\t\t\t\t\t\t<\/div>\n\t\t\t\t<\/div>\n\t\t\t\t\t<\/div>\n\t\t\t\t<\/div>\n\t\t<div class=\"elementor-element elementor-element-74523123 e-grid e-con-boxed e-con e-parent\" data-id=\"74523123\" data-element_type=\"container\" data-e-type=\"container\">\n\t\t\t\t\t<div class=\"e-con-inner\">\n\t\t<div class=\"elementor-element elementor-element-642d14f5 e-con-full animated-slow e-flex elementor-invisible e-con e-child\" data-id=\"642d14f5\" data-element_type=\"container\" data-e-type=\"container\" data-settings=\"{&quot;animation&quot;:&quot;fadeInLeft&quot;}\">\n\t\t\t\t<div class=\"elementor-element elementor-element-26499078 elementor-widget elementor-widget-heading\" data-id=\"26499078\" data-element_type=\"widget\" data-e-type=\"widget\" data-widget_type=\"heading.default\">\n\t\t\t\t<div class=\"elementor-widget-container\">\n\t\t\t\t\t<h1 class=\"elementor-heading-title elementor-size-default\">Hran\u0103:<\/h1>\t\t\t\t<\/div>\n\t\t\t\t<\/div>\n\t\t\t\t<div class=\"elementor-element elementor-element-7aa480fc elementor-widget elementor-widget-text-editor\" data-id=\"7aa480fc\" data-element_type=\"widget\" data-e-type=\"widget\" data-widget_type=\"text-editor.default\">\n\t\t\t\t<div class=\"elementor-widget-container\">\n\t\t\t\t\t\t\t\t\t<p>Dieta sa este exclusiv erbivor\u0103 \u0219i include:<\/p><ul><li>Ierburi \u0219i frunze de arbu\u0219ti \u2013 prefer\u0103 vegeta\u021bia s\u0103rac\u0103 \u00een fibre \u0219i bogat\u0103 \u00een nutrien\u021bi.<\/li><li>R\u0103d\u0103cini \u0219i semin\u021be \u2013 mai ales \u00een perioadele de secet\u0103.<\/li><li>Alge marine \u2013 ocazional, atunci c\u00e2nd sunt disponibile pe \u021b\u0103rmurile st\u00e2ncoase.<\/li><\/ul><p>Spre deosebire de alte g\u00e2\u0219te, nu se hr\u0103ne\u0219te \u00een ap\u0103 \u0219i \u00ee\u0219i petrece aproape tot timpul pe uscat.<\/p>\t\t\t\t\t\t\t\t<\/div>\n\t\t\t\t<\/div>\n\t\t\t\t<\/div>\n\t\t<div class=\"elementor-element elementor-element-3262018f e-con-full animated-slow e-flex elementor-invisible e-con e-child\" data-id=\"3262018f\" data-element_type=\"container\" data-e-type=\"container\" data-settings=\"{&quot;animation&quot;:&quot;fadeInRight&quot;}\">\n\t\t\t\t<div class=\"elementor-element elementor-element-17d936e9 elementor-widget elementor-widget-heading\" data-id=\"17d936e9\" data-element_type=\"widget\" data-e-type=\"widget\" data-widget_type=\"heading.default\">\n\t\t\t\t<div class=\"elementor-widget-container\">\n\t\t\t\t\t<h1 class=\"elementor-heading-title elementor-size-default\">Conservare:<\/h1>\t\t\t\t<\/div>\n\t\t\t\t<\/div>\n\t\t\t\t<div class=\"elementor-element elementor-element-191bfdd7 elementor-widget elementor-widget-text-editor\" data-id=\"191bfdd7\" data-element_type=\"widget\" data-e-type=\"widget\" data-widget_type=\"text-editor.default\">\n\t\t\t\t<div class=\"elementor-widget-container\">\n\t\t\t\t\t\t\t\t\t<p>Specia este clasificat\u0103 ca aproape amenin\u021bat\u0103 (NT \u2013 Near Threatened) din cauza pierderii habitatului \u0219i a pr\u0103d\u0103torilor introdu\u0219i, cum ar fi vulpile \u0219i pisicile s\u0103lbatice.<\/p><p>M\u0103surile de conservare includ:<\/p><ul><li>Protejarea insulelor de cuib\u0103rit \u2013 multe dintre ele au fost declarate rezerva\u021bii naturale.<\/li><li>Controlul pr\u0103d\u0103torilor introdu\u0219i \u2013 eliminarea vulpilor \u0219i pisicilor din habitatele de reproducere.<\/li><li>Reproducerea \u00een captivitate \u2013 pentru a sus\u021bine popula\u021biile s\u0103lbatice.<\/li><\/ul>\t\t\t\t\t\t\t\t<\/div>\n\t\t\t\t<\/div>\n\t\t\t\t<\/div>\n\t\t\t\t\t<\/div>\n\t\t\t\t<\/div>\n\t\t\t\t<\/div>","protected":false},"excerpt":{"rendered":"<p>G\u00e2sca Barren Denumire \u0219tiin\u021bific\u0103: Cereopsis novaehollandiaeOrdin: AnseriformesFamilie: AnatidaeGen: CereopsisSpecie: Cereopsis novaehollandiaeDistribu\u021bie: Endemic\u0103 \u00een sudul Australiei \u0219i TasmaniaDimensiuni: 75-100 cm lungime, anvergura aripilor 140-160 cmGreutate: 3,5-6,8 kgPerioada de incuba\u021bie: 30-35 zileNum\u0103r de pui: 3-6 ou\u0103Speran\u021b\u0103 de via\u021b\u0103: 15-25 ani \u00een s\u0103lb\u0103ticie General: G\u00e2sca Barren, cunoscut\u0103 \u0219i sub numele de \u201eg\u00e2sca cenu\u0219ie australian\u0103\u201d, este o pas\u0103re unic\u0103 &hellip; <a href=\"https:\/\/bucurestizoo.ro\/en\/gasca-barren\/\" class=\"more-link\">Continue reading <span class=\"screen-reader-text\">G\u00e2sca Barren<\/span><\/a><\/p>","protected":false},"author":1,"featured_media":0,"parent":0,"menu_order":0,"comment_status":"closed","ping_status":"closed","template":"","meta":{"_monsterinsights_skip_tracking":false,"_monsterinsights_sitenote_active":false,"_monsterinsights_sitenote_note":"","_monsterinsights_sitenote_category":0,"footnotes":""},"class_list":["post-13820","page","type-page","status-publish","hentry"],"aioseo_notices":[],"_links":{"self":[{"href":"https:\/\/bucurestizoo.ro\/en\/wp-json\/wp\/v2\/pages\/13820","targetHints":{"allow":["GET"]}}],"collection":[{"href":"https:\/\/bucurestizoo.ro\/en\/wp-json\/wp\/v2\/pages"}],"about":[{"href":"https:\/\/bucurestizoo.ro\/en\/wp-json\/wp\/v2\/types\/page"}],"author":[{"embeddable":true,"href":"https:\/\/bucurestizoo.ro\/en\/wp-json\/wp\/v2\/users\/1"}],"replies":[{"embeddable":true,"href":"https:\/\/bucurestizoo.ro\/en\/wp-json\/wp\/v2\/comments?post=13820"}],"version-history":[{"count":7,"href":"https:\/\/bucurestizoo.ro\/en\/wp-json\/wp\/v2\/pages\/13820\/revisions"}],"predecessor-version":[{"id":13833,"href":"https:\/\/bucurestizoo.ro\/en\/wp-json\/wp\/v2\/pages\/13820\/revisions\/13833"}],"wp:attachment":[{"href":"https:\/\/bucurestizoo.ro\/en\/wp-json\/wp\/v2\/media?parent=13820"}],"curies":[{"name":"wp","href":"https:\/\/api.w.org\/{rel}","templated":true}]}}