{"id":13802,"date":"2025-03-07T19:25:28","date_gmt":"2025-03-07T17:25:28","guid":{"rendered":"https:\/\/n1.bucurestizoo.ro\/?page_id=13802"},"modified":"2025-03-15T13:30:32","modified_gmt":"2025-03-15T11:30:32","slug":"gasca-hawaiiana","status":"publish","type":"page","link":"https:\/\/bucurestizoo.ro\/en\/gasca-hawaiiana\/","title":{"rendered":"G\u00e2sca Hawaiian\u0103"},"content":{"rendered":"<div data-elementor-type=\"wp-page\" data-elementor-id=\"13802\" class=\"elementor elementor-13802\" data-elementor-post-type=\"page\">\n\t\t\t\t<div class=\"elementor-element elementor-element-62546259 e-flex e-con-boxed e-con e-parent\" data-id=\"62546259\" data-element_type=\"container\" data-e-type=\"container\" data-settings=\"{&quot;background_background&quot;:&quot;classic&quot;}\">\n\t\t\t\t\t<div class=\"e-con-inner\">\n\t\t<div class=\"elementor-element elementor-element-2dbd41e9 e-con-full e-flex e-con e-child\" data-id=\"2dbd41e9\" data-element_type=\"container\" data-e-type=\"container\">\n\t\t<div class=\"elementor-element elementor-element-df3daa7 e-con-full animated-slow e-flex elementor-invisible e-con e-child\" data-id=\"df3daa7\" data-element_type=\"container\" data-e-type=\"container\" data-settings=\"{&quot;animation&quot;:&quot;fadeInLeft&quot;}\">\n\t\t\t\t<div class=\"elementor-element elementor-element-64ed5c15 elementor-widget elementor-widget-heading\" data-id=\"64ed5c15\" data-element_type=\"widget\" data-e-type=\"widget\" data-widget_type=\"heading.default\">\n\t\t\t\t<div class=\"elementor-widget-container\">\n\t\t\t\t\t<h1 class=\"elementor-heading-title elementor-size-default\">G\u00e2sca Hawaiian\u0103<\/h1>\t\t\t\t<\/div>\n\t\t\t\t<\/div>\n\t\t\t\t<div class=\"elementor-element elementor-element-71e1703f elementor-widget elementor-widget-text-editor\" data-id=\"71e1703f\" data-element_type=\"widget\" data-e-type=\"widget\" data-widget_type=\"text-editor.default\">\n\t\t\t\t<div class=\"elementor-widget-container\">\n\t\t\t\t\t\t\t\t\t<p><strong>Denumire \u0219tiin\u021bific\u0103:<\/strong> Branta sandvicensis<br \/><strong>Ordin:<\/strong> Anseriformes<br \/><strong>Familie:<\/strong> Anatidae<br \/><strong>Gen:<\/strong> Branta<br \/><strong>Specie:<\/strong> Branta sandvicensis<br \/><strong>Distribu\u021bie:<\/strong> Endemic\u0103 \u00een insulele Hawaii (Big Island, Maui, Kauai)<br \/><strong>Dimensiuni:<\/strong> 56-71 cm lungime, anvergura aripilor 110-125 cm<br \/><strong>Greutate:<\/strong> 1,5-2,5 kg<br \/><strong>Perioada de incuba\u021bie:<\/strong> 28-30 zile<br \/><strong>Num\u0103r de pui:<\/strong> 3-5 ou\u0103<br \/><strong>Speran\u021b\u0103 de via\u021b\u0103:<\/strong> 15-25 ani \u00een s\u0103lb\u0103ticie<\/p>\t\t\t\t\t\t\t\t<\/div>\n\t\t\t\t<\/div>\n\t\t\t\t<\/div>\n\t\t\t\t<div class=\"elementor-element elementor-element-5b4db77e elementor-widget-tablet__width-inherit animated-slow elementor-invisible elementor-widget elementor-widget-image\" data-id=\"5b4db77e\" data-element_type=\"widget\" data-e-type=\"widget\" data-settings=\"{&quot;_animation&quot;:&quot;fadeInRight&quot;}\" data-widget_type=\"image.default\">\n\t\t\t\t<div class=\"elementor-widget-container\">\n\t\t\t\t\t\t\t\t\t\t\t\t\t\t\t<img fetchpriority=\"high\" decoding=\"async\" width=\"847\" height=\"564\" src=\"https:\/\/bucurestizoo.ro\/wp-content\/uploads\/2025\/03\/Gasca-Hawaiiana-dt_2-Large-1024x682.jpeg\" class=\"attachment-large size-large wp-image-13799\" alt=\"\" srcset=\"https:\/\/bucurestizoo.ro\/wp-content\/uploads\/2025\/03\/Gasca-Hawaiiana-dt_2-Large-1024x682.jpeg 1024w, https:\/\/bucurestizoo.ro\/wp-content\/uploads\/2025\/03\/Gasca-Hawaiiana-dt_2-Large-300x200.jpeg 300w, https:\/\/bucurestizoo.ro\/wp-content\/uploads\/2025\/03\/Gasca-Hawaiiana-dt_2-Large-768x512.jpeg 768w, https:\/\/bucurestizoo.ro\/wp-content\/uploads\/2025\/03\/Gasca-Hawaiiana-dt_2-Large-450x300.jpeg 450w, https:\/\/bucurestizoo.ro\/wp-content\/uploads\/2025\/03\/Gasca-Hawaiiana-dt_2-Large-650x433.jpeg 650w, https:\/\/bucurestizoo.ro\/wp-content\/uploads\/2025\/03\/Gasca-Hawaiiana-dt_2-Large.jpeg 1280w\" sizes=\"(max-width: 847px) 100vw, 847px\" data-id=\"13799\" \/>\t\t\t\t\t\t\t\t\t\t\t\t\t\t\t<\/div>\n\t\t\t\t<\/div>\n\t\t\t\t<\/div>\n\t\t\t\t\t<\/div>\n\t\t\t\t<\/div>\n\t\t<div class=\"elementor-element elementor-element-23c8d95d animated-slow e-flex e-con-boxed elementor-invisible e-con e-parent\" data-id=\"23c8d95d\" data-element_type=\"container\" data-e-type=\"container\" data-settings=\"{&quot;animation&quot;:&quot;fadeInLeft&quot;}\">\n\t\t\t\t\t<div class=\"e-con-inner\">\n\t\t\t\t<div class=\"elementor-element elementor-element-36de2827 elementor-widget elementor-widget-heading\" data-id=\"36de2827\" data-element_type=\"widget\" data-e-type=\"widget\" data-widget_type=\"heading.default\">\n\t\t\t\t<div class=\"elementor-widget-container\">\n\t\t\t\t\t<h1 class=\"elementor-heading-title elementor-size-default\">General:<\/h1>\t\t\t\t<\/div>\n\t\t\t\t<\/div>\n\t\t\t\t<div class=\"elementor-element elementor-element-220f8ce8 elementor-widget elementor-widget-text-editor\" data-id=\"220f8ce8\" data-element_type=\"widget\" data-e-type=\"widget\" data-widget_type=\"text-editor.default\">\n\t\t\t\t<div class=\"elementor-widget-container\">\n\t\t\t\t\t\t\t\t\t<p>G\u00e2sca hawaiian\u0103, cunoscut\u0103 \u0219i sub numele de \u201eNene\u201d, este pas\u0103rea na\u021bional\u0103 a statului Hawaii. Se diferen\u021biaz\u0103 de alte specii de g\u00e2\u0219te prin adaptarea la un stil de via\u021b\u0103 terestru \u2013 are picioarele mai lungi \u0219i membranele interdigitale mai reduse, fiind mai potrivit\u0103 pentru mers dec\u00e2t pentru \u00eenot. Aproximativ 90% din popula\u021bia s\u0103lbatic\u0103 tr\u0103ie\u0219te pe insula Big Island, unde poate fi \u00eent\u00e2lnit\u0103 \u00een p\u0103\u0219uni vulcanice \u0219i p\u0103duri deschise.\u00a0 Numele \u201eNene\u201d provine de la sunetul distinctiv pe care \u00eel emit aceste g\u00e2\u0219te.<\/p>\t\t\t\t\t\t\t\t<\/div>\n\t\t\t\t<\/div>\n\t\t\t\t\t<\/div>\n\t\t\t\t<\/div>\n\t\t<div class=\"elementor-element elementor-element-4f80d669 e-flex e-con-boxed e-con e-parent\" data-id=\"4f80d669\" data-element_type=\"container\" data-e-type=\"container\">\n\t\t\t\t\t<div class=\"e-con-inner\">\n\t\t\t\t<div class=\"elementor-element elementor-element-26d671a1 elementor-widget elementor-widget-gallery\" data-id=\"26d671a1\" data-element_type=\"widget\" data-e-type=\"widget\" data-settings=\"{&quot;columns&quot;:2,&quot;lazyload&quot;:&quot;yes&quot;,&quot;gallery_layout&quot;:&quot;grid&quot;,&quot;columns_tablet&quot;:2,&quot;columns_mobile&quot;:1,&quot;gap&quot;:{&quot;unit&quot;:&quot;px&quot;,&quot;size&quot;:10,&quot;sizes&quot;:[]},&quot;gap_tablet&quot;:{&quot;unit&quot;:&quot;px&quot;,&quot;size&quot;:10,&quot;sizes&quot;:[]},&quot;gap_mobile&quot;:{&quot;unit&quot;:&quot;px&quot;,&quot;size&quot;:10,&quot;sizes&quot;:[]},&quot;link_to&quot;:&quot;file&quot;,&quot;aspect_ratio&quot;:&quot;3:2&quot;,&quot;overlay_background&quot;:&quot;yes&quot;,&quot;content_hover_animation&quot;:&quot;fade-in&quot;}\" data-widget_type=\"gallery.default\">\n\t\t\t\t<div class=\"elementor-widget-container\">\n\t\t\t\t\t\t\t<div class=\"elementor-gallery__container\">\n\t\t\t\t\t\t\t<a class=\"e-gallery-item elementor-gallery-item elementor-animated-content\" href=\"https:\/\/bucurestizoo.ro\/wp-content\/uploads\/2025\/03\/Gasca-Hawaiiana-dt_3-Large.jpeg\" data-elementor-open-lightbox=\"yes\" data-elementor-lightbox-slideshow=\"26d671a1\" data-elementor-lightbox-title=\"Ga\u0302sca Hawaiiana\u0306 dt_3 Large\" data-e-action-hash=\"#elementor-action%3Aaction%3Dlightbox%26settings%3DeyJpZCI6MTM4MDAsInVybCI6Imh0dHBzOlwvXC9idWN1cmVzdGl6b28ucm9cL3dwLWNvbnRlbnRcL3VwbG9hZHNcLzIwMjVcLzAzXC9HYXNjYS1IYXdhaWlhbmEtZHRfMy1MYXJnZS5qcGVnIiwic2xpZGVzaG93IjoiMjZkNjcxYTEifQ%3D%3D\">\n\t\t\t\t\t<div class=\"e-gallery-image elementor-gallery-item__image\" data-thumbnail=\"https:\/\/bucurestizoo.ro\/wp-content\/uploads\/2025\/03\/Gasca-Hawaiiana-dt_3-Large-1024x624.jpeg\" data-width=\"847\" data-height=\"516\" aria-label=\"\" role=\"img\" ><\/div>\n\t\t\t\t\t\t\t\t\t\t\t<div class=\"elementor-gallery-item__overlay\"><\/div>\n\t\t\t\t\t\t\t\t\t\t\t\t\t\t<\/a>\n\t\t\t\t\t\t\t<a class=\"e-gallery-item elementor-gallery-item elementor-animated-content\" href=\"https:\/\/bucurestizoo.ro\/wp-content\/uploads\/2025\/03\/Gasca-Hawaiiana-dt_1-Large.jpeg\" data-elementor-open-lightbox=\"yes\" data-elementor-lightbox-slideshow=\"26d671a1\" data-elementor-lightbox-title=\"Ga\u0302sca Hawaiiana\u0306 dt_1 Large\" data-e-action-hash=\"#elementor-action%3Aaction%3Dlightbox%26settings%3DeyJpZCI6MTM4MDEsInVybCI6Imh0dHBzOlwvXC9idWN1cmVzdGl6b28ucm9cL3dwLWNvbnRlbnRcL3VwbG9hZHNcLzIwMjVcLzAzXC9HYXNjYS1IYXdhaWlhbmEtZHRfMS1MYXJnZS5qcGVnIiwic2xpZGVzaG93IjoiMjZkNjcxYTEifQ%3D%3D\">\n\t\t\t\t\t<div class=\"e-gallery-image elementor-gallery-item__image\" data-thumbnail=\"https:\/\/bucurestizoo.ro\/wp-content\/uploads\/2025\/03\/Gasca-Hawaiiana-dt_1-Large-1024x828.jpeg\" data-width=\"847\" data-height=\"685\" aria-label=\"\" role=\"img\" ><\/div>\n\t\t\t\t\t\t\t\t\t\t\t<div class=\"elementor-gallery-item__overlay\"><\/div>\n\t\t\t\t\t\t\t\t\t\t\t\t\t\t<\/a>\n\t\t\t\t\t<\/div>\n\t\t\t\t\t<\/div>\n\t\t\t\t<\/div>\n\t\t\t\t\t<\/div>\n\t\t\t\t<\/div>\n\t\t<div class=\"elementor-element elementor-element-1b35d6a0 animated-slow e-flex e-con-boxed elementor-invisible e-con e-parent\" data-id=\"1b35d6a0\" data-element_type=\"container\" data-e-type=\"container\" data-settings=\"{&quot;animation&quot;:&quot;fadeInRight&quot;}\">\n\t\t\t\t\t<div class=\"e-con-inner\">\n\t\t\t\t<div class=\"elementor-element elementor-element-5de4af36 elementor-widget elementor-widget-heading\" data-id=\"5de4af36\" data-element_type=\"widget\" data-e-type=\"widget\" data-widget_type=\"heading.default\">\n\t\t\t\t<div class=\"elementor-widget-container\">\n\t\t\t\t\t<h1 class=\"elementor-heading-title elementor-size-default\">Habitat:<\/h1>\t\t\t\t<\/div>\n\t\t\t\t<\/div>\n\t\t\t\t<div class=\"elementor-element elementor-element-5dea4168 elementor-widget elementor-widget-text-editor\" data-id=\"5dea4168\" data-element_type=\"widget\" data-e-type=\"widget\" data-widget_type=\"text-editor.default\">\n\t\t\t\t<div class=\"elementor-widget-container\">\n\t\t\t\t\t\t\t\t\t<p>Spre deosebire de majoritatea speciilor de g\u00e2\u0219te, Nene tr\u0103ie\u0219te \u00een zone vulcanice \u0219i nu este dependent\u0103 de ap\u0103. Prefer\u0103 paji\u0219tile alpine, zonele cu vegeta\u021bie joas\u0103 \u0219i terenurile st\u00e2ncoase. Se hr\u0103ne\u0219te \u00een principal la sol, fiind mai activ\u0103 diminea\u021ba \u0219i seara.<\/p>\t\t\t\t\t\t\t\t<\/div>\n\t\t\t\t<\/div>\n\t\t\t\t\t<\/div>\n\t\t\t\t<\/div>\n\t\t<div class=\"elementor-element elementor-element-4b5e5ae8 e-grid e-con-boxed e-con e-parent\" data-id=\"4b5e5ae8\" data-element_type=\"container\" data-e-type=\"container\">\n\t\t\t\t\t<div class=\"e-con-inner\">\n\t\t<div class=\"elementor-element elementor-element-6cbeba09 e-con-full animated-slow e-flex elementor-invisible e-con e-child\" data-id=\"6cbeba09\" data-element_type=\"container\" data-e-type=\"container\" data-settings=\"{&quot;animation&quot;:&quot;fadeInLeft&quot;}\">\n\t\t\t\t<div class=\"elementor-element elementor-element-2cb4ba3b elementor-widget elementor-widget-heading\" data-id=\"2cb4ba3b\" data-element_type=\"widget\" data-e-type=\"widget\" data-widget_type=\"heading.default\">\n\t\t\t\t<div class=\"elementor-widget-container\">\n\t\t\t\t\t<h1 class=\"elementor-heading-title elementor-size-default\">Hran\u0103:<\/h1>\t\t\t\t<\/div>\n\t\t\t\t<\/div>\n\t\t\t\t<div class=\"elementor-element elementor-element-40ddef9 elementor-widget elementor-widget-text-editor\" data-id=\"40ddef9\" data-element_type=\"widget\" data-e-type=\"widget\" data-widget_type=\"text-editor.default\">\n\t\t\t\t<div class=\"elementor-widget-container\">\n\t\t\t\t\t\t\t\t\t<p>Dieta sa include:<\/p><ul><li>Ierburi \u0219i semin\u021be \u2013 consum\u0103 o varietate de plante native din Hawaii.<\/li><li>Fructe \u0219i flori \u2013 \u00een special cele ale arbu\u0219tilor endemic.<\/li><li>Frunze \u0219i r\u0103d\u0103cini \u2013 ca supliment alimentar.<\/li><\/ul><p>Spre deosebire de alte g\u00e2\u0219te, Nene nu are nevoie de ap\u0103 \u00een apropiere pentru a supravie\u021bui.<\/p>\t\t\t\t\t\t\t\t<\/div>\n\t\t\t\t<\/div>\n\t\t\t\t<\/div>\n\t\t<div class=\"elementor-element elementor-element-10b7f466 e-con-full animated-slow e-flex elementor-invisible e-con e-child\" data-id=\"10b7f466\" data-element_type=\"container\" data-e-type=\"container\" data-settings=\"{&quot;animation&quot;:&quot;fadeInRight&quot;}\">\n\t\t\t\t<div class=\"elementor-element elementor-element-478e77c0 elementor-widget elementor-widget-heading\" data-id=\"478e77c0\" data-element_type=\"widget\" data-e-type=\"widget\" data-widget_type=\"heading.default\">\n\t\t\t\t<div class=\"elementor-widget-container\">\n\t\t\t\t\t<h1 class=\"elementor-heading-title elementor-size-default\">Conservare:<\/h1>\t\t\t\t<\/div>\n\t\t\t\t<\/div>\n\t\t\t\t<div class=\"elementor-element elementor-element-6d5f3cbe elementor-widget elementor-widget-text-editor\" data-id=\"6d5f3cbe\" data-element_type=\"widget\" data-e-type=\"widget\" data-widget_type=\"text-editor.default\">\n\t\t\t\t<div class=\"elementor-widget-container\">\n\t\t\t\t\t\t\t\t\t<p>G\u00e2sca hawaiian\u0103 este clasificat\u0103 ca periclitat\u0103 (EN \u2013 Endangered). \u00cen anii 1950, popula\u021bia ajunsese la doar 30 de indivizi din cauza v\u00e2n\u0103torii \u0219i a pr\u0103d\u0103torilor (manguste, \u0219obolani, c\u00e2ini).<\/p><p>Datorit\u0103 programelor de conservare, popula\u021bia a crescut la aproximativ 3.000 de indivizi. M\u0103surile luate includ:<\/p><ul><li>Programe de reproducere \u00een captivitate \u2013 reintroducerea indivizilor \u00een s\u0103lb\u0103ticie a avut succes.<\/li><li>Controlul pr\u0103d\u0103torilor \u2013 reducerea popula\u021biei de manguste \u0219i alte animale care atac\u0103 ou\u0103le \u0219i puii.<\/li><li>Protejarea habitatului \u2013 restaurarea ecosistemelor naturale din Hawaii.<\/li><\/ul><p>\u00cen prezent, de\u0219i num\u0103rul lor a crescut, r\u0103m\u00e2n vulnerabile din cauza pierderii habitatului \u0219i a schimb\u0103rilor climatice.<\/p>\t\t\t\t\t\t\t\t<\/div>\n\t\t\t\t<\/div>\n\t\t\t\t<\/div>\n\t\t\t\t\t<\/div>\n\t\t\t\t<\/div>\n\t\t\t\t<\/div>","protected":false},"excerpt":{"rendered":"<p>G\u00e2sca Hawaiian\u0103 Denumire \u0219tiin\u021bific\u0103: Branta sandvicensisOrdin: AnseriformesFamilie: AnatidaeGen: BrantaSpecie: Branta sandvicensisDistribu\u021bie: Endemic\u0103 \u00een insulele Hawaii (Big Island, Maui, Kauai)Dimensiuni: 56-71 cm lungime, anvergura aripilor 110-125 cmGreutate: 1,5-2,5 kgPerioada de incuba\u021bie: 28-30 zileNum\u0103r de pui: 3-5 ou\u0103Speran\u021b\u0103 de via\u021b\u0103: 15-25 ani \u00een s\u0103lb\u0103ticie General: G\u00e2sca hawaiian\u0103, cunoscut\u0103 \u0219i sub numele de \u201eNene\u201d, este pas\u0103rea na\u021bional\u0103 a &hellip; <a href=\"https:\/\/bucurestizoo.ro\/en\/gasca-hawaiiana\/\" class=\"more-link\">Continue reading <span class=\"screen-reader-text\">G\u00e2sca Hawaiian\u0103<\/span><\/a><\/p>","protected":false},"author":1,"featured_media":0,"parent":0,"menu_order":0,"comment_status":"closed","ping_status":"closed","template":"","meta":{"_monsterinsights_skip_tracking":false,"_monsterinsights_sitenote_active":false,"_monsterinsights_sitenote_note":"","_monsterinsights_sitenote_category":0,"footnotes":""},"class_list":["post-13802","page","type-page","status-publish","hentry"],"aioseo_notices":[],"_links":{"self":[{"href":"https:\/\/bucurestizoo.ro\/en\/wp-json\/wp\/v2\/pages\/13802","targetHints":{"allow":["GET"]}}],"collection":[{"href":"https:\/\/bucurestizoo.ro\/en\/wp-json\/wp\/v2\/pages"}],"about":[{"href":"https:\/\/bucurestizoo.ro\/en\/wp-json\/wp\/v2\/types\/page"}],"author":[{"embeddable":true,"href":"https:\/\/bucurestizoo.ro\/en\/wp-json\/wp\/v2\/users\/1"}],"replies":[{"embeddable":true,"href":"https:\/\/bucurestizoo.ro\/en\/wp-json\/wp\/v2\/comments?post=13802"}],"version-history":[{"count":7,"href":"https:\/\/bucurestizoo.ro\/en\/wp-json\/wp\/v2\/pages\/13802\/revisions"}],"predecessor-version":[{"id":13812,"href":"https:\/\/bucurestizoo.ro\/en\/wp-json\/wp\/v2\/pages\/13802\/revisions\/13812"}],"wp:attachment":[{"href":"https:\/\/bucurestizoo.ro\/en\/wp-json\/wp\/v2\/media?parent=13802"}],"curies":[{"name":"wp","href":"https:\/\/api.w.org\/{rel}","templated":true}]}}