{"id":13794,"date":"2025-03-07T18:51:44","date_gmt":"2025-03-07T16:51:44","guid":{"rendered":"https:\/\/n1.bucurestizoo.ro\/?page_id=13794"},"modified":"2025-03-07T18:54:33","modified_gmt":"2025-03-07T16:54:33","slug":"gasca-canadiana","status":"publish","type":"page","link":"https:\/\/bucurestizoo.ro\/en\/gasca-canadiana\/","title":{"rendered":"G\u00e2sca Canadian\u0103"},"content":{"rendered":"<div data-elementor-type=\"wp-page\" data-elementor-id=\"13794\" class=\"elementor elementor-13794\" data-elementor-post-type=\"page\">\n\t\t\t\t<div class=\"elementor-element elementor-element-7e7f1722 e-flex e-con-boxed e-con e-parent\" data-id=\"7e7f1722\" data-element_type=\"container\" data-e-type=\"container\" data-settings=\"{&quot;background_background&quot;:&quot;classic&quot;}\">\n\t\t\t\t\t<div class=\"e-con-inner\">\n\t\t<div class=\"elementor-element elementor-element-6870700e e-con-full e-flex e-con e-child\" data-id=\"6870700e\" data-element_type=\"container\" data-e-type=\"container\">\n\t\t<div class=\"elementor-element elementor-element-4305a6a e-con-full animated-slow e-flex elementor-invisible e-con e-child\" data-id=\"4305a6a\" data-element_type=\"container\" data-e-type=\"container\" data-settings=\"{&quot;animation&quot;:&quot;fadeInLeft&quot;}\">\n\t\t\t\t<div class=\"elementor-element elementor-element-d879787 elementor-widget elementor-widget-heading\" data-id=\"d879787\" data-element_type=\"widget\" data-e-type=\"widget\" data-widget_type=\"heading.default\">\n\t\t\t\t<div class=\"elementor-widget-container\">\n\t\t\t\t\t<h1 class=\"elementor-heading-title elementor-size-default\">G\u00e2sca canadian\u0103<\/h1>\t\t\t\t<\/div>\n\t\t\t\t<\/div>\n\t\t\t\t<div class=\"elementor-element elementor-element-15605076 elementor-widget elementor-widget-text-editor\" data-id=\"15605076\" data-element_type=\"widget\" data-e-type=\"widget\" data-widget_type=\"text-editor.default\">\n\t\t\t\t<div class=\"elementor-widget-container\">\n\t\t\t\t\t\t\t\t\t<p><strong>Denumire \u0219tiin\u021bific\u0103:<\/strong> Branta canadensis<br \/><strong>Ordin:<\/strong> Anseriformes<br \/><strong>Familie:<\/strong> Anatidae<br \/><strong>Gen:<\/strong> Branta<br \/><strong>Specie:<\/strong> Branta canadensis<br \/><strong>Distribu\u021bie:<\/strong> America de Nord (Canada, SUA), dar a fost introdus\u0103 \u00een Europa \u0219i Noua Zeeland\u0103<br \/><strong>Dimensiuni:<\/strong> 75-110 cm lungime, anvergura aripilor 127-185 cm<br \/><strong>Greutate:<\/strong> 2,5-6,5 kg (masculii sunt mai mari dec\u00e2t femelele)<br \/><strong>Perioada de incuba\u021bie:<\/strong> 25-28 zile<br \/><strong>Num\u0103r de pui:<\/strong> 4-7 ou\u0103<br \/><strong>Speran\u021b\u0103 de via\u021b\u0103:<\/strong> 10-25 ani \u00een s\u0103lb\u0103ticie<\/p>\t\t\t\t\t\t\t\t<\/div>\n\t\t\t\t<\/div>\n\t\t\t\t<\/div>\n\t\t\t\t<div class=\"elementor-element elementor-element-46c992a2 elementor-widget-tablet__width-inherit animated-slow elementor-invisible elementor-widget elementor-widget-image\" data-id=\"46c992a2\" data-element_type=\"widget\" data-e-type=\"widget\" data-settings=\"{&quot;_animation&quot;:&quot;fadeInRight&quot;}\" data-widget_type=\"image.default\">\n\t\t\t\t<div class=\"elementor-widget-container\">\n\t\t\t\t\t\t\t\t\t\t\t\t\t\t\t<img fetchpriority=\"high\" decoding=\"async\" width=\"847\" height=\"556\" src=\"https:\/\/bucurestizoo.ro\/wp-content\/uploads\/2025\/03\/gasca-canadiana-dt_1-Large-1024x672.jpeg\" class=\"attachment-large size-large wp-image-13791\" alt=\"\" srcset=\"https:\/\/bucurestizoo.ro\/wp-content\/uploads\/2025\/03\/gasca-canadiana-dt_1-Large-1024x672.jpeg 1024w, https:\/\/bucurestizoo.ro\/wp-content\/uploads\/2025\/03\/gasca-canadiana-dt_1-Large-300x197.jpeg 300w, https:\/\/bucurestizoo.ro\/wp-content\/uploads\/2025\/03\/gasca-canadiana-dt_1-Large-768x504.jpeg 768w, https:\/\/bucurestizoo.ro\/wp-content\/uploads\/2025\/03\/gasca-canadiana-dt_1-Large-457x300.jpeg 457w, https:\/\/bucurestizoo.ro\/wp-content\/uploads\/2025\/03\/gasca-canadiana-dt_1-Large-650x427.jpeg 650w, https:\/\/bucurestizoo.ro\/wp-content\/uploads\/2025\/03\/gasca-canadiana-dt_1-Large.jpeg 1280w\" sizes=\"(max-width: 847px) 100vw, 847px\" data-id=\"13791\" \/>\t\t\t\t\t\t\t\t\t\t\t\t\t\t\t<\/div>\n\t\t\t\t<\/div>\n\t\t\t\t<\/div>\n\t\t\t\t\t<\/div>\n\t\t\t\t<\/div>\n\t\t<div class=\"elementor-element elementor-element-209e399e animated-slow e-flex e-con-boxed elementor-invisible e-con e-parent\" data-id=\"209e399e\" data-element_type=\"container\" data-e-type=\"container\" data-settings=\"{&quot;animation&quot;:&quot;fadeInLeft&quot;}\">\n\t\t\t\t\t<div class=\"e-con-inner\">\n\t\t\t\t<div class=\"elementor-element elementor-element-7ffce1d6 elementor-widget elementor-widget-heading\" data-id=\"7ffce1d6\" data-element_type=\"widget\" data-e-type=\"widget\" data-widget_type=\"heading.default\">\n\t\t\t\t<div class=\"elementor-widget-container\">\n\t\t\t\t\t<h1 class=\"elementor-heading-title elementor-size-default\">General:<\/h1>\t\t\t\t<\/div>\n\t\t\t\t<\/div>\n\t\t\t\t<div class=\"elementor-element elementor-element-18dc05bf elementor-widget elementor-widget-text-editor\" data-id=\"18dc05bf\" data-element_type=\"widget\" data-e-type=\"widget\" data-widget_type=\"text-editor.default\">\n\t\t\t\t<div class=\"elementor-widget-container\">\n\t\t\t\t\t\t\t\t\t<p>\u00a0G\u00e2sca canadian\u0103 este una dintre cele mai mari \u0219i mai r\u0103sp\u00e2ndite specii de g\u00e2\u0219te din lume. Este u\u0219or de recunoscut datorit\u0103 capului \u0219i g\u00e2tului negre, marcate de o pat\u0103 alb\u0103 distinctiv\u0103 pe obraji. Corpul este maro-gri, iar burta este albicioas\u0103.<\/p><p>Este o pas\u0103re foarte inteligent\u0103 \u0219i adaptabil\u0103, fiind capabil\u0103 s\u0103 tr\u0103iasc\u0103 at\u00e2t \u00een s\u0103lb\u0103ticie, c\u00e2t \u0219i \u00een zone urbane, unde s-a obi\u0219nuit s\u0103 se hr\u0103neasc\u0103 \u00een parcuri \u0219i terenuri de golf.<\/p><p>Comunicarea este foarte important\u0103 \u00een cadrul grupului, iar g\u00e2\u0219tele canadiene emit o varietate de sunete pentru a semnala pericole sau a-\u0219i men\u021bine contactul \u00een timpul zborului.<\/p>\t\t\t\t\t\t\t\t<\/div>\n\t\t\t\t<\/div>\n\t\t\t\t\t<\/div>\n\t\t\t\t<\/div>\n\t\t<div class=\"elementor-element elementor-element-788c015d e-flex e-con-boxed e-con e-parent\" data-id=\"788c015d\" data-element_type=\"container\" data-e-type=\"container\">\n\t\t\t\t\t<div class=\"e-con-inner\">\n\t\t\t\t<div class=\"elementor-element elementor-element-4bf5ea0b elementor-widget elementor-widget-gallery\" data-id=\"4bf5ea0b\" data-element_type=\"widget\" data-e-type=\"widget\" data-settings=\"{&quot;columns&quot;:2,&quot;lazyload&quot;:&quot;yes&quot;,&quot;gallery_layout&quot;:&quot;grid&quot;,&quot;columns_tablet&quot;:2,&quot;columns_mobile&quot;:1,&quot;gap&quot;:{&quot;unit&quot;:&quot;px&quot;,&quot;size&quot;:10,&quot;sizes&quot;:[]},&quot;gap_tablet&quot;:{&quot;unit&quot;:&quot;px&quot;,&quot;size&quot;:10,&quot;sizes&quot;:[]},&quot;gap_mobile&quot;:{&quot;unit&quot;:&quot;px&quot;,&quot;size&quot;:10,&quot;sizes&quot;:[]},&quot;link_to&quot;:&quot;file&quot;,&quot;aspect_ratio&quot;:&quot;3:2&quot;,&quot;overlay_background&quot;:&quot;yes&quot;,&quot;content_hover_animation&quot;:&quot;fade-in&quot;}\" data-widget_type=\"gallery.default\">\n\t\t\t\t<div class=\"elementor-widget-container\">\n\t\t\t\t\t\t\t<div class=\"elementor-gallery__container\">\n\t\t\t\t\t\t\t<a class=\"e-gallery-item elementor-gallery-item elementor-animated-content\" href=\"https:\/\/bucurestizoo.ro\/wp-content\/uploads\/2025\/03\/gasca-canadiana-dt_2-Large.jpeg\" data-elementor-open-lightbox=\"yes\" data-elementor-lightbox-slideshow=\"4bf5ea0b\" data-elementor-lightbox-title=\"gasca canadiana dt_2 Large\" data-e-action-hash=\"#elementor-action%3Aaction%3Dlightbox%26settings%3DeyJpZCI6MTM3OTIsInVybCI6Imh0dHBzOlwvXC9idWN1cmVzdGl6b28ucm9cL3dwLWNvbnRlbnRcL3VwbG9hZHNcLzIwMjVcLzAzXC9nYXNjYS1jYW5hZGlhbmEtZHRfMi1MYXJnZS5qcGVnIiwic2xpZGVzaG93IjoiNGJmNWVhMGIifQ%3D%3D\">\n\t\t\t\t\t<div class=\"e-gallery-image elementor-gallery-item__image\" data-thumbnail=\"https:\/\/bucurestizoo.ro\/wp-content\/uploads\/2025\/03\/gasca-canadiana-dt_2-Large-1024x606.jpeg\" data-width=\"847\" data-height=\"501\" aria-label=\"\" role=\"img\" ><\/div>\n\t\t\t\t\t\t\t\t\t\t\t<div class=\"elementor-gallery-item__overlay\"><\/div>\n\t\t\t\t\t\t\t\t\t\t\t\t\t\t<\/a>\n\t\t\t\t\t\t\t<a class=\"e-gallery-item elementor-gallery-item elementor-animated-content\" href=\"https:\/\/bucurestizoo.ro\/wp-content\/uploads\/2025\/03\/gasca-canadiana-dt_3-Large.jpeg\" data-elementor-open-lightbox=\"yes\" data-elementor-lightbox-slideshow=\"4bf5ea0b\" data-elementor-lightbox-title=\"gasca canadiana dt_3 Large\" data-e-action-hash=\"#elementor-action%3Aaction%3Dlightbox%26settings%3DeyJpZCI6MTM3OTMsInVybCI6Imh0dHBzOlwvXC9idWN1cmVzdGl6b28ucm9cL3dwLWNvbnRlbnRcL3VwbG9hZHNcLzIwMjVcLzAzXC9nYXNjYS1jYW5hZGlhbmEtZHRfMy1MYXJnZS5qcGVnIiwic2xpZGVzaG93IjoiNGJmNWVhMGIifQ%3D%3D\">\n\t\t\t\t\t<div class=\"e-gallery-image elementor-gallery-item__image\" data-thumbnail=\"https:\/\/bucurestizoo.ro\/wp-content\/uploads\/2025\/03\/gasca-canadiana-dt_3-Large-1024x768.jpeg\" data-width=\"847\" data-height=\"635\" aria-label=\"\" role=\"img\" ><\/div>\n\t\t\t\t\t\t\t\t\t\t\t<div class=\"elementor-gallery-item__overlay\"><\/div>\n\t\t\t\t\t\t\t\t\t\t\t\t\t\t<\/a>\n\t\t\t\t\t<\/div>\n\t\t\t\t\t<\/div>\n\t\t\t\t<\/div>\n\t\t\t\t\t<\/div>\n\t\t\t\t<\/div>\n\t\t<div class=\"elementor-element elementor-element-1269edbc animated-slow e-flex e-con-boxed elementor-invisible e-con e-parent\" data-id=\"1269edbc\" data-element_type=\"container\" data-e-type=\"container\" data-settings=\"{&quot;animation&quot;:&quot;fadeInRight&quot;}\">\n\t\t\t\t\t<div class=\"e-con-inner\">\n\t\t\t\t<div class=\"elementor-element elementor-element-4e73b044 elementor-widget elementor-widget-heading\" data-id=\"4e73b044\" data-element_type=\"widget\" data-e-type=\"widget\" data-widget_type=\"heading.default\">\n\t\t\t\t<div class=\"elementor-widget-container\">\n\t\t\t\t\t<h1 class=\"elementor-heading-title elementor-size-default\">Habitat:<\/h1>\t\t\t\t<\/div>\n\t\t\t\t<\/div>\n\t\t\t\t<div class=\"elementor-element elementor-element-30f6519 elementor-widget elementor-widget-text-editor\" data-id=\"30f6519\" data-element_type=\"widget\" data-e-type=\"widget\" data-widget_type=\"text-editor.default\">\n\t\t\t\t<div class=\"elementor-widget-container\">\n\t\t\t\t\t\t\t\t\t<p>Aceast\u0103 specie prefer\u0103 zonele umede, cum ar fi lacurile, r\u00e2urile \u0219i mla\u0219tinile, dar s-a adaptat cu succes la medii urbane \u0219i agricole. \u00cen America de Nord, g\u00e2\u0219tele canadiene sunt prezente \u00een parcuri, pe malurile r\u00e2urilor \u0219i chiar pe terenurile de golf, unde se hr\u0103nesc cu iarba scurt\u0103. \u00cen timpul migra\u021biei, zboar\u0103 \u00een forma\u021bie de \u201eV\u201d \u0219i pot parcurge distan\u021be impresionante de p\u00e2n\u0103 la 4.000 km \u00eentre zonele de reproducere \u0219i cele de iernare.<\/p>\t\t\t\t\t\t\t\t<\/div>\n\t\t\t\t<\/div>\n\t\t\t\t\t<\/div>\n\t\t\t\t<\/div>\n\t\t<div class=\"elementor-element elementor-element-4e0c4f87 e-grid e-con-boxed e-con e-parent\" data-id=\"4e0c4f87\" data-element_type=\"container\" data-e-type=\"container\">\n\t\t\t\t\t<div class=\"e-con-inner\">\n\t\t<div class=\"elementor-element elementor-element-48229972 e-con-full animated-slow e-flex elementor-invisible e-con e-child\" data-id=\"48229972\" data-element_type=\"container\" data-e-type=\"container\" data-settings=\"{&quot;animation&quot;:&quot;fadeInLeft&quot;}\">\n\t\t\t\t<div class=\"elementor-element elementor-element-4e7d3b7e elementor-widget elementor-widget-heading\" data-id=\"4e7d3b7e\" data-element_type=\"widget\" data-e-type=\"widget\" data-widget_type=\"heading.default\">\n\t\t\t\t<div class=\"elementor-widget-container\">\n\t\t\t\t\t<h1 class=\"elementor-heading-title elementor-size-default\">Hran\u0103:<\/h1>\t\t\t\t<\/div>\n\t\t\t\t<\/div>\n\t\t\t\t<div class=\"elementor-element elementor-element-9572fcd elementor-widget elementor-widget-text-editor\" data-id=\"9572fcd\" data-element_type=\"widget\" data-e-type=\"widget\" data-widget_type=\"text-editor.default\">\n\t\t\t\t<div class=\"elementor-widget-container\">\n\t\t\t\t\t\t\t\t\t<p>G\u00e2sca canadian\u0103 este o pas\u0103re erbivor\u0103, consum\u00e2nd:<\/p><ul><li>Iarb\u0103 \u0219i plante acvatice \u2013 reprezint\u0103 baza dietei \u00een zonele umede.<\/li><li>Cereale \u0219i semin\u021be \u2013 \u00een special pe terenurile agricole, unde se hr\u0103ne\u0219te cu gr\u00e2u, porumb \u0219i orz.<\/li><li>Frunze \u0219i r\u0103d\u0103cini \u2013 mai ales \u00een sezonul rece, c\u00e2nd alte surse de hran\u0103 sunt limitate.<\/li><\/ul><p>\u00cen zonele urbane, g\u00e2\u0219tele canadiene sunt cunoscute pentru obiceiul de a \u201ecer\u0219i\u201d m\u00e2ncare de la oameni, ceea ce poate duce la probleme de s\u0103n\u0103tate pentru ele.<\/p>\t\t\t\t\t\t\t\t<\/div>\n\t\t\t\t<\/div>\n\t\t\t\t<\/div>\n\t\t<div class=\"elementor-element elementor-element-3c43e646 e-con-full animated-slow e-flex elementor-invisible e-con e-child\" data-id=\"3c43e646\" data-element_type=\"container\" data-e-type=\"container\" data-settings=\"{&quot;animation&quot;:&quot;fadeInRight&quot;}\">\n\t\t\t\t<div class=\"elementor-element elementor-element-769b6522 elementor-widget elementor-widget-heading\" data-id=\"769b6522\" data-element_type=\"widget\" data-e-type=\"widget\" data-widget_type=\"heading.default\">\n\t\t\t\t<div class=\"elementor-widget-container\">\n\t\t\t\t\t<h1 class=\"elementor-heading-title elementor-size-default\">Conservare:<\/h1>\t\t\t\t<\/div>\n\t\t\t\t<\/div>\n\t\t\t\t<div class=\"elementor-element elementor-element-59654e36 elementor-widget elementor-widget-text-editor\" data-id=\"59654e36\" data-element_type=\"widget\" data-e-type=\"widget\" data-widget_type=\"text-editor.default\">\n\t\t\t\t<div class=\"elementor-widget-container\">\n\t\t\t\t\t\t\t\t\t<p>Specia este clasificat\u0103 ca nepericlitat\u0103 (LC \u2013 Least Concern), av\u00e2nd o popula\u021bie stabil\u0103 sau chiar \u00een cre\u0219tere \u00een unele regiuni.<\/p><p>\u00cen unele locuri, popula\u021biile de g\u00e2\u0219te canadiene au devenit at\u00e2t de numeroase \u00eenc\u00e2t sunt considerate d\u0103un\u0103toare, deoarece distrug vegeta\u021bia, polueaz\u0103 apa \u0219i pot reprezenta un pericol pentru traficul aerian.<\/p><p>M\u0103surile de gestionare includ:<\/p><ul><li>Controlul popula\u021biei prin relocare sau reducerea accesului la hrana artificial\u0103.<\/li><li>Crearea de habitate alternative pentru a le direc\u021biona spre zone mai pu\u021bin problematice.<\/li><li>Monitorizarea migra\u021biei pentru a preveni conflictele cu avia\u021bia.<\/li><\/ul>\t\t\t\t\t\t\t\t<\/div>\n\t\t\t\t<\/div>\n\t\t\t\t<\/div>\n\t\t\t\t\t<\/div>\n\t\t\t\t<\/div>\n\t\t\t\t<\/div>","protected":false},"excerpt":{"rendered":"<p>G\u00e2sca canadian\u0103 Denumire \u0219tiin\u021bific\u0103: Branta canadensisOrdin: AnseriformesFamilie: AnatidaeGen: BrantaSpecie: Branta canadensisDistribu\u021bie: America de Nord (Canada, SUA), dar a fost introdus\u0103 \u00een Europa \u0219i Noua Zeeland\u0103Dimensiuni: 75-110 cm lungime, anvergura aripilor 127-185 cmGreutate: 2,5-6,5 kg (masculii sunt mai mari dec\u00e2t femelele)Perioada de incuba\u021bie: 25-28 zileNum\u0103r de pui: 4-7 ou\u0103Speran\u021b\u0103 de via\u021b\u0103: 10-25 ani \u00een s\u0103lb\u0103ticie General: &hellip; <a href=\"https:\/\/bucurestizoo.ro\/en\/gasca-canadiana\/\" class=\"more-link\">Continue reading <span class=\"screen-reader-text\">G\u00e2sca Canadian\u0103<\/span><\/a><\/p>","protected":false},"author":1,"featured_media":0,"parent":0,"menu_order":0,"comment_status":"closed","ping_status":"closed","template":"","meta":{"_monsterinsights_skip_tracking":false,"_monsterinsights_sitenote_active":false,"_monsterinsights_sitenote_note":"","_monsterinsights_sitenote_category":0,"footnotes":""},"class_list":["post-13794","page","type-page","status-publish","hentry"],"aioseo_notices":[],"_links":{"self":[{"href":"https:\/\/bucurestizoo.ro\/en\/wp-json\/wp\/v2\/pages\/13794","targetHints":{"allow":["GET"]}}],"collection":[{"href":"https:\/\/bucurestizoo.ro\/en\/wp-json\/wp\/v2\/pages"}],"about":[{"href":"https:\/\/bucurestizoo.ro\/en\/wp-json\/wp\/v2\/types\/page"}],"author":[{"embeddable":true,"href":"https:\/\/bucurestizoo.ro\/en\/wp-json\/wp\/v2\/users\/1"}],"replies":[{"embeddable":true,"href":"https:\/\/bucurestizoo.ro\/en\/wp-json\/wp\/v2\/comments?post=13794"}],"version-history":[{"count":4,"href":"https:\/\/bucurestizoo.ro\/en\/wp-json\/wp\/v2\/pages\/13794\/revisions"}],"predecessor-version":[{"id":13798,"href":"https:\/\/bucurestizoo.ro\/en\/wp-json\/wp\/v2\/pages\/13794\/revisions\/13798"}],"wp:attachment":[{"href":"https:\/\/bucurestizoo.ro\/en\/wp-json\/wp\/v2\/media?parent=13794"}],"curies":[{"name":"wp","href":"https:\/\/api.w.org\/{rel}","templated":true}]}}