{"id":13779,"date":"2025-03-07T18:31:59","date_gmt":"2025-03-07T16:31:59","guid":{"rendered":"https:\/\/n1.bucurestizoo.ro\/?page_id=13779"},"modified":"2025-03-07T18:36:18","modified_gmt":"2025-03-07T16:36:18","slug":"gasca-cu-gat-rosu","status":"publish","type":"page","link":"https:\/\/bucurestizoo.ro\/en\/gasca-cu-gat-rosu\/","title":{"rendered":"G\u00e2sca cu G\u00e2t Ro\u0219u"},"content":{"rendered":"<div data-elementor-type=\"wp-page\" data-elementor-id=\"13779\" class=\"elementor elementor-13779\" data-elementor-post-type=\"page\">\n\t\t\t\t<div class=\"elementor-element elementor-element-7387538b e-flex e-con-boxed e-con e-parent\" data-id=\"7387538b\" data-element_type=\"container\" data-e-type=\"container\" data-settings=\"{&quot;background_background&quot;:&quot;classic&quot;}\">\n\t\t\t\t\t<div class=\"e-con-inner\">\n\t\t<div class=\"elementor-element elementor-element-33f1ea79 e-con-full e-flex e-con e-child\" data-id=\"33f1ea79\" data-element_type=\"container\" data-e-type=\"container\">\n\t\t<div class=\"elementor-element elementor-element-1e21e8a e-con-full animated-slow e-flex elementor-invisible e-con e-child\" data-id=\"1e21e8a\" data-element_type=\"container\" data-e-type=\"container\" data-settings=\"{&quot;animation&quot;:&quot;fadeInLeft&quot;}\">\n\t\t\t\t<div class=\"elementor-element elementor-element-667cc5f8 elementor-widget elementor-widget-heading\" data-id=\"667cc5f8\" data-element_type=\"widget\" data-e-type=\"widget\" data-widget_type=\"heading.default\">\n\t\t\t\t<div class=\"elementor-widget-container\">\n\t\t\t\t\t<h1 class=\"elementor-heading-title elementor-size-default\">G\u00e2sca cu G\u00e2t Ro\u0219u<\/h1>\t\t\t\t<\/div>\n\t\t\t\t<\/div>\n\t\t\t\t<div class=\"elementor-element elementor-element-54adbfea elementor-widget elementor-widget-text-editor\" data-id=\"54adbfea\" data-element_type=\"widget\" data-e-type=\"widget\" data-widget_type=\"text-editor.default\">\n\t\t\t\t<div class=\"elementor-widget-container\">\n\t\t\t\t\t\t\t\t\t<p><strong>Denumire \u0219tiin\u021bific\u0103:<\/strong> Branta ruficollis<br \/><strong>Ordin:<\/strong> Anseriformes<br \/><strong>Familie:<\/strong> Anatidae<br \/><strong>Gen:<\/strong> Branta<br \/><strong>Specie:<\/strong> Branta ruficollis<br \/><strong>Distribu\u021bie:<\/strong> Cuib\u0103re\u0219te \u00een Siberia, \u00een zona peninsulei Taimyr, \u0219i migreaz\u0103 \u00een sud-estul Europei (Rom\u00e2nia, Bulgaria, Ucraina) \u0219i Asia de Vest pentru iernat<br \/><strong>Dimensiuni:<\/strong> 53-56 cm lungime, anvergura aripilor 116-135 cm<br \/><strong>Greutate:<\/strong> 1,2-1,6 kg<br \/><strong>Perioada de incuba\u021bie:<\/strong> 23-25 zile<br \/><strong>Num\u0103r de pui:<\/strong> 3-7 ou\u0103<br \/><strong>Speran\u021b\u0103 de via\u021b\u0103:<\/strong> 10-15 ani \u00een s\u0103lb\u0103ticie<\/p>\t\t\t\t\t\t\t\t<\/div>\n\t\t\t\t<\/div>\n\t\t\t\t<\/div>\n\t\t\t\t<div class=\"elementor-element elementor-element-1ca73d0b elementor-widget-tablet__width-inherit animated-slow elementor-invisible elementor-widget elementor-widget-image\" data-id=\"1ca73d0b\" data-element_type=\"widget\" data-e-type=\"widget\" data-settings=\"{&quot;_animation&quot;:&quot;fadeInRight&quot;}\" data-widget_type=\"image.default\">\n\t\t\t\t<div class=\"elementor-widget-container\">\n\t\t\t\t\t\t\t\t\t\t\t\t\t\t\t<img fetchpriority=\"high\" decoding=\"async\" width=\"847\" height=\"677\" src=\"https:\/\/bucurestizoo.ro\/wp-content\/uploads\/2025\/03\/gasca-cu-gat-rosu-dt_1-e1741365302610-1024x818.jpeg\" class=\"attachment-large size-large wp-image-13781\" alt=\"\" srcset=\"https:\/\/bucurestizoo.ro\/wp-content\/uploads\/2025\/03\/gasca-cu-gat-rosu-dt_1-e1741365302610-1024x818.jpeg 1024w, https:\/\/bucurestizoo.ro\/wp-content\/uploads\/2025\/03\/gasca-cu-gat-rosu-dt_1-e1741365302610-300x240.jpeg 300w, https:\/\/bucurestizoo.ro\/wp-content\/uploads\/2025\/03\/gasca-cu-gat-rosu-dt_1-e1741365302610-768x614.jpeg 768w, https:\/\/bucurestizoo.ro\/wp-content\/uploads\/2025\/03\/gasca-cu-gat-rosu-dt_1-e1741365302610-1536x1228.jpeg 1536w, https:\/\/bucurestizoo.ro\/wp-content\/uploads\/2025\/03\/gasca-cu-gat-rosu-dt_1-e1741365302610-375x300.jpeg 375w, https:\/\/bucurestizoo.ro\/wp-content\/uploads\/2025\/03\/gasca-cu-gat-rosu-dt_1-e1741365302610-638x510.jpeg 638w, https:\/\/bucurestizoo.ro\/wp-content\/uploads\/2025\/03\/gasca-cu-gat-rosu-dt_1-e1741365302610.jpeg 1937w\" sizes=\"(max-width: 847px) 100vw, 847px\" data-id=\"13781\" \/>\t\t\t\t\t\t\t\t\t\t\t\t\t\t\t<\/div>\n\t\t\t\t<\/div>\n\t\t\t\t<\/div>\n\t\t\t\t\t<\/div>\n\t\t\t\t<\/div>\n\t\t<div class=\"elementor-element elementor-element-5b1d5bd4 animated-slow e-flex e-con-boxed elementor-invisible e-con e-parent\" data-id=\"5b1d5bd4\" data-element_type=\"container\" data-e-type=\"container\" data-settings=\"{&quot;animation&quot;:&quot;fadeInLeft&quot;}\">\n\t\t\t\t\t<div class=\"e-con-inner\">\n\t\t\t\t<div class=\"elementor-element elementor-element-19367c3f elementor-widget elementor-widget-heading\" data-id=\"19367c3f\" data-element_type=\"widget\" data-e-type=\"widget\" data-widget_type=\"heading.default\">\n\t\t\t\t<div class=\"elementor-widget-container\">\n\t\t\t\t\t<h1 class=\"elementor-heading-title elementor-size-default\">General:<\/h1>\t\t\t\t<\/div>\n\t\t\t\t<\/div>\n\t\t\t\t<div class=\"elementor-element elementor-element-1c72c6fb elementor-widget elementor-widget-text-editor\" data-id=\"1c72c6fb\" data-element_type=\"widget\" data-e-type=\"widget\" data-widget_type=\"text-editor.default\">\n\t\t\t\t<div class=\"elementor-widget-container\">\n\t\t\t\t\t\t\t\t\t<p>G\u00e2sca cu g\u00e2t ro\u0219u este una dintre cele mai frumoase specii de g\u00e2\u0219te, av\u00e2nd un colorit spectaculos: g\u00e2tul \u0219i partea superioar\u0103 a pieptului sunt ro\u0219ii, capul este negru cu pete albe, iar spatele \u0219i aripile sunt predominant negre cu margini albe. Este o specie migratoare \u0219i una dintre cele mai mici g\u00e2\u0219te din genul Branta.<\/p><p>Este o pas\u0103re foarte alert\u0103 \u0219i ager\u0103, ceea ce o ajut\u0103 s\u0103 evite pr\u0103d\u0103torii, dar o face \u0219i dificil de observat \u00een s\u0103lb\u0103ticie. Formeaz\u0103 grupuri mari \u00een timpul migra\u021biei \u0219i iern\u0103rii, adesea asociindu-se cu alte specii de g\u00e2\u0219te, cum ar fi g\u00e2sca de sem\u0103n\u0103tur\u0103 (Anser fabalis).<\/p>\t\t\t\t\t\t\t\t<\/div>\n\t\t\t\t<\/div>\n\t\t\t\t\t<\/div>\n\t\t\t\t<\/div>\n\t\t<div class=\"elementor-element elementor-element-263c4f29 e-flex e-con-boxed e-con e-parent\" data-id=\"263c4f29\" data-element_type=\"container\" data-e-type=\"container\">\n\t\t\t\t\t<div class=\"e-con-inner\">\n\t\t\t\t<div class=\"elementor-element elementor-element-53dc4421 elementor-widget elementor-widget-gallery\" data-id=\"53dc4421\" data-element_type=\"widget\" data-e-type=\"widget\" data-settings=\"{&quot;columns&quot;:2,&quot;lazyload&quot;:&quot;yes&quot;,&quot;gallery_layout&quot;:&quot;grid&quot;,&quot;columns_tablet&quot;:2,&quot;columns_mobile&quot;:1,&quot;gap&quot;:{&quot;unit&quot;:&quot;px&quot;,&quot;size&quot;:10,&quot;sizes&quot;:[]},&quot;gap_tablet&quot;:{&quot;unit&quot;:&quot;px&quot;,&quot;size&quot;:10,&quot;sizes&quot;:[]},&quot;gap_mobile&quot;:{&quot;unit&quot;:&quot;px&quot;,&quot;size&quot;:10,&quot;sizes&quot;:[]},&quot;link_to&quot;:&quot;file&quot;,&quot;aspect_ratio&quot;:&quot;3:2&quot;,&quot;overlay_background&quot;:&quot;yes&quot;,&quot;content_hover_animation&quot;:&quot;fade-in&quot;}\" data-widget_type=\"gallery.default\">\n\t\t\t\t<div class=\"elementor-widget-container\">\n\t\t\t\t\t\t\t<div class=\"elementor-gallery__container\">\n\t\t\t\t\t\t\t<a class=\"e-gallery-item elementor-gallery-item elementor-animated-content\" href=\"https:\/\/bucurestizoo.ro\/wp-content\/uploads\/2025\/03\/gasca-cu-gat-rosu-dt_3.jpeg\" data-elementor-open-lightbox=\"yes\" data-elementor-lightbox-slideshow=\"53dc4421\" data-elementor-lightbox-title=\"gasca cu gat rosu dt_3\" data-e-action-hash=\"#elementor-action%3Aaction%3Dlightbox%26settings%3DeyJpZCI6MTM3ODMsInVybCI6Imh0dHBzOlwvXC9idWN1cmVzdGl6b28ucm9cL3dwLWNvbnRlbnRcL3VwbG9hZHNcLzIwMjVcLzAzXC9nYXNjYS1jdS1nYXQtcm9zdS1kdF8zLmpwZWciLCJzbGlkZXNob3ciOiI1M2RjNDQyMSJ9\">\n\t\t\t\t\t<div class=\"e-gallery-image elementor-gallery-item__image\" data-thumbnail=\"https:\/\/bucurestizoo.ro\/wp-content\/uploads\/2025\/03\/gasca-cu-gat-rosu-dt_3-1024x683.jpeg\" data-width=\"847\" data-height=\"565\" aria-label=\"\" role=\"img\" ><\/div>\n\t\t\t\t\t\t\t\t\t\t\t<div class=\"elementor-gallery-item__overlay\"><\/div>\n\t\t\t\t\t\t\t\t\t\t\t\t\t\t<\/a>\n\t\t\t\t\t\t\t<a class=\"e-gallery-item elementor-gallery-item elementor-animated-content\" href=\"https:\/\/bucurestizoo.ro\/wp-content\/uploads\/2025\/03\/gasca-cu-gat-rosu-dt_2.jpeg\" data-elementor-open-lightbox=\"yes\" data-elementor-lightbox-slideshow=\"53dc4421\" data-elementor-lightbox-title=\"gasca cu gat rosu dt_2\" data-e-action-hash=\"#elementor-action%3Aaction%3Dlightbox%26settings%3DeyJpZCI6MTM3ODIsInVybCI6Imh0dHBzOlwvXC9idWN1cmVzdGl6b28ucm9cL3dwLWNvbnRlbnRcL3VwbG9hZHNcLzIwMjVcLzAzXC9nYXNjYS1jdS1nYXQtcm9zdS1kdF8yLmpwZWciLCJzbGlkZXNob3ciOiI1M2RjNDQyMSJ9\">\n\t\t\t\t\t<div class=\"e-gallery-image elementor-gallery-item__image\" data-thumbnail=\"https:\/\/bucurestizoo.ro\/wp-content\/uploads\/2025\/03\/gasca-cu-gat-rosu-dt_2-1024x683.jpeg\" data-width=\"847\" data-height=\"565\" aria-label=\"\" role=\"img\" ><\/div>\n\t\t\t\t\t\t\t\t\t\t\t<div class=\"elementor-gallery-item__overlay\"><\/div>\n\t\t\t\t\t\t\t\t\t\t\t\t\t\t<\/a>\n\t\t\t\t\t<\/div>\n\t\t\t\t\t<\/div>\n\t\t\t\t<\/div>\n\t\t\t\t\t<\/div>\n\t\t\t\t<\/div>\n\t\t<div class=\"elementor-element elementor-element-29061f4b animated-slow e-flex e-con-boxed elementor-invisible e-con e-parent\" data-id=\"29061f4b\" data-element_type=\"container\" data-e-type=\"container\" data-settings=\"{&quot;animation&quot;:&quot;fadeInRight&quot;}\">\n\t\t\t\t\t<div class=\"e-con-inner\">\n\t\t\t\t<div class=\"elementor-element elementor-element-596abc46 elementor-widget elementor-widget-heading\" data-id=\"596abc46\" data-element_type=\"widget\" data-e-type=\"widget\" data-widget_type=\"heading.default\">\n\t\t\t\t<div class=\"elementor-widget-container\">\n\t\t\t\t\t<h1 class=\"elementor-heading-title elementor-size-default\">Habitat:<\/h1>\t\t\t\t<\/div>\n\t\t\t\t<\/div>\n\t\t\t\t<div class=\"elementor-element elementor-element-543cfb3 elementor-widget elementor-widget-text-editor\" data-id=\"543cfb3\" data-element_type=\"widget\" data-e-type=\"widget\" data-widget_type=\"text-editor.default\">\n\t\t\t\t<div class=\"elementor-widget-container\">\n\t\t\t\t\t\t\t\t\t<p>\u00cen perioada de reproducere, aceast\u0103 specie prefer\u0103 tundra arctic\u0103, unde cuib\u0103re\u0219te aproape exclusiv \u00een apropierea cuiburilor \u0219oimilor dun\u0103reni (Falco peregrinus). Aceast\u0103 strategie reduce riscul atacurilor din partea vulpilor arctice, care evit\u0103 s\u0103 se apropie de pr\u0103d\u0103torii aerieni. \u00cen timpul iernii, g\u00e2sca cu g\u00e2t ro\u0219u se deplaseaz\u0103 spre zone mai calde, aleg\u00e2nd c\u00e2mpii joase, terenuri agricole, mla\u0219tini s\u0103rate \u0219i lacuri cu vegeta\u021bie bogat\u0103.<\/p>\t\t\t\t\t\t\t\t<\/div>\n\t\t\t\t<\/div>\n\t\t\t\t\t<\/div>\n\t\t\t\t<\/div>\n\t\t<div class=\"elementor-element elementor-element-578aa3a1 e-grid e-con-boxed e-con e-parent\" data-id=\"578aa3a1\" data-element_type=\"container\" data-e-type=\"container\">\n\t\t\t\t\t<div class=\"e-con-inner\">\n\t\t<div class=\"elementor-element elementor-element-5fd9dd91 e-con-full animated-slow e-flex elementor-invisible e-con e-child\" data-id=\"5fd9dd91\" data-element_type=\"container\" data-e-type=\"container\" data-settings=\"{&quot;animation&quot;:&quot;fadeInLeft&quot;}\">\n\t\t\t\t<div class=\"elementor-element elementor-element-3120ca9c elementor-widget elementor-widget-heading\" data-id=\"3120ca9c\" data-element_type=\"widget\" data-e-type=\"widget\" data-widget_type=\"heading.default\">\n\t\t\t\t<div class=\"elementor-widget-container\">\n\t\t\t\t\t<h1 class=\"elementor-heading-title elementor-size-default\">Hran\u0103:<\/h1>\t\t\t\t<\/div>\n\t\t\t\t<\/div>\n\t\t\t\t<div class=\"elementor-element elementor-element-76cffa49 elementor-widget elementor-widget-text-editor\" data-id=\"76cffa49\" data-element_type=\"widget\" data-e-type=\"widget\" data-widget_type=\"text-editor.default\">\n\t\t\t\t<div class=\"elementor-widget-container\">\n\t\t\t\t\t\t\t\t\t<p>Dieta sa este strict erbivor\u0103 \u0219i variaz\u0103 \u00een func\u021bie de sezon:<\/p><ul><li>Vara, \u00een tundra arctic\u0103, consum\u0103 ierburi, frunze, mu\u0219chi \u0219i licheni.<\/li><li>Iarna, \u00een zonele de iernare din Europa \u0219i Asia, se hr\u0103ne\u0219te cu semin\u021be, ierburi, r\u0103d\u0103cini \u0219i culturi agricole, precum orz, gr\u00e2u \u0219i rapi\u021b\u0103.<\/li><\/ul><p>G\u00e2\u0219tele cu g\u00e2t ro\u0219u sunt foarte active pe terenurile agricole, iar fermierii din regiunile de iernare le consider\u0103 uneori d\u0103un\u0103toare pentru culturi.<\/p>\t\t\t\t\t\t\t\t<\/div>\n\t\t\t\t<\/div>\n\t\t\t\t<\/div>\n\t\t<div class=\"elementor-element elementor-element-2f711ef7 e-con-full animated-slow e-flex elementor-invisible e-con e-child\" data-id=\"2f711ef7\" data-element_type=\"container\" data-e-type=\"container\" data-settings=\"{&quot;animation&quot;:&quot;fadeInRight&quot;}\">\n\t\t\t\t<div class=\"elementor-element elementor-element-274460da elementor-widget elementor-widget-heading\" data-id=\"274460da\" data-element_type=\"widget\" data-e-type=\"widget\" data-widget_type=\"heading.default\">\n\t\t\t\t<div class=\"elementor-widget-container\">\n\t\t\t\t\t<h1 class=\"elementor-heading-title elementor-size-default\">Conservare:<\/h1>\t\t\t\t<\/div>\n\t\t\t\t<\/div>\n\t\t\t\t<div class=\"elementor-element elementor-element-2ccb1b0b elementor-widget elementor-widget-text-editor\" data-id=\"2ccb1b0b\" data-element_type=\"widget\" data-e-type=\"widget\" data-widget_type=\"text-editor.default\">\n\t\t\t\t<div class=\"elementor-widget-container\">\n\t\t\t\t\t\t\t\t\t<p>Specia este considerat\u0103 vulnerabil\u0103 (VU) conform Listei Ro\u0219ii IUCN, din cauza sc\u0103derii num\u0103rului de indivizi \u00een ultimele decenii. Principalele amenin\u021b\u0103ri includ:<\/p><ul><li>Distrugerea habitatului \u2013 at\u00e2t \u00een zona de reproducere, c\u00e2t \u0219i \u00een cea de iernare, din cauza schimb\u0103rilor climatice \u0219i agriculturii intensive.<\/li><li>Braconajul \u2013 de\u0219i specia este protejat\u0103, \u00eenc\u0103 exist\u0103 cazuri de v\u00e2n\u0103toare ilegal\u0103.<\/li><li>Deranjul cauzat de activit\u0103\u021bile umane \u2013 \u00een special \u00een zonele de iernare, unde p\u0103s\u0103rile sunt deseori alungate de pe terenurile agricole.<\/li><\/ul><p>M\u0103surile de conservare includ protejarea habitatelor critice, monitorizarea popula\u021biei prin inelare \u0219i limitarea v\u00e2n\u0103torii \u00een regiunile de migra\u021bie.<\/p>\t\t\t\t\t\t\t\t<\/div>\n\t\t\t\t<\/div>\n\t\t\t\t<\/div>\n\t\t\t\t\t<\/div>\n\t\t\t\t<\/div>\n\t\t\t\t<\/div>","protected":false},"excerpt":{"rendered":"<p>G\u00e2sca cu G\u00e2t Ro\u0219u Denumire \u0219tiin\u021bific\u0103: Branta ruficollisOrdin: AnseriformesFamilie: AnatidaeGen: BrantaSpecie: Branta ruficollisDistribu\u021bie: Cuib\u0103re\u0219te \u00een Siberia, \u00een zona peninsulei Taimyr, \u0219i migreaz\u0103 \u00een sud-estul Europei (Rom\u00e2nia, Bulgaria, Ucraina) \u0219i Asia de Vest pentru iernatDimensiuni: 53-56 cm lungime, anvergura aripilor 116-135 cmGreutate: 1,2-1,6 kgPerioada de incuba\u021bie: 23-25 zileNum\u0103r de pui: 3-7 ou\u0103Speran\u021b\u0103 de via\u021b\u0103: 10-15 ani &hellip; <a href=\"https:\/\/bucurestizoo.ro\/en\/gasca-cu-gat-rosu\/\" class=\"more-link\">Continue reading <span class=\"screen-reader-text\">G\u00e2sca cu G\u00e2t Ro\u0219u<\/span><\/a><\/p>","protected":false},"author":1,"featured_media":0,"parent":0,"menu_order":0,"comment_status":"closed","ping_status":"closed","template":"","meta":{"_monsterinsights_skip_tracking":false,"_monsterinsights_sitenote_active":false,"_monsterinsights_sitenote_note":"","_monsterinsights_sitenote_category":0,"footnotes":""},"class_list":["post-13779","page","type-page","status-publish","hentry"],"aioseo_notices":[],"_links":{"self":[{"href":"https:\/\/bucurestizoo.ro\/en\/wp-json\/wp\/v2\/pages\/13779","targetHints":{"allow":["GET"]}}],"collection":[{"href":"https:\/\/bucurestizoo.ro\/en\/wp-json\/wp\/v2\/pages"}],"about":[{"href":"https:\/\/bucurestizoo.ro\/en\/wp-json\/wp\/v2\/types\/page"}],"author":[{"embeddable":true,"href":"https:\/\/bucurestizoo.ro\/en\/wp-json\/wp\/v2\/users\/1"}],"replies":[{"embeddable":true,"href":"https:\/\/bucurestizoo.ro\/en\/wp-json\/wp\/v2\/comments?post=13779"}],"version-history":[{"count":4,"href":"https:\/\/bucurestizoo.ro\/en\/wp-json\/wp\/v2\/pages\/13779\/revisions"}],"predecessor-version":[{"id":13789,"href":"https:\/\/bucurestizoo.ro\/en\/wp-json\/wp\/v2\/pages\/13779\/revisions\/13789"}],"wp:attachment":[{"href":"https:\/\/bucurestizoo.ro\/en\/wp-json\/wp\/v2\/media?parent=13779"}],"curies":[{"name":"wp","href":"https:\/\/api.w.org\/{rel}","templated":true}]}}