{"id":13771,"date":"2025-03-07T18:24:39","date_gmt":"2025-03-07T16:24:39","guid":{"rendered":"https:\/\/n1.bucurestizoo.ro\/?page_id=13771"},"modified":"2025-03-07T18:27:36","modified_gmt":"2025-03-07T16:27:36","slug":"gasca-barnacle","status":"publish","type":"page","link":"https:\/\/bucurestizoo.ro\/en\/gasca-barnacle\/","title":{"rendered":"G\u00e2sca Barnacle"},"content":{"rendered":"<div data-elementor-type=\"wp-page\" data-elementor-id=\"13771\" class=\"elementor elementor-13771\" data-elementor-post-type=\"page\">\n\t\t\t\t<div class=\"elementor-element elementor-element-afc2402 e-flex e-con-boxed e-con e-parent\" data-id=\"afc2402\" data-element_type=\"container\" data-e-type=\"container\" data-settings=\"{&quot;background_background&quot;:&quot;classic&quot;}\">\n\t\t\t\t\t<div class=\"e-con-inner\">\n\t\t<div class=\"elementor-element elementor-element-2392e826 e-con-full e-flex e-con e-child\" data-id=\"2392e826\" data-element_type=\"container\" data-e-type=\"container\">\n\t\t<div class=\"elementor-element elementor-element-5938ccbf e-con-full animated-slow e-flex elementor-invisible e-con e-child\" data-id=\"5938ccbf\" data-element_type=\"container\" data-e-type=\"container\" data-settings=\"{&quot;animation&quot;:&quot;fadeInLeft&quot;}\">\n\t\t\t\t<div class=\"elementor-element elementor-element-1a4c23e4 elementor-widget elementor-widget-heading\" data-id=\"1a4c23e4\" data-element_type=\"widget\" data-e-type=\"widget\" data-widget_type=\"heading.default\">\n\t\t\t\t<div class=\"elementor-widget-container\">\n\t\t\t\t\t<h1 class=\"elementor-heading-title elementor-size-default\">G\u00e2sca Barnacle<\/h1>\t\t\t\t<\/div>\n\t\t\t\t<\/div>\n\t\t\t\t<div class=\"elementor-element elementor-element-6e2dc152 elementor-widget elementor-widget-text-editor\" data-id=\"6e2dc152\" data-element_type=\"widget\" data-e-type=\"widget\" data-widget_type=\"text-editor.default\">\n\t\t\t\t<div class=\"elementor-widget-container\">\n\t\t\t\t\t\t\t\t\t<p><strong>Denumire \u0219tiin\u021bific\u0103:<\/strong> Branta leucopsis<br \/><strong>Ordin:<\/strong> Anseriformes<br \/><strong>Familie:<\/strong> Anatidae<br \/><strong>Gen:<\/strong> Branta<br \/><strong>Specie:<\/strong> Branta leucopsis<br \/><strong>Distribu\u021bie:<\/strong> Nordul Europei, incluz\u00e2nd Insulele Svalbard, Groenlanda \u0219i Rusia arctic\u0103; ierneaz\u0103 \u00een vestul Europei (Marea Britanie, \u021a\u0103rile de Jos, Germania \u0219i Fran\u021ba)<br \/><strong>Dimensiuni:<\/strong> 55-70 cm lungime, anvergura aripilor 130-145 cm<br \/><strong>Greutate:<\/strong> 1,2-2,2 kg<br \/><strong>Perioada de incuba\u021bie:<\/strong> 24-25 zile<br \/><strong>Num\u0103r de pui:<\/strong> 3-5 ou\u0103<br \/><strong>Speran\u021b\u0103 de via\u021b\u0103:<\/strong> 10-20 ani \u00een s\u0103lb\u0103ticie, mai mult \u00een captivitate<\/p>\t\t\t\t\t\t\t\t<\/div>\n\t\t\t\t<\/div>\n\t\t\t\t<\/div>\n\t\t\t\t<div class=\"elementor-element elementor-element-6e016101 elementor-widget-tablet__width-inherit animated-slow elementor-invisible elementor-widget elementor-widget-image\" data-id=\"6e016101\" data-element_type=\"widget\" data-e-type=\"widget\" data-settings=\"{&quot;_animation&quot;:&quot;fadeInRight&quot;}\" data-widget_type=\"image.default\">\n\t\t\t\t<div class=\"elementor-widget-container\">\n\t\t\t\t\t\t\t\t\t\t\t\t\t\t\t<img fetchpriority=\"high\" decoding=\"async\" width=\"847\" height=\"565\" src=\"https:\/\/bucurestizoo.ro\/wp-content\/uploads\/2025\/03\/gasca-barnacle-dt_1-Large-1024x683.jpeg\" class=\"attachment-large size-large wp-image-13775\" alt=\"\" srcset=\"https:\/\/bucurestizoo.ro\/wp-content\/uploads\/2025\/03\/gasca-barnacle-dt_1-Large-1024x683.jpeg 1024w, https:\/\/bucurestizoo.ro\/wp-content\/uploads\/2025\/03\/gasca-barnacle-dt_1-Large-300x200.jpeg 300w, https:\/\/bucurestizoo.ro\/wp-content\/uploads\/2025\/03\/gasca-barnacle-dt_1-Large-768x512.jpeg 768w, https:\/\/bucurestizoo.ro\/wp-content\/uploads\/2025\/03\/gasca-barnacle-dt_1-Large-450x300.jpeg 450w, https:\/\/bucurestizoo.ro\/wp-content\/uploads\/2025\/03\/gasca-barnacle-dt_1-Large-650x434.jpeg 650w, https:\/\/bucurestizoo.ro\/wp-content\/uploads\/2025\/03\/gasca-barnacle-dt_1-Large.jpeg 1280w\" sizes=\"(max-width: 847px) 100vw, 847px\" data-id=\"13775\" \/>\t\t\t\t\t\t\t\t\t\t\t\t\t\t\t<\/div>\n\t\t\t\t<\/div>\n\t\t\t\t<\/div>\n\t\t\t\t\t<\/div>\n\t\t\t\t<\/div>\n\t\t<div class=\"elementor-element elementor-element-273bf078 animated-slow e-flex e-con-boxed elementor-invisible e-con e-parent\" data-id=\"273bf078\" data-element_type=\"container\" data-e-type=\"container\" data-settings=\"{&quot;animation&quot;:&quot;fadeInLeft&quot;}\">\n\t\t\t\t\t<div class=\"e-con-inner\">\n\t\t\t\t<div class=\"elementor-element elementor-element-4549c357 elementor-widget elementor-widget-heading\" data-id=\"4549c357\" data-element_type=\"widget\" data-e-type=\"widget\" data-widget_type=\"heading.default\">\n\t\t\t\t<div class=\"elementor-widget-container\">\n\t\t\t\t\t<h1 class=\"elementor-heading-title elementor-size-default\">General:<\/h1>\t\t\t\t<\/div>\n\t\t\t\t<\/div>\n\t\t\t\t<div class=\"elementor-element elementor-element-15b40950 elementor-widget elementor-widget-text-editor\" data-id=\"15b40950\" data-element_type=\"widget\" data-e-type=\"widget\" data-widget_type=\"text-editor.default\">\n\t\t\t\t<div class=\"elementor-widget-container\">\n\t\t\t\t\t\t\t\t\t<p>G\u00e2sca Barnacle este o pas\u0103re migratoare spectaculoas\u0103, u\u0219or de recunoscut datorit\u0103 capului \u0219i g\u00e2tului negre, obrajilor albi \u0219i corpului cu dungi gri-alb\u0103strui. Are o postur\u0103 elegant\u0103 \u0219i un comportament social activ, form\u00e2nd grupuri mari \u00een timpul migra\u021biei \u0219i sezonului de iernare. Aceast\u0103 specie este renumit\u0103 pentru migra\u021biile sale impresionante, parcurg\u00e2nd mii de kilometri \u00eentre zonele arctice de reproducere \u0219i regiunile temperate unde ierneaz\u0103. O tr\u0103s\u0103tur\u0103 interesant\u0103 a g\u00e2\u0219tei Barnacle este capacitatea sa de a se adapta la condi\u021biile extreme din regiunile arctice. Puii sunt nevoi\u021bi s\u0103 sar\u0103 de pe st\u00e2nci \u00eenalte la scurt timp dup\u0103 eclozare, pentru a ajunge la zonele de hr\u0103nire, un proces periculos \u00een care mul\u021bi dintre ei nu supravie\u021buiesc.<\/p>\t\t\t\t\t\t\t\t<\/div>\n\t\t\t\t<\/div>\n\t\t\t\t\t<\/div>\n\t\t\t\t<\/div>\n\t\t<div class=\"elementor-element elementor-element-2d984848 e-flex e-con-boxed e-con e-parent\" data-id=\"2d984848\" data-element_type=\"container\" data-e-type=\"container\">\n\t\t\t\t\t<div class=\"e-con-inner\">\n\t\t\t\t<div class=\"elementor-element elementor-element-11378acb elementor-widget elementor-widget-gallery\" data-id=\"11378acb\" data-element_type=\"widget\" data-e-type=\"widget\" data-settings=\"{&quot;columns&quot;:2,&quot;lazyload&quot;:&quot;yes&quot;,&quot;gallery_layout&quot;:&quot;grid&quot;,&quot;columns_tablet&quot;:2,&quot;columns_mobile&quot;:1,&quot;gap&quot;:{&quot;unit&quot;:&quot;px&quot;,&quot;size&quot;:10,&quot;sizes&quot;:[]},&quot;gap_tablet&quot;:{&quot;unit&quot;:&quot;px&quot;,&quot;size&quot;:10,&quot;sizes&quot;:[]},&quot;gap_mobile&quot;:{&quot;unit&quot;:&quot;px&quot;,&quot;size&quot;:10,&quot;sizes&quot;:[]},&quot;link_to&quot;:&quot;file&quot;,&quot;aspect_ratio&quot;:&quot;3:2&quot;,&quot;overlay_background&quot;:&quot;yes&quot;,&quot;content_hover_animation&quot;:&quot;fade-in&quot;}\" data-widget_type=\"gallery.default\">\n\t\t\t\t<div class=\"elementor-widget-container\">\n\t\t\t\t\t\t\t<div class=\"elementor-gallery__container\">\n\t\t\t\t\t\t\t<a class=\"e-gallery-item elementor-gallery-item elementor-animated-content\" href=\"https:\/\/bucurestizoo.ro\/wp-content\/uploads\/2025\/03\/gasca-barnacle-dt_3-Large.jpeg\" data-elementor-open-lightbox=\"yes\" data-elementor-lightbox-slideshow=\"11378acb\" data-elementor-lightbox-title=\"gasca barnacle dt_3 Large\" data-e-action-hash=\"#elementor-action%3Aaction%3Dlightbox%26settings%3DeyJpZCI6MTM3NzQsInVybCI6Imh0dHBzOlwvXC9idWN1cmVzdGl6b28ucm9cL3dwLWNvbnRlbnRcL3VwbG9hZHNcLzIwMjVcLzAzXC9nYXNjYS1iYXJuYWNsZS1kdF8zLUxhcmdlLmpwZWciLCJzbGlkZXNob3ciOiIxMTM3OGFjYiJ9\">\n\t\t\t\t\t<div class=\"e-gallery-image elementor-gallery-item__image\" data-thumbnail=\"https:\/\/bucurestizoo.ro\/wp-content\/uploads\/2025\/03\/gasca-barnacle-dt_3-Large-1024x682.jpeg\" data-width=\"847\" data-height=\"564\" aria-label=\"\" role=\"img\" ><\/div>\n\t\t\t\t\t\t\t\t\t\t\t<div class=\"elementor-gallery-item__overlay\"><\/div>\n\t\t\t\t\t\t\t\t\t\t\t\t\t\t<\/a>\n\t\t\t\t\t\t\t<a class=\"e-gallery-item elementor-gallery-item elementor-animated-content\" href=\"https:\/\/bucurestizoo.ro\/wp-content\/uploads\/2025\/03\/gasca-barnacle-dt_2-Large.jpeg\" data-elementor-open-lightbox=\"yes\" data-elementor-lightbox-slideshow=\"11378acb\" data-elementor-lightbox-title=\"gasca barnacle dt_2 Large\" data-e-action-hash=\"#elementor-action%3Aaction%3Dlightbox%26settings%3DeyJpZCI6MTM3NzMsInVybCI6Imh0dHBzOlwvXC9idWN1cmVzdGl6b28ucm9cL3dwLWNvbnRlbnRcL3VwbG9hZHNcLzIwMjVcLzAzXC9nYXNjYS1iYXJuYWNsZS1kdF8yLUxhcmdlLmpwZWciLCJzbGlkZXNob3ciOiIxMTM3OGFjYiJ9\">\n\t\t\t\t\t<div class=\"e-gallery-image elementor-gallery-item__image\" data-thumbnail=\"https:\/\/bucurestizoo.ro\/wp-content\/uploads\/2025\/03\/gasca-barnacle-dt_2-Large-1024x683.jpeg\" data-width=\"847\" data-height=\"565\" aria-label=\"\" role=\"img\" ><\/div>\n\t\t\t\t\t\t\t\t\t\t\t<div class=\"elementor-gallery-item__overlay\"><\/div>\n\t\t\t\t\t\t\t\t\t\t\t\t\t\t<\/a>\n\t\t\t\t\t<\/div>\n\t\t\t\t\t<\/div>\n\t\t\t\t<\/div>\n\t\t\t\t\t<\/div>\n\t\t\t\t<\/div>\n\t\t<div class=\"elementor-element elementor-element-4c02c4bb animated-slow e-flex e-con-boxed elementor-invisible e-con e-parent\" data-id=\"4c02c4bb\" data-element_type=\"container\" data-e-type=\"container\" data-settings=\"{&quot;animation&quot;:&quot;fadeInRight&quot;}\">\n\t\t\t\t\t<div class=\"e-con-inner\">\n\t\t\t\t<div class=\"elementor-element elementor-element-755c4e5e elementor-widget elementor-widget-heading\" data-id=\"755c4e5e\" data-element_type=\"widget\" data-e-type=\"widget\" data-widget_type=\"heading.default\">\n\t\t\t\t<div class=\"elementor-widget-container\">\n\t\t\t\t\t<h1 class=\"elementor-heading-title elementor-size-default\">Habitat:<\/h1>\t\t\t\t<\/div>\n\t\t\t\t<\/div>\n\t\t\t\t<div class=\"elementor-element elementor-element-42578957 elementor-widget elementor-widget-text-editor\" data-id=\"42578957\" data-element_type=\"widget\" data-e-type=\"widget\" data-widget_type=\"text-editor.default\">\n\t\t\t\t<div class=\"elementor-widget-container\">\n\t\t\t\t\t\t\t\t\t<p>\u00a0\u00cen timpul verii, g\u00e2sca Barnacle cuib\u0103re\u0219te \u00een regiunile arctice, prefer\u00e2nd insulele st\u00e2ncoase \u0219i \u021b\u0103rmurile abrupte, unde cuiburile sunt protejate de pr\u0103d\u0103tori. Aceste zone izolate sunt alese strategic pentru a reduce riscul de atac din partea vulpilor arctice \u0219i pesc\u0103ru\u0219ilor polari.\u00cen sezonul rece, migreaz\u0103 c\u0103tre vestul Europei, unde se instaleaz\u0103 \u00een zone umede, paji\u0219ti, mla\u0219tini s\u0103rate \u0219i terenuri agricole. Prefer\u0103 zonele joase cu acces facil la vegeta\u021bie \u0219i ap\u0103.<\/p>\t\t\t\t\t\t\t\t<\/div>\n\t\t\t\t<\/div>\n\t\t\t\t\t<\/div>\n\t\t\t\t<\/div>\n\t\t<div class=\"elementor-element elementor-element-f618952 e-grid e-con-boxed e-con e-parent\" data-id=\"f618952\" data-element_type=\"container\" data-e-type=\"container\">\n\t\t\t\t\t<div class=\"e-con-inner\">\n\t\t<div class=\"elementor-element elementor-element-18ee5ab7 e-con-full animated-slow e-flex elementor-invisible e-con e-child\" data-id=\"18ee5ab7\" data-element_type=\"container\" data-e-type=\"container\" data-settings=\"{&quot;animation&quot;:&quot;fadeInLeft&quot;}\">\n\t\t\t\t<div class=\"elementor-element elementor-element-2cc6758e elementor-widget elementor-widget-heading\" data-id=\"2cc6758e\" data-element_type=\"widget\" data-e-type=\"widget\" data-widget_type=\"heading.default\">\n\t\t\t\t<div class=\"elementor-widget-container\">\n\t\t\t\t\t<h1 class=\"elementor-heading-title elementor-size-default\">Hran\u0103:<\/h1>\t\t\t\t<\/div>\n\t\t\t\t<\/div>\n\t\t\t\t<div class=\"elementor-element elementor-element-44390889 elementor-widget elementor-widget-text-editor\" data-id=\"44390889\" data-element_type=\"widget\" data-e-type=\"widget\" data-widget_type=\"text-editor.default\">\n\t\t\t\t<div class=\"elementor-widget-container\">\n\t\t\t\t\t\t\t\t\t<p>G\u00e2sca Barnacle este o pas\u0103re erbivor\u0103, av\u00e2nd o diet\u0103 variat\u0103 \u00een func\u021bie de sezon:<\/p><p>Vara (\u00een regiunile arctice)<\/p><ul><li>Iarb\u0103 \u0219i licheni \u2013 principala surs\u0103 de hran\u0103 \u00een tundra arctic\u0103<\/li><li>Plante de ap\u0103 dulce \u2013 cum ar fi rogozul \u0219i alte specii acvatice<\/li><li>Mu\u0219chi \u0219i alge \u2013 pentru suplimentarea dietei \u00een zonele st\u00e2ncoase<\/li><\/ul><p>Iarna (\u00een regiunile temperate)<\/p><ul><li>Ierburi \u0219i semin\u021be \u2013 consum\u0103 graminee \u0219i semin\u021bele acestora<\/li><li>Culturi agricole \u2013 prefer\u0103 rapi\u021ba, orzul \u0219i gr\u00e2ul, hr\u0103nindu-se pe terenurile cultivate<\/li><li>Alge marine \u2013 mai ales \u00een zonele de coast\u0103 unde alte surse de hran\u0103 sunt limitate<\/li><\/ul>\t\t\t\t\t\t\t\t<\/div>\n\t\t\t\t<\/div>\n\t\t\t\t<\/div>\n\t\t<div class=\"elementor-element elementor-element-bd3fd69 e-con-full animated-slow e-flex elementor-invisible e-con e-child\" data-id=\"bd3fd69\" data-element_type=\"container\" data-e-type=\"container\" data-settings=\"{&quot;animation&quot;:&quot;fadeInRight&quot;}\">\n\t\t\t\t<div class=\"elementor-element elementor-element-200a40d4 elementor-widget elementor-widget-heading\" data-id=\"200a40d4\" data-element_type=\"widget\" data-e-type=\"widget\" data-widget_type=\"heading.default\">\n\t\t\t\t<div class=\"elementor-widget-container\">\n\t\t\t\t\t<h1 class=\"elementor-heading-title elementor-size-default\">Conservare:<\/h1>\t\t\t\t<\/div>\n\t\t\t\t<\/div>\n\t\t\t\t<div class=\"elementor-element elementor-element-16c978f3 elementor-widget elementor-widget-text-editor\" data-id=\"16c978f3\" data-element_type=\"widget\" data-e-type=\"widget\" data-widget_type=\"text-editor.default\">\n\t\t\t\t<div class=\"elementor-widget-container\">\n\t\t\t\t\t\t\t\t\t<p>De\u0219i g\u00e2sca Barnacle nu este considerat\u0103 o specie periclitat\u0103, popula\u021biile sale au fost afectate \u00een trecut de v\u00e2n\u0103toare \u0219i pierderea habitatelor de iernare. \u00cen prezent, protec\u021bia strict\u0103 \u00een Europa \u0219i interzicerea v\u00e2n\u0103torii \u00een multe \u021b\u0103ri au dus la o cre\u0219tere semnificativ\u0103 a popula\u021biei. Cu toate acestea, schimb\u0103rile climatice reprezint\u0103 o amenin\u021bare pe termen lung, deoarece topirea ghe\u021bii \u0219i modificarea ecosistemelor arctice pot afecta succesul reproducerii.<\/p><p>\u00a0M\u0103suri de conservare implementate:\u00a0 Protejarea zonelor de cuib\u0103rit \u0219i de iernare.,interzicerea v\u00e2n\u0103torii \u00een multe regiuni,\u00a0 monitorizarea migra\u021biilor prin inelare \u0219i tehnologii GPS.\u00a0 \u00cen unele zone, fermierii consider\u0103 g\u00e2\u0219tele Barnacle o problem\u0103, deoarece se hr\u0103nesc cu culturi agricole, \u00eens\u0103 exist\u0103 programe de compensare pentru a reduce conflictele dintre oameni \u0219i p\u0103s\u0103ri. G\u00e2sca Barnacle este o pas\u0103re fascinant\u0103, adaptat\u0103 la unele dintre cele mai dure medii de pe planet\u0103 \u0219i capabil\u0103 de migra\u021bii incredibile.<\/p>\t\t\t\t\t\t\t\t<\/div>\n\t\t\t\t<\/div>\n\t\t\t\t<\/div>\n\t\t\t\t\t<\/div>\n\t\t\t\t<\/div>\n\t\t\t\t<\/div>","protected":false},"excerpt":{"rendered":"<p>G\u00e2sca Barnacle Denumire \u0219tiin\u021bific\u0103: Branta leucopsisOrdin: AnseriformesFamilie: AnatidaeGen: BrantaSpecie: Branta leucopsisDistribu\u021bie: Nordul Europei, incluz\u00e2nd Insulele Svalbard, Groenlanda \u0219i Rusia arctic\u0103; ierneaz\u0103 \u00een vestul Europei (Marea Britanie, \u021a\u0103rile de Jos, Germania \u0219i Fran\u021ba)Dimensiuni: 55-70 cm lungime, anvergura aripilor 130-145 cmGreutate: 1,2-2,2 kgPerioada de incuba\u021bie: 24-25 zileNum\u0103r de pui: 3-5 ou\u0103Speran\u021b\u0103 de via\u021b\u0103: 10-20 ani \u00een s\u0103lb\u0103ticie, &hellip; <a href=\"https:\/\/bucurestizoo.ro\/en\/gasca-barnacle\/\" class=\"more-link\">Continue reading <span class=\"screen-reader-text\">G\u00e2sca Barnacle<\/span><\/a><\/p>","protected":false},"author":1,"featured_media":0,"parent":0,"menu_order":0,"comment_status":"closed","ping_status":"closed","template":"","meta":{"_monsterinsights_skip_tracking":false,"_monsterinsights_sitenote_active":false,"_monsterinsights_sitenote_note":"","_monsterinsights_sitenote_category":0,"footnotes":""},"class_list":["post-13771","page","type-page","status-publish","hentry"],"aioseo_notices":[],"_links":{"self":[{"href":"https:\/\/bucurestizoo.ro\/en\/wp-json\/wp\/v2\/pages\/13771","targetHints":{"allow":["GET"]}}],"collection":[{"href":"https:\/\/bucurestizoo.ro\/en\/wp-json\/wp\/v2\/pages"}],"about":[{"href":"https:\/\/bucurestizoo.ro\/en\/wp-json\/wp\/v2\/types\/page"}],"author":[{"embeddable":true,"href":"https:\/\/bucurestizoo.ro\/en\/wp-json\/wp\/v2\/users\/1"}],"replies":[{"embeddable":true,"href":"https:\/\/bucurestizoo.ro\/en\/wp-json\/wp\/v2\/comments?post=13771"}],"version-history":[{"count":4,"href":"https:\/\/bucurestizoo.ro\/en\/wp-json\/wp\/v2\/pages\/13771\/revisions"}],"predecessor-version":[{"id":13778,"href":"https:\/\/bucurestizoo.ro\/en\/wp-json\/wp\/v2\/pages\/13771\/revisions\/13778"}],"wp:attachment":[{"href":"https:\/\/bucurestizoo.ro\/en\/wp-json\/wp\/v2\/media?parent=13771"}],"curies":[{"name":"wp","href":"https:\/\/api.w.org\/{rel}","templated":true}]}}