{"id":13762,"date":"2025-03-06T18:26:54","date_gmt":"2025-03-06T16:26:54","guid":{"rendered":"https:\/\/n1.bucurestizoo.ro\/?page_id=13762"},"modified":"2025-03-06T18:30:31","modified_gmt":"2025-03-06T16:30:31","slug":"gaina-domestica","status":"publish","type":"page","link":"https:\/\/bucurestizoo.ro\/en\/gaina-domestica\/","title":{"rendered":"G\u0103ina domestic\u0103"},"content":{"rendered":"<div data-elementor-type=\"wp-page\" data-elementor-id=\"13762\" class=\"elementor elementor-13762\" data-elementor-post-type=\"page\">\n\t\t\t\t<div class=\"elementor-element elementor-element-5abd97e8 e-flex e-con-boxed e-con e-parent\" data-id=\"5abd97e8\" data-element_type=\"container\" data-e-type=\"container\" data-settings=\"{&quot;background_background&quot;:&quot;classic&quot;}\">\n\t\t\t\t\t<div class=\"e-con-inner\">\n\t\t<div class=\"elementor-element elementor-element-343b548a e-con-full e-flex e-con e-child\" data-id=\"343b548a\" data-element_type=\"container\" data-e-type=\"container\">\n\t\t<div class=\"elementor-element elementor-element-25156f5c e-con-full animated-slow e-flex elementor-invisible e-con e-child\" data-id=\"25156f5c\" data-element_type=\"container\" data-e-type=\"container\" data-settings=\"{&quot;animation&quot;:&quot;fadeInLeft&quot;}\">\n\t\t\t\t<div class=\"elementor-element elementor-element-9295c61 elementor-widget elementor-widget-heading\" data-id=\"9295c61\" data-element_type=\"widget\" data-e-type=\"widget\" data-widget_type=\"heading.default\">\n\t\t\t\t<div class=\"elementor-widget-container\">\n\t\t\t\t\t<h1 class=\"elementor-heading-title elementor-size-default\">G\u0103ina Domestic\u0103<\/h1>\t\t\t\t<\/div>\n\t\t\t\t<\/div>\n\t\t\t\t<div class=\"elementor-element elementor-element-17a84f5e elementor-widget elementor-widget-text-editor\" data-id=\"17a84f5e\" data-element_type=\"widget\" data-e-type=\"widget\" data-widget_type=\"text-editor.default\">\n\t\t\t\t<div class=\"elementor-widget-container\">\n\t\t\t\t\t\t\t\t\t<p><strong>Denumire \u0219tiin\u021bific\u0103:<\/strong> Gallus gallus domesticus<br \/><strong>Ordin:<\/strong> Galliformes<br \/><strong>Familie:<\/strong> Phasianidae<br \/><strong>Gen:<\/strong> Gallus<br \/><strong>Specie:<\/strong> Gallus gallus domesticus<br \/><strong>Distribu\u021bie:<\/strong> R\u0103sp\u00e2ndit\u0103 pe toate continentele<br \/><strong>Dimensiuni:<\/strong> 25-70 cm lungime, anvergura aripilor 75-85 cm<br \/><strong>Greutate:<\/strong> 0,5-4 kg<br \/><strong>Perioada de incuba\u021bie:<\/strong> 21 zile<br \/><strong>Num\u0103r de pui:<\/strong> 4-12 ou\u0103<br \/><strong>Speran\u021b\u0103 de via\u021b\u0103:<\/strong> 5-10 ani<\/p>\t\t\t\t\t\t\t\t<\/div>\n\t\t\t\t<\/div>\n\t\t\t\t<\/div>\n\t\t\t\t<div class=\"elementor-element elementor-element-438d1cbd elementor-widget-tablet__width-inherit animated-slow elementor-invisible elementor-widget elementor-widget-image\" data-id=\"438d1cbd\" data-element_type=\"widget\" data-e-type=\"widget\" data-settings=\"{&quot;_animation&quot;:&quot;fadeInRight&quot;}\" data-widget_type=\"image.default\">\n\t\t\t\t<div class=\"elementor-widget-container\">\n\t\t\t\t\t\t\t\t\t\t\t\t\t\t\t<img fetchpriority=\"high\" decoding=\"async\" width=\"847\" height=\"564\" src=\"https:\/\/bucurestizoo.ro\/wp-content\/uploads\/2025\/03\/gaina-dt_1-Large-1024x682.jpeg\" class=\"attachment-large size-large wp-image-13766\" alt=\"\" srcset=\"https:\/\/bucurestizoo.ro\/wp-content\/uploads\/2025\/03\/gaina-dt_1-Large-1024x682.jpeg 1024w, https:\/\/bucurestizoo.ro\/wp-content\/uploads\/2025\/03\/gaina-dt_1-Large-300x200.jpeg 300w, https:\/\/bucurestizoo.ro\/wp-content\/uploads\/2025\/03\/gaina-dt_1-Large-768x512.jpeg 768w, https:\/\/bucurestizoo.ro\/wp-content\/uploads\/2025\/03\/gaina-dt_1-Large-450x300.jpeg 450w, https:\/\/bucurestizoo.ro\/wp-content\/uploads\/2025\/03\/gaina-dt_1-Large-650x433.jpeg 650w, https:\/\/bucurestizoo.ro\/wp-content\/uploads\/2025\/03\/gaina-dt_1-Large.jpeg 1280w\" sizes=\"(max-width: 847px) 100vw, 847px\" data-id=\"13766\" \/>\t\t\t\t\t\t\t\t\t\t\t\t\t\t\t<\/div>\n\t\t\t\t<\/div>\n\t\t\t\t<\/div>\n\t\t\t\t\t<\/div>\n\t\t\t\t<\/div>\n\t\t<div class=\"elementor-element elementor-element-26ad267a animated-slow e-flex e-con-boxed elementor-invisible e-con e-parent\" data-id=\"26ad267a\" data-element_type=\"container\" data-e-type=\"container\" data-settings=\"{&quot;animation&quot;:&quot;fadeInLeft&quot;}\">\n\t\t\t\t\t<div class=\"e-con-inner\">\n\t\t\t\t<div class=\"elementor-element elementor-element-6fda5fb9 elementor-widget elementor-widget-heading\" data-id=\"6fda5fb9\" data-element_type=\"widget\" data-e-type=\"widget\" data-widget_type=\"heading.default\">\n\t\t\t\t<div class=\"elementor-widget-container\">\n\t\t\t\t\t<h1 class=\"elementor-heading-title elementor-size-default\">General:<\/h1>\t\t\t\t<\/div>\n\t\t\t\t<\/div>\n\t\t\t\t<div class=\"elementor-element elementor-element-591ad4c elementor-widget elementor-widget-text-editor\" data-id=\"591ad4c\" data-element_type=\"widget\" data-e-type=\"widget\" data-widget_type=\"text-editor.default\">\n\t\t\t\t<div class=\"elementor-widget-container\">\n\t\t\t\t\t\t\t\t\t<p>G\u0103ina domestic\u0103 este una dintre cele mai comune p\u0103s\u0103ri din lume, fiind crescut\u0103 pentru carne \u0219i ou\u0103. Originar\u0103 din Asia de Sud-Est, a fost domesticit\u0103 acum mii de ani. G\u0103ina este o pas\u0103re\u00a0domesticit\u0103, iar sub form\u0103 s\u0103lbatic\u0103 mai tr\u0103ie\u0219te \u00een prezent \u00een\u00a0India. Masculul g\u0103inii se nume\u0219te\u00a0coco\u0219. El este mai mare dec\u00e2t femela, are un penaj multicolor, o creast\u0103 \u0219i b\u0103rbie ro\u0219ie \u0219i pinteni puternici la\u00a0picioare. Unii coco\u0219i pot fi agresivi. Aceste p\u0103s\u0103ri sunt crescute pentru ou\u0103, carne \u0219i, \u00een unele cazuri, pentru aspectul lor ornamental. G\u0103inile sunt animale sociale \u0219i pot forma ierarhii \u00een grupurile lor. Unele rase sunt mai agresive sau teritoriale dec\u00e2t altele. G\u0103ina are semnifica\u021bii simbolice diverse \u00een diferite culturi, fiind asociat\u0103 cu fertilitatea, hrana \u0219i spiritualitatea \u00een multe locuri.<\/p><p>\u00cen anul\u00a02013, la nivel mondial existau aproximativ 52 de miliarde de g\u0103ini, fiind cea mai des \u00eent\u00e2lnit\u0103 pas\u0103re din lume.<\/p>\t\t\t\t\t\t\t\t<\/div>\n\t\t\t\t<\/div>\n\t\t\t\t\t<\/div>\n\t\t\t\t<\/div>\n\t\t<div class=\"elementor-element elementor-element-773cd513 e-flex e-con-boxed e-con e-parent\" data-id=\"773cd513\" data-element_type=\"container\" data-e-type=\"container\">\n\t\t\t\t\t<div class=\"e-con-inner\">\n\t\t\t\t<div class=\"elementor-element elementor-element-4606a03b elementor-widget elementor-widget-gallery\" data-id=\"4606a03b\" data-element_type=\"widget\" data-e-type=\"widget\" data-settings=\"{&quot;columns&quot;:2,&quot;lazyload&quot;:&quot;yes&quot;,&quot;gallery_layout&quot;:&quot;grid&quot;,&quot;columns_tablet&quot;:2,&quot;columns_mobile&quot;:1,&quot;gap&quot;:{&quot;unit&quot;:&quot;px&quot;,&quot;size&quot;:10,&quot;sizes&quot;:[]},&quot;gap_tablet&quot;:{&quot;unit&quot;:&quot;px&quot;,&quot;size&quot;:10,&quot;sizes&quot;:[]},&quot;gap_mobile&quot;:{&quot;unit&quot;:&quot;px&quot;,&quot;size&quot;:10,&quot;sizes&quot;:[]},&quot;link_to&quot;:&quot;file&quot;,&quot;aspect_ratio&quot;:&quot;3:2&quot;,&quot;overlay_background&quot;:&quot;yes&quot;,&quot;content_hover_animation&quot;:&quot;fade-in&quot;}\" data-widget_type=\"gallery.default\">\n\t\t\t\t<div class=\"elementor-widget-container\">\n\t\t\t\t\t\t\t<div class=\"elementor-gallery__container\">\n\t\t\t\t\t\t\t<a class=\"e-gallery-item elementor-gallery-item elementor-animated-content\" href=\"https:\/\/bucurestizoo.ro\/wp-content\/uploads\/2025\/03\/gaina-dt_3-Large.jpeg\" data-elementor-open-lightbox=\"yes\" data-elementor-lightbox-slideshow=\"4606a03b\" data-elementor-lightbox-title=\"gaina dt_3 Large\" data-e-action-hash=\"#elementor-action%3Aaction%3Dlightbox%26settings%3DeyJpZCI6MTM3NjUsInVybCI6Imh0dHBzOlwvXC9idWN1cmVzdGl6b28ucm9cL3dwLWNvbnRlbnRcL3VwbG9hZHNcLzIwMjVcLzAzXC9nYWluYS1kdF8zLUxhcmdlLmpwZWciLCJzbGlkZXNob3ciOiI0NjA2YTAzYiJ9\">\n\t\t\t\t\t<div class=\"e-gallery-image elementor-gallery-item__image\" data-thumbnail=\"https:\/\/bucurestizoo.ro\/wp-content\/uploads\/2025\/03\/gaina-dt_3-Large-1024x563.jpeg\" data-width=\"847\" data-height=\"466\" aria-label=\"\" role=\"img\" ><\/div>\n\t\t\t\t\t\t\t\t\t\t\t<div class=\"elementor-gallery-item__overlay\"><\/div>\n\t\t\t\t\t\t\t\t\t\t\t\t\t\t<\/a>\n\t\t\t\t\t\t\t<a class=\"e-gallery-item elementor-gallery-item elementor-animated-content\" href=\"https:\/\/bucurestizoo.ro\/wp-content\/uploads\/2025\/03\/gaina-dt_2-Large.jpeg\" data-elementor-open-lightbox=\"yes\" data-elementor-lightbox-slideshow=\"4606a03b\" data-elementor-lightbox-title=\"gaina dt_2 Large\" data-e-action-hash=\"#elementor-action%3Aaction%3Dlightbox%26settings%3DeyJpZCI6MTM3NjQsInVybCI6Imh0dHBzOlwvXC9idWN1cmVzdGl6b28ucm9cL3dwLWNvbnRlbnRcL3VwbG9hZHNcLzIwMjVcLzAzXC9nYWluYS1kdF8yLUxhcmdlLmpwZWciLCJzbGlkZXNob3ciOiI0NjA2YTAzYiJ9\">\n\t\t\t\t\t<div class=\"e-gallery-image elementor-gallery-item__image\" data-thumbnail=\"https:\/\/bucurestizoo.ro\/wp-content\/uploads\/2025\/03\/gaina-dt_2-Large-1024x682.jpeg\" data-width=\"847\" data-height=\"564\" aria-label=\"\" role=\"img\" ><\/div>\n\t\t\t\t\t\t\t\t\t\t\t<div class=\"elementor-gallery-item__overlay\"><\/div>\n\t\t\t\t\t\t\t\t\t\t\t\t\t\t<\/a>\n\t\t\t\t\t<\/div>\n\t\t\t\t\t<\/div>\n\t\t\t\t<\/div>\n\t\t\t\t\t<\/div>\n\t\t\t\t<\/div>\n\t\t<div class=\"elementor-element elementor-element-34850b85 animated-slow e-flex e-con-boxed elementor-invisible e-con e-parent\" data-id=\"34850b85\" data-element_type=\"container\" data-e-type=\"container\" data-settings=\"{&quot;animation&quot;:&quot;fadeInRight&quot;}\">\n\t\t\t\t\t<div class=\"e-con-inner\">\n\t\t\t\t<div class=\"elementor-element elementor-element-7feff24b elementor-widget elementor-widget-heading\" data-id=\"7feff24b\" data-element_type=\"widget\" data-e-type=\"widget\" data-widget_type=\"heading.default\">\n\t\t\t\t<div class=\"elementor-widget-container\">\n\t\t\t\t\t<h1 class=\"elementor-heading-title elementor-size-default\">Habitat:<\/h1>\t\t\t\t<\/div>\n\t\t\t\t<\/div>\n\t\t\t\t<div class=\"elementor-element elementor-element-5370f8b4 elementor-widget elementor-widget-text-editor\" data-id=\"5370f8b4\" data-element_type=\"widget\" data-e-type=\"widget\" data-widget_type=\"text-editor.default\">\n\t\t\t\t<div class=\"elementor-widget-container\">\n\t\t\t\t\t\t\t\t\t<p>G\u0103ina domestic\u0103 (Gallus gallus domesticus) tr\u0103ie\u0219te \u00een aproape toate regiunile lumii, gra\u021bie domesticirii sale de c\u0103tre oameni. Aceste p\u0103s\u0103ri pot fi g\u0103site \u00een diverse medii \u0219i climatice, de la zone rurale la suburbii \u0219i chiar ora\u0219e. Cu toate acestea, cele cunoscute sub denumirea de g\u0103ini s\u0103lbatice (Gallus gallus), sunt originare din regiunile de p\u0103dure tropical\u0103 \u0219i subtropical\u0103 din Asia de Sud-Est, cum ar fi India, Malaezia, Indonezia \u0219i China. G\u0103inile domestice sunt extrem de adaptabile \u0219i pot supravie\u021bui \u00eentr-o gam\u0103 larg\u0103 de condi\u021bii. Acestea sunt crescute \u00een gospod\u0103rii, ferme mici \u0219i mari pentru produc\u021bia de ou\u0103 \u0219i carne. \u00cen general, g\u0103inile au nevoie de ad\u0103post \u00eempotriva intemperiilor, hran\u0103 adecvat\u0103 \u0219i ap\u0103 pentru a tr\u0103i \u0219i a se dezvolta \u00een mod s\u0103n\u0103tos. Datorit\u0103 domesticirii \u0219i cre\u0219terii \u00een captivitate, habitatul natural al g\u0103inilor domestice este adesea diferit fa\u021b\u0103 de habitatul p\u0103s\u0103rilor s\u0103lbatice. G\u0103inile domestice sunt adesea crescute \u00een loca\u021bii care s\u0103 ofere siguran\u021b\u0103, hran\u0103 \u0219i acces la ap\u0103, ceea ce le permite s\u0103 tr\u0103iasc\u0103 \u0219i s\u0103 se reproduc\u0103 \u00eentr-un mod controlat \u0219i eficient.<\/p>\t\t\t\t\t\t\t\t<\/div>\n\t\t\t\t<\/div>\n\t\t\t\t\t<\/div>\n\t\t\t\t<\/div>\n\t\t<div class=\"elementor-element elementor-element-496e5058 e-grid e-con-boxed e-con e-parent\" data-id=\"496e5058\" data-element_type=\"container\" data-e-type=\"container\">\n\t\t\t\t\t<div class=\"e-con-inner\">\n\t\t<div class=\"elementor-element elementor-element-ab57630 e-con-full animated-slow e-flex elementor-invisible e-con e-child\" data-id=\"ab57630\" data-element_type=\"container\" data-e-type=\"container\" data-settings=\"{&quot;animation&quot;:&quot;fadeInLeft&quot;}\">\n\t\t\t\t<div class=\"elementor-element elementor-element-43bdac01 elementor-widget elementor-widget-heading\" data-id=\"43bdac01\" data-element_type=\"widget\" data-e-type=\"widget\" data-widget_type=\"heading.default\">\n\t\t\t\t<div class=\"elementor-widget-container\">\n\t\t\t\t\t<h1 class=\"elementor-heading-title elementor-size-default\">Hran\u0103:<\/h1>\t\t\t\t<\/div>\n\t\t\t\t<\/div>\n\t\t\t\t<div class=\"elementor-element elementor-element-5c2440f elementor-widget elementor-widget-text-editor\" data-id=\"5c2440f\" data-element_type=\"widget\" data-e-type=\"widget\" data-widget_type=\"text-editor.default\">\n\t\t\t\t<div class=\"elementor-widget-container\">\n\t\t\t\t\t\t\t\t\t<p>G\u0103inile sunt p\u0103s\u0103ri omnivore, ceea ce \u00eenseamn\u0103 c\u0103 pot consuma o varietate de alimente de origine vegetal\u0103 \u0219i animal\u0103. Dieta lor poate varia \u00een func\u021bie de ras\u0103, v\u00e2rsta \u0219i scopul pentru care sunt crescute (ou\u0103 sau carne). Iat\u0103 o list\u0103 de alimente pe care g\u0103inile le pot consuma:<\/p><ul><li aria-level=\"1\"><b>Cereale \u0219i Semin\u021be<\/b>:Gr\u00e2u, porumb, orz, ov\u0103z \u0219i alte cereale sunt o component\u0103 important\u0103 a dietei g\u0103inilor.<ul><li aria-level=\"2\">Acestea pot fi oferite at\u00e2t crude, c\u00e2t \u0219i fierte.<\/li><\/ul><\/li><li aria-level=\"1\"><b>Legume \u0219i Fructe<\/b>:Legume precum morcovi, varz\u0103, dovleci, maz\u0103re \u0219i altele.Fructele, cum ar fi merele, perele sau pepenele galben, sunt, de asemenea, o op\u021biune.<\/li><li aria-level=\"1\"><b>Resturi Alimentare<\/b>:G\u0103inile pot consuma resturi alimentare neprocesate \u0219i nepreparate din buc\u0103t\u0103rie, cum ar fi coji de legume, p\u00e2ine veche sau resturi de fructe.<\/li><li aria-level=\"1\"><b>Proteine Animale<\/b>:Insectele, viermii, melcii \u0219i alte nevertebrate sunt o surs\u0103 natural\u0103 de proteine pentru g\u0103ini.<ul><li aria-level=\"2\">Anumite g\u0103ini vor v\u00e2na \u0219i consuma astfel de creaturi \u00een mediu.<\/li><\/ul><\/li><li aria-level=\"1\"><b>Ou\u0103 Zdrobite sau Coji de Ou\u0103<\/b>:G\u0103inile pot m\u00e2nca ou\u0103 zdrobite sau coji de ou\u0103 pentru a suplimenta aportul de calciu \u0219i proteine.<\/li><li aria-level=\"1\"><b>Hrana Comercial\u0103 pentru G\u0103ini<\/b>:Exist\u0103 hran\u0103 comercial\u0103, special formulat\u0103 pentru g\u0103ini, care asigur\u0103 to\u021bi nutrien\u021bii necesari. Aceasta poate fi comus\u0103 din granule sau amestecuri de semin\u021be \u0219i cereale.<\/li><li aria-level=\"1\"><b>Nuci \u0219i Semin\u021be Uleioase<\/b>:Unele nuci, precum migdalele \u0219i semin\u021bele uleioase, pot fi oferite g\u0103inilor ca gustare.<\/li><li aria-level=\"1\"><b>Verde\u021buri \u0219i Ierburile<\/b>:Verde\u021burile, cum ar fi spanacul, salata, p\u0103trunjelul \u0219i ierburile proaspete, pot fi incluse \u00een dieta g\u0103inilor.<\/li><li aria-level=\"1\"><b>Suplimente Nutri\u021bionale<\/b>:Pentru g\u0103inile crescute \u00een ferme comerciale, se pot ad\u0103uga suplimente nutri\u021bionale pentru a asigura o diet\u0103 echilibrat\u0103.<\/li><\/ul>\t\t\t\t\t\t\t\t<\/div>\n\t\t\t\t<\/div>\n\t\t\t\t<\/div>\n\t\t<div class=\"elementor-element elementor-element-20214b17 e-con-full animated-slow e-flex elementor-invisible e-con e-child\" data-id=\"20214b17\" data-element_type=\"container\" data-e-type=\"container\" data-settings=\"{&quot;animation&quot;:&quot;fadeInRight&quot;}\">\n\t\t\t\t<div class=\"elementor-element elementor-element-38306b3f elementor-widget elementor-widget-heading\" data-id=\"38306b3f\" data-element_type=\"widget\" data-e-type=\"widget\" data-widget_type=\"heading.default\">\n\t\t\t\t<div class=\"elementor-widget-container\">\n\t\t\t\t\t<h1 class=\"elementor-heading-title elementor-size-default\">Conservare:<\/h1>\t\t\t\t<\/div>\n\t\t\t\t<\/div>\n\t\t\t\t<div class=\"elementor-element elementor-element-44be89e8 elementor-widget elementor-widget-text-editor\" data-id=\"44be89e8\" data-element_type=\"widget\" data-e-type=\"widget\" data-widget_type=\"text-editor.default\">\n\t\t\t\t<div class=\"elementor-widget-container\">\n\t\t\t\t\t\t\t\t\t<p>Nu este o specie amenin\u021bat\u0103.<\/p>\t\t\t\t\t\t\t\t<\/div>\n\t\t\t\t<\/div>\n\t\t\t\t<\/div>\n\t\t\t\t\t<\/div>\n\t\t\t\t<\/div>\n\t\t\t\t<\/div>","protected":false},"excerpt":{"rendered":"<p>G\u0103ina Domestic\u0103 Denumire \u0219tiin\u021bific\u0103: Gallus gallus domesticusOrdin: GalliformesFamilie: PhasianidaeGen: GallusSpecie: Gallus gallus domesticusDistribu\u021bie: R\u0103sp\u00e2ndit\u0103 pe toate continenteleDimensiuni: 25-70 cm lungime, anvergura aripilor 75-85 cmGreutate: 0,5-4 kgPerioada de incuba\u021bie: 21 zileNum\u0103r de pui: 4-12 ou\u0103Speran\u021b\u0103 de via\u021b\u0103: 5-10 ani General: G\u0103ina domestic\u0103 este una dintre cele mai comune p\u0103s\u0103ri din lume, fiind crescut\u0103 pentru carne \u0219i &hellip; <a href=\"https:\/\/bucurestizoo.ro\/en\/gaina-domestica\/\" class=\"more-link\">Continue reading <span class=\"screen-reader-text\">G\u0103ina domestic\u0103<\/span><\/a><\/p>","protected":false},"author":1,"featured_media":0,"parent":0,"menu_order":0,"comment_status":"closed","ping_status":"closed","template":"","meta":{"_monsterinsights_skip_tracking":false,"_monsterinsights_sitenote_active":false,"_monsterinsights_sitenote_note":"","_monsterinsights_sitenote_category":0,"footnotes":""},"class_list":["post-13762","page","type-page","status-publish","hentry"],"aioseo_notices":[],"_links":{"self":[{"href":"https:\/\/bucurestizoo.ro\/en\/wp-json\/wp\/v2\/pages\/13762","targetHints":{"allow":["GET"]}}],"collection":[{"href":"https:\/\/bucurestizoo.ro\/en\/wp-json\/wp\/v2\/pages"}],"about":[{"href":"https:\/\/bucurestizoo.ro\/en\/wp-json\/wp\/v2\/types\/page"}],"author":[{"embeddable":true,"href":"https:\/\/bucurestizoo.ro\/en\/wp-json\/wp\/v2\/users\/1"}],"replies":[{"embeddable":true,"href":"https:\/\/bucurestizoo.ro\/en\/wp-json\/wp\/v2\/comments?post=13762"}],"version-history":[{"count":3,"href":"https:\/\/bucurestizoo.ro\/en\/wp-json\/wp\/v2\/pages\/13762\/revisions"}],"predecessor-version":[{"id":13769,"href":"https:\/\/bucurestizoo.ro\/en\/wp-json\/wp\/v2\/pages\/13762\/revisions\/13769"}],"wp:attachment":[{"href":"https:\/\/bucurestizoo.ro\/en\/wp-json\/wp\/v2\/media?parent=13762"}],"curies":[{"name":"wp","href":"https:\/\/api.w.org\/{rel}","templated":true}]}}