{"id":13745,"date":"2025-03-06T18:11:08","date_gmt":"2025-03-06T16:11:08","guid":{"rendered":"https:\/\/n1.bucurestizoo.ro\/?page_id=13745"},"modified":"2025-03-06T18:13:36","modified_gmt":"2025-03-06T16:13:36","slug":"califar-australian","status":"publish","type":"page","link":"https:\/\/bucurestizoo.ro\/en\/califar-australian\/","title":{"rendered":"Califar Australian"},"content":{"rendered":"<div data-elementor-type=\"wp-page\" data-elementor-id=\"13745\" class=\"elementor elementor-13745\" data-elementor-post-type=\"page\">\n\t\t\t\t<div class=\"elementor-element elementor-element-560e9ff7 e-flex e-con-boxed e-con e-parent\" data-id=\"560e9ff7\" data-element_type=\"container\" data-e-type=\"container\" data-settings=\"{&quot;background_background&quot;:&quot;classic&quot;}\">\n\t\t\t\t\t<div class=\"e-con-inner\">\n\t\t<div class=\"elementor-element elementor-element-6ba189 e-con-full e-flex e-con e-child\" data-id=\"6ba189\" data-element_type=\"container\" data-e-type=\"container\">\n\t\t<div class=\"elementor-element elementor-element-74021358 e-con-full animated-slow e-flex elementor-invisible e-con e-child\" data-id=\"74021358\" data-element_type=\"container\" data-e-type=\"container\" data-settings=\"{&quot;animation&quot;:&quot;fadeInLeft&quot;}\">\n\t\t\t\t<div class=\"elementor-element elementor-element-62e834f elementor-widget elementor-widget-heading\" data-id=\"62e834f\" data-element_type=\"widget\" data-e-type=\"widget\" data-widget_type=\"heading.default\">\n\t\t\t\t<div class=\"elementor-widget-container\">\n\t\t\t\t\t<h1 class=\"elementor-heading-title elementor-size-default\">Califar Australian<\/h1>\t\t\t\t<\/div>\n\t\t\t\t<\/div>\n\t\t\t\t<div class=\"elementor-element elementor-element-225964a5 elementor-widget elementor-widget-text-editor\" data-id=\"225964a5\" data-element_type=\"widget\" data-e-type=\"widget\" data-widget_type=\"text-editor.default\">\n\t\t\t\t<div class=\"elementor-widget-container\">\n\t\t\t\t\t\t\t\t\t<p><strong>Denumire \u0219tiin\u021bific\u0103:<\/strong> Tadorna tadornoides<br \/><strong>Ordin:<\/strong> Anseriformes<br \/><strong>Familie:<\/strong> Anatidae<br \/><strong>Gen:<\/strong> Tadorna<br \/><strong>Specie:<\/strong> Tadorna tadornoides<br \/><strong>Distribu\u021bie:<\/strong> Australia \u0219i Tasmania<br \/><strong>Dimensiuni:<\/strong> 60-70 cm lungime, anvergura aripilor 100-120 cm<br \/><strong>Greutate:<\/strong> 1,0-1,5 kg<br \/><strong>Perioada de incuba\u021bie:<\/strong> 30 zile<br \/><strong>Num\u0103r de pui:<\/strong> 6-10 ou\u0103<br \/><strong>Speran\u021b\u0103 de via\u021b\u0103:<\/strong> 10-15 ani<\/p>\t\t\t\t\t\t\t\t<\/div>\n\t\t\t\t<\/div>\n\t\t\t\t<\/div>\n\t\t\t\t<div class=\"elementor-element elementor-element-10dab11f elementor-widget-tablet__width-inherit animated-slow elementor-invisible elementor-widget elementor-widget-image\" data-id=\"10dab11f\" data-element_type=\"widget\" data-e-type=\"widget\" data-settings=\"{&quot;_animation&quot;:&quot;fadeInRight&quot;}\" data-widget_type=\"image.default\">\n\t\t\t\t<div class=\"elementor-widget-container\">\n\t\t\t\t\t\t\t\t\t\t\t\t\t\t\t<img fetchpriority=\"high\" decoding=\"async\" width=\"847\" height=\"564\" src=\"https:\/\/bucurestizoo.ro\/wp-content\/uploads\/2025\/03\/califar-australian-dt_4-Large-1024x682.jpeg\" class=\"attachment-large size-large wp-image-13740\" alt=\"\" srcset=\"https:\/\/bucurestizoo.ro\/wp-content\/uploads\/2025\/03\/califar-australian-dt_4-Large-1024x682.jpeg 1024w, https:\/\/bucurestizoo.ro\/wp-content\/uploads\/2025\/03\/califar-australian-dt_4-Large-300x200.jpeg 300w, https:\/\/bucurestizoo.ro\/wp-content\/uploads\/2025\/03\/califar-australian-dt_4-Large-768x512.jpeg 768w, https:\/\/bucurestizoo.ro\/wp-content\/uploads\/2025\/03\/califar-australian-dt_4-Large-450x300.jpeg 450w, https:\/\/bucurestizoo.ro\/wp-content\/uploads\/2025\/03\/califar-australian-dt_4-Large-650x433.jpeg 650w, https:\/\/bucurestizoo.ro\/wp-content\/uploads\/2025\/03\/califar-australian-dt_4-Large.jpeg 1280w\" sizes=\"(max-width: 847px) 100vw, 847px\" data-id=\"13740\" \/>\t\t\t\t\t\t\t\t\t\t\t\t\t\t\t<\/div>\n\t\t\t\t<\/div>\n\t\t\t\t<\/div>\n\t\t\t\t\t<\/div>\n\t\t\t\t<\/div>\n\t\t<div class=\"elementor-element elementor-element-31a13820 animated-slow e-flex e-con-boxed elementor-invisible e-con e-parent\" data-id=\"31a13820\" data-element_type=\"container\" data-e-type=\"container\" data-settings=\"{&quot;animation&quot;:&quot;fadeInLeft&quot;}\">\n\t\t\t\t\t<div class=\"e-con-inner\">\n\t\t\t\t<div class=\"elementor-element elementor-element-70226e4 elementor-widget elementor-widget-heading\" data-id=\"70226e4\" data-element_type=\"widget\" data-e-type=\"widget\" data-widget_type=\"heading.default\">\n\t\t\t\t<div class=\"elementor-widget-container\">\n\t\t\t\t\t<h1 class=\"elementor-heading-title elementor-size-default\">General:<\/h1>\t\t\t\t<\/div>\n\t\t\t\t<\/div>\n\t\t\t\t<div class=\"elementor-element elementor-element-7358c782 elementor-widget elementor-widget-text-editor\" data-id=\"7358c782\" data-element_type=\"widget\" data-e-type=\"widget\" data-widget_type=\"text-editor.default\">\n\t\t\t\t<div class=\"elementor-widget-container\">\n\t\t\t\t\t\t\t\t\t<p>Aceast\u0103 specie de c\u0103lifar este endemic\u0103 \u00een Australia \u0219i Tasmania, av\u00e2nd un colorit spectaculos \u2013 corp \u00eenchis la culoare cu un guler alb pronun\u021bat (la femel\u0103) \u0219i un cap verde str\u0103lucitor (la mascul).Este o pas\u0103re extrem de teritorial\u0103 \u00een sezonul de reproducere \u0219i poate deveni agresiv\u0103 fa\u021b\u0103 de alte specii de p\u0103s\u0103ri. Spre deosebire de alte ra\u021be, nu migreaz\u0103 pe distan\u021be mari, prefer\u00e2nd s\u0103 r\u0103m\u00e2n\u0103 \u00een habitatele sale pe tot parcursul anului. C\u0103lifarul\u00a0 cunoscut \u0219i sub denumirea de ra\u021b\u0103 de munte, este o parte a familiei de p\u0103s\u0103ri Anatidae. Numele genului Tadorna provine din r\u0103d\u0103cinile celtice \u0219i \u00eenseamn\u0103 \u201cp\u0103s\u0103ri acvatice\u201d. Acestea sunt protejate conform legisla\u021biei privind \u00eenfiin\u021barea parcurilor na\u021bionale \u0219i a protej\u0103rii animalelor s\u0103lbatice.<\/p><p>Specia c\u0103lifarul comun sau c\u0103lifarul alb este \u00eent\u00e2lnit\u0103 \u00een zone umede, lacuri artificiale, \u00een zone de albii ale r\u00e2urilor \u0219i zone costiere. M\u0103rimea este asem\u0103n\u0103toare unei ra\u021be mari, cu o lungime a corpului de 55-65 cm. Corpul este alb cu band\u0103 c\u0103r\u0103mizie pe piept, capul \u0219i g\u00e2tul verzui \u00eenchis cu pete negre pe spate \u0219i aripi \u0219i abdomenul negru. Speran\u021ba de via\u021b\u0103 \u00een s\u0103lb\u0103ticie este de 10 ani. Perechile monogame r\u0103m\u00e2n \u00eempreun\u0103 pe tot restul vie\u021bii. Ambele p\u0103s\u0103ri \u00ee\u0219i scufund\u0103 capul \u00een ap\u0103 de repetate ori \u00een timp ce \u00eenot\u0103 repede \u00eenainte de copulare.<\/p><p>C\u0103lifarul ro\u0219u are o lungime a corpului \u00a0de 58 \u2013 70 de cm si o greutate de medie de 1.000 \u2013 1.600 g. Masculul, spre deosebire de femela, are o dunga neagr\u0103 pe g\u00e2t.<\/p>\t\t\t\t\t\t\t\t<\/div>\n\t\t\t\t<\/div>\n\t\t\t\t\t<\/div>\n\t\t\t\t<\/div>\n\t\t<div class=\"elementor-element elementor-element-4c5c4cfb e-flex e-con-boxed e-con e-parent\" data-id=\"4c5c4cfb\" data-element_type=\"container\" data-e-type=\"container\">\n\t\t\t\t\t<div class=\"e-con-inner\">\n\t\t\t\t<div class=\"elementor-element elementor-element-51eb1b3c elementor-widget elementor-widget-gallery\" data-id=\"51eb1b3c\" data-element_type=\"widget\" data-e-type=\"widget\" data-settings=\"{&quot;columns&quot;:3,&quot;lazyload&quot;:&quot;yes&quot;,&quot;gallery_layout&quot;:&quot;grid&quot;,&quot;columns_tablet&quot;:2,&quot;columns_mobile&quot;:1,&quot;gap&quot;:{&quot;unit&quot;:&quot;px&quot;,&quot;size&quot;:10,&quot;sizes&quot;:[]},&quot;gap_tablet&quot;:{&quot;unit&quot;:&quot;px&quot;,&quot;size&quot;:10,&quot;sizes&quot;:[]},&quot;gap_mobile&quot;:{&quot;unit&quot;:&quot;px&quot;,&quot;size&quot;:10,&quot;sizes&quot;:[]},&quot;link_to&quot;:&quot;file&quot;,&quot;aspect_ratio&quot;:&quot;3:2&quot;,&quot;overlay_background&quot;:&quot;yes&quot;,&quot;content_hover_animation&quot;:&quot;fade-in&quot;}\" data-widget_type=\"gallery.default\">\n\t\t\t\t<div class=\"elementor-widget-container\">\n\t\t\t\t\t\t\t<div class=\"elementor-gallery__container\">\n\t\t\t\t\t\t\t<a class=\"e-gallery-item elementor-gallery-item elementor-animated-content\" href=\"https:\/\/bucurestizoo.ro\/wp-content\/uploads\/2025\/03\/califar-australian-dt_1-Large.jpeg\" data-elementor-open-lightbox=\"yes\" data-elementor-lightbox-slideshow=\"51eb1b3c\" data-elementor-lightbox-title=\"califar australian dt_1 Large\" data-e-action-hash=\"#elementor-action%3Aaction%3Dlightbox%26settings%3DeyJpZCI6MTM3NDEsInVybCI6Imh0dHBzOlwvXC9idWN1cmVzdGl6b28ucm9cL3dwLWNvbnRlbnRcL3VwbG9hZHNcLzIwMjVcLzAzXC9jYWxpZmFyLWF1c3RyYWxpYW4tZHRfMS1MYXJnZS5qcGVnIiwic2xpZGVzaG93IjoiNTFlYjFiM2MifQ%3D%3D\">\n\t\t\t\t\t<div class=\"e-gallery-image elementor-gallery-item__image\" data-thumbnail=\"https:\/\/bucurestizoo.ro\/wp-content\/uploads\/2025\/03\/califar-australian-dt_1-Large-1024x683.jpeg\" data-width=\"847\" data-height=\"565\" aria-label=\"\" role=\"img\" ><\/div>\n\t\t\t\t\t\t\t\t\t\t\t<div class=\"elementor-gallery-item__overlay\"><\/div>\n\t\t\t\t\t\t\t\t\t\t\t\t\t\t<\/a>\n\t\t\t\t\t\t\t<a class=\"e-gallery-item elementor-gallery-item elementor-animated-content\" href=\"https:\/\/bucurestizoo.ro\/wp-content\/uploads\/2025\/03\/califar-australian-dt_2-Large.jpeg\" data-elementor-open-lightbox=\"yes\" data-elementor-lightbox-slideshow=\"51eb1b3c\" data-elementor-lightbox-title=\"califar australian dt_2 Large\" data-e-action-hash=\"#elementor-action%3Aaction%3Dlightbox%26settings%3DeyJpZCI6MTM3MzgsInVybCI6Imh0dHBzOlwvXC9idWN1cmVzdGl6b28ucm9cL3dwLWNvbnRlbnRcL3VwbG9hZHNcLzIwMjVcLzAzXC9jYWxpZmFyLWF1c3RyYWxpYW4tZHRfMi1MYXJnZS5qcGVnIiwic2xpZGVzaG93IjoiNTFlYjFiM2MifQ%3D%3D\">\n\t\t\t\t\t<div class=\"e-gallery-image elementor-gallery-item__image\" data-thumbnail=\"https:\/\/bucurestizoo.ro\/wp-content\/uploads\/2025\/03\/califar-australian-dt_2-Large-1024x683.jpeg\" data-width=\"847\" data-height=\"565\" aria-label=\"\" role=\"img\" ><\/div>\n\t\t\t\t\t\t\t\t\t\t\t<div class=\"elementor-gallery-item__overlay\"><\/div>\n\t\t\t\t\t\t\t\t\t\t\t\t\t\t<\/a>\n\t\t\t\t\t\t\t<a class=\"e-gallery-item elementor-gallery-item elementor-animated-content\" href=\"https:\/\/bucurestizoo.ro\/wp-content\/uploads\/2025\/03\/califar-australian-dt_3-Large.jpeg\" data-elementor-open-lightbox=\"yes\" data-elementor-lightbox-slideshow=\"51eb1b3c\" data-elementor-lightbox-title=\"califar australian dt_3 Large\" data-e-action-hash=\"#elementor-action%3Aaction%3Dlightbox%26settings%3DeyJpZCI6MTM3MzksInVybCI6Imh0dHBzOlwvXC9idWN1cmVzdGl6b28ucm9cL3dwLWNvbnRlbnRcL3VwbG9hZHNcLzIwMjVcLzAzXC9jYWxpZmFyLWF1c3RyYWxpYW4tZHRfMy1MYXJnZS5qcGVnIiwic2xpZGVzaG93IjoiNTFlYjFiM2MifQ%3D%3D\">\n\t\t\t\t\t<div class=\"e-gallery-image elementor-gallery-item__image\" data-thumbnail=\"https:\/\/bucurestizoo.ro\/wp-content\/uploads\/2025\/03\/califar-australian-dt_3-Large-1024x682.jpeg\" data-width=\"847\" data-height=\"564\" aria-label=\"\" role=\"img\" ><\/div>\n\t\t\t\t\t\t\t\t\t\t\t<div class=\"elementor-gallery-item__overlay\"><\/div>\n\t\t\t\t\t\t\t\t\t\t\t\t\t\t<\/a>\n\t\t\t\t\t<\/div>\n\t\t\t\t\t<\/div>\n\t\t\t\t<\/div>\n\t\t\t\t\t<\/div>\n\t\t\t\t<\/div>\n\t\t<div class=\"elementor-element elementor-element-31ffb83e animated-slow e-flex e-con-boxed elementor-invisible e-con e-parent\" data-id=\"31ffb83e\" data-element_type=\"container\" data-e-type=\"container\" data-settings=\"{&quot;animation&quot;:&quot;fadeInRight&quot;}\">\n\t\t\t\t\t<div class=\"e-con-inner\">\n\t\t\t\t<div class=\"elementor-element elementor-element-57cf1bbb elementor-widget elementor-widget-heading\" data-id=\"57cf1bbb\" data-element_type=\"widget\" data-e-type=\"widget\" data-widget_type=\"heading.default\">\n\t\t\t\t<div class=\"elementor-widget-container\">\n\t\t\t\t\t<h1 class=\"elementor-heading-title elementor-size-default\">Habitat:<\/h1>\t\t\t\t<\/div>\n\t\t\t\t<\/div>\n\t\t\t\t<div class=\"elementor-element elementor-element-14a5714 elementor-widget elementor-widget-text-editor\" data-id=\"14a5714\" data-element_type=\"widget\" data-e-type=\"widget\" data-widget_type=\"text-editor.default\">\n\t\t\t\t<div class=\"elementor-widget-container\">\n\t\t\t\t\t\t\t\t\t<p>\u00cel g\u0103sim \u00een lacuri, r\u00e2uri \u0219i zone umede din regiunile temperate \u0219i subtropicale ale Australiei. Evit\u0103 zonele tropicale dense, prefer\u00e2nd lacurile interioare \u0219i estuarele.<\/p><p>C\u0103lifarul australian\u00a0este \u00eent\u00e2lnit, \u00een principal, \u00een sudul Australiei \u0219i \u00een Tasmania. \u00cen timpul iernii, multe p\u0103s\u0103ri se deplaseaz\u0103 mai la nord de zona de reproducere. Ca \u0219i \u00een cazul altor specii, c\u0103lifarul australian prefer\u0103 anumite terenuri, cum ar fi Lacul George, New South Wales, unde se \u00eent\u00e2lnesc \u00een num\u0103r considerabil. Lacurile \u00eentinse constituie habitatul principal al c\u0103lifarului australian.\u00a0<\/p><p>Este o pas\u0103re extrem de precaut\u0103. \u00ce\u0219i face cuib \u00een scorburi sau \u00een loca\u021bii similare. Depune de la opt p\u00e2n\u0103 la cincisprezece ou\u0103 care sunt clocite timp de treizeci \u2013 treizeci \u0219i trei de zile.<\/p>\t\t\t\t\t\t\t\t<\/div>\n\t\t\t\t<\/div>\n\t\t\t\t\t<\/div>\n\t\t\t\t<\/div>\n\t\t<div class=\"elementor-element elementor-element-1d889b65 e-grid e-con-boxed e-con e-parent\" data-id=\"1d889b65\" data-element_type=\"container\" data-e-type=\"container\">\n\t\t\t\t\t<div class=\"e-con-inner\">\n\t\t<div class=\"elementor-element elementor-element-57479637 e-con-full animated-slow e-flex elementor-invisible e-con e-child\" data-id=\"57479637\" data-element_type=\"container\" data-e-type=\"container\" data-settings=\"{&quot;animation&quot;:&quot;fadeInLeft&quot;}\">\n\t\t\t\t<div class=\"elementor-element elementor-element-7dce8cb elementor-widget elementor-widget-heading\" data-id=\"7dce8cb\" data-element_type=\"widget\" data-e-type=\"widget\" data-widget_type=\"heading.default\">\n\t\t\t\t<div class=\"elementor-widget-container\">\n\t\t\t\t\t<h1 class=\"elementor-heading-title elementor-size-default\">Hran\u0103:<\/h1>\t\t\t\t<\/div>\n\t\t\t\t<\/div>\n\t\t\t\t<div class=\"elementor-element elementor-element-17f02182 elementor-widget elementor-widget-text-editor\" data-id=\"17f02182\" data-element_type=\"widget\" data-e-type=\"widget\" data-widget_type=\"text-editor.default\">\n\t\t\t\t<div class=\"elementor-widget-container\">\n\t\t\t\t\t\t\t\t\t<p>Dieta sa include:<\/p><ul><li>Viermi \u0219i molu\u0219te<\/li><li>Pe\u0219ti mici \u0219i amfibieni<\/li><li>Semin\u021be \u0219i plante acvatice<\/li><\/ul>\t\t\t\t\t\t\t\t<\/div>\n\t\t\t\t<\/div>\n\t\t\t\t<\/div>\n\t\t<div class=\"elementor-element elementor-element-1718706 e-con-full animated-slow e-flex elementor-invisible e-con e-child\" data-id=\"1718706\" data-element_type=\"container\" data-e-type=\"container\" data-settings=\"{&quot;animation&quot;:&quot;fadeInRight&quot;}\">\n\t\t\t\t<div class=\"elementor-element elementor-element-767e1103 elementor-widget elementor-widget-heading\" data-id=\"767e1103\" data-element_type=\"widget\" data-e-type=\"widget\" data-widget_type=\"heading.default\">\n\t\t\t\t<div class=\"elementor-widget-container\">\n\t\t\t\t\t<h1 class=\"elementor-heading-title elementor-size-default\">Conservare:<\/h1>\t\t\t\t<\/div>\n\t\t\t\t<\/div>\n\t\t\t\t<div class=\"elementor-element elementor-element-7144373b elementor-widget elementor-widget-text-editor\" data-id=\"7144373b\" data-element_type=\"widget\" data-e-type=\"widget\" data-widget_type=\"text-editor.default\">\n\t\t\t\t<div class=\"elementor-widget-container\">\n\t\t\t\t\t\t\t\t\t<p>\u00a0Nu este considerat\u0103 o specie vulnerabil\u0103, dar pierderea habitatelor naturale poate afecta popula\u021bia sa \u00een viitor.<\/p><p>C\u0103lifarul comun prezint\u0103 o popula\u021bia relativ mic\u0103 de 42.000-65.000 de perechi, dar a crescut \u00een perioada 1970-1990. \u00cen ciuda declinului popula\u021biilor din unele \u021b\u0103ri \u00een perioada 1990-2000, alte popula\u021bii au r\u0103mas stabile.<\/p><p>Popula\u021bia de c\u0103lifar australian este cuprins\u0103 \u00eentre 19.000 \u0219i 33.000 de perechi, iar c\u0103lifarul ro\u0219u are o popula\u021bie este relativ mica si cuprinsa intre 19.000 \u2013 33.000 de perechi.<\/p><p>Degradarea zonelor umede, v\u00e2n\u0103toarea, dezvoltarea urban\u0103, dar \u0219i introducerea unor specii de pe\u0219ti exotici constituie principalele pericole ce afecteaz\u0103 specia. Se impune aplicarea\u00a0 unor m\u0103suri de conservare \u00eendreptate spre refacerea teritoriilor de cuib\u0103rit, precum \u0219i oprirea v\u00e2n\u0103torii.<\/p>\t\t\t\t\t\t\t\t<\/div>\n\t\t\t\t<\/div>\n\t\t\t\t<\/div>\n\t\t\t\t\t<\/div>\n\t\t\t\t<\/div>\n\t\t\t\t<\/div>","protected":false},"excerpt":{"rendered":"<p>Califar Australian Denumire \u0219tiin\u021bific\u0103: Tadorna tadornoidesOrdin: AnseriformesFamilie: AnatidaeGen: TadornaSpecie: Tadorna tadornoidesDistribu\u021bie: Australia \u0219i TasmaniaDimensiuni: 60-70 cm lungime, anvergura aripilor 100-120 cmGreutate: 1,0-1,5 kgPerioada de incuba\u021bie: 30 zileNum\u0103r de pui: 6-10 ou\u0103Speran\u021b\u0103 de via\u021b\u0103: 10-15 ani General: Aceast\u0103 specie de c\u0103lifar este endemic\u0103 \u00een Australia \u0219i Tasmania, av\u00e2nd un colorit spectaculos \u2013 corp \u00eenchis la culoare &hellip; <a href=\"https:\/\/bucurestizoo.ro\/en\/califar-australian\/\" class=\"more-link\">Continue reading <span class=\"screen-reader-text\">Califar Australian<\/span><\/a><\/p>","protected":false},"author":1,"featured_media":0,"parent":0,"menu_order":0,"comment_status":"closed","ping_status":"closed","template":"","meta":{"_monsterinsights_skip_tracking":false,"_monsterinsights_sitenote_active":false,"_monsterinsights_sitenote_note":"","_monsterinsights_sitenote_category":0,"footnotes":""},"class_list":["post-13745","page","type-page","status-publish","hentry"],"aioseo_notices":[],"_links":{"self":[{"href":"https:\/\/bucurestizoo.ro\/en\/wp-json\/wp\/v2\/pages\/13745","targetHints":{"allow":["GET"]}}],"collection":[{"href":"https:\/\/bucurestizoo.ro\/en\/wp-json\/wp\/v2\/pages"}],"about":[{"href":"https:\/\/bucurestizoo.ro\/en\/wp-json\/wp\/v2\/types\/page"}],"author":[{"embeddable":true,"href":"https:\/\/bucurestizoo.ro\/en\/wp-json\/wp\/v2\/users\/1"}],"replies":[{"embeddable":true,"href":"https:\/\/bucurestizoo.ro\/en\/wp-json\/wp\/v2\/comments?post=13745"}],"version-history":[{"count":4,"href":"https:\/\/bucurestizoo.ro\/en\/wp-json\/wp\/v2\/pages\/13745\/revisions"}],"predecessor-version":[{"id":13750,"href":"https:\/\/bucurestizoo.ro\/en\/wp-json\/wp\/v2\/pages\/13745\/revisions\/13750"}],"wp:attachment":[{"href":"https:\/\/bucurestizoo.ro\/en\/wp-json\/wp\/v2\/media?parent=13745"}],"curies":[{"name":"wp","href":"https:\/\/api.w.org\/{rel}","templated":true}]}}