{"id":13713,"date":"2025-03-06T17:17:22","date_gmt":"2025-03-06T15:17:22","guid":{"rendered":"https:\/\/n1.bucurestizoo.ro\/?page_id=13713"},"modified":"2025-03-06T17:19:53","modified_gmt":"2025-03-06T15:19:53","slug":"bibilica","status":"publish","type":"page","link":"https:\/\/bucurestizoo.ro\/en\/bibilica\/","title":{"rendered":"Bibilica"},"content":{"rendered":"<div data-elementor-type=\"wp-page\" data-elementor-id=\"13713\" class=\"elementor elementor-13713\" data-elementor-post-type=\"page\">\n\t\t\t\t<div class=\"elementor-element elementor-element-7ac8318 e-flex e-con-boxed e-con e-parent\" data-id=\"7ac8318\" data-element_type=\"container\" data-e-type=\"container\" data-settings=\"{&quot;background_background&quot;:&quot;classic&quot;}\">\n\t\t\t\t\t<div class=\"e-con-inner\">\n\t\t<div class=\"elementor-element elementor-element-36122b26 e-con-full e-flex e-con e-child\" data-id=\"36122b26\" data-element_type=\"container\" data-e-type=\"container\">\n\t\t<div class=\"elementor-element elementor-element-4ee9db2d e-con-full animated-slow e-flex elementor-invisible e-con e-child\" data-id=\"4ee9db2d\" data-element_type=\"container\" data-e-type=\"container\" data-settings=\"{&quot;animation&quot;:&quot;fadeInLeft&quot;}\">\n\t\t\t\t<div class=\"elementor-element elementor-element-3d19c580 elementor-widget elementor-widget-heading\" data-id=\"3d19c580\" data-element_type=\"widget\" data-e-type=\"widget\" data-widget_type=\"heading.default\">\n\t\t\t\t<div class=\"elementor-widget-container\">\n\t\t\t\t\t<h1 class=\"elementor-heading-title elementor-size-default\">Bibilica<\/h1>\t\t\t\t<\/div>\n\t\t\t\t<\/div>\n\t\t\t\t<div class=\"elementor-element elementor-element-51f83c1b elementor-widget elementor-widget-text-editor\" data-id=\"51f83c1b\" data-element_type=\"widget\" data-e-type=\"widget\" data-widget_type=\"text-editor.default\">\n\t\t\t\t<div class=\"elementor-widget-container\">\n\t\t\t\t\t\t\t\t\t<p><strong>Ordin:<\/strong> Galliformes<br \/><strong>Familie:<\/strong> Numididae<br \/><strong>Gen:<\/strong> Numida<br \/><strong>Specie:<\/strong> Numida meleagris<br \/><strong>Distribu\u021bie:<\/strong> Africa sub-saharian\u0103, dar introdus\u0103 \u0219i \u00een alte p\u0103r\u021bi ale lumii<br \/><strong>Dimensiuni:<\/strong> 40-71 cm lungime<br \/><strong>Greutate:<\/strong> 1,3-1,6 kg<br \/><strong>Perioada de incuba\u021bie:<\/strong> 24-28 zile<br \/><strong>Num\u0103r de pui:<\/strong> 6-12 ou\u0103<br \/><strong>Speran\u021b\u0103 de via\u021b\u0103:<\/strong> 10-15 ani<\/p>\t\t\t\t\t\t\t\t<\/div>\n\t\t\t\t<\/div>\n\t\t\t\t<\/div>\n\t\t\t\t<div class=\"elementor-element elementor-element-3d375436 elementor-widget-tablet__width-inherit animated-slow elementor-invisible elementor-widget elementor-widget-image\" data-id=\"3d375436\" data-element_type=\"widget\" data-e-type=\"widget\" data-settings=\"{&quot;_animation&quot;:&quot;fadeInRight&quot;}\" data-widget_type=\"image.default\">\n\t\t\t\t<div class=\"elementor-widget-container\">\n\t\t\t\t\t\t\t\t\t\t\t\t\t\t\t<img fetchpriority=\"high\" decoding=\"async\" width=\"847\" height=\"725\" src=\"https:\/\/bucurestizoo.ro\/wp-content\/uploads\/2025\/03\/bibilica-dt_1-Large-e1741274310306-1024x876.jpeg\" class=\"attachment-large size-large wp-image-13710\" alt=\"\" srcset=\"https:\/\/bucurestizoo.ro\/wp-content\/uploads\/2025\/03\/bibilica-dt_1-Large-e1741274310306-1024x876.jpeg 1024w, https:\/\/bucurestizoo.ro\/wp-content\/uploads\/2025\/03\/bibilica-dt_1-Large-e1741274310306-300x257.jpeg 300w, https:\/\/bucurestizoo.ro\/wp-content\/uploads\/2025\/03\/bibilica-dt_1-Large-e1741274310306-768x657.jpeg 768w, https:\/\/bucurestizoo.ro\/wp-content\/uploads\/2025\/03\/bibilica-dt_1-Large-e1741274310306-351x300.jpeg 351w, https:\/\/bucurestizoo.ro\/wp-content\/uploads\/2025\/03\/bibilica-dt_1-Large-e1741274310306-596x510.jpeg 596w, https:\/\/bucurestizoo.ro\/wp-content\/uploads\/2025\/03\/bibilica-dt_1-Large-e1741274310306.jpeg 1280w\" sizes=\"(max-width: 847px) 100vw, 847px\" data-id=\"13710\" \/>\t\t\t\t\t\t\t\t\t\t\t\t\t\t\t<\/div>\n\t\t\t\t<\/div>\n\t\t\t\t<\/div>\n\t\t\t\t\t<\/div>\n\t\t\t\t<\/div>\n\t\t<div class=\"elementor-element elementor-element-2c764417 animated-slow e-flex e-con-boxed elementor-invisible e-con e-parent\" data-id=\"2c764417\" data-element_type=\"container\" data-e-type=\"container\" data-settings=\"{&quot;animation&quot;:&quot;fadeInLeft&quot;}\">\n\t\t\t\t\t<div class=\"e-con-inner\">\n\t\t\t\t<div class=\"elementor-element elementor-element-2366663a elementor-widget elementor-widget-heading\" data-id=\"2366663a\" data-element_type=\"widget\" data-e-type=\"widget\" data-widget_type=\"heading.default\">\n\t\t\t\t<div class=\"elementor-widget-container\">\n\t\t\t\t\t<h1 class=\"elementor-heading-title elementor-size-default\">General:<\/h1>\t\t\t\t<\/div>\n\t\t\t\t<\/div>\n\t\t\t\t<div class=\"elementor-element elementor-element-dd4bcae elementor-widget elementor-widget-text-editor\" data-id=\"dd4bcae\" data-element_type=\"widget\" data-e-type=\"widget\" data-widget_type=\"text-editor.default\">\n\t\t\t\t<div class=\"elementor-widget-container\">\n\t\t\t\t\t\t\t\t\t<p>Bibilicile sunt p\u0103s\u0103ri terestre cunoscute pentru comportamentul lor zgomotos \u0219i social. Tr\u0103iesc \u00een grupuri mari \u0219i sunt foarte vigilente, emi\u021b\u00e2nd sunete puternice atunci c\u00e2nd detecteaz\u0103 un pericol.<\/p><p>Au un aspect distinctiv, cu pene negre \u0219i albe p\u0103tate, un cap mic \u0219i gola\u0219, de culoare albastr\u0103 sau ro\u0219iatic\u0103. De\u0219i sunt p\u0103s\u0103ri de sol, pot zbura pe distan\u021be scurte pentru a sc\u0103pa de pr\u0103d\u0103tori.\u00a0<\/p><p>\u00a0Sunt crescute \u0219i domesticite \u00een multe p\u0103r\u021bi ale lumii datorit\u0103 c\u0103rnii lor gustoase \u0219i a capacit\u0103\u021bii lor de a controla popula\u021biile de insecte d\u0103un\u0103toare.<\/p>\t\t\t\t\t\t\t\t<\/div>\n\t\t\t\t<\/div>\n\t\t\t\t\t<\/div>\n\t\t\t\t<\/div>\n\t\t<div class=\"elementor-element elementor-element-41d7a198 e-flex e-con-boxed e-con e-parent\" data-id=\"41d7a198\" data-element_type=\"container\" data-e-type=\"container\">\n\t\t\t\t\t<div class=\"e-con-inner\">\n\t\t\t\t<div class=\"elementor-element elementor-element-7e8d1af0 elementor-widget elementor-widget-gallery\" data-id=\"7e8d1af0\" data-element_type=\"widget\" data-e-type=\"widget\" data-settings=\"{&quot;columns&quot;:2,&quot;lazyload&quot;:&quot;yes&quot;,&quot;gallery_layout&quot;:&quot;grid&quot;,&quot;columns_tablet&quot;:2,&quot;columns_mobile&quot;:1,&quot;gap&quot;:{&quot;unit&quot;:&quot;px&quot;,&quot;size&quot;:10,&quot;sizes&quot;:[]},&quot;gap_tablet&quot;:{&quot;unit&quot;:&quot;px&quot;,&quot;size&quot;:10,&quot;sizes&quot;:[]},&quot;gap_mobile&quot;:{&quot;unit&quot;:&quot;px&quot;,&quot;size&quot;:10,&quot;sizes&quot;:[]},&quot;link_to&quot;:&quot;file&quot;,&quot;aspect_ratio&quot;:&quot;3:2&quot;,&quot;overlay_background&quot;:&quot;yes&quot;,&quot;content_hover_animation&quot;:&quot;fade-in&quot;}\" data-widget_type=\"gallery.default\">\n\t\t\t\t<div class=\"elementor-widget-container\">\n\t\t\t\t\t\t\t<div class=\"elementor-gallery__container\">\n\t\t\t\t\t\t\t<a class=\"e-gallery-item elementor-gallery-item elementor-animated-content\" href=\"https:\/\/bucurestizoo.ro\/wp-content\/uploads\/2025\/03\/bibilica-dt_2-Large.jpeg\" data-elementor-open-lightbox=\"yes\" data-elementor-lightbox-slideshow=\"7e8d1af0\" data-elementor-lightbox-title=\"bibilica dt_2 Large\" data-e-action-hash=\"#elementor-action%3Aaction%3Dlightbox%26settings%3DeyJpZCI6MTM3MTEsInVybCI6Imh0dHBzOlwvXC9idWN1cmVzdGl6b28ucm9cL3dwLWNvbnRlbnRcL3VwbG9hZHNcLzIwMjVcLzAzXC9iaWJpbGljYS1kdF8yLUxhcmdlLmpwZWciLCJzbGlkZXNob3ciOiI3ZThkMWFmMCJ9\">\n\t\t\t\t\t<div class=\"e-gallery-image elementor-gallery-item__image\" data-thumbnail=\"https:\/\/bucurestizoo.ro\/wp-content\/uploads\/2025\/03\/bibilica-dt_2-Large-1024x686.jpeg\" data-width=\"847\" data-height=\"567\" aria-label=\"\" role=\"img\" ><\/div>\n\t\t\t\t\t\t\t\t\t\t\t<div class=\"elementor-gallery-item__overlay\"><\/div>\n\t\t\t\t\t\t\t\t\t\t\t\t\t\t<\/a>\n\t\t\t\t\t\t\t<a class=\"e-gallery-item elementor-gallery-item elementor-animated-content\" href=\"https:\/\/bucurestizoo.ro\/wp-content\/uploads\/2025\/03\/bibilica-dt_3-Large.jpeg\" data-elementor-open-lightbox=\"yes\" data-elementor-lightbox-slideshow=\"7e8d1af0\" data-elementor-lightbox-title=\"bibilica dt_3 Large\" data-e-action-hash=\"#elementor-action%3Aaction%3Dlightbox%26settings%3DeyJpZCI6MTM3MTIsInVybCI6Imh0dHBzOlwvXC9idWN1cmVzdGl6b28ucm9cL3dwLWNvbnRlbnRcL3VwbG9hZHNcLzIwMjVcLzAzXC9iaWJpbGljYS1kdF8zLUxhcmdlLmpwZWciLCJzbGlkZXNob3ciOiI3ZThkMWFmMCJ9\">\n\t\t\t\t\t<div class=\"e-gallery-image elementor-gallery-item__image\" data-thumbnail=\"https:\/\/bucurestizoo.ro\/wp-content\/uploads\/2025\/03\/bibilica-dt_3-Large-1024x397.jpeg\" data-width=\"847\" data-height=\"328\" aria-label=\"\" role=\"img\" ><\/div>\n\t\t\t\t\t\t\t\t\t\t\t<div class=\"elementor-gallery-item__overlay\"><\/div>\n\t\t\t\t\t\t\t\t\t\t\t\t\t\t<\/a>\n\t\t\t\t\t<\/div>\n\t\t\t\t\t<\/div>\n\t\t\t\t<\/div>\n\t\t\t\t\t<\/div>\n\t\t\t\t<\/div>\n\t\t<div class=\"elementor-element elementor-element-226963ca animated-slow e-flex e-con-boxed elementor-invisible e-con e-parent\" data-id=\"226963ca\" data-element_type=\"container\" data-e-type=\"container\" data-settings=\"{&quot;animation&quot;:&quot;fadeInRight&quot;}\">\n\t\t\t\t\t<div class=\"e-con-inner\">\n\t\t\t\t<div class=\"elementor-element elementor-element-277e97bc elementor-widget elementor-widget-heading\" data-id=\"277e97bc\" data-element_type=\"widget\" data-e-type=\"widget\" data-widget_type=\"heading.default\">\n\t\t\t\t<div class=\"elementor-widget-container\">\n\t\t\t\t\t<h1 class=\"elementor-heading-title elementor-size-default\">Habitat:<\/h1>\t\t\t\t<\/div>\n\t\t\t\t<\/div>\n\t\t\t\t<div class=\"elementor-element elementor-element-e2a5ced elementor-widget elementor-widget-text-editor\" data-id=\"e2a5ced\" data-element_type=\"widget\" data-e-type=\"widget\" data-widget_type=\"text-editor.default\">\n\t\t\t\t<div class=\"elementor-widget-container\">\n\t\t\t\t\t\t\t\t\t<p>Bibilicile prefer\u0103 savanele, zonele de tuf\u0103ri\u0219 \u0219i p\u0103durile deschise. Se pot adapta \u0219i la terenurile agricole, unde se hr\u0103nesc cu insecte \u0219i semin\u021be.<\/p>\t\t\t\t\t\t\t\t<\/div>\n\t\t\t\t<\/div>\n\t\t\t\t\t<\/div>\n\t\t\t\t<\/div>\n\t\t<div class=\"elementor-element elementor-element-46231324 e-grid e-con-boxed e-con e-parent\" data-id=\"46231324\" data-element_type=\"container\" data-e-type=\"container\">\n\t\t\t\t\t<div class=\"e-con-inner\">\n\t\t<div class=\"elementor-element elementor-element-41c15de0 e-con-full animated-slow e-flex elementor-invisible e-con e-child\" data-id=\"41c15de0\" data-element_type=\"container\" data-e-type=\"container\" data-settings=\"{&quot;animation&quot;:&quot;fadeInLeft&quot;}\">\n\t\t\t\t<div class=\"elementor-element elementor-element-682489bf elementor-widget elementor-widget-heading\" data-id=\"682489bf\" data-element_type=\"widget\" data-e-type=\"widget\" data-widget_type=\"heading.default\">\n\t\t\t\t<div class=\"elementor-widget-container\">\n\t\t\t\t\t<h1 class=\"elementor-heading-title elementor-size-default\">Hran\u0103:<\/h1>\t\t\t\t<\/div>\n\t\t\t\t<\/div>\n\t\t\t\t<div class=\"elementor-element elementor-element-1d267def elementor-widget elementor-widget-text-editor\" data-id=\"1d267def\" data-element_type=\"widget\" data-e-type=\"widget\" data-widget_type=\"text-editor.default\">\n\t\t\t\t<div class=\"elementor-widget-container\">\n\t\t\t\t\t\t\t\t\t<p>Sunt omnivore \u0219i consum\u0103 o varietate de alimente:<\/p><ul><li>Insecte \u2013 l\u0103custe, termite, c\u0103r\u0103bu\u0219i<\/li><li>Semin\u021be \u0219i fructe de p\u0103dure<\/li><li>Verde\u021buri \u0219i r\u0103d\u0103cini<\/li><\/ul>\t\t\t\t\t\t\t\t<\/div>\n\t\t\t\t<\/div>\n\t\t\t\t<\/div>\n\t\t<div class=\"elementor-element elementor-element-4b3d92c1 e-con-full animated-slow e-flex elementor-invisible e-con e-child\" data-id=\"4b3d92c1\" data-element_type=\"container\" data-e-type=\"container\" data-settings=\"{&quot;animation&quot;:&quot;fadeInRight&quot;}\">\n\t\t\t\t<div class=\"elementor-element elementor-element-7cfb19ad elementor-widget elementor-widget-heading\" data-id=\"7cfb19ad\" data-element_type=\"widget\" data-e-type=\"widget\" data-widget_type=\"heading.default\">\n\t\t\t\t<div class=\"elementor-widget-container\">\n\t\t\t\t\t<h1 class=\"elementor-heading-title elementor-size-default\">Conservare:<\/h1>\t\t\t\t<\/div>\n\t\t\t\t<\/div>\n\t\t\t\t<div class=\"elementor-element elementor-element-3f5b042f elementor-widget elementor-widget-text-editor\" data-id=\"3f5b042f\" data-element_type=\"widget\" data-e-type=\"widget\" data-widget_type=\"text-editor.default\">\n\t\t\t\t<div class=\"elementor-widget-container\">\n\t\t\t\t\t\t\t\t\t<p>Nu sunt amenin\u021bate \u00een mod direct, fiind r\u0103sp\u00e2ndite pe scar\u0103 larg\u0103 \u0219i chiar domesticite. Cu toate acestea, \u00een unele regiuni, pierderea habitatului natural \u0219i v\u00e2n\u0103toarea excesiv\u0103 le pot afecta popula\u021bia.<\/p>\t\t\t\t\t\t\t\t<\/div>\n\t\t\t\t<\/div>\n\t\t\t\t<\/div>\n\t\t\t\t\t<\/div>\n\t\t\t\t<\/div>\n\t\t\t\t<\/div>","protected":false},"excerpt":{"rendered":"<p>Bibilica Ordin: GalliformesFamilie: NumididaeGen: NumidaSpecie: Numida meleagrisDistribu\u021bie: Africa sub-saharian\u0103, dar introdus\u0103 \u0219i \u00een alte p\u0103r\u021bi ale lumiiDimensiuni: 40-71 cm lungimeGreutate: 1,3-1,6 kgPerioada de incuba\u021bie: 24-28 zileNum\u0103r de pui: 6-12 ou\u0103Speran\u021b\u0103 de via\u021b\u0103: 10-15 ani General: Bibilicile sunt p\u0103s\u0103ri terestre cunoscute pentru comportamentul lor zgomotos \u0219i social. Tr\u0103iesc \u00een grupuri mari \u0219i sunt foarte vigilente, emi\u021b\u00e2nd &hellip; <a href=\"https:\/\/bucurestizoo.ro\/en\/bibilica\/\" class=\"more-link\">Continue reading <span class=\"screen-reader-text\">Bibilica<\/span><\/a><\/p>","protected":false},"author":1,"featured_media":0,"parent":0,"menu_order":0,"comment_status":"closed","ping_status":"closed","template":"","meta":{"_monsterinsights_skip_tracking":false,"_monsterinsights_sitenote_active":false,"_monsterinsights_sitenote_note":"","_monsterinsights_sitenote_category":0,"footnotes":""},"class_list":["post-13713","page","type-page","status-publish","hentry"],"aioseo_notices":[],"_links":{"self":[{"href":"https:\/\/bucurestizoo.ro\/en\/wp-json\/wp\/v2\/pages\/13713","targetHints":{"allow":["GET"]}}],"collection":[{"href":"https:\/\/bucurestizoo.ro\/en\/wp-json\/wp\/v2\/pages"}],"about":[{"href":"https:\/\/bucurestizoo.ro\/en\/wp-json\/wp\/v2\/types\/page"}],"author":[{"embeddable":true,"href":"https:\/\/bucurestizoo.ro\/en\/wp-json\/wp\/v2\/users\/1"}],"replies":[{"embeddable":true,"href":"https:\/\/bucurestizoo.ro\/en\/wp-json\/wp\/v2\/comments?post=13713"}],"version-history":[{"count":4,"href":"https:\/\/bucurestizoo.ro\/en\/wp-json\/wp\/v2\/pages\/13713\/revisions"}],"predecessor-version":[{"id":13717,"href":"https:\/\/bucurestizoo.ro\/en\/wp-json\/wp\/v2\/pages\/13713\/revisions\/13717"}],"wp:attachment":[{"href":"https:\/\/bucurestizoo.ro\/en\/wp-json\/wp\/v2\/media?parent=13713"}],"curies":[{"name":"wp","href":"https:\/\/api.w.org\/{rel}","templated":true}]}}