{"id":13690,"date":"2025-03-06T16:49:57","date_gmt":"2025-03-06T14:49:57","guid":{"rendered":"https:\/\/n1.bucurestizoo.ro\/?page_id=13690"},"modified":"2025-03-06T16:56:54","modified_gmt":"2025-03-06T14:56:54","slug":"barza-alba","status":"publish","type":"page","link":"https:\/\/bucurestizoo.ro\/en\/barza-alba\/","title":{"rendered":"Barza Alb\u0103"},"content":{"rendered":"<div data-elementor-type=\"wp-page\" data-elementor-id=\"13690\" class=\"elementor elementor-13690\" data-elementor-post-type=\"page\">\n\t\t\t\t<div class=\"elementor-element elementor-element-25b8b7e4 e-flex e-con-boxed e-con e-parent\" data-id=\"25b8b7e4\" data-element_type=\"container\" data-e-type=\"container\" data-settings=\"{&quot;background_background&quot;:&quot;classic&quot;}\">\n\t\t\t\t\t<div class=\"e-con-inner\">\n\t\t<div class=\"elementor-element elementor-element-673ab650 e-con-full e-flex e-con e-child\" data-id=\"673ab650\" data-element_type=\"container\" data-e-type=\"container\">\n\t\t<div class=\"elementor-element elementor-element-56071831 e-con-full animated-slow e-flex elementor-invisible e-con e-child\" data-id=\"56071831\" data-element_type=\"container\" data-e-type=\"container\" data-settings=\"{&quot;animation&quot;:&quot;fadeInLeft&quot;}\">\n\t\t\t\t<div class=\"elementor-element elementor-element-3b44329c elementor-widget elementor-widget-heading\" data-id=\"3b44329c\" data-element_type=\"widget\" data-e-type=\"widget\" data-widget_type=\"heading.default\">\n\t\t\t\t<div class=\"elementor-widget-container\">\n\t\t\t\t\t<h1 class=\"elementor-heading-title elementor-size-default\">Barza alb\u0103<\/h1>\t\t\t\t<\/div>\n\t\t\t\t<\/div>\n\t\t\t\t<div class=\"elementor-element elementor-element-7761cf04 elementor-widget elementor-widget-text-editor\" data-id=\"7761cf04\" data-element_type=\"widget\" data-e-type=\"widget\" data-widget_type=\"text-editor.default\">\n\t\t\t\t<div class=\"elementor-widget-container\">\n\t\t\t\t\t\t\t\t\t<p><strong>Nume \u0219tiin\u021bific:<\/strong> Ciconia ciconia<br \/><strong>Ordin:<\/strong> Ciconiiformes<br \/><strong>Familie:<\/strong> Ciconiidae<br \/><strong>Gen:<\/strong> Ciconia<br \/><strong>Specie:<\/strong> Ciconia ciconia<br \/><strong>Distribu\u021bie:<\/strong> Europa, Africa, Asia Central\u0103<br \/><strong>Dimensiuni:<\/strong> 1\u20131,2 m \u00een\u0103l\u021bime, anvergura aripilor 2\u20132,3 m<br \/><strong>Greutate:<\/strong> 2,5\u20134,5 kg<br \/><strong>Perioada de incuba\u021bie:<\/strong> 33 zile<br \/><strong>Num\u0103r pui:<\/strong> 1-3 pui<br \/><strong>Speran\u021ba de via\u021b\u0103:<\/strong> 20\u201325 de ani<\/p>\t\t\t\t\t\t\t\t<\/div>\n\t\t\t\t<\/div>\n\t\t\t\t<\/div>\n\t\t\t\t<div class=\"elementor-element elementor-element-17629de6 elementor-widget-tablet__width-inherit animated-slow elementor-invisible elementor-widget elementor-widget-image\" data-id=\"17629de6\" data-element_type=\"widget\" data-e-type=\"widget\" data-settings=\"{&quot;_animation&quot;:&quot;fadeInRight&quot;}\" data-widget_type=\"image.default\">\n\t\t\t\t<div class=\"elementor-widget-container\">\n\t\t\t\t\t\t\t\t\t\t\t\t\t\t\t<img fetchpriority=\"high\" decoding=\"async\" width=\"847\" height=\"564\" src=\"https:\/\/bucurestizoo.ro\/wp-content\/uploads\/2025\/03\/barza-alba-dt_2-Large-1024x682.jpeg\" class=\"attachment-large size-large wp-image-13697\" alt=\"\" srcset=\"https:\/\/bucurestizoo.ro\/wp-content\/uploads\/2025\/03\/barza-alba-dt_2-Large-1024x682.jpeg 1024w, https:\/\/bucurestizoo.ro\/wp-content\/uploads\/2025\/03\/barza-alba-dt_2-Large-300x200.jpeg 300w, https:\/\/bucurestizoo.ro\/wp-content\/uploads\/2025\/03\/barza-alba-dt_2-Large-768x512.jpeg 768w, https:\/\/bucurestizoo.ro\/wp-content\/uploads\/2025\/03\/barza-alba-dt_2-Large-450x300.jpeg 450w, https:\/\/bucurestizoo.ro\/wp-content\/uploads\/2025\/03\/barza-alba-dt_2-Large-650x433.jpeg 650w, https:\/\/bucurestizoo.ro\/wp-content\/uploads\/2025\/03\/barza-alba-dt_2-Large.jpeg 1280w\" sizes=\"(max-width: 847px) 100vw, 847px\" data-id=\"13697\" \/>\t\t\t\t\t\t\t\t\t\t\t\t\t\t\t<\/div>\n\t\t\t\t<\/div>\n\t\t\t\t<\/div>\n\t\t\t\t\t<\/div>\n\t\t\t\t<\/div>\n\t\t<div class=\"elementor-element elementor-element-5d3017dd animated-slow e-flex e-con-boxed elementor-invisible e-con e-parent\" data-id=\"5d3017dd\" data-element_type=\"container\" data-e-type=\"container\" data-settings=\"{&quot;animation&quot;:&quot;fadeInLeft&quot;}\">\n\t\t\t\t\t<div class=\"e-con-inner\">\n\t\t\t\t<div class=\"elementor-element elementor-element-7a70e974 elementor-widget elementor-widget-heading\" data-id=\"7a70e974\" data-element_type=\"widget\" data-e-type=\"widget\" data-widget_type=\"heading.default\">\n\t\t\t\t<div class=\"elementor-widget-container\">\n\t\t\t\t\t<h1 class=\"elementor-heading-title elementor-size-default\">General:<\/h1>\t\t\t\t<\/div>\n\t\t\t\t<\/div>\n\t\t\t\t<div class=\"elementor-element elementor-element-3f19c92e elementor-widget elementor-widget-text-editor\" data-id=\"3f19c92e\" data-element_type=\"widget\" data-e-type=\"widget\" data-widget_type=\"text-editor.default\">\n\t\t\t\t<div class=\"elementor-widget-container\">\n\t\t\t\t\t\t\t\t\t<p>Barza alb\u0103 este o pas\u0103re mare, cu penaj predominant alb \u0219i v\u00e2rfurile aripilor negre. Este cunoscut\u0103 pentru cuiburile sale mari, adesea amplasate pe cl\u0103diri sau st\u00e2lpi.\u00a0 Barza alb\u0103 este o pas\u0103re migratoare celebr\u0103, asociat\u0103 \u00een folclor cu na\u0219terea copiilor. Este cunoscut\u0103 pentru obiceiul s\u0103u de a-\u0219i construi cuiburile pe acoperi\u0219uri, turnuri \u0219i st\u00e2lpi de electricitate, ceea ce o face una dintre cele mai familiare p\u0103s\u0103ri din zonele rurale. Toamna, berzele albe migreaz\u0103 mii de kilometri spre Africa, folosind rute precise. \u00ce\u0219i petrec iarna \u00een regiunile calde din Africa sub-saharian\u0103, revenind \u00een Europa prim\u0103vara pentru a se reproduce.<\/p>\t\t\t\t\t\t\t\t<\/div>\n\t\t\t\t<\/div>\n\t\t\t\t\t<\/div>\n\t\t\t\t<\/div>\n\t\t<div class=\"elementor-element elementor-element-c32c551 e-flex e-con-boxed e-con e-parent\" data-id=\"c32c551\" data-element_type=\"container\" data-e-type=\"container\">\n\t\t\t\t\t<div class=\"e-con-inner\">\n\t\t\t\t<div class=\"elementor-element elementor-element-3ffc5c01 elementor-widget elementor-widget-gallery\" data-id=\"3ffc5c01\" data-element_type=\"widget\" data-e-type=\"widget\" data-settings=\"{&quot;columns&quot;:2,&quot;lazyload&quot;:&quot;yes&quot;,&quot;gallery_layout&quot;:&quot;grid&quot;,&quot;columns_tablet&quot;:2,&quot;columns_mobile&quot;:1,&quot;gap&quot;:{&quot;unit&quot;:&quot;px&quot;,&quot;size&quot;:10,&quot;sizes&quot;:[]},&quot;gap_tablet&quot;:{&quot;unit&quot;:&quot;px&quot;,&quot;size&quot;:10,&quot;sizes&quot;:[]},&quot;gap_mobile&quot;:{&quot;unit&quot;:&quot;px&quot;,&quot;size&quot;:10,&quot;sizes&quot;:[]},&quot;link_to&quot;:&quot;file&quot;,&quot;aspect_ratio&quot;:&quot;3:2&quot;,&quot;overlay_background&quot;:&quot;yes&quot;,&quot;content_hover_animation&quot;:&quot;fade-in&quot;}\" data-widget_type=\"gallery.default\">\n\t\t\t\t<div class=\"elementor-widget-container\">\n\t\t\t\t\t\t\t<div class=\"elementor-gallery__container\">\n\t\t\t\t\t\t\t<a class=\"e-gallery-item elementor-gallery-item elementor-animated-content\" href=\"https:\/\/bucurestizoo.ro\/wp-content\/uploads\/2025\/03\/barza-alba-dt_3-Large.jpeg\" data-elementor-open-lightbox=\"yes\" data-elementor-lightbox-slideshow=\"3ffc5c01\" data-elementor-lightbox-title=\"barza alba dt_3 Large\" data-e-action-hash=\"#elementor-action%3Aaction%3Dlightbox%26settings%3DeyJpZCI6MTM2OTgsInVybCI6Imh0dHBzOlwvXC9idWN1cmVzdGl6b28ucm9cL3dwLWNvbnRlbnRcL3VwbG9hZHNcLzIwMjVcLzAzXC9iYXJ6YS1hbGJhLWR0XzMtTGFyZ2UuanBlZyIsInNsaWRlc2hvdyI6IjNmZmM1YzAxIn0%3D\">\n\t\t\t\t\t<div class=\"e-gallery-image elementor-gallery-item__image\" data-thumbnail=\"https:\/\/bucurestizoo.ro\/wp-content\/uploads\/2025\/03\/barza-alba-dt_3-Large-1024x682.jpeg\" data-width=\"847\" data-height=\"564\" aria-label=\"\" role=\"img\" ><\/div>\n\t\t\t\t\t\t\t\t\t\t\t<div class=\"elementor-gallery-item__overlay\"><\/div>\n\t\t\t\t\t\t\t\t\t\t\t\t\t\t<\/a>\n\t\t\t\t\t\t\t<a class=\"e-gallery-item elementor-gallery-item elementor-animated-content\" href=\"https:\/\/bucurestizoo.ro\/wp-content\/uploads\/2025\/03\/barza-alba-dt_1-Large.jpeg\" data-elementor-open-lightbox=\"yes\" data-elementor-lightbox-slideshow=\"3ffc5c01\" data-elementor-lightbox-title=\"barza alba dt_1 Large\" data-e-action-hash=\"#elementor-action%3Aaction%3Dlightbox%26settings%3DeyJpZCI6MTM2OTYsInVybCI6Imh0dHBzOlwvXC9idWN1cmVzdGl6b28ucm9cL3dwLWNvbnRlbnRcL3VwbG9hZHNcLzIwMjVcLzAzXC9iYXJ6YS1hbGJhLWR0XzEtTGFyZ2UuanBlZyIsInNsaWRlc2hvdyI6IjNmZmM1YzAxIn0%3D\">\n\t\t\t\t\t<div class=\"e-gallery-image elementor-gallery-item__image\" data-thumbnail=\"https:\/\/bucurestizoo.ro\/wp-content\/uploads\/2025\/03\/barza-alba-dt_1-Large-1024x680.jpeg\" data-width=\"847\" data-height=\"562\" aria-label=\"\" role=\"img\" ><\/div>\n\t\t\t\t\t\t\t\t\t\t\t<div class=\"elementor-gallery-item__overlay\"><\/div>\n\t\t\t\t\t\t\t\t\t\t\t\t\t\t<\/a>\n\t\t\t\t\t<\/div>\n\t\t\t\t\t<\/div>\n\t\t\t\t<\/div>\n\t\t\t\t\t<\/div>\n\t\t\t\t<\/div>\n\t\t<div class=\"elementor-element elementor-element-28ec4be4 animated-slow e-flex e-con-boxed elementor-invisible e-con e-parent\" data-id=\"28ec4be4\" data-element_type=\"container\" data-e-type=\"container\" data-settings=\"{&quot;animation&quot;:&quot;fadeInRight&quot;}\">\n\t\t\t\t\t<div class=\"e-con-inner\">\n\t\t\t\t<div class=\"elementor-element elementor-element-2c7eb841 elementor-widget elementor-widget-heading\" data-id=\"2c7eb841\" data-element_type=\"widget\" data-e-type=\"widget\" data-widget_type=\"heading.default\">\n\t\t\t\t<div class=\"elementor-widget-container\">\n\t\t\t\t\t<h1 class=\"elementor-heading-title elementor-size-default\">Habitat:<\/h1>\t\t\t\t<\/div>\n\t\t\t\t<\/div>\n\t\t\t\t<div class=\"elementor-element elementor-element-7a8d2f8a elementor-widget elementor-widget-text-editor\" data-id=\"7a8d2f8a\" data-element_type=\"widget\" data-e-type=\"widget\" data-widget_type=\"text-editor.default\">\n\t\t\t\t<div class=\"elementor-widget-container\">\n\t\t\t\t\t\t\t\t\t<p>Berzele prefer\u0103 zonele umede, c\u00e2mpii, zone ml\u0103\u0219tinoase, paji\u0219ti \u0219i terenuri agricole unde pot g\u0103si hran\u0103 din abunden\u021b\u0103.<\/p>\t\t\t\t\t\t\t\t<\/div>\n\t\t\t\t<\/div>\n\t\t\t\t\t<\/div>\n\t\t\t\t<\/div>\n\t\t<div class=\"elementor-element elementor-element-34f6ad6b e-grid e-con-boxed e-con e-parent\" data-id=\"34f6ad6b\" data-element_type=\"container\" data-e-type=\"container\">\n\t\t\t\t\t<div class=\"e-con-inner\">\n\t\t<div class=\"elementor-element elementor-element-579e9b63 e-con-full animated-slow e-flex elementor-invisible e-con e-child\" data-id=\"579e9b63\" data-element_type=\"container\" data-e-type=\"container\" data-settings=\"{&quot;animation&quot;:&quot;fadeInLeft&quot;}\">\n\t\t\t\t<div class=\"elementor-element elementor-element-2dd7b285 elementor-widget elementor-widget-heading\" data-id=\"2dd7b285\" data-element_type=\"widget\" data-e-type=\"widget\" data-widget_type=\"heading.default\">\n\t\t\t\t<div class=\"elementor-widget-container\">\n\t\t\t\t\t<h1 class=\"elementor-heading-title elementor-size-default\">Hran\u0103:<\/h1>\t\t\t\t<\/div>\n\t\t\t\t<\/div>\n\t\t\t\t<div class=\"elementor-element elementor-element-12554d0f elementor-widget elementor-widget-text-editor\" data-id=\"12554d0f\" data-element_type=\"widget\" data-e-type=\"widget\" data-widget_type=\"text-editor.default\">\n\t\t\t\t<div class=\"elementor-widget-container\">\n\t\t\t\t\t\t\t\t\t<p>Berzele sunt carnivore \u0219i se hr\u0103nesc cu:\u00a0<\/p><ul><li>Broa\u0219te \u0219i amfibieni<\/li><li>Insecte mari \u2013 greieri, l\u0103custe<\/li><li>Pe\u0219ti \u0219i \u0219erpi<\/li><li>Roz\u0103toare mici \u2013 \u0219oareci \u0219i pui de iepure<\/li><\/ul>\t\t\t\t\t\t\t\t<\/div>\n\t\t\t\t<\/div>\n\t\t\t\t<\/div>\n\t\t<div class=\"elementor-element elementor-element-2bab4ddc e-con-full animated-slow e-flex elementor-invisible e-con e-child\" data-id=\"2bab4ddc\" data-element_type=\"container\" data-e-type=\"container\" data-settings=\"{&quot;animation&quot;:&quot;fadeInRight&quot;}\">\n\t\t\t\t<div class=\"elementor-element elementor-element-1e0e1b1c elementor-widget elementor-widget-heading\" data-id=\"1e0e1b1c\" data-element_type=\"widget\" data-e-type=\"widget\" data-widget_type=\"heading.default\">\n\t\t\t\t<div class=\"elementor-widget-container\">\n\t\t\t\t\t<h1 class=\"elementor-heading-title elementor-size-default\">Conservare:<\/h1>\t\t\t\t<\/div>\n\t\t\t\t<\/div>\n\t\t\t\t<div class=\"elementor-element elementor-element-7842a633 elementor-widget elementor-widget-text-editor\" data-id=\"7842a633\" data-element_type=\"widget\" data-e-type=\"widget\" data-widget_type=\"text-editor.default\">\n\t\t\t\t<div class=\"elementor-widget-container\">\n\t\t\t\t\t\t\t\t\t<p>Specia este protejat\u0103, dar amenin\u021bat\u0103 de pierderea habitatului.\u00a0\u00a0<\/p><p>Popula\u021bia de berze a fost afectat\u0103 de:<\/p><ul><li>Pesticide, care reduc sursa de hran\u0103<\/li><li>Distrugerea habitatelor umede<\/li><li>Electrocutare pe liniile de \u00eenalt\u0103 tensiune<\/li><\/ul><p>\u00a0Totu\u0219i, \u00een multe \u021b\u0103ri, barza alb\u0103 este protejat\u0103 prin legi, iar popula\u021biile sunt \u00een cre\u0219tere datorit\u0103 reabilit\u0103rii habitatelor.<\/p><p>\u00a0<\/p>\t\t\t\t\t\t\t\t<\/div>\n\t\t\t\t<\/div>\n\t\t\t\t<\/div>\n\t\t\t\t\t<\/div>\n\t\t\t\t<\/div>\n\t\t\t\t<\/div>","protected":false},"excerpt":{"rendered":"<p>Barza alb\u0103 Nume \u0219tiin\u021bific: Ciconia ciconiaOrdin: CiconiiformesFamilie: CiconiidaeGen: CiconiaSpecie: Ciconia ciconiaDistribu\u021bie: Europa, Africa, Asia Central\u0103Dimensiuni: 1\u20131,2 m \u00een\u0103l\u021bime, anvergura aripilor 2\u20132,3 mGreutate: 2,5\u20134,5 kgPerioada de incuba\u021bie: 33 zileNum\u0103r pui: 1-3 puiSperan\u021ba de via\u021b\u0103: 20\u201325 de ani General: Barza alb\u0103 este o pas\u0103re mare, cu penaj predominant alb \u0219i v\u00e2rfurile aripilor negre. Este cunoscut\u0103 pentru cuiburile &hellip; <a href=\"https:\/\/bucurestizoo.ro\/en\/barza-alba\/\" class=\"more-link\">Continue reading <span class=\"screen-reader-text\">Barza Alb\u0103<\/span><\/a><\/p>","protected":false},"author":1,"featured_media":0,"parent":0,"menu_order":0,"comment_status":"closed","ping_status":"closed","template":"","meta":{"_monsterinsights_skip_tracking":false,"_monsterinsights_sitenote_active":false,"_monsterinsights_sitenote_note":"","_monsterinsights_sitenote_category":0,"footnotes":""},"class_list":["post-13690","page","type-page","status-publish","hentry"],"aioseo_notices":[],"_links":{"self":[{"href":"https:\/\/bucurestizoo.ro\/en\/wp-json\/wp\/v2\/pages\/13690","targetHints":{"allow":["GET"]}}],"collection":[{"href":"https:\/\/bucurestizoo.ro\/en\/wp-json\/wp\/v2\/pages"}],"about":[{"href":"https:\/\/bucurestizoo.ro\/en\/wp-json\/wp\/v2\/types\/page"}],"author":[{"embeddable":true,"href":"https:\/\/bucurestizoo.ro\/en\/wp-json\/wp\/v2\/users\/1"}],"replies":[{"embeddable":true,"href":"https:\/\/bucurestizoo.ro\/en\/wp-json\/wp\/v2\/comments?post=13690"}],"version-history":[{"count":4,"href":"https:\/\/bucurestizoo.ro\/en\/wp-json\/wp\/v2\/pages\/13690\/revisions"}],"predecessor-version":[{"id":13701,"href":"https:\/\/bucurestizoo.ro\/en\/wp-json\/wp\/v2\/pages\/13690\/revisions\/13701"}],"wp:attachment":[{"href":"https:\/\/bucurestizoo.ro\/en\/wp-json\/wp\/v2\/media?parent=13690"}],"curies":[{"name":"wp","href":"https:\/\/api.w.org\/{rel}","templated":true}]}}