{"id":13669,"date":"2025-02-20T16:20:04","date_gmt":"2025-02-20T14:20:04","guid":{"rendered":"https:\/\/n1.bucurestizoo.ro\/?page_id=13669"},"modified":"2025-02-20T16:31:30","modified_gmt":"2025-02-20T14:31:30","slug":"dromader","status":"publish","type":"page","link":"https:\/\/bucurestizoo.ro\/en\/dromader\/","title":{"rendered":"Dromader"},"content":{"rendered":"<div data-elementor-type=\"wp-page\" data-elementor-id=\"13669\" class=\"elementor elementor-13669\" data-elementor-post-type=\"page\">\n\t\t\t\t<div class=\"elementor-element elementor-element-736c3106 e-flex e-con-boxed e-con e-parent\" data-id=\"736c3106\" data-element_type=\"container\" data-e-type=\"container\" data-settings=\"{&quot;background_background&quot;:&quot;classic&quot;}\">\n\t\t\t\t\t<div class=\"e-con-inner\">\n\t\t<div class=\"elementor-element elementor-element-5a746c7a e-con-full e-flex e-con e-child\" data-id=\"5a746c7a\" data-element_type=\"container\" data-e-type=\"container\">\n\t\t<div class=\"elementor-element elementor-element-5e2f761a e-con-full animated-slow e-flex elementor-invisible e-con e-child\" data-id=\"5e2f761a\" data-element_type=\"container\" data-e-type=\"container\" data-settings=\"{&quot;animation&quot;:&quot;fadeInLeft&quot;}\">\n\t\t\t\t<div class=\"elementor-element elementor-element-6d1482f8 elementor-widget elementor-widget-heading\" data-id=\"6d1482f8\" data-element_type=\"widget\" data-e-type=\"widget\" data-widget_type=\"heading.default\">\n\t\t\t\t<div class=\"elementor-widget-container\">\n\t\t\t\t\t<h1 class=\"elementor-heading-title elementor-size-default\">Dromader<\/h1>\t\t\t\t<\/div>\n\t\t\t\t<\/div>\n\t\t\t\t<div class=\"elementor-element elementor-element-6a189d60 elementor-widget elementor-widget-text-editor\" data-id=\"6a189d60\" data-element_type=\"widget\" data-e-type=\"widget\" data-widget_type=\"text-editor.default\">\n\t\t\t\t<div class=\"elementor-widget-container\">\n\t\t\t\t\t\t\t\t\t<p><strong>Denumire \u0219tiin\u021bific\u0103:<\/strong> Camelus dromedarius<br \/><strong>Ordin:<\/strong> Artiodactyla<br \/><strong>Familie:<\/strong> Camelidae<br \/><strong>Gen:<\/strong> Camelus<br \/><strong>Specie:<\/strong> C. dromedarius<br \/><strong>Distribu\u021bie:<\/strong> Africa, Orientul Mijlociu<br \/><strong>Dimensiuni:<\/strong> 2,2-3,4 m lungime, 1,7-2,4 m la greab\u0103n<br \/><strong>Greutate:<\/strong> 400-700 kg<br \/><strong>Perioada de gesta\u021bie:<\/strong> 360-420 zile<br \/><strong>Num\u0103r de pui:<\/strong> 1<br \/><strong>Speran\u021b\u0103 de via\u021b\u0103:<\/strong> 40 ani \u00een s\u0103lb\u0103ticie, iar \u00een captivitate poate tr\u0103i chiar mai mult, datorit\u0103 \u00eengrijirii \u0219i alimenta\u021biei regulate.<\/p>\t\t\t\t\t\t\t\t<\/div>\n\t\t\t\t<\/div>\n\t\t\t\t<\/div>\n\t\t\t\t<div class=\"elementor-element elementor-element-19f9c1f1 elementor-widget-tablet__width-inherit animated-slow elementor-invisible elementor-widget elementor-widget-image\" data-id=\"19f9c1f1\" data-element_type=\"widget\" data-e-type=\"widget\" data-settings=\"{&quot;_animation&quot;:&quot;fadeInRight&quot;}\" data-widget_type=\"image.default\">\n\t\t\t\t<div class=\"elementor-widget-container\">\n\t\t\t\t\t\t\t\t\t\t\t\t\t\t\t<img fetchpriority=\"high\" decoding=\"async\" width=\"847\" height=\"475\" src=\"https:\/\/bucurestizoo.ro\/wp-content\/uploads\/2025\/02\/dromader-dt_2-Large-1024x574.jpg\" class=\"attachment-large size-large wp-image-13657\" alt=\"\" srcset=\"https:\/\/bucurestizoo.ro\/wp-content\/uploads\/2025\/02\/dromader-dt_2-Large-1024x574.jpg 1024w, https:\/\/bucurestizoo.ro\/wp-content\/uploads\/2025\/02\/dromader-dt_2-Large-300x168.jpg 300w, https:\/\/bucurestizoo.ro\/wp-content\/uploads\/2025\/02\/dromader-dt_2-Large-768x430.jpg 768w, https:\/\/bucurestizoo.ro\/wp-content\/uploads\/2025\/02\/dromader-dt_2-Large-520x291.jpg 520w, https:\/\/bucurestizoo.ro\/wp-content\/uploads\/2025\/02\/dromader-dt_2-Large-650x364.jpg 650w, https:\/\/bucurestizoo.ro\/wp-content\/uploads\/2025\/02\/dromader-dt_2-Large.jpg 1280w\" sizes=\"(max-width: 847px) 100vw, 847px\" data-id=\"13657\" \/>\t\t\t\t\t\t\t\t\t\t\t\t\t\t\t<\/div>\n\t\t\t\t<\/div>\n\t\t\t\t<\/div>\n\t\t\t\t\t<\/div>\n\t\t\t\t<\/div>\n\t\t<div class=\"elementor-element elementor-element-171eb0da animated-slow e-flex e-con-boxed elementor-invisible e-con e-parent\" data-id=\"171eb0da\" data-element_type=\"container\" data-e-type=\"container\" data-settings=\"{&quot;animation&quot;:&quot;fadeInLeft&quot;}\">\n\t\t\t\t\t<div class=\"e-con-inner\">\n\t\t\t\t<div class=\"elementor-element elementor-element-34358d20 elementor-widget elementor-widget-heading\" data-id=\"34358d20\" data-element_type=\"widget\" data-e-type=\"widget\" data-widget_type=\"heading.default\">\n\t\t\t\t<div class=\"elementor-widget-container\">\n\t\t\t\t\t<h1 class=\"elementor-heading-title elementor-size-default\">General:<\/h1>\t\t\t\t<\/div>\n\t\t\t\t<\/div>\n\t\t\t\t<div class=\"elementor-element elementor-element-6dc11642 elementor-widget elementor-widget-text-editor\" data-id=\"6dc11642\" data-element_type=\"widget\" data-e-type=\"widget\" data-widget_type=\"text-editor.default\">\n\t\t\t\t<div class=\"elementor-widget-container\">\n\t\t\t\t\t\t\t\t\t<p>De\u0219i este renumit pentru abilitatea sa de a rezista perioade lungi f\u0103r\u0103 ap\u0103, dromaderul poate consuma p\u00e2n\u0103 la 100 de litri de ap\u0103 \u00eentr-un interval de doar 10 minute atunci c\u00e2nd are acces la aceasta. Acest animal este un adev\u0103rat simbol al adaptabilit\u0103\u021bii, fiind capabil s\u0103 supravie\u021buiasc\u0103 \u00een cele mai aride \u0219i fierbin\u021bi regiuni ale lumii. Supranumit \u201enava de\u0219ertului\u201d, dromaderul se distinge prin rezisten\u021ba sa extraordinar\u0103 \u0219i prin abilitatea de a parcurge distan\u021be mari f\u0103r\u0103 a se deshidrata. Cocoa\u0219a sa singular\u0103 reprezint\u0103 o rezerva de gr\u0103sime, pe care o utilizeaz\u0103 ca surs\u0103 de energie atunci c\u00e2nd resursele de hran\u0103 \u0219i ap\u0103 sunt limitate. Dromaderul, cunoscut \u0219i sub denumirea de c\u0103mila arab\u0103, exist\u0103 ast\u0103zi doar ca un animal domestic. Aproximativ 90% din c\u0103milele lumii sunt dromaderi.<\/p>\t\t\t\t\t\t\t\t<\/div>\n\t\t\t\t<\/div>\n\t\t\t\t\t<\/div>\n\t\t\t\t<\/div>\n\t\t<div class=\"elementor-element elementor-element-3df568a4 e-flex e-con-boxed e-con e-parent\" data-id=\"3df568a4\" data-element_type=\"container\" data-e-type=\"container\">\n\t\t\t\t\t<div class=\"e-con-inner\">\n\t\t\t\t<div class=\"elementor-element elementor-element-6a6776aa elementor-widget elementor-widget-gallery\" data-id=\"6a6776aa\" data-element_type=\"widget\" data-e-type=\"widget\" data-settings=\"{&quot;columns&quot;:3,&quot;aspect_ratio&quot;:&quot;1:1&quot;,&quot;lazyload&quot;:&quot;yes&quot;,&quot;gallery_layout&quot;:&quot;grid&quot;,&quot;columns_tablet&quot;:2,&quot;columns_mobile&quot;:1,&quot;gap&quot;:{&quot;unit&quot;:&quot;px&quot;,&quot;size&quot;:10,&quot;sizes&quot;:[]},&quot;gap_tablet&quot;:{&quot;unit&quot;:&quot;px&quot;,&quot;size&quot;:10,&quot;sizes&quot;:[]},&quot;gap_mobile&quot;:{&quot;unit&quot;:&quot;px&quot;,&quot;size&quot;:10,&quot;sizes&quot;:[]},&quot;link_to&quot;:&quot;file&quot;,&quot;overlay_background&quot;:&quot;yes&quot;,&quot;content_hover_animation&quot;:&quot;fade-in&quot;}\" data-widget_type=\"gallery.default\">\n\t\t\t\t<div class=\"elementor-widget-container\">\n\t\t\t\t\t\t\t<div class=\"elementor-gallery__container\">\n\t\t\t\t\t\t\t<a class=\"e-gallery-item elementor-gallery-item elementor-animated-content\" href=\"https:\/\/bucurestizoo.ro\/wp-content\/uploads\/2025\/02\/dromader-dt_1-Large.jpeg\" data-elementor-open-lightbox=\"yes\" data-elementor-lightbox-slideshow=\"6a6776aa\" data-elementor-lightbox-title=\"dromader dt_1 Large\" data-e-action-hash=\"#elementor-action%3Aaction%3Dlightbox%26settings%3DeyJpZCI6MTM2NTYsInVybCI6Imh0dHBzOlwvXC9idWN1cmVzdGl6b28ucm9cL3dwLWNvbnRlbnRcL3VwbG9hZHNcLzIwMjVcLzAyXC9kcm9tYWRlci1kdF8xLUxhcmdlLmpwZWciLCJzbGlkZXNob3ciOiI2YTY3NzZhYSJ9\">\n\t\t\t\t\t<div class=\"e-gallery-image elementor-gallery-item__image\" data-thumbnail=\"https:\/\/bucurestizoo.ro\/wp-content\/uploads\/2025\/02\/dromader-dt_1-Large-682x1024.jpeg\" data-width=\"682\" data-height=\"1024\" aria-label=\"\" role=\"img\" ><\/div>\n\t\t\t\t\t\t\t\t\t\t\t<div class=\"elementor-gallery-item__overlay\"><\/div>\n\t\t\t\t\t\t\t\t\t\t\t\t\t\t<\/a>\n\t\t\t\t\t\t\t<a class=\"e-gallery-item elementor-gallery-item elementor-animated-content\" href=\"https:\/\/bucurestizoo.ro\/wp-content\/uploads\/2025\/02\/dromader-dt_et-Large.jpeg\" data-elementor-open-lightbox=\"yes\" data-elementor-lightbox-slideshow=\"6a6776aa\" data-elementor-lightbox-title=\"dromader dt_et Large\" data-e-action-hash=\"#elementor-action%3Aaction%3Dlightbox%26settings%3DeyJpZCI6MTM2NTksInVybCI6Imh0dHBzOlwvXC9idWN1cmVzdGl6b28ucm9cL3dwLWNvbnRlbnRcL3VwbG9hZHNcLzIwMjVcLzAyXC9kcm9tYWRlci1kdF9ldC1MYXJnZS5qcGVnIiwic2xpZGVzaG93IjoiNmE2Nzc2YWEifQ%3D%3D\">\n\t\t\t\t\t<div class=\"e-gallery-image elementor-gallery-item__image\" data-thumbnail=\"https:\/\/bucurestizoo.ro\/wp-content\/uploads\/2025\/02\/dromader-dt_et-Large-1024x682.jpeg\" data-width=\"847\" data-height=\"564\" aria-label=\"\" role=\"img\" ><\/div>\n\t\t\t\t\t\t\t\t\t\t\t<div class=\"elementor-gallery-item__overlay\"><\/div>\n\t\t\t\t\t\t\t\t\t\t\t\t\t\t<\/a>\n\t\t\t\t\t\t\t<a class=\"e-gallery-item elementor-gallery-item elementor-animated-content\" href=\"https:\/\/bucurestizoo.ro\/wp-content\/uploads\/2025\/02\/dromader-dt_3-Large.jpeg\" data-elementor-open-lightbox=\"yes\" data-elementor-lightbox-slideshow=\"6a6776aa\" data-elementor-lightbox-title=\"dromader dt_3 Large\" data-e-action-hash=\"#elementor-action%3Aaction%3Dlightbox%26settings%3DeyJpZCI6MTM2NTgsInVybCI6Imh0dHBzOlwvXC9idWN1cmVzdGl6b28ucm9cL3dwLWNvbnRlbnRcL3VwbG9hZHNcLzIwMjVcLzAyXC9kcm9tYWRlci1kdF8zLUxhcmdlLmpwZWciLCJzbGlkZXNob3ciOiI2YTY3NzZhYSJ9\">\n\t\t\t\t\t<div class=\"e-gallery-image elementor-gallery-item__image\" data-thumbnail=\"https:\/\/bucurestizoo.ro\/wp-content\/uploads\/2025\/02\/dromader-dt_3-Large-1024x576.jpeg\" data-width=\"847\" data-height=\"476\" aria-label=\"\" role=\"img\" ><\/div>\n\t\t\t\t\t\t\t\t\t\t\t<div class=\"elementor-gallery-item__overlay\"><\/div>\n\t\t\t\t\t\t\t\t\t\t\t\t\t\t<\/a>\n\t\t\t\t\t<\/div>\n\t\t\t\t\t<\/div>\n\t\t\t\t<\/div>\n\t\t\t\t\t<\/div>\n\t\t\t\t<\/div>\n\t\t<div class=\"elementor-element elementor-element-648e88f6 animated-slow e-flex e-con-boxed elementor-invisible e-con e-parent\" data-id=\"648e88f6\" data-element_type=\"container\" data-e-type=\"container\" data-settings=\"{&quot;animation&quot;:&quot;fadeInRight&quot;}\">\n\t\t\t\t\t<div class=\"e-con-inner\">\n\t\t\t\t<div class=\"elementor-element elementor-element-21cef0a9 elementor-widget elementor-widget-heading\" data-id=\"21cef0a9\" data-element_type=\"widget\" data-e-type=\"widget\" data-widget_type=\"heading.default\">\n\t\t\t\t<div class=\"elementor-widget-container\">\n\t\t\t\t\t<h1 class=\"elementor-heading-title elementor-size-default\">Habitat:<\/h1>\t\t\t\t<\/div>\n\t\t\t\t<\/div>\n\t\t\t\t<div class=\"elementor-element elementor-element-1e0f7058 elementor-widget elementor-widget-text-editor\" data-id=\"1e0f7058\" data-element_type=\"widget\" data-e-type=\"widget\" data-widget_type=\"text-editor.default\">\n\t\t\t\t<div class=\"elementor-widget-container\">\n\t\t\t\t\t\t\t\t\t<p>Dromaderii sunt originari din regiunile de\u0219ertice ale Africii \u0219i Orientului Mijlociu, iar ast\u0103zi pot fi \u00eent\u00e2lni\u021bi \u00een multe p\u0103r\u021bi ale lumii, \u00een special \u00een zonele de\u0219ertice, unde sunt crescu\u021bi at\u00e2t pentru transport, c\u00e2t \u0219i pentru lapte \u0219i carne. Adaptabilitatea lor le permite s\u0103 tr\u0103iasc\u0103 \u00een condi\u021bii extreme, departe de sursele de ap\u0103, av\u00e2nd un rol esen\u021bial \u00een via\u021ba comunit\u0103\u021bilor care tr\u0103iesc \u00een aceste regiuni.<\/p>\t\t\t\t\t\t\t\t<\/div>\n\t\t\t\t<\/div>\n\t\t\t\t\t<\/div>\n\t\t\t\t<\/div>\n\t\t<div class=\"elementor-element elementor-element-86674bf e-grid e-con-boxed e-con e-parent\" data-id=\"86674bf\" data-element_type=\"container\" data-e-type=\"container\">\n\t\t\t\t\t<div class=\"e-con-inner\">\n\t\t<div class=\"elementor-element elementor-element-1c639443 e-con-full animated-slow e-flex elementor-invisible e-con e-child\" data-id=\"1c639443\" data-element_type=\"container\" data-e-type=\"container\" data-settings=\"{&quot;animation&quot;:&quot;fadeInLeft&quot;}\">\n\t\t\t\t<div class=\"elementor-element elementor-element-60349e3a elementor-widget elementor-widget-heading\" data-id=\"60349e3a\" data-element_type=\"widget\" data-e-type=\"widget\" data-widget_type=\"heading.default\">\n\t\t\t\t<div class=\"elementor-widget-container\">\n\t\t\t\t\t<h1 class=\"elementor-heading-title elementor-size-default\">Hran\u0103:<\/h1>\t\t\t\t<\/div>\n\t\t\t\t<\/div>\n\t\t\t\t<div class=\"elementor-element elementor-element-15caf8ab elementor-widget elementor-widget-text-editor\" data-id=\"15caf8ab\" data-element_type=\"widget\" data-e-type=\"widget\" data-widget_type=\"text-editor.default\">\n\t\t\t\t<div class=\"elementor-widget-container\">\n\t\t\t\t\t\t\t\t\t<p>Dromaderul este un erbivor care se hr\u0103ne\u0219te cu o diet\u0103 bazat\u0103 pe vegetatie uscat\u0103 cum ar fi ierburi, arbu\u0219ti \u0219i chiar fructe sau r\u0103d\u0103cini. De asemenea, datorit\u0103 metabolismului s\u0103u eficient, dromaderul poate extrage o mare parte din ap\u0103 din vegeta\u021bia pe care o consum\u0103, evit\u00e2ndu-se astfel nevoia de a bea frecvent.<\/p>\t\t\t\t\t\t\t\t<\/div>\n\t\t\t\t<\/div>\n\t\t\t\t<\/div>\n\t\t<div class=\"elementor-element elementor-element-c50c0b8 e-con-full animated-slow e-flex elementor-invisible e-con e-child\" data-id=\"c50c0b8\" data-element_type=\"container\" data-e-type=\"container\" data-settings=\"{&quot;animation&quot;:&quot;fadeInRight&quot;}\">\n\t\t\t\t<div class=\"elementor-element elementor-element-2ff1ddb7 elementor-widget elementor-widget-heading\" data-id=\"2ff1ddb7\" data-element_type=\"widget\" data-e-type=\"widget\" data-widget_type=\"heading.default\">\n\t\t\t\t<div class=\"elementor-widget-container\">\n\t\t\t\t\t<h1 class=\"elementor-heading-title elementor-size-default\">Conservare:<\/h1>\t\t\t\t<\/div>\n\t\t\t\t<\/div>\n\t\t\t\t<div class=\"elementor-element elementor-element-1dd99d4b elementor-widget elementor-widget-text-editor\" data-id=\"1dd99d4b\" data-element_type=\"widget\" data-e-type=\"widget\" data-widget_type=\"text-editor.default\">\n\t\t\t\t<div class=\"elementor-widget-container\">\n\t\t\t\t\t\t\t\t\t<p>Dromaderul nu este o specie amenin\u021bat\u0103 la nivel global, iar conservarea acestora \u00een s\u0103lb\u0103ticie nu este o preocupare major\u0103.<\/p>\t\t\t\t\t\t\t\t<\/div>\n\t\t\t\t<\/div>\n\t\t\t\t<\/div>\n\t\t\t\t\t<\/div>\n\t\t\t\t<\/div>\n\t\t<div class=\"elementor-element elementor-element-9f8bda3 animated-slow e-flex e-con-boxed elementor-invisible e-con e-parent\" data-id=\"9f8bda3\" data-element_type=\"container\" data-e-type=\"container\" data-settings=\"{&quot;animation&quot;:&quot;fadeInRight&quot;}\">\n\t\t\t\t\t<div class=\"e-con-inner\">\n\t\t\t\t<div class=\"elementor-element elementor-element-fae8148 elementor-widget elementor-widget-heading\" data-id=\"fae8148\" data-element_type=\"widget\" data-e-type=\"widget\" data-widget_type=\"heading.default\">\n\t\t\t\t<div class=\"elementor-widget-container\">\n\t\t\t\t\t<h1 class=\"elementor-heading-title elementor-size-default\">La Gr\u0103dina Zoologic\u0103 Bucure\u0219ti:<\/h1>\t\t\t\t<\/div>\n\t\t\t\t<\/div>\n\t\t\t\t<div class=\"elementor-element elementor-element-f83a143 elementor-widget elementor-widget-text-editor\" data-id=\"f83a143\" data-element_type=\"widget\" data-e-type=\"widget\" data-widget_type=\"text-editor.default\">\n\t\t\t\t<div class=\"elementor-widget-container\">\n\t\t\t\t\t\t\t\t\t<p>La Gr\u0103dina Zoologic\u0103 Bucure\u0219ti, dromaderul este un loc de atrac\u021bie pentru vizitatori, oferind ocazia de a observa aceast\u0103 specie remarcabil\u0103.<\/p>\t\t\t\t\t\t\t\t<\/div>\n\t\t\t\t<\/div>\n\t\t\t\t\t<\/div>\n\t\t\t\t<\/div>\n\t\t\t\t<\/div>","protected":false},"excerpt":{"rendered":"<p>Dromader Denumire \u0219tiin\u021bific\u0103: Camelus dromedariusOrdin: ArtiodactylaFamilie: CamelidaeGen: CamelusSpecie: C. dromedariusDistribu\u021bie: Africa, Orientul MijlociuDimensiuni: 2,2-3,4 m lungime, 1,7-2,4 m la greab\u0103nGreutate: 400-700 kgPerioada de gesta\u021bie: 360-420 zileNum\u0103r de pui: 1Speran\u021b\u0103 de via\u021b\u0103: 40 ani \u00een s\u0103lb\u0103ticie, iar \u00een captivitate poate tr\u0103i chiar mai mult, datorit\u0103 \u00eengrijirii \u0219i alimenta\u021biei regulate. General: De\u0219i este renumit pentru abilitatea sa &hellip; <a href=\"https:\/\/bucurestizoo.ro\/en\/dromader\/\" class=\"more-link\">Continue reading <span class=\"screen-reader-text\">Dromader<\/span><\/a><\/p>","protected":false},"author":1,"featured_media":0,"parent":0,"menu_order":0,"comment_status":"closed","ping_status":"closed","template":"","meta":{"_monsterinsights_skip_tracking":false,"_monsterinsights_sitenote_active":false,"_monsterinsights_sitenote_note":"","_monsterinsights_sitenote_category":0,"footnotes":""},"class_list":["post-13669","page","type-page","status-publish","hentry"],"aioseo_notices":[],"_links":{"self":[{"href":"https:\/\/bucurestizoo.ro\/en\/wp-json\/wp\/v2\/pages\/13669","targetHints":{"allow":["GET"]}}],"collection":[{"href":"https:\/\/bucurestizoo.ro\/en\/wp-json\/wp\/v2\/pages"}],"about":[{"href":"https:\/\/bucurestizoo.ro\/en\/wp-json\/wp\/v2\/types\/page"}],"author":[{"embeddable":true,"href":"https:\/\/bucurestizoo.ro\/en\/wp-json\/wp\/v2\/users\/1"}],"replies":[{"embeddable":true,"href":"https:\/\/bucurestizoo.ro\/en\/wp-json\/wp\/v2\/comments?post=13669"}],"version-history":[{"count":4,"href":"https:\/\/bucurestizoo.ro\/en\/wp-json\/wp\/v2\/pages\/13669\/revisions"}],"predecessor-version":[{"id":13685,"href":"https:\/\/bucurestizoo.ro\/en\/wp-json\/wp\/v2\/pages\/13669\/revisions\/13685"}],"wp:attachment":[{"href":"https:\/\/bucurestizoo.ro\/en\/wp-json\/wp\/v2\/media?parent=13669"}],"curies":[{"name":"wp","href":"https:\/\/api.w.org\/{rel}","templated":true}]}}