{"id":13668,"date":"2025-02-20T16:19:57","date_gmt":"2025-02-20T14:19:57","guid":{"rendered":"https:\/\/n1.bucurestizoo.ro\/?page_id=13668"},"modified":"2025-02-20T16:26:37","modified_gmt":"2025-02-20T14:26:37","slug":"puma","status":"publish","type":"page","link":"https:\/\/bucurestizoo.ro\/en\/puma\/","title":{"rendered":"Puma"},"content":{"rendered":"<div data-elementor-type=\"wp-page\" data-elementor-id=\"13668\" class=\"elementor elementor-13668\" data-elementor-post-type=\"page\">\n\t\t\t\t<div class=\"elementor-element elementor-element-65eb8396 e-flex e-con-boxed e-con e-parent\" data-id=\"65eb8396\" data-element_type=\"container\" data-e-type=\"container\" data-settings=\"{&quot;background_background&quot;:&quot;classic&quot;}\">\n\t\t\t\t\t<div class=\"e-con-inner\">\n\t\t<div class=\"elementor-element elementor-element-5adb6e2e e-con-full e-flex e-con e-child\" data-id=\"5adb6e2e\" data-element_type=\"container\" data-e-type=\"container\">\n\t\t<div class=\"elementor-element elementor-element-16cb95b6 e-con-full animated-slow e-flex elementor-invisible e-con e-child\" data-id=\"16cb95b6\" data-element_type=\"container\" data-e-type=\"container\" data-settings=\"{&quot;animation&quot;:&quot;fadeInLeft&quot;}\">\n\t\t\t\t<div class=\"elementor-element elementor-element-a0b2c3f elementor-widget elementor-widget-heading\" data-id=\"a0b2c3f\" data-element_type=\"widget\" data-e-type=\"widget\" data-widget_type=\"heading.default\">\n\t\t\t\t<div class=\"elementor-widget-container\">\n\t\t\t\t\t<h1 class=\"elementor-heading-title elementor-size-default\">Puma<\/h1>\t\t\t\t<\/div>\n\t\t\t\t<\/div>\n\t\t\t\t<div class=\"elementor-element elementor-element-6c22f1f0 elementor-widget elementor-widget-text-editor\" data-id=\"6c22f1f0\" data-element_type=\"widget\" data-e-type=\"widget\" data-widget_type=\"text-editor.default\">\n\t\t\t\t<div class=\"elementor-widget-container\">\n\t\t\t\t\t\t\t\t\t<p><strong data-start=\"0\" data-end=\"25\" data-is-only-node=\"\">Denumire \u0219tiin\u021bific\u0103:<\/strong> Puma concolor<br data-start=\"39\" data-end=\"42\" \/><strong data-start=\"42\" data-end=\"52\">Ordin:<\/strong> Carnivora<br data-start=\"62\" data-end=\"65\" \/><strong data-start=\"65\" data-end=\"77\">Familie:<\/strong> Felidae<br data-start=\"85\" data-end=\"88\" \/><strong data-start=\"88\" data-end=\"96\">Gen:<\/strong> Puma<br data-start=\"101\" data-end=\"104\" \/><strong data-start=\"104\" data-end=\"115\">Specie:<\/strong> P. concolor<br data-start=\"127\" data-end=\"130\" \/><strong data-start=\"130\" data-end=\"146\">Distribu\u021bie:<\/strong> America de Nord, Central\u0103 \u0219i de Sud<br data-start=\"182\" data-end=\"185\" \/><strong data-start=\"185\" data-end=\"200\">Dimensiuni:<\/strong> 1,5-2,7 m lungime (inclusiv coada, care reprezint\u0103 aproape o treime din corp)<br data-start=\"278\" data-end=\"281\" \/><strong data-start=\"281\" data-end=\"294\">Greutate:<\/strong> 30-100 kg (masculii sunt mai mari dec\u00e2t femelele)<br data-start=\"344\" data-end=\"347\" \/><strong data-start=\"347\" data-end=\"372\">Perioada de gesta\u021bie:<\/strong> 90-96 zile<br data-start=\"383\" data-end=\"386\" \/><strong data-start=\"386\" data-end=\"403\">Num\u0103r de pui:<\/strong> 2-4<br data-start=\"407\" data-end=\"410\" \/><strong data-start=\"410\" data-end=\"432\">Speran\u021b\u0103 de via\u021b\u0103:<\/strong> 12-18 ani \u00een s\u0103lb\u0103ticie, \u00een captivitate mai mult<\/p>\t\t\t\t\t\t\t\t<\/div>\n\t\t\t\t<\/div>\n\t\t\t\t<\/div>\n\t\t\t\t<div class=\"elementor-element elementor-element-464e6b3d elementor-widget-tablet__width-inherit animated-slow elementor-invisible elementor-widget elementor-widget-image\" data-id=\"464e6b3d\" data-element_type=\"widget\" data-e-type=\"widget\" data-settings=\"{&quot;_animation&quot;:&quot;fadeInRight&quot;}\" data-widget_type=\"image.default\">\n\t\t\t\t<div class=\"elementor-widget-container\">\n\t\t\t\t\t\t\t\t\t\t\t\t\t\t\t<img fetchpriority=\"high\" decoding=\"async\" width=\"847\" height=\"564\" src=\"https:\/\/bucurestizoo.ro\/wp-content\/uploads\/2025\/02\/puma-dt_et-Large-1024x682.jpeg\" class=\"attachment-large size-large wp-image-13663\" alt=\"\" srcset=\"https:\/\/bucurestizoo.ro\/wp-content\/uploads\/2025\/02\/puma-dt_et-Large-1024x682.jpeg 1024w, https:\/\/bucurestizoo.ro\/wp-content\/uploads\/2025\/02\/puma-dt_et-Large-300x200.jpeg 300w, https:\/\/bucurestizoo.ro\/wp-content\/uploads\/2025\/02\/puma-dt_et-Large-768x511.jpeg 768w, https:\/\/bucurestizoo.ro\/wp-content\/uploads\/2025\/02\/puma-dt_et-Large-451x300.jpeg 451w, https:\/\/bucurestizoo.ro\/wp-content\/uploads\/2025\/02\/puma-dt_et-Large-650x433.jpeg 650w, https:\/\/bucurestizoo.ro\/wp-content\/uploads\/2025\/02\/puma-dt_et-Large.jpeg 1280w\" sizes=\"(max-width: 847px) 100vw, 847px\" data-id=\"13663\" \/>\t\t\t\t\t\t\t\t\t\t\t\t\t\t\t<\/div>\n\t\t\t\t<\/div>\n\t\t\t\t<\/div>\n\t\t\t\t\t<\/div>\n\t\t\t\t<\/div>\n\t\t<div class=\"elementor-element elementor-element-6337f5f2 animated-slow e-flex e-con-boxed elementor-invisible e-con e-parent\" data-id=\"6337f5f2\" data-element_type=\"container\" data-e-type=\"container\" data-settings=\"{&quot;animation&quot;:&quot;fadeInLeft&quot;}\">\n\t\t\t\t\t<div class=\"e-con-inner\">\n\t\t\t\t<div class=\"elementor-element elementor-element-1497e442 elementor-widget elementor-widget-heading\" data-id=\"1497e442\" data-element_type=\"widget\" data-e-type=\"widget\" data-widget_type=\"heading.default\">\n\t\t\t\t<div class=\"elementor-widget-container\">\n\t\t\t\t\t<h1 class=\"elementor-heading-title elementor-size-default\">General:<\/h1>\t\t\t\t<\/div>\n\t\t\t\t<\/div>\n\t\t\t\t<div class=\"elementor-element elementor-element-1dcd4621 elementor-widget elementor-widget-text-editor\" data-id=\"1dcd4621\" data-element_type=\"widget\" data-e-type=\"widget\" data-widget_type=\"text-editor.default\">\n\t\t\t\t<div class=\"elementor-widget-container\">\n\t\t\t\t\t\t\t\t\t<p>Elegant\u0103, puternic\u0103 \u0219i misterioas\u0103, puma este unul dintre cei mai versatili pr\u0103d\u0103tori din lume.Puma este un pr\u0103d\u0103tor solitar \u0219i extrem de teritorial. De\u0219i este cel mai mare dintre a\u0219a-numi\u021bii \u201emici\u201d felini, nu poate rage ca leii, \u00eens\u0103 are abilitatea de a toarce, asemenea pisicilor domestice. Blana sa scurt\u0103 este de culoare uniform\u0103, variind de la galben-maroniu la gri-cenu\u0219iu, ceea ce i-a adus denumirea de \u201epuma concolor\u201d (\u201ede o singur\u0103 culoare\u201d). Coada lung\u0103 \u0219i groas\u0103 \u00eel ajut\u0103 la echilibru \u00een timpul salturilor. Capul este relativ mic, cu urechi rotunjite \u0219i ochi expresivi, adaptat pentru v\u00e2n\u0103toare nocturn\u0103. Poate s\u0103ri peste 5 metri \u00een\u0103l\u021bime \u0219i p\u00e2n\u0103 la 12 metri \u00een lungime. Alearg\u0103 cu viteze foarte mari, dar prefer\u0103 s\u0103 v\u00e2neze prin ambuscad\u0103, p\u00e2ndind prada \u0219i atac\u00e2nd-o printr-o s\u0103ritur\u0103 fulger\u0103toare.<\/p>\t\t\t\t\t\t\t\t<\/div>\n\t\t\t\t<\/div>\n\t\t\t\t\t<\/div>\n\t\t\t\t<\/div>\n\t\t<div class=\"elementor-element elementor-element-7343d0a2 e-flex e-con-boxed e-con e-parent\" data-id=\"7343d0a2\" data-element_type=\"container\" data-e-type=\"container\">\n\t\t\t\t\t<div class=\"e-con-inner\">\n\t\t\t\t<div class=\"elementor-element elementor-element-74f14343 elementor-widget elementor-widget-gallery\" data-id=\"74f14343\" data-element_type=\"widget\" data-e-type=\"widget\" data-settings=\"{&quot;columns&quot;:3,&quot;lazyload&quot;:&quot;yes&quot;,&quot;gallery_layout&quot;:&quot;grid&quot;,&quot;columns_tablet&quot;:2,&quot;columns_mobile&quot;:1,&quot;gap&quot;:{&quot;unit&quot;:&quot;px&quot;,&quot;size&quot;:10,&quot;sizes&quot;:[]},&quot;gap_tablet&quot;:{&quot;unit&quot;:&quot;px&quot;,&quot;size&quot;:10,&quot;sizes&quot;:[]},&quot;gap_mobile&quot;:{&quot;unit&quot;:&quot;px&quot;,&quot;size&quot;:10,&quot;sizes&quot;:[]},&quot;link_to&quot;:&quot;file&quot;,&quot;aspect_ratio&quot;:&quot;3:2&quot;,&quot;overlay_background&quot;:&quot;yes&quot;,&quot;content_hover_animation&quot;:&quot;fade-in&quot;}\" data-widget_type=\"gallery.default\">\n\t\t\t\t<div class=\"elementor-widget-container\">\n\t\t\t\t\t\t\t<div class=\"elementor-gallery__container\">\n\t\t\t\t\t\t\t<a class=\"e-gallery-item elementor-gallery-item elementor-animated-content\" href=\"https:\/\/bucurestizoo.ro\/wp-content\/uploads\/2025\/02\/puma-dt_2-Large.jpeg\" data-elementor-open-lightbox=\"yes\" data-elementor-lightbox-slideshow=\"74f14343\" data-elementor-lightbox-title=\"puma dt_2 Large\" data-e-action-hash=\"#elementor-action%3Aaction%3Dlightbox%26settings%3DeyJpZCI6MTM2NjEsInVybCI6Imh0dHBzOlwvXC9idWN1cmVzdGl6b28ucm9cL3dwLWNvbnRlbnRcL3VwbG9hZHNcLzIwMjVcLzAyXC9wdW1hLWR0XzItTGFyZ2UuanBlZyIsInNsaWRlc2hvdyI6Ijc0ZjE0MzQzIn0%3D\">\n\t\t\t\t\t<div class=\"e-gallery-image elementor-gallery-item__image\" data-thumbnail=\"https:\/\/bucurestizoo.ro\/wp-content\/uploads\/2025\/02\/puma-dt_2-Large-1024x680.jpeg\" data-width=\"847\" data-height=\"562\" aria-label=\"\" role=\"img\" ><\/div>\n\t\t\t\t\t\t\t\t\t\t\t<div class=\"elementor-gallery-item__overlay\"><\/div>\n\t\t\t\t\t\t\t\t\t\t\t\t\t\t<\/a>\n\t\t\t\t\t\t\t<a class=\"e-gallery-item elementor-gallery-item elementor-animated-content\" href=\"https:\/\/bucurestizoo.ro\/wp-content\/uploads\/2025\/02\/puma-dt_1-Large.jpeg\" data-elementor-open-lightbox=\"yes\" data-elementor-lightbox-slideshow=\"74f14343\" data-elementor-lightbox-title=\"puma dt_1 Large\" data-e-action-hash=\"#elementor-action%3Aaction%3Dlightbox%26settings%3DeyJpZCI6MTM2NjAsInVybCI6Imh0dHBzOlwvXC9idWN1cmVzdGl6b28ucm9cL3dwLWNvbnRlbnRcL3VwbG9hZHNcLzIwMjVcLzAyXC9wdW1hLWR0XzEtTGFyZ2UuanBlZyIsInNsaWRlc2hvdyI6Ijc0ZjE0MzQzIn0%3D\">\n\t\t\t\t\t<div class=\"e-gallery-image elementor-gallery-item__image\" data-thumbnail=\"https:\/\/bucurestizoo.ro\/wp-content\/uploads\/2025\/02\/puma-dt_1-Large-1024x681.jpeg\" data-width=\"847\" data-height=\"563\" aria-label=\"\" role=\"img\" ><\/div>\n\t\t\t\t\t\t\t\t\t\t\t<div class=\"elementor-gallery-item__overlay\"><\/div>\n\t\t\t\t\t\t\t\t\t\t\t\t\t\t<\/a>\n\t\t\t\t\t\t\t<a class=\"e-gallery-item elementor-gallery-item elementor-animated-content\" href=\"https:\/\/bucurestizoo.ro\/wp-content\/uploads\/2025\/02\/puma-dt_3-Large.jpeg\" data-elementor-open-lightbox=\"yes\" data-elementor-lightbox-slideshow=\"74f14343\" data-elementor-lightbox-title=\"puma dt_3 Large\" data-e-action-hash=\"#elementor-action%3Aaction%3Dlightbox%26settings%3DeyJpZCI6MTM2NjIsInVybCI6Imh0dHBzOlwvXC9idWN1cmVzdGl6b28ucm9cL3dwLWNvbnRlbnRcL3VwbG9hZHNcLzIwMjVcLzAyXC9wdW1hLWR0XzMtTGFyZ2UuanBlZyIsInNsaWRlc2hvdyI6Ijc0ZjE0MzQzIn0%3D\">\n\t\t\t\t\t<div class=\"e-gallery-image elementor-gallery-item__image\" data-thumbnail=\"https:\/\/bucurestizoo.ro\/wp-content\/uploads\/2025\/02\/puma-dt_3-Large-1024x730.jpeg\" data-width=\"847\" data-height=\"604\" aria-label=\"\" role=\"img\" ><\/div>\n\t\t\t\t\t\t\t\t\t\t\t<div class=\"elementor-gallery-item__overlay\"><\/div>\n\t\t\t\t\t\t\t\t\t\t\t\t\t\t<\/a>\n\t\t\t\t\t<\/div>\n\t\t\t\t\t<\/div>\n\t\t\t\t<\/div>\n\t\t\t\t\t<\/div>\n\t\t\t\t<\/div>\n\t\t<div class=\"elementor-element elementor-element-496af807 animated-slow e-flex e-con-boxed elementor-invisible e-con e-parent\" data-id=\"496af807\" data-element_type=\"container\" data-e-type=\"container\" data-settings=\"{&quot;animation&quot;:&quot;fadeInRight&quot;}\">\n\t\t\t\t\t<div class=\"e-con-inner\">\n\t\t\t\t<div class=\"elementor-element elementor-element-64d4ef93 elementor-widget elementor-widget-heading\" data-id=\"64d4ef93\" data-element_type=\"widget\" data-e-type=\"widget\" data-widget_type=\"heading.default\">\n\t\t\t\t<div class=\"elementor-widget-container\">\n\t\t\t\t\t<h1 class=\"elementor-heading-title elementor-size-default\">Habitat:<\/h1>\t\t\t\t<\/div>\n\t\t\t\t<\/div>\n\t\t\t\t<div class=\"elementor-element elementor-element-31fdef78 elementor-widget elementor-widget-text-editor\" data-id=\"31fdef78\" data-element_type=\"widget\" data-e-type=\"widget\" data-widget_type=\"text-editor.default\">\n\t\t\t\t<div class=\"elementor-widget-container\">\n\t\t\t\t\t\t\t\t\t<p>Mun\u021bi, p\u0103duri, de\u0219erturi<\/p>\t\t\t\t\t\t\t\t<\/div>\n\t\t\t\t<\/div>\n\t\t\t\t\t<\/div>\n\t\t\t\t<\/div>\n\t\t<div class=\"elementor-element elementor-element-438bcded e-grid e-con-boxed e-con e-parent\" data-id=\"438bcded\" data-element_type=\"container\" data-e-type=\"container\">\n\t\t\t\t\t<div class=\"e-con-inner\">\n\t\t<div class=\"elementor-element elementor-element-49b92292 e-con-full animated-slow e-flex elementor-invisible e-con e-child\" data-id=\"49b92292\" data-element_type=\"container\" data-e-type=\"container\" data-settings=\"{&quot;animation&quot;:&quot;fadeInLeft&quot;}\">\n\t\t\t\t<div class=\"elementor-element elementor-element-10d720f1 elementor-widget elementor-widget-heading\" data-id=\"10d720f1\" data-element_type=\"widget\" data-e-type=\"widget\" data-widget_type=\"heading.default\">\n\t\t\t\t<div class=\"elementor-widget-container\">\n\t\t\t\t\t<h1 class=\"elementor-heading-title elementor-size-default\">Hran\u0103:<\/h1>\t\t\t\t<\/div>\n\t\t\t\t<\/div>\n\t\t\t\t<div class=\"elementor-element elementor-element-4d2e8eef elementor-widget elementor-widget-text-editor\" data-id=\"4d2e8eef\" data-element_type=\"widget\" data-e-type=\"widget\" data-widget_type=\"text-editor.default\">\n\t\t\t\t<div class=\"elementor-widget-container\">\n\t\t\t\t\t\t\t\t\t<p>Puma este un carnivor oportunist,care se hr\u0103ne\u0219te cu o gam\u0103 variat\u0103 de animale (cerbi, iepuri, roz\u0103toare). Este un pr\u0103d\u0103tor subtil, care \u00ee\u0219i folose\u0219te camuflajul, r\u0103bdarea \u0219i agilitatea pentru a prinde prada. Beneficiind de o vedere excep\u021bional\u0103, chiar \u0219i pe timp de noapte, poate detecta victima de la distan\u021b\u0103.\u00a0<\/p>\t\t\t\t\t\t\t\t<\/div>\n\t\t\t\t<\/div>\n\t\t\t\t<\/div>\n\t\t<div class=\"elementor-element elementor-element-6306dc36 e-con-full animated-slow e-flex elementor-invisible e-con e-child\" data-id=\"6306dc36\" data-element_type=\"container\" data-e-type=\"container\" data-settings=\"{&quot;animation&quot;:&quot;fadeInRight&quot;}\">\n\t\t\t\t<div class=\"elementor-element elementor-element-7dd35a6f elementor-widget elementor-widget-heading\" data-id=\"7dd35a6f\" data-element_type=\"widget\" data-e-type=\"widget\" data-widget_type=\"heading.default\">\n\t\t\t\t<div class=\"elementor-widget-container\">\n\t\t\t\t\t<h1 class=\"elementor-heading-title elementor-size-default\">Conservare:<\/h1>\t\t\t\t<\/div>\n\t\t\t\t<\/div>\n\t\t\t\t<div class=\"elementor-element elementor-element-b059224 elementor-widget elementor-widget-text-editor\" data-id=\"b059224\" data-element_type=\"widget\" data-e-type=\"widget\" data-widget_type=\"text-editor.default\">\n\t\t\t\t<div class=\"elementor-widget-container\">\n\t\t\t\t\t\t\t\t\t<p><b>\u00a0<\/b>Nu este amenin\u021bat\u0103 la nivel global, dar unele popula\u021bii sunt \u00een pericol din cauza desp\u0103duririi \u0219i pierderii habitatului<\/p>\t\t\t\t\t\t\t\t<\/div>\n\t\t\t\t<\/div>\n\t\t\t\t<\/div>\n\t\t\t\t\t<\/div>\n\t\t\t\t<\/div>\n\t\t<div class=\"elementor-element elementor-element-65aead0 animated-slow e-flex e-con-boxed elementor-invisible e-con e-parent\" data-id=\"65aead0\" data-element_type=\"container\" data-e-type=\"container\" data-settings=\"{&quot;animation&quot;:&quot;fadeInRight&quot;}\">\n\t\t\t\t\t<div class=\"e-con-inner\">\n\t\t\t\t<div class=\"elementor-element elementor-element-6015b21 elementor-widget elementor-widget-heading\" data-id=\"6015b21\" data-element_type=\"widget\" data-e-type=\"widget\" data-widget_type=\"heading.default\">\n\t\t\t\t<div class=\"elementor-widget-container\">\n\t\t\t\t\t<h1 class=\"elementor-heading-title elementor-size-default\">La Zoo Bucure\u0219ti:<\/h1>\t\t\t\t<\/div>\n\t\t\t\t<\/div>\n\t\t\t\t<div class=\"elementor-element elementor-element-732f76a elementor-widget elementor-widget-text-editor\" data-id=\"732f76a\" data-element_type=\"widget\" data-e-type=\"widget\" data-widget_type=\"text-editor.default\">\n\t\t\t\t<div class=\"elementor-widget-container\">\n\t\t\t\t\t\t\t\t\t<p>La Gr\u0103dina Zoologic\u0103 Bucure\u0219ti, pot fi admirate dou\u0103 exemplare impresionante de pum\u0103. Aceste feline elegante sunt g\u0103zduite \u00eentr-un spa\u021biu special amenajat, unde vizitatorii pot observa comportamentul lor agil \u0219i gra\u021bios. De\u0219i \u00een s\u0103lb\u0103ticie sunt pr\u0103d\u0103tori solitari, la zoo, pumele sunt \u00eengrijite atent, av\u00e2nd un regim alimentar echilibrat \u0219i un mediu care le permite s\u0103 \u00ee\u0219i exprime comportamentele naturale. Prezen\u021ba lor ofer\u0103 ocazia de a \u00eenv\u0103\u021ba mai multe despre aceast\u0103 specie fascinant\u0103, cunoscut\u0103 \u0219i sub numele de &#8222;fantoma mun\u021bilor&#8221; datorit\u0103 capacit\u0103\u021bii sale de a se deplasa neobservat\u0103 prin habitatul s\u0103u vast.<\/p>\t\t\t\t\t\t\t\t<\/div>\n\t\t\t\t<\/div>\n\t\t\t\t\t<\/div>\n\t\t\t\t<\/div>\n\t\t\t\t<\/div>","protected":false},"excerpt":{"rendered":"<p>Puma Denumire \u0219tiin\u021bific\u0103: Puma concolorOrdin: CarnivoraFamilie: FelidaeGen: PumaSpecie: P. concolorDistribu\u021bie: America de Nord, Central\u0103 \u0219i de SudDimensiuni: 1,5-2,7 m lungime (inclusiv coada, care reprezint\u0103 aproape o treime din corp)Greutate: 30-100 kg (masculii sunt mai mari dec\u00e2t femelele)Perioada de gesta\u021bie: 90-96 zileNum\u0103r de pui: 2-4Speran\u021b\u0103 de via\u021b\u0103: 12-18 ani \u00een s\u0103lb\u0103ticie, \u00een captivitate mai mult General: &hellip; <a href=\"https:\/\/bucurestizoo.ro\/en\/puma\/\" class=\"more-link\">Continue reading <span class=\"screen-reader-text\">Puma<\/span><\/a><\/p>","protected":false},"author":1,"featured_media":0,"parent":0,"menu_order":0,"comment_status":"closed","ping_status":"closed","template":"","meta":{"_monsterinsights_skip_tracking":false,"_monsterinsights_sitenote_active":false,"_monsterinsights_sitenote_note":"","_monsterinsights_sitenote_category":0,"footnotes":""},"class_list":["post-13668","page","type-page","status-publish","hentry"],"aioseo_notices":[],"_links":{"self":[{"href":"https:\/\/bucurestizoo.ro\/en\/wp-json\/wp\/v2\/pages\/13668","targetHints":{"allow":["GET"]}}],"collection":[{"href":"https:\/\/bucurestizoo.ro\/en\/wp-json\/wp\/v2\/pages"}],"about":[{"href":"https:\/\/bucurestizoo.ro\/en\/wp-json\/wp\/v2\/types\/page"}],"author":[{"embeddable":true,"href":"https:\/\/bucurestizoo.ro\/en\/wp-json\/wp\/v2\/users\/1"}],"replies":[{"embeddable":true,"href":"https:\/\/bucurestizoo.ro\/en\/wp-json\/wp\/v2\/comments?post=13668"}],"version-history":[{"count":4,"href":"https:\/\/bucurestizoo.ro\/en\/wp-json\/wp\/v2\/pages\/13668\/revisions"}],"predecessor-version":[{"id":13682,"href":"https:\/\/bucurestizoo.ro\/en\/wp-json\/wp\/v2\/pages\/13668\/revisions\/13682"}],"wp:attachment":[{"href":"https:\/\/bucurestizoo.ro\/en\/wp-json\/wp\/v2\/media?parent=13668"}],"curies":[{"name":"wp","href":"https:\/\/api.w.org\/{rel}","templated":true}]}}