{"id":13667,"date":"2025-02-20T16:19:46","date_gmt":"2025-02-20T14:19:46","guid":{"rendered":"https:\/\/n1.bucurestizoo.ro\/?page_id=13667"},"modified":"2025-02-20T16:23:52","modified_gmt":"2025-02-20T14:23:52","slug":"caprele-pitice","status":"publish","type":"page","link":"https:\/\/bucurestizoo.ro\/en\/caprele-pitice\/","title":{"rendered":"Caprele Pitice"},"content":{"rendered":"<div data-elementor-type=\"wp-page\" data-elementor-id=\"13667\" class=\"elementor elementor-13667\" data-elementor-post-type=\"page\">\n\t\t\t\t<div class=\"elementor-element elementor-element-37967c1a e-flex e-con-boxed e-con e-parent\" data-id=\"37967c1a\" data-element_type=\"container\" data-e-type=\"container\" data-settings=\"{&quot;background_background&quot;:&quot;classic&quot;}\">\n\t\t\t\t\t<div class=\"e-con-inner\">\n\t\t<div class=\"elementor-element elementor-element-65d68d7f e-con-full e-flex e-con e-child\" data-id=\"65d68d7f\" data-element_type=\"container\" data-e-type=\"container\">\n\t\t<div class=\"elementor-element elementor-element-5fc57e18 e-con-full animated-slow e-flex elementor-invisible e-con e-child\" data-id=\"5fc57e18\" data-element_type=\"container\" data-e-type=\"container\" data-settings=\"{&quot;animation&quot;:&quot;fadeInLeft&quot;}\">\n\t\t\t\t<div class=\"elementor-element elementor-element-7143b0b3 elementor-widget elementor-widget-heading\" data-id=\"7143b0b3\" data-element_type=\"widget\" data-e-type=\"widget\" data-widget_type=\"heading.default\">\n\t\t\t\t<div class=\"elementor-widget-container\">\n\t\t\t\t\t<h1 class=\"elementor-heading-title elementor-size-default\">Caprele pitice<\/h1>\t\t\t\t<\/div>\n\t\t\t\t<\/div>\n\t\t\t\t<div class=\"elementor-element elementor-element-22ed0181 elementor-widget elementor-widget-text-editor\" data-id=\"22ed0181\" data-element_type=\"widget\" data-e-type=\"widget\" data-widget_type=\"text-editor.default\">\n\t\t\t\t<div class=\"elementor-widget-container\">\n\t\t\t\t\t\t\t\t\t<p><strong>Denumire \u0219tiin\u021bific\u0103:<\/strong> Capra aegagrus hircus<br \/><strong>Ordin:<\/strong> Artiodactyla<br \/><strong>Familie:<\/strong> Bovidae<br \/><strong>Gen:<\/strong> Capra<br \/><strong>Specie:<\/strong> C. aegagrus hircus<br \/><strong>Distribu\u021bie:<\/strong> Crescute \u00een captivitate \u00een \u00eentreaga lume<br \/><strong>Dimensiuni:<\/strong> 40-60 cm \u00een\u0103l\u021bime la greab\u0103n<br \/><strong>Greutate:<\/strong> 20-40 kg<br \/><strong>Perioada de gesta\u021bie:<\/strong> 145-155 zile<br \/><strong>Num\u0103r de pui:<\/strong> 1-3 (de obicei 2)<br \/><strong>Speran\u021b\u0103 de via\u021b\u0103:<\/strong> 10-15 ani<\/p>\t\t\t\t\t\t\t\t<\/div>\n\t\t\t\t<\/div>\n\t\t\t\t<\/div>\n\t\t\t\t<div class=\"elementor-element elementor-element-47561bb4 elementor-widget-tablet__width-inherit animated-slow elementor-invisible elementor-widget elementor-widget-image\" data-id=\"47561bb4\" data-element_type=\"widget\" data-e-type=\"widget\" data-settings=\"{&quot;_animation&quot;:&quot;fadeInRight&quot;}\" data-widget_type=\"image.default\">\n\t\t\t\t<div class=\"elementor-widget-container\">\n\t\t\t\t\t\t\t\t\t\t\t\t\t\t\t<img fetchpriority=\"high\" decoding=\"async\" width=\"847\" height=\"565\" src=\"https:\/\/bucurestizoo.ro\/wp-content\/uploads\/2025\/02\/capre-pitice_2-Large-1024x683.jpeg\" class=\"attachment-large size-large wp-image-13654\" alt=\"\" srcset=\"https:\/\/bucurestizoo.ro\/wp-content\/uploads\/2025\/02\/capre-pitice_2-Large-1024x683.jpeg 1024w, https:\/\/bucurestizoo.ro\/wp-content\/uploads\/2025\/02\/capre-pitice_2-Large-300x200.jpeg 300w, https:\/\/bucurestizoo.ro\/wp-content\/uploads\/2025\/02\/capre-pitice_2-Large-768x512.jpeg 768w, https:\/\/bucurestizoo.ro\/wp-content\/uploads\/2025\/02\/capre-pitice_2-Large-450x300.jpeg 450w, https:\/\/bucurestizoo.ro\/wp-content\/uploads\/2025\/02\/capre-pitice_2-Large-650x434.jpeg 650w, https:\/\/bucurestizoo.ro\/wp-content\/uploads\/2025\/02\/capre-pitice_2-Large.jpeg 1280w\" sizes=\"(max-width: 847px) 100vw, 847px\" data-id=\"13654\" \/>\t\t\t\t\t\t\t\t\t\t\t\t\t\t\t<\/div>\n\t\t\t\t<\/div>\n\t\t\t\t<\/div>\n\t\t\t\t\t<\/div>\n\t\t\t\t<\/div>\n\t\t<div class=\"elementor-element elementor-element-3dc4e8f5 animated-slow e-flex e-con-boxed elementor-invisible e-con e-parent\" data-id=\"3dc4e8f5\" data-element_type=\"container\" data-e-type=\"container\" data-settings=\"{&quot;animation&quot;:&quot;fadeInLeft&quot;}\">\n\t\t\t\t\t<div class=\"e-con-inner\">\n\t\t\t\t<div class=\"elementor-element elementor-element-398e7ce2 elementor-widget elementor-widget-heading\" data-id=\"398e7ce2\" data-element_type=\"widget\" data-e-type=\"widget\" data-widget_type=\"heading.default\">\n\t\t\t\t<div class=\"elementor-widget-container\">\n\t\t\t\t\t<h1 class=\"elementor-heading-title elementor-size-default\">General:<\/h1>\t\t\t\t<\/div>\n\t\t\t\t<\/div>\n\t\t\t\t<div class=\"elementor-element elementor-element-325395c2 elementor-widget elementor-widget-text-editor\" data-id=\"325395c2\" data-element_type=\"widget\" data-e-type=\"widget\" data-widget_type=\"text-editor.default\">\n\t\t\t\t<div class=\"elementor-widget-container\">\n\t\t\t\t\t\t\t\t\t<p>Caprele pitice sunt un simbol al veseliei \u0219i curiozit\u0103\u021bii \u0219i au un temperament prietenos \u0219i energic. Datorit\u0103 dimensiunilor lor mici \u0219i temperamentului prietenos \u0219i energic, aceste capre sunt ideale pentru familii, ferme \u0219i gr\u0103dini zoologice. De\u0219i mult mai mici dec\u00e2t caprele tradi\u021bionale, ele compenseaz\u0103 printr-o personalitate mare \u0219i un comportament juc\u0103u\u0219, fiind adaptabile \u0219i capabile s\u0103 se integreze \u00een diverse medii de via\u021b\u0103.<\/p>\t\t\t\t\t\t\t\t<\/div>\n\t\t\t\t<\/div>\n\t\t\t\t\t<\/div>\n\t\t\t\t<\/div>\n\t\t<div class=\"elementor-element elementor-element-129031bd e-flex e-con-boxed e-con e-parent\" data-id=\"129031bd\" data-element_type=\"container\" data-e-type=\"container\">\n\t\t\t\t\t<div class=\"e-con-inner\">\n\t\t\t\t<div class=\"elementor-element elementor-element-3bcfd40 elementor-widget elementor-widget-gallery\" data-id=\"3bcfd40\" data-element_type=\"widget\" data-e-type=\"widget\" data-settings=\"{&quot;columns&quot;:2,&quot;lazyload&quot;:&quot;yes&quot;,&quot;gallery_layout&quot;:&quot;grid&quot;,&quot;columns_tablet&quot;:2,&quot;columns_mobile&quot;:1,&quot;gap&quot;:{&quot;unit&quot;:&quot;px&quot;,&quot;size&quot;:10,&quot;sizes&quot;:[]},&quot;gap_tablet&quot;:{&quot;unit&quot;:&quot;px&quot;,&quot;size&quot;:10,&quot;sizes&quot;:[]},&quot;gap_mobile&quot;:{&quot;unit&quot;:&quot;px&quot;,&quot;size&quot;:10,&quot;sizes&quot;:[]},&quot;link_to&quot;:&quot;file&quot;,&quot;aspect_ratio&quot;:&quot;3:2&quot;,&quot;overlay_background&quot;:&quot;yes&quot;,&quot;content_hover_animation&quot;:&quot;fade-in&quot;}\" data-widget_type=\"gallery.default\">\n\t\t\t\t<div class=\"elementor-widget-container\">\n\t\t\t\t\t\t\t<div class=\"elementor-gallery__container\">\n\t\t\t\t\t\t\t<a class=\"e-gallery-item elementor-gallery-item elementor-animated-content\" href=\"https:\/\/bucurestizoo.ro\/wp-content\/uploads\/2025\/02\/capre-pitice_3-Large.jpeg\" data-elementor-open-lightbox=\"yes\" data-elementor-lightbox-slideshow=\"3bcfd40\" data-elementor-lightbox-title=\"capre pitice_3 Large\" data-e-action-hash=\"#elementor-action%3Aaction%3Dlightbox%26settings%3DeyJpZCI6MTM2NTUsInVybCI6Imh0dHBzOlwvXC9idWN1cmVzdGl6b28ucm9cL3dwLWNvbnRlbnRcL3VwbG9hZHNcLzIwMjVcLzAyXC9jYXByZS1waXRpY2VfMy1MYXJnZS5qcGVnIiwic2xpZGVzaG93IjoiM2JjZmQ0MCJ9\">\n\t\t\t\t\t<div class=\"e-gallery-image elementor-gallery-item__image\" data-thumbnail=\"https:\/\/bucurestizoo.ro\/wp-content\/uploads\/2025\/02\/capre-pitice_3-Large-1024x683.jpeg\" data-width=\"847\" data-height=\"565\" aria-label=\"\" role=\"img\" ><\/div>\n\t\t\t\t\t\t\t\t\t\t\t<div class=\"elementor-gallery-item__overlay\"><\/div>\n\t\t\t\t\t\t\t\t\t\t\t\t\t\t<\/a>\n\t\t\t\t\t\t\t<a class=\"e-gallery-item elementor-gallery-item elementor-animated-content\" href=\"https:\/\/bucurestizoo.ro\/wp-content\/uploads\/2025\/02\/capre-pitice_1-Large.jpeg\" data-elementor-open-lightbox=\"yes\" data-elementor-lightbox-slideshow=\"3bcfd40\" data-elementor-lightbox-title=\"capre pitice_1 Large\" data-e-action-hash=\"#elementor-action%3Aaction%3Dlightbox%26settings%3DeyJpZCI6MTM2NTMsInVybCI6Imh0dHBzOlwvXC9idWN1cmVzdGl6b28ucm9cL3dwLWNvbnRlbnRcL3VwbG9hZHNcLzIwMjVcLzAyXC9jYXByZS1waXRpY2VfMS1MYXJnZS5qcGVnIiwic2xpZGVzaG93IjoiM2JjZmQ0MCJ9\">\n\t\t\t\t\t<div class=\"e-gallery-image elementor-gallery-item__image\" data-thumbnail=\"https:\/\/bucurestizoo.ro\/wp-content\/uploads\/2025\/02\/capre-pitice_1-Large-684x1024.jpeg\" data-width=\"684\" data-height=\"1024\" aria-label=\"\" role=\"img\" ><\/div>\n\t\t\t\t\t\t\t\t\t\t\t<div class=\"elementor-gallery-item__overlay\"><\/div>\n\t\t\t\t\t\t\t\t\t\t\t\t\t\t<\/a>\n\t\t\t\t\t<\/div>\n\t\t\t\t\t<\/div>\n\t\t\t\t<\/div>\n\t\t\t\t\t<\/div>\n\t\t\t\t<\/div>\n\t\t<div class=\"elementor-element elementor-element-74769805 animated-slow e-flex e-con-boxed elementor-invisible e-con e-parent\" data-id=\"74769805\" data-element_type=\"container\" data-e-type=\"container\" data-settings=\"{&quot;animation&quot;:&quot;fadeInRight&quot;}\">\n\t\t\t\t\t<div class=\"e-con-inner\">\n\t\t\t\t<div class=\"elementor-element elementor-element-6e571673 elementor-widget elementor-widget-heading\" data-id=\"6e571673\" data-element_type=\"widget\" data-e-type=\"widget\" data-widget_type=\"heading.default\">\n\t\t\t\t<div class=\"elementor-widget-container\">\n\t\t\t\t\t<h1 class=\"elementor-heading-title elementor-size-default\">Habitat:<\/h1>\t\t\t\t<\/div>\n\t\t\t\t<\/div>\n\t\t\t\t<div class=\"elementor-element elementor-element-545a9efe elementor-widget elementor-widget-text-editor\" data-id=\"545a9efe\" data-element_type=\"widget\" data-e-type=\"widget\" data-widget_type=\"text-editor.default\">\n\t\t\t\t<div class=\"elementor-widget-container\">\n\t\t\t\t\t\t\t\t\t<p>Caprele pitice sunt extrem de adaptabile, put\u00e2nd tr\u0103i \u00een ferme, gr\u0103dini zoologice sau chiar \u00een gospod\u0103rii. Acestea nu necesit\u0103 un habitat vast \u0219i sunt fericite \u0219i \u00eentr-un spa\u021biu mai mic, at\u00e2t timp c\u00e2t au acces la hran\u0103 \u0219i ap\u0103 curat\u0103 \u0219i suficient\u0103 libertate pentru a explora \u0219i a se juca.<\/p>\t\t\t\t\t\t\t\t<\/div>\n\t\t\t\t<\/div>\n\t\t\t\t\t<\/div>\n\t\t\t\t<\/div>\n\t\t<div class=\"elementor-element elementor-element-1e07c5e1 e-grid e-con-boxed e-con e-parent\" data-id=\"1e07c5e1\" data-element_type=\"container\" data-e-type=\"container\">\n\t\t\t\t\t<div class=\"e-con-inner\">\n\t\t<div class=\"elementor-element elementor-element-7555fb73 e-con-full animated-slow e-flex elementor-invisible e-con e-child\" data-id=\"7555fb73\" data-element_type=\"container\" data-e-type=\"container\" data-settings=\"{&quot;animation&quot;:&quot;fadeInLeft&quot;}\">\n\t\t\t\t<div class=\"elementor-element elementor-element-753b6472 elementor-widget elementor-widget-heading\" data-id=\"753b6472\" data-element_type=\"widget\" data-e-type=\"widget\" data-widget_type=\"heading.default\">\n\t\t\t\t<div class=\"elementor-widget-container\">\n\t\t\t\t\t<h1 class=\"elementor-heading-title elementor-size-default\">Hran\u0103:<\/h1>\t\t\t\t<\/div>\n\t\t\t\t<\/div>\n\t\t\t\t<div class=\"elementor-element elementor-element-4aba88bf elementor-widget elementor-widget-text-editor\" data-id=\"4aba88bf\" data-element_type=\"widget\" data-e-type=\"widget\" data-widget_type=\"text-editor.default\">\n\t\t\t\t<div class=\"elementor-widget-container\">\n\t\t\t\t\t\t\t\t\t<p>Caprele pitice sunt erbivore \u0219i se hr\u0103nesc \u00een principal cu iarb\u0103, f\u00e2n, frunze \u0219i legume. Dieta lor este similar\u0103 cu cea a altor capre, \u00eens\u0103 trebuie s\u0103 fie atent monitorizat\u0103 pentru a se asigura c\u0103 prime\u0219te toate substan\u021bele nutritive de care are nevoie pentru o dezvoltare s\u0103n\u0103toas\u0103. Sunt animale care pot adapta u\u0219or dieta \u00een func\u021bie de ce le ofer\u0103 mediul \u00een care tr\u0103iesc.<\/p>\t\t\t\t\t\t\t\t<\/div>\n\t\t\t\t<\/div>\n\t\t\t\t<\/div>\n\t\t<div class=\"elementor-element elementor-element-7e98f832 e-con-full animated-slow e-flex elementor-invisible e-con e-child\" data-id=\"7e98f832\" data-element_type=\"container\" data-e-type=\"container\" data-settings=\"{&quot;animation&quot;:&quot;fadeInRight&quot;}\">\n\t\t\t\t<div class=\"elementor-element elementor-element-2f65496d elementor-widget elementor-widget-heading\" data-id=\"2f65496d\" data-element_type=\"widget\" data-e-type=\"widget\" data-widget_type=\"heading.default\">\n\t\t\t\t<div class=\"elementor-widget-container\">\n\t\t\t\t\t<h1 class=\"elementor-heading-title elementor-size-default\">Conservare:<\/h1>\t\t\t\t<\/div>\n\t\t\t\t<\/div>\n\t\t\t\t<div class=\"elementor-element elementor-element-708b1e18 elementor-widget elementor-widget-text-editor\" data-id=\"708b1e18\" data-element_type=\"widget\" data-e-type=\"widget\" data-widget_type=\"text-editor.default\">\n\t\t\t\t<div class=\"elementor-widget-container\">\n\t\t\t\t\t\t\t\t\t<p>Nu sunt o specie amenin\u021bat\u0103 \u0219i nu au probleme majore de conservare, fiind crescute \u00een captivitate \u00een \u00eentreaga lume.<\/p>\t\t\t\t\t\t\t\t<\/div>\n\t\t\t\t<\/div>\n\t\t\t\t<\/div>\n\t\t\t\t\t<\/div>\n\t\t\t\t<\/div>\n\t\t<div class=\"elementor-element elementor-element-5351ef0 animated-slow e-flex e-con-boxed elementor-invisible e-con e-parent\" data-id=\"5351ef0\" data-element_type=\"container\" data-e-type=\"container\" data-settings=\"{&quot;animation&quot;:&quot;fadeInRight&quot;}\">\n\t\t\t\t\t<div class=\"e-con-inner\">\n\t\t\t\t<div class=\"elementor-element elementor-element-82e6ba5 elementor-widget elementor-widget-heading\" data-id=\"82e6ba5\" data-element_type=\"widget\" data-e-type=\"widget\" data-widget_type=\"heading.default\">\n\t\t\t\t<div class=\"elementor-widget-container\">\n\t\t\t\t\t<h1 class=\"elementor-heading-title elementor-size-default\">La Gr\u0103dina Zoologic\u0103 Bucure\u0219ti:<\/h1>\t\t\t\t<\/div>\n\t\t\t\t<\/div>\n\t\t\t\t<div class=\"elementor-element elementor-element-b1e0705 elementor-widget elementor-widget-text-editor\" data-id=\"b1e0705\" data-element_type=\"widget\" data-e-type=\"widget\" data-widget_type=\"text-editor.default\">\n\t\t\t\t<div class=\"elementor-widget-container\">\n\t\t\t\t\t\t\t\t\t<p>La Gr\u0103dina Zoologic\u0103 Bucure\u0219ti, caprele pitice sunt foarte \u00eendr\u0103gite de vizitatori, \u00een special de copii, care se bucur\u0103 s\u0103 le observe cum sar \u0219i se joac\u0103 \u00een spa\u021biile lor. Acestea au\u00a0 un loc special amenajat pentru a le permite s\u0103 \u00ee\u0219i exprime comportamentele naturale. Vizitatorii au ocazia s\u0103 \u00eenve\u021be mai multe despre aceste animale juc\u0103u\u0219e \u0219i cum pot fi \u00eengrijite corect pentru a le oferi o via\u021b\u0103 s\u0103n\u0103toas\u0103 \u0219i fericit\u0103.<\/p>\t\t\t\t\t\t\t\t<\/div>\n\t\t\t\t<\/div>\n\t\t\t\t\t<\/div>\n\t\t\t\t<\/div>\n\t\t\t\t<\/div>","protected":false},"excerpt":{"rendered":"<p>Caprele pitice Denumire \u0219tiin\u021bific\u0103: Capra aegagrus hircusOrdin: ArtiodactylaFamilie: BovidaeGen: CapraSpecie: C. aegagrus hircusDistribu\u021bie: Crescute \u00een captivitate \u00een \u00eentreaga lumeDimensiuni: 40-60 cm \u00een\u0103l\u021bime la greab\u0103nGreutate: 20-40 kgPerioada de gesta\u021bie: 145-155 zileNum\u0103r de pui: 1-3 (de obicei 2)Speran\u021b\u0103 de via\u021b\u0103: 10-15 ani General: Caprele pitice sunt un simbol al veseliei \u0219i curiozit\u0103\u021bii \u0219i au un temperament prietenos &hellip; <a href=\"https:\/\/bucurestizoo.ro\/en\/caprele-pitice\/\" class=\"more-link\">Continue reading <span class=\"screen-reader-text\">Caprele Pitice<\/span><\/a><\/p>","protected":false},"author":1,"featured_media":0,"parent":0,"menu_order":0,"comment_status":"closed","ping_status":"closed","template":"","meta":{"_monsterinsights_skip_tracking":false,"_monsterinsights_sitenote_active":false,"_monsterinsights_sitenote_note":"","_monsterinsights_sitenote_category":0,"footnotes":""},"class_list":["post-13667","page","type-page","status-publish","hentry"],"aioseo_notices":[],"_links":{"self":[{"href":"https:\/\/bucurestizoo.ro\/en\/wp-json\/wp\/v2\/pages\/13667","targetHints":{"allow":["GET"]}}],"collection":[{"href":"https:\/\/bucurestizoo.ro\/en\/wp-json\/wp\/v2\/pages"}],"about":[{"href":"https:\/\/bucurestizoo.ro\/en\/wp-json\/wp\/v2\/types\/page"}],"author":[{"embeddable":true,"href":"https:\/\/bucurestizoo.ro\/en\/wp-json\/wp\/v2\/users\/1"}],"replies":[{"embeddable":true,"href":"https:\/\/bucurestizoo.ro\/en\/wp-json\/wp\/v2\/comments?post=13667"}],"version-history":[{"count":4,"href":"https:\/\/bucurestizoo.ro\/en\/wp-json\/wp\/v2\/pages\/13667\/revisions"}],"predecessor-version":[{"id":13679,"href":"https:\/\/bucurestizoo.ro\/en\/wp-json\/wp\/v2\/pages\/13667\/revisions\/13679"}],"wp:attachment":[{"href":"https:\/\/bucurestizoo.ro\/en\/wp-json\/wp\/v2\/media?parent=13667"}],"curies":[{"name":"wp","href":"https:\/\/api.w.org\/{rel}","templated":true}]}}