{"id":13621,"date":"2025-02-20T15:27:14","date_gmt":"2025-02-20T13:27:14","guid":{"rendered":"https:\/\/n1.bucurestizoo.ro\/?page_id=13621"},"modified":"2025-02-20T15:31:13","modified_gmt":"2025-02-20T13:31:13","slug":"tamarin-cu-labe-aurii","status":"publish","type":"page","link":"https:\/\/bucurestizoo.ro\/en\/tamarin-cu-labe-aurii\/","title":{"rendered":"Tamarin cu labe aurii"},"content":{"rendered":"<div data-elementor-type=\"wp-page\" data-elementor-id=\"13621\" class=\"elementor elementor-13621\" data-elementor-post-type=\"page\">\n\t\t\t\t<div class=\"elementor-element elementor-element-62a75660 e-flex e-con-boxed e-con e-parent\" data-id=\"62a75660\" data-element_type=\"container\" data-e-type=\"container\" data-settings=\"{&quot;background_background&quot;:&quot;classic&quot;}\">\n\t\t\t\t\t<div class=\"e-con-inner\">\n\t\t<div class=\"elementor-element elementor-element-570c3ccf e-con-full e-flex e-con e-child\" data-id=\"570c3ccf\" data-element_type=\"container\" data-e-type=\"container\">\n\t\t<div class=\"elementor-element elementor-element-30759451 e-con-full animated-slow e-flex elementor-invisible e-con e-child\" data-id=\"30759451\" data-element_type=\"container\" data-e-type=\"container\" data-settings=\"{&quot;animation&quot;:&quot;fadeInLeft&quot;}\">\n\t\t\t\t<div class=\"elementor-element elementor-element-376f150b elementor-widget elementor-widget-heading\" data-id=\"376f150b\" data-element_type=\"widget\" data-e-type=\"widget\" data-widget_type=\"heading.default\">\n\t\t\t\t<div class=\"elementor-widget-container\">\n\t\t\t\t\t<h1 class=\"elementor-heading-title elementor-size-default\">Tamarinul cu labele aurii<\/h1>\t\t\t\t<\/div>\n\t\t\t\t<\/div>\n\t\t\t\t<div class=\"elementor-element elementor-element-2651005d elementor-widget elementor-widget-text-editor\" data-id=\"2651005d\" data-element_type=\"widget\" data-e-type=\"widget\" data-widget_type=\"text-editor.default\">\n\t\t\t\t<div class=\"elementor-widget-container\">\n\t\t\t\t\t\t\t\t\t<p><strong>Denumire \u0219tiin\u021bific\u0103:<\/strong> Saguinus midas<br \/><strong>Ordin:<\/strong> Primates<br \/><strong>Familie:<\/strong> Callitrichidae<br \/><strong>Gen:<\/strong> Saguinus<br \/><strong>Specie:<\/strong> Saguinus midas<br \/><strong>Distribu\u021bie:<\/strong> Amazonia (Venezuela, Brazilia, Guyana)<br \/><strong>Dimensiuni:<\/strong> 20-30 cm lungime, coada 30-40 cm<br \/><strong>Greutate:<\/strong> 500-700 g<br \/><strong>Perioada de gesta\u021bie:<\/strong> 140-150 zile<br \/><strong>Num\u0103r de pui:<\/strong> 1-2<br \/><strong>Speran\u021b\u0103 de via\u021b\u0103:<\/strong> 10-18 ani \u00een s\u0103lb\u0103ticie, \u00een captivitate mai mult<\/p>\t\t\t\t\t\t\t\t<\/div>\n\t\t\t\t<\/div>\n\t\t\t\t<\/div>\n\t\t\t\t<div class=\"elementor-element elementor-element-357ef238 elementor-widget-tablet__width-inherit animated-slow elementor-invisible elementor-widget elementor-widget-image\" data-id=\"357ef238\" data-element_type=\"widget\" data-e-type=\"widget\" data-settings=\"{&quot;_animation&quot;:&quot;fadeInRight&quot;}\" data-widget_type=\"image.default\">\n\t\t\t\t<div class=\"elementor-widget-container\">\n\t\t\t\t\t\t\t\t\t\t\t\t\t\t\t<img fetchpriority=\"high\" decoding=\"async\" width=\"847\" height=\"565\" src=\"https:\/\/bucurestizoo.ro\/wp-content\/uploads\/2025\/02\/tamarin-labe-aurii-dt_1-1024x683.jpeg\" class=\"attachment-large size-large wp-image-13614\" alt=\"\" srcset=\"https:\/\/bucurestizoo.ro\/wp-content\/uploads\/2025\/02\/tamarin-labe-aurii-dt_1-1024x683.jpeg 1024w, https:\/\/bucurestizoo.ro\/wp-content\/uploads\/2025\/02\/tamarin-labe-aurii-dt_1-300x200.jpeg 300w, https:\/\/bucurestizoo.ro\/wp-content\/uploads\/2025\/02\/tamarin-labe-aurii-dt_1-768x512.jpeg 768w, https:\/\/bucurestizoo.ro\/wp-content\/uploads\/2025\/02\/tamarin-labe-aurii-dt_1-1536x1024.jpeg 1536w, https:\/\/bucurestizoo.ro\/wp-content\/uploads\/2025\/02\/tamarin-labe-aurii-dt_1-2048x1365.jpeg 2048w, https:\/\/bucurestizoo.ro\/wp-content\/uploads\/2025\/02\/tamarin-labe-aurii-dt_1-450x300.jpeg 450w, https:\/\/bucurestizoo.ro\/wp-content\/uploads\/2025\/02\/tamarin-labe-aurii-dt_1-650x433.jpeg 650w\" sizes=\"(max-width: 847px) 100vw, 847px\" data-id=\"13614\" \/>\t\t\t\t\t\t\t\t\t\t\t\t\t\t\t<\/div>\n\t\t\t\t<\/div>\n\t\t\t\t<\/div>\n\t\t\t\t\t<\/div>\n\t\t\t\t<\/div>\n\t\t<div class=\"elementor-element elementor-element-66e926d8 animated-slow e-flex e-con-boxed elementor-invisible e-con e-parent\" data-id=\"66e926d8\" data-element_type=\"container\" data-e-type=\"container\" data-settings=\"{&quot;animation&quot;:&quot;fadeInLeft&quot;}\">\n\t\t\t\t\t<div class=\"e-con-inner\">\n\t\t\t\t<div class=\"elementor-element elementor-element-18d3591a elementor-widget elementor-widget-heading\" data-id=\"18d3591a\" data-element_type=\"widget\" data-e-type=\"widget\" data-widget_type=\"heading.default\">\n\t\t\t\t<div class=\"elementor-widget-container\">\n\t\t\t\t\t<h1 class=\"elementor-heading-title elementor-size-default\">General:<\/h1>\t\t\t\t<\/div>\n\t\t\t\t<\/div>\n\t\t\t\t<div class=\"elementor-element elementor-element-2ffdf780 elementor-widget elementor-widget-text-editor\" data-id=\"2ffdf780\" data-element_type=\"widget\" data-e-type=\"widget\" data-widget_type=\"text-editor.default\">\n\t\t\t\t<div class=\"elementor-widget-container\">\n\t\t\t\t\t\t\t\t\t<p>Este un mic primat cu blan\u0103 neagr\u0103 \u0219i labe aurii, recunoscut pentru agilitatea sa. Are gheare \u00een loc de unghii, permi\u021b\u00e2ndu-i s\u0103 se ca\u021bere u\u0219or pe trunchiurile copacilor.Are blan\u0103 neagr\u0103 \u0219i labe aurii str\u0103lucitoare. Este supranumit \u201emaimu\u021ba Midas\u201d pentru labele sale aurii!<\/p>\t\t\t\t\t\t\t\t<\/div>\n\t\t\t\t<\/div>\n\t\t\t\t\t<\/div>\n\t\t\t\t<\/div>\n\t\t<div class=\"elementor-element elementor-element-364adc36 e-flex e-con-boxed e-con e-parent\" data-id=\"364adc36\" data-element_type=\"container\" data-e-type=\"container\">\n\t\t\t\t\t<div class=\"e-con-inner\">\n\t\t\t\t<div class=\"elementor-element elementor-element-2d397891 elementor-widget elementor-widget-gallery\" data-id=\"2d397891\" data-element_type=\"widget\" data-e-type=\"widget\" data-settings=\"{&quot;columns&quot;:2,&quot;lazyload&quot;:&quot;yes&quot;,&quot;gallery_layout&quot;:&quot;grid&quot;,&quot;columns_tablet&quot;:2,&quot;columns_mobile&quot;:1,&quot;gap&quot;:{&quot;unit&quot;:&quot;px&quot;,&quot;size&quot;:10,&quot;sizes&quot;:[]},&quot;gap_tablet&quot;:{&quot;unit&quot;:&quot;px&quot;,&quot;size&quot;:10,&quot;sizes&quot;:[]},&quot;gap_mobile&quot;:{&quot;unit&quot;:&quot;px&quot;,&quot;size&quot;:10,&quot;sizes&quot;:[]},&quot;link_to&quot;:&quot;file&quot;,&quot;aspect_ratio&quot;:&quot;3:2&quot;,&quot;overlay_background&quot;:&quot;yes&quot;,&quot;content_hover_animation&quot;:&quot;fade-in&quot;}\" data-widget_type=\"gallery.default\">\n\t\t\t\t<div class=\"elementor-widget-container\">\n\t\t\t\t\t\t\t<div class=\"elementor-gallery__container\">\n\t\t\t\t\t\t\t<a class=\"e-gallery-item elementor-gallery-item elementor-animated-content\" href=\"https:\/\/bucurestizoo.ro\/wp-content\/uploads\/2025\/02\/tamarin-labe-aurii-dt_3.jpeg\" data-elementor-open-lightbox=\"yes\" data-elementor-lightbox-slideshow=\"2d397891\" data-elementor-lightbox-title=\"tamarin labe aurii dt_3\" data-e-action-hash=\"#elementor-action%3Aaction%3Dlightbox%26settings%3DeyJpZCI6MTM2MTYsInVybCI6Imh0dHBzOlwvXC9idWN1cmVzdGl6b28ucm9cL3dwLWNvbnRlbnRcL3VwbG9hZHNcLzIwMjVcLzAyXC90YW1hcmluLWxhYmUtYXVyaWktZHRfMy5qcGVnIiwic2xpZGVzaG93IjoiMmQzOTc4OTEifQ%3D%3D\">\n\t\t\t\t\t<div class=\"e-gallery-image elementor-gallery-item__image\" data-thumbnail=\"https:\/\/bucurestizoo.ro\/wp-content\/uploads\/2025\/02\/tamarin-labe-aurii-dt_3-1024x683.jpeg\" data-width=\"847\" data-height=\"565\" aria-label=\"\" role=\"img\" ><\/div>\n\t\t\t\t\t\t\t\t\t\t\t<div class=\"elementor-gallery-item__overlay\"><\/div>\n\t\t\t\t\t\t\t\t\t\t\t\t\t\t<\/a>\n\t\t\t\t\t\t\t<a class=\"e-gallery-item elementor-gallery-item elementor-animated-content\" href=\"https:\/\/bucurestizoo.ro\/wp-content\/uploads\/2025\/02\/tamarin-labe-aurii-dt_et.jpeg\" data-elementor-open-lightbox=\"yes\" data-elementor-lightbox-slideshow=\"2d397891\" data-elementor-lightbox-title=\"tamarin labe aurii dt_et\" data-e-action-hash=\"#elementor-action%3Aaction%3Dlightbox%26settings%3DeyJpZCI6MTM2MTcsInVybCI6Imh0dHBzOlwvXC9idWN1cmVzdGl6b28ucm9cL3dwLWNvbnRlbnRcL3VwbG9hZHNcLzIwMjVcLzAyXC90YW1hcmluLWxhYmUtYXVyaWktZHRfZXQuanBlZyIsInNsaWRlc2hvdyI6IjJkMzk3ODkxIn0%3D\">\n\t\t\t\t\t<div class=\"e-gallery-image elementor-gallery-item__image\" data-thumbnail=\"https:\/\/bucurestizoo.ro\/wp-content\/uploads\/2025\/02\/tamarin-labe-aurii-dt_et-1024x576.jpeg\" data-width=\"847\" data-height=\"476\" aria-label=\"\" role=\"img\" ><\/div>\n\t\t\t\t\t\t\t\t\t\t\t<div class=\"elementor-gallery-item__overlay\"><\/div>\n\t\t\t\t\t\t\t\t\t\t\t\t\t\t<\/a>\n\t\t\t\t\t<\/div>\n\t\t\t\t\t<\/div>\n\t\t\t\t<\/div>\n\t\t\t\t\t<\/div>\n\t\t\t\t<\/div>\n\t\t<div class=\"elementor-element elementor-element-103e2bd3 animated-slow e-flex e-con-boxed elementor-invisible e-con e-parent\" data-id=\"103e2bd3\" data-element_type=\"container\" data-e-type=\"container\" data-settings=\"{&quot;animation&quot;:&quot;fadeInRight&quot;}\">\n\t\t\t\t\t<div class=\"e-con-inner\">\n\t\t\t\t<div class=\"elementor-element elementor-element-16282379 elementor-widget elementor-widget-heading\" data-id=\"16282379\" data-element_type=\"widget\" data-e-type=\"widget\" data-widget_type=\"heading.default\">\n\t\t\t\t<div class=\"elementor-widget-container\">\n\t\t\t\t\t<h1 class=\"elementor-heading-title elementor-size-default\">Habitat:<\/h1>\t\t\t\t<\/div>\n\t\t\t\t<\/div>\n\t\t\t\t<div class=\"elementor-element elementor-element-102de8d elementor-widget elementor-widget-text-editor\" data-id=\"102de8d\" data-element_type=\"widget\" data-e-type=\"widget\" data-widget_type=\"text-editor.default\">\n\t\t\t\t<div class=\"elementor-widget-container\">\n\t\t\t\t\t\t\t\t\t<p>P\u0103duri tropicale. Locuie\u0219te \u00een p\u0103durile tropicale din nordul Americii de Sud, \u00een special \u00een Brazilia, Guyana \u0219i Surinam.<\/p>\t\t\t\t\t\t\t\t<\/div>\n\t\t\t\t<\/div>\n\t\t\t\t\t<\/div>\n\t\t\t\t<\/div>\n\t\t<div class=\"elementor-element elementor-element-320d9ef e-grid e-con-boxed e-con e-parent\" data-id=\"320d9ef\" data-element_type=\"container\" data-e-type=\"container\">\n\t\t\t\t\t<div class=\"e-con-inner\">\n\t\t<div class=\"elementor-element elementor-element-5b84ff37 e-con-full animated-slow e-flex elementor-invisible e-con e-child\" data-id=\"5b84ff37\" data-element_type=\"container\" data-e-type=\"container\" data-settings=\"{&quot;animation&quot;:&quot;fadeInLeft&quot;}\">\n\t\t\t\t<div class=\"elementor-element elementor-element-5fad7dc3 elementor-widget elementor-widget-heading\" data-id=\"5fad7dc3\" data-element_type=\"widget\" data-e-type=\"widget\" data-widget_type=\"heading.default\">\n\t\t\t\t<div class=\"elementor-widget-container\">\n\t\t\t\t\t<h1 class=\"elementor-heading-title elementor-size-default\">Hran\u0103:<\/h1>\t\t\t\t<\/div>\n\t\t\t\t<\/div>\n\t\t\t\t<div class=\"elementor-element elementor-element-4740410d elementor-widget elementor-widget-text-editor\" data-id=\"4740410d\" data-element_type=\"widget\" data-e-type=\"widget\" data-widget_type=\"text-editor.default\">\n\t\t\t\t<div class=\"elementor-widget-container\">\n\t\t\t\t\t\t\t\t\t<p>Fructe, nectar, insecte, ou\u0103. Este omnivor, consum\u00e2nd fructe, nectar, insecte \u0219i mici vertebrate.<\/p>\t\t\t\t\t\t\t\t<\/div>\n\t\t\t\t<\/div>\n\t\t\t\t<\/div>\n\t\t<div class=\"elementor-element elementor-element-3e0e2b6d e-con-full animated-slow e-flex elementor-invisible e-con e-child\" data-id=\"3e0e2b6d\" data-element_type=\"container\" data-e-type=\"container\" data-settings=\"{&quot;animation&quot;:&quot;fadeInRight&quot;}\">\n\t\t\t\t<div class=\"elementor-element elementor-element-7d35b115 elementor-widget elementor-widget-heading\" data-id=\"7d35b115\" data-element_type=\"widget\" data-e-type=\"widget\" data-widget_type=\"heading.default\">\n\t\t\t\t<div class=\"elementor-widget-container\">\n\t\t\t\t\t<h1 class=\"elementor-heading-title elementor-size-default\">Conservare:<\/h1>\t\t\t\t<\/div>\n\t\t\t\t<\/div>\n\t\t\t\t<div class=\"elementor-element elementor-element-72e6a13c elementor-widget elementor-widget-text-editor\" data-id=\"72e6a13c\" data-element_type=\"widget\" data-e-type=\"widget\" data-widget_type=\"text-editor.default\">\n\t\t\t\t<div class=\"elementor-widget-container\">\n\t\t\t\t\t\t\t\t\t<p>Este afectat de defri\u0219\u0103rile masive, dar popula\u021biile sunt \u00eenc\u0103 stabile.<\/p>\t\t\t\t\t\t\t\t<\/div>\n\t\t\t\t<\/div>\n\t\t\t\t<\/div>\n\t\t\t\t\t<\/div>\n\t\t\t\t<\/div>\n\t\t\t\t<\/div>","protected":false},"excerpt":{"rendered":"<p>Tamarinul cu labele aurii Denumire \u0219tiin\u021bific\u0103: Saguinus midasOrdin: PrimatesFamilie: CallitrichidaeGen: SaguinusSpecie: Saguinus midasDistribu\u021bie: Amazonia (Venezuela, Brazilia, Guyana)Dimensiuni: 20-30 cm lungime, coada 30-40 cmGreutate: 500-700 gPerioada de gesta\u021bie: 140-150 zileNum\u0103r de pui: 1-2Speran\u021b\u0103 de via\u021b\u0103: 10-18 ani \u00een s\u0103lb\u0103ticie, \u00een captivitate mai mult General: Este un mic primat cu blan\u0103 neagr\u0103 \u0219i labe aurii, recunoscut pentru &hellip; <a href=\"https:\/\/bucurestizoo.ro\/en\/tamarin-cu-labe-aurii\/\" class=\"more-link\">Continue reading <span class=\"screen-reader-text\">Tamarin cu labe aurii<\/span><\/a><\/p>","protected":false},"author":1,"featured_media":0,"parent":0,"menu_order":0,"comment_status":"closed","ping_status":"closed","template":"","meta":{"_monsterinsights_skip_tracking":false,"_monsterinsights_sitenote_active":false,"_monsterinsights_sitenote_note":"","_monsterinsights_sitenote_category":0,"footnotes":""},"class_list":["post-13621","page","type-page","status-publish","hentry"],"aioseo_notices":[],"_links":{"self":[{"href":"https:\/\/bucurestizoo.ro\/en\/wp-json\/wp\/v2\/pages\/13621","targetHints":{"allow":["GET"]}}],"collection":[{"href":"https:\/\/bucurestizoo.ro\/en\/wp-json\/wp\/v2\/pages"}],"about":[{"href":"https:\/\/bucurestizoo.ro\/en\/wp-json\/wp\/v2\/types\/page"}],"author":[{"embeddable":true,"href":"https:\/\/bucurestizoo.ro\/en\/wp-json\/wp\/v2\/users\/1"}],"replies":[{"embeddable":true,"href":"https:\/\/bucurestizoo.ro\/en\/wp-json\/wp\/v2\/comments?post=13621"}],"version-history":[{"count":4,"href":"https:\/\/bucurestizoo.ro\/en\/wp-json\/wp\/v2\/pages\/13621\/revisions"}],"predecessor-version":[{"id":13626,"href":"https:\/\/bucurestizoo.ro\/en\/wp-json\/wp\/v2\/pages\/13621\/revisions\/13626"}],"wp:attachment":[{"href":"https:\/\/bucurestizoo.ro\/en\/wp-json\/wp\/v2\/media?parent=13621"}],"curies":[{"name":"wp","href":"https:\/\/api.w.org\/{rel}","templated":true}]}}