{"id":13547,"date":"2025-02-19T18:46:01","date_gmt":"2025-02-19T16:46:01","guid":{"rendered":"https:\/\/n1.bucurestizoo.ro\/?page_id=13547"},"modified":"2025-02-19T18:49:14","modified_gmt":"2025-02-19T16:49:14","slug":"vidra-asiatica","status":"publish","type":"page","link":"https:\/\/bucurestizoo.ro\/en\/vidra-asiatica\/","title":{"rendered":"Vidra Asiatic\u0103"},"content":{"rendered":"<div data-elementor-type=\"wp-page\" data-elementor-id=\"13547\" class=\"elementor elementor-13547\" data-elementor-post-type=\"page\">\n\t\t\t\t<div class=\"elementor-element elementor-element-7fdf6b5a e-flex e-con-boxed e-con e-parent\" data-id=\"7fdf6b5a\" data-element_type=\"container\" data-e-type=\"container\" data-settings=\"{&quot;background_background&quot;:&quot;classic&quot;}\">\n\t\t\t\t\t<div class=\"e-con-inner\">\n\t\t<div class=\"elementor-element elementor-element-3d2a612d e-con-full e-flex e-con e-child\" data-id=\"3d2a612d\" data-element_type=\"container\" data-e-type=\"container\">\n\t\t<div class=\"elementor-element elementor-element-42c058ac e-con-full animated-slow e-flex elementor-invisible e-con e-child\" data-id=\"42c058ac\" data-element_type=\"container\" data-e-type=\"container\" data-settings=\"{&quot;animation&quot;:&quot;fadeInLeft&quot;}\">\n\t\t\t\t<div class=\"elementor-element elementor-element-1fffef22 elementor-widget elementor-widget-heading\" data-id=\"1fffef22\" data-element_type=\"widget\" data-e-type=\"widget\" data-widget_type=\"heading.default\">\n\t\t\t\t<div class=\"elementor-widget-container\">\n\t\t\t\t\t<h1 class=\"elementor-heading-title elementor-size-default\">Vidra asiatic\u0103 cu gheare mici<\/h1>\t\t\t\t<\/div>\n\t\t\t\t<\/div>\n\t\t\t\t<div class=\"elementor-element elementor-element-33d3f18f elementor-widget elementor-widget-text-editor\" data-id=\"33d3f18f\" data-element_type=\"widget\" data-e-type=\"widget\" data-widget_type=\"text-editor.default\">\n\t\t\t\t<div class=\"elementor-widget-container\">\n\t\t\t\t\t\t\t\t\t<p><strong data-start=\"0\" data-end=\"25\">Denumire \u0219tiin\u021bific\u0103:<\/strong> Aonyx cinereus<br data-start=\"40\" data-end=\"43\" \/><strong data-start=\"43\" data-end=\"53\">Ordin:<\/strong> Carnivora<br data-start=\"63\" data-end=\"66\" \/><strong data-start=\"66\" data-end=\"78\">Familie:<\/strong> Mustelidae<br data-start=\"89\" data-end=\"92\" \/><strong data-start=\"92\" data-end=\"100\">Gen:<\/strong> Aonyx<br data-start=\"106\" data-end=\"109\" \/><strong data-start=\"109\" data-end=\"120\">Specie:<\/strong> Aonyx cinereus<br data-start=\"135\" data-end=\"138\" \/><strong data-start=\"138\" data-end=\"154\">Distribu\u021bie:<\/strong> Asia de Sud-Est, India, China<br data-start=\"184\" data-end=\"187\" \/><strong data-start=\"187\" data-end=\"202\">Dimensiuni:<\/strong> 45-60 cm lungime, coada 25-35 cm<br data-start=\"235\" data-end=\"238\" \/><strong data-start=\"238\" data-end=\"251\">Greutate:<\/strong> 3-5 kg<br data-start=\"258\" data-end=\"261\" \/><strong data-start=\"261\" data-end=\"286\">Perioada de gesta\u021bie:<\/strong> 60-70 zile<br data-start=\"297\" data-end=\"300\" \/><strong data-start=\"300\" data-end=\"317\">Num\u0103r de pui:<\/strong> 1-6<br data-start=\"321\" data-end=\"324\" \/><strong data-start=\"324\" data-end=\"346\">Speran\u021b\u0103 de via\u021b\u0103:<\/strong> 10-13 ani \u00een s\u0103lb\u0103ticie, \u00een captivitate mai mult<\/p>\t\t\t\t\t\t\t\t<\/div>\n\t\t\t\t<\/div>\n\t\t\t\t<\/div>\n\t\t\t\t<div class=\"elementor-element elementor-element-6e60f843 elementor-widget-tablet__width-inherit animated-slow elementor-invisible elementor-widget elementor-widget-image\" data-id=\"6e60f843\" data-element_type=\"widget\" data-e-type=\"widget\" data-settings=\"{&quot;_animation&quot;:&quot;fadeInRight&quot;}\" data-widget_type=\"image.default\">\n\t\t\t\t<div class=\"elementor-widget-container\">\n\t\t\t\t\t\t\t\t\t\t\t\t\t\t\t<img fetchpriority=\"high\" decoding=\"async\" width=\"847\" height=\"552\" src=\"https:\/\/bucurestizoo.ro\/wp-content\/uploads\/2025\/02\/vidra-dt_1-Large-1024x667.jpeg\" class=\"attachment-large size-large wp-image-13540\" alt=\"\" srcset=\"https:\/\/bucurestizoo.ro\/wp-content\/uploads\/2025\/02\/vidra-dt_1-Large-1024x667.jpeg 1024w, https:\/\/bucurestizoo.ro\/wp-content\/uploads\/2025\/02\/vidra-dt_1-Large-300x195.jpeg 300w, https:\/\/bucurestizoo.ro\/wp-content\/uploads\/2025\/02\/vidra-dt_1-Large-768x500.jpeg 768w, https:\/\/bucurestizoo.ro\/wp-content\/uploads\/2025\/02\/vidra-dt_1-Large-460x300.jpeg 460w, https:\/\/bucurestizoo.ro\/wp-content\/uploads\/2025\/02\/vidra-dt_1-Large-650x424.jpeg 650w, https:\/\/bucurestizoo.ro\/wp-content\/uploads\/2025\/02\/vidra-dt_1-Large.jpeg 1280w\" sizes=\"(max-width: 847px) 100vw, 847px\" data-id=\"13540\" \/>\t\t\t\t\t\t\t\t\t\t\t\t\t\t\t<\/div>\n\t\t\t\t<\/div>\n\t\t\t\t<\/div>\n\t\t\t\t\t<\/div>\n\t\t\t\t<\/div>\n\t\t<div class=\"elementor-element elementor-element-79cbfbe1 animated-slow e-flex e-con-boxed elementor-invisible e-con e-parent\" data-id=\"79cbfbe1\" data-element_type=\"container\" data-e-type=\"container\" data-settings=\"{&quot;animation&quot;:&quot;fadeInLeft&quot;}\">\n\t\t\t\t\t<div class=\"e-con-inner\">\n\t\t\t\t<div class=\"elementor-element elementor-element-6ee4640d elementor-widget elementor-widget-heading\" data-id=\"6ee4640d\" data-element_type=\"widget\" data-e-type=\"widget\" data-widget_type=\"heading.default\">\n\t\t\t\t<div class=\"elementor-widget-container\">\n\t\t\t\t\t<h1 class=\"elementor-heading-title elementor-size-default\">General:<\/h1>\t\t\t\t<\/div>\n\t\t\t\t<\/div>\n\t\t\t\t<div class=\"elementor-element elementor-element-1239ca88 elementor-widget elementor-widget-text-editor\" data-id=\"1239ca88\" data-element_type=\"widget\" data-e-type=\"widget\" data-widget_type=\"text-editor.default\">\n\t\t\t\t<div class=\"elementor-widget-container\">\n\t\t\t\t\t\t\t\t\t<p>Este cea mai mic\u0103 specie de vidr\u0103, av\u00e2nd o lungime de 70-100 cm, inclusiv coada. Spre deosebire de alte vidre, are gheare mult mai mici \u0219i degete mai lungi, ceea ce \u00eei ofer\u0103 o dexteritate sporit\u0103. Este foarte social\u0103 \u0219i tr\u0103ie\u0219te \u00een grupuri familiale.<\/p><p>Este cea mai mic\u0103 specie de vidr\u0103 \u0219i are gheare reduse, adaptate pentru a prinde molu\u0219te \u0219i crustacee. Se joac\u0103 cu pietre, arunc\u00e2ndu-le \u0219i prinz\u00e2ndu-le \u00een aer ca un truc de circ!<\/p>\t\t\t\t\t\t\t\t<\/div>\n\t\t\t\t<\/div>\n\t\t\t\t\t<\/div>\n\t\t\t\t<\/div>\n\t\t<div class=\"elementor-element elementor-element-65ef6cda e-flex e-con-boxed e-con e-parent\" data-id=\"65ef6cda\" data-element_type=\"container\" data-e-type=\"container\">\n\t\t\t\t\t<div class=\"e-con-inner\">\n\t\t\t\t<div class=\"elementor-element elementor-element-39806bd elementor-widget elementor-widget-gallery\" data-id=\"39806bd\" data-element_type=\"widget\" data-e-type=\"widget\" data-settings=\"{&quot;columns&quot;:2,&quot;lazyload&quot;:&quot;yes&quot;,&quot;gallery_layout&quot;:&quot;grid&quot;,&quot;columns_tablet&quot;:2,&quot;columns_mobile&quot;:1,&quot;gap&quot;:{&quot;unit&quot;:&quot;px&quot;,&quot;size&quot;:10,&quot;sizes&quot;:[]},&quot;gap_tablet&quot;:{&quot;unit&quot;:&quot;px&quot;,&quot;size&quot;:10,&quot;sizes&quot;:[]},&quot;gap_mobile&quot;:{&quot;unit&quot;:&quot;px&quot;,&quot;size&quot;:10,&quot;sizes&quot;:[]},&quot;link_to&quot;:&quot;file&quot;,&quot;aspect_ratio&quot;:&quot;3:2&quot;,&quot;overlay_background&quot;:&quot;yes&quot;,&quot;content_hover_animation&quot;:&quot;fade-in&quot;}\" data-widget_type=\"gallery.default\">\n\t\t\t\t<div class=\"elementor-widget-container\">\n\t\t\t\t\t\t\t<div class=\"elementor-gallery__container\">\n\t\t\t\t\t\t\t<a class=\"e-gallery-item elementor-gallery-item elementor-animated-content\" href=\"https:\/\/bucurestizoo.ro\/wp-content\/uploads\/2025\/02\/vidra-dt_2-Large.jpeg\" data-elementor-open-lightbox=\"yes\" data-elementor-lightbox-slideshow=\"39806bd\" data-elementor-lightbox-title=\"vidra dt_2 Large\" data-e-action-hash=\"#elementor-action%3Aaction%3Dlightbox%26settings%3DeyJpZCI6MTM1NDEsInVybCI6Imh0dHBzOlwvXC9idWN1cmVzdGl6b28ucm9cL3dwLWNvbnRlbnRcL3VwbG9hZHNcLzIwMjVcLzAyXC92aWRyYS1kdF8yLUxhcmdlLmpwZWciLCJzbGlkZXNob3ciOiIzOTgwNmJkIn0%3D\">\n\t\t\t\t\t<div class=\"e-gallery-image elementor-gallery-item__image\" data-thumbnail=\"https:\/\/bucurestizoo.ro\/wp-content\/uploads\/2025\/02\/vidra-dt_2-Large-1024x682.jpeg\" data-width=\"847\" data-height=\"564\" aria-label=\"\" role=\"img\" ><\/div>\n\t\t\t\t\t\t\t\t\t\t\t<div class=\"elementor-gallery-item__overlay\"><\/div>\n\t\t\t\t\t\t\t\t\t\t\t\t\t\t<\/a>\n\t\t\t\t\t\t\t<a class=\"e-gallery-item elementor-gallery-item elementor-animated-content\" href=\"https:\/\/bucurestizoo.ro\/wp-content\/uploads\/2025\/02\/vidra-dt_3-Large.jpeg\" data-elementor-open-lightbox=\"yes\" data-elementor-lightbox-slideshow=\"39806bd\" data-elementor-lightbox-title=\"vidra dt_3 Large\" data-e-action-hash=\"#elementor-action%3Aaction%3Dlightbox%26settings%3DeyJpZCI6MTM1NDIsInVybCI6Imh0dHBzOlwvXC9idWN1cmVzdGl6b28ucm9cL3dwLWNvbnRlbnRcL3VwbG9hZHNcLzIwMjVcLzAyXC92aWRyYS1kdF8zLUxhcmdlLmpwZWciLCJzbGlkZXNob3ciOiIzOTgwNmJkIn0%3D\">\n\t\t\t\t\t<div class=\"e-gallery-image elementor-gallery-item__image\" data-thumbnail=\"https:\/\/bucurestizoo.ro\/wp-content\/uploads\/2025\/02\/vidra-dt_3-Large-1024x682.jpeg\" data-width=\"847\" data-height=\"564\" aria-label=\"\" role=\"img\" ><\/div>\n\t\t\t\t\t\t\t\t\t\t\t<div class=\"elementor-gallery-item__overlay\"><\/div>\n\t\t\t\t\t\t\t\t\t\t\t\t\t\t<\/a>\n\t\t\t\t\t<\/div>\n\t\t\t\t\t<\/div>\n\t\t\t\t<\/div>\n\t\t\t\t\t<\/div>\n\t\t\t\t<\/div>\n\t\t<div class=\"elementor-element elementor-element-618d60a8 animated-slow e-flex e-con-boxed elementor-invisible e-con e-parent\" data-id=\"618d60a8\" data-element_type=\"container\" data-e-type=\"container\" data-settings=\"{&quot;animation&quot;:&quot;fadeInRight&quot;}\">\n\t\t\t\t\t<div class=\"e-con-inner\">\n\t\t\t\t<div class=\"elementor-element elementor-element-48897215 elementor-widget elementor-widget-heading\" data-id=\"48897215\" data-element_type=\"widget\" data-e-type=\"widget\" data-widget_type=\"heading.default\">\n\t\t\t\t<div class=\"elementor-widget-container\">\n\t\t\t\t\t<h1 class=\"elementor-heading-title elementor-size-default\">Habitat:<\/h1>\t\t\t\t<\/div>\n\t\t\t\t<\/div>\n\t\t\t\t<div class=\"elementor-element elementor-element-4743140 elementor-widget elementor-widget-text-editor\" data-id=\"4743140\" data-element_type=\"widget\" data-e-type=\"widget\" data-widget_type=\"text-editor.default\">\n\t\t\t\t<div class=\"elementor-widget-container\">\n\t\t\t\t\t\t\t\t\t<p>R\u00e2uri, mangrove, mla\u0219tini. Locuie\u0219te \u00een zone de coast\u0103, estuare, mangrove \u0219i r\u00e2uri cu ape lente din Asia de Sud \u0219i Sud-Est, inclusiv India, China \u0219i Indonezia.<\/p>\t\t\t\t\t\t\t\t<\/div>\n\t\t\t\t<\/div>\n\t\t\t\t\t<\/div>\n\t\t\t\t<\/div>\n\t\t<div class=\"elementor-element elementor-element-2fc2e6b9 e-grid e-con-boxed e-con e-parent\" data-id=\"2fc2e6b9\" data-element_type=\"container\" data-e-type=\"container\">\n\t\t\t\t\t<div class=\"e-con-inner\">\n\t\t<div class=\"elementor-element elementor-element-1c055af4 e-con-full animated-slow e-flex elementor-invisible e-con e-child\" data-id=\"1c055af4\" data-element_type=\"container\" data-e-type=\"container\" data-settings=\"{&quot;animation&quot;:&quot;fadeInLeft&quot;}\">\n\t\t\t\t<div class=\"elementor-element elementor-element-1e64bd14 elementor-widget elementor-widget-heading\" data-id=\"1e64bd14\" data-element_type=\"widget\" data-e-type=\"widget\" data-widget_type=\"heading.default\">\n\t\t\t\t<div class=\"elementor-widget-container\">\n\t\t\t\t\t<h1 class=\"elementor-heading-title elementor-size-default\">Hran\u0103:<\/h1>\t\t\t\t<\/div>\n\t\t\t\t<\/div>\n\t\t\t\t<div class=\"elementor-element elementor-element-4a5304ad elementor-widget elementor-widget-text-editor\" data-id=\"4a5304ad\" data-element_type=\"widget\" data-e-type=\"widget\" data-widget_type=\"text-editor.default\">\n\t\t\t\t<div class=\"elementor-widget-container\">\n\t\t\t\t\t\t\t\t\t<p>Pe\u0219te, crustacee, molu\u0219te. Consum\u0103 crustacee, molu\u0219te, pe\u0219ti \u0219i amfibieni. Are o tehnic\u0103 de hr\u0103nire unic\u0103, folosindu-\u0219i labele pentru a apuca hrana, \u00een loc s\u0103 se bazeze doar pe mu\u0219c\u0103tura maxilarelor.<\/p>\t\t\t\t\t\t\t\t<\/div>\n\t\t\t\t<\/div>\n\t\t\t\t<\/div>\n\t\t<div class=\"elementor-element elementor-element-7a88e65b e-con-full animated-slow e-flex elementor-invisible e-con e-child\" data-id=\"7a88e65b\" data-element_type=\"container\" data-e-type=\"container\" data-settings=\"{&quot;animation&quot;:&quot;fadeInRight&quot;}\">\n\t\t\t\t<div class=\"elementor-element elementor-element-55006e7c elementor-widget elementor-widget-heading\" data-id=\"55006e7c\" data-element_type=\"widget\" data-e-type=\"widget\" data-widget_type=\"heading.default\">\n\t\t\t\t<div class=\"elementor-widget-container\">\n\t\t\t\t\t<h1 class=\"elementor-heading-title elementor-size-default\">Conservare:<\/h1>\t\t\t\t<\/div>\n\t\t\t\t<\/div>\n\t\t\t\t<div class=\"elementor-element elementor-element-159f295a elementor-widget elementor-widget-text-editor\" data-id=\"159f295a\" data-element_type=\"widget\" data-e-type=\"widget\" data-widget_type=\"text-editor.default\">\n\t\t\t\t<div class=\"elementor-widget-container\">\n\t\t\t\t\t\t\t\t\t<p>\u00a0Este clasificat\u0103 ca specie vulnerabil\u0103 din cauza pierderii habitatului, polu\u0103rii apei \u0219i v\u00e2n\u0103torii ilegale.<\/p>\t\t\t\t\t\t\t\t<\/div>\n\t\t\t\t<\/div>\n\t\t\t\t<\/div>\n\t\t\t\t\t<\/div>\n\t\t\t\t<\/div>\n\t\t\t\t<\/div>","protected":false},"excerpt":{"rendered":"<p>Vidra asiatic\u0103 cu gheare mici Denumire \u0219tiin\u021bific\u0103: Aonyx cinereusOrdin: CarnivoraFamilie: MustelidaeGen: AonyxSpecie: Aonyx cinereusDistribu\u021bie: Asia de Sud-Est, India, ChinaDimensiuni: 45-60 cm lungime, coada 25-35 cmGreutate: 3-5 kgPerioada de gesta\u021bie: 60-70 zileNum\u0103r de pui: 1-6Speran\u021b\u0103 de via\u021b\u0103: 10-13 ani \u00een s\u0103lb\u0103ticie, \u00een captivitate mai mult General: Este cea mai mic\u0103 specie de vidr\u0103, av\u00e2nd o lungime &hellip; <a href=\"https:\/\/bucurestizoo.ro\/en\/vidra-asiatica\/\" class=\"more-link\">Continue reading <span class=\"screen-reader-text\">Vidra Asiatic\u0103<\/span><\/a><\/p>","protected":false},"author":1,"featured_media":0,"parent":0,"menu_order":0,"comment_status":"closed","ping_status":"closed","template":"","meta":{"_monsterinsights_skip_tracking":false,"_monsterinsights_sitenote_active":false,"_monsterinsights_sitenote_note":"","_monsterinsights_sitenote_category":0,"footnotes":""},"class_list":["post-13547","page","type-page","status-publish","hentry"],"aioseo_notices":[],"_links":{"self":[{"href":"https:\/\/bucurestizoo.ro\/en\/wp-json\/wp\/v2\/pages\/13547","targetHints":{"allow":["GET"]}}],"collection":[{"href":"https:\/\/bucurestizoo.ro\/en\/wp-json\/wp\/v2\/pages"}],"about":[{"href":"https:\/\/bucurestizoo.ro\/en\/wp-json\/wp\/v2\/types\/page"}],"author":[{"embeddable":true,"href":"https:\/\/bucurestizoo.ro\/en\/wp-json\/wp\/v2\/users\/1"}],"replies":[{"embeddable":true,"href":"https:\/\/bucurestizoo.ro\/en\/wp-json\/wp\/v2\/comments?post=13547"}],"version-history":[{"count":4,"href":"https:\/\/bucurestizoo.ro\/en\/wp-json\/wp\/v2\/pages\/13547\/revisions"}],"predecessor-version":[{"id":13552,"href":"https:\/\/bucurestizoo.ro\/en\/wp-json\/wp\/v2\/pages\/13547\/revisions\/13552"}],"wp:attachment":[{"href":"https:\/\/bucurestizoo.ro\/en\/wp-json\/wp\/v2\/media?parent=13547"}],"curies":[{"name":"wp","href":"https:\/\/api.w.org\/{rel}","templated":true}]}}