{"id":13516,"date":"2025-02-19T18:05:16","date_gmt":"2025-02-19T16:05:16","guid":{"rendered":"https:\/\/n1.bucurestizoo.ro\/?page_id=13516"},"modified":"2025-02-19T18:41:03","modified_gmt":"2025-02-19T16:41:03","slug":"veverita-prevosti","status":"publish","type":"page","link":"https:\/\/bucurestizoo.ro\/en\/veverita-prevosti\/","title":{"rendered":"Veveri\u021ba Prevosti"},"content":{"rendered":"<div data-elementor-type=\"wp-page\" data-elementor-id=\"13516\" class=\"elementor elementor-13516\" data-elementor-post-type=\"page\">\n\t\t\t\t<div class=\"elementor-element elementor-element-6cd0a6a3 e-flex e-con-boxed e-con e-parent\" data-id=\"6cd0a6a3\" data-element_type=\"container\" data-e-type=\"container\" data-settings=\"{&quot;background_background&quot;:&quot;classic&quot;}\">\n\t\t\t\t\t<div class=\"e-con-inner\">\n\t\t<div class=\"elementor-element elementor-element-26bc8b14 e-con-full e-flex e-con e-child\" data-id=\"26bc8b14\" data-element_type=\"container\" data-e-type=\"container\">\n\t\t<div class=\"elementor-element elementor-element-63ccfe1f e-con-full animated-slow e-flex elementor-invisible e-con e-child\" data-id=\"63ccfe1f\" data-element_type=\"container\" data-e-type=\"container\" data-settings=\"{&quot;animation&quot;:&quot;fadeInLeft&quot;}\">\n\t\t\t\t<div class=\"elementor-element elementor-element-48a28fb5 elementor-widget elementor-widget-heading\" data-id=\"48a28fb5\" data-element_type=\"widget\" data-e-type=\"widget\" data-widget_type=\"heading.default\">\n\t\t\t\t<div class=\"elementor-widget-container\">\n\t\t\t\t\t<h1 class=\"elementor-heading-title elementor-size-default\">Veveri\u021ba lui Prevost<\/h1>\t\t\t\t<\/div>\n\t\t\t\t<\/div>\n\t\t\t\t<div class=\"elementor-element elementor-element-6ae8ed69 elementor-widget elementor-widget-text-editor\" data-id=\"6ae8ed69\" data-element_type=\"widget\" data-e-type=\"widget\" data-widget_type=\"text-editor.default\">\n\t\t\t\t<div class=\"elementor-widget-container\">\n\t\t\t\t\t\t\t\t\t<p><strong data-start=\"0\" data-end=\"25\">Denumire \u0219tiin\u021bific\u0103:<\/strong> Callosciurus prevostii<br data-start=\"48\" data-end=\"51\" \/><strong data-start=\"51\" data-end=\"61\">Ordin:<\/strong> Rodentia<br data-start=\"70\" data-end=\"73\" \/><strong data-start=\"73\" data-end=\"85\">Familie:<\/strong> Sciuridae<br data-start=\"95\" data-end=\"98\" \/><strong data-start=\"98\" data-end=\"106\">Gen:<\/strong> Callosciurus<br data-start=\"119\" data-end=\"122\" \/><strong data-start=\"122\" data-end=\"133\">Specie:<\/strong> Callosciurus prevostii<br data-start=\"156\" data-end=\"159\" \/><strong data-start=\"159\" data-end=\"175\">Distribu\u021bie:<\/strong> Asia de Sud-Est (Thailanda, Malaezia, Indonezia)<br data-start=\"224\" data-end=\"227\" \/><strong data-start=\"227\" data-end=\"242\">Dimensiuni:<\/strong> 20-30 cm lungime, coada 22-30 cm<br data-start=\"275\" data-end=\"278\" \/><strong data-start=\"278\" data-end=\"291\">Greutate:<\/strong> 250-400 g<br data-start=\"301\" data-end=\"304\" \/><strong data-start=\"304\" data-end=\"329\">Perioada de gesta\u021bie:<\/strong> 40-50 zile<br data-start=\"340\" data-end=\"343\" \/><strong data-start=\"343\" data-end=\"360\">Num\u0103r de pui:<\/strong> 1-3<br data-start=\"364\" data-end=\"367\" \/><strong data-start=\"367\" data-end=\"389\">Speran\u021b\u0103 de via\u021b\u0103:<\/strong> 10-12 ani \u00een s\u0103lb\u0103ticie, \u00een captivitate mai mult<\/p>\t\t\t\t\t\t\t\t<\/div>\n\t\t\t\t<\/div>\n\t\t\t\t<\/div>\n\t\t\t\t<div class=\"elementor-element elementor-element-7a8021e3 elementor-widget-tablet__width-inherit animated-slow elementor-invisible elementor-widget elementor-widget-image\" data-id=\"7a8021e3\" data-element_type=\"widget\" data-e-type=\"widget\" data-settings=\"{&quot;_animation&quot;:&quot;fadeInRight&quot;}\" data-widget_type=\"image.default\">\n\t\t\t\t<div class=\"elementor-widget-container\">\n\t\t\t\t\t\t\t\t\t\t\t\t\t\t\t<img fetchpriority=\"high\" decoding=\"async\" width=\"847\" height=\"564\" src=\"https:\/\/bucurestizoo.ro\/wp-content\/uploads\/2025\/02\/veverita-pre-dt_1-Large-1024x682.jpeg\" class=\"attachment-large size-large wp-image-13531\" alt=\"\" srcset=\"https:\/\/bucurestizoo.ro\/wp-content\/uploads\/2025\/02\/veverita-pre-dt_1-Large-1024x682.jpeg 1024w, https:\/\/bucurestizoo.ro\/wp-content\/uploads\/2025\/02\/veverita-pre-dt_1-Large-300x200.jpeg 300w, https:\/\/bucurestizoo.ro\/wp-content\/uploads\/2025\/02\/veverita-pre-dt_1-Large-768x512.jpeg 768w, https:\/\/bucurestizoo.ro\/wp-content\/uploads\/2025\/02\/veverita-pre-dt_1-Large-450x300.jpeg 450w, https:\/\/bucurestizoo.ro\/wp-content\/uploads\/2025\/02\/veverita-pre-dt_1-Large-650x433.jpeg 650w, https:\/\/bucurestizoo.ro\/wp-content\/uploads\/2025\/02\/veverita-pre-dt_1-Large.jpeg 1280w\" sizes=\"(max-width: 847px) 100vw, 847px\" data-id=\"13531\" \/>\t\t\t\t\t\t\t\t\t\t\t\t\t\t\t<\/div>\n\t\t\t\t<\/div>\n\t\t\t\t<\/div>\n\t\t\t\t\t<\/div>\n\t\t\t\t<\/div>\n\t\t<div class=\"elementor-element elementor-element-def6753 animated-slow e-flex e-con-boxed elementor-invisible e-con e-parent\" data-id=\"def6753\" data-element_type=\"container\" data-e-type=\"container\" data-settings=\"{&quot;animation&quot;:&quot;fadeInLeft&quot;}\">\n\t\t\t\t\t<div class=\"e-con-inner\">\n\t\t\t\t<div class=\"elementor-element elementor-element-28efa0fd elementor-widget elementor-widget-heading\" data-id=\"28efa0fd\" data-element_type=\"widget\" data-e-type=\"widget\" data-widget_type=\"heading.default\">\n\t\t\t\t<div class=\"elementor-widget-container\">\n\t\t\t\t\t<h1 class=\"elementor-heading-title elementor-size-default\">General:<\/h1>\t\t\t\t<\/div>\n\t\t\t\t<\/div>\n\t\t\t\t<div class=\"elementor-element elementor-element-59565891 elementor-widget elementor-widget-text-editor\" data-id=\"59565891\" data-element_type=\"widget\" data-e-type=\"widget\" data-widget_type=\"text-editor.default\">\n\t\t\t\t<div class=\"elementor-widget-container\">\n\t\t\t\t\t\t\t\t\t<p>Este o veveri\u021b\u0103 foarte colorat\u0103, cu blan\u0103 neagr\u0103, alb\u0103 \u0219i portocalie. Veveri\u021ba lui Prevost este una dintre cele mai colorate specii de veveri\u021be, av\u00e2nd un model distinctiv de blan\u0103 neagr\u0103 pe spate, alb pe burt\u0103 \u0219i ro\u0219cat pe laturi. Este o specie arboricol\u0103 diurn\u0103, activ\u0103 \u00een special diminea\u021ba \u0219i dup\u0103-amiaza.<\/p><p>\u00ce\u0219i \u00eengroap\u0103 hrana ca rezerve, dar uit\u0103 unde, ajut\u00e2nd astfel la regenerarea p\u0103durii!<\/p>\t\t\t\t\t\t\t\t<\/div>\n\t\t\t\t<\/div>\n\t\t\t\t\t<\/div>\n\t\t\t\t<\/div>\n\t\t<div class=\"elementor-element elementor-element-7130adc1 e-flex e-con-boxed e-con e-parent\" data-id=\"7130adc1\" data-element_type=\"container\" data-e-type=\"container\">\n\t\t\t\t\t<div class=\"e-con-inner\">\n\t\t\t\t<div class=\"elementor-element elementor-element-61efaaf0 elementor-widget elementor-widget-gallery\" data-id=\"61efaaf0\" data-element_type=\"widget\" data-e-type=\"widget\" data-settings=\"{&quot;columns&quot;:2,&quot;lazyload&quot;:&quot;yes&quot;,&quot;gallery_layout&quot;:&quot;grid&quot;,&quot;columns_tablet&quot;:2,&quot;columns_mobile&quot;:1,&quot;gap&quot;:{&quot;unit&quot;:&quot;px&quot;,&quot;size&quot;:10,&quot;sizes&quot;:[]},&quot;gap_tablet&quot;:{&quot;unit&quot;:&quot;px&quot;,&quot;size&quot;:10,&quot;sizes&quot;:[]},&quot;gap_mobile&quot;:{&quot;unit&quot;:&quot;px&quot;,&quot;size&quot;:10,&quot;sizes&quot;:[]},&quot;link_to&quot;:&quot;file&quot;,&quot;aspect_ratio&quot;:&quot;3:2&quot;,&quot;overlay_background&quot;:&quot;yes&quot;,&quot;content_hover_animation&quot;:&quot;fade-in&quot;}\" data-widget_type=\"gallery.default\">\n\t\t\t\t<div class=\"elementor-widget-container\">\n\t\t\t\t\t\t\t<div class=\"elementor-gallery__container\">\n\t\t\t\t\t\t\t<a class=\"e-gallery-item elementor-gallery-item elementor-animated-content\" href=\"https:\/\/bucurestizoo.ro\/wp-content\/uploads\/2025\/02\/veverita-pre-dt_2-Large.jpeg\" data-elementor-open-lightbox=\"yes\" data-elementor-lightbox-slideshow=\"61efaaf0\" data-elementor-lightbox-title=\"veverita pre dt_2 Large\" data-e-action-hash=\"#elementor-action%3Aaction%3Dlightbox%26settings%3DeyJpZCI6MTM1MzIsInVybCI6Imh0dHBzOlwvXC9idWN1cmVzdGl6b28ucm9cL3dwLWNvbnRlbnRcL3VwbG9hZHNcLzIwMjVcLzAyXC92ZXZlcml0YS1wcmUtZHRfMi1MYXJnZS5qcGVnIiwic2xpZGVzaG93IjoiNjFlZmFhZjAifQ%3D%3D\">\n\t\t\t\t\t<div class=\"e-gallery-image elementor-gallery-item__image\" data-thumbnail=\"https:\/\/bucurestizoo.ro\/wp-content\/uploads\/2025\/02\/veverita-pre-dt_2-Large-1024x682.jpeg\" data-width=\"847\" data-height=\"564\" aria-label=\"\" role=\"img\" ><\/div>\n\t\t\t\t\t\t\t\t\t\t\t<div class=\"elementor-gallery-item__overlay\"><\/div>\n\t\t\t\t\t\t\t\t\t\t\t\t\t\t<\/a>\n\t\t\t\t\t<\/div>\n\t\t\t\t\t<\/div>\n\t\t\t\t<\/div>\n\t\t\t\t\t<\/div>\n\t\t\t\t<\/div>\n\t\t<div class=\"elementor-element elementor-element-419c954 animated-slow e-flex e-con-boxed elementor-invisible e-con e-parent\" data-id=\"419c954\" data-element_type=\"container\" data-e-type=\"container\" data-settings=\"{&quot;animation&quot;:&quot;fadeInRight&quot;}\">\n\t\t\t\t\t<div class=\"e-con-inner\">\n\t\t\t\t<div class=\"elementor-element elementor-element-61383174 elementor-widget elementor-widget-heading\" data-id=\"61383174\" data-element_type=\"widget\" data-e-type=\"widget\" data-widget_type=\"heading.default\">\n\t\t\t\t<div class=\"elementor-widget-container\">\n\t\t\t\t\t<h1 class=\"elementor-heading-title elementor-size-default\">Habitat:<\/h1>\t\t\t\t<\/div>\n\t\t\t\t<\/div>\n\t\t\t\t<div class=\"elementor-element elementor-element-4d9a9c21 elementor-widget elementor-widget-text-editor\" data-id=\"4d9a9c21\" data-element_type=\"widget\" data-e-type=\"widget\" data-widget_type=\"text-editor.default\">\n\t\t\t\t<div class=\"elementor-widget-container\">\n\t\t\t\t\t\t\t\t\t<p>Tr\u0103ie\u0219te \u00een p\u0103durile tropicale din Asia de Sud-Est, inclusiv Malaezia, Thailanda, Indonezia \u0219i insulele Filipine. Se adapteaz\u0103 bine \u0219i \u00een zonele modificate de om, cum ar fi planta\u021biile.<\/p>\t\t\t\t\t\t\t\t<\/div>\n\t\t\t\t<\/div>\n\t\t\t\t\t<\/div>\n\t\t\t\t<\/div>\n\t\t<div class=\"elementor-element elementor-element-4b307dfa e-grid e-con-boxed e-con e-parent\" data-id=\"4b307dfa\" data-element_type=\"container\" data-e-type=\"container\">\n\t\t\t\t\t<div class=\"e-con-inner\">\n\t\t<div class=\"elementor-element elementor-element-6826528b e-con-full animated-slow e-flex elementor-invisible e-con e-child\" data-id=\"6826528b\" data-element_type=\"container\" data-e-type=\"container\" data-settings=\"{&quot;animation&quot;:&quot;fadeInLeft&quot;}\">\n\t\t\t\t<div class=\"elementor-element elementor-element-77e9d9cc elementor-widget elementor-widget-heading\" data-id=\"77e9d9cc\" data-element_type=\"widget\" data-e-type=\"widget\" data-widget_type=\"heading.default\">\n\t\t\t\t<div class=\"elementor-widget-container\">\n\t\t\t\t\t<h1 class=\"elementor-heading-title elementor-size-default\">Hran\u0103:<\/h1>\t\t\t\t<\/div>\n\t\t\t\t<\/div>\n\t\t\t\t<div class=\"elementor-element elementor-element-64fae2c5 elementor-widget elementor-widget-text-editor\" data-id=\"64fae2c5\" data-element_type=\"widget\" data-e-type=\"widget\" data-widget_type=\"text-editor.default\">\n\t\t\t\t<div class=\"elementor-widget-container\">\n\t\t\t\t\t\t\t\t\t<p>Fructe, semin\u021be, nuci, insecte.<\/p><p>Este omnivor\u0103, consum\u00e2nd fructe, semin\u021be, insecte \u0219i mici vertebrate. Contribuie la dispersia semin\u021belor, av\u00e2nd un rol ecologic important.<\/p>\t\t\t\t\t\t\t\t<\/div>\n\t\t\t\t<\/div>\n\t\t\t\t<\/div>\n\t\t<div class=\"elementor-element elementor-element-77521a94 e-con-full animated-slow e-flex elementor-invisible e-con e-child\" data-id=\"77521a94\" data-element_type=\"container\" data-e-type=\"container\" data-settings=\"{&quot;animation&quot;:&quot;fadeInRight&quot;}\">\n\t\t\t\t<div class=\"elementor-element elementor-element-1ffb8118 elementor-widget elementor-widget-heading\" data-id=\"1ffb8118\" data-element_type=\"widget\" data-e-type=\"widget\" data-widget_type=\"heading.default\">\n\t\t\t\t<div class=\"elementor-widget-container\">\n\t\t\t\t\t<h1 class=\"elementor-heading-title elementor-size-default\">Conservare:<\/h1>\t\t\t\t<\/div>\n\t\t\t\t<\/div>\n\t\t\t\t<div class=\"elementor-element elementor-element-68a4476e elementor-widget elementor-widget-text-editor\" data-id=\"68a4476e\" data-element_type=\"widget\" data-e-type=\"widget\" data-widget_type=\"text-editor.default\">\n\t\t\t\t<div class=\"elementor-widget-container\">\n\t\t\t\t\t\t\t\t\t<p>Nu este considerat\u0103 amenin\u021bat\u0103, dar defri\u0219\u0103rile continue din habitatul s\u0103u pot deveni o problem\u0103 pe termen lung.<\/p>\t\t\t\t\t\t\t\t<\/div>\n\t\t\t\t<\/div>\n\t\t\t\t<\/div>\n\t\t\t\t\t<\/div>\n\t\t\t\t<\/div>\n\t\t\t\t<\/div>","protected":false},"excerpt":{"rendered":"<p>Veveri\u021ba lui Prevost Denumire \u0219tiin\u021bific\u0103: Callosciurus prevostiiOrdin: RodentiaFamilie: SciuridaeGen: CallosciurusSpecie: Callosciurus prevostiiDistribu\u021bie: Asia de Sud-Est (Thailanda, Malaezia, Indonezia)Dimensiuni: 20-30 cm lungime, coada 22-30 cmGreutate: 250-400 gPerioada de gesta\u021bie: 40-50 zileNum\u0103r de pui: 1-3Speran\u021b\u0103 de via\u021b\u0103: 10-12 ani \u00een s\u0103lb\u0103ticie, \u00een captivitate mai mult General: Este o veveri\u021b\u0103 foarte colorat\u0103, cu blan\u0103 neagr\u0103, alb\u0103 \u0219i portocalie. &hellip; <a href=\"https:\/\/bucurestizoo.ro\/en\/veverita-prevosti\/\" class=\"more-link\">Continue reading <span class=\"screen-reader-text\">Veveri\u021ba Prevosti<\/span><\/a><\/p>","protected":false},"author":1,"featured_media":0,"parent":0,"menu_order":0,"comment_status":"closed","ping_status":"closed","template":"","meta":{"_monsterinsights_skip_tracking":false,"_monsterinsights_sitenote_active":false,"_monsterinsights_sitenote_note":"","_monsterinsights_sitenote_category":0,"footnotes":""},"class_list":["post-13516","page","type-page","status-publish","hentry"],"aioseo_notices":[],"_links":{"self":[{"href":"https:\/\/bucurestizoo.ro\/en\/wp-json\/wp\/v2\/pages\/13516","targetHints":{"allow":["GET"]}}],"collection":[{"href":"https:\/\/bucurestizoo.ro\/en\/wp-json\/wp\/v2\/pages"}],"about":[{"href":"https:\/\/bucurestizoo.ro\/en\/wp-json\/wp\/v2\/types\/page"}],"author":[{"embeddable":true,"href":"https:\/\/bucurestizoo.ro\/en\/wp-json\/wp\/v2\/users\/1"}],"replies":[{"embeddable":true,"href":"https:\/\/bucurestizoo.ro\/en\/wp-json\/wp\/v2\/comments?post=13516"}],"version-history":[{"count":4,"href":"https:\/\/bucurestizoo.ro\/en\/wp-json\/wp\/v2\/pages\/13516\/revisions"}],"predecessor-version":[{"id":13538,"href":"https:\/\/bucurestizoo.ro\/en\/wp-json\/wp\/v2\/pages\/13516\/revisions\/13538"}],"wp:attachment":[{"href":"https:\/\/bucurestizoo.ro\/en\/wp-json\/wp\/v2\/media?parent=13516"}],"curies":[{"name":"wp","href":"https:\/\/api.w.org\/{rel}","templated":true}]}}