{"id":13515,"date":"2025-02-19T18:04:53","date_gmt":"2025-02-19T16:04:53","guid":{"rendered":"https:\/\/n1.bucurestizoo.ro\/?page_id=13515"},"modified":"2025-02-19T18:28:33","modified_gmt":"2025-02-19T16:28:33","slug":"veverita-zburatoare","status":"publish","type":"page","link":"https:\/\/bucurestizoo.ro\/en\/veverita-zburatoare\/","title":{"rendered":"Veveri\u021ba Zbur\u0103toare"},"content":{"rendered":"<div data-elementor-type=\"wp-page\" data-elementor-id=\"13515\" class=\"elementor elementor-13515\" data-elementor-post-type=\"page\">\n\t\t\t\t<div class=\"elementor-element elementor-element-28bd4aa4 e-flex e-con-boxed e-con e-parent\" data-id=\"28bd4aa4\" data-element_type=\"container\" data-e-type=\"container\" data-settings=\"{&quot;background_background&quot;:&quot;classic&quot;}\">\n\t\t\t\t\t<div class=\"e-con-inner\">\n\t\t<div class=\"elementor-element elementor-element-7b660d92 e-con-full e-flex e-con e-child\" data-id=\"7b660d92\" data-element_type=\"container\" data-e-type=\"container\">\n\t\t<div class=\"elementor-element elementor-element-455a1270 e-con-full animated-slow e-flex elementor-invisible e-con e-child\" data-id=\"455a1270\" data-element_type=\"container\" data-e-type=\"container\" data-settings=\"{&quot;animation&quot;:&quot;fadeInLeft&quot;}\">\n\t\t\t\t<div class=\"elementor-element elementor-element-2622d45b elementor-widget elementor-widget-heading\" data-id=\"2622d45b\" data-element_type=\"widget\" data-e-type=\"widget\" data-widget_type=\"heading.default\">\n\t\t\t\t<div class=\"elementor-widget-container\">\n\t\t\t\t\t<h1 class=\"elementor-heading-title elementor-size-default\">Veveri\u021ba zbur\u0103toare<\/h1>\t\t\t\t<\/div>\n\t\t\t\t<\/div>\n\t\t\t\t<div class=\"elementor-element elementor-element-621478ce elementor-widget elementor-widget-text-editor\" data-id=\"621478ce\" data-element_type=\"widget\" data-e-type=\"widget\" data-widget_type=\"text-editor.default\">\n\t\t\t\t<div class=\"elementor-widget-container\">\n\t\t\t\t\t\t\t\t\t<p><strong data-start=\"0\" data-end=\"25\">Denumire \u0219tiin\u021bific\u0103:<\/strong> Petaurus breviceps<br data-start=\"44\" data-end=\"47\" \/><strong data-start=\"47\" data-end=\"57\">Ordin:<\/strong> Diprotodontia<br data-start=\"71\" data-end=\"74\" \/><strong data-start=\"74\" data-end=\"86\">Familie:<\/strong> Petauridae<br data-start=\"97\" data-end=\"100\" \/><strong data-start=\"100\" data-end=\"108\">Gen:<\/strong> Petaurus<br data-start=\"117\" data-end=\"120\" \/><strong data-start=\"120\" data-end=\"131\">Specie:<\/strong> Petaurus breviceps<br data-start=\"150\" data-end=\"153\" \/><strong data-start=\"153\" data-end=\"169\">Distribu\u021bie:<\/strong> Australia, Noua Guinee<br data-start=\"192\" data-end=\"195\" \/><strong data-start=\"195\" data-end=\"210\">Dimensiuni:<\/strong> 16-21 cm lungime, coad\u0103 16-21 cm<br data-start=\"243\" data-end=\"246\" \/><strong data-start=\"246\" data-end=\"259\">Greutate:<\/strong> 90-150 g<br data-start=\"268\" data-end=\"271\" \/><strong data-start=\"271\" data-end=\"296\">Perioada de gesta\u021bie:<\/strong> 15-17 zile<br data-start=\"307\" data-end=\"310\" \/><strong data-start=\"310\" data-end=\"327\">Num\u0103r de pui:<\/strong> 1-2<br data-start=\"331\" data-end=\"334\" \/><strong data-start=\"334\" data-end=\"356\">Speran\u021b\u0103 de via\u021b\u0103:<\/strong> 5-7 ani \u00een s\u0103lb\u0103ticie, \u00een captivitate mai mult<\/p>\t\t\t\t\t\t\t\t<\/div>\n\t\t\t\t<\/div>\n\t\t\t\t<\/div>\n\t\t\t\t<div class=\"elementor-element elementor-element-5368dde2 elementor-widget-tablet__width-inherit animated-slow elementor-invisible elementor-widget elementor-widget-image\" data-id=\"5368dde2\" data-element_type=\"widget\" data-e-type=\"widget\" data-settings=\"{&quot;_animation&quot;:&quot;fadeInRight&quot;}\" data-widget_type=\"image.default\">\n\t\t\t\t<div class=\"elementor-widget-container\">\n\t\t\t\t\t\t\t\t\t\t\t\t\t\t\t<img fetchpriority=\"high\" decoding=\"async\" width=\"847\" height=\"566\" src=\"https:\/\/bucurestizoo.ro\/wp-content\/uploads\/2025\/02\/veverita-dt_1-Large-1024x684.jpeg\" class=\"attachment-large size-large wp-image-13525\" alt=\"\" srcset=\"https:\/\/bucurestizoo.ro\/wp-content\/uploads\/2025\/02\/veverita-dt_1-Large-1024x684.jpeg 1024w, https:\/\/bucurestizoo.ro\/wp-content\/uploads\/2025\/02\/veverita-dt_1-Large-300x200.jpeg 300w, https:\/\/bucurestizoo.ro\/wp-content\/uploads\/2025\/02\/veverita-dt_1-Large-768x513.jpeg 768w, https:\/\/bucurestizoo.ro\/wp-content\/uploads\/2025\/02\/veverita-dt_1-Large-449x300.jpeg 449w, https:\/\/bucurestizoo.ro\/wp-content\/uploads\/2025\/02\/veverita-dt_1-Large-650x434.jpeg 650w, https:\/\/bucurestizoo.ro\/wp-content\/uploads\/2025\/02\/veverita-dt_1-Large.jpeg 1280w\" sizes=\"(max-width: 847px) 100vw, 847px\" data-id=\"13525\" \/>\t\t\t\t\t\t\t\t\t\t\t\t\t\t\t<\/div>\n\t\t\t\t<\/div>\n\t\t\t\t<\/div>\n\t\t\t\t\t<\/div>\n\t\t\t\t<\/div>\n\t\t<div class=\"elementor-element elementor-element-2d2ecdb9 animated-slow e-flex e-con-boxed elementor-invisible e-con e-parent\" data-id=\"2d2ecdb9\" data-element_type=\"container\" data-e-type=\"container\" data-settings=\"{&quot;animation&quot;:&quot;fadeInLeft&quot;}\">\n\t\t\t\t\t<div class=\"e-con-inner\">\n\t\t\t\t<div class=\"elementor-element elementor-element-29b64554 elementor-widget elementor-widget-heading\" data-id=\"29b64554\" data-element_type=\"widget\" data-e-type=\"widget\" data-widget_type=\"heading.default\">\n\t\t\t\t<div class=\"elementor-widget-container\">\n\t\t\t\t\t<h1 class=\"elementor-heading-title elementor-size-default\">General:<\/h1>\t\t\t\t<\/div>\n\t\t\t\t<\/div>\n\t\t\t\t<div class=\"elementor-element elementor-element-43cd36e0 elementor-widget elementor-widget-text-editor\" data-id=\"43cd36e0\" data-element_type=\"widget\" data-e-type=\"widget\" data-widget_type=\"text-editor.default\">\n\t\t\t\t<div class=\"elementor-widget-container\">\n\t\t\t\t\t\t\t\t\t<p><b>\u00a0<\/b>Veveri\u021ba zbur\u0103toare de zah\u0103r (Petaurus breviceps), cunoscut\u0103 \u0219i sub numele de sugar glider, este un marsupial arboricol de dimensiuni mici, originar din Australia, Noua Guinee \u0219i insulele \u00eenvecinate. Este denumit\u0103 \u201ezbur\u0103toare\u201d datorit\u0103 membranei patagiale care se \u00eentinde \u00eentre membrele anterioare \u0219i posterioare, permi\u021b\u00e2ndu-i s\u0103 planeze de la un copac la altul. Are o lungime a corpului de 16-21 cm, cu o coad\u0103 pufoas\u0103 de aproximativ aceea\u0219i dimensiune \u0219i o greutate de 90-150 g.Poate plana p\u00e2n\u0103 la 50 de metri datorit\u0103 membranei dintre membre! Emit sunete asem\u0103n\u0103toare cu l\u0103tratul!<\/p>\t\t\t\t\t\t\t\t<\/div>\n\t\t\t\t<\/div>\n\t\t\t\t\t<\/div>\n\t\t\t\t<\/div>\n\t\t<div class=\"elementor-element elementor-element-721901c6 e-flex e-con-boxed e-con e-parent\" data-id=\"721901c6\" data-element_type=\"container\" data-e-type=\"container\">\n\t\t\t\t\t<div class=\"e-con-inner\">\n\t\t\t\t<div class=\"elementor-element elementor-element-30e36469 elementor-widget elementor-widget-gallery\" data-id=\"30e36469\" data-element_type=\"widget\" data-e-type=\"widget\" data-settings=\"{&quot;columns&quot;:2,&quot;lazyload&quot;:&quot;yes&quot;,&quot;gallery_layout&quot;:&quot;grid&quot;,&quot;columns_tablet&quot;:2,&quot;columns_mobile&quot;:1,&quot;gap&quot;:{&quot;unit&quot;:&quot;px&quot;,&quot;size&quot;:10,&quot;sizes&quot;:[]},&quot;gap_tablet&quot;:{&quot;unit&quot;:&quot;px&quot;,&quot;size&quot;:10,&quot;sizes&quot;:[]},&quot;gap_mobile&quot;:{&quot;unit&quot;:&quot;px&quot;,&quot;size&quot;:10,&quot;sizes&quot;:[]},&quot;link_to&quot;:&quot;file&quot;,&quot;aspect_ratio&quot;:&quot;3:2&quot;,&quot;overlay_background&quot;:&quot;yes&quot;,&quot;content_hover_animation&quot;:&quot;fade-in&quot;}\" data-widget_type=\"gallery.default\">\n\t\t\t\t<div class=\"elementor-widget-container\">\n\t\t\t\t\t\t\t<div class=\"elementor-gallery__container\">\n\t\t\t\t\t\t\t<a class=\"e-gallery-item elementor-gallery-item elementor-animated-content\" href=\"https:\/\/bucurestizoo.ro\/wp-content\/uploads\/2025\/02\/veverita-dt_3-Large.jpeg\" data-elementor-open-lightbox=\"yes\" data-elementor-lightbox-slideshow=\"30e36469\" data-elementor-lightbox-title=\"veverita dt_3 Large\" data-e-action-hash=\"#elementor-action%3Aaction%3Dlightbox%26settings%3DeyJpZCI6MTM1MjcsInVybCI6Imh0dHBzOlwvXC9idWN1cmVzdGl6b28ucm9cL3dwLWNvbnRlbnRcL3VwbG9hZHNcLzIwMjVcLzAyXC92ZXZlcml0YS1kdF8zLUxhcmdlLmpwZWciLCJzbGlkZXNob3ciOiIzMGUzNjQ2OSJ9\">\n\t\t\t\t\t<div class=\"e-gallery-image elementor-gallery-item__image\" data-thumbnail=\"https:\/\/bucurestizoo.ro\/wp-content\/uploads\/2025\/02\/veverita-dt_3-Large-1024x576.jpeg\" data-width=\"847\" data-height=\"476\" aria-label=\"\" role=\"img\" ><\/div>\n\t\t\t\t\t\t\t\t\t\t\t<div class=\"elementor-gallery-item__overlay\"><\/div>\n\t\t\t\t\t\t\t\t\t\t\t\t\t\t<\/a>\n\t\t\t\t\t\t\t<a class=\"e-gallery-item elementor-gallery-item elementor-animated-content\" href=\"https:\/\/bucurestizoo.ro\/wp-content\/uploads\/2025\/02\/veverita-dt_2-Large.jpeg\" data-elementor-open-lightbox=\"yes\" data-elementor-lightbox-slideshow=\"30e36469\" data-elementor-lightbox-title=\"veverita dt_2 Large\" data-e-action-hash=\"#elementor-action%3Aaction%3Dlightbox%26settings%3DeyJpZCI6MTM1MjYsInVybCI6Imh0dHBzOlwvXC9idWN1cmVzdGl6b28ucm9cL3dwLWNvbnRlbnRcL3VwbG9hZHNcLzIwMjVcLzAyXC92ZXZlcml0YS1kdF8yLUxhcmdlLmpwZWciLCJzbGlkZXNob3ciOiIzMGUzNjQ2OSJ9\">\n\t\t\t\t\t<div class=\"e-gallery-image elementor-gallery-item__image\" data-thumbnail=\"https:\/\/bucurestizoo.ro\/wp-content\/uploads\/2025\/02\/veverita-dt_2-Large-1024x576.jpeg\" data-width=\"847\" data-height=\"476\" aria-label=\"\" role=\"img\" ><\/div>\n\t\t\t\t\t\t\t\t\t\t\t<div class=\"elementor-gallery-item__overlay\"><\/div>\n\t\t\t\t\t\t\t\t\t\t\t\t\t\t<\/a>\n\t\t\t\t\t<\/div>\n\t\t\t\t\t<\/div>\n\t\t\t\t<\/div>\n\t\t\t\t\t<\/div>\n\t\t\t\t<\/div>\n\t\t<div class=\"elementor-element elementor-element-46feafa4 animated-slow e-flex e-con-boxed elementor-invisible e-con e-parent\" data-id=\"46feafa4\" data-element_type=\"container\" data-e-type=\"container\" data-settings=\"{&quot;animation&quot;:&quot;fadeInRight&quot;}\">\n\t\t\t\t\t<div class=\"e-con-inner\">\n\t\t\t\t<div class=\"elementor-element elementor-element-79410a88 elementor-widget elementor-widget-heading\" data-id=\"79410a88\" data-element_type=\"widget\" data-e-type=\"widget\" data-widget_type=\"heading.default\">\n\t\t\t\t<div class=\"elementor-widget-container\">\n\t\t\t\t\t<h1 class=\"elementor-heading-title elementor-size-default\">Habitat:<\/h1>\t\t\t\t<\/div>\n\t\t\t\t<\/div>\n\t\t\t\t<div class=\"elementor-element elementor-element-25cb7071 elementor-widget elementor-widget-text-editor\" data-id=\"25cb7071\" data-element_type=\"widget\" data-e-type=\"widget\" data-widget_type=\"text-editor.default\">\n\t\t\t\t<div class=\"elementor-widget-container\">\n\t\t\t\t\t\t\t\t\t<p>Se g\u0103se\u0219te \u00een p\u0103durile tropicale \u0219i subtropicale, prefer\u00e2nd regiunile cu arbori \u00eenal\u021bi \u0219i cu cavit\u0103\u021bi potrivite pentru ad\u0103post. Este un animal nocturn \u0219i tr\u0103ie\u0219te \u00een grupuri sociale.<\/p>\t\t\t\t\t\t\t\t<\/div>\n\t\t\t\t<\/div>\n\t\t\t\t\t<\/div>\n\t\t\t\t<\/div>\n\t\t<div class=\"elementor-element elementor-element-631b2c0c e-grid e-con-boxed e-con e-parent\" data-id=\"631b2c0c\" data-element_type=\"container\" data-e-type=\"container\">\n\t\t\t\t\t<div class=\"e-con-inner\">\n\t\t<div class=\"elementor-element elementor-element-1d8066d1 e-con-full animated-slow e-flex elementor-invisible e-con e-child\" data-id=\"1d8066d1\" data-element_type=\"container\" data-e-type=\"container\" data-settings=\"{&quot;animation&quot;:&quot;fadeInLeft&quot;}\">\n\t\t\t\t<div class=\"elementor-element elementor-element-5f0bb855 elementor-widget elementor-widget-heading\" data-id=\"5f0bb855\" data-element_type=\"widget\" data-e-type=\"widget\" data-widget_type=\"heading.default\">\n\t\t\t\t<div class=\"elementor-widget-container\">\n\t\t\t\t\t<h1 class=\"elementor-heading-title elementor-size-default\">Hran\u0103:<\/h1>\t\t\t\t<\/div>\n\t\t\t\t<\/div>\n\t\t\t\t<div class=\"elementor-element elementor-element-5947008d elementor-widget elementor-widget-text-editor\" data-id=\"5947008d\" data-element_type=\"widget\" data-e-type=\"widget\" data-widget_type=\"text-editor.default\">\n\t\t\t\t<div class=\"elementor-widget-container\">\n\t\t\t\t\t\t\t\t\t<p>Este omnivor, consum\u00e2nd nectar, sev\u0103, fructe, insecte, p\u0103ianjeni \u0219i alte nevertebrate mici. Prefer\u0103 hrana bogat\u0103 \u00een zaharuri, de unde \u0219i numele de \u201esugar glider\u201d.<\/p>\t\t\t\t\t\t\t\t<\/div>\n\t\t\t\t<\/div>\n\t\t\t\t<\/div>\n\t\t<div class=\"elementor-element elementor-element-14445c93 e-con-full animated-slow e-flex elementor-invisible e-con e-child\" data-id=\"14445c93\" data-element_type=\"container\" data-e-type=\"container\" data-settings=\"{&quot;animation&quot;:&quot;fadeInRight&quot;}\">\n\t\t\t\t<div class=\"elementor-element elementor-element-617ffd7d elementor-widget elementor-widget-heading\" data-id=\"617ffd7d\" data-element_type=\"widget\" data-e-type=\"widget\" data-widget_type=\"heading.default\">\n\t\t\t\t<div class=\"elementor-widget-container\">\n\t\t\t\t\t<h1 class=\"elementor-heading-title elementor-size-default\">Conservare:<\/h1>\t\t\t\t<\/div>\n\t\t\t\t<\/div>\n\t\t\t\t<div class=\"elementor-element elementor-element-69e5df55 elementor-widget elementor-widget-text-editor\" data-id=\"69e5df55\" data-element_type=\"widget\" data-e-type=\"widget\" data-widget_type=\"text-editor.default\">\n\t\t\t\t<div class=\"elementor-widget-container\">\n\t\t\t\t\t\t\t\t\t<p>Nu este considerat\u0103 o specie amenin\u021bat\u0103, dar distrugerea habitatului \u0219i comer\u021bul ilegal cu animale de companie pot afecta popula\u021biile locale.<\/p>\t\t\t\t\t\t\t\t<\/div>\n\t\t\t\t<\/div>\n\t\t\t\t<\/div>\n\t\t\t\t\t<\/div>\n\t\t\t\t<\/div>\n\t\t\t\t<\/div>","protected":false},"excerpt":{"rendered":"<p>Veveri\u021ba zbur\u0103toare Denumire \u0219tiin\u021bific\u0103: Petaurus brevicepsOrdin: DiprotodontiaFamilie: PetauridaeGen: PetaurusSpecie: Petaurus brevicepsDistribu\u021bie: Australia, Noua GuineeDimensiuni: 16-21 cm lungime, coad\u0103 16-21 cmGreutate: 90-150 gPerioada de gesta\u021bie: 15-17 zileNum\u0103r de pui: 1-2Speran\u021b\u0103 de via\u021b\u0103: 5-7 ani \u00een s\u0103lb\u0103ticie, \u00een captivitate mai mult General: \u00a0Veveri\u021ba zbur\u0103toare de zah\u0103r (Petaurus breviceps), cunoscut\u0103 \u0219i sub numele de sugar glider, este un &hellip; <a href=\"https:\/\/bucurestizoo.ro\/en\/veverita-zburatoare\/\" class=\"more-link\">Continue reading <span class=\"screen-reader-text\">Veveri\u021ba Zbur\u0103toare<\/span><\/a><\/p>","protected":false},"author":1,"featured_media":0,"parent":0,"menu_order":0,"comment_status":"closed","ping_status":"closed","template":"","meta":{"_monsterinsights_skip_tracking":false,"_monsterinsights_sitenote_active":false,"_monsterinsights_sitenote_note":"","_monsterinsights_sitenote_category":0,"footnotes":""},"class_list":["post-13515","page","type-page","status-publish","hentry"],"aioseo_notices":[],"_links":{"self":[{"href":"https:\/\/bucurestizoo.ro\/en\/wp-json\/wp\/v2\/pages\/13515","targetHints":{"allow":["GET"]}}],"collection":[{"href":"https:\/\/bucurestizoo.ro\/en\/wp-json\/wp\/v2\/pages"}],"about":[{"href":"https:\/\/bucurestizoo.ro\/en\/wp-json\/wp\/v2\/types\/page"}],"author":[{"embeddable":true,"href":"https:\/\/bucurestizoo.ro\/en\/wp-json\/wp\/v2\/users\/1"}],"replies":[{"embeddable":true,"href":"https:\/\/bucurestizoo.ro\/en\/wp-json\/wp\/v2\/comments?post=13515"}],"version-history":[{"count":4,"href":"https:\/\/bucurestizoo.ro\/en\/wp-json\/wp\/v2\/pages\/13515\/revisions"}],"predecessor-version":[{"id":13530,"href":"https:\/\/bucurestizoo.ro\/en\/wp-json\/wp\/v2\/pages\/13515\/revisions\/13530"}],"wp:attachment":[{"href":"https:\/\/bucurestizoo.ro\/en\/wp-json\/wp\/v2\/media?parent=13515"}],"curies":[{"name":"wp","href":"https:\/\/api.w.org\/{rel}","templated":true}]}}