{"id":13508,"date":"2025-02-19T17:37:34","date_gmt":"2025-02-19T15:37:34","guid":{"rendered":"https:\/\/n1.bucurestizoo.ro\/?page_id=13508"},"modified":"2025-02-19T17:41:04","modified_gmt":"2025-02-19T15:41:04","slug":"geneta","status":"publish","type":"page","link":"https:\/\/bucurestizoo.ro\/en\/geneta\/","title":{"rendered":"Geneta"},"content":{"rendered":"<div data-elementor-type=\"wp-page\" data-elementor-id=\"13508\" class=\"elementor elementor-13508\" data-elementor-post-type=\"page\">\n\t\t\t\t<div class=\"elementor-element elementor-element-613a3f61 e-flex e-con-boxed e-con e-parent\" data-id=\"613a3f61\" data-element_type=\"container\" data-e-type=\"container\" data-settings=\"{&quot;background_background&quot;:&quot;classic&quot;}\">\n\t\t\t\t\t<div class=\"e-con-inner\">\n\t\t<div class=\"elementor-element elementor-element-2681d22e e-con-full e-flex e-con e-child\" data-id=\"2681d22e\" data-element_type=\"container\" data-e-type=\"container\">\n\t\t<div class=\"elementor-element elementor-element-22ff16cf e-con-full animated-slow e-flex elementor-invisible e-con e-child\" data-id=\"22ff16cf\" data-element_type=\"container\" data-e-type=\"container\" data-settings=\"{&quot;animation&quot;:&quot;fadeInLeft&quot;}\">\n\t\t\t\t<div class=\"elementor-element elementor-element-52dac96c elementor-widget elementor-widget-heading\" data-id=\"52dac96c\" data-element_type=\"widget\" data-e-type=\"widget\" data-widget_type=\"heading.default\">\n\t\t\t\t<div class=\"elementor-widget-container\">\n\t\t\t\t\t<h1 class=\"elementor-heading-title elementor-size-default\">Geneta<\/h1>\t\t\t\t<\/div>\n\t\t\t\t<\/div>\n\t\t\t\t<div class=\"elementor-element elementor-element-70c525e9 elementor-widget elementor-widget-text-editor\" data-id=\"70c525e9\" data-element_type=\"widget\" data-e-type=\"widget\" data-widget_type=\"text-editor.default\">\n\t\t\t\t<div class=\"elementor-widget-container\">\n\t\t\t\t\t\t\t\t\t<p><strong>Denumire \u0219tiin\u021bific\u0103:<\/strong> Genetta genetta<br \/><strong>Ordin:<\/strong> Carnivora<br \/><strong>Familie:<\/strong> Viverridae<br \/><strong>Gen:<\/strong> Genetta<br \/><strong>Specie:<\/strong> Genetta genetta<br \/><strong>Distribu\u021bie:<\/strong> Africa, sudul Europei<br \/><strong>Dimensiuni:<\/strong> 40-55 cm lungime, coada 40-50 cm<br \/><strong>Greutate:<\/strong> 1-2,5 kg<br \/><strong>Perioada de gesta\u021bie:<\/strong> 70-77 zile<br \/><strong>Num\u0103r de pui:<\/strong> 2-4<br \/><strong>Speran\u021b\u0103 de via\u021b\u0103:<\/strong> p\u00e2n\u0103 la 12 ani \u00een s\u0103lb\u0103ticie, \u00een captivitate mai mult<\/p>\t\t\t\t\t\t\t\t<\/div>\n\t\t\t\t<\/div>\n\t\t\t\t<\/div>\n\t\t\t\t<div class=\"elementor-element elementor-element-7b4a216c elementor-widget-tablet__width-inherit animated-slow elementor-invisible elementor-widget elementor-widget-image\" data-id=\"7b4a216c\" data-element_type=\"widget\" data-e-type=\"widget\" data-settings=\"{&quot;_animation&quot;:&quot;fadeInRight&quot;}\" data-widget_type=\"image.default\">\n\t\t\t\t<div class=\"elementor-widget-container\">\n\t\t\t\t\t\t\t\t\t\t\t\t\t\t\t<img fetchpriority=\"high\" decoding=\"async\" width=\"847\" height=\"564\" src=\"https:\/\/bucurestizoo.ro\/wp-content\/uploads\/2025\/02\/geneta-dt_1-Large-e1739979551999-1024x682.jpeg\" class=\"attachment-large size-large wp-image-13501\" alt=\"\" srcset=\"https:\/\/bucurestizoo.ro\/wp-content\/uploads\/2025\/02\/geneta-dt_1-Large-e1739979551999-1024x682.jpeg 1024w, https:\/\/bucurestizoo.ro\/wp-content\/uploads\/2025\/02\/geneta-dt_1-Large-e1739979551999-300x200.jpeg 300w, https:\/\/bucurestizoo.ro\/wp-content\/uploads\/2025\/02\/geneta-dt_1-Large-e1739979551999-768x512.jpeg 768w, https:\/\/bucurestizoo.ro\/wp-content\/uploads\/2025\/02\/geneta-dt_1-Large-e1739979551999-450x300.jpeg 450w, https:\/\/bucurestizoo.ro\/wp-content\/uploads\/2025\/02\/geneta-dt_1-Large-e1739979551999-650x433.jpeg 650w, https:\/\/bucurestizoo.ro\/wp-content\/uploads\/2025\/02\/geneta-dt_1-Large-e1739979551999.jpeg 1280w\" sizes=\"(max-width: 847px) 100vw, 847px\" data-id=\"13501\" \/>\t\t\t\t\t\t\t\t\t\t\t\t\t\t\t<\/div>\n\t\t\t\t<\/div>\n\t\t\t\t<\/div>\n\t\t\t\t\t<\/div>\n\t\t\t\t<\/div>\n\t\t<div class=\"elementor-element elementor-element-1fee494b animated-slow e-flex e-con-boxed elementor-invisible e-con e-parent\" data-id=\"1fee494b\" data-element_type=\"container\" data-e-type=\"container\" data-settings=\"{&quot;animation&quot;:&quot;fadeInLeft&quot;}\">\n\t\t\t\t\t<div class=\"e-con-inner\">\n\t\t\t\t<div class=\"elementor-element elementor-element-53a8b4f8 elementor-widget elementor-widget-heading\" data-id=\"53a8b4f8\" data-element_type=\"widget\" data-e-type=\"widget\" data-widget_type=\"heading.default\">\n\t\t\t\t<div class=\"elementor-widget-container\">\n\t\t\t\t\t<h1 class=\"elementor-heading-title elementor-size-default\">General:<\/h1>\t\t\t\t<\/div>\n\t\t\t\t<\/div>\n\t\t\t\t<div class=\"elementor-element elementor-element-1804897c elementor-widget elementor-widget-text-editor\" data-id=\"1804897c\" data-element_type=\"widget\" data-e-type=\"widget\" data-widget_type=\"text-editor.default\">\n\t\t\t\t<div class=\"elementor-widget-container\">\n\t\t\t\t\t\t\t\t\t<p>Geneta europeana sau Geneta comuna este un mamifer din rasa comuna de talie mica din familia Viverridae asem\u0103n\u0103toare unei pisici mici dar cu o coad\u0103 \u0219ung\u0103 \u0219i inelat\u0103. Este singurul individ al familiei Viverridae care se g\u0103se\u0219te \u00een Europa.\u00a0 Comportamentul acestei specii este nocturn \u0219i solitar. Este foarte agil\u0103 \u0219i se poate c\u0103\u021b\u0103ra\/sari pe ramuri cu foarte mare u\u0219urin\u021b\u0103. Este cu blan\u0103 scurt\u0103 \u0219i cu pete negre dispuse \u00een r\u00e2nduri, coada lung\u0103 cu benzi inelate, botul ascu\u021bit, urechile mari \u0219i ochi expresivi adapta\u021bi vederii nocturne.<\/p><p>Seam\u0103n\u0103 cu o pisic\u0103 cu corp lung \u0219i coad\u0103 stufoas\u0103, av\u00e2nd un stil de via\u021b\u0103 nocturn. Poate s\u0103ri peste 2 metri \u00een aer!<\/p>\t\t\t\t\t\t\t\t<\/div>\n\t\t\t\t<\/div>\n\t\t\t\t\t<\/div>\n\t\t\t\t<\/div>\n\t\t<div class=\"elementor-element elementor-element-73c711db e-flex e-con-boxed e-con e-parent\" data-id=\"73c711db\" data-element_type=\"container\" data-e-type=\"container\">\n\t\t\t\t\t<div class=\"e-con-inner\">\n\t\t\t\t<div class=\"elementor-element elementor-element-653684ce elementor-widget elementor-widget-gallery\" data-id=\"653684ce\" data-element_type=\"widget\" data-e-type=\"widget\" data-settings=\"{&quot;columns&quot;:2,&quot;lazyload&quot;:&quot;yes&quot;,&quot;gallery_layout&quot;:&quot;grid&quot;,&quot;columns_tablet&quot;:2,&quot;columns_mobile&quot;:1,&quot;gap&quot;:{&quot;unit&quot;:&quot;px&quot;,&quot;size&quot;:10,&quot;sizes&quot;:[]},&quot;gap_tablet&quot;:{&quot;unit&quot;:&quot;px&quot;,&quot;size&quot;:10,&quot;sizes&quot;:[]},&quot;gap_mobile&quot;:{&quot;unit&quot;:&quot;px&quot;,&quot;size&quot;:10,&quot;sizes&quot;:[]},&quot;link_to&quot;:&quot;file&quot;,&quot;aspect_ratio&quot;:&quot;3:2&quot;,&quot;overlay_background&quot;:&quot;yes&quot;,&quot;content_hover_animation&quot;:&quot;fade-in&quot;}\" data-widget_type=\"gallery.default\">\n\t\t\t\t<div class=\"elementor-widget-container\">\n\t\t\t\t\t\t\t<div class=\"elementor-gallery__container\">\n\t\t\t\t\t\t\t<a class=\"e-gallery-item elementor-gallery-item elementor-animated-content\" href=\"https:\/\/bucurestizoo.ro\/wp-content\/uploads\/2025\/02\/geneta-dt_3-Large.jpeg\" data-elementor-open-lightbox=\"yes\" data-elementor-lightbox-slideshow=\"653684ce\" data-elementor-lightbox-title=\"geneta dt_3 Large\" data-e-action-hash=\"#elementor-action%3Aaction%3Dlightbox%26settings%3DeyJpZCI6MTM1MDMsInVybCI6Imh0dHBzOlwvXC9idWN1cmVzdGl6b28ucm9cL3dwLWNvbnRlbnRcL3VwbG9hZHNcLzIwMjVcLzAyXC9nZW5ldGEtZHRfMy1MYXJnZS5qcGVnIiwic2xpZGVzaG93IjoiNjUzNjg0Y2UifQ%3D%3D\">\n\t\t\t\t\t<div class=\"e-gallery-image elementor-gallery-item__image\" data-thumbnail=\"https:\/\/bucurestizoo.ro\/wp-content\/uploads\/2025\/02\/geneta-dt_3-Large-1024x682.jpeg\" data-width=\"847\" data-height=\"564\" aria-label=\"\" role=\"img\" ><\/div>\n\t\t\t\t\t\t\t\t\t\t\t<div class=\"elementor-gallery-item__overlay\"><\/div>\n\t\t\t\t\t\t\t\t\t\t\t\t\t\t<\/a>\n\t\t\t\t\t\t\t<a class=\"e-gallery-item elementor-gallery-item elementor-animated-content\" href=\"https:\/\/bucurestizoo.ro\/wp-content\/uploads\/2025\/02\/geneta-dt_2-Large.jpeg\" data-elementor-open-lightbox=\"yes\" data-elementor-lightbox-slideshow=\"653684ce\" data-elementor-lightbox-title=\"geneta dt_2 Large\" data-e-action-hash=\"#elementor-action%3Aaction%3Dlightbox%26settings%3DeyJpZCI6MTM1MDIsInVybCI6Imh0dHBzOlwvXC9idWN1cmVzdGl6b28ucm9cL3dwLWNvbnRlbnRcL3VwbG9hZHNcLzIwMjVcLzAyXC9nZW5ldGEtZHRfMi1MYXJnZS5qcGVnIiwic2xpZGVzaG93IjoiNjUzNjg0Y2UifQ%3D%3D\">\n\t\t\t\t\t<div class=\"e-gallery-image elementor-gallery-item__image\" data-thumbnail=\"https:\/\/bucurestizoo.ro\/wp-content\/uploads\/2025\/02\/geneta-dt_2-Large-1024x576.jpeg\" data-width=\"847\" data-height=\"476\" aria-label=\"\" role=\"img\" ><\/div>\n\t\t\t\t\t\t\t\t\t\t\t<div class=\"elementor-gallery-item__overlay\"><\/div>\n\t\t\t\t\t\t\t\t\t\t\t\t\t\t<\/a>\n\t\t\t\t\t<\/div>\n\t\t\t\t\t<\/div>\n\t\t\t\t<\/div>\n\t\t\t\t\t<\/div>\n\t\t\t\t<\/div>\n\t\t<div class=\"elementor-element elementor-element-6368426e animated-slow e-flex e-con-boxed elementor-invisible e-con e-parent\" data-id=\"6368426e\" data-element_type=\"container\" data-e-type=\"container\" data-settings=\"{&quot;animation&quot;:&quot;fadeInRight&quot;}\">\n\t\t\t\t\t<div class=\"e-con-inner\">\n\t\t\t\t<div class=\"elementor-element elementor-element-dff059d elementor-widget elementor-widget-heading\" data-id=\"dff059d\" data-element_type=\"widget\" data-e-type=\"widget\" data-widget_type=\"heading.default\">\n\t\t\t\t<div class=\"elementor-widget-container\">\n\t\t\t\t\t<h1 class=\"elementor-heading-title elementor-size-default\">Habitat:<\/h1>\t\t\t\t<\/div>\n\t\t\t\t<\/div>\n\t\t\t\t<div class=\"elementor-element elementor-element-799439ce elementor-widget elementor-widget-text-editor\" data-id=\"799439ce\" data-element_type=\"widget\" data-e-type=\"widget\" data-widget_type=\"text-editor.default\">\n\t\t\t\t<div class=\"elementor-widget-container\">\n\t\t\t\t\t\t\t\t\t<p>Este originar din Africa de Nord, r\u0103sp\u00e2ndit \u0219i \u00een Europa de Sud-Vest(Spania, Portugalia, Fran\u021ba, Italia). Popula\u021bii isolate pot fi g\u0103site \u0219i \u00een Orientul Mijlociu dar \u0219i \u00een Africa subsaharian\u0103, Habitatul lor preferat sunt p\u0103durile \u0219i zonele cu arbu\u0219ti \u0219i terenurile st\u00e2ncoase.\u00a0<\/p>\t\t\t\t\t\t\t\t<\/div>\n\t\t\t\t<\/div>\n\t\t\t\t\t<\/div>\n\t\t\t\t<\/div>\n\t\t<div class=\"elementor-element elementor-element-89d7115 e-grid e-con-boxed e-con e-parent\" data-id=\"89d7115\" data-element_type=\"container\" data-e-type=\"container\">\n\t\t\t\t\t<div class=\"e-con-inner\">\n\t\t<div class=\"elementor-element elementor-element-75e04f7f e-con-full animated-slow e-flex elementor-invisible e-con e-child\" data-id=\"75e04f7f\" data-element_type=\"container\" data-e-type=\"container\" data-settings=\"{&quot;animation&quot;:&quot;fadeInLeft&quot;}\">\n\t\t\t\t<div class=\"elementor-element elementor-element-6895fefa elementor-widget elementor-widget-heading\" data-id=\"6895fefa\" data-element_type=\"widget\" data-e-type=\"widget\" data-widget_type=\"heading.default\">\n\t\t\t\t<div class=\"elementor-widget-container\">\n\t\t\t\t\t<h1 class=\"elementor-heading-title elementor-size-default\">Hran\u0103:<\/h1>\t\t\t\t<\/div>\n\t\t\t\t<\/div>\n\t\t\t\t<div class=\"elementor-element elementor-element-644ba56d elementor-widget elementor-widget-text-editor\" data-id=\"644ba56d\" data-element_type=\"widget\" data-e-type=\"widget\" data-widget_type=\"text-editor.default\">\n\t\t\t\t<div class=\"elementor-widget-container\">\n\t\t\t\t\t\t\t\t\t<p>Roz\u0103toare, p\u0103s\u0103ri, insecte, fructe. Dieta lor este omnivore, az\u00e2ndu-se pe roz\u0103toare, iepuri, p\u0103s\u0103ri, ou\u0103, reptile, amfibieni, fructi \u0219i semin\u021be. Tehnica lor de v\u00e2n\u0103toare este foarte precis\u0103, deplas\u00e2ndu-se silen\u021bios \u0219i atac\u00e2nd rapid, fiind un pr\u0103d\u0103tor efficient.<\/p>\t\t\t\t\t\t\t\t<\/div>\n\t\t\t\t<\/div>\n\t\t\t\t<\/div>\n\t\t<div class=\"elementor-element elementor-element-4df93a85 e-con-full animated-slow e-flex elementor-invisible e-con e-child\" data-id=\"4df93a85\" data-element_type=\"container\" data-e-type=\"container\" data-settings=\"{&quot;animation&quot;:&quot;fadeInRight&quot;}\">\n\t\t\t\t<div class=\"elementor-element elementor-element-3a94fbcb elementor-widget elementor-widget-heading\" data-id=\"3a94fbcb\" data-element_type=\"widget\" data-e-type=\"widget\" data-widget_type=\"heading.default\">\n\t\t\t\t<div class=\"elementor-widget-container\">\n\t\t\t\t\t<h1 class=\"elementor-heading-title elementor-size-default\">Conservare:<\/h1>\t\t\t\t<\/div>\n\t\t\t\t<\/div>\n\t\t\t\t<div class=\"elementor-element elementor-element-2f5aae5a elementor-widget elementor-widget-text-editor\" data-id=\"2f5aae5a\" data-element_type=\"widget\" data-e-type=\"widget\" data-widget_type=\"text-editor.default\">\n\t\t\t\t<div class=\"elementor-widget-container\">\n\t\t\t\t\t\t\t\t\t<p>Se poate spune ca este clasificat\u0103 \u00een ordinal LC (Least Concern) fiind popula\u021bii stabile dar au \u0219i amenin\u021b\u0103ri cum ar fi: pierderea habitatului, v\u00e2n\u0103toarea \u0219i accidentele rutiere. \u00cen concluzie, este un mamifer nocturn, discret \u0219i essential pentru sistemul de control al popula\u021biei de roz\u0103toare \u0219i insecte.<\/p>\t\t\t\t\t\t\t\t<\/div>\n\t\t\t\t<\/div>\n\t\t\t\t<\/div>\n\t\t\t\t\t<\/div>\n\t\t\t\t<\/div>\n\t\t\t\t<\/div>","protected":false},"excerpt":{"rendered":"<p>Geneta Denumire \u0219tiin\u021bific\u0103: Genetta genettaOrdin: CarnivoraFamilie: ViverridaeGen: GenettaSpecie: Genetta genettaDistribu\u021bie: Africa, sudul EuropeiDimensiuni: 40-55 cm lungime, coada 40-50 cmGreutate: 1-2,5 kgPerioada de gesta\u021bie: 70-77 zileNum\u0103r de pui: 2-4Speran\u021b\u0103 de via\u021b\u0103: p\u00e2n\u0103 la 12 ani \u00een s\u0103lb\u0103ticie, \u00een captivitate mai mult General: Geneta europeana sau Geneta comuna este un mamifer din rasa comuna de talie mica &hellip; <a href=\"https:\/\/bucurestizoo.ro\/en\/geneta\/\" class=\"more-link\">Continue reading <span class=\"screen-reader-text\">Geneta<\/span><\/a><\/p>","protected":false},"author":1,"featured_media":0,"parent":0,"menu_order":0,"comment_status":"closed","ping_status":"closed","template":"","meta":{"_monsterinsights_skip_tracking":false,"_monsterinsights_sitenote_active":false,"_monsterinsights_sitenote_note":"","_monsterinsights_sitenote_category":0,"footnotes":""},"class_list":["post-13508","page","type-page","status-publish","hentry"],"aioseo_notices":[],"_links":{"self":[{"href":"https:\/\/bucurestizoo.ro\/en\/wp-json\/wp\/v2\/pages\/13508","targetHints":{"allow":["GET"]}}],"collection":[{"href":"https:\/\/bucurestizoo.ro\/en\/wp-json\/wp\/v2\/pages"}],"about":[{"href":"https:\/\/bucurestizoo.ro\/en\/wp-json\/wp\/v2\/types\/page"}],"author":[{"embeddable":true,"href":"https:\/\/bucurestizoo.ro\/en\/wp-json\/wp\/v2\/users\/1"}],"replies":[{"embeddable":true,"href":"https:\/\/bucurestizoo.ro\/en\/wp-json\/wp\/v2\/comments?post=13508"}],"version-history":[{"count":4,"href":"https:\/\/bucurestizoo.ro\/en\/wp-json\/wp\/v2\/pages\/13508\/revisions"}],"predecessor-version":[{"id":13513,"href":"https:\/\/bucurestizoo.ro\/en\/wp-json\/wp\/v2\/pages\/13508\/revisions\/13513"}],"wp:attachment":[{"href":"https:\/\/bucurestizoo.ro\/en\/wp-json\/wp\/v2\/media?parent=13508"}],"curies":[{"name":"wp","href":"https:\/\/api.w.org\/{rel}","templated":true}]}}