{"id":13481,"date":"2025-02-19T17:10:12","date_gmt":"2025-02-19T15:10:12","guid":{"rendered":"https:\/\/n1.bucurestizoo.ro\/?page_id=13481"},"modified":"2025-02-19T17:15:44","modified_gmt":"2025-02-19T15:15:44","slug":"antilopa-eland","status":"publish","type":"page","link":"https:\/\/bucurestizoo.ro\/en\/antilopa-eland\/","title":{"rendered":"Antilopa Eland"},"content":{"rendered":"<div data-elementor-type=\"wp-page\" data-elementor-id=\"13481\" class=\"elementor elementor-13481\" data-elementor-post-type=\"page\">\n\t\t\t\t<div class=\"elementor-element elementor-element-7f64a3f6 e-flex e-con-boxed e-con e-parent\" data-id=\"7f64a3f6\" data-element_type=\"container\" data-e-type=\"container\" data-settings=\"{&quot;background_background&quot;:&quot;classic&quot;}\">\n\t\t\t\t\t<div class=\"e-con-inner\">\n\t\t<div class=\"elementor-element elementor-element-79929e53 e-con-full e-flex e-con e-child\" data-id=\"79929e53\" data-element_type=\"container\" data-e-type=\"container\">\n\t\t<div class=\"elementor-element elementor-element-74c1646b e-con-full animated-slow e-flex elementor-invisible e-con e-child\" data-id=\"74c1646b\" data-element_type=\"container\" data-e-type=\"container\" data-settings=\"{&quot;animation&quot;:&quot;fadeInLeft&quot;}\">\n\t\t\t\t<div class=\"elementor-element elementor-element-48506fa elementor-widget elementor-widget-heading\" data-id=\"48506fa\" data-element_type=\"widget\" data-e-type=\"widget\" data-widget_type=\"heading.default\">\n\t\t\t\t<div class=\"elementor-widget-container\">\n\t\t\t\t\t<h1 class=\"elementor-heading-title elementor-size-default\">Antilopa Eland<\/h1>\t\t\t\t<\/div>\n\t\t\t\t<\/div>\n\t\t\t\t<div class=\"elementor-element elementor-element-7b8215f7 elementor-widget elementor-widget-text-editor\" data-id=\"7b8215f7\" data-element_type=\"widget\" data-e-type=\"widget\" data-widget_type=\"text-editor.default\">\n\t\t\t\t<div class=\"elementor-widget-container\">\n\t\t\t\t\t\t\t\t\t<p><strong>Denumire \u0219tiin\u021bific\u0103:<\/strong> Taurotragus oryx<br \/><strong>Ordin:<\/strong> Artiodactyla<br \/><strong>Familie:<\/strong> Bovidae<br \/><strong>Gen:<\/strong> Taurotragus<br \/><strong>Specie:<\/strong> Taurotragus oryx<br \/><strong>Distribu\u021bie:<\/strong> Africa sub-saharian\u0103<br \/><strong>Dimensiuni:<\/strong> 2,5-3,4 m lungime, \u00een\u0103l\u021bime la um\u0103r 1,5-1,8 m<br \/><strong>Greutate:<\/strong> 400-900 kg<br \/><strong>Perioada de gesta\u021bie:<\/strong> 8-9 luni<br \/><strong>Num\u0103r de pui:<\/strong> 1<br \/><strong>Speran\u021b\u0103 de via\u021b\u0103:<\/strong> p\u00e2n\u0103 la 20 ani \u00een s\u0103lb\u0103ticie, \u00een captivitate mai mult<\/p>\t\t\t\t\t\t\t\t<\/div>\n\t\t\t\t<\/div>\n\t\t\t\t<\/div>\n\t\t\t\t<div class=\"elementor-element elementor-element-312b9e4c elementor-widget-tablet__width-inherit animated-slow elementor-invisible elementor-widget elementor-widget-image\" data-id=\"312b9e4c\" data-element_type=\"widget\" data-e-type=\"widget\" data-settings=\"{&quot;_animation&quot;:&quot;fadeInRight&quot;}\" data-widget_type=\"image.default\">\n\t\t\t\t<div class=\"elementor-widget-container\">\n\t\t\t\t\t\t\t\t\t\t\t\t\t\t\t<img fetchpriority=\"high\" decoding=\"async\" width=\"847\" height=\"522\" src=\"https:\/\/bucurestizoo.ro\/wp-content\/uploads\/2025\/02\/Antilopa-eland_1-scaled-e1739977962489-1024x631.jpg\" class=\"attachment-large size-large wp-image-13231\" alt=\"\" srcset=\"https:\/\/bucurestizoo.ro\/wp-content\/uploads\/2025\/02\/Antilopa-eland_1-scaled-e1739977962489-1024x631.jpg 1024w, https:\/\/bucurestizoo.ro\/wp-content\/uploads\/2025\/02\/Antilopa-eland_1-scaled-e1739977962489-300x185.jpg 300w, https:\/\/bucurestizoo.ro\/wp-content\/uploads\/2025\/02\/Antilopa-eland_1-scaled-e1739977962489-768x473.jpg 768w, https:\/\/bucurestizoo.ro\/wp-content\/uploads\/2025\/02\/Antilopa-eland_1-scaled-e1739977962489-1536x947.jpg 1536w, https:\/\/bucurestizoo.ro\/wp-content\/uploads\/2025\/02\/Antilopa-eland_1-scaled-e1739977962489-2048x1263.jpg 2048w, https:\/\/bucurestizoo.ro\/wp-content\/uploads\/2025\/02\/Antilopa-eland_1-scaled-e1739977962489-487x300.jpg 487w, https:\/\/bucurestizoo.ro\/wp-content\/uploads\/2025\/02\/Antilopa-eland_1-scaled-e1739977962489-650x401.jpg 650w\" sizes=\"(max-width: 847px) 100vw, 847px\" data-id=\"13231\" \/>\t\t\t\t\t\t\t\t\t\t\t\t\t\t\t<\/div>\n\t\t\t\t<\/div>\n\t\t\t\t<\/div>\n\t\t\t\t\t<\/div>\n\t\t\t\t<\/div>\n\t\t<div class=\"elementor-element elementor-element-439d6b3a animated-slow e-flex e-con-boxed elementor-invisible e-con e-parent\" data-id=\"439d6b3a\" data-element_type=\"container\" data-e-type=\"container\" data-settings=\"{&quot;animation&quot;:&quot;fadeInLeft&quot;}\">\n\t\t\t\t\t<div class=\"e-con-inner\">\n\t\t\t\t<div class=\"elementor-element elementor-element-24817630 elementor-widget elementor-widget-heading\" data-id=\"24817630\" data-element_type=\"widget\" data-e-type=\"widget\" data-widget_type=\"heading.default\">\n\t\t\t\t<div class=\"elementor-widget-container\">\n\t\t\t\t\t<h1 class=\"elementor-heading-title elementor-size-default\">General:<\/h1>\t\t\t\t<\/div>\n\t\t\t\t<\/div>\n\t\t\t\t<div class=\"elementor-element elementor-element-379e1422 elementor-widget elementor-widget-text-editor\" data-id=\"379e1422\" data-element_type=\"widget\" data-e-type=\"widget\" data-widget_type=\"text-editor.default\">\n\t\t\t\t<div class=\"elementor-widget-container\">\n\t\t\t\t\t\t\t\t\t<p>Antilopa Eland(Taurotragus oryx) este cea mai mare din lume, dar este cea mai lent\u0103 \u0219i greoaie, ating\u00e2nd doar aproximativ 25km\/or\u0103, atunci c\u00e2nd \u00eencearc\u0103 s\u0103 scape din situa\u021biile limit\u0103. \u00cen schimb poate s\u0103ri p\u00e2n\u0103 la 10 m lungime, ceea ce \u00eei confer\u0103 un avantaj fa\u021b\u0103 de pr\u0103d\u0103torii naturali, marile feline ale stepei africane.\u00a0<\/p><p>Exemplarele tinere au pielea de culoarea cafelei cu lapte, dar pe m\u0103sur\u0103 ce \u00eemb\u0103tr\u00e2nesc se \u201e\u00eembrac\u0103\u201d \u00een nuan\u021be de gri \u00eenchis cu tent\u0103 alb\u0103struie. Caracteristicile fizice includ coarnele r\u0103sucite \u0219i lungi, un guler \u00een jurul g\u00e2tului gros, din piele cu falduri ample, masculii pot atinge chiar si 900 kg, iar femelele 600kg.<\/p><p>\u00a0 Este un animal destul de docil, parcurge distan\u021be mari pentru a se hr\u0103ni, stau \u00een grupuri de \u201ecre\u0219\u0103\u201d , atunci c\u00e2nd femelele au pui. Este cea mai mare antilop\u0103 din lume \u0219i poate s\u0103ri peste 2 metri \u00een aer! Masculii mari produc un sunet de \u201eclic\u201d c\u00e2nd merg, posibil pentru a comunica \u00eentre ei!<\/p>\t\t\t\t\t\t\t\t<\/div>\n\t\t\t\t<\/div>\n\t\t\t\t\t<\/div>\n\t\t\t\t<\/div>\n\t\t<div class=\"elementor-element elementor-element-1fc25ca4 e-flex e-con-boxed e-con e-parent\" data-id=\"1fc25ca4\" data-element_type=\"container\" data-e-type=\"container\">\n\t\t\t\t\t<div class=\"e-con-inner\">\n\t\t\t\t<div class=\"elementor-element elementor-element-559bed4d elementor-widget elementor-widget-gallery\" data-id=\"559bed4d\" data-element_type=\"widget\" data-e-type=\"widget\" data-settings=\"{&quot;columns&quot;:2,&quot;lazyload&quot;:&quot;yes&quot;,&quot;gallery_layout&quot;:&quot;grid&quot;,&quot;columns_tablet&quot;:2,&quot;columns_mobile&quot;:1,&quot;gap&quot;:{&quot;unit&quot;:&quot;px&quot;,&quot;size&quot;:10,&quot;sizes&quot;:[]},&quot;gap_tablet&quot;:{&quot;unit&quot;:&quot;px&quot;,&quot;size&quot;:10,&quot;sizes&quot;:[]},&quot;gap_mobile&quot;:{&quot;unit&quot;:&quot;px&quot;,&quot;size&quot;:10,&quot;sizes&quot;:[]},&quot;link_to&quot;:&quot;file&quot;,&quot;aspect_ratio&quot;:&quot;3:2&quot;,&quot;overlay_background&quot;:&quot;yes&quot;,&quot;content_hover_animation&quot;:&quot;fade-in&quot;}\" data-widget_type=\"gallery.default\">\n\t\t\t\t<div class=\"elementor-widget-container\">\n\t\t\t\t\t\t\t<div class=\"elementor-gallery__container\">\n\t\t\t\t\t\t\t<a class=\"e-gallery-item elementor-gallery-item elementor-animated-content\" href=\"https:\/\/bucurestizoo.ro\/wp-content\/uploads\/2025\/02\/antilopa-dt_2-Large.jpeg\" data-elementor-open-lightbox=\"yes\" data-elementor-lightbox-slideshow=\"559bed4d\" data-elementor-lightbox-title=\"antilopa dt_2 Large\" data-e-action-hash=\"#elementor-action%3Aaction%3Dlightbox%26settings%3DeyJpZCI6MTM0ODAsInVybCI6Imh0dHBzOlwvXC9idWN1cmVzdGl6b28ucm9cL3dwLWNvbnRlbnRcL3VwbG9hZHNcLzIwMjVcLzAyXC9hbnRpbG9wYS1kdF8yLUxhcmdlLmpwZWciLCJzbGlkZXNob3ciOiI1NTliZWQ0ZCJ9\">\n\t\t\t\t\t<div class=\"e-gallery-image elementor-gallery-item__image\" data-thumbnail=\"https:\/\/bucurestizoo.ro\/wp-content\/uploads\/2025\/02\/antilopa-dt_2-Large-1024x682.jpeg\" data-width=\"847\" data-height=\"564\" aria-label=\"\" role=\"img\" ><\/div>\n\t\t\t\t\t\t\t\t\t\t\t<div class=\"elementor-gallery-item__overlay\"><\/div>\n\t\t\t\t\t\t\t\t\t\t\t\t\t\t<\/a>\n\t\t\t\t\t\t\t<a class=\"e-gallery-item elementor-gallery-item elementor-animated-content\" href=\"https:\/\/bucurestizoo.ro\/wp-content\/uploads\/2025\/02\/antilopa-dt_1-Large.jpeg\" data-elementor-open-lightbox=\"yes\" data-elementor-lightbox-slideshow=\"559bed4d\" data-elementor-lightbox-title=\"antilopa dt_1 Large\" data-e-action-hash=\"#elementor-action%3Aaction%3Dlightbox%26settings%3DeyJpZCI6MTM0NzksInVybCI6Imh0dHBzOlwvXC9idWN1cmVzdGl6b28ucm9cL3dwLWNvbnRlbnRcL3VwbG9hZHNcLzIwMjVcLzAyXC9hbnRpbG9wYS1kdF8xLUxhcmdlLmpwZWciLCJzbGlkZXNob3ciOiI1NTliZWQ0ZCJ9\">\n\t\t\t\t\t<div class=\"e-gallery-image elementor-gallery-item__image\" data-thumbnail=\"https:\/\/bucurestizoo.ro\/wp-content\/uploads\/2025\/02\/antilopa-dt_1-Large-1024x682.jpeg\" data-width=\"847\" data-height=\"564\" aria-label=\"\" role=\"img\" ><\/div>\n\t\t\t\t\t\t\t\t\t\t\t<div class=\"elementor-gallery-item__overlay\"><\/div>\n\t\t\t\t\t\t\t\t\t\t\t\t\t\t<\/a>\n\t\t\t\t\t<\/div>\n\t\t\t\t\t<\/div>\n\t\t\t\t<\/div>\n\t\t\t\t\t<\/div>\n\t\t\t\t<\/div>\n\t\t<div class=\"elementor-element elementor-element-6e757e6f animated-slow e-flex e-con-boxed elementor-invisible e-con e-parent\" data-id=\"6e757e6f\" data-element_type=\"container\" data-e-type=\"container\" data-settings=\"{&quot;animation&quot;:&quot;fadeInRight&quot;}\">\n\t\t\t\t\t<div class=\"e-con-inner\">\n\t\t\t\t<div class=\"elementor-element elementor-element-50c27995 elementor-widget elementor-widget-heading\" data-id=\"50c27995\" data-element_type=\"widget\" data-e-type=\"widget\" data-widget_type=\"heading.default\">\n\t\t\t\t<div class=\"elementor-widget-container\">\n\t\t\t\t\t<h1 class=\"elementor-heading-title elementor-size-default\">Habitat:<\/h1>\t\t\t\t<\/div>\n\t\t\t\t<\/div>\n\t\t\t\t<div class=\"elementor-element elementor-element-62263b36 elementor-widget elementor-widget-text-editor\" data-id=\"62263b36\" data-element_type=\"widget\" data-e-type=\"widget\" data-widget_type=\"text-editor.default\">\n\t\t\t\t<div class=\"elementor-widget-container\">\n\t\t\t\t\t\t\t\t\t<p>Savane, p\u0103duri deschise. Este una dintre cele mai adaptabile dintre ierbivore, populeaz\u0103 zone \u00eentinse din Estul \u0219i Sudul Africii, de la savan\u0103, paji\u0219ti \u00eenalte sau \u00een\u0103l\u021bimi muntoase.<\/p>\t\t\t\t\t\t\t\t<\/div>\n\t\t\t\t<\/div>\n\t\t\t\t\t<\/div>\n\t\t\t\t<\/div>\n\t\t<div class=\"elementor-element elementor-element-42457d63 e-grid e-con-boxed e-con e-parent\" data-id=\"42457d63\" data-element_type=\"container\" data-e-type=\"container\">\n\t\t\t\t\t<div class=\"e-con-inner\">\n\t\t<div class=\"elementor-element elementor-element-7cf8ec48 e-con-full animated-slow e-flex elementor-invisible e-con e-child\" data-id=\"7cf8ec48\" data-element_type=\"container\" data-e-type=\"container\" data-settings=\"{&quot;animation&quot;:&quot;fadeInLeft&quot;}\">\n\t\t\t\t<div class=\"elementor-element elementor-element-4de9e511 elementor-widget elementor-widget-heading\" data-id=\"4de9e511\" data-element_type=\"widget\" data-e-type=\"widget\" data-widget_type=\"heading.default\">\n\t\t\t\t<div class=\"elementor-widget-container\">\n\t\t\t\t\t<h1 class=\"elementor-heading-title elementor-size-default\">Hran\u0103:<\/h1>\t\t\t\t<\/div>\n\t\t\t\t<\/div>\n\t\t\t\t<div class=\"elementor-element elementor-element-4dfea9f7 elementor-widget elementor-widget-text-editor\" data-id=\"4dfea9f7\" data-element_type=\"widget\" data-e-type=\"widget\" data-widget_type=\"text-editor.default\">\n\t\t\t\t<div class=\"elementor-widget-container\">\n\t\t\t\t\t\t\t\t\t<p>Iarb\u0103, frunze, fructe. Nu este un animal foarte preten\u021bios \u00een ceea ce prive\u0219te hrana, consum\u00e2nd cu pl\u0103cere deopotriv\u0103 ierburi de tot felul, fructe suculente, r\u0103d\u0103cini dar \u0219i frunze, pe care le \u201eculege\u201d cu coarnele din copaci.<\/p>\t\t\t\t\t\t\t\t<\/div>\n\t\t\t\t<\/div>\n\t\t\t\t<\/div>\n\t\t<div class=\"elementor-element elementor-element-593931a e-con-full animated-slow e-flex elementor-invisible e-con e-child\" data-id=\"593931a\" data-element_type=\"container\" data-e-type=\"container\" data-settings=\"{&quot;animation&quot;:&quot;fadeInRight&quot;}\">\n\t\t\t\t<div class=\"elementor-element elementor-element-44914c12 elementor-widget elementor-widget-heading\" data-id=\"44914c12\" data-element_type=\"widget\" data-e-type=\"widget\" data-widget_type=\"heading.default\">\n\t\t\t\t<div class=\"elementor-widget-container\">\n\t\t\t\t\t<h1 class=\"elementor-heading-title elementor-size-default\">Conservare:<\/h1>\t\t\t\t<\/div>\n\t\t\t\t<\/div>\n\t\t\t\t<div class=\"elementor-element elementor-element-17e6e0ab elementor-widget elementor-widget-text-editor\" data-id=\"17e6e0ab\" data-element_type=\"widget\" data-e-type=\"widget\" data-widget_type=\"text-editor.default\">\n\t\t\t\t<div class=\"elementor-widget-container\">\n\t\t\t\t\t\t\t\t\t<p>Popula\u021bia este stabil\u0103, dar amenin\u021bat\u0103 de v\u00e2n\u0103toare \u0219i pierderea habitatului. De\u0219i nu se afl\u0103 pe lista speciilor amenin\u021bate cu dispari\u021bia, sunt protejate, num\u0103rul de exemplare a sc\u0103zut sim\u021bitor datorit\u0103 v\u00e2natului intensiv, pentru carne dar, mai ales, pentru pielea sa.\u00a0<\/p>\t\t\t\t\t\t\t\t<\/div>\n\t\t\t\t<\/div>\n\t\t\t\t<\/div>\n\t\t\t\t\t<\/div>\n\t\t\t\t<\/div>\n\t\t\t\t<\/div>","protected":false},"excerpt":{"rendered":"<p>Antilopa Eland Denumire \u0219tiin\u021bific\u0103: Taurotragus oryxOrdin: ArtiodactylaFamilie: BovidaeGen: TaurotragusSpecie: Taurotragus oryxDistribu\u021bie: Africa sub-saharian\u0103Dimensiuni: 2,5-3,4 m lungime, \u00een\u0103l\u021bime la um\u0103r 1,5-1,8 mGreutate: 400-900 kgPerioada de gesta\u021bie: 8-9 luniNum\u0103r de pui: 1Speran\u021b\u0103 de via\u021b\u0103: p\u00e2n\u0103 la 20 ani \u00een s\u0103lb\u0103ticie, \u00een captivitate mai mult General: Antilopa Eland(Taurotragus oryx) este cea mai mare din lume, dar este cea &hellip; <a href=\"https:\/\/bucurestizoo.ro\/en\/antilopa-eland\/\" class=\"more-link\">Continue reading <span class=\"screen-reader-text\">Antilopa Eland<\/span><\/a><\/p>","protected":false},"author":1,"featured_media":0,"parent":0,"menu_order":0,"comment_status":"closed","ping_status":"closed","template":"","meta":{"_monsterinsights_skip_tracking":false,"_monsterinsights_sitenote_active":false,"_monsterinsights_sitenote_note":"","_monsterinsights_sitenote_category":0,"footnotes":""},"class_list":["post-13481","page","type-page","status-publish","hentry"],"aioseo_notices":[],"_links":{"self":[{"href":"https:\/\/bucurestizoo.ro\/en\/wp-json\/wp\/v2\/pages\/13481","targetHints":{"allow":["GET"]}}],"collection":[{"href":"https:\/\/bucurestizoo.ro\/en\/wp-json\/wp\/v2\/pages"}],"about":[{"href":"https:\/\/bucurestizoo.ro\/en\/wp-json\/wp\/v2\/types\/page"}],"author":[{"embeddable":true,"href":"https:\/\/bucurestizoo.ro\/en\/wp-json\/wp\/v2\/users\/1"}],"replies":[{"embeddable":true,"href":"https:\/\/bucurestizoo.ro\/en\/wp-json\/wp\/v2\/comments?post=13481"}],"version-history":[{"count":7,"href":"https:\/\/bucurestizoo.ro\/en\/wp-json\/wp\/v2\/pages\/13481\/revisions"}],"predecessor-version":[{"id":13490,"href":"https:\/\/bucurestizoo.ro\/en\/wp-json\/wp\/v2\/pages\/13481\/revisions\/13490"}],"wp:attachment":[{"href":"https:\/\/bucurestizoo.ro\/en\/wp-json\/wp\/v2\/media?parent=13481"}],"curies":[{"name":"wp","href":"https:\/\/api.w.org\/{rel}","templated":true}]}}