{"id":13349,"date":"2025-02-18T17:01:24","date_gmt":"2025-02-18T15:01:24","guid":{"rendered":"https:\/\/n1.bucurestizoo.ro\/?page_id=13349"},"modified":"2025-02-18T17:08:24","modified_gmt":"2025-02-18T15:08:24","slug":"papagal-calugar","status":"publish","type":"page","link":"https:\/\/bucurestizoo.ro\/en\/papagal-calugar\/","title":{"rendered":"Papagal C\u0103lug\u0103r"},"content":{"rendered":"<div data-elementor-type=\"wp-page\" data-elementor-id=\"13349\" class=\"elementor elementor-13349\" data-elementor-post-type=\"page\">\n\t\t\t\t<div class=\"elementor-element elementor-element-20035ce1 e-flex e-con-boxed e-con e-parent\" data-id=\"20035ce1\" data-element_type=\"container\" data-e-type=\"container\" data-settings=\"{&quot;background_background&quot;:&quot;classic&quot;}\">\n\t\t\t\t\t<div class=\"e-con-inner\">\n\t\t<div class=\"elementor-element elementor-element-630709d9 e-con-full e-flex e-con e-child\" data-id=\"630709d9\" data-element_type=\"container\" data-e-type=\"container\">\n\t\t<div class=\"elementor-element elementor-element-d4c2b77 e-con-full animated-slow e-flex elementor-invisible e-con e-child\" data-id=\"d4c2b77\" data-element_type=\"container\" data-e-type=\"container\" data-settings=\"{&quot;animation&quot;:&quot;fadeInLeft&quot;}\">\n\t\t\t\t<div class=\"elementor-element elementor-element-339531b6 elementor-widget elementor-widget-heading\" data-id=\"339531b6\" data-element_type=\"widget\" data-e-type=\"widget\" data-widget_type=\"heading.default\">\n\t\t\t\t<div class=\"elementor-widget-container\">\n\t\t\t\t\t<h1 class=\"elementor-heading-title elementor-size-default\">Papagalul c\u0103lug\u0103r<\/h1>\t\t\t\t<\/div>\n\t\t\t\t<\/div>\n\t\t\t\t<div class=\"elementor-element elementor-element-7b314f23 elementor-widget elementor-widget-text-editor\" data-id=\"7b314f23\" data-element_type=\"widget\" data-e-type=\"widget\" data-widget_type=\"text-editor.default\">\n\t\t\t\t<div class=\"elementor-widget-container\">\n\t\t\t\t\t\t\t\t\t<p><strong data-start=\"0\" data-end=\"25\">Denumire \u0219tiin\u021bific\u0103:<\/strong> Myiopsitta monachus<br data-start=\"45\" data-end=\"48\" \/><strong data-start=\"48\" data-end=\"58\">Ordin:<\/strong> Psittaciformes<br data-start=\"73\" data-end=\"76\" \/><strong data-start=\"76\" data-end=\"88\">Familie:<\/strong> Psittacidae<br data-start=\"100\" data-end=\"103\" \/><strong data-start=\"103\" data-end=\"111\">Gen:<\/strong> Myiopsitta<br data-start=\"122\" data-end=\"125\" \/><strong data-start=\"125\" data-end=\"136\">Specie:<\/strong> Myiopsitta monachus<br data-start=\"156\" data-end=\"159\" \/><strong data-start=\"159\" data-end=\"175\">Distribu\u021bie:<\/strong> America de Sud \u2013 Argentina, Brazilia, Bolivia, dar a fost introdus \u0219i \u00een Europa \u0219i SUA<br data-start=\"262\" data-end=\"265\" \/><strong data-start=\"265\" data-end=\"280\">Dimensiuni:<\/strong> 29-30 cm lungime<br data-start=\"297\" data-end=\"300\" \/><strong data-start=\"300\" data-end=\"313\">Greutate:<\/strong> 90-120 g<br data-start=\"322\" data-end=\"325\" \/><strong data-start=\"325\" data-end=\"350\">Perioada de incubare:<\/strong> 23-28 zile<br data-start=\"361\" data-end=\"364\" \/><strong data-start=\"364\" data-end=\"381\">Num\u0103r de pui:<\/strong> 4-8<br data-start=\"385\" data-end=\"388\" \/><strong data-start=\"388\" data-end=\"410\">Speran\u021b\u0103 de via\u021b\u0103:<\/strong> 10-12 ani \u00een s\u0103lb\u0103ticie, \u00een captivitate mai mult<\/p>\t\t\t\t\t\t\t\t<\/div>\n\t\t\t\t<\/div>\n\t\t\t\t<\/div>\n\t\t\t\t<div class=\"elementor-element elementor-element-70341cd0 elementor-widget-tablet__width-inherit animated-slow elementor-invisible elementor-widget elementor-widget-image\" data-id=\"70341cd0\" data-element_type=\"widget\" data-e-type=\"widget\" data-settings=\"{&quot;_animation&quot;:&quot;fadeInRight&quot;}\" data-widget_type=\"image.default\">\n\t\t\t\t<div class=\"elementor-widget-container\">\n\t\t\t\t\t\t\t\t\t\t\t\t\t\t\t<img fetchpriority=\"high\" decoding=\"async\" width=\"847\" height=\"565\" src=\"https:\/\/bucurestizoo.ro\/wp-content\/uploads\/2025\/02\/papagal-calugar_1-1024x683.jpg\" class=\"attachment-large size-large wp-image-13244\" alt=\"\" srcset=\"https:\/\/bucurestizoo.ro\/wp-content\/uploads\/2025\/02\/papagal-calugar_1-1024x683.jpg 1024w, https:\/\/bucurestizoo.ro\/wp-content\/uploads\/2025\/02\/papagal-calugar_1-300x200.jpg 300w, https:\/\/bucurestizoo.ro\/wp-content\/uploads\/2025\/02\/papagal-calugar_1-768x512.jpg 768w, https:\/\/bucurestizoo.ro\/wp-content\/uploads\/2025\/02\/papagal-calugar_1-1536x1024.jpg 1536w, https:\/\/bucurestizoo.ro\/wp-content\/uploads\/2025\/02\/papagal-calugar_1-2048x1365.jpg 2048w, https:\/\/bucurestizoo.ro\/wp-content\/uploads\/2025\/02\/papagal-calugar_1-450x300.jpg 450w, https:\/\/bucurestizoo.ro\/wp-content\/uploads\/2025\/02\/papagal-calugar_1-650x433.jpg 650w\" sizes=\"(max-width: 847px) 100vw, 847px\" data-id=\"13244\" \/>\t\t\t\t\t\t\t\t\t\t\t\t\t\t\t<\/div>\n\t\t\t\t<\/div>\n\t\t\t\t<\/div>\n\t\t\t\t\t<\/div>\n\t\t\t\t<\/div>\n\t\t<div class=\"elementor-element elementor-element-38f8d797 animated-slow e-flex e-con-boxed elementor-invisible e-con e-parent\" data-id=\"38f8d797\" data-element_type=\"container\" data-e-type=\"container\" data-settings=\"{&quot;animation&quot;:&quot;fadeInLeft&quot;}\">\n\t\t\t\t\t<div class=\"e-con-inner\">\n\t\t\t\t<div class=\"elementor-element elementor-element-d568705 elementor-widget elementor-widget-heading\" data-id=\"d568705\" data-element_type=\"widget\" data-e-type=\"widget\" data-widget_type=\"heading.default\">\n\t\t\t\t<div class=\"elementor-widget-container\">\n\t\t\t\t\t<h1 class=\"elementor-heading-title elementor-size-default\">General:<\/h1>\t\t\t\t<\/div>\n\t\t\t\t<\/div>\n\t\t\t\t<div class=\"elementor-element elementor-element-1cb5e25b elementor-widget elementor-widget-text-editor\" data-id=\"1cb5e25b\" data-element_type=\"widget\" data-e-type=\"widget\" data-widget_type=\"text-editor.default\">\n\t\t\t\t<div class=\"elementor-widget-container\">\n\t\t\t\t\t\t\t\t\t<p>Papagalii\u00a0c\u0103lug\u0103r\u00a0sunt foarte g\u0103l\u0103gio\u0219i, \u021bipetele lor fiind descrise adesea ca metalice, asurzitoare, uneori se aseam\u0103n\u0103 cu cele scoase de ciori. Este o pas\u0103re extrem de sociabil\u0103, ador\u0103 compania omului \u0219i \u00eei place s\u0103 fie m\u00e2ng\u00e2iat pe cre\u0219tet. Socializat corect, cu r\u0103bdare \u0219i calm, poate deveni un companion ideal. Este singurul papagal care construie\u0219te cuiburi mari, comunale, din crengu\u021be, \u0219i tr\u0103ie\u0219te \u00een colonii. Papagalii c\u0103lug\u0103ri au \u201edialecte\u201d regionale \u2013 un grup de p\u0103s\u0103ri dintr-o zon\u0103 produce sunete diferite fa\u021b\u0103 de alt grup! Inca de la varsta de 6 luni, papagalul calugar va incepe sa vorbeasca. Poate fi invatat cu usurinta cuvinte si chiar fraze, iar uneori veti avea surpriza sa constatati ca a deprins singur unele vorbe. Este una dintre pu\u021binele p\u0103s\u0103ri tropicale care se pot adapta f\u0103r\u0103 probleme la schimb\u0103rile bru\u0219te de temperatur\u0103. \u00cen unele \u021b\u0103ri s-au format colonii \u00een ora\u0219e, ceea ce a reprezentat o mare problem\u0103 pentru reziden\u021bi datorit\u0103 ciripitului lor puternic. Se caracterizeaz\u0103 prin faptul c\u0103 are un cap rotund, cu un cioc curbat \u0219i o coad\u0103 \u00een trepte, care ajut\u0103 la diferen\u021bierea acestuia de restul rudelor sale \u00eendep\u0103rtate, papagalii. Penajul este foarte ar\u0103tos, cu culoarea predominant\u0103 a verdelui, dar este, de asemenea, posibil s\u0103 existe variante cu tonuri turcoaz. Picioarele lor sunt puternice \u0219i unghiile sunt adaptate pentru a putea urca \u00een copaci f\u0103r\u0103 nicio problem\u0103.\u00a0 Papagalilor le place, de asemenea, foarte mult s\u0103 aib\u0103 juc\u0103rii, cum ar fi sc\u0103ri sau o juc\u0103rie de cauciuc pe care s\u0103 o poat\u0103 mesteca. Dar \u00een niciun caz nu ar trebui s\u0103 le pune\u021bi o oglind\u0103, deoarece acestea se pot \u00eendr\u0103gosti de ea \u0219i apoi se pot sim\u021bi foarte deprimate c\u00e2nd o scoate\u021bi.<\/p>\t\t\t\t\t\t\t\t<\/div>\n\t\t\t\t<\/div>\n\t\t\t\t\t<\/div>\n\t\t\t\t<\/div>\n\t\t<div class=\"elementor-element elementor-element-245ea0a4 e-flex e-con-boxed e-con e-parent\" data-id=\"245ea0a4\" data-element_type=\"container\" data-e-type=\"container\">\n\t\t\t\t\t<div class=\"e-con-inner\">\n\t\t\t\t<div class=\"elementor-element elementor-element-366eefa0 elementor-widget elementor-widget-gallery\" data-id=\"366eefa0\" data-element_type=\"widget\" data-e-type=\"widget\" data-settings=\"{&quot;columns&quot;:2,&quot;lazyload&quot;:&quot;yes&quot;,&quot;gallery_layout&quot;:&quot;grid&quot;,&quot;columns_tablet&quot;:2,&quot;columns_mobile&quot;:1,&quot;gap&quot;:{&quot;unit&quot;:&quot;px&quot;,&quot;size&quot;:10,&quot;sizes&quot;:[]},&quot;gap_tablet&quot;:{&quot;unit&quot;:&quot;px&quot;,&quot;size&quot;:10,&quot;sizes&quot;:[]},&quot;gap_mobile&quot;:{&quot;unit&quot;:&quot;px&quot;,&quot;size&quot;:10,&quot;sizes&quot;:[]},&quot;link_to&quot;:&quot;file&quot;,&quot;aspect_ratio&quot;:&quot;3:2&quot;,&quot;overlay_background&quot;:&quot;yes&quot;,&quot;content_hover_animation&quot;:&quot;fade-in&quot;}\" data-widget_type=\"gallery.default\">\n\t\t\t\t<div class=\"elementor-widget-container\">\n\t\t\t\t\t\t\t<div class=\"elementor-gallery__container\">\n\t\t\t\t\t\t\t<a class=\"e-gallery-item elementor-gallery-item elementor-animated-content\" href=\"https:\/\/bucurestizoo.ro\/wp-content\/uploads\/2025\/02\/papagal-calugar_2-Large.jpeg\" data-elementor-open-lightbox=\"yes\" data-elementor-lightbox-slideshow=\"366eefa0\" data-elementor-lightbox-title=\"OLYMPUS DIGITAL CAMERA\" data-e-action-hash=\"#elementor-action%3Aaction%3Dlightbox%26settings%3DeyJpZCI6MTMzNTMsInVybCI6Imh0dHBzOlwvXC9idWN1cmVzdGl6b28ucm9cL3dwLWNvbnRlbnRcL3VwbG9hZHNcLzIwMjVcLzAyXC9wYXBhZ2FsLWNhbHVnYXJfMi1MYXJnZS5qcGVnIiwic2xpZGVzaG93IjoiMzY2ZWVmYTAifQ%3D%3D\">\n\t\t\t\t\t<div class=\"e-gallery-image elementor-gallery-item__image\" data-thumbnail=\"https:\/\/bucurestizoo.ro\/wp-content\/uploads\/2025\/02\/papagal-calugar_2-Large-1024x768.jpeg\" data-width=\"847\" data-height=\"635\" aria-label=\"\" role=\"img\" ><\/div>\n\t\t\t\t\t\t\t\t\t\t\t<div class=\"elementor-gallery-item__overlay\"><\/div>\n\t\t\t\t\t\t\t\t\t\t\t\t\t\t<\/a>\n\t\t\t\t\t<\/div>\n\t\t\t\t\t<\/div>\n\t\t\t\t<\/div>\n\t\t\t\t\t<\/div>\n\t\t\t\t<\/div>\n\t\t<div class=\"elementor-element elementor-element-2638a242 animated-slow e-flex e-con-boxed elementor-invisible e-con e-parent\" data-id=\"2638a242\" data-element_type=\"container\" data-e-type=\"container\" data-settings=\"{&quot;animation&quot;:&quot;fadeInRight&quot;}\">\n\t\t\t\t\t<div class=\"e-con-inner\">\n\t\t\t\t<div class=\"elementor-element elementor-element-63ba7093 elementor-widget elementor-widget-heading\" data-id=\"63ba7093\" data-element_type=\"widget\" data-e-type=\"widget\" data-widget_type=\"heading.default\">\n\t\t\t\t<div class=\"elementor-widget-container\">\n\t\t\t\t\t<h1 class=\"elementor-heading-title elementor-size-default\">Habitat:<\/h1>\t\t\t\t<\/div>\n\t\t\t\t<\/div>\n\t\t\t\t<div class=\"elementor-element elementor-element-e05459 elementor-widget elementor-widget-text-editor\" data-id=\"e05459\" data-element_type=\"widget\" data-e-type=\"widget\" data-widget_type=\"text-editor.default\">\n\t\t\t\t<div class=\"elementor-widget-container\">\n\t\t\t\t\t\t\t\t\t<p>Savane, p\u0103duri, zone urbane. Este originar din America de Sud, locul s\u0103u de origine fiind Argentina, dar habitate ale acestei p\u0103s\u0103ri au fost g\u0103site \u0219i \u00een \u021b\u0103ri precum Paragua, Bolivia, Uruguay \u0219i sudul Braziliei. Aceasta pasare exotica tr\u0103ie\u0219te de obicei \u00een p\u0103duri \u0219i mun\u021bi, precum \u0219i \u00een spa\u021bii mai deschise.<\/p>\t\t\t\t\t\t\t\t<\/div>\n\t\t\t\t<\/div>\n\t\t\t\t\t<\/div>\n\t\t\t\t<\/div>\n\t\t<div class=\"elementor-element elementor-element-325c9493 e-grid e-con-boxed e-con e-parent\" data-id=\"325c9493\" data-element_type=\"container\" data-e-type=\"container\">\n\t\t\t\t\t<div class=\"e-con-inner\">\n\t\t<div class=\"elementor-element elementor-element-656225d2 e-con-full animated-slow e-flex elementor-invisible e-con e-child\" data-id=\"656225d2\" data-element_type=\"container\" data-e-type=\"container\" data-settings=\"{&quot;animation&quot;:&quot;fadeInLeft&quot;}\">\n\t\t\t\t<div class=\"elementor-element elementor-element-4cf9b6a1 elementor-widget elementor-widget-heading\" data-id=\"4cf9b6a1\" data-element_type=\"widget\" data-e-type=\"widget\" data-widget_type=\"heading.default\">\n\t\t\t\t<div class=\"elementor-widget-container\">\n\t\t\t\t\t<h1 class=\"elementor-heading-title elementor-size-default\">Hran\u0103:<\/h1>\t\t\t\t<\/div>\n\t\t\t\t<\/div>\n\t\t\t\t<div class=\"elementor-element elementor-element-76e75661 elementor-widget elementor-widget-text-editor\" data-id=\"76e75661\" data-element_type=\"widget\" data-e-type=\"widget\" data-widget_type=\"text-editor.default\">\n\t\t\t\t<div class=\"elementor-widget-container\">\n\t\t\t\t\t\t\t\t\t<p>Semin\u021be, fructe, flori, insecte. Hrana de baza este\u00a0 constituita din seminte de cereale sau de iarba, impreuna cu vegetale proaspete, amestec de seminte pentru papagali mici\/medii. Poate consuma seminte de floarea-soarelui sau nuci felurite cu coaja pe care papagalul sa le sparga.<\/p>\t\t\t\t\t\t\t\t<\/div>\n\t\t\t\t<\/div>\n\t\t\t\t<\/div>\n\t\t<div class=\"elementor-element elementor-element-7d00b4b1 e-con-full animated-slow e-flex elementor-invisible e-con e-child\" data-id=\"7d00b4b1\" data-element_type=\"container\" data-e-type=\"container\" data-settings=\"{&quot;animation&quot;:&quot;fadeInRight&quot;}\">\n\t\t\t\t<div class=\"elementor-element elementor-element-2f1061f0 elementor-widget elementor-widget-heading\" data-id=\"2f1061f0\" data-element_type=\"widget\" data-e-type=\"widget\" data-widget_type=\"heading.default\">\n\t\t\t\t<div class=\"elementor-widget-container\">\n\t\t\t\t\t<h1 class=\"elementor-heading-title elementor-size-default\">Conservare:<\/h1>\t\t\t\t<\/div>\n\t\t\t\t<\/div>\n\t\t\t\t<div class=\"elementor-element elementor-element-59c50815 elementor-widget elementor-widget-text-editor\" data-id=\"59c50815\" data-element_type=\"widget\" data-e-type=\"widget\" data-widget_type=\"text-editor.default\">\n\t\t\t\t<div class=\"elementor-widget-container\">\n\t\t\t\t\t\t\t\t\t<p>Specia este invaziv\u0103 \u00een unele zone \u0219i este considerat\u0103 d\u0103un\u0103toare pentru culturi agricole<\/p>\t\t\t\t\t\t\t\t<\/div>\n\t\t\t\t<\/div>\n\t\t\t\t<\/div>\n\t\t\t\t\t<\/div>\n\t\t\t\t<\/div>\n\t\t\t\t<\/div>","protected":false},"excerpt":{"rendered":"<p>Papagalul c\u0103lug\u0103r Denumire \u0219tiin\u021bific\u0103: Myiopsitta monachusOrdin: PsittaciformesFamilie: PsittacidaeGen: MyiopsittaSpecie: Myiopsitta monachusDistribu\u021bie: America de Sud \u2013 Argentina, Brazilia, Bolivia, dar a fost introdus \u0219i \u00een Europa \u0219i SUADimensiuni: 29-30 cm lungimeGreutate: 90-120 gPerioada de incubare: 23-28 zileNum\u0103r de pui: 4-8Speran\u021b\u0103 de via\u021b\u0103: 10-12 ani \u00een s\u0103lb\u0103ticie, \u00een captivitate mai mult General: Papagalii\u00a0c\u0103lug\u0103r\u00a0sunt foarte g\u0103l\u0103gio\u0219i, \u021bipetele lor &hellip; <a href=\"https:\/\/bucurestizoo.ro\/en\/papagal-calugar\/\" class=\"more-link\">Continue reading <span class=\"screen-reader-text\">Papagal C\u0103lug\u0103r<\/span><\/a><\/p>","protected":false},"author":1,"featured_media":0,"parent":0,"menu_order":0,"comment_status":"closed","ping_status":"closed","template":"","meta":{"_monsterinsights_skip_tracking":false,"_monsterinsights_sitenote_active":false,"_monsterinsights_sitenote_note":"","_monsterinsights_sitenote_category":0,"footnotes":""},"class_list":["post-13349","page","type-page","status-publish","hentry"],"aioseo_notices":[],"_links":{"self":[{"href":"https:\/\/bucurestizoo.ro\/en\/wp-json\/wp\/v2\/pages\/13349","targetHints":{"allow":["GET"]}}],"collection":[{"href":"https:\/\/bucurestizoo.ro\/en\/wp-json\/wp\/v2\/pages"}],"about":[{"href":"https:\/\/bucurestizoo.ro\/en\/wp-json\/wp\/v2\/types\/page"}],"author":[{"embeddable":true,"href":"https:\/\/bucurestizoo.ro\/en\/wp-json\/wp\/v2\/users\/1"}],"replies":[{"embeddable":true,"href":"https:\/\/bucurestizoo.ro\/en\/wp-json\/wp\/v2\/comments?post=13349"}],"version-history":[{"count":5,"href":"https:\/\/bucurestizoo.ro\/en\/wp-json\/wp\/v2\/pages\/13349\/revisions"}],"predecessor-version":[{"id":13357,"href":"https:\/\/bucurestizoo.ro\/en\/wp-json\/wp\/v2\/pages\/13349\/revisions\/13357"}],"wp:attachment":[{"href":"https:\/\/bucurestizoo.ro\/en\/wp-json\/wp\/v2\/media?parent=13349"}],"curies":[{"name":"wp","href":"https:\/\/api.w.org\/{rel}","templated":true}]}}