{"id":13274,"date":"2025-02-12T17:24:27","date_gmt":"2025-02-12T15:24:27","guid":{"rendered":"https:\/\/n1.bucurestizoo.ro\/?page_id=13274"},"modified":"2025-02-12T18:23:49","modified_gmt":"2025-02-12T16:23:49","slug":"fenec-2","status":"publish","type":"page","link":"https:\/\/bucurestizoo.ro\/en\/fenec-2\/","title":{"rendered":"Fenec"},"content":{"rendered":"<div data-elementor-type=\"wp-page\" data-elementor-id=\"13274\" class=\"elementor elementor-13274\" data-elementor-post-type=\"page\">\n\t\t\t\t<div class=\"elementor-element elementor-element-36a29a5d e-flex e-con-boxed e-con e-parent\" data-id=\"36a29a5d\" data-element_type=\"container\" data-e-type=\"container\" data-settings=\"{&quot;background_background&quot;:&quot;classic&quot;}\">\n\t\t\t\t\t<div class=\"e-con-inner\">\n\t\t<div class=\"elementor-element elementor-element-6d856b76 e-con-full e-flex e-con e-child\" data-id=\"6d856b76\" data-element_type=\"container\" data-e-type=\"container\">\n\t\t<div class=\"elementor-element elementor-element-2bb52045 e-con-full animated-slow e-flex elementor-invisible e-con e-child\" data-id=\"2bb52045\" data-element_type=\"container\" data-e-type=\"container\" data-settings=\"{&quot;animation&quot;:&quot;fadeInLeft&quot;}\">\n\t\t\t\t<div class=\"elementor-element elementor-element-4f0a79c8 elementor-widget elementor-widget-heading\" data-id=\"4f0a79c8\" data-element_type=\"widget\" data-e-type=\"widget\" data-widget_type=\"heading.default\">\n\t\t\t\t<div class=\"elementor-widget-container\">\n\t\t\t\t\t<h1 class=\"elementor-heading-title elementor-size-default\">Fenec<\/h1>\t\t\t\t<\/div>\n\t\t\t\t<\/div>\n\t\t\t\t<div class=\"elementor-element elementor-element-48f100c5 elementor-widget elementor-widget-text-editor\" data-id=\"48f100c5\" data-element_type=\"widget\" data-e-type=\"widget\" data-widget_type=\"text-editor.default\">\n\t\t\t\t<div class=\"elementor-widget-container\">\n\t\t\t\t\t\t\t\t\t<p>\u2022 <strong data-start=\"89\" data-end=\"113\">Denumire \u0219tiin\u021bific\u0103<\/strong>: Vulpes zerda<br data-start=\"127\" data-end=\"130\" \/>\u2022 <strong data-start=\"132\" data-end=\"141\">Ordin<\/strong>: Carnivora<br data-start=\"152\" data-end=\"155\" \/>\u2022 <strong data-start=\"157\" data-end=\"168\">Familie<\/strong>: Canidae<br data-start=\"177\" data-end=\"180\" \/>\u2022 <strong data-start=\"182\" data-end=\"189\">Gen<\/strong>: Vulpes<br data-start=\"197\" data-end=\"200\" \/>\u2022 <strong data-start=\"202\" data-end=\"212\">Specie<\/strong>: Vulpes zerda<br data-start=\"226\" data-end=\"229\" \/>\u2022 <strong data-start=\"231\" data-end=\"246\">Distribu\u021bie<\/strong>: De\u0219erturile din Africa de Nord \u0219i Peninsula Arabic\u0103<br data-start=\"299\" data-end=\"302\" \/>\u2022 <strong data-start=\"304\" data-end=\"318\">Dimensiuni<\/strong>: 24-41 cm lungime, coad\u0103 de 18-31 cm<br data-start=\"355\" data-end=\"358\" \/>\u2022 <strong data-start=\"360\" data-end=\"372\">Greutate<\/strong>: 0,7 &#8211; 1,6 kg<br data-start=\"386\" data-end=\"389\" \/>\u2022 <strong data-start=\"391\" data-end=\"415\">Perioada de gesta\u021bie<\/strong>: 50-52 zile<br data-start=\"427\" data-end=\"430\" \/>\u2022 <strong data-start=\"432\" data-end=\"448\">Num\u0103r de pui<\/strong>: 2-5<br data-start=\"453\" data-end=\"456\" \/>\u2022 <strong data-start=\"458\" data-end=\"479\">Speran\u021b\u0103 de via\u021b\u0103<\/strong>: 10 ani \u00een s\u0103lb\u0103ticie, \u00een captivitate mai mult<\/p>\t\t\t\t\t\t\t\t<\/div>\n\t\t\t\t<\/div>\n\t\t\t\t<\/div>\n\t\t\t\t<div class=\"elementor-element elementor-element-3b36e8b9 elementor-widget-tablet__width-inherit animated-slow elementor-invisible elementor-widget elementor-widget-image\" data-id=\"3b36e8b9\" data-element_type=\"widget\" data-e-type=\"widget\" data-settings=\"{&quot;_animation&quot;:&quot;fadeInRight&quot;}\" data-widget_type=\"image.default\">\n\t\t\t\t<div class=\"elementor-widget-container\">\n\t\t\t\t\t\t\t\t\t\t\t\t\t\t\t<img fetchpriority=\"high\" decoding=\"async\" width=\"640\" height=\"427\" src=\"https:\/\/bucurestizoo.ro\/wp-content\/uploads\/2024\/12\/fenec.jpg\" class=\"attachment-large size-large wp-image-11466\" alt=\"\" srcset=\"https:\/\/bucurestizoo.ro\/wp-content\/uploads\/2024\/12\/fenec.jpg 640w, https:\/\/bucurestizoo.ro\/wp-content\/uploads\/2024\/12\/fenec-300x200.jpg 300w, https:\/\/bucurestizoo.ro\/wp-content\/uploads\/2024\/12\/fenec-450x300.jpg 450w\" sizes=\"(max-width: 640px) 100vw, 640px\" data-id=\"11466\" \/>\t\t\t\t\t\t\t\t\t\t\t\t\t\t\t<\/div>\n\t\t\t\t<\/div>\n\t\t\t\t<\/div>\n\t\t\t\t\t<\/div>\n\t\t\t\t<\/div>\n\t\t<div class=\"elementor-element elementor-element-7506f716 animated-slow e-flex e-con-boxed elementor-invisible e-con e-parent\" data-id=\"7506f716\" data-element_type=\"container\" data-e-type=\"container\" data-settings=\"{&quot;animation&quot;:&quot;fadeInLeft&quot;}\">\n\t\t\t\t\t<div class=\"e-con-inner\">\n\t\t\t\t<div class=\"elementor-element elementor-element-28027735 elementor-widget elementor-widget-heading\" data-id=\"28027735\" data-element_type=\"widget\" data-e-type=\"widget\" data-widget_type=\"heading.default\">\n\t\t\t\t<div class=\"elementor-widget-container\">\n\t\t\t\t\t<h1 class=\"elementor-heading-title elementor-size-default\">General:<\/h1>\t\t\t\t<\/div>\n\t\t\t\t<\/div>\n\t\t\t\t<div class=\"elementor-element elementor-element-370b4df3 elementor-widget elementor-widget-text-editor\" data-id=\"370b4df3\" data-element_type=\"widget\" data-e-type=\"widget\" data-widget_type=\"text-editor.default\">\n\t\t\t\t<div class=\"elementor-widget-container\">\n\t\t\t\t\t\t\t\t\t<p>Are cele mai mari urechi raportate la corp dintre toate canidele, ajut\u00e2ndu-l s\u0103 se r\u0103coreasc\u0103 \u0219i s\u0103 aud\u0103 prada sub nisip. Fenecul\u00a0(Vulpes Zerda) este o specie de mamifer \u00eenrudit cu vulpea. Numele s\u0103u uzual, fenec, provine din cuv\u00e2ntul arab fenek, care \u00eenseamn\u0103\u00a0vulpe, iar\u00a0zerda\u00a0provine din grecescul xeros, care \u00eenseamn\u0103\u00a0uscat. Acesta este cel mai mic reprezentant al familiei Canidelor.<\/p><p>Fenecul are urechile relativ mari, v\u00e2rful cozii \u00een nuan\u021be de negru. Are blana crem p\u00e2n\u0103 la crem-g\u0103lbuie. T\u0103lpile sale \u00eembl\u0103nite sunt adaptate la mersul pe nisipul moale, fierbinte. E predominant nocturn.<\/p><p>Lucru neobi\u0219nuit printre vulpi, se asociaz\u0103 \u00een grupuri de c\u00e2te 10 indivizi, dar rela\u021biile dintre ace\u0219tia nu sunt clare. Fiecare membru sap\u0103 o vizuin\u0103 de c\u00e2\u021biva metri \u00een p\u0103m\u00e2ntul moale. \u00cemperecherea are loc \u00een perioada ianuarie-februarie, iar puii r\u0103m\u00e2n \u00een vizuin\u0103 timp de 2 luni. Sunt pe deplin maturi al 11 luni.<\/p>\t\t\t\t\t\t\t\t<\/div>\n\t\t\t\t<\/div>\n\t\t\t\t\t<\/div>\n\t\t\t\t<\/div>\n\t\t<div class=\"elementor-element elementor-element-1ca007bc e-flex e-con-boxed e-con e-parent\" data-id=\"1ca007bc\" data-element_type=\"container\" data-e-type=\"container\">\n\t\t\t\t\t<div class=\"e-con-inner\">\n\t\t\t\t<div class=\"elementor-element elementor-element-452727ee elementor-widget elementor-widget-gallery\" data-id=\"452727ee\" data-element_type=\"widget\" data-e-type=\"widget\" data-settings=\"{&quot;columns&quot;:3,&quot;lazyload&quot;:&quot;yes&quot;,&quot;gallery_layout&quot;:&quot;grid&quot;,&quot;columns_tablet&quot;:2,&quot;columns_mobile&quot;:1,&quot;gap&quot;:{&quot;unit&quot;:&quot;px&quot;,&quot;size&quot;:10,&quot;sizes&quot;:[]},&quot;gap_tablet&quot;:{&quot;unit&quot;:&quot;px&quot;,&quot;size&quot;:10,&quot;sizes&quot;:[]},&quot;gap_mobile&quot;:{&quot;unit&quot;:&quot;px&quot;,&quot;size&quot;:10,&quot;sizes&quot;:[]},&quot;link_to&quot;:&quot;file&quot;,&quot;aspect_ratio&quot;:&quot;3:2&quot;,&quot;overlay_background&quot;:&quot;yes&quot;,&quot;content_hover_animation&quot;:&quot;fade-in&quot;}\" data-widget_type=\"gallery.default\">\n\t\t\t\t<div class=\"elementor-widget-container\">\n\t\t\t\t\t\t\t<div class=\"elementor-gallery__container\">\n\t\t\t\t\t\t\t<a class=\"e-gallery-item elementor-gallery-item elementor-animated-content\" href=\"https:\/\/bucurestizoo.ro\/wp-content\/uploads\/2025\/02\/fenec_2-scaled.jpg\" data-elementor-open-lightbox=\"yes\" data-elementor-lightbox-slideshow=\"452727ee\" data-e-action-hash=\"#elementor-action%3Aaction%3Dlightbox%26settings%3DeyJpZCI6MTMyMzYsInVybCI6Imh0dHBzOlwvXC9idWN1cmVzdGl6b28ucm9cL3dwLWNvbnRlbnRcL3VwbG9hZHNcLzIwMjVcLzAyXC9mZW5lY18yLXNjYWxlZC5qcGciLCJzbGlkZXNob3ciOiI0NTI3MjdlZSJ9\">\n\t\t\t\t\t<div class=\"e-gallery-image elementor-gallery-item__image\" data-thumbnail=\"https:\/\/bucurestizoo.ro\/wp-content\/uploads\/2025\/02\/fenec_2-1024x768.jpg\" data-width=\"847\" data-height=\"635\" aria-label=\"\" role=\"img\" ><\/div>\n\t\t\t\t\t\t\t\t\t\t\t<div class=\"elementor-gallery-item__overlay\"><\/div>\n\t\t\t\t\t\t\t\t\t\t\t\t\t\t<\/a>\n\t\t\t\t\t\t\t<a class=\"e-gallery-item elementor-gallery-item elementor-animated-content\" href=\"https:\/\/bucurestizoo.ro\/wp-content\/uploads\/2025\/02\/fenec-3-scaled.jpg\" data-elementor-open-lightbox=\"yes\" data-elementor-lightbox-slideshow=\"452727ee\" data-e-action-hash=\"#elementor-action%3Aaction%3Dlightbox%26settings%3DeyJpZCI6MTMyMzUsInVybCI6Imh0dHBzOlwvXC9idWN1cmVzdGl6b28ucm9cL3dwLWNvbnRlbnRcL3VwbG9hZHNcLzIwMjVcLzAyXC9mZW5lYy0zLXNjYWxlZC5qcGciLCJzbGlkZXNob3ciOiI0NTI3MjdlZSJ9\">\n\t\t\t\t\t<div class=\"e-gallery-image elementor-gallery-item__image\" data-thumbnail=\"https:\/\/bucurestizoo.ro\/wp-content\/uploads\/2025\/02\/fenec-3-1024x768.jpg\" data-width=\"847\" data-height=\"635\" aria-label=\"\" role=\"img\" ><\/div>\n\t\t\t\t\t\t\t\t\t\t\t<div class=\"elementor-gallery-item__overlay\"><\/div>\n\t\t\t\t\t\t\t\t\t\t\t\t\t\t<\/a>\n\t\t\t\t\t\t\t<a class=\"e-gallery-item elementor-gallery-item elementor-animated-content\" href=\"https:\/\/bucurestizoo.ro\/wp-content\/uploads\/2024\/12\/fenec-3.jpg\" data-elementor-open-lightbox=\"yes\" data-elementor-lightbox-slideshow=\"452727ee\" data-e-action-hash=\"#elementor-action%3Aaction%3Dlightbox%26settings%3DeyJpZCI6MTIwMDgsInVybCI6Imh0dHBzOlwvXC9idWN1cmVzdGl6b28ucm9cL3dwLWNvbnRlbnRcL3VwbG9hZHNcLzIwMjRcLzEyXC9mZW5lYy0zLmpwZyIsInNsaWRlc2hvdyI6IjQ1MjcyN2VlIn0%3D\">\n\t\t\t\t\t<div class=\"e-gallery-image elementor-gallery-item__image\" data-thumbnail=\"https:\/\/bucurestizoo.ro\/wp-content\/uploads\/2024\/12\/fenec-3-1024x683.jpg\" data-width=\"847\" data-height=\"565\" aria-label=\"\" role=\"img\" ><\/div>\n\t\t\t\t\t\t\t\t\t\t\t<div class=\"elementor-gallery-item__overlay\"><\/div>\n\t\t\t\t\t\t\t\t\t\t\t\t\t\t<\/a>\n\t\t\t\t\t<\/div>\n\t\t\t\t\t<\/div>\n\t\t\t\t<\/div>\n\t\t\t\t\t<\/div>\n\t\t\t\t<\/div>\n\t\t<div class=\"elementor-element elementor-element-71f67ce7 animated-slow e-flex e-con-boxed elementor-invisible e-con e-parent\" data-id=\"71f67ce7\" data-element_type=\"container\" data-e-type=\"container\" data-settings=\"{&quot;animation&quot;:&quot;fadeInRight&quot;}\">\n\t\t\t\t\t<div class=\"e-con-inner\">\n\t\t\t\t<div class=\"elementor-element elementor-element-3db2547e elementor-widget elementor-widget-heading\" data-id=\"3db2547e\" data-element_type=\"widget\" data-e-type=\"widget\" data-widget_type=\"heading.default\">\n\t\t\t\t<div class=\"elementor-widget-container\">\n\t\t\t\t\t<h1 class=\"elementor-heading-title elementor-size-default\">Habitat:<\/h1>\t\t\t\t<\/div>\n\t\t\t\t<\/div>\n\t\t\t\t<div class=\"elementor-element elementor-element-73095940 elementor-widget elementor-widget-text-editor\" data-id=\"73095940\" data-element_type=\"widget\" data-e-type=\"widget\" data-widget_type=\"text-editor.default\">\n\t\t\t\t<div class=\"elementor-widget-container\">\n\t\t\t\t\t\t\t\t\t<p>De\u0219erturi, semi-de\u0219erturi. Reprezentan\u021bii acestei specii pot fi g\u0103si\u021bi \u00een de\u0219ertul Sahara, peninsula Sinai \u0219i de\u0219ertul Arabiei, fiind perfect adapta\u021bi la mediul arid.<\/p>\t\t\t\t\t\t\t\t<\/div>\n\t\t\t\t<\/div>\n\t\t\t\t\t<\/div>\n\t\t\t\t<\/div>\n\t\t<div class=\"elementor-element elementor-element-4089179d e-grid e-con-boxed e-con e-parent\" data-id=\"4089179d\" data-element_type=\"container\" data-e-type=\"container\">\n\t\t\t\t\t<div class=\"e-con-inner\">\n\t\t<div class=\"elementor-element elementor-element-67b5eccb e-con-full animated-slow e-flex elementor-invisible e-con e-child\" data-id=\"67b5eccb\" data-element_type=\"container\" data-e-type=\"container\" data-settings=\"{&quot;animation&quot;:&quot;fadeInLeft&quot;}\">\n\t\t\t\t<div class=\"elementor-element elementor-element-3e9c520d elementor-widget elementor-widget-heading\" data-id=\"3e9c520d\" data-element_type=\"widget\" data-e-type=\"widget\" data-widget_type=\"heading.default\">\n\t\t\t\t<div class=\"elementor-widget-container\">\n\t\t\t\t\t<h1 class=\"elementor-heading-title elementor-size-default\">Hran\u0103:<\/h1>\t\t\t\t<\/div>\n\t\t\t\t<\/div>\n\t\t\t\t<div class=\"elementor-element elementor-element-7ea34580 elementor-widget elementor-widget-text-editor\" data-id=\"7ea34580\" data-element_type=\"widget\" data-e-type=\"widget\" data-widget_type=\"text-editor.default\">\n\t\t\t\t<div class=\"elementor-widget-container\">\n\t\t\t\t\t\t\t\t\t<p>Insecte, roz\u0103toare, p\u0103s\u0103ri, ou\u0103, fructi \u0219i legume.Fenecul \u00een s\u0103lb\u0103ticie consum\u0103 90% proteine care provin de la animale \u0219i insecte. Restul de 10% const\u0103, \u00een principal, din r\u0103d\u0103cini pe care le g\u0103se\u0219te prin s\u0103pare. Hrana acestei vulpi variaz\u0103, de la fructe \u0219i semin\u021be la ou\u0103, termite \u0219i \u0219op\u00e2rle.<\/p>\t\t\t\t\t\t\t\t<\/div>\n\t\t\t\t<\/div>\n\t\t\t\t<\/div>\n\t\t<div class=\"elementor-element elementor-element-72c5def8 e-con-full animated-slow e-flex elementor-invisible e-con e-child\" data-id=\"72c5def8\" data-element_type=\"container\" data-e-type=\"container\" data-settings=\"{&quot;animation&quot;:&quot;fadeInRight&quot;}\">\n\t\t\t\t<div class=\"elementor-element elementor-element-52d4eab3 elementor-widget elementor-widget-heading\" data-id=\"52d4eab3\" data-element_type=\"widget\" data-e-type=\"widget\" data-widget_type=\"heading.default\">\n\t\t\t\t<div class=\"elementor-widget-container\">\n\t\t\t\t\t<h1 class=\"elementor-heading-title elementor-size-default\">Conservare:<\/h1>\t\t\t\t<\/div>\n\t\t\t\t<\/div>\n\t\t\t\t<div class=\"elementor-element elementor-element-90b3ced elementor-widget elementor-widget-text-editor\" data-id=\"90b3ced\" data-element_type=\"widget\" data-e-type=\"widget\" data-widget_type=\"text-editor.default\">\n\t\t\t\t<div class=\"elementor-widget-container\">\n\t\t\t\t\t\t\t\t\t<p>Specia nu este amenin\u021bat\u0103 grav, dar este v\u00e2nat\u0103 pentru blan\u0103 \u0219i capturat\u0103 pentru comer\u021bul ilegal. Fenecul este v\u00e2nat pentru blana sa.<\/p>\t\t\t\t\t\t\t\t<\/div>\n\t\t\t\t<\/div>\n\t\t\t\t<\/div>\n\t\t\t\t\t<\/div>\n\t\t\t\t<\/div>\n\t\t\t\t<\/div>","protected":false},"excerpt":{"rendered":"<p>Fenec \u2022 Denumire \u0219tiin\u021bific\u0103: Vulpes zerda\u2022 Ordin: Carnivora\u2022 Familie: Canidae\u2022 Gen: Vulpes\u2022 Specie: Vulpes zerda\u2022 Distribu\u021bie: De\u0219erturile din Africa de Nord \u0219i Peninsula Arabic\u0103\u2022 Dimensiuni: 24-41 cm lungime, coad\u0103 de 18-31 cm\u2022 Greutate: 0,7 &#8211; 1,6 kg\u2022 Perioada de gesta\u021bie: 50-52 zile\u2022 Num\u0103r de pui: 2-5\u2022 Speran\u021b\u0103 de via\u021b\u0103: 10 ani \u00een s\u0103lb\u0103ticie, \u00een captivitate &hellip; <a href=\"https:\/\/bucurestizoo.ro\/en\/fenec-2\/\" class=\"more-link\">Continue reading <span class=\"screen-reader-text\">Fenec<\/span><\/a><\/p>","protected":false},"author":1,"featured_media":0,"parent":0,"menu_order":0,"comment_status":"closed","ping_status":"closed","template":"","meta":{"_monsterinsights_skip_tracking":false,"_monsterinsights_sitenote_active":false,"_monsterinsights_sitenote_note":"","_monsterinsights_sitenote_category":0,"footnotes":""},"class_list":["post-13274","page","type-page","status-publish","hentry"],"aioseo_notices":[],"_links":{"self":[{"href":"https:\/\/bucurestizoo.ro\/en\/wp-json\/wp\/v2\/pages\/13274","targetHints":{"allow":["GET"]}}],"collection":[{"href":"https:\/\/bucurestizoo.ro\/en\/wp-json\/wp\/v2\/pages"}],"about":[{"href":"https:\/\/bucurestizoo.ro\/en\/wp-json\/wp\/v2\/types\/page"}],"author":[{"embeddable":true,"href":"https:\/\/bucurestizoo.ro\/en\/wp-json\/wp\/v2\/users\/1"}],"replies":[{"embeddable":true,"href":"https:\/\/bucurestizoo.ro\/en\/wp-json\/wp\/v2\/comments?post=13274"}],"version-history":[{"count":10,"href":"https:\/\/bucurestizoo.ro\/en\/wp-json\/wp\/v2\/pages\/13274\/revisions"}],"predecessor-version":[{"id":13309,"href":"https:\/\/bucurestizoo.ro\/en\/wp-json\/wp\/v2\/pages\/13274\/revisions\/13309"}],"wp:attachment":[{"href":"https:\/\/bucurestizoo.ro\/en\/wp-json\/wp\/v2\/media?parent=13274"}],"curies":[{"name":"wp","href":"https:\/\/api.w.org\/{rel}","templated":true}]}}