{"id":13220,"date":"2025-02-12T15:34:06","date_gmt":"2025-02-12T13:34:06","guid":{"rendered":"https:\/\/n1.bucurestizoo.ro\/?page_id=13220"},"modified":"2025-02-12T18:06:44","modified_gmt":"2025-02-12T16:06:44","slug":"urs-brun-2","status":"publish","type":"page","link":"https:\/\/bucurestizoo.ro\/en\/urs-brun-2\/","title":{"rendered":"urs brun"},"content":{"rendered":"<div data-elementor-type=\"wp-page\" data-elementor-id=\"13220\" class=\"elementor elementor-13220\" data-elementor-post-type=\"page\">\n\t\t\t\t<div class=\"elementor-element elementor-element-7b9d857 e-flex e-con-boxed e-con e-parent\" data-id=\"7b9d857\" data-element_type=\"container\" data-e-type=\"container\" data-settings=\"{&quot;background_background&quot;:&quot;classic&quot;}\">\n\t\t\t\t\t<div class=\"e-con-inner\">\n\t\t<div class=\"elementor-element elementor-element-d2c0b6a e-con-full e-flex e-con e-child\" data-id=\"d2c0b6a\" data-element_type=\"container\" data-e-type=\"container\">\n\t\t<div class=\"elementor-element elementor-element-01963f4 e-con-full animated-slow e-flex elementor-invisible e-con e-child\" data-id=\"01963f4\" data-element_type=\"container\" data-e-type=\"container\" data-settings=\"{&quot;animation&quot;:&quot;fadeInLeft&quot;}\">\n\t\t\t\t<div class=\"elementor-element elementor-element-e0acb81 elementor-widget elementor-widget-heading\" data-id=\"e0acb81\" data-element_type=\"widget\" data-e-type=\"widget\" data-widget_type=\"heading.default\">\n\t\t\t\t<div class=\"elementor-widget-container\">\n\t\t\t\t\t<h1 class=\"elementor-heading-title elementor-size-default\">Urs Brun<\/h1>\t\t\t\t<\/div>\n\t\t\t\t<\/div>\n\t\t\t\t<div class=\"elementor-element elementor-element-7ce020a elementor-widget elementor-widget-text-editor\" data-id=\"7ce020a\" data-element_type=\"widget\" data-e-type=\"widget\" data-widget_type=\"text-editor.default\">\n\t\t\t\t<div class=\"elementor-widget-container\">\n\t\t\t\t\t\t\t\t\t<p>\u2022 <strong>Denumire \u0219tiin\u021bific\u0103:<\/strong> Ursus arctos<br \/>\u2022 <strong>Ordin:<\/strong> Carnivora<br \/>\u2022 <strong>Familie:<\/strong> Ursidae<br \/>\u2022 <strong>Gen:<\/strong> Ursus<br \/>\u2022 <strong>Specie:<\/strong> Ursus arctos<br \/>\u2022 <strong>Distribu\u021bie:<\/strong> America de Nord, Europa, Asia<br \/>\u2022 <strong>Dimensiuni:<\/strong> 1,4 &#8211; 2,8 m lungime, \u00een\u0103l\u021bime la greab\u0103n 90-150 cm<br \/>\u2022 <strong>Greutate:<\/strong> 80 &#8211; 600 kg (variaz\u0103 \u00een func\u021bie de sub-specie \u0219i sex)<br \/>\u2022 <strong>Perioada de gesta\u021bie:<\/strong> 180 &#8211; 250 zile (implantare \u00eent\u00e2rziat\u0103)<br \/>\u2022 <strong>Num\u0103r de pui:<\/strong> 1 &#8211; 4 (de obicei 2)<br \/>\u2022 <strong>Speran\u021b\u0103 de via\u021b\u0103:<\/strong> 20-30 ani \u00een s\u0103lb\u0103ticie, mai mult \u00een captivitate<\/p>\t\t\t\t\t\t\t\t<\/div>\n\t\t\t\t<\/div>\n\t\t\t\t<\/div>\n\t\t\t\t<div class=\"elementor-element elementor-element-f8cde9d elementor-widget-tablet__width-inherit animated-slow elementor-invisible elementor-widget elementor-widget-image\" data-id=\"f8cde9d\" data-element_type=\"widget\" data-e-type=\"widget\" data-settings=\"{&quot;_animation&quot;:&quot;fadeInRight&quot;}\" data-widget_type=\"image.default\">\n\t\t\t\t<div class=\"elementor-widget-container\">\n\t\t\t\t\t\t\t\t\t\t\t\t\t\t\t<img fetchpriority=\"high\" decoding=\"async\" width=\"847\" height=\"532\" src=\"https:\/\/bucurestizoo.ro\/wp-content\/uploads\/2025\/02\/urs-brun-1-scaled-e1739369290989-1024x643.jpg\" class=\"attachment-large size-large wp-image-13255\" alt=\"\" srcset=\"https:\/\/bucurestizoo.ro\/wp-content\/uploads\/2025\/02\/urs-brun-1-scaled-e1739369290989-1024x643.jpg 1024w, https:\/\/bucurestizoo.ro\/wp-content\/uploads\/2025\/02\/urs-brun-1-scaled-e1739369290989-300x188.jpg 300w, https:\/\/bucurestizoo.ro\/wp-content\/uploads\/2025\/02\/urs-brun-1-scaled-e1739369290989-768x482.jpg 768w, https:\/\/bucurestizoo.ro\/wp-content\/uploads\/2025\/02\/urs-brun-1-scaled-e1739369290989-1536x965.jpg 1536w, https:\/\/bucurestizoo.ro\/wp-content\/uploads\/2025\/02\/urs-brun-1-scaled-e1739369290989-478x300.jpg 478w, https:\/\/bucurestizoo.ro\/wp-content\/uploads\/2025\/02\/urs-brun-1-scaled-e1739369290989-650x408.jpg 650w, https:\/\/bucurestizoo.ro\/wp-content\/uploads\/2025\/02\/urs-brun-1-scaled-e1739369290989.jpg 1950w\" sizes=\"(max-width: 847px) 100vw, 847px\" data-id=\"13255\" \/>\t\t\t\t\t\t\t\t\t\t\t\t\t\t\t<\/div>\n\t\t\t\t<\/div>\n\t\t\t\t<\/div>\n\t\t\t\t\t<\/div>\n\t\t\t\t<\/div>\n\t\t<div class=\"elementor-element elementor-element-101f363 animated-slow e-flex e-con-boxed elementor-invisible e-con e-parent\" data-id=\"101f363\" data-element_type=\"container\" data-e-type=\"container\" data-settings=\"{&quot;animation&quot;:&quot;fadeInLeft&quot;}\">\n\t\t\t\t\t<div class=\"e-con-inner\">\n\t\t\t\t<div class=\"elementor-element elementor-element-95cd982 elementor-widget elementor-widget-heading\" data-id=\"95cd982\" data-element_type=\"widget\" data-e-type=\"widget\" data-widget_type=\"heading.default\">\n\t\t\t\t<div class=\"elementor-widget-container\">\n\t\t\t\t\t<h1 class=\"elementor-heading-title elementor-size-default\">General:<\/h1>\t\t\t\t<\/div>\n\t\t\t\t<\/div>\n\t\t\t\t<div class=\"elementor-element elementor-element-069a8d3 elementor-widget elementor-widget-text-editor\" data-id=\"069a8d3\" data-element_type=\"widget\" data-e-type=\"widget\" data-widget_type=\"text-editor.default\">\n\t\t\t\t<div class=\"elementor-widget-container\">\n\t\t\t\t\t\t\t\t\t<p>Este unul dintre cei mai mari pr\u0103d\u0103tori tere\u0219tri. De\u0219i pare greoi, poate alerga cu p\u00e2n\u0103 la 50 km\/h \u0219i \u00eenoat\u0103 foarte bine. Ursul brun are blana deas\u0103 cu peri moi, mai lungi pe fa\u021b\u0103, abdomen \u0219i mai scurt pe bot. Acesta are culoarea bl\u0103nii variabil\u0103 \u00een func\u021bie de anotimp \u0219i v\u00e2rst\u0103, de la cafeniu-curat, cafeniu-galben sau cafeniu-ro\u0219cat, p\u00e2n\u0103 aproape negru, negricios sau pestri\u021b. Lungimea p\u0103rului variaz\u0103 \u00een func\u021bie de anotimp: cea mai mare este \u00een decembrie p\u00e2n\u0103 \u00een aprilie \u2013 mai \u0219i cea mai mic\u0103 \u00een iulie \u2013 septembrie. Lungimea p\u0103rului de iarn\u0103 este de 8-9 cm pe spate.<\/p><p>\u00cel \u00eent\u00e2lnim \u00een \u021bara noastr\u0103 \u00een partea de nord, \u00een Mun\u021bii Rodnei \u0219i Maramure\u0219ului, \u0219i de la 1000 m \u00een sus, cu un regim de hran\u0103 mai mult carnivor \u0219i \u00eel mai \u00eent\u00e2lnim la \u00een\u0103l\u021bimi mai mici de 1000 m unde se hr\u0103ne\u0219te mai ales cu vegetale.\u00a0 \u00cen tinere\u021be are un guler alb \u00eengust, cu marginile bine limitate, care c\u0103tre b\u0103tr\u00e2ne\u021be se l\u0103\u021be\u0219te, devine galben sau galben-cafeniu, p\u00e2n\u0103 nu se mai recunoa\u0219te.<\/p>\t\t\t\t\t\t\t\t<\/div>\n\t\t\t\t<\/div>\n\t\t\t\t\t<\/div>\n\t\t\t\t<\/div>\n\t\t<div class=\"elementor-element elementor-element-b7647f3 e-flex e-con-boxed e-con e-parent\" data-id=\"b7647f3\" data-element_type=\"container\" data-e-type=\"container\">\n\t\t\t\t\t<div class=\"e-con-inner\">\n\t\t\t\t<div class=\"elementor-element elementor-element-0892948 elementor-widget elementor-widget-gallery\" data-id=\"0892948\" data-element_type=\"widget\" data-e-type=\"widget\" data-settings=\"{&quot;columns&quot;:3,&quot;lazyload&quot;:&quot;yes&quot;,&quot;gallery_layout&quot;:&quot;grid&quot;,&quot;columns_tablet&quot;:2,&quot;columns_mobile&quot;:1,&quot;gap&quot;:{&quot;unit&quot;:&quot;px&quot;,&quot;size&quot;:10,&quot;sizes&quot;:[]},&quot;gap_tablet&quot;:{&quot;unit&quot;:&quot;px&quot;,&quot;size&quot;:10,&quot;sizes&quot;:[]},&quot;gap_mobile&quot;:{&quot;unit&quot;:&quot;px&quot;,&quot;size&quot;:10,&quot;sizes&quot;:[]},&quot;link_to&quot;:&quot;file&quot;,&quot;aspect_ratio&quot;:&quot;3:2&quot;,&quot;overlay_background&quot;:&quot;yes&quot;,&quot;content_hover_animation&quot;:&quot;fade-in&quot;}\" data-widget_type=\"gallery.default\">\n\t\t\t\t<div class=\"elementor-widget-container\">\n\t\t\t\t\t\t\t<div class=\"elementor-gallery__container\">\n\t\t\t\t\t\t\t<a class=\"e-gallery-item elementor-gallery-item elementor-animated-content\" href=\"https:\/\/bucurestizoo.ro\/wp-content\/uploads\/2025\/02\/urs_brun_2-scaled.jpg\" data-elementor-open-lightbox=\"yes\" data-elementor-lightbox-slideshow=\"0892948\" data-elementor-lightbox-title=\"urs_brun_2\" data-e-action-hash=\"#elementor-action%3Aaction%3Dlightbox%26settings%3DeyJpZCI6MTMyNTcsInVybCI6Imh0dHBzOlwvXC9idWN1cmVzdGl6b28ucm9cL3dwLWNvbnRlbnRcL3VwbG9hZHNcLzIwMjVcLzAyXC91cnNfYnJ1bl8yLXNjYWxlZC5qcGciLCJzbGlkZXNob3ciOiIwODkyOTQ4In0%3D\">\n\t\t\t\t\t<div class=\"e-gallery-image elementor-gallery-item__image\" data-thumbnail=\"https:\/\/bucurestizoo.ro\/wp-content\/uploads\/2025\/02\/urs_brun_2-1024x685.jpg\" data-width=\"847\" data-height=\"567\" aria-label=\"\" role=\"img\" ><\/div>\n\t\t\t\t\t\t\t\t\t\t\t<div class=\"elementor-gallery-item__overlay\"><\/div>\n\t\t\t\t\t\t\t\t\t\t\t\t\t\t<\/a>\n\t\t\t\t\t\t\t<a class=\"e-gallery-item elementor-gallery-item elementor-animated-content\" href=\"https:\/\/bucurestizoo.ro\/wp-content\/uploads\/2025\/02\/urs-brun_3-scaled.jpeg\" data-elementor-open-lightbox=\"yes\" data-elementor-lightbox-slideshow=\"0892948\" data-elementor-lightbox-title=\"OLYMPUS DIGITAL CAMERA\" data-e-action-hash=\"#elementor-action%3Aaction%3Dlightbox%26settings%3DeyJpZCI6MTMyNTYsInVybCI6Imh0dHBzOlwvXC9idWN1cmVzdGl6b28ucm9cL3dwLWNvbnRlbnRcL3VwbG9hZHNcLzIwMjVcLzAyXC91cnMtYnJ1bl8zLXNjYWxlZC5qcGVnIiwic2xpZGVzaG93IjoiMDg5Mjk0OCJ9\">\n\t\t\t\t\t<div class=\"e-gallery-image elementor-gallery-item__image\" data-thumbnail=\"https:\/\/bucurestizoo.ro\/wp-content\/uploads\/2025\/02\/urs-brun_3-1024x768.jpeg\" data-width=\"847\" data-height=\"635\" aria-label=\"\" role=\"img\" ><\/div>\n\t\t\t\t\t\t\t\t\t\t\t<div class=\"elementor-gallery-item__overlay\"><\/div>\n\t\t\t\t\t\t\t\t\t\t\t\t\t\t<\/a>\n\t\t\t\t\t\t\t<a class=\"e-gallery-item elementor-gallery-item elementor-animated-content\" href=\"https:\/\/bucurestizoo.ro\/wp-content\/uploads\/2025\/02\/urs-brun-1-scaled-e1739369290989.jpg\" data-elementor-open-lightbox=\"yes\" data-elementor-lightbox-slideshow=\"0892948\" data-elementor-lightbox-title=\"urs brun 1\" data-e-action-hash=\"#elementor-action%3Aaction%3Dlightbox%26settings%3DeyJpZCI6MTMyNTUsInVybCI6Imh0dHBzOlwvXC9idWN1cmVzdGl6b28ucm9cL3dwLWNvbnRlbnRcL3VwbG9hZHNcLzIwMjVcLzAyXC91cnMtYnJ1bi0xLXNjYWxlZC1lMTczOTM2OTI5MDk4OS5qcGciLCJzbGlkZXNob3ciOiIwODkyOTQ4In0%3D\">\n\t\t\t\t\t<div class=\"e-gallery-image elementor-gallery-item__image\" data-thumbnail=\"https:\/\/bucurestizoo.ro\/wp-content\/uploads\/2025\/02\/urs-brun-1-scaled-e1739369290989-1024x643.jpg\" data-width=\"847\" data-height=\"532\" aria-label=\"\" role=\"img\" ><\/div>\n\t\t\t\t\t\t\t\t\t\t\t<div class=\"elementor-gallery-item__overlay\"><\/div>\n\t\t\t\t\t\t\t\t\t\t\t\t\t\t<\/a>\n\t\t\t\t\t<\/div>\n\t\t\t\t\t<\/div>\n\t\t\t\t<\/div>\n\t\t\t\t\t<\/div>\n\t\t\t\t<\/div>\n\t\t<div class=\"elementor-element elementor-element-ea64729 animated-slow e-flex e-con-boxed elementor-invisible e-con e-parent\" data-id=\"ea64729\" data-element_type=\"container\" data-e-type=\"container\" data-settings=\"{&quot;animation&quot;:&quot;fadeInRight&quot;}\">\n\t\t\t\t\t<div class=\"e-con-inner\">\n\t\t\t\t<div class=\"elementor-element elementor-element-756e029 elementor-widget elementor-widget-heading\" data-id=\"756e029\" data-element_type=\"widget\" data-e-type=\"widget\" data-widget_type=\"heading.default\">\n\t\t\t\t<div class=\"elementor-widget-container\">\n\t\t\t\t\t<h1 class=\"elementor-heading-title elementor-size-default\">Habitat:<\/h1>\t\t\t\t<\/div>\n\t\t\t\t<\/div>\n\t\t\t\t<div class=\"elementor-element elementor-element-334c0bd elementor-widget elementor-widget-text-editor\" data-id=\"334c0bd\" data-element_type=\"widget\" data-e-type=\"widget\" data-widget_type=\"text-editor.default\">\n\t\t\t\t<div class=\"elementor-widget-container\">\n\t\t\t\t\t\t\t\t\t<p>P\u0103duri, tundre, mun\u021bi. Ursul brun mai este r\u0103sp\u00e2ndit de asemenea, \u00een America de Nord (Alaska, Canada), c\u00e2t \u0219i \u00een Rusia, unde exist\u0103 cea mai mare popula\u021bie (120.000). \u00cen afara Rom\u00e2niei, \u00een Europa se mai g\u0103sesc efective \u00een Scandinavia, Polonia, Cehia \u0219i Slovacia, c\u00e2t \u0219i \u00een Fran\u021ba sau Spania (\u00een Mun\u021bii Pirinei). Aici num\u0103rul de ur\u0219i bruni este foarte redus \u2013 doar c\u00e2teva zeci de exemplare. \u00cen Insulele Britani ce a disp\u0103rut. \u00cen Europa exist\u0103 14.000 de ur\u0219i bruni \u00een zece \u021b\u0103ri. Se estimeaz\u0103 c\u0103 au mai r\u0103mas doar 20-25 de animale \u00een Mun\u021bii Pirinei, pe o por\u021biune cuprins\u0103 \u00eentre Fran\u021ba, Spania \u0219i Andorra, \u0219i \u00een jur de 85-90 de animale \u00een Asturia, Cantabria, Gali\u021bia \u0219i Leon. \u00cen Bulgaria exist\u0103 o popula\u021bie de 900-1.200 de exemplare, \u00een Slovacia num\u0103rul ur\u0219ilor este estimat la 600-800 de animale, \u00een Slovenia sunt \u00een jur de 500-700 \u0219i \u00een Grecia au mai r\u0103mas aproximativ 200 de ur\u0219i. Nordul Europei este habitatul unei popula\u021bii \u00eensemnate de ur\u0219i, cu 2.500 de animale \u00een Suedia, \u00een jur de 1.600 \u00een Finlanda, circa 700 \u00een Estonia \u0219i 70 de ur\u0219i \u00een Norvegia. \u00cen Rom\u00e2nia, ursul brun se g\u0103se\u0219te din cele mai vechi timpuri. P\u00e2n\u0103 \u00een prima jum\u0103tate a sec. XIX se g\u0103sea \u00een \u00eentreaga \u021bar\u0103, din Delta Dun\u0103rii p\u00e2n\u0103 \u00een Carpa\u021bi. Din p\u0103cate, a fost exterminat din zonele de c\u00e2mpie, pentru a nu \u00eempiedica agricultura extensiv\u0103 \u0219i cre\u0219terea extensiv\u0103 a vitelor, pescuitul extensiv \u0219i alte practici similare din secolul XIX.<\/p>\t\t\t\t\t\t\t\t<\/div>\n\t\t\t\t<\/div>\n\t\t\t\t\t<\/div>\n\t\t\t\t<\/div>\n\t\t<div class=\"elementor-element elementor-element-940faab e-grid e-con-boxed e-con e-parent\" data-id=\"940faab\" data-element_type=\"container\" data-e-type=\"container\">\n\t\t\t\t\t<div class=\"e-con-inner\">\n\t\t<div class=\"elementor-element elementor-element-6e80784 e-con-full animated-slow e-flex elementor-invisible e-con e-child\" data-id=\"6e80784\" data-element_type=\"container\" data-e-type=\"container\" data-settings=\"{&quot;animation&quot;:&quot;fadeInLeft&quot;}\">\n\t\t\t\t<div class=\"elementor-element elementor-element-c7fdd80 elementor-widget elementor-widget-heading\" data-id=\"c7fdd80\" data-element_type=\"widget\" data-e-type=\"widget\" data-widget_type=\"heading.default\">\n\t\t\t\t<div class=\"elementor-widget-container\">\n\t\t\t\t\t<h1 class=\"elementor-heading-title elementor-size-default\">Hran\u0103:<\/h1>\t\t\t\t<\/div>\n\t\t\t\t<\/div>\n\t\t\t\t<div class=\"elementor-element elementor-element-47d3588 elementor-widget elementor-widget-text-editor\" data-id=\"47d3588\" data-element_type=\"widget\" data-e-type=\"widget\" data-widget_type=\"text-editor.default\">\n\t\t\t\t<div class=\"elementor-widget-container\">\n\t\t\t\t\t\t\t\t\t<p>Omnivor \u2013 fructe, r\u0103d\u0103cini, insecte, pe\u0219te, mamifere mici \u0219i mari. Ursul brun \u00een tinere\u021be se hr\u0103ne\u0219te cu ghida, jir, mere p\u0103dure\u021be, zmeur\u0103, afine, miere de albine, iarb\u0103 fraged\u0103, ov\u0103z porumb necopt, diferite r\u0103d\u0103cini. C\u0103tre b\u0103tr\u00e2ne\u021be, ursul brun se hr\u0103ne\u0219te cu oi, pe\u0219ti, p\u0103s\u0103ri \u0219i ou\u0103le acestora, iar la nevoie cu cadavre care n-au intrat \u00een putrefac\u021bie.<\/p>\t\t\t\t\t\t\t\t<\/div>\n\t\t\t\t<\/div>\n\t\t\t\t<\/div>\n\t\t<div class=\"elementor-element elementor-element-087346f e-con-full animated-slow e-flex elementor-invisible e-con e-child\" data-id=\"087346f\" data-element_type=\"container\" data-e-type=\"container\" data-settings=\"{&quot;animation&quot;:&quot;fadeInRight&quot;}\">\n\t\t\t\t<div class=\"elementor-element elementor-element-a2e9fe3 elementor-widget elementor-widget-heading\" data-id=\"a2e9fe3\" data-element_type=\"widget\" data-e-type=\"widget\" data-widget_type=\"heading.default\">\n\t\t\t\t<div class=\"elementor-widget-container\">\n\t\t\t\t\t<h1 class=\"elementor-heading-title elementor-size-default\">Conservare:<\/h1>\t\t\t\t<\/div>\n\t\t\t\t<\/div>\n\t\t\t\t<div class=\"elementor-element elementor-element-17e3c57 elementor-widget elementor-widget-text-editor\" data-id=\"17e3c57\" data-element_type=\"widget\" data-e-type=\"widget\" data-widget_type=\"text-editor.default\">\n\t\t\t\t<div class=\"elementor-widget-container\">\n\t\t\t\t\t\t\t\t\t<p>Popula\u021biile sunt stabile \u00een multe regiuni, dar sunt amenin\u021bate de distrugerea habitatului \u0219i braconaj. Ac\u021biunile de conservare a ur\u0219ilor bruni variaz\u0103 foarte mult, \u00een func\u021bie de regiuni. Popula\u021biile mari din aceast\u0103 specie (\u00een Rusia, Japonia, Canada, Alaska \u0219i p\u0103r\u021bi din estul \u0219i nordul Europei) sunt v\u00e2nate \u00een mod legal \u0219i astfel sunt incluse \u00een categoria animalor pentru v\u00e2n\u0103toare. Normele de v\u00e2n\u0103toare, concepute \u00een mod obi\u0219nuit pentru a asigura o recolt\u0103 durabil\u0103 de ur\u0219i, variaz\u0103 \u00een func\u021bie de zone, dar implic\u0103 adesea o loterie pentru un num\u0103r limitat de permise (un sistem de cote) \u0219i o lungime limitat\u0103 a sezonului. Astfel popula\u021biile de ur\u0219i sunt sub un control strict.<\/p>\t\t\t\t\t\t\t\t<\/div>\n\t\t\t\t<\/div>\n\t\t\t\t<\/div>\n\t\t\t\t\t<\/div>\n\t\t\t\t<\/div>\n\t\t\t\t<\/div>","protected":false},"excerpt":{"rendered":"<p>Urs Brun \u2022 Denumire \u0219tiin\u021bific\u0103: Ursus arctos\u2022 Ordin: Carnivora\u2022 Familie: Ursidae\u2022 Gen: Ursus\u2022 Specie: Ursus arctos\u2022 Distribu\u021bie: America de Nord, Europa, Asia\u2022 Dimensiuni: 1,4 &#8211; 2,8 m lungime, \u00een\u0103l\u021bime la greab\u0103n 90-150 cm\u2022 Greutate: 80 &#8211; 600 kg (variaz\u0103 \u00een func\u021bie de sub-specie \u0219i sex)\u2022 Perioada de gesta\u021bie: 180 &#8211; 250 zile (implantare \u00eent\u00e2rziat\u0103)\u2022 Num\u0103r &hellip; <a href=\"https:\/\/bucurestizoo.ro\/en\/urs-brun-2\/\" class=\"more-link\">Continue reading <span class=\"screen-reader-text\">urs brun<\/span><\/a><\/p>","protected":false},"author":1,"featured_media":0,"parent":0,"menu_order":0,"comment_status":"closed","ping_status":"closed","template":"","meta":{"_monsterinsights_skip_tracking":false,"_monsterinsights_sitenote_active":false,"_monsterinsights_sitenote_note":"","_monsterinsights_sitenote_category":0,"footnotes":""},"class_list":["post-13220","page","type-page","status-publish","hentry"],"aioseo_notices":[],"_links":{"self":[{"href":"https:\/\/bucurestizoo.ro\/en\/wp-json\/wp\/v2\/pages\/13220","targetHints":{"allow":["GET"]}}],"collection":[{"href":"https:\/\/bucurestizoo.ro\/en\/wp-json\/wp\/v2\/pages"}],"about":[{"href":"https:\/\/bucurestizoo.ro\/en\/wp-json\/wp\/v2\/types\/page"}],"author":[{"embeddable":true,"href":"https:\/\/bucurestizoo.ro\/en\/wp-json\/wp\/v2\/users\/1"}],"replies":[{"embeddable":true,"href":"https:\/\/bucurestizoo.ro\/en\/wp-json\/wp\/v2\/comments?post=13220"}],"version-history":[{"count":14,"href":"https:\/\/bucurestizoo.ro\/en\/wp-json\/wp\/v2\/pages\/13220\/revisions"}],"predecessor-version":[{"id":13300,"href":"https:\/\/bucurestizoo.ro\/en\/wp-json\/wp\/v2\/pages\/13220\/revisions\/13300"}],"wp:attachment":[{"href":"https:\/\/bucurestizoo.ro\/en\/wp-json\/wp\/v2\/media?parent=13220"}],"curies":[{"name":"wp","href":"https:\/\/api.w.org\/{rel}","templated":true}]}}