{"id":13071,"date":"2025-02-01T18:20:08","date_gmt":"2025-02-01T16:20:08","guid":{"rendered":"https:\/\/n1.bucurestizoo.ro\/?page_id=13071"},"modified":"2026-02-05T09:32:09","modified_gmt":"2026-02-05T07:32:09","slug":"sna","status":"publish","type":"page","link":"https:\/\/bucurestizoo.ro\/en\/sna\/","title":{"rendered":"N.A.S"},"content":{"rendered":"<div data-elementor-type=\"wp-page\" data-elementor-id=\"13071\" class=\"elementor elementor-13071\" data-elementor-post-type=\"page\">\n\t\t\t\t<div class=\"elementor-element elementor-element-5c2c7fd e-flex e-con-boxed e-con e-parent\" data-id=\"5c2c7fd\" data-element_type=\"container\" data-e-type=\"container\">\n\t\t\t\t\t<div class=\"e-con-inner\">\n\t\t\t\t<div class=\"elementor-element elementor-element-f1a136a elementor-widget elementor-widget-text-editor\" data-id=\"f1a136a\" data-element_type=\"widget\" data-e-type=\"widget\" data-widget_type=\"text-editor.default\">\n\t\t\t\t<div class=\"elementor-widget-container\">\n\t\t\t\t\t\t\t\t\t<p><strong>Strategia Na\u021bional\u0103 Anticorup\u021bie (SNA)<\/strong><\/p><ul><li>Declara\u021bie asumare agend\u0103 de integritate &#8211; <strong><a href=\"\/wp-content\/uploads\/2025\/01\/Declaratie-privind-asumarea-agendei-de-integritate-organizationala-in-coordonatele-SNA-2021_2025.pdf\">click aici<\/a><\/strong><\/li><li>Informa\u021bii pentru angaja\u021bii AGZ privind aplicarea Legii 361\/2022 &#8211; <strong><a href=\"\/wp-content\/uploads\/2025\/07\/Informatii-pentru-angajatii-AGZ-privind-aplicarea-L-361_2022.pdf\">click aici<\/a><\/strong><\/li><li>Plan de integritate &#8211; <strong><a href=\"\/wp-content\/uploads\/2025\/01\/Plan-de-integritate_Gradina-Zoologica-Bucuresti.pdf\">click aici<\/a><\/strong><\/li><li>Formular de raportare inc\u0103lc\u0103ri ale legii &#8211; <strong><a href=\"\/wp-content\/uploads\/2026\/01\/Formular-RAPORTARE-INCALCARI-ALE-LEGII.pdf\">click aici<\/a><\/strong><\/li><li>Lista cu bunurile primite cu titlu gratuit \u00een activit\u0103\u021bi de protocol 2025 &#8211; <strong><a href=\"\/wp-content\/uploads\/2026\/01\/Lista-cu-bunurile-primite-cu-titlu-gratuit-in-activitati-de-protocol-2025.pdf\">click aici<\/a><\/strong><\/li><li>Raport privind respectarea normelor de conduit\u0103 &#8211; 2025 &#8211; <strong><a href=\"\/wp-content\/uploads\/2026\/02\/Raport-privind-respectarea-normelor-de-conduita-2025.pdf\">click aici<\/a><\/strong><\/li><li>Raport privind respectarea normelor de conduit\u0103 &#8211; 2024 &#8211; <strong><a href=\"\/wp-content\/uploads\/2025\/04\/Raport-2024-AGZ_respectare-norme-conduita.pdf\">click aici<\/a><\/strong><\/li><li>Raport implementare SNA &#8211; 2024 &#8211; <strong><a href=\"\/wp-content\/uploads\/2025\/03\/Raport-narativ-implementare-SNA-2024.pdf\">click aici<\/a><\/strong><\/li><li>Raport implementare SNA &#8211; 2023 &#8211; <strong><a href=\"\/wp-content\/uploads\/2025\/04\/Raport-implementare-SNA-2023.pdf\">click aici<\/a><\/strong><\/li><li>Raport implementare SNA &#8211; 2022 &#8211; <strong><a href=\"\/wp-content\/uploads\/2025\/04\/Raport-implementare-SNA-2022.pdf\">click aici<\/a><\/strong><\/li><\/ul>\t\t\t\t\t\t\t\t<\/div>\n\t\t\t\t<\/div>\n\t\t\t\t\t<\/div>\n\t\t\t\t<\/div>\n\t\t\t\t<\/div>","protected":false},"excerpt":{"rendered":"<p>Strategia Na\u021bional\u0103 Anticorup\u021bie (SNA) Declara\u021bie asumare agend\u0103 de integritate &#8211; click aici Informa\u021bii pentru angaja\u021bii AGZ privind aplicarea Legii 361\/2022 &#8211; click aici Plan de integritate &#8211; click aici Formular de raportare inc\u0103lc\u0103ri ale legii &#8211; click aici Lista cu bunurile primite cu titlu gratuit \u00een activit\u0103\u021bi de protocol 2025 &#8211; click aici Raport privind &hellip; <a href=\"https:\/\/bucurestizoo.ro\/en\/sna\/\" class=\"more-link\">Continue reading <span class=\"screen-reader-text\">N.A.S<\/span><\/a><\/p>","protected":false},"author":1,"featured_media":0,"parent":0,"menu_order":0,"comment_status":"closed","ping_status":"closed","template":"","meta":{"_monsterinsights_skip_tracking":false,"_monsterinsights_sitenote_active":false,"_monsterinsights_sitenote_note":"","_monsterinsights_sitenote_category":0,"footnotes":""},"class_list":["post-13071","page","type-page","status-publish","hentry"],"aioseo_notices":[],"_links":{"self":[{"href":"https:\/\/bucurestizoo.ro\/en\/wp-json\/wp\/v2\/pages\/13071","targetHints":{"allow":["GET"]}}],"collection":[{"href":"https:\/\/bucurestizoo.ro\/en\/wp-json\/wp\/v2\/pages"}],"about":[{"href":"https:\/\/bucurestizoo.ro\/en\/wp-json\/wp\/v2\/types\/page"}],"author":[{"embeddable":true,"href":"https:\/\/bucurestizoo.ro\/en\/wp-json\/wp\/v2\/users\/1"}],"replies":[{"embeddable":true,"href":"https:\/\/bucurestizoo.ro\/en\/wp-json\/wp\/v2\/comments?post=13071"}],"version-history":[{"count":55,"href":"https:\/\/bucurestizoo.ro\/en\/wp-json\/wp\/v2\/pages\/13071\/revisions"}],"predecessor-version":[{"id":16336,"href":"https:\/\/bucurestizoo.ro\/en\/wp-json\/wp\/v2\/pages\/13071\/revisions\/16336"}],"wp:attachment":[{"href":"https:\/\/bucurestizoo.ro\/en\/wp-json\/wp\/v2\/media?parent=13071"}],"curies":[{"name":"wp","href":"https:\/\/api.w.org\/{rel}","templated":true}]}}