{"id":13059,"date":"2025-01-21T18:42:41","date_gmt":"2025-01-21T16:42:41","guid":{"rendered":"https:\/\/n1.bucurestizoo.ro\/?page_id=13059"},"modified":"2026-02-20T14:21:42","modified_gmt":"2026-02-20T12:21:42","slug":"solicitare-informatii","status":"publish","type":"page","link":"https:\/\/bucurestizoo.ro\/en\/solicitare-informatii\/","title":{"rendered":"Request information"},"content":{"rendered":"<div data-elementor-type=\"wp-page\" data-elementor-id=\"13059\" class=\"elementor elementor-13059\" data-elementor-post-type=\"page\">\n\t\t\t\t<div class=\"elementor-element elementor-element-4c0bfbf e-flex e-con-boxed e-con e-parent\" data-id=\"4c0bfbf\" data-element_type=\"container\" data-e-type=\"container\">\n\t\t\t\t\t<div class=\"e-con-inner\">\n\t\t\t\t<div class=\"elementor-element elementor-element-e356456 elementor-widget elementor-widget-text-editor\" data-id=\"e356456\" data-element_type=\"widget\" data-e-type=\"widget\" data-widget_type=\"text-editor.default\">\n\t\t\t\t<div class=\"elementor-widget-container\">\n\t\t\t\t\t\t\t\t\t<h1>I. Solicitare informa\u0163ii de interes public<\/h1><p>Solicit\u0103ri Informa\u0163ii de interes public conform legii nr. 544 \/2001<\/p><p>Persoanele responsabile pentru aplicarea Legii nr. 544\/2001 din cadrul AGZ:<\/p><p>Insp. Specialitate IA \u2013 Maria VANU<\/p><p>Telefon: 021.269.06.00, E-mail: contact@bucurestizoo.ro<\/p><p>Program de func\u0163ionare pentru solicitarea de informa\u021bii: Luni-Vineri: 07:00-15.00<\/p><p><strong>Legisla\u0163ie:<\/strong><\/p><ol><li><a href=\"http:\/\/doc.pmb.ro\/institutii\/primaria\/legea_544\/docs\/Legea544-2001.pdf\"> Legea nr. 544\/2001 privind liberul acces la informa\u0163iile de interes public, modificat\u0103<\/a><\/li><\/ol><p>Forma actualizat\u0103 a Legii nr. 544\/2001 se reg\u0103se\u015fte \u015fi la adresa:<\/p><p><a href=\"http:\/\/legislatie.just.ro\/Public\/DetaliiDocument\/31413\">http:\/\/legislatie.just.ro\/Public\/DetaliiDocument\/31413<\/a><\/p><p>2. <a href=\"http:\/\/doc.pmb.ro\/institutii\/primaria\/legea_544\/docs\/Norme-de-aplicare-a-Legii544-2001.pdf\">Norme metodologice de aplicare ale Legii nr. 544\/2001-actualizate \u00een urma modific\u0103rilor din luna iulie 2016<\/a><\/p><p>Forma actualizat\u0103 a normelor metodologice se reg\u0103se\u015fte \u015fi la adresa:<\/p><p><a href=\"http:\/\/legislatie.just.ro\/Public\/DetaliiDocumentAfis\/179996\">http:\/\/legislatie.just.ro\/Public\/DetaliiDocumentAfis\/179996<\/a><\/p><p><strong>Documente utile:<\/strong><\/p><ol><li>Formula\u0163i o solicitare \u00een baza Legii nr. 544\/2001 &#8211; <a href=\"\/wp-content\/uploads\/2025\/01\/Cerere-solicitare-informatii-de-interes-public.pdf\">Model de cerere<\/a><\/li><\/ol><p>Dac\u0103 dori\u0163i s\u0103 trimite\u0163i prin po\u015ft\u0103 cererea \/ reclama\u0163ia, pute\u0163i lista documentul-tip.<\/p><p>Modalit\u0103\u021bi de contestare ale deciziilor:<\/p><p>\u00een cazul \u00een care o persoan\u0103 consider\u0103 c\u0103 dreptul s\u0103u privind accesul la informa\u021biile de interes public a fost \u00eenc\u0103lcat, aceasta se poate adresa cu reclama\u021bie administrativ\u0103 conduc\u0103torului autorit\u0103\u021bii sau institu\u021biei publice c\u0103reia i-a fost solicitat\u0103 informa\u021bia, \u00een conformitate cu prevederile art. 21 alin. (2) din Legea nr. 544\/2001 privind liberul acces la informa\u021biile de interes public, cu modific\u0103rile \u0219i complet\u0103rile ulterioare, precum \u0219i ale art. 32-34 din H.G. nr. 123\/2002 pentru aprobarea Normelor metodologice de aplicare a Legii nr. 544\/2001 privind liberul acces la informa\u021biile de interes public. Modele de reclama\u021bii administrative se g\u0103sesc la anexele 2 a) si 2 b) ale Normelor metodologice.<\/p><p>De asemenea, \u00een cazul \u00een care solicitantul se consider\u0103 v\u0103t\u0103mat \u00een drepturile sale prev\u0103zute de lege, poate depune pl\u00e2ngere la sec\u021bia de contencios administrativ a tribunalului \u00een a c\u0103rei raz\u0103 teritorial\u0103 domiciliaz\u0103 sau \u00een a c\u0103rei raz\u0103 teritorial\u0103 se afl\u0103 sediul institu\u021biei sau autorit\u0103\u021bii publice, a\u0219a cum prevede art. 22 alin. (1) din Legea nr, 544\/2001, cu modific\u0103rile \u0219i complet\u0103rile ulterioare, \u0219i art. 36 din H.G. nr. 123\/2002.<\/p><p>Reclamatie administrativa 1 &#8211; <strong><a href=\"\/wp-content\/uploads\/2025\/04\/Reclamatie-administrativa-1.doc\">click aici<\/a><\/strong><\/p><p>Reclamatie administartiva 2 &#8211; <strong><a href=\"\/wp-content\/uploads\/2025\/04\/Reclamatie-administrativa-2.doc\">click aici<\/a><\/strong><\/p><p><strong>Rapoarte privind implementarea Legii nr. 544\/2001<\/strong><\/p><p>Raport de evaluare &#8211; 2025 &#8211; <strong><a href=\"\/wp-content\/uploads\/2026\/02\/Raport-Evaluare-L.544_2001-AGZ_2025.pdf\">click aici<\/a><\/strong><\/p><p>Raport de evaluare &#8211; 2024 &#8211; <strong><a href=\"\/wp-content\/uploads\/2025\/04\/RAPORT-EVALUARE-2024.pdf\">click aici<\/a><\/strong><\/p><p>Raport de evaluare &#8211; 2023 &#8211; <strong><a href=\"\/wp-content\/uploads\/2025\/04\/RAPORT-EVALUARE-2023.pdf\">click aici<\/a><\/strong><\/p><h4>Buletin informativ &#8211; <a href=\"\/wp-content\/uploads\/2025\/04\/Buletin-Informativ_2024.pdf\">click aici<\/a><\/h4><h1>II. Peti\u021bii<\/h1><p>Adresa de email &#8211; contact@bucurestizoo.ro<\/p><p>Formular pentru peti\u021bii &#8211;\u00a0<a href=\"\/wp-content\/uploads\/2025\/10\/formular-petitii_format-pdf.pdf\">click aici<\/a><\/p><h1>III. Persoana \u00een rela\u021bia cu presa<\/h1><p>Insp. Specialitate IA \u2013 Maria VANU<\/p><p>Telefon: 021.269.06.00, E-mail: contact@bucurestizoo.ro<\/p><p>Program : Luni-Vineri: 07:00-15:00<\/p>\t\t\t\t\t\t\t\t<\/div>\n\t\t\t\t<\/div>\n\t\t\t\t\t<\/div>\n\t\t\t\t<\/div>\n\t\t\t\t<\/div>","protected":false},"excerpt":{"rendered":"<p>I. Solicitare informa\u0163ii de interes public Solicit\u0103ri Informa\u0163ii de interes public conform legii nr. 544 \/2001 Persoanele responsabile pentru aplicarea Legii nr. 544\/2001 din cadrul AGZ: Insp. Specialitate IA \u2013 Maria VANU Telefon: 021.269.06.00, E-mail: contact@bucurestizoo.ro Program de func\u0163ionare pentru solicitarea de informa\u021bii: Luni-Vineri: 07:00-15.00 Legisla\u0163ie: Legea nr. 544\/2001 privind liberul acces la informa\u0163iile de &hellip; <a href=\"https:\/\/bucurestizoo.ro\/en\/solicitare-informatii\/\" class=\"more-link\">Continue reading <span class=\"screen-reader-text\">Request information<\/span><\/a><\/p>","protected":false},"author":1,"featured_media":0,"parent":0,"menu_order":0,"comment_status":"closed","ping_status":"closed","template":"","meta":{"_monsterinsights_skip_tracking":false,"_monsterinsights_sitenote_active":false,"_monsterinsights_sitenote_note":"","_monsterinsights_sitenote_category":0,"footnotes":""},"class_list":["post-13059","page","type-page","status-publish","hentry"],"aioseo_notices":[],"_links":{"self":[{"href":"https:\/\/bucurestizoo.ro\/en\/wp-json\/wp\/v2\/pages\/13059","targetHints":{"allow":["GET"]}}],"collection":[{"href":"https:\/\/bucurestizoo.ro\/en\/wp-json\/wp\/v2\/pages"}],"about":[{"href":"https:\/\/bucurestizoo.ro\/en\/wp-json\/wp\/v2\/types\/page"}],"author":[{"embeddable":true,"href":"https:\/\/bucurestizoo.ro\/en\/wp-json\/wp\/v2\/users\/1"}],"replies":[{"embeddable":true,"href":"https:\/\/bucurestizoo.ro\/en\/wp-json\/wp\/v2\/comments?post=13059"}],"version-history":[{"count":56,"href":"https:\/\/bucurestizoo.ro\/en\/wp-json\/wp\/v2\/pages\/13059\/revisions"}],"predecessor-version":[{"id":16420,"href":"https:\/\/bucurestizoo.ro\/en\/wp-json\/wp\/v2\/pages\/13059\/revisions\/16420"}],"wp:attachment":[{"href":"https:\/\/bucurestizoo.ro\/en\/wp-json\/wp\/v2\/media?parent=13059"}],"curies":[{"name":"wp","href":"https:\/\/api.w.org\/{rel}","templated":true}]}}