{"id":12840,"date":"2025-01-14T18:51:46","date_gmt":"2025-01-14T16:51:46","guid":{"rendered":"https:\/\/n1.bucurestizoo.ro\/?page_id=12840"},"modified":"2025-01-14T19:08:24","modified_gmt":"2025-01-14T17:08:24","slug":"un-oportunist-cu-nasul-pe-sus","status":"publish","type":"page","link":"https:\/\/bucurestizoo.ro\/en\/un-oportunist-cu-nasul-pe-sus\/","title":{"rendered":"Un \u201eoportunist\u201d cu nasul pe sus!"},"content":{"rendered":"<figure class=\"wp-block-image size-large\"><img fetchpriority=\"high\" decoding=\"async\" width=\"1024\" height=\"576\" src=\"https:\/\/bucurestizoo.ro\/wp-content\/uploads\/2025\/01\/Un-\u201eoportunist-cu-nasul-pe-sus-1-1024x576.jpg\" alt=\"\" class=\"wp-image-12880\" srcset=\"https:\/\/bucurestizoo.ro\/wp-content\/uploads\/2025\/01\/Un-\u201eoportunist-cu-nasul-pe-sus-1-1024x576.jpg 1024w, https:\/\/bucurestizoo.ro\/wp-content\/uploads\/2025\/01\/Un-\u201eoportunist-cu-nasul-pe-sus-1-300x169.jpg 300w, https:\/\/bucurestizoo.ro\/wp-content\/uploads\/2025\/01\/Un-\u201eoportunist-cu-nasul-pe-sus-1-768x432.jpg 768w, https:\/\/bucurestizoo.ro\/wp-content\/uploads\/2025\/01\/Un-\u201eoportunist-cu-nasul-pe-sus-1-520x293.jpg 520w, https:\/\/bucurestizoo.ro\/wp-content\/uploads\/2025\/01\/Un-\u201eoportunist-cu-nasul-pe-sus-1-650x366.jpg 650w, https:\/\/bucurestizoo.ro\/wp-content\/uploads\/2025\/01\/Un-\u201eoportunist-cu-nasul-pe-sus-1.jpg 1080w\" sizes=\"(max-width: 1024px) 100vw, 1024px\" \/><\/figure>\n\n\n\n<p>Dinamic \u0219i juc\u0103u\u0219, diurn prin excelen\u021b\u0103, Coati este un mamifer omnivor, deloc mofturos \u00een ceea ce prive\u0219te consumul de mici nevertebrate, larve, ou\u0103 de p\u0103s\u0103ri sau frunze \u0219i fructe.<br>Dac\u0103 vre\u021bi s\u0103 \u00eel admira\u021bi \u00een adev\u0103rata sa splendoare, v\u0103 a\u0219tept\u0103m \u00een fiecare zi la Gr\u0103dina Zoologic\u0103 din Bucure\u0219ti. Altfel, habitatul s\u0103u natural acoper\u0103 zone \u00eentinse din continentul Nord American p\u00e2n\u0103 \u00een America Central\u0103 \u0219i de Sud.<br>Aspectul s\u0103u aduce cu bursucul sau ratonul, corpul este acoperit cu o blan\u0103 deas\u0103, \u00een nuan\u021be bl\u00e2nde de maro, brun ro\u0219cat, maroniu sau chiar negru, cu o coad\u0103 lung\u0103 pe care o folose\u0219te la men\u021binerea echilibrului, atunci c\u00e2nd se deplaseaz\u0103 cu mare gra\u021bie dintr-un copac \u00een altul. Pe p\u0103m\u00e2nt coboar\u0103 atunci c\u00e2nd se afl\u0103 \u00een c\u0103utare unor \u201edelicii culinare\u201d, dealtfel este foarte agil, mi\u0219c\u00e2ndu-se cu mare vitez\u0103 at\u00e2t pe sol, c\u00e2t \u0219i la \u00een\u0103l\u021bime.<br>Ceea ce \u00eel face u\u0219or de recunoscut este botul alungit, cu n\u0103ri proeminente, pe care \u00eel utilizeaz\u0103 de multe ori \u0219i pentru a s\u0103pa dup\u0103 hran\u0103. Are un miros foarte bine dezvoltat, sim\u021bind de la mare distan\u021b\u0103 prada sau pr\u0103d\u0103torul, \u00een acest caz feline \u0219i p\u0103s\u0103ri de talie mare, sau \u0219erpii boa. Greutatea unui exemplar variaz\u0103 \u00eentre 3,5 \u0219i 6 sau chiar 7 kg, corpul atinge circa 670 mm iar coada 690 mm.<br>Si dac\u0103 v\u0103 \u00eentreba\u021bi de ce l-am numit \u201eoportunist\u201d, inten\u021bia nu a fost una de a-i asocia o atitudine ireveren\u021bioas\u0103, ci, mai degrab\u0103 de a-l gratula pentru capacitatea de a se orienta \u00een g\u0103sirea celor mai bune surse de hran\u0103, dar \u0219i felul \u00een care simte \u0219i evit\u0103 pericolele. Pe scurt, este un adev\u0103rat \u201edescurc\u0103re\u021b\u201dal lumii animalelor!<br>Masculii care ating maturitatea sexual\u0103 prefer\u0103 un trai solitar, \u00een schimb femelele tr\u0103iesc \u00een grupuri numeroase cu pui de diferite genera\u021bii. Dealtfel, \u201edoamnele\u201d Coati sunt foarte vigilente, protej\u00e2nd tinerele genera\u021bii at\u00e2t fa\u021b\u0103 de pr\u0103d\u0103torii naturali \u0219i pericole ce apar la fiecare pas, la \u00een\u0103l\u021bimea vegeta\u021biei luxuriante, c\u00e2t \u0219i fa\u021b\u0103 de pretenden\u021bii tulbura\u021bi de v\u00e2rtejul hormonal al perioadei de \u00eemperechere, ace\u0219tia practic \u00ee\u0219i m\u0103n\u00e2nc\u0103 puii pentru a for\u021ba femelele s\u0103 intre rapid \u00een c\u0103lduri. Familiile de Coati sunt destul de zgomotoase, mamele comunic\u0103 permanent cu tinerele genera\u021bii printr-o serie de sunete cu tonalit\u0103\u021bi variate, fapt ce demonstreaz\u0103 un limbaj destul de complex \u0219i implicit un nivel ridicat de inteligen\u021b\u0103.<br>Din p\u0103cate, datorit\u0103 aspectul simpatic \u0219i jovial, dar \u0219i al unei atitudini mai pu\u021bin responsabile a omului, se afl\u0103 pe lista scurt\u0103 a preferin\u021belor \u00een materie de animale de companie. Adev\u0103rul este c\u0103 sunt foarte dificil de \u00eembl\u00e2nzit, fiind destul de imprevizibile ca reac\u021bii, agresive \u0219i foarte energice. Nu este un bun partener de joac\u0103 pentru copii \u0219i nu agreeaz\u0103 compania omului, \u00een ciuda aspectului aparent inofensiv.<br>Num\u0103rul de exemplare scade vertiginos datorit\u0103 defri\u0219\u0103rilor masive, extinderii agriculturii \u00een zonele p\u0103durilor tropicale, a v\u00e2n\u0103torii \u0219i a faptului c\u0103 interac\u021biunea cu omul, de multe ori \u00eenclin\u0103 balan\u021ba nefavorabil pentru Coati.<br>Pentru a afla mai multe despre aceast\u0103 minunat\u0103 specie \u0219i pentru a-i observa gra\u021bia \u0219i \u00eendem\u00e2narea cu care sfideaz\u0103 gravita\u021bia, atunci c\u00e2nd are chef de pu\u021bin\u0103 mi\u0219care, v\u0103 a\u0219tept\u0103m la Zoo!<\/p>\n\n\n\n<figure class=\"wp-block-gallery has-nested-images columns-default is-cropped wp-block-gallery-1 is-layout-flex wp-block-gallery-is-layout-flex\">\n<figure class=\"wp-block-image size-large\"><img decoding=\"async\" width=\"1024\" height=\"576\" data-id=\"12885\" src=\"https:\/\/bucurestizoo.ro\/wp-content\/uploads\/2025\/01\/5coati-1024x576.jpg\" alt=\"\" class=\"wp-image-12885\" srcset=\"https:\/\/bucurestizoo.ro\/wp-content\/uploads\/2025\/01\/5coati-1024x576.jpg 1024w, https:\/\/bucurestizoo.ro\/wp-content\/uploads\/2025\/01\/5coati-300x169.jpg 300w, https:\/\/bucurestizoo.ro\/wp-content\/uploads\/2025\/01\/5coati-768x432.jpg 768w, https:\/\/bucurestizoo.ro\/wp-content\/uploads\/2025\/01\/5coati-520x293.jpg 520w, https:\/\/bucurestizoo.ro\/wp-content\/uploads\/2025\/01\/5coati-650x366.jpg 650w, https:\/\/bucurestizoo.ro\/wp-content\/uploads\/2025\/01\/5coati.jpg 1080w\" sizes=\"(max-width: 1024px) 100vw, 1024px\" \/><\/figure>\n\n\n\n<figure class=\"wp-block-image size-large\"><img decoding=\"async\" width=\"1024\" height=\"576\" data-id=\"12884\" src=\"https:\/\/bucurestizoo.ro\/wp-content\/uploads\/2025\/01\/4coati-1024x576.jpg\" alt=\"\" class=\"wp-image-12884\" srcset=\"https:\/\/bucurestizoo.ro\/wp-content\/uploads\/2025\/01\/4coati-1024x576.jpg 1024w, https:\/\/bucurestizoo.ro\/wp-content\/uploads\/2025\/01\/4coati-300x169.jpg 300w, https:\/\/bucurestizoo.ro\/wp-content\/uploads\/2025\/01\/4coati-768x432.jpg 768w, https:\/\/bucurestizoo.ro\/wp-content\/uploads\/2025\/01\/4coati-520x293.jpg 520w, https:\/\/bucurestizoo.ro\/wp-content\/uploads\/2025\/01\/4coati-650x366.jpg 650w, https:\/\/bucurestizoo.ro\/wp-content\/uploads\/2025\/01\/4coati.jpg 1080w\" sizes=\"(max-width: 1024px) 100vw, 1024px\" \/><\/figure>\n\n\n\n<figure class=\"wp-block-image size-large\"><img loading=\"lazy\" decoding=\"async\" width=\"1024\" height=\"576\" data-id=\"12883\" src=\"https:\/\/bucurestizoo.ro\/wp-content\/uploads\/2025\/01\/3coati-1024x576.jpg\" alt=\"\" class=\"wp-image-12883\" srcset=\"https:\/\/bucurestizoo.ro\/wp-content\/uploads\/2025\/01\/3coati-1024x576.jpg 1024w, https:\/\/bucurestizoo.ro\/wp-content\/uploads\/2025\/01\/3coati-300x169.jpg 300w, https:\/\/bucurestizoo.ro\/wp-content\/uploads\/2025\/01\/3coati-768x432.jpg 768w, https:\/\/bucurestizoo.ro\/wp-content\/uploads\/2025\/01\/3coati-520x293.jpg 520w, https:\/\/bucurestizoo.ro\/wp-content\/uploads\/2025\/01\/3coati-650x366.jpg 650w, https:\/\/bucurestizoo.ro\/wp-content\/uploads\/2025\/01\/3coati.jpg 1080w\" sizes=\"(max-width: 1024px) 100vw, 1024px\" \/><\/figure>\n\n\n\n<figure class=\"wp-block-image size-large\"><img loading=\"lazy\" decoding=\"async\" width=\"1024\" height=\"576\" data-id=\"12882\" src=\"https:\/\/bucurestizoo.ro\/wp-content\/uploads\/2025\/01\/2coati-1024x576.jpg\" alt=\"\" class=\"wp-image-12882\" srcset=\"https:\/\/bucurestizoo.ro\/wp-content\/uploads\/2025\/01\/2coati-1024x576.jpg 1024w, https:\/\/bucurestizoo.ro\/wp-content\/uploads\/2025\/01\/2coati-300x169.jpg 300w, https:\/\/bucurestizoo.ro\/wp-content\/uploads\/2025\/01\/2coati-768x432.jpg 768w, https:\/\/bucurestizoo.ro\/wp-content\/uploads\/2025\/01\/2coati-520x293.jpg 520w, https:\/\/bucurestizoo.ro\/wp-content\/uploads\/2025\/01\/2coati-650x366.jpg 650w, https:\/\/bucurestizoo.ro\/wp-content\/uploads\/2025\/01\/2coati.jpg 1080w\" sizes=\"(max-width: 1024px) 100vw, 1024px\" \/><\/figure>\n\n\n\n<figure class=\"wp-block-image size-large\"><img loading=\"lazy\" decoding=\"async\" width=\"1024\" height=\"576\" data-id=\"12881\" src=\"https:\/\/bucurestizoo.ro\/wp-content\/uploads\/2025\/01\/1coati-1024x576.jpg\" alt=\"\" class=\"wp-image-12881\" srcset=\"https:\/\/bucurestizoo.ro\/wp-content\/uploads\/2025\/01\/1coati-1024x576.jpg 1024w, https:\/\/bucurestizoo.ro\/wp-content\/uploads\/2025\/01\/1coati-300x169.jpg 300w, https:\/\/bucurestizoo.ro\/wp-content\/uploads\/2025\/01\/1coati-768x432.jpg 768w, https:\/\/bucurestizoo.ro\/wp-content\/uploads\/2025\/01\/1coati-520x293.jpg 520w, https:\/\/bucurestizoo.ro\/wp-content\/uploads\/2025\/01\/1coati-650x366.jpg 650w, https:\/\/bucurestizoo.ro\/wp-content\/uploads\/2025\/01\/1coati.jpg 1080w\" sizes=\"(max-width: 1024px) 100vw, 1024px\" \/><\/figure>\n<\/figure>","protected":false},"excerpt":{"rendered":"<p>Dinamic \u0219i juc\u0103u\u0219, diurn prin excelen\u021b\u0103, Coati este un mamifer omnivor, deloc mofturos \u00een ceea ce prive\u0219te consumul de mici nevertebrate, larve, ou\u0103 de p\u0103s\u0103ri sau frunze \u0219i fructe.Dac\u0103 vre\u021bi s\u0103 \u00eel admira\u021bi \u00een adev\u0103rata sa splendoare, v\u0103 a\u0219tept\u0103m \u00een fiecare zi la Gr\u0103dina Zoologic\u0103 din Bucure\u0219ti. Altfel, habitatul s\u0103u natural acoper\u0103 zone \u00eentinse din &hellip; <a href=\"https:\/\/bucurestizoo.ro\/en\/un-oportunist-cu-nasul-pe-sus\/\" class=\"more-link\">Continue reading <span class=\"screen-reader-text\">Un \u201eoportunist\u201d cu nasul pe sus!<\/span><\/a><\/p>","protected":false},"author":1,"featured_media":0,"parent":0,"menu_order":0,"comment_status":"closed","ping_status":"closed","template":"","meta":{"_monsterinsights_skip_tracking":false,"_monsterinsights_sitenote_active":false,"_monsterinsights_sitenote_note":"","_monsterinsights_sitenote_category":0,"footnotes":""},"class_list":["post-12840","page","type-page","status-publish","hentry"],"aioseo_notices":[],"_links":{"self":[{"href":"https:\/\/bucurestizoo.ro\/en\/wp-json\/wp\/v2\/pages\/12840","targetHints":{"allow":["GET"]}}],"collection":[{"href":"https:\/\/bucurestizoo.ro\/en\/wp-json\/wp\/v2\/pages"}],"about":[{"href":"https:\/\/bucurestizoo.ro\/en\/wp-json\/wp\/v2\/types\/page"}],"author":[{"embeddable":true,"href":"https:\/\/bucurestizoo.ro\/en\/wp-json\/wp\/v2\/users\/1"}],"replies":[{"embeddable":true,"href":"https:\/\/bucurestizoo.ro\/en\/wp-json\/wp\/v2\/comments?post=12840"}],"version-history":[{"count":3,"href":"https:\/\/bucurestizoo.ro\/en\/wp-json\/wp\/v2\/pages\/12840\/revisions"}],"predecessor-version":[{"id":12890,"href":"https:\/\/bucurestizoo.ro\/en\/wp-json\/wp\/v2\/pages\/12840\/revisions\/12890"}],"wp:attachment":[{"href":"https:\/\/bucurestizoo.ro\/en\/wp-json\/wp\/v2\/media?parent=12840"}],"curies":[{"name":"wp","href":"https:\/\/api.w.org\/{rel}","templated":true}]}}