{"id":12839,"date":"2025-01-14T18:51:33","date_gmt":"2025-01-14T16:51:33","guid":{"rendered":"https:\/\/n1.bucurestizoo.ro\/?page_id=12839"},"modified":"2025-01-14T19:04:53","modified_gmt":"2025-01-14T17:04:53","slug":"ziua-pasarilor-migratoare","status":"publish","type":"page","link":"https:\/\/bucurestizoo.ro\/en\/ziua-pasarilor-migratoare\/","title":{"rendered":"Ziua p\u0103s\u0103rilor migratoare"},"content":{"rendered":"<figure class=\"wp-block-gallery has-nested-images columns-default is-cropped wp-block-gallery-1 is-layout-flex wp-block-gallery-is-layout-flex\">\n<figure class=\"wp-block-image size-large\"><img fetchpriority=\"high\" decoding=\"async\" width=\"1024\" height=\"341\" data-id=\"12876\" src=\"https:\/\/bucurestizoo.ro\/wp-content\/uploads\/2025\/01\/Ziua-pasarilor-migratoare-1-1024x341.jpg\" alt=\"\" class=\"wp-image-12876\" srcset=\"https:\/\/bucurestizoo.ro\/wp-content\/uploads\/2025\/01\/Ziua-pasarilor-migratoare-1-1024x341.jpg 1024w, https:\/\/bucurestizoo.ro\/wp-content\/uploads\/2025\/01\/Ziua-pasarilor-migratoare-1-300x100.jpg 300w, https:\/\/bucurestizoo.ro\/wp-content\/uploads\/2025\/01\/Ziua-pasarilor-migratoare-1-768x256.jpg 768w, https:\/\/bucurestizoo.ro\/wp-content\/uploads\/2025\/01\/Ziua-pasarilor-migratoare-1-520x173.jpg 520w, https:\/\/bucurestizoo.ro\/wp-content\/uploads\/2025\/01\/Ziua-pasarilor-migratoare-1-650x216.jpg 650w, https:\/\/bucurestizoo.ro\/wp-content\/uploads\/2025\/01\/Ziua-pasarilor-migratoare-1.jpg 1280w\" sizes=\"(max-width: 1024px) 100vw, 1024px\" \/><\/figure>\n<\/figure>\n\n\n\n<p>Ziua Mondial\u0103 a P\u0103s\u0103rilor Migratoare reune\u0219te toate campaniile interna\u021bionale de sensibilizare asupra necesitat\u0103\u021bii conserv\u0103rii p\u0103s\u0103rilor migratoare \u0219i a habitatelor acestora. Complex\u0103 prin specificul s\u0103u, ac\u021biunea urm\u0103re\u0219te s\u0103 atrag\u0103 aten\u021bia asupra amenin\u021b\u0103rilor cu care se confrunt\u0103 acestea, importan\u021ba lor ecologic\u0103 \u0219i necesitatea cooper\u0103rii interna\u021bionale pentru conservarea acestora.<br>\u00cen 2020, tema este \u201eP\u0103s\u0103rile conecteaz\u0103 lumea noastr\u0103!\u201d \u0219i a fost aleas\u0103 tocmai pentru a eviden\u021bia importan\u021ba conserv\u0103rii \u0219i restabilirii echilibrelor ecologice. Cuv\u00e2ntul cheie, \u201econectivitate\u201dcap\u0103t\u0103 o multitudine de sensuri, \u00eentr-o perioad\u0103 \u00een care, pe p\u0103m\u00e2nt au avut loc dezastre naturale ce au dat o mare lovitur\u0103 echilibrului natural \u0219i a\u0219a destul de precar, poluarea, \u00eenc\u0103lzirea global\u0103 au fost subiecte dezb\u0103tute pe toate canalele de comunicare, iar mai noua pandemie reevalueaz\u0103 priorit\u0103\u021bile \u00eentregii omeniri. \u0218i totu\u0219i natura se delimiteaz\u0103 de fr\u0103m\u00e2nt\u0103rile profunde ce ne afecteaz\u0103 via\u021ba de zi cu zi, \u00eencerc\u00e2nd cumva s\u0103 se vindece prin normalitate, urm\u00e2nd cursul firesc al lucrurilor. Asemeni \u00eentreg regnului animal care migreaz\u0103, p\u0103s\u0103rile parcurg distan\u021be impresionante de zbor, uneori peste zone mai pu\u021bin ospitaliere, aduc\u00e2nd la numitor comun habitate diverse, iar lipsa sau dispari\u021bia treptat\u0103 a acestora influen\u021beaz\u0103 deopotriv\u0103 om \u0219i animal. Impactul negativ al schimb\u0103rilor de obiceiuri naturale ale p\u0103s\u0103rilor este resim\u021bit de noi to\u021bi, tocmai de aceea importan\u021ba unei campanii de con\u0219tientizare precum cea dedicat\u0103 p\u0103s\u0103rilor migratoare este major\u0103.<br>Gr\u0103dina Zoologic\u0103 din Bucure\u0219ti sus\u021bine numeroase ac\u021biuni de educare \u0219i sensibilizare asupra importan\u021bei rolului p\u0103s\u0103rilor migratoare \u00een men\u021binerea echilibrelor ecologice, materializate \u00een programele dezvoltate \u00eempreun\u0103 cu institu\u021biile de \u00eenv\u0103\u021b\u0103m\u00e2nt. Odat\u0103 cu deschiderea por\u021bilor pentru vizitare, vom lansa o nou\u0103 serie de lec\u021bii \u00een aer liber, cu subiecte \u0219i teme legate de speciile de p\u0103s\u0103ri din colec\u021bie.<\/p>\n\n\n\n<figure class=\"wp-block-gallery has-nested-images columns-default is-cropped wp-block-gallery-2 is-layout-flex wp-block-gallery-is-layout-flex\">\n<figure class=\"wp-block-image size-large\"><img decoding=\"async\" width=\"1024\" height=\"682\" data-id=\"12877\" src=\"https:\/\/bucurestizoo.ro\/wp-content\/uploads\/2025\/01\/Ziua-pasarilor-migratoare-2-1024x682.jpg\" alt=\"\" class=\"wp-image-12877\" srcset=\"https:\/\/bucurestizoo.ro\/wp-content\/uploads\/2025\/01\/Ziua-pasarilor-migratoare-2-1024x682.jpg 1024w, https:\/\/bucurestizoo.ro\/wp-content\/uploads\/2025\/01\/Ziua-pasarilor-migratoare-2-300x200.jpg 300w, https:\/\/bucurestizoo.ro\/wp-content\/uploads\/2025\/01\/Ziua-pasarilor-migratoare-2-768x512.jpg 768w, https:\/\/bucurestizoo.ro\/wp-content\/uploads\/2025\/01\/Ziua-pasarilor-migratoare-2-450x300.jpg 450w, https:\/\/bucurestizoo.ro\/wp-content\/uploads\/2025\/01\/Ziua-pasarilor-migratoare-2-650x433.jpg 650w, https:\/\/bucurestizoo.ro\/wp-content\/uploads\/2025\/01\/Ziua-pasarilor-migratoare-2.jpg 1280w\" sizes=\"(max-width: 1024px) 100vw, 1024px\" \/><\/figure>\n<\/figure>","protected":false},"excerpt":{"rendered":"<p>Ziua Mondial\u0103 a P\u0103s\u0103rilor Migratoare reune\u0219te toate campaniile interna\u021bionale de sensibilizare asupra necesitat\u0103\u021bii conserv\u0103rii p\u0103s\u0103rilor migratoare \u0219i a habitatelor acestora. Complex\u0103 prin specificul s\u0103u, ac\u021biunea urm\u0103re\u0219te s\u0103 atrag\u0103 aten\u021bia asupra amenin\u021b\u0103rilor cu care se confrunt\u0103 acestea, importan\u021ba lor ecologic\u0103 \u0219i necesitatea cooper\u0103rii interna\u021bionale pentru conservarea acestora.\u00cen 2020, tema este \u201eP\u0103s\u0103rile conecteaz\u0103 lumea noastr\u0103!\u201d \u0219i a &hellip; <a href=\"https:\/\/bucurestizoo.ro\/en\/ziua-pasarilor-migratoare\/\" class=\"more-link\">Continue reading <span class=\"screen-reader-text\">Ziua p\u0103s\u0103rilor migratoare<\/span><\/a><\/p>","protected":false},"author":1,"featured_media":0,"parent":0,"menu_order":0,"comment_status":"closed","ping_status":"closed","template":"","meta":{"_monsterinsights_skip_tracking":false,"_monsterinsights_sitenote_active":false,"_monsterinsights_sitenote_note":"","_monsterinsights_sitenote_category":0,"footnotes":""},"class_list":["post-12839","page","type-page","status-publish","hentry"],"aioseo_notices":[],"_links":{"self":[{"href":"https:\/\/bucurestizoo.ro\/en\/wp-json\/wp\/v2\/pages\/12839","targetHints":{"allow":["GET"]}}],"collection":[{"href":"https:\/\/bucurestizoo.ro\/en\/wp-json\/wp\/v2\/pages"}],"about":[{"href":"https:\/\/bucurestizoo.ro\/en\/wp-json\/wp\/v2\/types\/page"}],"author":[{"embeddable":true,"href":"https:\/\/bucurestizoo.ro\/en\/wp-json\/wp\/v2\/users\/1"}],"replies":[{"embeddable":true,"href":"https:\/\/bucurestizoo.ro\/en\/wp-json\/wp\/v2\/comments?post=12839"}],"version-history":[{"count":3,"href":"https:\/\/bucurestizoo.ro\/en\/wp-json\/wp\/v2\/pages\/12839\/revisions"}],"predecessor-version":[{"id":12879,"href":"https:\/\/bucurestizoo.ro\/en\/wp-json\/wp\/v2\/pages\/12839\/revisions\/12879"}],"wp:attachment":[{"href":"https:\/\/bucurestizoo.ro\/en\/wp-json\/wp\/v2\/media?parent=12839"}],"curies":[{"name":"wp","href":"https:\/\/api.w.org\/{rel}","templated":true}]}}