{"id":12838,"date":"2025-01-14T18:51:22","date_gmt":"2025-01-14T16:51:22","guid":{"rendered":"https:\/\/n1.bucurestizoo.ro\/?page_id=12838"},"modified":"2025-01-14T19:03:26","modified_gmt":"2025-01-14T17:03:26","slug":"ziua-speciilor-amenintate","status":"publish","type":"page","link":"https:\/\/bucurestizoo.ro\/en\/ziua-speciilor-amenintate\/","title":{"rendered":"Ziua Speciilor Amenin\u021bate"},"content":{"rendered":"<figure class=\"wp-block-gallery has-nested-images columns-default is-cropped wp-block-gallery-1 is-layout-flex wp-block-gallery-is-layout-flex\">\n<figure class=\"wp-block-image size-large\"><img fetchpriority=\"high\" decoding=\"async\" width=\"1024\" height=\"640\" data-id=\"12868\" src=\"https:\/\/bucurestizoo.ro\/wp-content\/uploads\/2025\/01\/Ziua-Speciilor-Amenintate-1-1024x640.jpg\" alt=\"\" class=\"wp-image-12868\" srcset=\"https:\/\/bucurestizoo.ro\/wp-content\/uploads\/2025\/01\/Ziua-Speciilor-Amenintate-1-1024x640.jpg 1024w, https:\/\/bucurestizoo.ro\/wp-content\/uploads\/2025\/01\/Ziua-Speciilor-Amenintate-1-300x188.jpg 300w, https:\/\/bucurestizoo.ro\/wp-content\/uploads\/2025\/01\/Ziua-Speciilor-Amenintate-1-768x480.jpg 768w, https:\/\/bucurestizoo.ro\/wp-content\/uploads\/2025\/01\/Ziua-Speciilor-Amenintate-1-480x300.jpg 480w, https:\/\/bucurestizoo.ro\/wp-content\/uploads\/2025\/01\/Ziua-Speciilor-Amenintate-1-650x406.jpg 650w, https:\/\/bucurestizoo.ro\/wp-content\/uploads\/2025\/01\/Ziua-Speciilor-Amenintate-1.jpg 1080w\" sizes=\"(max-width: 1024px) 100vw, 1024px\" \/><\/figure>\n<\/figure>\n\n\n\n<p>\u00centr-un context interna\u021bional at\u00e2t de agitat \u0219i marcat de amenin\u021bare unei pandemii, ce va reprezenta cu siguran\u021b\u0103, un punct de cotitur\u0103 \u00een istoria acestui secol, Ziua Interna\u021bional\u0103 a Speciilor Amenin\u021bate \u0219i ad\u0103ug\u0103m, amenin\u021bate cu Dispari\u021bia, nu face altceva dec\u00e2t s\u0103 \u00eent\u0103reasc\u0103, dac\u0103 mai era nevoie, ideea unei noi abord\u0103ri a viziunii asupra echilibrului vie\u021bii pe p\u0103m\u00e2nt.<br>Ini\u021biat\u0103 \u00een 2006, aceast\u0103 ac\u021biune de con\u0219tientizare a c\u0103p\u0103tat \u00een timp o mare amploare, iar ecoul s\u0103u a influen\u021bat programele de mediu din \u00eentreaga lume.<br>Potrivit IUCN, peste 40% din speciile de animale, insecte \u0219i plante sunt \u00een pericol de dispari\u021bie, \u00een \u00eentreaga lume.<br>Motivele acestui fenomen sunt diverse \u0219i \u021bin de om \u0219i felul \u00een care genera\u021bii \u00eentregi au ales s\u0103 respecte sau nu planeta. Braconajul, dispari\u021bia habitatelor naturale, poluarea, defri\u0219\u0103rile, expansiunea urban\u0103 sunt doar c\u00e2teva dintre efectele prezen\u021bei omului pe p\u0103m\u00e2nt.<br>De aceea, acum mai mult ca niciodat\u0103, este nevoie de o schimbare.<br>Gr\u0103dinile Zoologice sunt un vector puternic de lupt\u0103 \u00eempotriva dispari\u021biei a numeroase specii de animale, prin programele de reproducere \u0219i reintroducere \u00een mediul natural. Conservarea reprezint\u0103 un efort de mare anvergur\u0103, un act de respect \u0219i admira\u021bie fa\u021b\u0103 de fiecare specie \u00een parte \u0219i unul de \u201erepara\u021bie\u201d. Trebuie s\u0103 fim con\u0219tien\u021bi c\u0103 odat\u0103 cu fiecare specie care dispare, echilibrul natural devine devine \u0219i mai fragil.<br>Gr\u0103dina Zoologic\u0103 Bucure\u0219ti, prin programul s\u0103u \u201eEduca\u021bie ecologic\u0103 pentru dezvoltare durabil\u0103\u201d, sus\u021bine o serie \u00eentreag\u0103 de ac\u021biuni de construire a unei atitudini proactiv\u0103, pozitiv\u0103 fa\u021b\u0103 de animale \u0219i specii amenin\u021bate cu dispari\u021bia. \u00cen colec\u021bia gr\u0103dinii se afl\u0103 mai multe specii aflate pe listele ce trag un semnal sonor de alarm\u0103, amintim aici tigrul bengalez, siberian, lemurul ro\u0219u, lemurul cu coad\u0103 inelat\u0103, leopardul de z\u0103pad\u0103, c\u0103mila bactrian, g\u00e2sca cu g\u00e2t ro\u0219u, papagalul cacatua.<\/p>\n\n\n\n<figure class=\"wp-block-gallery has-nested-images columns-default is-cropped wp-block-gallery-2 is-layout-flex wp-block-gallery-is-layout-flex\">\n<figure class=\"wp-block-image size-large\"><img decoding=\"async\" width=\"1024\" height=\"576\" data-id=\"12872\" src=\"https:\/\/bucurestizoo.ro\/wp-content\/uploads\/2025\/01\/specii-1-1024x576.jpg\" alt=\"\" class=\"wp-image-12872\" srcset=\"https:\/\/bucurestizoo.ro\/wp-content\/uploads\/2025\/01\/specii-1-1024x576.jpg 1024w, https:\/\/bucurestizoo.ro\/wp-content\/uploads\/2025\/01\/specii-1-300x169.jpg 300w, https:\/\/bucurestizoo.ro\/wp-content\/uploads\/2025\/01\/specii-1-768x432.jpg 768w, https:\/\/bucurestizoo.ro\/wp-content\/uploads\/2025\/01\/specii-1-520x293.jpg 520w, https:\/\/bucurestizoo.ro\/wp-content\/uploads\/2025\/01\/specii-1-650x366.jpg 650w, https:\/\/bucurestizoo.ro\/wp-content\/uploads\/2025\/01\/specii-1.jpg 1080w\" sizes=\"(max-width: 1024px) 100vw, 1024px\" \/><\/figure>\n\n\n\n<figure class=\"wp-block-image size-large\"><img decoding=\"async\" width=\"1024\" height=\"576\" data-id=\"12870\" src=\"https:\/\/bucurestizoo.ro\/wp-content\/uploads\/2025\/01\/specii-2-1024x576.jpg\" alt=\"\" class=\"wp-image-12870\" srcset=\"https:\/\/bucurestizoo.ro\/wp-content\/uploads\/2025\/01\/specii-2-1024x576.jpg 1024w, https:\/\/bucurestizoo.ro\/wp-content\/uploads\/2025\/01\/specii-2-300x169.jpg 300w, https:\/\/bucurestizoo.ro\/wp-content\/uploads\/2025\/01\/specii-2-768x432.jpg 768w, https:\/\/bucurestizoo.ro\/wp-content\/uploads\/2025\/01\/specii-2-520x293.jpg 520w, https:\/\/bucurestizoo.ro\/wp-content\/uploads\/2025\/01\/specii-2-650x366.jpg 650w, https:\/\/bucurestizoo.ro\/wp-content\/uploads\/2025\/01\/specii-2.jpg 1080w\" sizes=\"(max-width: 1024px) 100vw, 1024px\" \/><\/figure>\n\n\n\n<figure class=\"wp-block-image size-large\"><img loading=\"lazy\" decoding=\"async\" width=\"1024\" height=\"576\" data-id=\"12871\" src=\"https:\/\/bucurestizoo.ro\/wp-content\/uploads\/2025\/01\/specii-3-1024x576.jpg\" alt=\"\" class=\"wp-image-12871\" srcset=\"https:\/\/bucurestizoo.ro\/wp-content\/uploads\/2025\/01\/specii-3-1024x576.jpg 1024w, https:\/\/bucurestizoo.ro\/wp-content\/uploads\/2025\/01\/specii-3-300x169.jpg 300w, https:\/\/bucurestizoo.ro\/wp-content\/uploads\/2025\/01\/specii-3-768x432.jpg 768w, https:\/\/bucurestizoo.ro\/wp-content\/uploads\/2025\/01\/specii-3-520x293.jpg 520w, https:\/\/bucurestizoo.ro\/wp-content\/uploads\/2025\/01\/specii-3-650x366.jpg 650w, https:\/\/bucurestizoo.ro\/wp-content\/uploads\/2025\/01\/specii-3.jpg 1080w\" sizes=\"(max-width: 1024px) 100vw, 1024px\" \/><\/figure>\n\n\n\n<figure class=\"wp-block-image size-large\"><img loading=\"lazy\" decoding=\"async\" width=\"1024\" height=\"576\" data-id=\"12873\" src=\"https:\/\/bucurestizoo.ro\/wp-content\/uploads\/2025\/01\/specii-4-1024x576.jpg\" alt=\"\" class=\"wp-image-12873\" srcset=\"https:\/\/bucurestizoo.ro\/wp-content\/uploads\/2025\/01\/specii-4-1024x576.jpg 1024w, https:\/\/bucurestizoo.ro\/wp-content\/uploads\/2025\/01\/specii-4-300x169.jpg 300w, https:\/\/bucurestizoo.ro\/wp-content\/uploads\/2025\/01\/specii-4-768x432.jpg 768w, https:\/\/bucurestizoo.ro\/wp-content\/uploads\/2025\/01\/specii-4-520x293.jpg 520w, https:\/\/bucurestizoo.ro\/wp-content\/uploads\/2025\/01\/specii-4-650x366.jpg 650w, https:\/\/bucurestizoo.ro\/wp-content\/uploads\/2025\/01\/specii-4.jpg 1080w\" sizes=\"(max-width: 1024px) 100vw, 1024px\" \/><\/figure>\n<\/figure>","protected":false},"excerpt":{"rendered":"<p>\u00centr-un context interna\u021bional at\u00e2t de agitat \u0219i marcat de amenin\u021bare unei pandemii, ce va reprezenta cu siguran\u021b\u0103, un punct de cotitur\u0103 \u00een istoria acestui secol, Ziua Interna\u021bional\u0103 a Speciilor Amenin\u021bate \u0219i ad\u0103ug\u0103m, amenin\u021bate cu Dispari\u021bia, nu face altceva dec\u00e2t s\u0103 \u00eent\u0103reasc\u0103, dac\u0103 mai era nevoie, ideea unei noi abord\u0103ri a viziunii asupra echilibrului vie\u021bii pe &hellip; <a href=\"https:\/\/bucurestizoo.ro\/en\/ziua-speciilor-amenintate\/\" class=\"more-link\">Continue reading <span class=\"screen-reader-text\">Ziua Speciilor Amenin\u021bate<\/span><\/a><\/p>","protected":false},"author":1,"featured_media":0,"parent":0,"menu_order":0,"comment_status":"closed","ping_status":"closed","template":"","meta":{"_monsterinsights_skip_tracking":false,"_monsterinsights_sitenote_active":false,"_monsterinsights_sitenote_note":"","_monsterinsights_sitenote_category":0,"footnotes":""},"class_list":["post-12838","page","type-page","status-publish","hentry"],"aioseo_notices":[],"_links":{"self":[{"href":"https:\/\/bucurestizoo.ro\/en\/wp-json\/wp\/v2\/pages\/12838","targetHints":{"allow":["GET"]}}],"collection":[{"href":"https:\/\/bucurestizoo.ro\/en\/wp-json\/wp\/v2\/pages"}],"about":[{"href":"https:\/\/bucurestizoo.ro\/en\/wp-json\/wp\/v2\/types\/page"}],"author":[{"embeddable":true,"href":"https:\/\/bucurestizoo.ro\/en\/wp-json\/wp\/v2\/users\/1"}],"replies":[{"embeddable":true,"href":"https:\/\/bucurestizoo.ro\/en\/wp-json\/wp\/v2\/comments?post=12838"}],"version-history":[{"count":3,"href":"https:\/\/bucurestizoo.ro\/en\/wp-json\/wp\/v2\/pages\/12838\/revisions"}],"predecessor-version":[{"id":12875,"href":"https:\/\/bucurestizoo.ro\/en\/wp-json\/wp\/v2\/pages\/12838\/revisions\/12875"}],"wp:attachment":[{"href":"https:\/\/bucurestizoo.ro\/en\/wp-json\/wp\/v2\/media?parent=12838"}],"curies":[{"name":"wp","href":"https:\/\/api.w.org\/{rel}","templated":true}]}}