{"id":12837,"date":"2025-01-14T18:51:11","date_gmt":"2025-01-14T16:51:11","guid":{"rendered":"https:\/\/n1.bucurestizoo.ro\/?page_id=12837"},"modified":"2025-01-14T18:58:19","modified_gmt":"2025-01-14T16:58:19","slug":"luna-padurii","status":"publish","type":"page","link":"https:\/\/bucurestizoo.ro\/en\/luna-padurii\/","title":{"rendered":"Luna P\u0103durii"},"content":{"rendered":"<figure class=\"wp-block-gallery has-nested-images columns-default is-cropped wp-block-gallery-1 is-layout-flex wp-block-gallery-is-layout-flex\">\n<figure class=\"wp-block-image size-large\"><img fetchpriority=\"high\" decoding=\"async\" width=\"1024\" height=\"640\" data-id=\"12851\" src=\"https:\/\/bucurestizoo.ro\/wp-content\/uploads\/2025\/01\/luna-padurii-1-1024x640.jpg\" alt=\"\" class=\"wp-image-12851\" srcset=\"https:\/\/bucurestizoo.ro\/wp-content\/uploads\/2025\/01\/luna-padurii-1-1024x640.jpg 1024w, https:\/\/bucurestizoo.ro\/wp-content\/uploads\/2025\/01\/luna-padurii-1-300x188.jpg 300w, https:\/\/bucurestizoo.ro\/wp-content\/uploads\/2025\/01\/luna-padurii-1-768x480.jpg 768w, https:\/\/bucurestizoo.ro\/wp-content\/uploads\/2025\/01\/luna-padurii-1-480x300.jpg 480w, https:\/\/bucurestizoo.ro\/wp-content\/uploads\/2025\/01\/luna-padurii-1-650x406.jpg 650w, https:\/\/bucurestizoo.ro\/wp-content\/uploads\/2025\/01\/luna-padurii-1.jpg 1080w\" sizes=\"(max-width: 1024px) 100vw, 1024px\" \/><\/figure>\n<\/figure>\n\n\n\n<p>\u00cen fiecare an, \u00een perioada 15 martie \u2013 15 aprilie se organizeaz\u0103, la nivel mondial, evenimente, ac\u021biuni, sesiuni de comunicare sau conferin\u021be, ce aduc \u00een prim plan importan\u021ba protej\u0103ri p\u0103durilor, resurs\u0103 important\u0103 a Terrei.<br>Sistem ecologic complex, ce g\u0103zduie\u0219te peste 80% dintre speciile de animale \u0219i acoper\u0103 o treime din suprafa\u021ba planetei, p\u0103durile sunt vitale pentru existen\u021ba vie\u021bii, \u00een toate formele sale.<br>Nu suntem \u00eendeajuns de con\u0219tien\u021bi de importan\u021ba acestei bog\u0103\u021bii verzi \u0219i de implica\u021biile \u00een existen\u021ba noastr\u0103 de zi cu zi. Tocmai de aceea, orice campanie de con\u0219tientizare implic\u0103 \u0219i o latur\u0103 educativ\u0103, dar \u0219i una informativ\u0103.<br>De cele mai multe ori, acele \u201csubiecte fierbin\u021bi\u201c ne capteaz\u0103 \u00eentrega energie \u0219i puterea de concentrare, dar poate c\u0103 ar trebui s\u0103 ne aplec\u0103m \u0219i asupra a ceea pare mai pu\u021bin arz\u0103tor. Aparent!<br>Este lumea \u00eenconjur\u0103toare, natura, cea pe care ar trebui s\u0103 o ocrotim \u0219i s\u0103 o \u00eengrijim \u0219i mai ales s\u0103 o \u00een\u021belegem. Este mediul nostru de via\u021b\u0103, surs\u0103 fundamental\u0103 \u0219i mo\u0219tenire pe care fiecare dintre noi o transmitem genera\u021biilor urm\u0103toare.<br>Un r\u0103gaz din ritmul at\u00e2t de alert al secolului XXI \u0219i s\u0103 ne g\u00e2ndim ce \u00eenseamn\u0103 p\u0103durile, fiecare frunz\u0103, ramur\u0103 pentru noi.<br>Aerul pe care \u00eel respir\u0103m ne este furnizat de plante, de p\u0103durile care func\u021bioneaz\u0103 asemeni unor pl\u0103m\u00e2ni ce absorb dioxidul de carbon \u0219i ne dau oxigen. P\u0103durile sunt cele care gestioneaz\u0103 circuitul apei \u00een natur\u0103, cantitatea \u0219i calitatea acesteia. Precipita\u021biile sunt re\u021binute de arbori, apoi apa este captat\u0103 \u00een sol, ce la r\u00e2ndul s\u0103u este surs\u0103 pentru izvoare, prin p\u00e2nza freatic\u0103. R\u0103d\u0103cinile copacilor stabilizeaz\u0103 solul, reduc\u00e2nd riscul de alunec\u0103ri de teren, aluviuni sau scurgere de ape pe versan\u021bi \u0219i inunda\u021bii. Totodat\u0103 arborii sunt cei care purific\u0103 aerul, de aceea parcurile din marile aglomer\u0103ri urbane sunt adev\u0103rate filtre de oxigen ce lupt\u0103 \u00eempotriva polu\u0103rii. Pentru amatorii de sport \u0219i mi\u0219care \u00een aer liber, dar \u0219i pentru relaxare \u0219i odihn\u0103 \u00een parcuri \u0219i gr\u0103dini deopotriv\u0103 tineri \u0219i b\u0103tr\u00e2ni pot petrece timpul liber \u00een mod s\u0103n\u0103tos \u0219i pl\u0103cut.<br>P\u0103durile p\u0103streaz\u0103 o adev\u0103rat\u0103 armonie a climei \u0219i varia\u021bilor de temperatur\u0103 de peste an. Precipita\u021biile depind de densitatea \u0219i m\u0103rimea suprafe\u021belor \u00eenverzite. Imaginea unui de\u0219ert apocaliptic, \u00een care lipsa p\u0103durilor duce la lipsa anotimpurilor, a inspirat literatura \u0219i industria cinematografic\u0103, dar \u00een acest caz fic\u021biunea \u00eenseamn\u0103 de fapt, realitate.<br>P\u0103durile \u00eenseamn\u0103 lemn, at\u00e2t de des utilizat \u00een toate capitolele existen\u021bei umane \u0219i cu un istoric foarte \u00eendelungat. Surs\u0103 de energie \u0219i c\u0103ldur\u0103, construc\u021bii, mobilier, amenaj\u0103ri interioare \u0219i exterioare, design, mijloace de locomo\u021bie, decor, juc\u0103rii \u0219i exemplele se pot dezvolta precum arhicunoscutele quiz-uri \u201e\u0218tia\u021bi c\u0103\u201d, toate \u00eenseamn\u0103 lemn prelucrat \u00een forme \u0219i dimensiuni variate. Din cauza exploat\u0103rii masive, dar \u0219i datorit\u0103 cuceririlor \u0219tiin\u021bei \u0219i tehnicii, multe sunt azi confec\u021bionate din materiale alternative ce salveaz\u0103 de la t\u0103iere suprafe\u021be \u00eentinse de p\u0103duri. O \u0219ans\u0103 la via\u021b\u0103 pentru noi to\u021bi!<br>Cei care un \u00een\u021beles acest fenomen au luat \u0219i m\u0103suri ce presupun plant\u0103ri \u00een compensare \u0219i repopularea planetei cu arbori \u0219i vegeta\u021bie.<br>Inova\u021bia \u0219i lumea virtual\u0103 au c\u00e2\u0219tigat teren \u00een ultimul timp, cu toate astea pl\u0103cerea a r\u0103sfoi un album de art\u0103, a citi o carte, a scrie.. toate astea nu pot fi \u00eenlocuite cu multitudinea de taste ale smartphone-ului. Sau poate c\u0103 da, pentru unii!<br>Ecosistemele planetei g\u0103zduiesc numeroase specii de animale, sunt habitat natural pentru unele ce sunt trecute pe lista ro\u0219ie \u00een prag de dispari\u021bie, fapt ce apar\u021bine \u00een totalitate de responsabilitatea omului. Sunt ad\u0103post \u0219i hran\u0103, iar protejarea mediului depinde de fiecare dintre noi! Defri\u0219\u0103rile masive, exploatarea f\u0103r\u0103 discern\u0103m\u00e2nt, lipsa m\u0103surilor de stopare a dispari\u021biei zonelor verzi preocup\u0103 deopotriv\u0103 organismele interna\u021bionale dar \u0219i comunit\u0103\u021ble locale din fiecare zon\u0103 a globului. Educa\u021bia \u0219i con\u0219tientizarea porne\u0219te de la nivel de individ \u0219i nu e nici prea devreme nici prea t\u00e2rziu ca fiecare dintre noi s\u0103 \u00een\u021belegem acest fapt.<br>P\u0103durile, gestionarea lor durabil\u0103 \u0219i implicit utilizarea resurselor existente sunt esen\u021biale pentru combaterea schimb\u0103rilor climatice.<br>Ecosistemele fragile pot deveni, printr-un act de voin\u021b\u0103 colectiv\u0103 unele stabile.<\/p>\n\n\n\n<figure class=\"wp-block-gallery has-nested-images columns-default is-cropped wp-block-gallery-2 is-layout-flex wp-block-gallery-is-layout-flex\">\n<figure class=\"wp-block-image size-large\"><img decoding=\"async\" width=\"1024\" height=\"682\" data-id=\"12852\" src=\"https:\/\/bucurestizoo.ro\/wp-content\/uploads\/2025\/01\/padure-1-1024x682.jpg\" alt=\"\" class=\"wp-image-12852\" srcset=\"https:\/\/bucurestizoo.ro\/wp-content\/uploads\/2025\/01\/padure-1-1024x682.jpg 1024w, https:\/\/bucurestizoo.ro\/wp-content\/uploads\/2025\/01\/padure-1-300x200.jpg 300w, https:\/\/bucurestizoo.ro\/wp-content\/uploads\/2025\/01\/padure-1-768x512.jpg 768w, https:\/\/bucurestizoo.ro\/wp-content\/uploads\/2025\/01\/padure-1-450x300.jpg 450w, https:\/\/bucurestizoo.ro\/wp-content\/uploads\/2025\/01\/padure-1-650x433.jpg 650w, https:\/\/bucurestizoo.ro\/wp-content\/uploads\/2025\/01\/padure-1.jpg 1280w\" sizes=\"(max-width: 1024px) 100vw, 1024px\" \/><\/figure>\n\n\n\n<figure class=\"wp-block-image size-large\"><img decoding=\"async\" width=\"1024\" height=\"576\" data-id=\"12853\" src=\"https:\/\/bucurestizoo.ro\/wp-content\/uploads\/2025\/01\/padure-2-1024x576.jpg\" alt=\"\" class=\"wp-image-12853\" srcset=\"https:\/\/bucurestizoo.ro\/wp-content\/uploads\/2025\/01\/padure-2-1024x576.jpg 1024w, https:\/\/bucurestizoo.ro\/wp-content\/uploads\/2025\/01\/padure-2-300x169.jpg 300w, https:\/\/bucurestizoo.ro\/wp-content\/uploads\/2025\/01\/padure-2-768x432.jpg 768w, https:\/\/bucurestizoo.ro\/wp-content\/uploads\/2025\/01\/padure-2-520x293.jpg 520w, https:\/\/bucurestizoo.ro\/wp-content\/uploads\/2025\/01\/padure-2-650x366.jpg 650w, https:\/\/bucurestizoo.ro\/wp-content\/uploads\/2025\/01\/padure-2.jpg 1280w\" sizes=\"(max-width: 1024px) 100vw, 1024px\" \/><\/figure>\n\n\n\n<figure class=\"wp-block-image size-large\"><img loading=\"lazy\" decoding=\"async\" width=\"1024\" height=\"682\" data-id=\"12854\" src=\"https:\/\/bucurestizoo.ro\/wp-content\/uploads\/2025\/01\/padure-3-1024x682.jpg\" alt=\"\" class=\"wp-image-12854\" srcset=\"https:\/\/bucurestizoo.ro\/wp-content\/uploads\/2025\/01\/padure-3-1024x682.jpg 1024w, https:\/\/bucurestizoo.ro\/wp-content\/uploads\/2025\/01\/padure-3-300x200.jpg 300w, https:\/\/bucurestizoo.ro\/wp-content\/uploads\/2025\/01\/padure-3-768x512.jpg 768w, https:\/\/bucurestizoo.ro\/wp-content\/uploads\/2025\/01\/padure-3-450x300.jpg 450w, https:\/\/bucurestizoo.ro\/wp-content\/uploads\/2025\/01\/padure-3-650x433.jpg 650w, https:\/\/bucurestizoo.ro\/wp-content\/uploads\/2025\/01\/padure-3.jpg 1280w\" sizes=\"(max-width: 1024px) 100vw, 1024px\" \/><\/figure>\n<\/figure>","protected":false},"excerpt":{"rendered":"<p>\u00cen fiecare an, \u00een perioada 15 martie \u2013 15 aprilie se organizeaz\u0103, la nivel mondial, evenimente, ac\u021biuni, sesiuni de comunicare sau conferin\u021be, ce aduc \u00een prim plan importan\u021ba protej\u0103ri p\u0103durilor, resurs\u0103 important\u0103 a Terrei.Sistem ecologic complex, ce g\u0103zduie\u0219te peste 80% dintre speciile de animale \u0219i acoper\u0103 o treime din suprafa\u021ba planetei, p\u0103durile sunt vitale pentru &hellip; <a href=\"https:\/\/bucurestizoo.ro\/en\/luna-padurii\/\" class=\"more-link\">Continue reading <span class=\"screen-reader-text\">Luna P\u0103durii<\/span><\/a><\/p>","protected":false},"author":1,"featured_media":0,"parent":0,"menu_order":0,"comment_status":"closed","ping_status":"closed","template":"","meta":{"_monsterinsights_skip_tracking":false,"_monsterinsights_sitenote_active":false,"_monsterinsights_sitenote_note":"","_monsterinsights_sitenote_category":0,"footnotes":""},"class_list":["post-12837","page","type-page","status-publish","hentry"],"aioseo_notices":[],"_links":{"self":[{"href":"https:\/\/bucurestizoo.ro\/en\/wp-json\/wp\/v2\/pages\/12837","targetHints":{"allow":["GET"]}}],"collection":[{"href":"https:\/\/bucurestizoo.ro\/en\/wp-json\/wp\/v2\/pages"}],"about":[{"href":"https:\/\/bucurestizoo.ro\/en\/wp-json\/wp\/v2\/types\/page"}],"author":[{"embeddable":true,"href":"https:\/\/bucurestizoo.ro\/en\/wp-json\/wp\/v2\/users\/1"}],"replies":[{"embeddable":true,"href":"https:\/\/bucurestizoo.ro\/en\/wp-json\/wp\/v2\/comments?post=12837"}],"version-history":[{"count":3,"href":"https:\/\/bucurestizoo.ro\/en\/wp-json\/wp\/v2\/pages\/12837\/revisions"}],"predecessor-version":[{"id":12859,"href":"https:\/\/bucurestizoo.ro\/en\/wp-json\/wp\/v2\/pages\/12837\/revisions\/12859"}],"wp:attachment":[{"href":"https:\/\/bucurestizoo.ro\/en\/wp-json\/wp\/v2\/media?parent=12837"}],"curies":[{"name":"wp","href":"https:\/\/api.w.org\/{rel}","templated":true}]}}