{"id":12836,"date":"2025-01-14T18:51:02","date_gmt":"2025-01-14T16:51:02","guid":{"rendered":"https:\/\/n1.bucurestizoo.ro\/?page_id=12836"},"modified":"2025-01-14T19:01:13","modified_gmt":"2025-01-14T17:01:13","slug":"ziua-mondiala-a-apei","status":"publish","type":"page","link":"https:\/\/bucurestizoo.ro\/en\/ziua-mondiala-a-apei\/","title":{"rendered":"Ziua Mondial\u0103 a Apei"},"content":{"rendered":"<figure class=\"wp-block-gallery has-nested-images columns-default is-cropped wp-block-gallery-1 is-layout-flex wp-block-gallery-is-layout-flex\">\n<figure class=\"wp-block-image size-large\"><img fetchpriority=\"high\" decoding=\"async\" width=\"1024\" height=\"640\" data-id=\"12860\" src=\"https:\/\/bucurestizoo.ro\/wp-content\/uploads\/2025\/01\/ziua-apei-1-1024x640.jpg\" alt=\"\" class=\"wp-image-12860\" srcset=\"https:\/\/bucurestizoo.ro\/wp-content\/uploads\/2025\/01\/ziua-apei-1-1024x640.jpg 1024w, https:\/\/bucurestizoo.ro\/wp-content\/uploads\/2025\/01\/ziua-apei-1-300x188.jpg 300w, https:\/\/bucurestizoo.ro\/wp-content\/uploads\/2025\/01\/ziua-apei-1-768x480.jpg 768w, https:\/\/bucurestizoo.ro\/wp-content\/uploads\/2025\/01\/ziua-apei-1-480x300.jpg 480w, https:\/\/bucurestizoo.ro\/wp-content\/uploads\/2025\/01\/ziua-apei-1-650x406.jpg 650w, https:\/\/bucurestizoo.ro\/wp-content\/uploads\/2025\/01\/ziua-apei-1.jpg 1080w\" sizes=\"(max-width: 1024px) 100vw, 1024px\" \/><\/figure>\n<\/figure>\n\n\n\n<p>Scopul acestui eveniment interna\u021bional este acela de atrage aten\u021bia asupra modului \u00een care sunt exploatate resursele planetei.<br>Apa este una dintre cele mai importante dintre ele \u0219i trebuie utilizat\u0103 \u00een mod ra\u021bional!<br>Tema de anul acesta a tuturor ac\u021biunilor de con\u0219tientizare este \u201eAp\u0103 \u0219i schimb\u0103rile climatice\u201d, ce subliniaz\u0103 leg\u0103tura indisolubil\u0103 \u00eentre ap\u0103 \u0219i schimb\u0103rile climatice. Fenomenele extreme ce au avut loc \u00een ultimul timp sunt un semnal de alarm\u0103 asupra modului \u00een care gestionarea resurselor afecteaz\u0103 mediul.<br>Un strop de ap\u0103 spune o poveste captivant\u0103 a apari\u021biei vie\u021bii pe p\u0103m\u00e2nt, plante, animale \u0219i oameni. \u00centr-o pic\u0103tur\u0103 se oglinde\u0219te evolu\u021bia omenirii, cultur\u0103 \u0219i civiliza\u021bie, \u0219tiin\u021b\u0103, tehnic\u0103, medicin\u0103 \u0219i arte. A fost zei\u021b\u0103 \u0219i binecuv\u00e2ntare, pericol sau m\u00e2ng\u00e2iere, a \u00eensufle\u021bit crea\u021bia \u0219i a sus\u021binut existen\u021ba tuturor fiin\u021belor pe aceast\u0103 planet\u0103.<br>Ne hr\u0103ne\u0219te, ne purific\u0103 \u0219i nu \u00een ultimul r\u00e2nd, ne salveaz\u0103 via\u021ba!<\/p>\n\n\n\n<figure class=\"wp-block-gallery has-nested-images columns-default is-cropped wp-block-gallery-2 is-layout-flex wp-block-gallery-is-layout-flex\">\n<figure class=\"wp-block-image size-large\"><img decoding=\"async\" width=\"1024\" height=\"682\" data-id=\"12862\" src=\"https:\/\/bucurestizoo.ro\/wp-content\/uploads\/2025\/01\/apa_2-1024x682.jpg\" alt=\"\" class=\"wp-image-12862\" srcset=\"https:\/\/bucurestizoo.ro\/wp-content\/uploads\/2025\/01\/apa_2-1024x682.jpg 1024w, https:\/\/bucurestizoo.ro\/wp-content\/uploads\/2025\/01\/apa_2-300x200.jpg 300w, https:\/\/bucurestizoo.ro\/wp-content\/uploads\/2025\/01\/apa_2-768x512.jpg 768w, https:\/\/bucurestizoo.ro\/wp-content\/uploads\/2025\/01\/apa_2-450x300.jpg 450w, https:\/\/bucurestizoo.ro\/wp-content\/uploads\/2025\/01\/apa_2-650x433.jpg 650w, https:\/\/bucurestizoo.ro\/wp-content\/uploads\/2025\/01\/apa_2.jpg 1280w\" sizes=\"(max-width: 1024px) 100vw, 1024px\" \/><\/figure>\n\n\n\n<figure class=\"wp-block-image size-large\"><img decoding=\"async\" width=\"1024\" height=\"700\" data-id=\"12865\" src=\"https:\/\/bucurestizoo.ro\/wp-content\/uploads\/2025\/01\/apa_3-1024x700.jpg\" alt=\"\" class=\"wp-image-12865\" srcset=\"https:\/\/bucurestizoo.ro\/wp-content\/uploads\/2025\/01\/apa_3-1024x700.jpg 1024w, https:\/\/bucurestizoo.ro\/wp-content\/uploads\/2025\/01\/apa_3-300x205.jpg 300w, https:\/\/bucurestizoo.ro\/wp-content\/uploads\/2025\/01\/apa_3-768x525.jpg 768w, https:\/\/bucurestizoo.ro\/wp-content\/uploads\/2025\/01\/apa_3-439x300.jpg 439w, https:\/\/bucurestizoo.ro\/wp-content\/uploads\/2025\/01\/apa_3-650x444.jpg 650w, https:\/\/bucurestizoo.ro\/wp-content\/uploads\/2025\/01\/apa_3.jpg 1280w\" sizes=\"(max-width: 1024px) 100vw, 1024px\" \/><\/figure>\n\n\n\n<figure class=\"wp-block-image size-large\"><img loading=\"lazy\" decoding=\"async\" width=\"1024\" height=\"630\" data-id=\"12864\" src=\"https:\/\/bucurestizoo.ro\/wp-content\/uploads\/2025\/01\/apa_4-1024x630.jpg\" alt=\"\" class=\"wp-image-12864\" srcset=\"https:\/\/bucurestizoo.ro\/wp-content\/uploads\/2025\/01\/apa_4-1024x630.jpg 1024w, https:\/\/bucurestizoo.ro\/wp-content\/uploads\/2025\/01\/apa_4-300x184.jpg 300w, https:\/\/bucurestizoo.ro\/wp-content\/uploads\/2025\/01\/apa_4-768x472.jpg 768w, https:\/\/bucurestizoo.ro\/wp-content\/uploads\/2025\/01\/apa_4-488x300.jpg 488w, https:\/\/bucurestizoo.ro\/wp-content\/uploads\/2025\/01\/apa_4-650x400.jpg 650w, https:\/\/bucurestizoo.ro\/wp-content\/uploads\/2025\/01\/apa_4.jpg 1280w\" sizes=\"(max-width: 1024px) 100vw, 1024px\" \/><\/figure>\n\n\n\n<figure class=\"wp-block-image size-large\"><img loading=\"lazy\" decoding=\"async\" width=\"1024\" height=\"683\" data-id=\"12863\" src=\"https:\/\/bucurestizoo.ro\/wp-content\/uploads\/2025\/01\/apa_5-1024x683.jpg\" alt=\"\" class=\"wp-image-12863\" srcset=\"https:\/\/bucurestizoo.ro\/wp-content\/uploads\/2025\/01\/apa_5-1024x683.jpg 1024w, https:\/\/bucurestizoo.ro\/wp-content\/uploads\/2025\/01\/apa_5-300x200.jpg 300w, https:\/\/bucurestizoo.ro\/wp-content\/uploads\/2025\/01\/apa_5-768x512.jpg 768w, https:\/\/bucurestizoo.ro\/wp-content\/uploads\/2025\/01\/apa_5-450x300.jpg 450w, https:\/\/bucurestizoo.ro\/wp-content\/uploads\/2025\/01\/apa_5-650x434.jpg 650w, https:\/\/bucurestizoo.ro\/wp-content\/uploads\/2025\/01\/apa_5.jpg 1280w\" sizes=\"(max-width: 1024px) 100vw, 1024px\" \/><\/figure>\n<\/figure>","protected":false},"excerpt":{"rendered":"<p>Scopul acestui eveniment interna\u021bional este acela de atrage aten\u021bia asupra modului \u00een care sunt exploatate resursele planetei.Apa este una dintre cele mai importante dintre ele \u0219i trebuie utilizat\u0103 \u00een mod ra\u021bional!Tema de anul acesta a tuturor ac\u021biunilor de con\u0219tientizare este \u201eAp\u0103 \u0219i schimb\u0103rile climatice\u201d, ce subliniaz\u0103 leg\u0103tura indisolubil\u0103 \u00eentre ap\u0103 \u0219i schimb\u0103rile climatice. Fenomenele extreme &hellip; <a href=\"https:\/\/bucurestizoo.ro\/en\/ziua-mondiala-a-apei\/\" class=\"more-link\">Continue reading <span class=\"screen-reader-text\">Ziua Mondial\u0103 a Apei<\/span><\/a><\/p>","protected":false},"author":1,"featured_media":0,"parent":0,"menu_order":0,"comment_status":"closed","ping_status":"closed","template":"","meta":{"_monsterinsights_skip_tracking":false,"_monsterinsights_sitenote_active":false,"_monsterinsights_sitenote_note":"","_monsterinsights_sitenote_category":0,"footnotes":""},"class_list":["post-12836","page","type-page","status-publish","hentry"],"aioseo_notices":[],"_links":{"self":[{"href":"https:\/\/bucurestizoo.ro\/en\/wp-json\/wp\/v2\/pages\/12836","targetHints":{"allow":["GET"]}}],"collection":[{"href":"https:\/\/bucurestizoo.ro\/en\/wp-json\/wp\/v2\/pages"}],"about":[{"href":"https:\/\/bucurestizoo.ro\/en\/wp-json\/wp\/v2\/types\/page"}],"author":[{"embeddable":true,"href":"https:\/\/bucurestizoo.ro\/en\/wp-json\/wp\/v2\/users\/1"}],"replies":[{"embeddable":true,"href":"https:\/\/bucurestizoo.ro\/en\/wp-json\/wp\/v2\/comments?post=12836"}],"version-history":[{"count":3,"href":"https:\/\/bucurestizoo.ro\/en\/wp-json\/wp\/v2\/pages\/12836\/revisions"}],"predecessor-version":[{"id":12867,"href":"https:\/\/bucurestizoo.ro\/en\/wp-json\/wp\/v2\/pages\/12836\/revisions\/12867"}],"wp:attachment":[{"href":"https:\/\/bucurestizoo.ro\/en\/wp-json\/wp\/v2\/media?parent=12836"}],"curies":[{"name":"wp","href":"https:\/\/api.w.org\/{rel}","templated":true}]}}