{"id":12823,"date":"2025-01-14T18:41:08","date_gmt":"2025-01-14T16:41:08","guid":{"rendered":"https:\/\/n1.bucurestizoo.ro\/?page_id=12823"},"modified":"2025-01-14T18:45:44","modified_gmt":"2025-01-14T16:45:44","slug":"termeni-si-conditii","status":"publish","type":"page","link":"https:\/\/bucurestizoo.ro\/en\/termeni-si-conditii\/","title":{"rendered":"Terms and conditions"},"content":{"rendered":"<p>Utilizarea website-ului bucurestizoo.ro presupune acceptarea \u00een totalitate a termenilor \u0219i conditiilor expuse mai jos.<\/p>\n\n\n\n<p><strong>1. Introducere<\/strong><\/p>\n\n\n\n<p>Website-ul www.bucurestizoo.ro (\u201cwebsite-ul nostru\u201d sau \u201cacest website\u201d) este de\u021binut \u0219i operat de c\u0103tre Administra\u021bia Gr\u0103dina Zoologic\u0103, institu\u021bie de interes public cu sediul social \u00een Bucure\u0219ti, Vadul Moldovei, nr 4, sector 1.<br>\u00cen prezenta sec\u021biune, generic intitulat\u0103 \u201dTermeni \u0219i condi\u021bii\u201d sunt stipulate condi\u021biile standard ce vor sta la baza utiliz\u0103rii acestui website, \u00een orice condi\u021bii \u0219i pe toate \u0219i oricare dispozitive. Ace\u0219ti termini vor fi aplica\u021bi \u00een totalitate \u0219i identific\u0103 modalitatea de utilizare corespunz\u0103toare de c\u0103tre dumneavoastr\u0103 a acestui website, a tuturor imaginilor, sec\u021biunilor, func\u021bionalit\u0103\u021bilor din cadrul website-ului.<br>Prin utilizarea, vizionarea acestui website \u0219i a serviciilor sau a func\u021biilor oferite \u00een cadrul website-ului, dumneavoastr\u0103 sunte\u021bi de acord cu fiecare dintre termenii \u0219i condi\u021biile prezentate \u00een continuare.<br>Ne rezerv\u0103m dreptul ca la absoluta noastr\u0103 discre\u021bie, s\u0103 schimb\u0103m, modific\u0103m, \u0219tergem sau s\u0103 ad\u0103ug\u0103m termeni, \u00een orice moment, f\u0103r\u0103 notificarea dumneavoastr\u0103 prealabil\u0103, modific\u0103ri ce vor fi de aplicabilitate imediat\u0103.<br>Termenii \u0219i condi\u021biile se pot modifica din motive care includ:<br>(a) modific\u0103ri ale cerin\u021belor legale sau de reglementare pe care trebuie s\u0103 le respect\u0103m;<br>(b) modificari ale website-ului sau ale tehnologiei folosite, etc.<br>Atunci c\u00e2nd reveni\u021bi pe website, v\u0103 rug\u0103m s\u0103 verifica\u0163i data ultimei actualiz\u0103ri \u0219i con\u021binutul modific\u0103rilor. Modific\u0103rile se vor aplica doar pentru viitor.<\/p>\n\n\n\n<p><strong>Defini\u021bii:<\/strong><br>Pentru claritate, urm\u0103torii termeni vor fi defini\u021bi dup\u0103 cum urmeaz\u0103:<br>Website \u2013 define\u0219te site-ul web g\u0103zduit la adresa www.bucurestizoo.ro, paginile, sec\u021biunile, subpaginile \u0219i subsec\u021biunile acestuia, con\u021binutul \u00een imagini statice ori dinamice, textul \u0219i orice alt material prezent la aceast\u0103 adres\u0103. Totodat\u0103, acest termen va defini elementele de construc\u021bie pentru paginile g\u0103zduite, elementele de cod, secven\u021bele logice precum \u0219i orice alt altgoritm logic prezent la acest\u0103 adres\u0103;<br>Vizitator \u2013 orice persoan\u0103, f\u0103r\u0103 limitare, care acceseaz\u0103, \u00een orice mod acest site;<br>Utilizator \u2013 orice persoan\u0103, care a primit drepturi de utilizare ori a beneficiat de un proces de \u00eenregistrare \u00een leg\u0103tur\u0103 direct\u0103 ori indirect\u0103 cu site-ul;<\/p>\n\n\n\n<p><strong>2. Drepturi de proprietate intelectual\u0103<\/strong><br>Site-ul, con\u021binutul acestuia precum \u0219i orice alt material corelat \u00een orice mod cu site-ul, prezent la adresa web www.bucurestizoo.ro, precum \u0219i orice alt material informativ corelat direct sau indirect la site, sunt proprietatea Administra\u021biei Gr\u0103dina Zoologic\u0103. Toate drepturile de proprietate intelectual\u0103 asupra textelor, imaginilor, m\u0103rcilor, design-ului (cu excep\u021bia cazului \u00een care acestea sunt de\u021binute de al\u021bi titulari) sunt \u0219i r\u0103m\u00e2n proprietatea Administra\u021biei Gr\u0103dina Zoologic\u0103.<br>Prin dob\u00e2ndirea calit\u0103\u021bii de vizitator sau utilizator, dob\u00e2ndi\u021bi un drept limitat de vizitare sau exploatare non-comercial\u0103, informativ\u0103, dup\u0103 caz.<br>\u00cen cazul \u00een care dori\u021bi s\u0103 exploata\u021bi \u00een orice alt mod elementele, informa\u021biile, materialele, imaginile ori alt material susceptibil \u00een orice mod de a fi purt\u0103tor de drepturi de proprietate intelectual\u0103, v\u0103 rug\u0103m s\u0103 ne contacta\u021bi anterior oric\u0103rei exploat\u0103ri, acest drept de exploatare fiind acordat individual \u0219i exclusiv c\u0103tre dumneavoastr\u0103 doar prin acordul scris al conducerii Administra\u021biei Gr\u0103dina Zoologic\u0103.<\/p>\n\n\n\n<p><strong>3. Restric\u021bii privind utilizarea site-ului<\/strong><br>Sunte\u021bi restric\u021biona\u021bi \u00een urm\u0103toarele cazuri \u0219i pentru activit\u0103\u021bi precum:<br>\u2022 v\u00e2nzarea, subconcesionarea, sub\u00eenchirierea \u0219i\/sau orice alt mod de comercializare a oric\u0103rui material din website;<br>\u2022 folosirea acestui website \u00een orice mod care este sau poate fi d\u0103unator pentru acest site web;<br>\u2022 folosirea acestui website, sau a oric\u0103ror materiale, imagini din cadrul website-ului \u00een orice mod \u00een care accesul altor utilizatorilor ai website-ului este afectat;<br>\u2022 folosirea acestui website contrar legilor \u0219i reglement\u0103rilor \u00een vigoare, sau \u00een orice fel care poate d\u0103una imaginii, renumelui sau activit\u0103\u021bii Administra\u021biei Gr\u0103dina Zoologic\u0103, sau oric\u0103rei persoane;<br>\u2022 angajarea \u00een orice exploatare a datelor, recoltarea datelor, extragerea datelor sau orice alt\u0103 activitate similar\u0103 \u00een legatur\u0103 cu acest website;<br>\u2022 folosirea acestui website pentru a se angaja \u00een orice form\u0103 de publicitate sau de marketing.<br>\u2022 utilizarea materialelor cuprinse \u00een cadrul website-ului pentru publicitate proprie.<br>\u2022 copierea, distribuirea, publicarea, transferul c\u0103tre ter\u021be p\u0103r\u021bi, modificarea \u0219i\/sau alterarea \u00een orice mod, utilizarea, expunerea, includerea oric\u0103rui con\u021binut \u00een orice alt context dec\u00e2t cel original.<\/p>\n\n\n\n<p><strong>4. Garan\u021bii<\/strong><br>Acest website este furnizat \u201dca atare\u201d \u0219i poate con\u021bine erori de publicare, iar Admministra\u021bia Gr\u0103dina Zoologic\u0103 nu poate garanta func\u021bionarea \u0219i\/sau afi\u0219area corespunz\u0103toare. \u00cen leg\u0103tur\u0103 cu informa\u021biile publicate \u00een cadrul website-ului, Administra\u021bia Gr\u0103dina Zoologic\u0103 depune toate eforturile pentru ca informa\u021biile publicate s\u0103 fie corecte \u0219i complete.<br>Site-ul poate s\u0103 con\u0163in\u0103 incorectitudini tehnice sau gre\u015feli ori omisiuni de scriere. Administra\u021bia Gr\u0103dina Zoologic\u0103 nu este r\u0103spunz\u0103toare pentru nici o eroare de scriere, de afi\u0219are, fotografic\u0103 sau tehnic\u0103 \u00een leg\u0103tur\u0103 cu site-ul nostru. Administra\u021bia Gr\u0103dina Zoologic\u0103 \u00ee\u015fi rezerv\u0103 dreptul de a face modific\u0103ri, corec\u0163ii \u015fi \/ sau \u00eembun\u0103t\u0103\u0163iri ale site-ului \u00een orice moment, f\u0103r\u0103 vreo notificare.<br>5. Limitarea r\u0103spunderii<br>Lucr\u0103m \u00een mod constant pentru a ne asigura c\u0103 site-ul este corect, complet \u0219i actualizat, dar exist\u0103 \u00eentotdeauna un risc, de exemplu, gre\u0219elile de scriere, influen\u021bele externe \u0219i erorile tehnice s\u0103 aib\u0103 ca rezultat informa\u021bii eronate. Aceasta \u00eenseamn\u0103 c\u0103 Administra\u021bia Gr\u0103dina Zoologic\u0103 nu poate garanta \u0219i nu \u00ee\u0219i asum\u0103 r\u0103spunderea c\u0103 informa\u021biile sunt \u00eentotdeauna corecte, complete \u0219i actualizate.<br>\u00cen niciun caz Administra\u021bia Gr\u0103dina Zoologic\u0103, nici oricare dintre directori \u0219i\/sau angaja\u021bi, afilia\u021bi, parteneri nu vor fi tra\u0219i la r\u0103spundere pentru nimic care decurge din sau \u00een orice fel are legatur\u0103 cu utilizarea acestui site web, dec\u00e2t dac\u0103 o astfel de r\u0103spundere este stipulat\u0103 \u00een mod expres \u00een legisla\u021bia aplicabil\u0103.<br>Nu putem fi responsabili pentru eventualele erori survenite ca urmare a implement\u0103rii de text sau imagine pe website, datorit\u0103 incompatibilit\u0103\u021bii cu diferite browsere, neacurate\u021bea sau neactualizarea informa\u021biilor publicate sau men\u021binute pe site, care nu se datoreaz\u0103 culpei noastre.<br>Ne declin\u0103m orice responsabilitate cu privire la con\u021binutul sau disponibilitatea informa\u021biilor reg\u0103site \u00een cadrul website-ului \u0219i nu putem fi \u021binu\u021bi responsabili pentru func\u021bionarea corect\u0103 a website-ului, pentru afi\u0219area corespunz\u0103toare a con\u021binutului sau func\u021binalit\u0103\u021bile oferite, de\u0219i depunem toate eforturile ca acestea s\u0103 func\u021bioneze \u00een parametri normali.<br>Administra\u021bia Gr\u0103dina Zoologic\u0103 nu r\u0103spunde pentru prejudiciile create ca urmare a nefunc\u021bion\u0103rii site-ului precum \u0219i pentru cele rezult\u00e2nd din imposibilitatea de accesare a anumitor link-uri afi\u0219ate pe acestea.<\/p>\n\n\n\n<p><strong>6. Desp\u0103gubiri<\/strong><br>Administra\u021bia Gr\u0103dina Zoologic\u0103 \u00ee\u0219i rezerv\u0103 dreptul de a solicita desp\u0103gubiri \u00een situa\u021bia \u00eenc\u0103lc\u0103rii drepturilor de\u021binute \u0219i\/sau \u00een situa\u021bia \u00eenc\u0103lc\u0103rii termenilor \u0219i condi\u021biilor stipulate \u00een prezentul document. Astfel, garanta\u021bi pentru despagubire \u00een cel mai \u00eenalt grad Administra\u021bia Gr\u0103dina Zoologic\u0103 \u00eempotriva oric\u0103ror \u0219i\/sau tuturor costurilor, cererilor, ac\u021biunilor \u00een justi\u021bie, daune \u0219i cheltuieli care apar \u00een orice fel legate de \u00eenc\u0103lcarea de c\u0103tre dumneavoastr\u0103 a oric\u0103reia dintre prevederile acestor termeni.<\/p>\n\n\n\n<p><strong>7. Atribuirea<\/strong><br>Administra\u021bia Gr\u0103dina Zoologic\u0103 are dreptul s\u0103 atribuie, prin transfer, precum \u0219i s\u0103 subcontracteze drepturile \u0219i\/sau obliga\u021biile care \u00eei revin \u00een temeiul acestor Termeni, f\u0103r\u0103 nicio notificare prealabil\u0103.<\/p>\n\n\n\n<p><strong>8. \u00centregul acord<\/strong><br>Ace\u0219ti termeni constituie \u00eentregul acord dintre Administra\u021bia Gr\u0103dina Zoologic\u0103 \u0219i dumneavoastr\u0103 \u00een legatur\u0103 cu utilizarea acestui website \u0219i \u00eenlocuiesc toate acordurile anterioare.<br>9. Legea aplicabil\u0103 \u0219i jurisdic\u021bia<br>Utilizarea Site-ului \u0219i transmiterea solicit\u0103rilor prin intermediul Site-ului sunt guvernate de legisla\u021bia rom\u00e2n\u0103. Orice litigiu care rezult\u0103 din sau \u00een leg\u0103tur\u0103 cu folosirea site-ului web sau \u00een leg\u0103tur\u0103 cu o solicitare din partea dumneavoastr\u0103 va fi supus instan\u021belor competente din Rom\u00e2nia.<\/p>\n\n\n\n<p><strong>10. Utilizarea modulelor cookie<\/strong><br>Pentru \u00eembun\u0103t\u0103\u021birea experien\u021bei utilizatorilor pe Site-ul nostru, folosim fi\u0219iere de tip cookie. O parte din aceste module sunt esen\u021biale pentru ca Site-ul s\u0103 func\u021bioneze. De asemenea, folosim cookies ne-esen\u021biale pentru a colecta informa\u021bii ce ajut\u0103 la \u00eembun\u0103t\u0103\u021birea Site-ului. Pentru mai multe informa\u021bii, v\u0103 rug\u0103m s\u0103 accesa\u021bi Politica de cookie, publicat\u0103 \u00een cadrul website-ului.<\/p>\n\n\n\n<p><strong>11. Prelucrarea Datelor cu caracter personal<\/strong><br>Administra\u021bia Gr\u0103dina Zoologic\u0103 prelucreaz\u0103 date cu caracter personal \u00een condi\u021bii de legalitate, echitate \u0219i transparen\u021b\u0103, asigur\u00e2nd integritatea \u0219i confiden\u021bialitatea datelor cu caracter personal prelucrate \u00een conformitate cu prevederile legale aplicabile. Pentru mai multe informa\u021bii cu privire la prelucrarea datelor cu caracter personal, v\u0103 rug\u0103m s\u0103 accesa\u021bi Politica de confiden\u021bialitate.<\/p>\n\n\n\n<p><strong>12. Link-uri c\u0103tre ter\u021be p\u0103r\u021bi<\/strong><br>Pot exista leg\u0103turi c\u0103tre alte site-uri, aflate \u00een paginile site-ului nostru, care v\u0103 pot scoate afar\u0103 din site. Aceste alte site-uri pot trimite propriile lor COOKIES c\u0103tre utilizatori, pot colecta date, solicita informa\u0163ii, sau pot con\u0163ine informa\u0163ii pe care le ve\u0163i putea g\u0103si ca fiind nepotrivite sau ofensive.<br>Nu uita\u0163i c\u0103 ori de c\u00e2te ori transmite\u0163i informa\u0163ii online, aceste informa\u0163ii pot fi colectate \u015fi folosite de persoane necunoscute. Nu putem garanta securitatea niciunei informa\u0163ii pe care o ob\u0163ine\u0163i online; pute\u0163i face aceasta pe propriul risc.<br>Cum ne pute\u021bi contacta?<br>Dac\u0103 ave\u021bi orice \u00eentrebare cu privire la acest document, drepturile \u0219i obliga\u021biile dumneavoastr\u0103, ne pute\u021bi contacta folosind informa\u021biile de mai jos:<\/p>\n\n\n\n<p>Administra\u021bia Gr\u0103dina Zoologic\u0103, la oricare din adresele:<br>contact@bucurestizoo.ro<br>Bucure\u0219ti, Vadul Moldovei, nr 4, sector 1<\/p>\n\n\n\n<p>Ultima editare a avut loc la data de 15.10.2022<\/p>","protected":false},"excerpt":{"rendered":"<p>Utilizarea website-ului bucurestizoo.ro presupune acceptarea \u00een totalitate a termenilor \u0219i conditiilor expuse mai jos. 1. Introducere Website-ul www.bucurestizoo.ro (\u201cwebsite-ul nostru\u201d sau \u201cacest website\u201d) este de\u021binut \u0219i operat de c\u0103tre Administra\u021bia Gr\u0103dina Zoologic\u0103, institu\u021bie de interes public cu sediul social \u00een Bucure\u0219ti, Vadul Moldovei, nr 4, sector 1.\u00cen prezenta sec\u021biune, generic intitulat\u0103 \u201dTermeni \u0219i condi\u021bii\u201d sunt &hellip; <a href=\"https:\/\/bucurestizoo.ro\/en\/termeni-si-conditii\/\" class=\"more-link\">Continue reading <span class=\"screen-reader-text\">Terms and conditions<\/span><\/a><\/p>","protected":false},"author":1,"featured_media":0,"parent":0,"menu_order":0,"comment_status":"closed","ping_status":"closed","template":"","meta":{"_monsterinsights_skip_tracking":false,"_monsterinsights_sitenote_active":false,"_monsterinsights_sitenote_note":"","_monsterinsights_sitenote_category":0,"footnotes":""},"class_list":["post-12823","page","type-page","status-publish","hentry"],"aioseo_notices":[],"_links":{"self":[{"href":"https:\/\/bucurestizoo.ro\/en\/wp-json\/wp\/v2\/pages\/12823","targetHints":{"allow":["GET"]}}],"collection":[{"href":"https:\/\/bucurestizoo.ro\/en\/wp-json\/wp\/v2\/pages"}],"about":[{"href":"https:\/\/bucurestizoo.ro\/en\/wp-json\/wp\/v2\/types\/page"}],"author":[{"embeddable":true,"href":"https:\/\/bucurestizoo.ro\/en\/wp-json\/wp\/v2\/users\/1"}],"replies":[{"embeddable":true,"href":"https:\/\/bucurestizoo.ro\/en\/wp-json\/wp\/v2\/comments?post=12823"}],"version-history":[{"count":3,"href":"https:\/\/bucurestizoo.ro\/en\/wp-json\/wp\/v2\/pages\/12823\/revisions"}],"predecessor-version":[{"id":12831,"href":"https:\/\/bucurestizoo.ro\/en\/wp-json\/wp\/v2\/pages\/12823\/revisions\/12831"}],"wp:attachment":[{"href":"https:\/\/bucurestizoo.ro\/en\/wp-json\/wp\/v2\/media?parent=12823"}],"curies":[{"name":"wp","href":"https:\/\/api.w.org\/{rel}","templated":true}]}}