{"id":12822,"date":"2025-01-14T18:40:49","date_gmt":"2025-01-14T16:40:49","guid":{"rendered":"https:\/\/n1.bucurestizoo.ro\/?page_id=12822"},"modified":"2025-06-19T08:59:23","modified_gmt":"2025-06-19T06:59:23","slug":"politica-de-cookies","status":"publish","type":"page","link":"https:\/\/bucurestizoo.ro\/en\/politica-de-cookies\/","title":{"rendered":"Politica privind cookie-urile"},"content":{"rendered":"<div data-elementor-type=\"wp-page\" data-elementor-id=\"12822\" class=\"elementor elementor-12822\" data-elementor-post-type=\"page\">\n\t\t\t\t<div class=\"elementor-element elementor-element-7a5d98b0 e-flex e-con-boxed e-con e-parent\" data-id=\"7a5d98b0\" data-element_type=\"container\" data-e-type=\"container\">\n\t\t\t\t\t<div class=\"e-con-inner\">\n\t\t\t\t<div class=\"elementor-element elementor-element-2fcd2fb8 elementor-widget elementor-widget-text-editor\" data-id=\"2fcd2fb8\" data-element_type=\"widget\" data-e-type=\"widget\" data-widget_type=\"text-editor.default\">\n\t\t\t\t<div class=\"elementor-widget-container\">\n\t\t\t\t\t\t\t\t\t\n<p><strong>POLITICA PRIVIND COOKIE-urile<\/strong><\/p>\n<p><strong>Introducere<\/strong><br \/>Prezenta politic\u0103 explic\u0103 modul \u00een care noi, Administra\u021bia Gr\u0103dina Zoologic\u0103, prin intermediul site-ului de\u021binut, &#8222;bucurestizoo.ro&#8221; utiliz\u0103m module cookie, care sunt aceste module utilizate, ce informa\u021bii colect\u0103m cu ajutorul modulelor cookie \u0219i scopurile utiliz\u0103rii acestora. <br \/>V\u0103 \u00eencuraj\u0103m s\u0103 citi\u021bi cu aten\u021bie aceast\u0103 politic\u0103, \u00eempreun\u0103 cu <a href=\"\/en\/politica-de-confidentialitate\/\"><strong>Politica de confiden\u021bialitate<\/strong><\/a>, pentru a \u00een\u021belege modul \u00een care Administra\u021bia Gr\u0103dina Zoologic\u0103 colecteaz\u0103, prelucreaz\u0103 \u0219i utilizeaz\u0103 datele dumneavoastr\u0103 cu caracter personal \u0219i drepturile de care dispune\u021bi \u00een leg\u0103tur\u0103 cu prelucrarea datelor.<\/p>\n<p>\u00cen cadrul site-ului web utiliz\u0103m cookie-uri pentru a colecta automat informa\u021bii cu caracter tehnic care pot identifica utilizatorul, respectiv: adresa IP, tipul de browser de internet folosit pentru navigarea pe site-ul nostru web, sistemul de operare, denumirea domeniului sau gazda domeniului prin intermediul c\u0103ruia utilizatorul navigheaz\u0103 pe site-ul web.<br \/>Cookie-urile asigur\u0103 utilizatorilor o experien\u021b\u0103 pl\u0103cut\u0103 de navigare \u0219i sus\u021bin eforturile noastre pentru a oferi servicii mai adaptate utilizatorilor. De asemenea, sunt utilizate \u00een preg\u0103tirea unor statistici anonime care ne ajut\u0103 s\u0103 \u00een\u021belegem cum un utilizator beneficiaz\u0103 de paginile noastre de internet, permi\u021b\u00e2ndu-ne \u00eembun\u0103t\u0103\u021birea structurii \u0219i con\u021binutului lor, f\u0103r\u0103 a permite identificarea personal\u0103 a utilizatorului.<\/p>\n<p><strong>1. Ce sunt cookie-urile?<\/strong><br \/>Un cookie este un mic fragment de informa\u021bii pe care un site web solicit\u0103 browser-ului dvs. s\u0103 le stocheze pe computerul dvs., terminalul dvs. mobil sau pe alte dispozitive electronice prin care un utilizator acceseaz\u0103 internetul, \u00een scopul de a ajuta utilizatorul s\u0103 navigheze pe site-ul web \u00een mod eficient, s\u0103 efectueze anumite func\u021bii \u0219i s\u0103 \u00eei permit\u0103 site-ului web s\u0103 \u201cre\u021bin\u0103\u201d ac\u021biunile sau preferin\u021bele utilizatorului de-a lungul timpului. <br \/>Aceste fi\u0219iere sunt plasate, \u00een general, pentru recunoa\u0219terea terminalului utilizat \u0219i prezentarea con\u021binutului \u00eentr-un mod adecvat, ajut\u00e2ndu-ne s\u0103 v\u0103 oferim o experien\u021b\u0103 c\u00e2t mai pl\u0103cut\u0103.<\/p>\n<p><strong>2. Cum utiliz\u0103m cookie-urile?<\/strong><br \/>Modulele cookie sunt utilizate, \u00een principal, pentru urm\u0103toarele:<br \/>\u2022 Asigurarea afi\u0219\u0103rii corespunz\u0103toare a con\u021binutului website-ului, \u00een func\u021bie de dispozitivul utilizat <br \/>\u2022 Asigurarea securit\u0103\u021bii navig\u0103rii \u00een cadrul website-ului<\/p>\n<p>Nu vom utiliza cookie-uri \u00een alte scopuri dec\u00e2t cele ar\u0103tate \u00een prezenta Politic\u0103.<\/p>\n<p><strong>3. Cum controla\u021bi cookie-urile?<\/strong><br \/>Majoritatea browserelor suport\u0103 cookie-uri, \u00eens\u0103 utilizatorii \u00ee\u0219i pot configura browser-ele s\u0103 le refuze \u0219i le pot \u0219terge oric\u00e2nd doresc. Pute\u021bi controla \u0219i\/sau \u0219terge cookie-urile dup\u0103 cum dori\u021bi. Pute\u021bi \u0219terge toate cookie-urile care sunt deja stocate pe computerul dvs. \u0219i pute\u021bi configura majoritatea browserelor s\u0103 \u00eempiedice stocarea cookie-urilor. \u00cens\u0103, dac\u0103 ve\u021bi proceda astfel, este posibil s\u0103 fi\u021bi nevoit s\u0103 ajusta\u021bi manual anumite preferin\u021be de fiecare dat\u0103 c\u00e2nd vizita\u021bi un site, iar anumite servicii \u0219i func\u021bionalit\u0103\u021bi este posibil s\u0103 nu func\u021bioneze.<br \/>Pute\u021bi bloca\/dezactiva cookie-urile \u00een set\u0103rile browser-ului dvs. web. \u00cens\u0103, dac\u0103 utiliza\u021bi set\u0103rile browser-ului dvs. pentru a bloca toate cookie-urile (inclusiv pe cele necesare), este posibil s\u0103 nu pute\u021bi accesa \u00een \u00eentregime sau par\u021bial site-ul nostru, deoarece unele cookie-uri pot fi strict necesare pentru func\u021bionarea site-ului web.<\/p>\n<p><strong>4. Ce cookie-uri utiliz\u0103m pe acest site web?<\/strong><br \/><strong>Cookie-urile strict necesare<\/strong> sunt esen\u021biale pentru buna func\u021bionare a site-ului, fiind setate pe dispozitivul dumneavoastr\u0103 la accesarea site-ului sau \u00een urma ac\u021biunilor efectuate \u00een site, dup\u0103 caz. Aceste cookie-uri nu necesit\u0103 acordul dumneavoastr\u0103 \u0219i se instaleaz\u0103 automat \u00een momentul acces\u0103rii site-ului. Pentru a asigura buna func\u021bionare \u0219i pentru a salva preferin\u021bele dumneavoastr\u0103 din site, aceste cookie-uri vor fi utilizate la fiecare accesare a paginii web. Printre acestea se num\u0103r\u0103, de exemplu, cookie-uri care sunt necesare pentru administrarea sistemului \u0219i pentru prevenirea activit\u0103\u021bilor frauduloase.<\/p>\n<p>Website-ul nostru utilizeaz\u0103 plug-in-uri sociale (\u201eplug-in-uri\u201c) ale re\u021belelor de socializare <a href=\"http:\/\/facebook.com\">www.facebook.com<\/a> (\u201eFacebook\u201c) \u0219i <a href=\"http:\/\/www.instagram.com\">www.instagram.com<\/a> (\u201eInstagram\u201d).<br \/>Pentru informa\u021bii despre scopul colect\u0103rii \u0219i proces\u0103rii de date de c\u0103tre aceste re\u021bele de socializare, despre drepturile dvs. \u00een acest sens, precum \u0219i pentru a v\u0103 seta op\u021biunile pentru protejarea intimit\u0103\u021bii, v\u0103 rug\u0103m s\u0103 citi\u021bi politica de confiden\u0163ialitate a Facebook la adresa <a href=\"https:\/\/www.facebook.com\/policy.php\">https:\/\/www.facebook.com\/policy.php<\/a> \u0219i Instagram la adresa <a href=\"https:\/\/help.instagram.com\/155833707900388\">https:\/\/help.instagram.com\/155833707900388<\/a>.<\/p>\n<p><strong>Durata de via\u021b\u0103:<\/strong><br \/>Durata de via\u0163\u0103 a unui cookie variaz\u0103 \u00een func\u021bie de scopul pentru care este plasat. <br \/>Unele cookie-uri sunt folosite exclusiv pentru o singur\u0103 sesiune (cookie de sesiune). Acest lucru \u00eenseamn\u0103 c\u0103 odat\u0103 ce utilizatorul a p\u0103r\u0103sit website-ul, cookie-urile de sesiune nu vor fi re\u021binute.<br \/>Alte cookie-uri sunt re\u0163inute \u015fi refolosite de fiecare dat\u0103 c\u00e2nd utilizatorul revine pe acel website (\u201dcookie-uri fixe\u201d sau \u201dpermanente\u201d). Aceste cookie-uri sunt plasate pe dispozitivul utilizat \u0219i refolosite de fiecare dat\u0103 c\u00e2nd utilizatorul acceseaz\u0103 site-ul \u0219i au o durat\u0103 de via\u021b\u0103 mai lung\u0103 ce variaz\u0103 de la c\u00e2teva zile la ani.<\/p>\n<p><strong>Modificare list\u0103 de cookie:<\/strong><br \/>De fiecare dat\u0103 c\u00e2nd site-ul nostru web introduce un nou cookie administrat fie de institu\u021bia noastr\u0103, fie de o ter\u021b\u0103 parte, cookie-ul respectiv va fi introdus \u00een Politica de cookie, \u00een tabelul de mai sus, iar dac\u0103 plasarea acestuia necesit\u0103 consim\u021b\u0103m\u00e2nt din partea dumneavoastr\u0103, v\u0103 va fi solicitat consim\u021b\u0103m\u00e2ntul.<\/p>\n<p><strong>5. Limitarea utiliz\u0103rii modulelor cookie \u0219i consecin\u021bele limit\u0103rii<\/strong><br \/>Reamintim c\u0103 aceste module reprezint\u0103 o parte important\u0103 \u00een func\u021bionarea \u0219i afisarea con\u021binutului site-ului ajut\u00e2nd la personalizarea experien\u021bei pentru fiecare utilizator iar respingerea acestora pot afecta experien\u021ba dumneavoastr\u0103 \u00een site.<\/p>\n<p><strong>6. Securitatea \u0219i confiden\u021bialitatea<\/strong><br \/>Browserele utilizate au integrate set\u0103ri de confiden\u021bialitate \u0219i securitate ce ajut\u0103 la acceptarea, plasarea dar \u0219i la \u0219tergerea diferitelor tipuri de cookie-uri \u0219i limit\u0103ri ale perioadei de valabilitate a acestora \u00een func\u021bie de scop. <br \/>Aceste set\u0103ri pot fi personalizate \u00een func\u021bie de preferin\u021bele dumneavoastr\u0103 \u00een set\u0103rile browserului utilizat.<\/p>\n<p><strong>7. Modific\u0103ri ale Politicii de Cookie<\/strong><br \/>Men\u021bion\u0103m c\u0103 este necesar s\u0103 citi\u021bi Politica de cookie, \u00eempreun\u0103 cu Politica de confiden\u021bialitate \u00een mod constant, av\u00e2nd \u00een vedere c\u0103 este posibil ca acestea s\u0103 sufere \u00eembun\u0103t\u0103\u021biri sau modific\u0103ri \u00een func\u021bie de modific\u0103rile legislative, dac\u0103 va fi cazul. <br \/>Indiferent de num\u0103rul de modific\u0103ri sau complet\u0103ri, pe site-ul nostru va fi publicat\u0103 cea mai recent\u0103 versiune a Politicii.<\/p>\n<p><strong>Data prezentei versiuni: 25 Aprilie 2025<\/strong><\/p>\n\t\t\t\t\t\t\t\t<\/div>\n\t\t\t\t<\/div>\n\t\t\t\t\t<\/div>\n\t\t\t\t<\/div>\n\t\t\t\t<\/div>","protected":false},"excerpt":{"rendered":"<p>POLITICA PRIVIND COOKIE-urile IntroducerePrezenta politic\u0103 explic\u0103 modul \u00een care noi, Administra\u021bia Gr\u0103dina Zoologic\u0103, prin intermediul site-ului de\u021binut, &#8222;bucurestizoo.ro&#8221; utiliz\u0103m module cookie, care sunt aceste module utilizate, ce informa\u021bii colect\u0103m cu ajutorul modulelor cookie \u0219i scopurile utiliz\u0103rii acestora. V\u0103 \u00eencuraj\u0103m s\u0103 citi\u021bi cu aten\u021bie aceast\u0103 politic\u0103, \u00eempreun\u0103 cu Politica de confiden\u021bialitate, pentru a \u00een\u021belege modul \u00een &hellip; <a href=\"https:\/\/bucurestizoo.ro\/en\/politica-de-cookies\/\" class=\"more-link\">Continue reading <span class=\"screen-reader-text\">Politica privind cookie-urile<\/span><\/a><\/p>","protected":false},"author":1,"featured_media":0,"parent":0,"menu_order":0,"comment_status":"closed","ping_status":"closed","template":"","meta":{"_monsterinsights_skip_tracking":false,"_monsterinsights_sitenote_active":false,"_monsterinsights_sitenote_note":"","_monsterinsights_sitenote_category":0,"footnotes":""},"class_list":["post-12822","page","type-page","status-publish","hentry"],"aioseo_notices":[],"_links":{"self":[{"href":"https:\/\/bucurestizoo.ro\/en\/wp-json\/wp\/v2\/pages\/12822","targetHints":{"allow":["GET"]}}],"collection":[{"href":"https:\/\/bucurestizoo.ro\/en\/wp-json\/wp\/v2\/pages"}],"about":[{"href":"https:\/\/bucurestizoo.ro\/en\/wp-json\/wp\/v2\/types\/page"}],"author":[{"embeddable":true,"href":"https:\/\/bucurestizoo.ro\/en\/wp-json\/wp\/v2\/users\/1"}],"replies":[{"embeddable":true,"href":"https:\/\/bucurestizoo.ro\/en\/wp-json\/wp\/v2\/comments?post=12822"}],"version-history":[{"count":7,"href":"https:\/\/bucurestizoo.ro\/en\/wp-json\/wp\/v2\/pages\/12822\/revisions"}],"predecessor-version":[{"id":15892,"href":"https:\/\/bucurestizoo.ro\/en\/wp-json\/wp\/v2\/pages\/12822\/revisions\/15892"}],"wp:attachment":[{"href":"https:\/\/bucurestizoo.ro\/en\/wp-json\/wp\/v2\/media?parent=12822"}],"curies":[{"name":"wp","href":"https:\/\/api.w.org\/{rel}","templated":true}]}}