{"id":12691,"date":"2025-01-11T15:02:21","date_gmt":"2025-01-11T13:02:21","guid":{"rendered":"https:\/\/n1.bucurestizoo.ro\/?page_id=12691"},"modified":"2025-04-26T19:20:55","modified_gmt":"2025-04-26T17:20:55","slug":"vultur-american","status":"publish","type":"page","link":"https:\/\/bucurestizoo.ro\/en\/vultur-american\/","title":{"rendered":"Vultur American"},"content":{"rendered":"<div data-elementor-type=\"wp-page\" data-elementor-id=\"12691\" class=\"elementor elementor-12691\" data-elementor-post-type=\"page\">\n\t\t\t\t<div class=\"elementor-element elementor-element-67849da1 e-flex e-con-boxed e-con e-parent\" data-id=\"67849da1\" data-element_type=\"container\" data-e-type=\"container\" data-settings=\"{&quot;background_background&quot;:&quot;classic&quot;}\">\n\t\t\t\t\t<div class=\"e-con-inner\">\n\t\t<div class=\"elementor-element elementor-element-13f780e1 e-con-full e-flex e-con e-child\" data-id=\"13f780e1\" data-element_type=\"container\" data-e-type=\"container\">\n\t\t<div class=\"elementor-element elementor-element-5b3dff6d e-con-full animated-slow e-flex elementor-invisible e-con e-child\" data-id=\"5b3dff6d\" data-element_type=\"container\" data-e-type=\"container\" data-settings=\"{&quot;animation&quot;:&quot;fadeInLeft&quot;}\">\n\t\t\t\t<div class=\"elementor-element elementor-element-1a79b07e elementor-widget elementor-widget-heading\" data-id=\"1a79b07e\" data-element_type=\"widget\" data-e-type=\"widget\" data-widget_type=\"heading.default\">\n\t\t\t\t<div class=\"elementor-widget-container\">\n\t\t\t\t\t<h1 class=\"elementor-heading-title elementor-size-default\">Vultur American<\/h1>\t\t\t\t<\/div>\n\t\t\t\t<\/div>\n\t\t\t\t<div class=\"elementor-element elementor-element-2f8b5d3 elementor-widget elementor-widget-text-editor\" data-id=\"2f8b5d3\" data-element_type=\"widget\" data-e-type=\"widget\" data-widget_type=\"text-editor.default\">\n\t\t\t\t<div class=\"elementor-widget-container\">\n\t\t\t\t\t\t\t\t\t<p><strong data-start=\"0\" data-end=\"25\">Denumire \u0219tiin\u021bific\u0103:<\/strong> Haliaeetus leucocephalus<br data-start=\"50\" data-end=\"53\" \/><strong data-start=\"53\" data-end=\"63\">Ordin:<\/strong> Accipitriformes<br data-start=\"79\" data-end=\"82\" \/><strong data-start=\"82\" data-end=\"94\">Familie:<\/strong> Accipitridae<br data-start=\"107\" data-end=\"110\" \/><strong data-start=\"110\" data-end=\"118\">Gen:<\/strong> Haliaeetus<br data-start=\"129\" data-end=\"132\" \/><strong data-start=\"132\" data-end=\"143\">Specie:<\/strong> Haliaeetus leucocephalus<br data-start=\"168\" data-end=\"171\" \/><strong data-start=\"171\" data-end=\"187\">Distribu\u021bie:<\/strong> America de Nord (SUA, Canada, nordul Mexicului)<br data-start=\"235\" data-end=\"238\" \/><strong data-start=\"238\" data-end=\"253\">Dimensiuni:<\/strong> 70-100 cm lungime, anvergura aripilor 180-230 cm<br data-start=\"302\" data-end=\"305\" \/><strong data-start=\"305\" data-end=\"318\">Greutate:<\/strong> 3-6,3 kg<br data-start=\"327\" data-end=\"330\" \/><strong data-start=\"330\" data-end=\"355\">Perioada de incubare:<\/strong> 34-36 zile<br data-start=\"366\" data-end=\"369\" \/><strong data-start=\"369\" data-end=\"386\">Num\u0103r de pui:<\/strong> 1-3<br data-start=\"390\" data-end=\"393\" \/><strong data-start=\"393\" data-end=\"415\">Speran\u021b\u0103 de via\u021b\u0103:<\/strong> 15-20 ani \u00een s\u0103lb\u0103ticie, \u00een captivitate mai mult<\/p>\t\t\t\t\t\t\t\t<\/div>\n\t\t\t\t<\/div>\n\t\t\t\t<\/div>\n\t\t\t\t<div class=\"elementor-element elementor-element-603f40fc elementor-widget-tablet__width-inherit animated-slow elementor-invisible elementor-widget elementor-widget-image\" data-id=\"603f40fc\" data-element_type=\"widget\" data-e-type=\"widget\" data-settings=\"{&quot;_animation&quot;:&quot;fadeInRight&quot;}\" data-widget_type=\"image.default\">\n\t\t\t\t<div class=\"elementor-widget-container\">\n\t\t\t\t\t\t\t\t\t\t\t\t\t\t\t<img fetchpriority=\"high\" decoding=\"async\" width=\"847\" height=\"672\" src=\"https:\/\/bucurestizoo.ro\/wp-content\/uploads\/2025\/02\/vultur-1-1024x813.jpg\" class=\"attachment-large size-large wp-image-13409\" alt=\"\" srcset=\"https:\/\/bucurestizoo.ro\/wp-content\/uploads\/2025\/02\/vultur-1-1024x813.jpg 1024w, https:\/\/bucurestizoo.ro\/wp-content\/uploads\/2025\/02\/vultur-1-300x238.jpg 300w, https:\/\/bucurestizoo.ro\/wp-content\/uploads\/2025\/02\/vultur-1-768x610.jpg 768w, https:\/\/bucurestizoo.ro\/wp-content\/uploads\/2025\/02\/vultur-1-378x300.jpg 378w, https:\/\/bucurestizoo.ro\/wp-content\/uploads\/2025\/02\/vultur-1-643x510.jpg 643w, https:\/\/bucurestizoo.ro\/wp-content\/uploads\/2025\/02\/vultur-1.jpg 1280w\" sizes=\"(max-width: 847px) 100vw, 847px\" data-id=\"13409\" \/>\t\t\t\t\t\t\t\t\t\t\t\t\t\t\t<\/div>\n\t\t\t\t<\/div>\n\t\t\t\t<\/div>\n\t\t\t\t\t<\/div>\n\t\t\t\t<\/div>\n\t\t<div class=\"elementor-element elementor-element-43ea429f animated-slow e-flex e-con-boxed elementor-invisible e-con e-parent\" data-id=\"43ea429f\" data-element_type=\"container\" data-e-type=\"container\" data-settings=\"{&quot;animation&quot;:&quot;fadeInLeft&quot;}\">\n\t\t\t\t\t<div class=\"e-con-inner\">\n\t\t\t\t<div class=\"elementor-element elementor-element-26b94b13 elementor-widget elementor-widget-heading\" data-id=\"26b94b13\" data-element_type=\"widget\" data-e-type=\"widget\" data-widget_type=\"heading.default\">\n\t\t\t\t<div class=\"elementor-widget-container\">\n\t\t\t\t\t<h1 class=\"elementor-heading-title elementor-size-default\">General:<\/h1>\t\t\t\t<\/div>\n\t\t\t\t<\/div>\n\t\t\t\t<div class=\"elementor-element elementor-element-bbd112b elementor-widget elementor-widget-text-editor\" data-id=\"bbd112b\" data-element_type=\"widget\" data-e-type=\"widget\" data-widget_type=\"text-editor.default\">\n\t\t\t\t<div class=\"elementor-widget-container\">\n\t\t\t\t\t\t\t\t\t<p>Vulturul cu cap alb, cunoscut \u0219i sub denumirile de acvila cu cap alb, vulturul de mare cu cap alb sau acvila american\u0103, se g\u0103se\u0219te \u00een toat\u0103 America de Nord, \u00een apropierea surselor de ap\u0103. Aceste p\u0103s\u0103ri r\u0103pitoare sunt originare din Canada, Statele Unite ale Americii, zone din Mexic, precum \u0219i din mai multe insule \u00een Oceanul Atlantic de Nord, inclusiv Saint Pierre \u0219i Miquelon. Popula\u021biile sunt r\u0103sp\u00e2ndite, \u00een special, \u00een Florida, Alaska, Pacificul de Nord-Vest \u0219i \u00een apropierea unor r\u00e2uri \u0219i lacuri din Midwest.<\/p><p>\u00a0 Aceste p\u0103s\u0103ri parcurg etape de maturizare distincte. Imediat dup\u0103 eclozare, vulturii au ochi negri \u0219i picioare roz, pielea lor devenind \u00eentunecat\u0103 p\u00e2n\u0103 la o nuan\u021b\u0103 alb\u0103struie \u0219i picioarele devin galbene \u00een primele 18-22 de zile din via\u021b\u0103. De-a lungul primului an, trupurile, ochii si ciocurile sunt de culoare maroniu \u00eenchis. \u00cen cel de-al doilea an, ochii lor se lumineaz\u0103, devin o nuan\u021b\u0103 de maro-gri, iar corpul lor devine alb str\u0103lucitor. \u00cen timpul celui de-al treilea an, ochii lor devin g\u0103lbui, iar penajul se deschide la culoare, \u00een timp ce \u00een al patrulea an, corpul lor devine \u00eentunecat, iar capul \u0219i coada devin, \u00een cea mai mare parte, albe. \u00cen final, coloritul p\u0103s\u0103rii mature este atins \u00een al cincilea an de via\u021b\u0103. Aceste p\u0103s\u0103ri pot fi diferen\u021biate prin culoarea alb\u0103 a capului \u0219i a cozii, av\u00e2nd capetele mai lungi \u0219i cozi mai scurte dec\u00e2t majoritatea vulturilor.<\/p><p>\u00a0 Percep\u021bia vizual\u0103 a vulturului cu cap alb este de opt ori mai bun\u0103 dec\u00e2t a omului \u0219i este stereoscopic\u0103.<\/p><p>\u00a0 Viteza \u00een picaj este de 75 km\/h, vitez\u0103 atins\u0103 doar pentru a prinde prada cu ghearele lor foarte ascu\u021bite. Este un zbur\u0103tor abil, folosind, la maxim, curen\u021bii de aer.<\/p><p>\u00cen ceea ce prive\u0219te reproducerea, vulturul cu cap alb este orientat c\u0103tre sistemul monogam. Se consider\u0103 c\u0103 aceste p\u0103s\u0103ri \u00ee\u0219i aleg parteneri pe via\u021b\u0103 sau p\u00e2n\u0103 c\u00e2nd un membru al familiei moare. De\u0219i nu migreaz\u0103, \u00eempreun\u0103 cu partenerul, efectueaz\u0103 demonstra\u021bii extrem de spectaculoase atunci c\u00e2nd se \u00eent\u00e2lnesc \u00een sezonul de \u00eemperechere. Vulturul cu capul alb \u00eencepe s\u0103 se reproduc\u0103 la v\u00e2rsta de 5 ani. Masculii \u0219i femelele \u00ee\u0219i construiesc cuibul \u00eempreun\u0103, cu aproximativ 1-3 luni \u00eenainte de depunerea ou\u0103lelor. Cuiburile lor sunt compuse din paie \u0219i pot fi de dimensiuni foarte mari, masive, deoarece p\u0103s\u0103rile folosesc, de obicei, acela\u0219i cuib \u00een ani consecutivi, aduc\u00e2ndu-i \u00eembun\u0103t\u0103\u021biri \u00een fiecare an. Cu toate acestea, cuiburile nu sunt reutilizate, \u00een general, at\u00e2t de mult, \u00een medie cuiburile din sudul Floridei \u0219i Saskatchewan \u2013 Canada, fiind folosite aproximativ 5 ani, iar cuiburile din Alaska, \u00een medie 13 ani. Este simbolul na\u021bional al Statelor Unite ale Americii. Contrar credin\u021bei populare, vulturii cu cap alb nu emit un sunet puternic \u0219i impun\u0103tor<\/p>\t\t\t\t\t\t\t\t<\/div>\n\t\t\t\t<\/div>\n\t\t\t\t\t<\/div>\n\t\t\t\t<\/div>\n\t\t<div class=\"elementor-element elementor-element-448b8347 e-flex e-con-boxed e-con e-parent\" data-id=\"448b8347\" data-element_type=\"container\" data-e-type=\"container\">\n\t\t\t\t\t<div class=\"e-con-inner\">\n\t\t\t\t<div class=\"elementor-element elementor-element-6e1b6898 elementor-widget elementor-widget-gallery\" data-id=\"6e1b6898\" data-element_type=\"widget\" data-e-type=\"widget\" data-settings=\"{&quot;columns&quot;:3,&quot;lazyload&quot;:&quot;yes&quot;,&quot;gallery_layout&quot;:&quot;grid&quot;,&quot;columns_tablet&quot;:2,&quot;columns_mobile&quot;:1,&quot;gap&quot;:{&quot;unit&quot;:&quot;px&quot;,&quot;size&quot;:10,&quot;sizes&quot;:[]},&quot;gap_tablet&quot;:{&quot;unit&quot;:&quot;px&quot;,&quot;size&quot;:10,&quot;sizes&quot;:[]},&quot;gap_mobile&quot;:{&quot;unit&quot;:&quot;px&quot;,&quot;size&quot;:10,&quot;sizes&quot;:[]},&quot;link_to&quot;:&quot;file&quot;,&quot;aspect_ratio&quot;:&quot;3:2&quot;,&quot;overlay_background&quot;:&quot;yes&quot;,&quot;content_hover_animation&quot;:&quot;fade-in&quot;}\" data-widget_type=\"gallery.default\">\n\t\t\t\t<div class=\"elementor-widget-container\">\n\t\t\t\t\t\t\t<div class=\"elementor-gallery__container\">\n\t\t\t\t\t\t\t<a class=\"e-gallery-item elementor-gallery-item elementor-animated-content\" href=\"https:\/\/bucurestizoo.ro\/wp-content\/uploads\/2025\/02\/vultur-5.jpg\" data-elementor-open-lightbox=\"yes\" data-elementor-lightbox-slideshow=\"6e1b6898\" data-elementor-lightbox-title=\"vultur 5\" data-e-action-hash=\"#elementor-action%3Aaction%3Dlightbox%26settings%3DeyJpZCI6MTM0MTIsInVybCI6Imh0dHBzOlwvXC9idWN1cmVzdGl6b28ucm9cL3dwLWNvbnRlbnRcL3VwbG9hZHNcLzIwMjVcLzAyXC92dWx0dXItNS5qcGciLCJzbGlkZXNob3ciOiI2ZTFiNjg5OCJ9\">\n\t\t\t\t\t<div class=\"e-gallery-image elementor-gallery-item__image\" data-thumbnail=\"https:\/\/bucurestizoo.ro\/wp-content\/uploads\/2025\/02\/vultur-5-1024x682.jpg\" data-width=\"847\" data-height=\"564\" aria-label=\"\" role=\"img\" ><\/div>\n\t\t\t\t\t\t\t\t\t\t\t<div class=\"elementor-gallery-item__overlay\"><\/div>\n\t\t\t\t\t\t\t\t\t\t\t\t\t\t<\/a>\n\t\t\t\t\t\t\t<a class=\"e-gallery-item elementor-gallery-item elementor-animated-content\" href=\"https:\/\/bucurestizoo.ro\/wp-content\/uploads\/2025\/02\/vultur-3.jpg\" data-elementor-open-lightbox=\"yes\" data-elementor-lightbox-slideshow=\"6e1b6898\" data-elementor-lightbox-title=\"vultur 3\" data-e-action-hash=\"#elementor-action%3Aaction%3Dlightbox%26settings%3DeyJpZCI6MTM0MTEsInVybCI6Imh0dHBzOlwvXC9idWN1cmVzdGl6b28ucm9cL3dwLWNvbnRlbnRcL3VwbG9hZHNcLzIwMjVcLzAyXC92dWx0dXItMy5qcGciLCJzbGlkZXNob3ciOiI2ZTFiNjg5OCJ9\">\n\t\t\t\t\t<div class=\"e-gallery-image elementor-gallery-item__image\" data-thumbnail=\"https:\/\/bucurestizoo.ro\/wp-content\/uploads\/2025\/02\/vultur-3-1024x733.jpg\" data-width=\"847\" data-height=\"606\" aria-label=\"\" role=\"img\" ><\/div>\n\t\t\t\t\t\t\t\t\t\t\t<div class=\"elementor-gallery-item__overlay\"><\/div>\n\t\t\t\t\t\t\t\t\t\t\t\t\t\t<\/a>\n\t\t\t\t\t\t\t<a class=\"e-gallery-item elementor-gallery-item elementor-animated-content\" href=\"https:\/\/bucurestizoo.ro\/wp-content\/uploads\/2025\/02\/vultur-2.jpg\" data-elementor-open-lightbox=\"yes\" data-elementor-lightbox-slideshow=\"6e1b6898\" data-elementor-lightbox-title=\"vultur 2\" data-e-action-hash=\"#elementor-action%3Aaction%3Dlightbox%26settings%3DeyJpZCI6MTM0MTAsInVybCI6Imh0dHBzOlwvXC9idWN1cmVzdGl6b28ucm9cL3dwLWNvbnRlbnRcL3VwbG9hZHNcLzIwMjVcLzAyXC92dWx0dXItMi5qcGciLCJzbGlkZXNob3ciOiI2ZTFiNjg5OCJ9\">\n\t\t\t\t\t<div class=\"e-gallery-image elementor-gallery-item__image\" data-thumbnail=\"https:\/\/bucurestizoo.ro\/wp-content\/uploads\/2025\/02\/vultur-2-1024x682.jpg\" data-width=\"847\" data-height=\"564\" aria-label=\"\" role=\"img\" ><\/div>\n\t\t\t\t\t\t\t\t\t\t\t<div class=\"elementor-gallery-item__overlay\"><\/div>\n\t\t\t\t\t\t\t\t\t\t\t\t\t\t<\/a>\n\t\t\t\t\t<\/div>\n\t\t\t\t\t<\/div>\n\t\t\t\t<\/div>\n\t\t\t\t\t<\/div>\n\t\t\t\t<\/div>\n\t\t<div class=\"elementor-element elementor-element-41326c66 animated-slow e-flex e-con-boxed elementor-invisible e-con e-parent\" data-id=\"41326c66\" data-element_type=\"container\" data-e-type=\"container\" data-settings=\"{&quot;animation&quot;:&quot;fadeInRight&quot;}\">\n\t\t\t\t\t<div class=\"e-con-inner\">\n\t\t\t\t<div class=\"elementor-element elementor-element-44925590 elementor-widget elementor-widget-heading\" data-id=\"44925590\" data-element_type=\"widget\" data-e-type=\"widget\" data-widget_type=\"heading.default\">\n\t\t\t\t<div class=\"elementor-widget-container\">\n\t\t\t\t\t<h1 class=\"elementor-heading-title elementor-size-default\">Habitat:<\/h1>\t\t\t\t<\/div>\n\t\t\t\t<\/div>\n\t\t\t\t<div class=\"elementor-element elementor-element-1ded51b elementor-widget elementor-widget-text-editor\" data-id=\"1ded51b\" data-element_type=\"widget\" data-e-type=\"widget\" data-widget_type=\"text-editor.default\">\n\t\t\t\t<div class=\"elementor-widget-container\">\n\t\t\t\t\t\t\t\t\t<p>Zone de coast\u0103, lacuri, r\u00e2uri, mla\u0219tini. Vulturul cu cap alb este o pas\u0103re r\u0103pitoare din America de Nord.<\/p><p>El prefer\u0103, \u00een mod obi\u0219nuit, zonele din apropierea unor surse mari de ap\u0103, cum ar fi coastele maritime, estuarele de coast\u0103 \u0219i lacurile \u0219i r\u00e2urile interioare, aceste p\u0103s\u0103ri fiind v\u0103zute \u0219i la aproximativ 3 km distan\u021b\u0103 de o surs\u0103 de ap\u0103. De\u0219i, habitatele lor specifice pot varia, selec\u021bia acestora se realizeaz\u0103 \u00een func\u021bie de disponibilitatea pr\u0103zii, a copacilor \u00eenal\u021bi \u0219i de gradul de perturbare uman\u0103. De obicei, zonele populate de oameni sunt evitate, vulturii put\u00e2nd renun\u021ba la hrana lor dac\u0103 sunt deranja\u021bi de oameni.<\/p>\t\t\t\t\t\t\t\t<\/div>\n\t\t\t\t<\/div>\n\t\t\t\t\t<\/div>\n\t\t\t\t<\/div>\n\t\t<div class=\"elementor-element elementor-element-69350b18 e-grid e-con-boxed e-con e-parent\" data-id=\"69350b18\" data-element_type=\"container\" data-e-type=\"container\">\n\t\t\t\t\t<div class=\"e-con-inner\">\n\t\t<div class=\"elementor-element elementor-element-4b4df394 e-con-full animated-slow e-flex elementor-invisible e-con e-child\" data-id=\"4b4df394\" data-element_type=\"container\" data-e-type=\"container\" data-settings=\"{&quot;animation&quot;:&quot;fadeInLeft&quot;}\">\n\t\t\t\t<div class=\"elementor-element elementor-element-67910773 elementor-widget elementor-widget-heading\" data-id=\"67910773\" data-element_type=\"widget\" data-e-type=\"widget\" data-widget_type=\"heading.default\">\n\t\t\t\t<div class=\"elementor-widget-container\">\n\t\t\t\t\t<h1 class=\"elementor-heading-title elementor-size-default\">Hran\u0103:<\/h1>\t\t\t\t<\/div>\n\t\t\t\t<\/div>\n\t\t\t\t<div class=\"elementor-element elementor-element-15abaf9b elementor-widget elementor-widget-text-editor\" data-id=\"15abaf9b\" data-element_type=\"widget\" data-e-type=\"widget\" data-widget_type=\"text-editor.default\">\n\t\t\t\t<div class=\"elementor-widget-container\">\n\t\t\t\t\t\t\t\t\t<p>Pe\u0219te, p\u0103s\u0103ri, mamifere mici, hoituri. Fiind p\u0103s\u0103ri oportuniste, acestea au o diet\u0103 destul de variat\u0103, dar, \u00een general, prefer\u0103 pe\u0219tele, \u0219i anume: p\u0103str\u0103vul, anghila american\u0103, somnul alb, somonul, macroul, codul. Modalitatea de hr\u0103nire cu pe\u0219te nu se realizeaz\u0103 prin scufundare, ci \u00ee\u0219i folosesc ghearele lor puternice \u0219i ascu\u021bite pentru a aduce pe\u0219tele la suprafa\u021ba apei. O alt\u0103 mare component\u0103 a dietei lor const\u0103 \u00een hr\u0103nirea cu p\u0103s\u0103ri adulte de ap\u0103, inclusiv cu ou\u0103lele lor, precum, g\u00e2\u0219te de z\u0103pad\u0103, lebede de tundr\u0103 \u0219i altele. Pe perioada iernii, dieta lor se orienteaz\u0103 c\u0103tre mamifere mici.<\/p>\t\t\t\t\t\t\t\t<\/div>\n\t\t\t\t<\/div>\n\t\t\t\t<\/div>\n\t\t<div class=\"elementor-element elementor-element-6f6e6905 e-con-full animated-slow e-flex elementor-invisible e-con e-child\" data-id=\"6f6e6905\" data-element_type=\"container\" data-e-type=\"container\" data-settings=\"{&quot;animation&quot;:&quot;fadeInRight&quot;}\">\n\t\t\t\t<div class=\"elementor-element elementor-element-2b738844 elementor-widget elementor-widget-heading\" data-id=\"2b738844\" data-element_type=\"widget\" data-e-type=\"widget\" data-widget_type=\"heading.default\">\n\t\t\t\t<div class=\"elementor-widget-container\">\n\t\t\t\t\t<h1 class=\"elementor-heading-title elementor-size-default\">Conservare:<\/h1>\t\t\t\t<\/div>\n\t\t\t\t<\/div>\n\t\t\t\t<div class=\"elementor-element elementor-element-110fb52d elementor-widget elementor-widget-text-editor\" data-id=\"110fb52d\" data-element_type=\"widget\" data-e-type=\"widget\" data-widget_type=\"text-editor.default\">\n\t\t\t\t<div class=\"elementor-widget-container\">\n\t\t\t\t\t\t\t\t\t<p>Starea de conservare a vulturilor cu cap alb s-a schimbat considerabil \u00een ultimul timp. \u00cencep\u00e2nd cu 28 iunie 2007 aceste p\u0103s\u0103ri au fost eliminate de pe lista speciilor \u00een pericol de dispari\u021bie, unde au fost listate \u00eenc\u0103 din 1978. \u00cen statul Washington, aceste p\u0103s\u0103ri au \u00eenregistrat, \u00eentre anii 1981 \u0219i 2005, o cre\u0219tere a popula\u021biei cu aproximativ 9% anual. Vulturii cu cap alb sunt lista\u021bi, \u00een prezent, ca specii cu risc sc\u0103zut de dispari\u021bie, conform IUCN.Popula\u021bia s-a ref\u0103cut spectaculos dup\u0103 ce fusese pe cale de dispari\u021bie \u00een anii \u201960 din cauza pesticidului DDT.<\/p>\t\t\t\t\t\t\t\t<\/div>\n\t\t\t\t<\/div>\n\t\t\t\t<\/div>\n\t\t\t\t\t<\/div>\n\t\t\t\t<\/div>\n\t\t\t\t<\/div>","protected":false},"excerpt":{"rendered":"<p>Vultur American Denumire \u0219tiin\u021bific\u0103: Haliaeetus leucocephalusOrdin: AccipitriformesFamilie: AccipitridaeGen: HaliaeetusSpecie: Haliaeetus leucocephalusDistribu\u021bie: America de Nord (SUA, Canada, nordul Mexicului)Dimensiuni: 70-100 cm lungime, anvergura aripilor 180-230 cmGreutate: 3-6,3 kgPerioada de incubare: 34-36 zileNum\u0103r de pui: 1-3Speran\u021b\u0103 de via\u021b\u0103: 15-20 ani \u00een s\u0103lb\u0103ticie, \u00een captivitate mai mult General: Vulturul cu cap alb, cunoscut \u0219i sub denumirile de acvila &hellip; <a href=\"https:\/\/bucurestizoo.ro\/en\/vultur-american\/\" class=\"more-link\">Continue reading <span class=\"screen-reader-text\">Vultur American<\/span><\/a><\/p>","protected":false},"author":1,"featured_media":0,"parent":0,"menu_order":0,"comment_status":"closed","ping_status":"closed","template":"","meta":{"_monsterinsights_skip_tracking":false,"_monsterinsights_sitenote_active":false,"_monsterinsights_sitenote_note":"","_monsterinsights_sitenote_category":0,"footnotes":""},"class_list":["post-12691","page","type-page","status-publish","hentry"],"aioseo_notices":[],"_links":{"self":[{"href":"https:\/\/bucurestizoo.ro\/en\/wp-json\/wp\/v2\/pages\/12691","targetHints":{"allow":["GET"]}}],"collection":[{"href":"https:\/\/bucurestizoo.ro\/en\/wp-json\/wp\/v2\/pages"}],"about":[{"href":"https:\/\/bucurestizoo.ro\/en\/wp-json\/wp\/v2\/types\/page"}],"author":[{"embeddable":true,"href":"https:\/\/bucurestizoo.ro\/en\/wp-json\/wp\/v2\/users\/1"}],"replies":[{"embeddable":true,"href":"https:\/\/bucurestizoo.ro\/en\/wp-json\/wp\/v2\/comments?post=12691"}],"version-history":[{"count":9,"href":"https:\/\/bucurestizoo.ro\/en\/wp-json\/wp\/v2\/pages\/12691\/revisions"}],"predecessor-version":[{"id":15659,"href":"https:\/\/bucurestizoo.ro\/en\/wp-json\/wp\/v2\/pages\/12691\/revisions\/15659"}],"wp:attachment":[{"href":"https:\/\/bucurestizoo.ro\/en\/wp-json\/wp\/v2\/media?parent=12691"}],"curies":[{"name":"wp","href":"https:\/\/api.w.org\/{rel}","templated":true}]}}