{"id":12681,"date":"2025-01-11T14:59:09","date_gmt":"2025-01-11T12:59:09","guid":{"rendered":"https:\/\/n1.bucurestizoo.ro\/?page_id=12681"},"modified":"2025-04-05T10:25:12","modified_gmt":"2025-04-05T08:25:12","slug":"paun","status":"publish","type":"page","link":"https:\/\/bucurestizoo.ro\/en\/paun\/","title":{"rendered":"P\u0103un"},"content":{"rendered":"<div data-elementor-type=\"wp-page\" data-elementor-id=\"12681\" class=\"elementor elementor-12681\" data-elementor-post-type=\"page\">\n\t\t\t\t<div class=\"elementor-element elementor-element-d572770 e-flex e-con-boxed e-con e-parent\" data-id=\"d572770\" data-element_type=\"container\" data-e-type=\"container\" data-settings=\"{&quot;background_background&quot;:&quot;classic&quot;}\">\n\t\t\t\t\t<div class=\"e-con-inner\">\n\t\t<div class=\"elementor-element elementor-element-7ae4c5a3 e-con-full e-flex e-con e-child\" data-id=\"7ae4c5a3\" data-element_type=\"container\" data-e-type=\"container\">\n\t\t<div class=\"elementor-element elementor-element-c0fe7dd e-con-full animated-slow e-flex elementor-invisible e-con e-child\" data-id=\"c0fe7dd\" data-element_type=\"container\" data-e-type=\"container\" data-settings=\"{&quot;animation&quot;:&quot;fadeInLeft&quot;}\">\n\t\t\t\t<div class=\"elementor-element elementor-element-29b592db elementor-widget elementor-widget-heading\" data-id=\"29b592db\" data-element_type=\"widget\" data-e-type=\"widget\" data-widget_type=\"heading.default\">\n\t\t\t\t<div class=\"elementor-widget-container\">\n\t\t\t\t\t<h1 class=\"elementor-heading-title elementor-size-default\">P\u0103un<\/h1>\t\t\t\t<\/div>\n\t\t\t\t<\/div>\n\t\t\t\t<div class=\"elementor-element elementor-element-75154eac elementor-widget elementor-widget-text-editor\" data-id=\"75154eac\" data-element_type=\"widget\" data-e-type=\"widget\" data-widget_type=\"text-editor.default\">\n\t\t\t\t<div class=\"elementor-widget-container\">\n\t\t\t\t\t\t\t\t\t<p class=\"\" data-start=\"0\" data-end=\"144\"><strong data-start=\"0\" data-end=\"26\">Denumirea \u0219tiin\u021bific\u0103:<\/strong> Pavo cristatus<br data-start=\"41\" data-end=\"44\" \/><strong data-start=\"44\" data-end=\"56\">Ordinul:<\/strong> Galliformes<br data-start=\"68\" data-end=\"71\" \/><strong data-start=\"71\" data-end=\"83\" data-is-only-node=\"\">Familia:<\/strong> Phasianidae<br data-start=\"95\" data-end=\"98\" \/><strong data-start=\"98\" data-end=\"108\">Genul:<\/strong> Pavo<br data-start=\"113\" data-end=\"116\" \/><strong data-start=\"116\" data-end=\"127\">Specia:<\/strong> Pavo cristatus<\/p><p class=\"\" data-start=\"146\" data-end=\"389\"><strong data-start=\"146\" data-end=\"170\">Distribu\u021bia pe glob:<\/strong> P\u0103unul albastru este originar din subcontinentul indian \u2013 India, Sri Lanka \u0219i Nepal. A fost introdus \u00een multe alte regiuni ale lumii, inclusiv Europa, America de Nord \u0219i Australia, fiind apreciat pentru frumuse\u021bea sa<\/p><p class=\"\" data-start=\"391\" data-end=\"599\"><strong data-start=\"391\" data-end=\"406\">Dimensiuni:<\/strong><br data-start=\"406\" data-end=\"409\" \/>\u2013 Lungimea corpului: 90\u2013130 cm (mascul), ~86 cm (femel\u0103)<br data-start=\"465\" data-end=\"468\" \/>\u2013 Lungimea cozii (mascul): p\u00e2n\u0103 la 1,5 metri<br data-start=\"512\" data-end=\"515\" \/>\u2013 Anvergura aripilor: 140\u2013160 cm<br data-start=\"547\" data-end=\"550\" \/>\u2013 Greutate: 4\u20136 kg (masculi), 2,5\u20134 kg (femele)<\/p><p class=\"\" data-start=\"601\" data-end=\"751\"><strong data-start=\"601\" data-end=\"626\">Perioada de incubare:<\/strong> 28\u201330 zile<br data-start=\"637\" data-end=\"640\" \/><strong data-start=\"640\" data-end=\"657\">Num\u0103r de ou\u0103:<\/strong> 4\u20138 ou\u0103 pe pont\u0103<br data-start=\"674\" data-end=\"677\" \/><strong data-start=\"677\" data-end=\"699\" data-is-only-node=\"\">Speran\u021ba de via\u021b\u0103:<\/strong> 15\u201320 ani \u00een s\u0103lb\u0103ticie, 20\u201325 ani \u00een captivitate<\/p>\t\t\t\t\t\t\t\t<\/div>\n\t\t\t\t<\/div>\n\t\t\t\t<\/div>\n\t\t\t\t<div class=\"elementor-element elementor-element-31c3e2bd elementor-widget-tablet__width-inherit animated-slow elementor-invisible elementor-widget elementor-widget-image\" data-id=\"31c3e2bd\" data-element_type=\"widget\" data-e-type=\"widget\" data-settings=\"{&quot;_animation&quot;:&quot;fadeInRight&quot;}\" data-widget_type=\"image.default\">\n\t\t\t\t<div class=\"elementor-widget-container\">\n\t\t\t\t\t\t\t\t\t\t\t\t\t\t\t<img fetchpriority=\"high\" decoding=\"async\" width=\"847\" height=\"589\" src=\"https:\/\/bucurestizoo.ro\/wp-content\/uploads\/2025\/04\/Paun-dt_1-1024x712.jpg\" class=\"attachment-large size-large wp-image-14967\" alt=\"\" srcset=\"https:\/\/bucurestizoo.ro\/wp-content\/uploads\/2025\/04\/Paun-dt_1-1024x712.jpg 1024w, https:\/\/bucurestizoo.ro\/wp-content\/uploads\/2025\/04\/Paun-dt_1-300x209.jpg 300w, https:\/\/bucurestizoo.ro\/wp-content\/uploads\/2025\/04\/Paun-dt_1-768x534.jpg 768w, https:\/\/bucurestizoo.ro\/wp-content\/uploads\/2025\/04\/Paun-dt_1-1536x1068.jpg 1536w, https:\/\/bucurestizoo.ro\/wp-content\/uploads\/2025\/04\/Paun-dt_1-2048x1424.jpg 2048w, https:\/\/bucurestizoo.ro\/wp-content\/uploads\/2025\/04\/Paun-dt_1-432x300.jpg 432w, https:\/\/bucurestizoo.ro\/wp-content\/uploads\/2025\/04\/Paun-dt_1-650x452.jpg 650w\" sizes=\"(max-width: 847px) 100vw, 847px\" data-id=\"14967\" \/>\t\t\t\t\t\t\t\t\t\t\t\t\t\t\t<\/div>\n\t\t\t\t<\/div>\n\t\t\t\t<\/div>\n\t\t\t\t\t<\/div>\n\t\t\t\t<\/div>\n\t\t<div class=\"elementor-element elementor-element-7276fb77 animated-slow e-flex e-con-boxed elementor-invisible e-con e-parent\" data-id=\"7276fb77\" data-element_type=\"container\" data-e-type=\"container\" data-settings=\"{&quot;animation&quot;:&quot;fadeInLeft&quot;}\">\n\t\t\t\t\t<div class=\"e-con-inner\">\n\t\t\t\t<div class=\"elementor-element elementor-element-40475d28 elementor-widget elementor-widget-heading\" data-id=\"40475d28\" data-element_type=\"widget\" data-e-type=\"widget\" data-widget_type=\"heading.default\">\n\t\t\t\t<div class=\"elementor-widget-container\">\n\t\t\t\t\t<h1 class=\"elementor-heading-title elementor-size-default\">General:<\/h1>\t\t\t\t<\/div>\n\t\t\t\t<\/div>\n\t\t\t\t<div class=\"elementor-element elementor-element-3445cc33 elementor-widget elementor-widget-text-editor\" data-id=\"3445cc33\" data-element_type=\"widget\" data-e-type=\"widget\" data-widget_type=\"text-editor.default\">\n\t\t\t\t<div class=\"elementor-widget-container\">\n\t\t\t\t\t\t\t\t\t<p>P\u0103unul albastru este una dintre cele mai spectaculoase p\u0103s\u0103ri datorit\u0103 penajului s\u0103u impresionant. Masculii sunt recunoscu\u021bi pentru coada lor lung\u0103 \u0219i colorat\u0103, care poate fi desf\u0103cut\u0103 \u00een evantai \u00een timpul ritualurilor de \u00eemperechere. Aceasta con\u021bine \u201eochelari\u201d str\u0103lucitori care reflect\u0103 lumina, av\u00e2nd un rol esen\u021bial \u00een atragerea femelelor.<br \/>Femelele, cunoscute sub numele de \u201ep\u0103uni\u021be\u201d, au un penaj mai pu\u021bin spectaculos, predominant maroniu, pentru a se camufla mai bine \u00een timpul cuib\u0103ritului. P\u0103unii sunt p\u0103s\u0103ri foarte zgomotoase \u0219i pot emite o gam\u0103 larg\u0103 de sunete, mai ales \u00een sezonul de reproducere.<br \/>Ace\u0219ti p\u0103uni sunt simboluri ale regalit\u0103\u021bii \u0219i frumuse\u021bii \u00een multe culturi. \u00cen India, sunt considera\u021bi sacri \u0219i sunt p\u0103s\u0103ri na\u021bionale.<br \/>P\u0103unii sunt capabili s\u0103 zboare, de\u0219i prefer\u0103 s\u0103 mearg\u0103 pe jos. Penele lor de coad\u0103 nu sunt de fapt pene reale, ci prelungiri ale penei de acoperire. Un p\u0103un poate recunoa\u0219te chipuri umane \u0219i \u00ee\u0219i poate aminti oamenii care l-au hr\u0103nit.<\/p>\t\t\t\t\t\t\t\t<\/div>\n\t\t\t\t<\/div>\n\t\t\t\t\t<\/div>\n\t\t\t\t<\/div>\n\t\t<div class=\"elementor-element elementor-element-2a8d0627 e-flex e-con-boxed e-con e-parent\" data-id=\"2a8d0627\" data-element_type=\"container\" data-e-type=\"container\">\n\t\t\t\t\t<div class=\"e-con-inner\">\n\t\t\t\t<div class=\"elementor-element elementor-element-65ce3a1c elementor-widget elementor-widget-gallery\" data-id=\"65ce3a1c\" data-element_type=\"widget\" data-e-type=\"widget\" data-settings=\"{&quot;columns&quot;:2,&quot;lazyload&quot;:&quot;yes&quot;,&quot;gallery_layout&quot;:&quot;grid&quot;,&quot;columns_tablet&quot;:2,&quot;columns_mobile&quot;:1,&quot;gap&quot;:{&quot;unit&quot;:&quot;px&quot;,&quot;size&quot;:10,&quot;sizes&quot;:[]},&quot;gap_tablet&quot;:{&quot;unit&quot;:&quot;px&quot;,&quot;size&quot;:10,&quot;sizes&quot;:[]},&quot;gap_mobile&quot;:{&quot;unit&quot;:&quot;px&quot;,&quot;size&quot;:10,&quot;sizes&quot;:[]},&quot;link_to&quot;:&quot;file&quot;,&quot;aspect_ratio&quot;:&quot;3:2&quot;,&quot;overlay_background&quot;:&quot;yes&quot;,&quot;content_hover_animation&quot;:&quot;fade-in&quot;}\" data-widget_type=\"gallery.default\">\n\t\t\t\t<div class=\"elementor-widget-container\">\n\t\t\t\t\t\t\t<div class=\"elementor-gallery__container\">\n\t\t\t\t\t\t\t<a class=\"e-gallery-item elementor-gallery-item elementor-animated-content\" href=\"https:\/\/bucurestizoo.ro\/wp-content\/uploads\/2025\/04\/paun-dt_c.jpg\" data-elementor-open-lightbox=\"yes\" data-elementor-lightbox-slideshow=\"65ce3a1c\" data-elementor-lightbox-title=\"paun dt_c\" data-e-action-hash=\"#elementor-action%3Aaction%3Dlightbox%26settings%3DeyJpZCI6MTQ5NjksInVybCI6Imh0dHBzOlwvXC9idWN1cmVzdGl6b28ucm9cL3dwLWNvbnRlbnRcL3VwbG9hZHNcLzIwMjVcLzA0XC9wYXVuLWR0X2MuanBnIiwic2xpZGVzaG93IjoiNjVjZTNhMWMifQ%3D%3D\">\n\t\t\t\t\t<div class=\"e-gallery-image elementor-gallery-item__image\" data-thumbnail=\"https:\/\/bucurestizoo.ro\/wp-content\/uploads\/2025\/04\/paun-dt_c-1024x683.jpg\" data-width=\"847\" data-height=\"565\" aria-label=\"\" role=\"img\" ><\/div>\n\t\t\t\t\t\t\t\t\t\t\t<div class=\"elementor-gallery-item__overlay\"><\/div>\n\t\t\t\t\t\t\t\t\t\t\t\t\t\t<\/a>\n\t\t\t\t\t\t\t<a class=\"e-gallery-item elementor-gallery-item elementor-animated-content\" href=\"https:\/\/bucurestizoo.ro\/wp-content\/uploads\/2025\/04\/paun-dt_2.jpg\" data-elementor-open-lightbox=\"yes\" data-elementor-lightbox-slideshow=\"65ce3a1c\" data-elementor-lightbox-title=\"paun dt_2\" data-e-action-hash=\"#elementor-action%3Aaction%3Dlightbox%26settings%3DeyJpZCI6MTQ5NjgsInVybCI6Imh0dHBzOlwvXC9idWN1cmVzdGl6b28ucm9cL3dwLWNvbnRlbnRcL3VwbG9hZHNcLzIwMjVcLzA0XC9wYXVuLWR0XzIuanBnIiwic2xpZGVzaG93IjoiNjVjZTNhMWMifQ%3D%3D\">\n\t\t\t\t\t<div class=\"e-gallery-image elementor-gallery-item__image\" data-thumbnail=\"https:\/\/bucurestizoo.ro\/wp-content\/uploads\/2025\/04\/paun-dt_2-1024x679.jpg\" data-width=\"847\" data-height=\"562\" aria-label=\"\" role=\"img\" ><\/div>\n\t\t\t\t\t\t\t\t\t\t\t<div class=\"elementor-gallery-item__overlay\"><\/div>\n\t\t\t\t\t\t\t\t\t\t\t\t\t\t<\/a>\n\t\t\t\t\t<\/div>\n\t\t\t\t\t<\/div>\n\t\t\t\t<\/div>\n\t\t\t\t\t<\/div>\n\t\t\t\t<\/div>\n\t\t<div class=\"elementor-element elementor-element-78cab98f animated-slow e-flex e-con-boxed elementor-invisible e-con e-parent\" data-id=\"78cab98f\" data-element_type=\"container\" data-e-type=\"container\" data-settings=\"{&quot;animation&quot;:&quot;fadeInRight&quot;}\">\n\t\t\t\t\t<div class=\"e-con-inner\">\n\t\t\t\t<div class=\"elementor-element elementor-element-51195d0c elementor-widget elementor-widget-heading\" data-id=\"51195d0c\" data-element_type=\"widget\" data-e-type=\"widget\" data-widget_type=\"heading.default\">\n\t\t\t\t<div class=\"elementor-widget-container\">\n\t\t\t\t\t<h1 class=\"elementor-heading-title elementor-size-default\">Habitat:<\/h1>\t\t\t\t<\/div>\n\t\t\t\t<\/div>\n\t\t\t\t<div class=\"elementor-element elementor-element-2cf7ac3d elementor-widget elementor-widget-text-editor\" data-id=\"2cf7ac3d\" data-element_type=\"widget\" data-e-type=\"widget\" data-widget_type=\"text-editor.default\">\n\t\t\t\t<div class=\"elementor-widget-container\">\n\t\t\t\t\t\t\t\t\t<p>P\u0103unii tr\u0103iesc \u00een p\u0103duri tropicale \u0219i subtropicale, prefer\u00e2nd zonele deschise, cum ar fi savanele, terenurile agricole \u0219i marginile p\u0103durilor. Sunt capabili s\u0103 se adapteze \u0219i la zonele locuite de oameni, fiind \u00eent\u00e2lni\u021bi \u00een gr\u0103dini \u0219i temple. \u00cen timpul nop\u021bii, p\u0103unii dorm \u00een copaci pentru a evita pr\u0103d\u0103torii.<\/p>\t\t\t\t\t\t\t\t<\/div>\n\t\t\t\t<\/div>\n\t\t\t\t\t<\/div>\n\t\t\t\t<\/div>\n\t\t<div class=\"elementor-element elementor-element-44abde1c e-grid e-con-boxed e-con e-parent\" data-id=\"44abde1c\" data-element_type=\"container\" data-e-type=\"container\">\n\t\t\t\t\t<div class=\"e-con-inner\">\n\t\t<div class=\"elementor-element elementor-element-4fb7234 e-con-full animated-slow e-flex elementor-invisible e-con e-child\" data-id=\"4fb7234\" data-element_type=\"container\" data-e-type=\"container\" data-settings=\"{&quot;animation&quot;:&quot;fadeInLeft&quot;}\">\n\t\t\t\t<div class=\"elementor-element elementor-element-4bac9079 elementor-widget elementor-widget-heading\" data-id=\"4bac9079\" data-element_type=\"widget\" data-e-type=\"widget\" data-widget_type=\"heading.default\">\n\t\t\t\t<div class=\"elementor-widget-container\">\n\t\t\t\t\t<h1 class=\"elementor-heading-title elementor-size-default\">Hran\u0103:<\/h1>\t\t\t\t<\/div>\n\t\t\t\t<\/div>\n\t\t\t\t<div class=\"elementor-element elementor-element-190db6c4 elementor-widget elementor-widget-text-editor\" data-id=\"190db6c4\" data-element_type=\"widget\" data-e-type=\"widget\" data-widget_type=\"text-editor.default\">\n\t\t\t\t<div class=\"elementor-widget-container\">\n\t\t\t\t\t\t\t\t\t<p>Sunt omnivori \u0219i consum\u0103: semin\u021be, fructe \u0219i legume, insecte \u0219i nevertebrate, mici reptile \u0219i amfibieni<br \/>Hrana variaz\u0103 \u00een func\u021bie de habitat, dar prefer\u0103 alimente bogate \u00een proteine \u00een sezonul de \u00eemperechere.<\/p>\t\t\t\t\t\t\t\t<\/div>\n\t\t\t\t<\/div>\n\t\t\t\t<\/div>\n\t\t<div class=\"elementor-element elementor-element-394ca024 e-con-full animated-slow e-flex elementor-invisible e-con e-child\" data-id=\"394ca024\" data-element_type=\"container\" data-e-type=\"container\" data-settings=\"{&quot;animation&quot;:&quot;fadeInRight&quot;}\">\n\t\t\t\t<div class=\"elementor-element elementor-element-dd600be elementor-widget elementor-widget-heading\" data-id=\"dd600be\" data-element_type=\"widget\" data-e-type=\"widget\" data-widget_type=\"heading.default\">\n\t\t\t\t<div class=\"elementor-widget-container\">\n\t\t\t\t\t<h1 class=\"elementor-heading-title elementor-size-default\">Conservare:<\/h1>\t\t\t\t<\/div>\n\t\t\t\t<\/div>\n\t\t\t\t<div class=\"elementor-element elementor-element-6d02951e elementor-widget elementor-widget-text-editor\" data-id=\"6d02951e\" data-element_type=\"widget\" data-e-type=\"widget\" data-widget_type=\"text-editor.default\">\n\t\t\t\t<div class=\"elementor-widget-container\">\n\t\t\t\t\t\t\t\t\t<p>P\u0103unul albastru nu este o specie amenin\u021bat\u0103 \u0219i este protejat prin lege \u00een India. Totu\u0219i, distrugerea habitatului \u0219i v\u00e2n\u0103toarea ilegal\u0103 pentru penele lor sunt amenin\u021b\u0103ri locale.<\/p>\t\t\t\t\t\t\t\t<\/div>\n\t\t\t\t<\/div>\n\t\t\t\t<\/div>\n\t\t\t\t\t<\/div>\n\t\t\t\t<\/div>\n\t\t\t\t<\/div>","protected":false},"excerpt":{"rendered":"<p>P\u0103un Denumirea \u0219tiin\u021bific\u0103: Pavo cristatusOrdinul: GalliformesFamilia: PhasianidaeGenul: PavoSpecia: Pavo cristatus Distribu\u021bia pe glob: P\u0103unul albastru este originar din subcontinentul indian \u2013 India, Sri Lanka \u0219i Nepal. A fost introdus \u00een multe alte regiuni ale lumii, inclusiv Europa, America de Nord \u0219i Australia, fiind apreciat pentru frumuse\u021bea sa Dimensiuni:\u2013 Lungimea corpului: 90\u2013130 cm (mascul), ~86 cm &hellip; <a href=\"https:\/\/bucurestizoo.ro\/en\/paun\/\" class=\"more-link\">Continue reading <span class=\"screen-reader-text\">P\u0103un<\/span><\/a><\/p>","protected":false},"author":1,"featured_media":0,"parent":0,"menu_order":0,"comment_status":"closed","ping_status":"closed","template":"","meta":{"_monsterinsights_skip_tracking":false,"_monsterinsights_sitenote_active":false,"_monsterinsights_sitenote_note":"","_monsterinsights_sitenote_category":0,"footnotes":""},"class_list":["post-12681","page","type-page","status-publish","hentry"],"aioseo_notices":[],"_links":{"self":[{"href":"https:\/\/bucurestizoo.ro\/en\/wp-json\/wp\/v2\/pages\/12681","targetHints":{"allow":["GET"]}}],"collection":[{"href":"https:\/\/bucurestizoo.ro\/en\/wp-json\/wp\/v2\/pages"}],"about":[{"href":"https:\/\/bucurestizoo.ro\/en\/wp-json\/wp\/v2\/types\/page"}],"author":[{"embeddable":true,"href":"https:\/\/bucurestizoo.ro\/en\/wp-json\/wp\/v2\/users\/1"}],"replies":[{"embeddable":true,"href":"https:\/\/bucurestizoo.ro\/en\/wp-json\/wp\/v2\/comments?post=12681"}],"version-history":[{"count":5,"href":"https:\/\/bucurestizoo.ro\/en\/wp-json\/wp\/v2\/pages\/12681\/revisions"}],"predecessor-version":[{"id":14978,"href":"https:\/\/bucurestizoo.ro\/en\/wp-json\/wp\/v2\/pages\/12681\/revisions\/14978"}],"wp:attachment":[{"href":"https:\/\/bucurestizoo.ro\/en\/wp-json\/wp\/v2\/media?parent=12681"}],"curies":[{"name":"wp","href":"https:\/\/api.w.org\/{rel}","templated":true}]}}