{"id":12677,"date":"2025-01-11T14:57:48","date_gmt":"2025-01-11T12:57:48","guid":{"rendered":"https:\/\/n1.bucurestizoo.ro\/?page_id=12677"},"modified":"2025-02-18T16:27:03","modified_gmt":"2025-02-18T14:27:03","slug":"pelican","status":"publish","type":"page","link":"https:\/\/bucurestizoo.ro\/en\/pelican\/","title":{"rendered":"Pelican"},"content":{"rendered":"<div data-elementor-type=\"wp-page\" data-elementor-id=\"12677\" class=\"elementor elementor-12677\" data-elementor-post-type=\"page\">\n\t\t\t\t<div class=\"elementor-element elementor-element-460695e3 e-flex e-con-boxed e-con e-parent\" data-id=\"460695e3\" data-element_type=\"container\" data-e-type=\"container\" data-settings=\"{&quot;background_background&quot;:&quot;classic&quot;}\">\n\t\t\t\t\t<div class=\"e-con-inner\">\n\t\t<div class=\"elementor-element elementor-element-38bd19bb e-con-full e-flex e-con e-child\" data-id=\"38bd19bb\" data-element_type=\"container\" data-e-type=\"container\">\n\t\t<div class=\"elementor-element elementor-element-2a455faa e-con-full animated-slow e-flex elementor-invisible e-con e-child\" data-id=\"2a455faa\" data-element_type=\"container\" data-e-type=\"container\" data-settings=\"{&quot;animation&quot;:&quot;fadeInLeft&quot;}\">\n\t\t\t\t<div class=\"elementor-element elementor-element-5cc3570a elementor-widget elementor-widget-heading\" data-id=\"5cc3570a\" data-element_type=\"widget\" data-e-type=\"widget\" data-widget_type=\"heading.default\">\n\t\t\t\t<div class=\"elementor-widget-container\">\n\t\t\t\t\t<h1 class=\"elementor-heading-title elementor-size-default\">Pelican Comun<\/h1>\t\t\t\t<\/div>\n\t\t\t\t<\/div>\n\t\t\t\t<div class=\"elementor-element elementor-element-3612a7c0 elementor-widget elementor-widget-text-editor\" data-id=\"3612a7c0\" data-element_type=\"widget\" data-e-type=\"widget\" data-widget_type=\"text-editor.default\">\n\t\t\t\t<div class=\"elementor-widget-container\">\n\t\t\t\t\t\t\t\t\t<p><strong data-start=\"0\" data-end=\"25\">Denumire \u0219tiin\u021bific\u0103:<\/strong> Pelecanus onocrotalus<br data-start=\"47\" data-end=\"50\" \/><strong data-start=\"50\" data-end=\"60\">Ordin:<\/strong> Pelecaniformes<br data-start=\"75\" data-end=\"78\" \/><strong data-start=\"78\" data-end=\"90\">Familie:<\/strong> Pelecanidae<br data-start=\"102\" data-end=\"105\" \/><strong data-start=\"105\" data-end=\"113\">Gen:<\/strong> Pelecanus<br data-start=\"123\" data-end=\"126\" \/><strong data-start=\"126\" data-end=\"137\">Specie:<\/strong> P. onocrotalus<br data-start=\"152\" data-end=\"155\" \/><strong data-start=\"155\" data-end=\"171\">Distribu\u021bie:<\/strong> Europa de Sud-Est, Asia de Vest, Africa<br data-start=\"211\" data-end=\"214\" \/><strong data-start=\"214\" data-end=\"229\">Dimensiuni:<\/strong> 140-180 cm lungime, anvergura aripilor 2,7-3,6 m<br data-start=\"278\" data-end=\"281\" \/><strong data-start=\"281\" data-end=\"294\">Greutate:<\/strong> 10-15 kg<br data-start=\"303\" data-end=\"306\" \/><strong data-start=\"306\" data-end=\"332\">Perioada de incuba\u021bie:<\/strong> 29-36 zile<br data-start=\"343\" data-end=\"346\" \/><strong data-start=\"346\" data-end=\"363\">Num\u0103r de pui:<\/strong> 1-3<br data-start=\"367\" data-end=\"370\" \/><strong data-start=\"370\" data-end=\"392\">Speran\u021b\u0103 de via\u021b\u0103:<\/strong> 15-25 ani \u00een s\u0103lb\u0103ticie, \u00een captivitate mai mult<\/p>\t\t\t\t\t\t\t\t<\/div>\n\t\t\t\t<\/div>\n\t\t\t\t<\/div>\n\t\t\t\t<div class=\"elementor-element elementor-element-bc59012 elementor-widget-tablet__width-inherit animated-slow elementor-invisible elementor-widget elementor-widget-image\" data-id=\"bc59012\" data-element_type=\"widget\" data-e-type=\"widget\" data-settings=\"{&quot;_animation&quot;:&quot;fadeInRight&quot;}\" data-widget_type=\"image.default\">\n\t\t\t\t<div class=\"elementor-widget-container\">\n\t\t\t\t\t\t\t\t\t\t\t\t\t\t\t<img fetchpriority=\"high\" decoding=\"async\" width=\"800\" height=\"533\" src=\"https:\/\/bucurestizoo.ro\/wp-content\/uploads\/2025\/02\/pelican-1.jpg\" class=\"attachment-large size-large wp-image-13247\" alt=\"\" srcset=\"https:\/\/bucurestizoo.ro\/wp-content\/uploads\/2025\/02\/pelican-1.jpg 800w, https:\/\/bucurestizoo.ro\/wp-content\/uploads\/2025\/02\/pelican-1-300x200.jpg 300w, https:\/\/bucurestizoo.ro\/wp-content\/uploads\/2025\/02\/pelican-1-768x512.jpg 768w, https:\/\/bucurestizoo.ro\/wp-content\/uploads\/2025\/02\/pelican-1-450x300.jpg 450w, https:\/\/bucurestizoo.ro\/wp-content\/uploads\/2025\/02\/pelican-1-650x433.jpg 650w\" sizes=\"(max-width: 800px) 100vw, 800px\" data-id=\"13247\" \/>\t\t\t\t\t\t\t\t\t\t\t\t\t\t\t<\/div>\n\t\t\t\t<\/div>\n\t\t\t\t<\/div>\n\t\t\t\t\t<\/div>\n\t\t\t\t<\/div>\n\t\t<div class=\"elementor-element elementor-element-65a8e4f8 animated-slow e-flex e-con-boxed elementor-invisible e-con e-parent\" data-id=\"65a8e4f8\" data-element_type=\"container\" data-e-type=\"container\" data-settings=\"{&quot;animation&quot;:&quot;fadeInLeft&quot;}\">\n\t\t\t\t\t<div class=\"e-con-inner\">\n\t\t\t\t<div class=\"elementor-element elementor-element-b8c9080 elementor-widget elementor-widget-heading\" data-id=\"b8c9080\" data-element_type=\"widget\" data-e-type=\"widget\" data-widget_type=\"heading.default\">\n\t\t\t\t<div class=\"elementor-widget-container\">\n\t\t\t\t\t<h1 class=\"elementor-heading-title elementor-size-default\">General:<\/h1>\t\t\t\t<\/div>\n\t\t\t\t<\/div>\n\t\t\t\t<div class=\"elementor-element elementor-element-4dd84fce elementor-widget elementor-widget-text-editor\" data-id=\"4dd84fce\" data-element_type=\"widget\" data-e-type=\"widget\" data-widget_type=\"text-editor.default\">\n\t\t\t\t<div class=\"elementor-widget-container\">\n\t\t\t\t\t\t\t\t\t<p>Pelicanul comun este una dintre cele mai impun\u0103toare p\u0103s\u0103ri acvatice, remarc\u00e2ndu-se prin dimensiunile sale mari \u0219i comportamentul social. Penajul s\u0103u este predominant alb, c\u0103p\u0103t\u00e2nd reflexii roz \u00een sezonul de reproducere. Ciocul, de un roz-g\u0103lbui distinctiv, este prev\u0103zut cu un sac gular elastic, ideal pentru capturarea pe\u0219tilor. Picioarele scurte, roz, au degete palmate, facilit\u00e2nd \u00eenotul eficient. Aceast\u0103 specie are o tehnic\u0103 impresionant\u0103 de pescuit, v\u00e2n\u00e2nd \u00een grup. Pelicanii formeaz\u0103 un cerc \u0219i \u00ee\u0219i scufund\u0103 simultan ciocurile pentru a prinde pe\u0219tii mai u\u0219or. Fiind o pas\u0103re social\u0103, tr\u0103ie\u0219te \u00een colonii mari al\u0103turi de alte p\u0103s\u0103ri acvatice. Cuib\u0103re\u0219te pe insule \u0219i \u00een zone umede izolate, unde femela depune \u00eentre 1 \u0219i 3 ou\u0103. Ambii p\u0103rin\u021bi se implic\u0103 \u00een clocire, timp de 29-36 de zile, iar puii sunt hr\u0103ni\u021bi intensiv, devenind independen\u021bi dup\u0103 c\u00e2teva luni.<\/p><p>\u00cel \u00eent\u00e2lnim \u00een \u021bara noastr\u0103 \u00een partea de nord, \u00een Mun\u021bii Rodnei \u0219i Maramure\u0219ului, \u0219i de la 1000 m \u00een sus, cu un regim de hran\u0103 mai mult carnivor \u0219i \u00eel mai \u00eent\u00e2lnim la \u00een\u0103l\u021bimi mai mici de 1000 m unde se hr\u0103ne\u0219te mai ales cu vegetale.\u00a0 \u00cen tinere\u021be are un guler alb \u00eengust, cu marginile bine limitate, care c\u0103tre b\u0103tr\u00e2ne\u021be se l\u0103\u021be\u0219te, devine galben sau galben-cafeniu, p\u00e2n\u0103 nu se mai recunoa\u0219te.<\/p>\t\t\t\t\t\t\t\t<\/div>\n\t\t\t\t<\/div>\n\t\t\t\t\t<\/div>\n\t\t\t\t<\/div>\n\t\t<div class=\"elementor-element elementor-element-6958c47f e-flex e-con-boxed e-con e-parent\" data-id=\"6958c47f\" data-element_type=\"container\" data-e-type=\"container\">\n\t\t\t\t\t<div class=\"e-con-inner\">\n\t\t\t\t<div class=\"elementor-element elementor-element-4e2f4d74 elementor-widget elementor-widget-gallery\" data-id=\"4e2f4d74\" data-element_type=\"widget\" data-e-type=\"widget\" data-settings=\"{&quot;columns&quot;:2,&quot;lazyload&quot;:&quot;yes&quot;,&quot;gallery_layout&quot;:&quot;grid&quot;,&quot;columns_tablet&quot;:2,&quot;columns_mobile&quot;:1,&quot;gap&quot;:{&quot;unit&quot;:&quot;px&quot;,&quot;size&quot;:10,&quot;sizes&quot;:[]},&quot;gap_tablet&quot;:{&quot;unit&quot;:&quot;px&quot;,&quot;size&quot;:10,&quot;sizes&quot;:[]},&quot;gap_mobile&quot;:{&quot;unit&quot;:&quot;px&quot;,&quot;size&quot;:10,&quot;sizes&quot;:[]},&quot;link_to&quot;:&quot;file&quot;,&quot;aspect_ratio&quot;:&quot;3:2&quot;,&quot;overlay_background&quot;:&quot;yes&quot;,&quot;content_hover_animation&quot;:&quot;fade-in&quot;}\" data-widget_type=\"gallery.default\">\n\t\t\t\t<div class=\"elementor-widget-container\">\n\t\t\t\t\t\t\t<div class=\"elementor-gallery__container\">\n\t\t\t\t\t\t\t<a class=\"e-gallery-item elementor-gallery-item elementor-animated-content\" href=\"https:\/\/bucurestizoo.ro\/wp-content\/uploads\/2025\/02\/pelican-2.jpg\" data-elementor-open-lightbox=\"yes\" data-elementor-lightbox-slideshow=\"4e2f4d74\" data-elementor-lightbox-title=\"pelican 2\" data-e-action-hash=\"#elementor-action%3Aaction%3Dlightbox%26settings%3DeyJpZCI6MTMyNDgsInVybCI6Imh0dHBzOlwvXC9idWN1cmVzdGl6b28ucm9cL3dwLWNvbnRlbnRcL3VwbG9hZHNcLzIwMjVcLzAyXC9wZWxpY2FuLTIuanBnIiwic2xpZGVzaG93IjoiNGUyZjRkNzQifQ%3D%3D\">\n\t\t\t\t\t<div class=\"e-gallery-image elementor-gallery-item__image\" data-thumbnail=\"https:\/\/bucurestizoo.ro\/wp-content\/uploads\/2025\/02\/pelican-2.jpg\" data-width=\"800\" data-height=\"533\" aria-label=\"\" role=\"img\" ><\/div>\n\t\t\t\t\t\t\t\t\t\t\t<div class=\"elementor-gallery-item__overlay\"><\/div>\n\t\t\t\t\t\t\t\t\t\t\t\t\t\t<\/a>\n\t\t\t\t\t\t\t<a class=\"e-gallery-item elementor-gallery-item elementor-animated-content\" href=\"https:\/\/bucurestizoo.ro\/wp-content\/uploads\/2025\/02\/pelican_eticheta-scaled.jpg\" data-elementor-open-lightbox=\"yes\" data-elementor-lightbox-slideshow=\"4e2f4d74\" data-elementor-lightbox-title=\"pelican_eticheta\" data-e-action-hash=\"#elementor-action%3Aaction%3Dlightbox%26settings%3DeyJpZCI6MTMyNDksInVybCI6Imh0dHBzOlwvXC9idWN1cmVzdGl6b28ucm9cL3dwLWNvbnRlbnRcL3VwbG9hZHNcLzIwMjVcLzAyXC9wZWxpY2FuX2V0aWNoZXRhLXNjYWxlZC5qcGciLCJzbGlkZXNob3ciOiI0ZTJmNGQ3NCJ9\">\n\t\t\t\t\t<div class=\"e-gallery-image elementor-gallery-item__image\" data-thumbnail=\"https:\/\/bucurestizoo.ro\/wp-content\/uploads\/2025\/02\/pelican_eticheta-1024x685.jpg\" data-width=\"847\" data-height=\"567\" aria-label=\"\" role=\"img\" ><\/div>\n\t\t\t\t\t\t\t\t\t\t\t<div class=\"elementor-gallery-item__overlay\"><\/div>\n\t\t\t\t\t\t\t\t\t\t\t\t\t\t<\/a>\n\t\t\t\t\t<\/div>\n\t\t\t\t\t<\/div>\n\t\t\t\t<\/div>\n\t\t\t\t\t<\/div>\n\t\t\t\t<\/div>\n\t\t<div class=\"elementor-element elementor-element-5d4d36e7 animated-slow e-flex e-con-boxed elementor-invisible e-con e-parent\" data-id=\"5d4d36e7\" data-element_type=\"container\" data-e-type=\"container\" data-settings=\"{&quot;animation&quot;:&quot;fadeInRight&quot;}\">\n\t\t\t\t\t<div class=\"e-con-inner\">\n\t\t\t\t<div class=\"elementor-element elementor-element-12af166c elementor-widget elementor-widget-heading\" data-id=\"12af166c\" data-element_type=\"widget\" data-e-type=\"widget\" data-widget_type=\"heading.default\">\n\t\t\t\t<div class=\"elementor-widget-container\">\n\t\t\t\t\t<h1 class=\"elementor-heading-title elementor-size-default\">Habitat:<\/h1>\t\t\t\t<\/div>\n\t\t\t\t<\/div>\n\t\t\t\t<div class=\"elementor-element elementor-element-5dcebf51 elementor-widget elementor-widget-text-editor\" data-id=\"5dcebf51\" data-element_type=\"widget\" data-e-type=\"widget\" data-widget_type=\"text-editor.default\">\n\t\t\t\t<div class=\"elementor-widget-container\">\n\t\t\t\t\t\t\t\t\t<p>Lacuri, lagune, estuare<\/p>\t\t\t\t\t\t\t\t<\/div>\n\t\t\t\t<\/div>\n\t\t\t\t\t<\/div>\n\t\t\t\t<\/div>\n\t\t<div class=\"elementor-element elementor-element-20ad0f19 e-grid e-con-boxed e-con e-parent\" data-id=\"20ad0f19\" data-element_type=\"container\" data-e-type=\"container\">\n\t\t\t\t\t<div class=\"e-con-inner\">\n\t\t<div class=\"elementor-element elementor-element-6a1db947 e-con-full animated-slow e-flex elementor-invisible e-con e-child\" data-id=\"6a1db947\" data-element_type=\"container\" data-e-type=\"container\" data-settings=\"{&quot;animation&quot;:&quot;fadeInLeft&quot;}\">\n\t\t\t\t<div class=\"elementor-element elementor-element-c071a39 elementor-widget elementor-widget-heading\" data-id=\"c071a39\" data-element_type=\"widget\" data-e-type=\"widget\" data-widget_type=\"heading.default\">\n\t\t\t\t<div class=\"elementor-widget-container\">\n\t\t\t\t\t<h1 class=\"elementor-heading-title elementor-size-default\">Hran\u0103:<\/h1>\t\t\t\t<\/div>\n\t\t\t\t<\/div>\n\t\t\t\t<div class=\"elementor-element elementor-element-4006c5b3 elementor-widget elementor-widget-text-editor\" data-id=\"4006c5b3\" data-element_type=\"widget\" data-e-type=\"widget\" data-widget_type=\"text-editor.default\">\n\t\t\t\t<div class=\"elementor-widget-container\">\n\t\t\t\t\t\t\t\t\t<p>Pelicanul comun este piscivor, consum\u00e2nd \u00een special crap, caras \u0219i al\u021bi pe\u0219ti de talie medie. Spre deosebire de alte specii de pelicani, prefer\u0103 s\u0103 v\u00e2neze \u00een grup, form\u00e2nd un cerc \u0219i scufund\u00e2nd simultan ciocurile pentru a \u00eempinge pe\u0219tii \u00een zone mai pu\u021bin ad\u00e2nci, unde sunt mai u\u0219or de prins.<\/p>\t\t\t\t\t\t\t\t<\/div>\n\t\t\t\t<\/div>\n\t\t\t\t<\/div>\n\t\t<div class=\"elementor-element elementor-element-6c9a130b e-con-full animated-slow e-flex elementor-invisible e-con e-child\" data-id=\"6c9a130b\" data-element_type=\"container\" data-e-type=\"container\" data-settings=\"{&quot;animation&quot;:&quot;fadeInRight&quot;}\">\n\t\t\t\t<div class=\"elementor-element elementor-element-74e738d6 elementor-widget elementor-widget-heading\" data-id=\"74e738d6\" data-element_type=\"widget\" data-e-type=\"widget\" data-widget_type=\"heading.default\">\n\t\t\t\t<div class=\"elementor-widget-container\">\n\t\t\t\t\t<h1 class=\"elementor-heading-title elementor-size-default\">Conservare:<\/h1>\t\t\t\t<\/div>\n\t\t\t\t<\/div>\n\t\t\t\t<div class=\"elementor-element elementor-element-31c8fbd1 elementor-widget elementor-widget-text-editor\" data-id=\"31c8fbd1\" data-element_type=\"widget\" data-e-type=\"widget\" data-widget_type=\"text-editor.default\">\n\t\t\t\t<div class=\"elementor-widget-container\">\n\t\t\t\t\t\t\t\t\t<p>Pelicanul comun este clasificat ca Aproape amenin\u021bat pe Lista Ro\u0219ie a IUCN. Delta Dun\u0103rii g\u0103zduie\u0219te una dintre cele mai importante popula\u021bii de pelicani comuni din Europa. Aceast\u0103 zon\u0103 ofer\u0103 condi\u021bii excelente de cuib\u0103rit \u0219i hr\u0103nire, fiind un refugiu crucial pentru specia amenin\u021bat\u0103. Ace\u0219ti pelicani sunt o prezen\u021b\u0103 spectaculoas\u0103 \u00een peisajele acvatice, simboliz\u00e2nd echilibrul delicat al ecosistemelor umede.\u00a0<\/p>\t\t\t\t\t\t\t\t<\/div>\n\t\t\t\t<\/div>\n\t\t\t\t<\/div>\n\t\t\t\t\t<\/div>\n\t\t\t\t<\/div>\n\t\t<div class=\"elementor-element elementor-element-5fa1210 animated-slow e-flex e-con-boxed elementor-invisible e-con e-parent\" data-id=\"5fa1210\" data-element_type=\"container\" data-e-type=\"container\" data-settings=\"{&quot;animation&quot;:&quot;fadeInRight&quot;}\">\n\t\t\t\t\t<div class=\"e-con-inner\">\n\t\t\t\t<div class=\"elementor-element elementor-element-0732321 elementor-widget elementor-widget-heading\" data-id=\"0732321\" data-element_type=\"widget\" data-e-type=\"widget\" data-widget_type=\"heading.default\">\n\t\t\t\t<div class=\"elementor-widget-container\">\n\t\t\t\t\t<h1 class=\"elementor-heading-title elementor-size-default\">La ZOO Bucure\u0219ti:<\/h1>\t\t\t\t<\/div>\n\t\t\t\t<\/div>\n\t\t\t\t<div class=\"elementor-element elementor-element-1228b28 elementor-widget elementor-widget-text-editor\" data-id=\"1228b28\" data-element_type=\"widget\" data-e-type=\"widget\" data-widget_type=\"text-editor.default\">\n\t\t\t\t<div class=\"elementor-widget-container\">\n\t\t\t\t\t\t\t\t\t<p>La Gr\u0103dina Zoologic\u0103 Bucure\u0219ti, po\u021bi vedea pelicani comuni al\u0103turi de pelicanii cre\u021bi. Ace\u0219tia sunt \u021binu\u021bi \u00eentr-un habitat special amenajat cu ap\u0103 \u0219i zone de odihn\u0103, unde pot fi observa\u021bi \u00eendeaproape de vizitatori. De\u0219i \u00een s\u0103lb\u0103ticie sunt p\u0103s\u0103ri migratoare, la zoo au parte de \u00eengrijire constant\u0103 \u0219i hran\u0103 asigurat\u0103. Astfel, sunt proteja\u021bi de pericolele din natur\u0103, iar publicul are ocazia s\u0103 \u00eenve\u021be mai multe despre importan\u021ba conserv\u0103rii acestor p\u0103s\u0103ri impresionante.<\/p>\t\t\t\t\t\t\t\t<\/div>\n\t\t\t\t<\/div>\n\t\t\t\t\t<\/div>\n\t\t\t\t<\/div>\n\t\t\t\t<\/div>","protected":false},"excerpt":{"rendered":"<p>Pelican Comun Denumire \u0219tiin\u021bific\u0103: Pelecanus onocrotalusOrdin: PelecaniformesFamilie: PelecanidaeGen: PelecanusSpecie: P. onocrotalusDistribu\u021bie: Europa de Sud-Est, Asia de Vest, AfricaDimensiuni: 140-180 cm lungime, anvergura aripilor 2,7-3,6 mGreutate: 10-15 kgPerioada de incuba\u021bie: 29-36 zileNum\u0103r de pui: 1-3Speran\u021b\u0103 de via\u021b\u0103: 15-25 ani \u00een s\u0103lb\u0103ticie, \u00een captivitate mai mult General: Pelicanul comun este una dintre cele mai impun\u0103toare p\u0103s\u0103ri acvatice, &hellip; <a href=\"https:\/\/bucurestizoo.ro\/en\/pelican\/\" class=\"more-link\">Continue reading <span class=\"screen-reader-text\">Pelican<\/span><\/a><\/p>","protected":false},"author":1,"featured_media":0,"parent":0,"menu_order":0,"comment_status":"closed","ping_status":"closed","template":"","meta":{"_monsterinsights_skip_tracking":false,"_monsterinsights_sitenote_active":false,"_monsterinsights_sitenote_note":"","_monsterinsights_sitenote_category":0,"footnotes":""},"class_list":["post-12677","page","type-page","status-publish","hentry"],"aioseo_notices":[],"_links":{"self":[{"href":"https:\/\/bucurestizoo.ro\/en\/wp-json\/wp\/v2\/pages\/12677","targetHints":{"allow":["GET"]}}],"collection":[{"href":"https:\/\/bucurestizoo.ro\/en\/wp-json\/wp\/v2\/pages"}],"about":[{"href":"https:\/\/bucurestizoo.ro\/en\/wp-json\/wp\/v2\/types\/page"}],"author":[{"embeddable":true,"href":"https:\/\/bucurestizoo.ro\/en\/wp-json\/wp\/v2\/users\/1"}],"replies":[{"embeddable":true,"href":"https:\/\/bucurestizoo.ro\/en\/wp-json\/wp\/v2\/comments?post=12677"}],"version-history":[{"count":6,"href":"https:\/\/bucurestizoo.ro\/en\/wp-json\/wp\/v2\/pages\/12677\/revisions"}],"predecessor-version":[{"id":13324,"href":"https:\/\/bucurestizoo.ro\/en\/wp-json\/wp\/v2\/pages\/12677\/revisions\/13324"}],"wp:attachment":[{"href":"https:\/\/bucurestizoo.ro\/en\/wp-json\/wp\/v2\/media?parent=12677"}],"curies":[{"name":"wp","href":"https:\/\/api.w.org\/{rel}","templated":true}]}}