{"id":12675,"date":"2025-01-11T14:57:15","date_gmt":"2025-01-11T12:57:15","guid":{"rendered":"https:\/\/n1.bucurestizoo.ro\/?page_id=12675"},"modified":"2025-02-18T16:51:31","modified_gmt":"2025-02-18T14:51:31","slug":"papagal-ara","status":"publish","type":"page","link":"https:\/\/bucurestizoo.ro\/en\/papagal-ara\/","title":{"rendered":"Papagal Ara"},"content":{"rendered":"<div data-elementor-type=\"wp-page\" data-elementor-id=\"12675\" class=\"elementor elementor-12675\" data-elementor-post-type=\"page\">\n\t\t\t\t<div class=\"elementor-element elementor-element-27e05623 e-flex e-con-boxed e-con e-parent\" data-id=\"27e05623\" data-element_type=\"container\" data-e-type=\"container\" data-settings=\"{&quot;background_background&quot;:&quot;classic&quot;}\">\n\t\t\t\t\t<div class=\"e-con-inner\">\n\t\t<div class=\"elementor-element elementor-element-4682dba8 e-con-full e-flex e-con e-child\" data-id=\"4682dba8\" data-element_type=\"container\" data-e-type=\"container\">\n\t\t<div class=\"elementor-element elementor-element-a2745ff e-con-full animated-slow e-flex elementor-invisible e-con e-child\" data-id=\"a2745ff\" data-element_type=\"container\" data-e-type=\"container\" data-settings=\"{&quot;animation&quot;:&quot;fadeInLeft&quot;}\">\n\t\t\t\t<div class=\"elementor-element elementor-element-f6ec679 elementor-widget elementor-widget-heading\" data-id=\"f6ec679\" data-element_type=\"widget\" data-e-type=\"widget\" data-widget_type=\"heading.default\">\n\t\t\t\t<div class=\"elementor-widget-container\">\n\t\t\t\t\t<h1 class=\"elementor-heading-title elementor-size-default\">Papagal Ara cu aripi verzi<\/h1>\t\t\t\t<\/div>\n\t\t\t\t<\/div>\n\t\t\t\t<div class=\"elementor-element elementor-element-1c043adc elementor-widget elementor-widget-text-editor\" data-id=\"1c043adc\" data-element_type=\"widget\" data-e-type=\"widget\" data-widget_type=\"text-editor.default\">\n\t\t\t\t<div class=\"elementor-widget-container\">\n\t\t\t\t\t\t\t\t\t<p><strong data-start=\"0\" data-end=\"25\">Denumire \u0219tiin\u021bific\u0103:<\/strong> Ara chloropterus<br data-start=\"42\" data-end=\"45\" \/><strong data-start=\"45\" data-end=\"55\">Ordin:<\/strong> Psittaciformes<br data-start=\"70\" data-end=\"73\" \/><strong data-start=\"73\" data-end=\"85\">Familie:<\/strong> Psittacidae<br data-start=\"97\" data-end=\"100\" \/><strong data-start=\"100\" data-end=\"108\">Gen:<\/strong> Ara<br data-start=\"112\" data-end=\"115\" \/><strong data-start=\"115\" data-end=\"126\">Specie:<\/strong> Ara chloropterus<br data-start=\"143\" data-end=\"146\" \/><strong data-start=\"146\" data-end=\"162\">Distribu\u021bie:<\/strong> America de Sud \u2013 p\u0103durile tropicale din Brazilia, Bolivia, Paraguay, Argentina<br data-start=\"241\" data-end=\"244\" \/><strong data-start=\"244\" data-end=\"259\">Dimensiuni:<\/strong> 90-95 cm lungime, anvergura aripilor 110-125 cm<br data-start=\"307\" data-end=\"310\" \/><strong data-start=\"310\" data-end=\"323\">Greutate:<\/strong> 1,1 &#8211; 1,7 kg<br data-start=\"336\" data-end=\"339\" \/><strong data-start=\"339\" data-end=\"364\">Perioada de incubare:<\/strong> 24-28 zile<br data-start=\"375\" data-end=\"378\" \/><strong data-start=\"378\" data-end=\"395\">Num\u0103r de pui:<\/strong> 1-3<br data-start=\"399\" data-end=\"402\" \/><strong data-start=\"402\" data-end=\"424\">Speran\u021b\u0103 de via\u021b\u0103:<\/strong> 10-15 ani \u00een s\u0103lb\u0103ticie, \u00een captivitate mai mult<\/p>\t\t\t\t\t\t\t\t<\/div>\n\t\t\t\t<\/div>\n\t\t\t\t<\/div>\n\t\t\t\t<div class=\"elementor-element elementor-element-2b533959 elementor-widget-tablet__width-inherit animated-slow elementor-invisible elementor-widget elementor-widget-image\" data-id=\"2b533959\" data-element_type=\"widget\" data-e-type=\"widget\" data-settings=\"{&quot;_animation&quot;:&quot;fadeInRight&quot;}\" data-widget_type=\"image.default\">\n\t\t\t\t<div class=\"elementor-widget-container\">\n\t\t\t\t\t\t\t\t\t\t\t\t\t\t\t<img fetchpriority=\"high\" decoding=\"async\" width=\"847\" height=\"564\" src=\"https:\/\/bucurestizoo.ro\/wp-content\/uploads\/2025\/01\/papagal-1024x682.jpg\" class=\"attachment-large size-large wp-image-12381\" alt=\"\" srcset=\"https:\/\/bucurestizoo.ro\/wp-content\/uploads\/2025\/01\/papagal-1024x682.jpg 1024w, https:\/\/bucurestizoo.ro\/wp-content\/uploads\/2025\/01\/papagal-300x200.jpg 300w, https:\/\/bucurestizoo.ro\/wp-content\/uploads\/2025\/01\/papagal-768x512.jpg 768w, https:\/\/bucurestizoo.ro\/wp-content\/uploads\/2025\/01\/papagal-450x300.jpg 450w, https:\/\/bucurestizoo.ro\/wp-content\/uploads\/2025\/01\/papagal-650x433.jpg 650w, https:\/\/bucurestizoo.ro\/wp-content\/uploads\/2025\/01\/papagal.jpg 1280w\" sizes=\"(max-width: 847px) 100vw, 847px\" data-id=\"12381\" \/>\t\t\t\t\t\t\t\t\t\t\t\t\t\t\t<\/div>\n\t\t\t\t<\/div>\n\t\t\t\t<\/div>\n\t\t\t\t\t<\/div>\n\t\t\t\t<\/div>\n\t\t<div class=\"elementor-element elementor-element-79f72a61 animated-slow e-flex e-con-boxed elementor-invisible e-con e-parent\" data-id=\"79f72a61\" data-element_type=\"container\" data-e-type=\"container\" data-settings=\"{&quot;animation&quot;:&quot;fadeInLeft&quot;}\">\n\t\t\t\t\t<div class=\"e-con-inner\">\n\t\t\t\t<div class=\"elementor-element elementor-element-18339fcc elementor-widget elementor-widget-heading\" data-id=\"18339fcc\" data-element_type=\"widget\" data-e-type=\"widget\" data-widget_type=\"heading.default\">\n\t\t\t\t<div class=\"elementor-widget-container\">\n\t\t\t\t\t<h1 class=\"elementor-heading-title elementor-size-default\">General:<\/h1>\t\t\t\t<\/div>\n\t\t\t\t<\/div>\n\t\t\t\t<div class=\"elementor-element elementor-element-9befa07 elementor-widget elementor-widget-text-editor\" data-id=\"9befa07\" data-element_type=\"widget\" data-e-type=\"widget\" data-widget_type=\"text-editor.default\">\n\t\t\t\t<div class=\"elementor-widget-container\">\n\t\t\t\t\t\t\t\t\t<p>Este unul dintre cei mai mari papagali din lume \u0219i are un penaj spectaculos ro\u0219u, verde \u0219i albastru. Papagalul Ara cu aripi verzi (Ara chloropterus), cunoscut \u0219i sub numele de papagalul ro\u0219u-verde, este un papagal mare, cel mai mare din genul Ara.<\/p><p>\u00a0 Papagalul Ara cu aripi verzi are un penaj par\u021bial ro\u0219u \u0219i albastru-deschis pe spate. Coada lung\u0103 are termina\u021bia albastr\u0103. Aripile sunt albastre, cu penele de pe partea superioar\u0103 verde-\u00eenchis, de la care provine \u0219i denumirea speciei.<\/p><p>\u00cen comun cu al\u021bi papagali, \u00een ultimii ani s-a \u00eenregistrat o sc\u0103dere accentuat\u0103 a num\u0103rului acestora datorit\u0103 pierderii habitatelor \u0219i comer\u021bului ilegal cu papagali.<\/p><p>\u00a0 Papagalul Ara tr\u0103ie\u0219te \u00een perechi formate pe via\u021b\u0103. Femelele, de obicei, plaseaz\u0103 dou\u0103 sau trei ou\u0103 \u00eentr-un cuib, f\u0103cut \u00eentr-o scorbur\u0103 de copac.\u00a0 Ara cu aripi verzi are o memorie excelent\u0103 \u0219i poate \u00eenv\u0103\u021ba s\u0103 imite sunete umane, chiar \u0219i propozi\u021bii \u00eentregi!<\/p>\t\t\t\t\t\t\t\t<\/div>\n\t\t\t\t<\/div>\n\t\t\t\t\t<\/div>\n\t\t\t\t<\/div>\n\t\t<div class=\"elementor-element elementor-element-263d71cd e-flex e-con-boxed e-con e-parent\" data-id=\"263d71cd\" data-element_type=\"container\" data-e-type=\"container\">\n\t\t\t\t\t<div class=\"e-con-inner\">\n\t\t\t\t<div class=\"elementor-element elementor-element-38131145 elementor-widget elementor-widget-gallery\" data-id=\"38131145\" data-element_type=\"widget\" data-e-type=\"widget\" data-settings=\"{&quot;columns&quot;:2,&quot;lazyload&quot;:&quot;yes&quot;,&quot;gallery_layout&quot;:&quot;grid&quot;,&quot;columns_tablet&quot;:2,&quot;columns_mobile&quot;:1,&quot;gap&quot;:{&quot;unit&quot;:&quot;px&quot;,&quot;size&quot;:10,&quot;sizes&quot;:[]},&quot;gap_tablet&quot;:{&quot;unit&quot;:&quot;px&quot;,&quot;size&quot;:10,&quot;sizes&quot;:[]},&quot;gap_mobile&quot;:{&quot;unit&quot;:&quot;px&quot;,&quot;size&quot;:10,&quot;sizes&quot;:[]},&quot;link_to&quot;:&quot;file&quot;,&quot;aspect_ratio&quot;:&quot;3:2&quot;,&quot;overlay_background&quot;:&quot;yes&quot;,&quot;content_hover_animation&quot;:&quot;fade-in&quot;}\" data-widget_type=\"gallery.default\">\n\t\t\t\t<div class=\"elementor-widget-container\">\n\t\t\t\t\t\t\t<div class=\"elementor-gallery__container\">\n\t\t\t\t\t\t\t<a class=\"e-gallery-item elementor-gallery-item elementor-animated-content\" href=\"https:\/\/bucurestizoo.ro\/wp-content\/uploads\/2025\/02\/ARA_2-scaled.jpg\" data-elementor-open-lightbox=\"yes\" data-elementor-lightbox-slideshow=\"38131145\" data-elementor-lightbox-title=\"ARA_2\" data-e-action-hash=\"#elementor-action%3Aaction%3Dlightbox%26settings%3DeyJpZCI6MTMyMzIsInVybCI6Imh0dHBzOlwvXC9idWN1cmVzdGl6b28ucm9cL3dwLWNvbnRlbnRcL3VwbG9hZHNcLzIwMjVcLzAyXC9BUkFfMi1zY2FsZWQuanBnIiwic2xpZGVzaG93IjoiMzgxMzExNDUifQ%3D%3D\">\n\t\t\t\t\t<div class=\"e-gallery-image elementor-gallery-item__image\" data-thumbnail=\"https:\/\/bucurestizoo.ro\/wp-content\/uploads\/2025\/02\/ARA_2-1024x678.jpg\" data-width=\"847\" data-height=\"561\" aria-label=\"\" role=\"img\" ><\/div>\n\t\t\t\t\t\t\t\t\t\t\t<div class=\"elementor-gallery-item__overlay\"><\/div>\n\t\t\t\t\t\t\t\t\t\t\t\t\t\t<\/a>\n\t\t\t\t\t<\/div>\n\t\t\t\t\t<\/div>\n\t\t\t\t<\/div>\n\t\t\t\t\t<\/div>\n\t\t\t\t<\/div>\n\t\t<div class=\"elementor-element elementor-element-32b1883 animated-slow e-flex e-con-boxed elementor-invisible e-con e-parent\" data-id=\"32b1883\" data-element_type=\"container\" data-e-type=\"container\" data-settings=\"{&quot;animation&quot;:&quot;fadeInRight&quot;}\">\n\t\t\t\t\t<div class=\"e-con-inner\">\n\t\t\t\t<div class=\"elementor-element elementor-element-76fddcd6 elementor-widget elementor-widget-heading\" data-id=\"76fddcd6\" data-element_type=\"widget\" data-e-type=\"widget\" data-widget_type=\"heading.default\">\n\t\t\t\t<div class=\"elementor-widget-container\">\n\t\t\t\t\t<h1 class=\"elementor-heading-title elementor-size-default\">Habitat:<\/h1>\t\t\t\t<\/div>\n\t\t\t\t<\/div>\n\t\t\t\t<div class=\"elementor-element elementor-element-6d7aabd5 elementor-widget elementor-widget-text-editor\" data-id=\"6d7aabd5\" data-element_type=\"widget\" data-e-type=\"widget\" data-widget_type=\"text-editor.default\">\n\t\t\t\t<div class=\"elementor-widget-container\">\n\t\t\t\t\t\t\t\t\t<p>P\u0103duri tropicale, zone de savan\u0103 \u00eemp\u0103durit\u0103. Este larg r\u0103sp\u00e2ndit \u00een p\u0103durile umede din nordul \u0219i centrul Americii de Sud.<\/p>\t\t\t\t\t\t\t\t<\/div>\n\t\t\t\t<\/div>\n\t\t\t\t\t<\/div>\n\t\t\t\t<\/div>\n\t\t<div class=\"elementor-element elementor-element-58a99a5b e-grid e-con-boxed e-con e-parent\" data-id=\"58a99a5b\" data-element_type=\"container\" data-e-type=\"container\">\n\t\t\t\t\t<div class=\"e-con-inner\">\n\t\t<div class=\"elementor-element elementor-element-568acea0 e-con-full animated-slow e-flex elementor-invisible e-con e-child\" data-id=\"568acea0\" data-element_type=\"container\" data-e-type=\"container\" data-settings=\"{&quot;animation&quot;:&quot;fadeInLeft&quot;}\">\n\t\t\t\t<div class=\"elementor-element elementor-element-aafd42f elementor-widget elementor-widget-heading\" data-id=\"aafd42f\" data-element_type=\"widget\" data-e-type=\"widget\" data-widget_type=\"heading.default\">\n\t\t\t\t<div class=\"elementor-widget-container\">\n\t\t\t\t\t<h1 class=\"elementor-heading-title elementor-size-default\">Hran\u0103:<\/h1>\t\t\t\t<\/div>\n\t\t\t\t<\/div>\n\t\t\t\t<div class=\"elementor-element elementor-element-11784bca elementor-widget elementor-widget-text-editor\" data-id=\"11784bca\" data-element_type=\"widget\" data-e-type=\"widget\" data-widget_type=\"text-editor.default\">\n\t\t\t\t<div class=\"elementor-widget-container\">\n\t\t\t\t\t\t\t\t\t<p>Semin\u021be, fructe, nuci, flori. Hrana este format\u0103 din semin\u021be, fructe cu coaj\u0103 lemnoas\u0103, fructe \u0219i vegeta\u021bie, ciugulind pe ramurile cele mai proeminente ale copacilor \u00eenal\u021bi.<\/p>\t\t\t\t\t\t\t\t<\/div>\n\t\t\t\t<\/div>\n\t\t\t\t<\/div>\n\t\t<div class=\"elementor-element elementor-element-52aedc72 e-con-full animated-slow e-flex elementor-invisible e-con e-child\" data-id=\"52aedc72\" data-element_type=\"container\" data-e-type=\"container\" data-settings=\"{&quot;animation&quot;:&quot;fadeInRight&quot;}\">\n\t\t\t\t<div class=\"elementor-element elementor-element-700e399f elementor-widget elementor-widget-heading\" data-id=\"700e399f\" data-element_type=\"widget\" data-e-type=\"widget\" data-widget_type=\"heading.default\">\n\t\t\t\t<div class=\"elementor-widget-container\">\n\t\t\t\t\t<h1 class=\"elementor-heading-title elementor-size-default\">Conservare:<\/h1>\t\t\t\t<\/div>\n\t\t\t\t<\/div>\n\t\t\t\t<div class=\"elementor-element elementor-element-619f8ac3 elementor-widget elementor-widget-text-editor\" data-id=\"619f8ac3\" data-element_type=\"widget\" data-e-type=\"widget\" data-widget_type=\"text-editor.default\">\n\t\t\t\t<div class=\"elementor-widget-container\">\n\t\t\t\t\t\t\t\t\t<p>Vulnerabil din cauza defri\u0219\u0103rilor \u0219i a captur\u0103rii ilegale pentru comer\u021bul cu p\u0103s\u0103ri exotice. Papagalii adul\u021bi sunt v\u00e2na\u021bi pentru carne \u0219i pene, \u00een timp ce puii sunt lua\u021bi din cuiburi pentru comer\u021bul cu p\u0103s\u0103ri vii. De\u0219i nu este considerat\u0103, \u00een prezent, o specie amenin\u021bat\u0103, Funda\u021bia Aves Argentinas, partener al BirdLife International, conduce reintroducerea speciei \u00een Argentina.\u00a0<\/p>\t\t\t\t\t\t\t\t<\/div>\n\t\t\t\t<\/div>\n\t\t\t\t<\/div>\n\t\t\t\t\t<\/div>\n\t\t\t\t<\/div>\n\t\t\t\t<\/div>","protected":false},"excerpt":{"rendered":"<p>Papagal Ara cu aripi verzi Denumire \u0219tiin\u021bific\u0103: Ara chloropterusOrdin: PsittaciformesFamilie: PsittacidaeGen: AraSpecie: Ara chloropterusDistribu\u021bie: America de Sud \u2013 p\u0103durile tropicale din Brazilia, Bolivia, Paraguay, ArgentinaDimensiuni: 90-95 cm lungime, anvergura aripilor 110-125 cmGreutate: 1,1 &#8211; 1,7 kgPerioada de incubare: 24-28 zileNum\u0103r de pui: 1-3Speran\u021b\u0103 de via\u021b\u0103: 10-15 ani \u00een s\u0103lb\u0103ticie, \u00een captivitate mai mult General: Este &hellip; <a href=\"https:\/\/bucurestizoo.ro\/en\/papagal-ara\/\" class=\"more-link\">Continue reading <span class=\"screen-reader-text\">Papagal Ara<\/span><\/a><\/p>","protected":false},"author":1,"featured_media":0,"parent":0,"menu_order":0,"comment_status":"closed","ping_status":"closed","template":"","meta":{"_monsterinsights_skip_tracking":false,"_monsterinsights_sitenote_active":false,"_monsterinsights_sitenote_note":"","_monsterinsights_sitenote_category":0,"footnotes":""},"class_list":["post-12675","page","type-page","status-publish","hentry"],"aioseo_notices":[],"_links":{"self":[{"href":"https:\/\/bucurestizoo.ro\/en\/wp-json\/wp\/v2\/pages\/12675","targetHints":{"allow":["GET"]}}],"collection":[{"href":"https:\/\/bucurestizoo.ro\/en\/wp-json\/wp\/v2\/pages"}],"about":[{"href":"https:\/\/bucurestizoo.ro\/en\/wp-json\/wp\/v2\/types\/page"}],"author":[{"embeddable":true,"href":"https:\/\/bucurestizoo.ro\/en\/wp-json\/wp\/v2\/users\/1"}],"replies":[{"embeddable":true,"href":"https:\/\/bucurestizoo.ro\/en\/wp-json\/wp\/v2\/comments?post=12675"}],"version-history":[{"count":5,"href":"https:\/\/bucurestizoo.ro\/en\/wp-json\/wp\/v2\/pages\/12675\/revisions"}],"predecessor-version":[{"id":13348,"href":"https:\/\/bucurestizoo.ro\/en\/wp-json\/wp\/v2\/pages\/12675\/revisions\/13348"}],"wp:attachment":[{"href":"https:\/\/bucurestizoo.ro\/en\/wp-json\/wp\/v2\/media?parent=12675"}],"curies":[{"name":"wp","href":"https:\/\/api.w.org\/{rel}","templated":true}]}}