{"id":12671,"date":"2025-01-11T14:56:14","date_gmt":"2025-01-11T12:56:14","guid":{"rendered":"https:\/\/n1.bucurestizoo.ro\/?page_id=12671"},"modified":"2025-03-15T15:42:24","modified_gmt":"2025-03-15T13:42:24","slug":"kookaburra","status":"publish","type":"page","link":"https:\/\/bucurestizoo.ro\/en\/kookaburra\/","title":{"rendered":"Kookaburra"},"content":{"rendered":"<div data-elementor-type=\"wp-page\" data-elementor-id=\"12671\" class=\"elementor elementor-12671\" data-elementor-post-type=\"page\">\n\t\t\t\t<div class=\"elementor-element elementor-element-6cb3aa37 e-flex e-con-boxed e-con e-parent\" data-id=\"6cb3aa37\" data-element_type=\"container\" data-e-type=\"container\" data-settings=\"{&quot;background_background&quot;:&quot;classic&quot;}\">\n\t\t\t\t\t<div class=\"e-con-inner\">\n\t\t<div class=\"elementor-element elementor-element-1bc6f769 e-con-full e-flex e-con e-child\" data-id=\"1bc6f769\" data-element_type=\"container\" data-e-type=\"container\">\n\t\t<div class=\"elementor-element elementor-element-632f7ed8 e-con-full animated-slow e-flex elementor-invisible e-con e-child\" data-id=\"632f7ed8\" data-element_type=\"container\" data-e-type=\"container\" data-settings=\"{&quot;animation&quot;:&quot;fadeInLeft&quot;}\">\n\t\t\t\t<div class=\"elementor-element elementor-element-cff07fd elementor-widget elementor-widget-heading\" data-id=\"cff07fd\" data-element_type=\"widget\" data-e-type=\"widget\" data-widget_type=\"heading.default\">\n\t\t\t\t<div class=\"elementor-widget-container\">\n\t\t\t\t\t<h1 class=\"elementor-heading-title elementor-size-default\">Kookaburra R\u00e2z\u0103toare<\/h1>\t\t\t\t<\/div>\n\t\t\t\t<\/div>\n\t\t\t\t<div class=\"elementor-element elementor-element-742597d6 elementor-widget elementor-widget-text-editor\" data-id=\"742597d6\" data-element_type=\"widget\" data-e-type=\"widget\" data-widget_type=\"text-editor.default\">\n\t\t\t\t<div class=\"elementor-widget-container\">\n\t\t\t\t\t\t\t\t\t<p><strong>Denumire \u0219tiin\u021bific\u0103:<\/strong> Dacelo novaeguineae<br \/><strong>Ordin:<\/strong> Coraciiformes<br \/><strong>Familie:<\/strong> Alcedinidae<br \/><strong>Gen:<\/strong> Dacelo<br \/><strong>Specie:<\/strong> Dacelo novaeguineae<br \/><strong>Distribu\u021bie:<\/strong> Australia, Tasmania<br \/><strong>Dimensiuni:<\/strong> 40-45 cm lungime<br \/><strong>Greutate:<\/strong> 300-500 g<br \/><strong>Perioada de incuba\u021bie:<\/strong> 24-29 zile<br \/><strong>Num\u0103r de pui:<\/strong> 2-4 ou\u0103<br \/><strong>Speran\u021b\u0103 de via\u021b\u0103:<\/strong> 15-20 ani<\/p>\t\t\t\t\t\t\t\t<\/div>\n\t\t\t\t<\/div>\n\t\t\t\t<\/div>\n\t\t\t\t<div class=\"elementor-element elementor-element-1157e97b elementor-widget-tablet__width-inherit animated-slow elementor-invisible elementor-widget elementor-widget-image\" data-id=\"1157e97b\" data-element_type=\"widget\" data-e-type=\"widget\" data-settings=\"{&quot;_animation&quot;:&quot;fadeInRight&quot;}\" data-widget_type=\"image.default\">\n\t\t\t\t<div class=\"elementor-widget-container\">\n\t\t\t\t\t\t\t\t\t\t\t\t\t\t\t<img fetchpriority=\"high\" decoding=\"async\" width=\"847\" height=\"564\" src=\"https:\/\/bucurestizoo.ro\/wp-content\/uploads\/2025\/03\/Kookaburra-razatoare-dt_1-Large-1024x682.jpeg\" class=\"attachment-large size-large wp-image-13925\" alt=\"\" srcset=\"https:\/\/bucurestizoo.ro\/wp-content\/uploads\/2025\/03\/Kookaburra-razatoare-dt_1-Large-1024x682.jpeg 1024w, https:\/\/bucurestizoo.ro\/wp-content\/uploads\/2025\/03\/Kookaburra-razatoare-dt_1-Large-300x200.jpeg 300w, https:\/\/bucurestizoo.ro\/wp-content\/uploads\/2025\/03\/Kookaburra-razatoare-dt_1-Large-768x512.jpeg 768w, https:\/\/bucurestizoo.ro\/wp-content\/uploads\/2025\/03\/Kookaburra-razatoare-dt_1-Large-450x300.jpeg 450w, https:\/\/bucurestizoo.ro\/wp-content\/uploads\/2025\/03\/Kookaburra-razatoare-dt_1-Large-650x433.jpeg 650w, https:\/\/bucurestizoo.ro\/wp-content\/uploads\/2025\/03\/Kookaburra-razatoare-dt_1-Large.jpeg 1280w\" sizes=\"(max-width: 847px) 100vw, 847px\" data-id=\"13925\" \/>\t\t\t\t\t\t\t\t\t\t\t\t\t\t\t<\/div>\n\t\t\t\t<\/div>\n\t\t\t\t<\/div>\n\t\t\t\t\t<\/div>\n\t\t\t\t<\/div>\n\t\t<div class=\"elementor-element elementor-element-78d8d35c animated-slow e-flex e-con-boxed elementor-invisible e-con e-parent\" data-id=\"78d8d35c\" data-element_type=\"container\" data-e-type=\"container\" data-settings=\"{&quot;animation&quot;:&quot;fadeInLeft&quot;}\">\n\t\t\t\t\t<div class=\"e-con-inner\">\n\t\t\t\t<div class=\"elementor-element elementor-element-32b8ede elementor-widget elementor-widget-heading\" data-id=\"32b8ede\" data-element_type=\"widget\" data-e-type=\"widget\" data-widget_type=\"heading.default\">\n\t\t\t\t<div class=\"elementor-widget-container\">\n\t\t\t\t\t<h1 class=\"elementor-heading-title elementor-size-default\">General:<\/h1>\t\t\t\t<\/div>\n\t\t\t\t<\/div>\n\t\t\t\t<div class=\"elementor-element elementor-element-2449f661 elementor-widget elementor-widget-text-editor\" data-id=\"2449f661\" data-element_type=\"widget\" data-e-type=\"widget\" data-widget_type=\"text-editor.default\">\n\t\t\t\t<div class=\"elementor-widget-container\">\n\t\t\t\t\t\t\t\t\t<p>Kookaburra r\u00e2z\u0103toare este cunoscut\u0103 pentru sunetul s\u0103u distinctiv, asem\u0103n\u0103tor r\u00e2sului uman. Este o pas\u0103re monogam\u0103 \u0219i \u00ee\u0219i cre\u0219te puii \u00een grupuri familiale. Kookaburra este originara din Australia. Face parte din genul Dacelo, familia\u00a0Alcedinidae.<\/p><p>Kookaburra traieste intro vegetatie specifica continentului Australian care se numeste \u201ebush\u201d. Aceasta vegetatie care acopera campia este formata din diverse tufisuri si arbori mici.<\/p><p>Locuitorii sunt obisnuiti cu sunetele parca batjocoritoare ale pasarii care pare ca se distreaza de una singura.<\/p><p>Este intalnita si sub denumirea de\u00a0Pasarea clovn Kookaburra datorita comportamentului haios si a culorii penajului.<\/p>\t\t\t\t\t\t\t\t<\/div>\n\t\t\t\t<\/div>\n\t\t\t\t\t<\/div>\n\t\t\t\t<\/div>\n\t\t<div class=\"elementor-element elementor-element-4bfd43ed e-flex e-con-boxed e-con e-parent\" data-id=\"4bfd43ed\" data-element_type=\"container\" data-e-type=\"container\">\n\t\t\t\t\t<div class=\"e-con-inner\">\n\t\t\t\t<div class=\"elementor-element elementor-element-45529a16 elementor-widget elementor-widget-gallery\" data-id=\"45529a16\" data-element_type=\"widget\" data-e-type=\"widget\" data-settings=\"{&quot;columns&quot;:2,&quot;lazyload&quot;:&quot;yes&quot;,&quot;gallery_layout&quot;:&quot;grid&quot;,&quot;columns_tablet&quot;:2,&quot;columns_mobile&quot;:1,&quot;gap&quot;:{&quot;unit&quot;:&quot;px&quot;,&quot;size&quot;:10,&quot;sizes&quot;:[]},&quot;gap_tablet&quot;:{&quot;unit&quot;:&quot;px&quot;,&quot;size&quot;:10,&quot;sizes&quot;:[]},&quot;gap_mobile&quot;:{&quot;unit&quot;:&quot;px&quot;,&quot;size&quot;:10,&quot;sizes&quot;:[]},&quot;link_to&quot;:&quot;file&quot;,&quot;aspect_ratio&quot;:&quot;3:2&quot;,&quot;overlay_background&quot;:&quot;yes&quot;,&quot;content_hover_animation&quot;:&quot;fade-in&quot;}\" data-widget_type=\"gallery.default\">\n\t\t\t\t<div class=\"elementor-widget-container\">\n\t\t\t\t\t\t\t<div class=\"elementor-gallery__container\">\n\t\t\t\t\t\t\t<a class=\"e-gallery-item elementor-gallery-item elementor-animated-content\" href=\"https:\/\/bucurestizoo.ro\/wp-content\/uploads\/2025\/03\/Kookaburra-razatoare-dt_3-Large.jpeg\" data-elementor-open-lightbox=\"yes\" data-elementor-lightbox-slideshow=\"45529a16\" data-elementor-lightbox-title=\"Kookaburra ra\u0302za\u0306toare dt_3 Large\" data-e-action-hash=\"#elementor-action%3Aaction%3Dlightbox%26settings%3DeyJpZCI6MTM5MjQsInVybCI6Imh0dHBzOlwvXC9idWN1cmVzdGl6b28ucm9cL3dwLWNvbnRlbnRcL3VwbG9hZHNcLzIwMjVcLzAzXC9Lb29rYWJ1cnJhLXJhemF0b2FyZS1kdF8zLUxhcmdlLmpwZWciLCJzbGlkZXNob3ciOiI0NTUyOWExNiJ9\">\n\t\t\t\t\t<div class=\"e-gallery-image elementor-gallery-item__image\" data-thumbnail=\"https:\/\/bucurestizoo.ro\/wp-content\/uploads\/2025\/03\/Kookaburra-razatoare-dt_3-Large-1024x814.jpeg\" data-width=\"847\" data-height=\"673\" aria-label=\"\" role=\"img\" ><\/div>\n\t\t\t\t\t\t\t\t\t\t\t<div class=\"elementor-gallery-item__overlay\"><\/div>\n\t\t\t\t\t\t\t\t\t\t\t\t\t\t<\/a>\n\t\t\t\t\t\t\t<a class=\"e-gallery-item elementor-gallery-item elementor-animated-content\" href=\"https:\/\/bucurestizoo.ro\/wp-content\/uploads\/2025\/03\/Kookaburra-razatoare-dt_2-Large.jpeg\" data-elementor-open-lightbox=\"yes\" data-elementor-lightbox-slideshow=\"45529a16\" data-elementor-lightbox-title=\"Kookaburra ra\u0302za\u0306toare dt_2 Large\" data-e-action-hash=\"#elementor-action%3Aaction%3Dlightbox%26settings%3DeyJpZCI6MTM5MjMsInVybCI6Imh0dHBzOlwvXC9idWN1cmVzdGl6b28ucm9cL3dwLWNvbnRlbnRcL3VwbG9hZHNcLzIwMjVcLzAzXC9Lb29rYWJ1cnJhLXJhemF0b2FyZS1kdF8yLUxhcmdlLmpwZWciLCJzbGlkZXNob3ciOiI0NTUyOWExNiJ9\">\n\t\t\t\t\t<div class=\"e-gallery-image elementor-gallery-item__image\" data-thumbnail=\"https:\/\/bucurestizoo.ro\/wp-content\/uploads\/2025\/03\/Kookaburra-razatoare-dt_2-Large-1024x678.jpeg\" data-width=\"847\" data-height=\"561\" aria-label=\"\" role=\"img\" ><\/div>\n\t\t\t\t\t\t\t\t\t\t\t<div class=\"elementor-gallery-item__overlay\"><\/div>\n\t\t\t\t\t\t\t\t\t\t\t\t\t\t<\/a>\n\t\t\t\t\t<\/div>\n\t\t\t\t\t<\/div>\n\t\t\t\t<\/div>\n\t\t\t\t\t<\/div>\n\t\t\t\t<\/div>\n\t\t<div class=\"elementor-element elementor-element-1097ef40 animated-slow e-flex e-con-boxed elementor-invisible e-con e-parent\" data-id=\"1097ef40\" data-element_type=\"container\" data-e-type=\"container\" data-settings=\"{&quot;animation&quot;:&quot;fadeInRight&quot;}\">\n\t\t\t\t\t<div class=\"e-con-inner\">\n\t\t\t\t<div class=\"elementor-element elementor-element-7f2cade5 elementor-widget elementor-widget-heading\" data-id=\"7f2cade5\" data-element_type=\"widget\" data-e-type=\"widget\" data-widget_type=\"heading.default\">\n\t\t\t\t<div class=\"elementor-widget-container\">\n\t\t\t\t\t<h1 class=\"elementor-heading-title elementor-size-default\">Habitat:<\/h1>\t\t\t\t<\/div>\n\t\t\t\t<\/div>\n\t\t\t\t<div class=\"elementor-element elementor-element-18b05a3c elementor-widget elementor-widget-text-editor\" data-id=\"18b05a3c\" data-element_type=\"widget\" data-e-type=\"widget\" data-widget_type=\"text-editor.default\">\n\t\t\t\t<div class=\"elementor-widget-container\">\n\t\t\t\t\t\t\t\t\t<p>Prefer\u0103 p\u0103durile deschise, savanele \u0219i zonele de coast\u0103.<\/p>\t\t\t\t\t\t\t\t<\/div>\n\t\t\t\t<\/div>\n\t\t\t\t\t<\/div>\n\t\t\t\t<\/div>\n\t\t<div class=\"elementor-element elementor-element-5eb26ba3 e-grid e-con-boxed e-con e-parent\" data-id=\"5eb26ba3\" data-element_type=\"container\" data-e-type=\"container\">\n\t\t\t\t\t<div class=\"e-con-inner\">\n\t\t<div class=\"elementor-element elementor-element-19b8d4c e-con-full animated-slow e-flex elementor-invisible e-con e-child\" data-id=\"19b8d4c\" data-element_type=\"container\" data-e-type=\"container\" data-settings=\"{&quot;animation&quot;:&quot;fadeInLeft&quot;}\">\n\t\t\t\t<div class=\"elementor-element elementor-element-7e194d0e elementor-widget elementor-widget-heading\" data-id=\"7e194d0e\" data-element_type=\"widget\" data-e-type=\"widget\" data-widget_type=\"heading.default\">\n\t\t\t\t<div class=\"elementor-widget-container\">\n\t\t\t\t\t<h1 class=\"elementor-heading-title elementor-size-default\">Hran\u0103:<\/h1>\t\t\t\t<\/div>\n\t\t\t\t<\/div>\n\t\t\t\t<div class=\"elementor-element elementor-element-3e414421 elementor-widget elementor-widget-text-editor\" data-id=\"3e414421\" data-element_type=\"widget\" data-e-type=\"widget\" data-widget_type=\"text-editor.default\">\n\t\t\t\t<div class=\"elementor-widget-container\">\n\t\t\t\t\t\t\t\t\t<p>Este carnivor\u0103 \u0219i se hr\u0103ne\u0219te cu \u0219erpi, roz\u0103toare \u0219i insecte mari.<\/p>\t\t\t\t\t\t\t\t<\/div>\n\t\t\t\t<\/div>\n\t\t\t\t<\/div>\n\t\t<div class=\"elementor-element elementor-element-1057c4ab e-con-full animated-slow e-flex elementor-invisible e-con e-child\" data-id=\"1057c4ab\" data-element_type=\"container\" data-e-type=\"container\" data-settings=\"{&quot;animation&quot;:&quot;fadeInRight&quot;}\">\n\t\t\t\t<div class=\"elementor-element elementor-element-5209bf85 elementor-widget elementor-widget-heading\" data-id=\"5209bf85\" data-element_type=\"widget\" data-e-type=\"widget\" data-widget_type=\"heading.default\">\n\t\t\t\t<div class=\"elementor-widget-container\">\n\t\t\t\t\t<h1 class=\"elementor-heading-title elementor-size-default\">Conservare:<\/h1>\t\t\t\t<\/div>\n\t\t\t\t<\/div>\n\t\t\t\t<div class=\"elementor-element elementor-element-258348fd elementor-widget elementor-widget-text-editor\" data-id=\"258348fd\" data-element_type=\"widget\" data-e-type=\"widget\" data-widget_type=\"text-editor.default\">\n\t\t\t\t<div class=\"elementor-widget-container\">\n\t\t\t\t\t\t\t\t\t<p>Popula\u021biile sunt stabile, dar este afectat\u0103 de urbanizare.<\/p>\t\t\t\t\t\t\t\t<\/div>\n\t\t\t\t<\/div>\n\t\t\t\t<\/div>\n\t\t\t\t\t<\/div>\n\t\t\t\t<\/div>\n\t\t\t\t<\/div>","protected":false},"excerpt":{"rendered":"<p>Kookaburra R\u00e2z\u0103toare Denumire \u0219tiin\u021bific\u0103: Dacelo novaeguineaeOrdin: CoraciiformesFamilie: AlcedinidaeGen: DaceloSpecie: Dacelo novaeguineaeDistribu\u021bie: Australia, TasmaniaDimensiuni: 40-45 cm lungimeGreutate: 300-500 gPerioada de incuba\u021bie: 24-29 zileNum\u0103r de pui: 2-4 ou\u0103Speran\u021b\u0103 de via\u021b\u0103: 15-20 ani General: Kookaburra r\u00e2z\u0103toare este cunoscut\u0103 pentru sunetul s\u0103u distinctiv, asem\u0103n\u0103tor r\u00e2sului uman. Este o pas\u0103re monogam\u0103 \u0219i \u00ee\u0219i cre\u0219te puii \u00een grupuri familiale. Kookaburra este &hellip; <a href=\"https:\/\/bucurestizoo.ro\/en\/kookaburra\/\" class=\"more-link\">Continue reading <span class=\"screen-reader-text\">Kookaburra<\/span><\/a><\/p>","protected":false},"author":1,"featured_media":0,"parent":0,"menu_order":0,"comment_status":"closed","ping_status":"closed","template":"","meta":{"_monsterinsights_skip_tracking":false,"_monsterinsights_sitenote_active":false,"_monsterinsights_sitenote_note":"","_monsterinsights_sitenote_category":0,"footnotes":""},"class_list":["post-12671","page","type-page","status-publish","hentry"],"aioseo_notices":[],"_links":{"self":[{"href":"https:\/\/bucurestizoo.ro\/en\/wp-json\/wp\/v2\/pages\/12671","targetHints":{"allow":["GET"]}}],"collection":[{"href":"https:\/\/bucurestizoo.ro\/en\/wp-json\/wp\/v2\/pages"}],"about":[{"href":"https:\/\/bucurestizoo.ro\/en\/wp-json\/wp\/v2\/types\/page"}],"author":[{"embeddable":true,"href":"https:\/\/bucurestizoo.ro\/en\/wp-json\/wp\/v2\/users\/1"}],"replies":[{"embeddable":true,"href":"https:\/\/bucurestizoo.ro\/en\/wp-json\/wp\/v2\/comments?post=12671"}],"version-history":[{"count":4,"href":"https:\/\/bucurestizoo.ro\/en\/wp-json\/wp\/v2\/pages\/12671\/revisions"}],"predecessor-version":[{"id":13929,"href":"https:\/\/bucurestizoo.ro\/en\/wp-json\/wp\/v2\/pages\/12671\/revisions\/13929"}],"wp:attachment":[{"href":"https:\/\/bucurestizoo.ro\/en\/wp-json\/wp\/v2\/media?parent=12671"}],"curies":[{"name":"wp","href":"https:\/\/api.w.org\/{rel}","templated":true}]}}