{"id":12664,"date":"2025-01-11T14:54:11","date_gmt":"2025-01-11T12:54:11","guid":{"rendered":"https:\/\/n1.bucurestizoo.ro\/?page_id=12664"},"modified":"2025-04-05T10:16:09","modified_gmt":"2025-04-05T08:16:09","slug":"flamingo","status":"publish","type":"page","link":"https:\/\/bucurestizoo.ro\/en\/flamingo\/","title":{"rendered":"Flamingo"},"content":{"rendered":"<div data-elementor-type=\"wp-page\" data-elementor-id=\"12664\" class=\"elementor elementor-12664\" data-elementor-post-type=\"page\">\n\t\t\t\t<div class=\"elementor-element elementor-element-379e0d22 e-flex e-con-boxed e-con e-parent\" data-id=\"379e0d22\" data-element_type=\"container\" data-e-type=\"container\" data-settings=\"{&quot;background_background&quot;:&quot;classic&quot;}\">\n\t\t\t\t\t<div class=\"e-con-inner\">\n\t\t<div class=\"elementor-element elementor-element-38e8827 e-con-full e-flex e-con e-child\" data-id=\"38e8827\" data-element_type=\"container\" data-e-type=\"container\">\n\t\t<div class=\"elementor-element elementor-element-5d3fc79c e-con-full animated-slow e-flex elementor-invisible e-con e-child\" data-id=\"5d3fc79c\" data-element_type=\"container\" data-e-type=\"container\" data-settings=\"{&quot;animation&quot;:&quot;fadeInLeft&quot;}\">\n\t\t\t\t<div class=\"elementor-element elementor-element-7dcceec3 elementor-widget elementor-widget-heading\" data-id=\"7dcceec3\" data-element_type=\"widget\" data-e-type=\"widget\" data-widget_type=\"heading.default\">\n\t\t\t\t<div class=\"elementor-widget-container\">\n\t\t\t\t\t<h1 class=\"elementor-heading-title elementor-size-default\">Flamingo<\/h1>\t\t\t\t<\/div>\n\t\t\t\t<\/div>\n\t\t\t\t<div class=\"elementor-element elementor-element-40848336 elementor-widget elementor-widget-text-editor\" data-id=\"40848336\" data-element_type=\"widget\" data-e-type=\"widget\" data-widget_type=\"text-editor.default\">\n\t\t\t\t<div class=\"elementor-widget-container\">\n\t\t\t\t\t\t\t\t\t<p><strong data-start=\"0\" data-end=\"25\">Denumire \u0219tiin\u021bific\u0103:<\/strong> Phoenicopterus roseus \u0219i\u00a0 Phoenicopterus rubber <br data-start=\"47\" data-end=\"50\" \/><strong data-start=\"50\" data-end=\"60\">Ordin:<\/strong> Phoenicopteriformes<br data-start=\"80\" data-end=\"83\" \/><strong data-start=\"83\" data-end=\"95\">Familie:<\/strong> Phoenicopteridae<br data-start=\"112\" data-end=\"115\" \/><strong data-start=\"115\" data-end=\"123\">Gen:<\/strong> Phoenicopterus<br data-start=\"138\" data-end=\"141\" \/><strong data-start=\"141\" data-end=\"152\">Specie:<\/strong> Phoenicopterus roseus<br data-start=\"174\" data-end=\"177\" \/><strong data-start=\"177\" data-end=\"193\">Distribu\u021bie:<\/strong> Africa, Europa de Sud, Asia de Sud<br data-start=\"228\" data-end=\"231\" \/><strong data-start=\"231\" data-end=\"246\">Dimensiuni:<\/strong> 120-145 cm \u00een\u0103l\u021bime, anvergura aripilor 140-165 cm<br data-start=\"297\" data-end=\"300\" \/><strong data-start=\"300\" data-end=\"313\">Greutate:<\/strong> 2-4 kg<br data-start=\"320\" data-end=\"323\" \/><strong data-start=\"323\" data-end=\"348\">Perioada de incubare:<\/strong> 27-31 zile<br data-start=\"359\" data-end=\"362\" \/><strong data-start=\"362\" data-end=\"379\">Num\u0103r de pui:<\/strong> 1<br data-start=\"381\" data-end=\"384\" \/><strong data-start=\"384\" data-end=\"406\">Speran\u021b\u0103 de via\u021b\u0103:<\/strong> 20-30 ani \u00een s\u0103lb\u0103ticie, \u00een captivitate mai mult<\/p>\t\t\t\t\t\t\t\t<\/div>\n\t\t\t\t<\/div>\n\t\t\t\t<\/div>\n\t\t\t\t<div class=\"elementor-element elementor-element-395bbf89 elementor-widget-tablet__width-inherit animated-slow elementor-invisible elementor-widget elementor-widget-image\" data-id=\"395bbf89\" data-element_type=\"widget\" data-e-type=\"widget\" data-settings=\"{&quot;_animation&quot;:&quot;fadeInRight&quot;}\" data-widget_type=\"image.default\">\n\t\t\t\t<div class=\"elementor-widget-container\">\n\t\t\t\t\t\t\t\t\t\t\t\t\t\t\t<img fetchpriority=\"high\" decoding=\"async\" width=\"847\" height=\"438\" src=\"https:\/\/bucurestizoo.ro\/wp-content\/uploads\/2025\/02\/1flamingo-1024x530.jpg\" class=\"attachment-large size-large wp-image-13329\" alt=\"\" srcset=\"https:\/\/bucurestizoo.ro\/wp-content\/uploads\/2025\/02\/1flamingo-1024x530.jpg 1024w, https:\/\/bucurestizoo.ro\/wp-content\/uploads\/2025\/02\/1flamingo-300x155.jpg 300w, https:\/\/bucurestizoo.ro\/wp-content\/uploads\/2025\/02\/1flamingo-768x397.jpg 768w, https:\/\/bucurestizoo.ro\/wp-content\/uploads\/2025\/02\/1flamingo-1536x795.jpg 1536w, https:\/\/bucurestizoo.ro\/wp-content\/uploads\/2025\/02\/1flamingo-2048x1060.jpg 2048w, https:\/\/bucurestizoo.ro\/wp-content\/uploads\/2025\/02\/1flamingo-520x269.jpg 520w, https:\/\/bucurestizoo.ro\/wp-content\/uploads\/2025\/02\/1flamingo-650x336.jpg 650w\" sizes=\"(max-width: 847px) 100vw, 847px\" data-id=\"13329\" \/>\t\t\t\t\t\t\t\t\t\t\t\t\t\t\t<\/div>\n\t\t\t\t<\/div>\n\t\t\t\t<\/div>\n\t\t\t\t\t<\/div>\n\t\t\t\t<\/div>\n\t\t<div class=\"elementor-element elementor-element-57248111 animated-slow e-flex e-con-boxed elementor-invisible e-con e-parent\" data-id=\"57248111\" data-element_type=\"container\" data-e-type=\"container\" data-settings=\"{&quot;animation&quot;:&quot;fadeInLeft&quot;}\">\n\t\t\t\t\t<div class=\"e-con-inner\">\n\t\t\t\t<div class=\"elementor-element elementor-element-491753c2 elementor-widget elementor-widget-heading\" data-id=\"491753c2\" data-element_type=\"widget\" data-e-type=\"widget\" data-widget_type=\"heading.default\">\n\t\t\t\t<div class=\"elementor-widget-container\">\n\t\t\t\t\t<h1 class=\"elementor-heading-title elementor-size-default\">General:<\/h1>\t\t\t\t<\/div>\n\t\t\t\t<\/div>\n\t\t\t\t<div class=\"elementor-element elementor-element-12f14491 elementor-widget elementor-widget-text-editor\" data-id=\"12f14491\" data-element_type=\"widget\" data-e-type=\"widget\" data-widget_type=\"text-editor.default\">\n\t\t\t\t<div class=\"elementor-widget-container\">\n\t\t\t\t\t\t\t\t\t<p>Flamingo este unul dintre membrii mai mari ai clasei Aves, cu aripi de 1,5 m l\u0103\u021bime, \u00een\u0103l\u021b\u00e2ndu-se la 1,2 m \u00een\u0103l\u021bime \u0219i c\u00e2nt\u0103rind \u00eentre 2,1 \u0219i 4,1 kg. Sunt cunoscute pentru penajul lor colorat \u00een roz sau ro\u0219u. Cuv\u00e2ntul \u201cflamingo\u201d deriv\u0103 din limba spaniol\u0103 veche pentru \u201cflaming\u201d sau \u201cpene ro\u0219ii\u201d. Flamingo \u00ee\u0219i odihne\u0219te adesea capul pe corp, pentru a evita oboseala muscular\u0103 a g\u00e2tului. Culoarea roz sau ro\u0219iatic\u0103 a flamingo-ului provine din sursele bogate de pigmen\u021bi carotenoizi (precum pigmen\u021bii din morcovi) din algele \u0219i crustaceele mici pe care p\u0103s\u0103rile le m\u0103n\u00e2nc\u0103.\u00a0<\/p><p>\u00a0 O subspecie de Flamingo, din Caraibe, are penajul cel mai aprins, ar\u0103t\u00e2ndu-ne adev\u0103rate culori de ro\u0219u, roz sau portocaliu pe picioare, aripi \u0219i cap.<\/p><p>\u00a0 Flamingo are o metoda specifica de alimentare prin scufundarea ciocului si filtrarea apei.<\/p><p>La p\u0103s\u0103rile tinere, initial au culoarea cenu\u0219ie \u0219i treptat, pe m\u0103sur\u0103 ce ajung la maturitate,\u00a0 penajul se transforma in roz, ro\u0219u.\u00a0<\/p><p>\u00a0 Flamingo tr\u0103iesc \u0219i se hr\u0103nesc \u00een colonii mari, de pana la zeci , sute de indivizi. Coloniile sunt, \u00een general, un mechanism de protec\u021bie pentru o specie, \u00een care un \u00eentreg grup poate fi\u00a0 alertat de prezen\u021ba unui pr\u0103d\u0103tor.<\/p><p>\u00a0 Unul dintre aspectele cele mai distincte ale comportamentului flamingo este tendin\u021ba lor de a sta pe un picior, \u00een ap\u0103, perioade lungi de timp, chiar \u0219i c\u00e2nd dorm, cu capul a\u0219ezat pe corp \u0219i cu cel\u0103lalt picior \u00eendoit sub abdomen. Aceast\u0103 postur\u0103 reduce pierderile de c\u0103ldur\u0103 prin picioare \u0219i labe.<\/p><p>\u0218tia\u021bi c\u0103?<\/p><p>\u2013 \u00a0 \u00a0 \u00a0\u00a0 \u00cen Bahamas, pas\u0103rea flamingo roz reprezint\u0103 simbolul na\u021bional.<\/p>\t\t\t\t\t\t\t\t<\/div>\n\t\t\t\t<\/div>\n\t\t\t\t\t<\/div>\n\t\t\t\t<\/div>\n\t\t<div class=\"elementor-element elementor-element-75d04bc0 e-flex e-con-boxed e-con e-parent\" data-id=\"75d04bc0\" data-element_type=\"container\" data-e-type=\"container\">\n\t\t\t\t\t<div class=\"e-con-inner\">\n\t\t\t\t<div class=\"elementor-element elementor-element-13f5a0a8 elementor-widget elementor-widget-gallery\" data-id=\"13f5a0a8\" data-element_type=\"widget\" data-e-type=\"widget\" data-settings=\"{&quot;columns&quot;:3,&quot;lazyload&quot;:&quot;yes&quot;,&quot;gallery_layout&quot;:&quot;grid&quot;,&quot;columns_tablet&quot;:2,&quot;columns_mobile&quot;:1,&quot;gap&quot;:{&quot;unit&quot;:&quot;px&quot;,&quot;size&quot;:10,&quot;sizes&quot;:[]},&quot;gap_tablet&quot;:{&quot;unit&quot;:&quot;px&quot;,&quot;size&quot;:10,&quot;sizes&quot;:[]},&quot;gap_mobile&quot;:{&quot;unit&quot;:&quot;px&quot;,&quot;size&quot;:10,&quot;sizes&quot;:[]},&quot;link_to&quot;:&quot;file&quot;,&quot;aspect_ratio&quot;:&quot;3:2&quot;,&quot;overlay_background&quot;:&quot;yes&quot;,&quot;content_hover_animation&quot;:&quot;fade-in&quot;}\" data-widget_type=\"gallery.default\">\n\t\t\t\t<div class=\"elementor-widget-container\">\n\t\t\t\t\t\t\t<div class=\"elementor-gallery__container\">\n\t\t\t\t\t\t\t<a class=\"e-gallery-item elementor-gallery-item elementor-animated-content\" href=\"https:\/\/bucurestizoo.ro\/wp-content\/uploads\/2025\/02\/2flamingo.jpg\" data-elementor-open-lightbox=\"yes\" data-elementor-lightbox-slideshow=\"13f5a0a8\" data-elementor-lightbox-title=\"2flamingo\" data-e-action-hash=\"#elementor-action%3Aaction%3Dlightbox%26settings%3DeyJpZCI6MTMzMzAsInVybCI6Imh0dHBzOlwvXC9idWN1cmVzdGl6b28ucm9cL3dwLWNvbnRlbnRcL3VwbG9hZHNcLzIwMjVcLzAyXC8yZmxhbWluZ28uanBnIiwic2xpZGVzaG93IjoiMTNmNWEwYTgifQ%3D%3D\">\n\t\t\t\t\t<div class=\"e-gallery-image elementor-gallery-item__image\" data-thumbnail=\"https:\/\/bucurestizoo.ro\/wp-content\/uploads\/2025\/02\/2flamingo-683x1024.jpg\" data-width=\"683\" data-height=\"1024\" aria-label=\"\" role=\"img\" ><\/div>\n\t\t\t\t\t\t\t\t\t\t\t<div class=\"elementor-gallery-item__overlay\"><\/div>\n\t\t\t\t\t\t\t\t\t\t\t\t\t\t<\/a>\n\t\t\t\t\t\t\t<a class=\"e-gallery-item elementor-gallery-item elementor-animated-content\" href=\"https:\/\/bucurestizoo.ro\/wp-content\/uploads\/2025\/01\/Flamingo.jpg\" data-elementor-open-lightbox=\"yes\" data-elementor-lightbox-slideshow=\"13f5a0a8\" data-elementor-lightbox-title=\"Flamingo\" data-e-action-hash=\"#elementor-action%3Aaction%3Dlightbox%26settings%3DeyJpZCI6MTIzNzUsInVybCI6Imh0dHBzOlwvXC9idWN1cmVzdGl6b28ucm9cL3dwLWNvbnRlbnRcL3VwbG9hZHNcLzIwMjVcLzAxXC9GbGFtaW5nby5qcGciLCJzbGlkZXNob3ciOiIxM2Y1YTBhOCJ9\">\n\t\t\t\t\t<div class=\"e-gallery-image elementor-gallery-item__image\" data-thumbnail=\"https:\/\/bucurestizoo.ro\/wp-content\/uploads\/2025\/01\/Flamingo-1024x683.jpg\" data-width=\"847\" data-height=\"565\" aria-label=\"\" role=\"img\" ><\/div>\n\t\t\t\t\t\t\t\t\t\t\t<div class=\"elementor-gallery-item__overlay\"><\/div>\n\t\t\t\t\t\t\t\t\t\t\t\t\t\t<\/a>\n\t\t\t\t\t\t\t<a class=\"e-gallery-item elementor-gallery-item elementor-animated-content\" href=\"https:\/\/bucurestizoo.ro\/wp-content\/uploads\/2025\/02\/Flamingo_4-scaled.jpg\" data-elementor-open-lightbox=\"yes\" data-elementor-lightbox-slideshow=\"13f5a0a8\" data-elementor-lightbox-title=\"Flamingo_4\" data-e-action-hash=\"#elementor-action%3Aaction%3Dlightbox%26settings%3DeyJpZCI6MTMyMzgsInVybCI6Imh0dHBzOlwvXC9idWN1cmVzdGl6b28ucm9cL3dwLWNvbnRlbnRcL3VwbG9hZHNcLzIwMjVcLzAyXC9GbGFtaW5nb180LXNjYWxlZC5qcGciLCJzbGlkZXNob3ciOiIxM2Y1YTBhOCJ9\">\n\t\t\t\t\t<div class=\"e-gallery-image elementor-gallery-item__image\" data-thumbnail=\"https:\/\/bucurestizoo.ro\/wp-content\/uploads\/2025\/02\/Flamingo_4-1024x685.jpg\" data-width=\"847\" data-height=\"567\" aria-label=\"\" role=\"img\" ><\/div>\n\t\t\t\t\t\t\t\t\t\t\t<div class=\"elementor-gallery-item__overlay\"><\/div>\n\t\t\t\t\t\t\t\t\t\t\t\t\t\t<\/a>\n\t\t\t\t\t<\/div>\n\t\t\t\t\t<\/div>\n\t\t\t\t<\/div>\n\t\t\t\t\t<\/div>\n\t\t\t\t<\/div>\n\t\t<div class=\"elementor-element elementor-element-13e667e5 animated-slow e-flex e-con-boxed elementor-invisible e-con e-parent\" data-id=\"13e667e5\" data-element_type=\"container\" data-e-type=\"container\" data-settings=\"{&quot;animation&quot;:&quot;fadeInRight&quot;}\">\n\t\t\t\t\t<div class=\"e-con-inner\">\n\t\t\t\t<div class=\"elementor-element elementor-element-69c33bbe elementor-widget elementor-widget-heading\" data-id=\"69c33bbe\" data-element_type=\"widget\" data-e-type=\"widget\" data-widget_type=\"heading.default\">\n\t\t\t\t<div class=\"elementor-widget-container\">\n\t\t\t\t\t<h1 class=\"elementor-heading-title elementor-size-default\">Habitat:<\/h1>\t\t\t\t<\/div>\n\t\t\t\t<\/div>\n\t\t\t\t<div class=\"elementor-element elementor-element-5dc35d11 elementor-widget elementor-widget-text-editor\" data-id=\"5dc35d11\" data-element_type=\"widget\" data-e-type=\"widget\" data-widget_type=\"text-editor.default\">\n\t\t\t\t<div class=\"elementor-widget-container\">\n\t\t\t\t\t\t\t\t\t<p>Lacuri alcaline, lagune de coast\u0103. Flamingo-ul tr\u0103ie\u0219te \u00een colonii mari, de sute de mii de indivizi, la tropice \u0219i subtropice , de obicei \u00een apele pu\u021bin ad\u00e2nci ale lacurilor s\u0103rate sau s\u0103lcii ori alcaline. Coloniile ocup\u0103 suprafe\u021be mari de n\u0103mol, unde noroiul poate fi u\u0219or format \u00een movile pe care le folosesc ca \u0219i cuiburi.<\/p><p>\u00a0 Estuarele hiper-saline sunt habitatul lor preferat. Acestea sunt medii dure \u00een care aceste p\u0103s\u0103ri\u00a0 beneficiaz\u0103 de o concuren\u021b\u0103 redus\u0103. Aceste habitate sunt adesea localizate \u00een apropierea unor cursuri mai mari de ap\u0103, cum ar fi zone de coast\u0103, r\u00e2uri \u0219i lacuri deschise. Habitatele sunt aproape, \u00eentotdeauna, de coast\u0103, dar se \u0219tie c\u0103 p\u0103s\u0103rile se deplaseaz\u0103 \u00een interiorul lagunelor sau lacurilor vulcanice. \u00cen coloniile mari, apar lipsuri ocazionale de hran\u0103, iar efectivele vor efectua migra\u021bii scurte \u00een c\u0103utarea unor surse alimentare suplimentare.<\/p>\t\t\t\t\t\t\t\t<\/div>\n\t\t\t\t<\/div>\n\t\t\t\t\t<\/div>\n\t\t\t\t<\/div>\n\t\t<div class=\"elementor-element elementor-element-16f3db45 e-grid e-con-boxed e-con e-parent\" data-id=\"16f3db45\" data-element_type=\"container\" data-e-type=\"container\">\n\t\t\t\t\t<div class=\"e-con-inner\">\n\t\t<div class=\"elementor-element elementor-element-640d3cc0 e-con-full animated-slow e-flex elementor-invisible e-con e-child\" data-id=\"640d3cc0\" data-element_type=\"container\" data-e-type=\"container\" data-settings=\"{&quot;animation&quot;:&quot;fadeInLeft&quot;}\">\n\t\t\t\t<div class=\"elementor-element elementor-element-20ac57a4 elementor-widget elementor-widget-heading\" data-id=\"20ac57a4\" data-element_type=\"widget\" data-e-type=\"widget\" data-widget_type=\"heading.default\">\n\t\t\t\t<div class=\"elementor-widget-container\">\n\t\t\t\t\t<h1 class=\"elementor-heading-title elementor-size-default\">Hran\u0103:<\/h1>\t\t\t\t<\/div>\n\t\t\t\t<\/div>\n\t\t\t\t<div class=\"elementor-element elementor-element-2219a9b3 elementor-widget elementor-widget-text-editor\" data-id=\"2219a9b3\" data-element_type=\"widget\" data-e-type=\"widget\" data-widget_type=\"text-editor.default\">\n\t\t\t\t<div class=\"elementor-widget-container\">\n\t\t\t\t\t\t\t\t\t<p>Alge, crustacee, plancton. Una dintre caracteristicile acestei specii este comportamentul de hr\u0103nire \u0219i anume: p\u0103s\u0103rile i\u0219i folosesc picioarele lungi pentru a sedimentele de la fundul apei pu\u021bin ad\u00e2nci. Ciocul flamingo-ului este echipat cu r\u00e2nduri de proeminen\u021be osoase care leag\u0103 marginile interiorului ciocului, care func\u021bioneaz\u0103 ca o sit\u0103 \u0219i\u00a0 va mi\u0219ca ciocul pentru a pompa apa, filtr\u00e2nd organismele mici pentru a m\u00e2nca.\u00a0<\/p>\t\t\t\t\t\t\t\t<\/div>\n\t\t\t\t<\/div>\n\t\t\t\t<\/div>\n\t\t<div class=\"elementor-element elementor-element-432996ea e-con-full animated-slow e-flex elementor-invisible e-con e-child\" data-id=\"432996ea\" data-element_type=\"container\" data-e-type=\"container\" data-settings=\"{&quot;animation&quot;:&quot;fadeInRight&quot;}\">\n\t\t\t\t<div class=\"elementor-element elementor-element-1ca62984 elementor-widget elementor-widget-heading\" data-id=\"1ca62984\" data-element_type=\"widget\" data-e-type=\"widget\" data-widget_type=\"heading.default\">\n\t\t\t\t<div class=\"elementor-widget-container\">\n\t\t\t\t\t<h1 class=\"elementor-heading-title elementor-size-default\">Conservare:<\/h1>\t\t\t\t<\/div>\n\t\t\t\t<\/div>\n\t\t\t\t<div class=\"elementor-element elementor-element-5d9bf3ce elementor-widget elementor-widget-text-editor\" data-id=\"5d9bf3ce\" data-element_type=\"widget\" data-e-type=\"widget\" data-widget_type=\"text-editor.default\">\n\t\t\t\t<div class=\"elementor-widget-container\">\n\t\t\t\t\t\t\t\t\t<p>Flamingo sunt, \u00een prezent, considerate a fi neamenin\u021bate cu dispari\u021bia. Specia de\u021binut\u0103 de Zoo Bucure\u0219ti \u00een prezent poate migra u\u0219or ca raspuns a sc\u0103derii calit\u0103\u021bii habitatelor.<\/p><p>De asemenea, prezen\u021ba uman\u0103 \u00een habitatele preferate de coast\u0103 ale acestor p\u0103s\u0103ri poate \u00eentrerupe procesul de cuib\u0103rit \u0219i reproducere. De exemplu,\u00a0 chiar activit\u0103\u021bi, inofensive ca fotografierea\u00a0 sunt\u00a0 considerate o amenin\u021bare de catre acestea \u0219i pot duce la p\u0103r\u0103sirea habitatul.<\/p>\t\t\t\t\t\t\t\t<\/div>\n\t\t\t\t<\/div>\n\t\t\t\t<\/div>\n\t\t\t\t\t<\/div>\n\t\t\t\t<\/div>\n\t\t\t\t<\/div>","protected":false},"excerpt":{"rendered":"<p>Flamingo Denumire \u0219tiin\u021bific\u0103: Phoenicopterus roseus \u0219i\u00a0 Phoenicopterus rubber Ordin: PhoenicopteriformesFamilie: PhoenicopteridaeGen: PhoenicopterusSpecie: Phoenicopterus roseusDistribu\u021bie: Africa, Europa de Sud, Asia de SudDimensiuni: 120-145 cm \u00een\u0103l\u021bime, anvergura aripilor 140-165 cmGreutate: 2-4 kgPerioada de incubare: 27-31 zileNum\u0103r de pui: 1Speran\u021b\u0103 de via\u021b\u0103: 20-30 ani \u00een s\u0103lb\u0103ticie, \u00een captivitate mai mult General: Flamingo este unul dintre membrii mai mari &hellip; <a href=\"https:\/\/bucurestizoo.ro\/en\/flamingo\/\" class=\"more-link\">Continue reading <span class=\"screen-reader-text\">Flamingo<\/span><\/a><\/p>","protected":false},"author":1,"featured_media":0,"parent":0,"menu_order":0,"comment_status":"closed","ping_status":"closed","template":"","meta":{"_monsterinsights_skip_tracking":false,"_monsterinsights_sitenote_active":false,"_monsterinsights_sitenote_note":"","_monsterinsights_sitenote_category":0,"footnotes":""},"class_list":["post-12664","page","type-page","status-publish","hentry"],"aioseo_notices":[],"_links":{"self":[{"href":"https:\/\/bucurestizoo.ro\/en\/wp-json\/wp\/v2\/pages\/12664","targetHints":{"allow":["GET"]}}],"collection":[{"href":"https:\/\/bucurestizoo.ro\/en\/wp-json\/wp\/v2\/pages"}],"about":[{"href":"https:\/\/bucurestizoo.ro\/en\/wp-json\/wp\/v2\/types\/page"}],"author":[{"embeddable":true,"href":"https:\/\/bucurestizoo.ro\/en\/wp-json\/wp\/v2\/users\/1"}],"replies":[{"embeddable":true,"href":"https:\/\/bucurestizoo.ro\/en\/wp-json\/wp\/v2\/comments?post=12664"}],"version-history":[{"count":7,"href":"https:\/\/bucurestizoo.ro\/en\/wp-json\/wp\/v2\/pages\/12664\/revisions"}],"predecessor-version":[{"id":14966,"href":"https:\/\/bucurestizoo.ro\/en\/wp-json\/wp\/v2\/pages\/12664\/revisions\/14966"}],"wp:attachment":[{"href":"https:\/\/bucurestizoo.ro\/en\/wp-json\/wp\/v2\/media?parent=12664"}],"curies":[{"name":"wp","href":"https:\/\/api.w.org\/{rel}","templated":true}]}}