{"id":12651,"date":"2025-01-11T14:51:50","date_gmt":"2025-01-11T12:51:50","guid":{"rendered":"https:\/\/n1.bucurestizoo.ro\/?page_id=12651"},"modified":"2025-01-11T15:21:54","modified_gmt":"2025-01-11T13:21:54","slug":"acvile","status":"publish","type":"page","link":"https:\/\/bucurestizoo.ro\/en\/acvile\/","title":{"rendered":"Acvile"},"content":{"rendered":"<div data-elementor-type=\"wp-page\" data-elementor-id=\"12651\" class=\"elementor elementor-12651\" data-elementor-post-type=\"page\">\n\t\t\t\t<div class=\"elementor-element elementor-element-45875add e-flex e-con-boxed e-con e-parent\" data-id=\"45875add\" data-element_type=\"container\" data-e-type=\"container\">\n\t\t\t\t\t<div class=\"e-con-inner\">\n\t\t<div class=\"elementor-element elementor-element-79b08554 e-con-full e-flex elementor-invisible e-con e-child\" data-id=\"79b08554\" data-element_type=\"container\" data-e-type=\"container\" data-settings=\"{&quot;animation&quot;:&quot;fadeInLeft&quot;}\">\n\t\t\t\t<div class=\"elementor-element elementor-element-2ff8a8f4 elementor-widget elementor-widget-text-editor\" data-id=\"2ff8a8f4\" data-element_type=\"widget\" data-e-type=\"widget\" data-widget_type=\"text-editor.default\">\n\t\t\t\t<div class=\"elementor-widget-container\">\n\t\t\t\t\t\t\t\t\t<h2><strong>Acvila de step\u0103<\/strong><\/h2><p><strong>Nume \u0219tiin\u021bific<\/strong>: <em>Aquila nipalensis<\/em><br \/><strong>Lungime<\/strong>: 62-81 cm<br \/><strong>Anvergura aripilor<\/strong>: 1,6-2 m<br \/><strong>Greutate<\/strong>: 2-5 kg<br \/><strong>Durata de via\u021b\u0103<\/strong>: 20-30 de ani<\/p>\t\t\t\t\t\t\t\t<\/div>\n\t\t\t\t<\/div>\n\t\t\t\t<\/div>\n\t\t<div class=\"elementor-element elementor-element-b04e938 e-con-full e-flex elementor-invisible e-con e-child\" data-id=\"b04e938\" data-element_type=\"container\" data-e-type=\"container\" data-settings=\"{&quot;animation&quot;:&quot;fadeInRight&quot;}\">\n\t\t\t\t<div class=\"elementor-element elementor-element-464dd862 elementor-widget elementor-widget-image\" data-id=\"464dd862\" data-element_type=\"widget\" data-e-type=\"widget\" data-widget_type=\"image.default\">\n\t\t\t\t<div class=\"elementor-widget-container\">\n\t\t\t\t\t\t\t\t\t\t\t\t\t\t\t<img fetchpriority=\"high\" decoding=\"async\" width=\"847\" height=\"564\" src=\"https:\/\/bucurestizoo.ro\/wp-content\/uploads\/2025\/01\/acvila-1024x682.jpg\" class=\"attachment-large size-large wp-image-12371\" alt=\"\" srcset=\"https:\/\/bucurestizoo.ro\/wp-content\/uploads\/2025\/01\/acvila-1024x682.jpg 1024w, https:\/\/bucurestizoo.ro\/wp-content\/uploads\/2025\/01\/acvila-300x200.jpg 300w, https:\/\/bucurestizoo.ro\/wp-content\/uploads\/2025\/01\/acvila-768x512.jpg 768w, https:\/\/bucurestizoo.ro\/wp-content\/uploads\/2025\/01\/acvila-450x300.jpg 450w, https:\/\/bucurestizoo.ro\/wp-content\/uploads\/2025\/01\/acvila-650x433.jpg 650w, https:\/\/bucurestizoo.ro\/wp-content\/uploads\/2025\/01\/acvila.jpg 1280w\" sizes=\"(max-width: 847px) 100vw, 847px\" data-id=\"12371\" \/>\t\t\t\t\t\t\t\t\t\t\t\t\t\t\t<\/div>\n\t\t\t\t<\/div>\n\t\t\t\t<\/div>\n\t\t\t\t\t<\/div>\n\t\t\t\t<\/div>\n\t\t<div class=\"elementor-element elementor-element-42a672e e-flex e-con-boxed e-con e-parent\" data-id=\"42a672e\" data-element_type=\"container\" data-e-type=\"container\">\n\t\t\t\t\t<div class=\"e-con-inner\">\n\t\t<div class=\"elementor-element elementor-element-105cfc0b e-con-full e-flex elementor-invisible e-con e-child\" data-id=\"105cfc0b\" data-element_type=\"container\" data-e-type=\"container\" data-settings=\"{&quot;animation&quot;:&quot;fadeInUp&quot;}\">\n\t\t\t\t<div class=\"elementor-element elementor-element-7daf630a elementor-widget__width-initial elementor-widget elementor-widget-text-editor\" data-id=\"7daf630a\" data-element_type=\"widget\" data-e-type=\"widget\" data-widget_type=\"text-editor.default\">\n\t\t\t\t<div class=\"elementor-widget-container\">\n\t\t\t\t\t\t\t\t\t<p><strong>Descriere General\u0103<\/strong><br \/>Acvila de step\u0103 este o pas\u0103re mare de prad\u0103, cu un penaj predominant maro-\u00eenchis, dar cu pete aurii pe cap \u0219i pe partea superioar\u0103 a g\u00e2tului. Este o specie migratoare, petrec\u00e2nd verile \u00een Asia Central\u0103 \u0219i Europa de Est, iar iernile \u00een Africa subsaharian\u0103. Masculii \u0219i femelele arat\u0103 similar, dar femelele sunt, de obicei, mai mari. Este cunoscut\u0103 pentru zborul s\u0103u gra\u021bios \u0219i pentru capacitatea de a pluti \u00een aer perioade lungi, folosind curen\u021bii de aer cald.<\/p><p><strong>Habitat<\/strong><br \/>Acvila de step\u0103 prefer\u0103 habitatele deschise, cum ar fi stepele, savanele \u0219i zonele semiaride. Este frecvent \u00eent\u00e2lnit\u0103 \u00een apropierea paji\u0219tilor, unde poate g\u0103si prada u\u0219or. \u00cen perioada de reproducere, cuib\u0103re\u0219te pe sol sau \u00een zone cu vegeta\u021bie joas\u0103, folosind materiale naturale precum crengi \u0219i iarb\u0103 pentru a-\u0219i construi cuibul.<\/p><p>Aceast\u0103 specie evit\u0103 p\u0103durile dense \u0219i zonele urbane, prefer\u00e2nd spa\u021biile largi care \u00eei permit s\u0103 v\u00e2neze eficient.<\/p><p><strong>Hran\u0103<\/strong><br \/>Acvila de step\u0103 este un pr\u0103d\u0103tor oportunist, hr\u0103nindu-se \u00een principal cu roz\u0103toare, p\u0103s\u0103ri mici \u0219i reptile. De asemenea, consum\u0103 hoituri atunci c\u00e2nd hrana proasp\u0103t\u0103 este greu de g\u0103sit. V\u00e2neaz\u0103 prin zboruri joase, identific\u00e2nd prada cu ajutorul vederii sale extrem de ascu\u021bite, \u00eenainte de a plonja rapid pentru a o captura.<\/p><p>\u00cen perioadele cu hran\u0103 abundent\u0103, poate stoca hrana \u00een apropierea cuibului, asigur\u00e2ndu-\u0219i astfel o rezerv\u0103.<\/p><p><strong>Conservare<\/strong><br \/>De\u0219i acvila de step\u0103 este \u00eenc\u0103 frecvent \u00eent\u00e2lnit\u0103 \u00een anumite regiuni, popula\u021biile sale sunt \u00een declin din cauza pierderii habitatului, a utiliz\u0103rii pesticidelor \u0219i a braconajului. Este, de asemenea, afectat\u0103 de coliziuni cu liniile electrice \u0219i de distrugerea cuiburilor.<\/p><p>Specia este clasificat\u0103 ca vulnerabil\u0103 de Uniunea Interna\u021bional\u0103 pentru Conservarea Naturii (IUCN). Conservarea acestei specii implic\u0103 protejarea habitatelor deschise, reglementarea utiliz\u0103rii pesticidelor \u0219i monitorizarea popula\u021biilor migratoare.<\/p>\t\t\t\t\t\t\t\t<\/div>\n\t\t\t\t<\/div>\n\t\t\t\t<\/div>\n\t\t\t\t\t<\/div>\n\t\t\t\t<\/div>\n\t\t<div class=\"elementor-element elementor-element-5336516 e-flex e-con-boxed e-con e-parent\" data-id=\"5336516\" data-element_type=\"container\" data-e-type=\"container\">\n\t\t\t\t\t<div class=\"e-con-inner\">\n\t\t<div class=\"elementor-element elementor-element-1ca0809 e-con-full e-flex elementor-invisible e-con e-child\" data-id=\"1ca0809\" data-element_type=\"container\" data-e-type=\"container\" data-settings=\"{&quot;animation&quot;:&quot;fadeInLeft&quot;}\">\n\t\t\t\t<div class=\"elementor-element elementor-element-5b412bd elementor-widget elementor-widget-text-editor\" data-id=\"5b412bd\" data-element_type=\"widget\" data-e-type=\"widget\" data-widget_type=\"text-editor.default\">\n\t\t\t\t<div class=\"elementor-widget-container\">\n\t\t\t\t\t\t\t\t\t<h2><strong>Acvila de munte<\/strong><\/h2><p><strong>Nume \u0219tiin\u021bific<\/strong>: <em>Aquila chrysaetos<\/em><br \/><strong>Lungime<\/strong>: 66-102 cm<br \/><strong>Anvergura aripilor<\/strong>: 1,8-2,4 m<br \/><strong>Greutate<\/strong>: 3-7 kg<br \/><strong>Durata de via\u021b\u0103<\/strong>: P\u00e2n\u0103 la 30 de ani \u00een s\u0103lb\u0103ticie, peste 40 \u00een captivitate<\/p>\t\t\t\t\t\t\t\t<\/div>\n\t\t\t\t<\/div>\n\t\t\t\t<\/div>\n\t\t<div class=\"elementor-element elementor-element-e785019 e-con-full e-flex elementor-invisible e-con e-child\" data-id=\"e785019\" data-element_type=\"container\" data-e-type=\"container\" data-settings=\"{&quot;animation&quot;:&quot;fadeInRight&quot;}\">\n\t\t\t\t<div class=\"elementor-element elementor-element-b3a25ba elementor-widget elementor-widget-image\" data-id=\"b3a25ba\" data-element_type=\"widget\" data-e-type=\"widget\" data-widget_type=\"image.default\">\n\t\t\t\t<div class=\"elementor-widget-container\">\n\t\t\t\t\t\t\t\t\t\t\t\t\t\t\t<img decoding=\"async\" width=\"847\" height=\"564\" src=\"https:\/\/bucurestizoo.ro\/wp-content\/uploads\/2025\/01\/golden-eagle-1024x682.jpg\" class=\"attachment-large size-large wp-image-12699\" alt=\"\" srcset=\"https:\/\/bucurestizoo.ro\/wp-content\/uploads\/2025\/01\/golden-eagle-1024x682.jpg 1024w, https:\/\/bucurestizoo.ro\/wp-content\/uploads\/2025\/01\/golden-eagle-300x200.jpg 300w, https:\/\/bucurestizoo.ro\/wp-content\/uploads\/2025\/01\/golden-eagle-768x512.jpg 768w, https:\/\/bucurestizoo.ro\/wp-content\/uploads\/2025\/01\/golden-eagle-450x300.jpg 450w, https:\/\/bucurestizoo.ro\/wp-content\/uploads\/2025\/01\/golden-eagle-650x433.jpg 650w, https:\/\/bucurestizoo.ro\/wp-content\/uploads\/2025\/01\/golden-eagle.jpg 1280w\" sizes=\"(max-width: 847px) 100vw, 847px\" data-id=\"12699\" \/>\t\t\t\t\t\t\t\t\t\t\t\t\t\t\t<\/div>\n\t\t\t\t<\/div>\n\t\t\t\t<\/div>\n\t\t\t\t\t<\/div>\n\t\t\t\t<\/div>\n\t\t<div class=\"elementor-element elementor-element-534bee1 e-flex e-con-boxed e-con e-parent\" data-id=\"534bee1\" data-element_type=\"container\" data-e-type=\"container\">\n\t\t\t\t\t<div class=\"e-con-inner\">\n\t\t<div class=\"elementor-element elementor-element-0ccbe7d e-con-full e-flex elementor-invisible e-con e-child\" data-id=\"0ccbe7d\" data-element_type=\"container\" data-e-type=\"container\" data-settings=\"{&quot;animation&quot;:&quot;fadeInUp&quot;}\">\n\t\t\t\t<div class=\"elementor-element elementor-element-b24c6e7 elementor-widget__width-initial elementor-widget elementor-widget-text-editor\" data-id=\"b24c6e7\" data-element_type=\"widget\" data-e-type=\"widget\" data-widget_type=\"text-editor.default\">\n\t\t\t\t<div class=\"elementor-widget-container\">\n\t\t\t\t\t\t\t\t\t<p><strong>Descriere General\u0103<\/strong><br \/>Acvila de munte este una dintre cele mai mari \u0219i mai puternice p\u0103s\u0103ri de prad\u0103. Este u\u0219or de recunoscut dup\u0103 penajul s\u0103u maro-\u00eenchis, cu pene aurii pe cap \u0219i g\u00e2t. Este o specie solitar\u0103, dar extrem de teritorial\u0103, ap\u0103r\u00e2ndu-\u0219i cuiburile \u0219i teritoriile de v\u00e2n\u0103toare de orice intrus.<\/p><p>Acvila de munte este renumit\u0103 pentru viziunea sa excep\u021bional\u0103, care este de aproximativ opt ori mai puternic\u0103 dec\u00e2t cea a unui om. Este o v\u00e2n\u0103toare abil\u0103, capabil\u0103 s\u0103 captureze pr\u0103zi mari, precum iepuri, vulpi \u0219i chiar miei.<\/p><p><strong>Habitat<\/strong><br \/>Aceast\u0103 specie este r\u0103sp\u00e2ndit\u0103 \u00een zonele montane, p\u0103durile deschise \u0219i tundra din emisfera nordic\u0103. Cuib\u0103re\u0219te pe st\u00e2nci abrupte sau \u00een copaci \u00eenal\u021bi, folosind ramuri mari pentru a construi structuri impresionante, care pot fi folosite ani de zile.<\/p><p>De\u0219i prefer\u0103 regiunile s\u0103lbatice \u0219i izolate, poate fi \u00eent\u00e2lnit\u0103 \u0219i \u00een zonele semi-urbane, dac\u0103 hrana este abundent\u0103.<\/p><p><strong>Hran\u0103<\/strong><br \/>Acvila de munte este carnivor\u0103, hr\u0103nindu-se cu mamifere mici (iepuri, vulpi, marmote), p\u0103s\u0103ri \u0219i, ocazional, reptile. Este cunoscut\u0103 \u0219i pentru abilitatea de a consuma hoituri, mai ales \u00een timpul iernilor aspre, c\u00e2nd prada vie este mai greu de g\u0103sit.<\/p><p>Prada este de obicei capturat\u0103 \u00een zbor, iar acvila poate transporta animale care c\u00e2nt\u0103resc aproape jum\u0103tate din greutatea sa.<\/p><p><strong>Conservare<\/strong><br \/>De\u0219i popula\u021biile de acvile de munte sunt stabile \u00een majoritatea regiunilor, ele sunt amenin\u021bate de pierderea habitatului, braconaj \u0219i coliziunile cu liniile electrice. Pesticidele utilizate \u00een agricultur\u0103 afecteaz\u0103 indirect popula\u021bia prin contaminarea pr\u0103zii.<\/p><p>Programele de conservare se concentreaz\u0103 pe protejarea teritoriilor de reproducere, educarea publicului \u0219i reducerea amenin\u021b\u0103rilor antropice, cum ar fi liniile electrice neprotejate.<\/p>\t\t\t\t\t\t\t\t<\/div>\n\t\t\t\t<\/div>\n\t\t\t\t<\/div>\n\t\t\t\t\t<\/div>\n\t\t\t\t<\/div>\n\t\t\t\t<\/div>","protected":false},"excerpt":{"rendered":"<p>Acvila de step\u0103 Nume \u0219tiin\u021bific: Aquila nipalensisLungime: 62-81 cmAnvergura aripilor: 1,6-2 mGreutate: 2-5 kgDurata de via\u021b\u0103: 20-30 de ani Descriere General\u0103Acvila de step\u0103 este o pas\u0103re mare de prad\u0103, cu un penaj predominant maro-\u00eenchis, dar cu pete aurii pe cap \u0219i pe partea superioar\u0103 a g\u00e2tului. Este o specie migratoare, petrec\u00e2nd verile \u00een Asia Central\u0103 &hellip; <a href=\"https:\/\/bucurestizoo.ro\/en\/acvile\/\" class=\"more-link\">Continue reading <span class=\"screen-reader-text\">Acvile<\/span><\/a><\/p>","protected":false},"author":1,"featured_media":0,"parent":0,"menu_order":0,"comment_status":"closed","ping_status":"closed","template":"","meta":{"_monsterinsights_skip_tracking":false,"_monsterinsights_sitenote_active":false,"_monsterinsights_sitenote_note":"","_monsterinsights_sitenote_category":0,"footnotes":""},"class_list":["post-12651","page","type-page","status-publish","hentry"],"aioseo_notices":[],"_links":{"self":[{"href":"https:\/\/bucurestizoo.ro\/en\/wp-json\/wp\/v2\/pages\/12651","targetHints":{"allow":["GET"]}}],"collection":[{"href":"https:\/\/bucurestizoo.ro\/en\/wp-json\/wp\/v2\/pages"}],"about":[{"href":"https:\/\/bucurestizoo.ro\/en\/wp-json\/wp\/v2\/types\/page"}],"author":[{"embeddable":true,"href":"https:\/\/bucurestizoo.ro\/en\/wp-json\/wp\/v2\/users\/1"}],"replies":[{"embeddable":true,"href":"https:\/\/bucurestizoo.ro\/en\/wp-json\/wp\/v2\/comments?post=12651"}],"version-history":[{"count":4,"href":"https:\/\/bucurestizoo.ro\/en\/wp-json\/wp\/v2\/pages\/12651\/revisions"}],"predecessor-version":[{"id":12702,"href":"https:\/\/bucurestizoo.ro\/en\/wp-json\/wp\/v2\/pages\/12651\/revisions\/12702"}],"wp:attachment":[{"href":"https:\/\/bucurestizoo.ro\/en\/wp-json\/wp\/v2\/media?parent=12651"}],"curies":[{"name":"wp","href":"https:\/\/api.w.org\/{rel}","templated":true}]}}