{"id":12542,"date":"2025-01-10T14:59:14","date_gmt":"2025-01-10T12:59:14","guid":{"rendered":"https:\/\/n1.bucurestizoo.ro\/?page_id=12542"},"modified":"2025-04-05T09:59:28","modified_gmt":"2025-04-05T07:59:28","slug":"crocodilul-pitic","status":"publish","type":"page","link":"https:\/\/bucurestizoo.ro\/en\/crocodilul-pitic\/","title":{"rendered":"Crocodilul Pitic"},"content":{"rendered":"<div data-elementor-type=\"wp-page\" data-elementor-id=\"12542\" class=\"elementor elementor-12542\" data-elementor-post-type=\"page\">\n\t\t\t\t<div class=\"elementor-element elementor-element-72c8e94c e-flex e-con-boxed e-con e-parent\" data-id=\"72c8e94c\" data-element_type=\"container\" data-e-type=\"container\" data-settings=\"{&quot;background_background&quot;:&quot;classic&quot;}\">\n\t\t\t\t\t<div class=\"e-con-inner\">\n\t\t<div class=\"elementor-element elementor-element-430f041e e-con-full e-flex e-con e-child\" data-id=\"430f041e\" data-element_type=\"container\" data-e-type=\"container\">\n\t\t<div class=\"elementor-element elementor-element-5cba2001 e-con-full animated-slow e-flex elementor-invisible e-con e-child\" data-id=\"5cba2001\" data-element_type=\"container\" data-e-type=\"container\" data-settings=\"{&quot;animation&quot;:&quot;fadeInLeft&quot;}\">\n\t\t\t\t<div class=\"elementor-element elementor-element-6d4633a elementor-widget elementor-widget-heading\" data-id=\"6d4633a\" data-element_type=\"widget\" data-e-type=\"widget\" data-widget_type=\"heading.default\">\n\t\t\t\t<div class=\"elementor-widget-container\">\n\t\t\t\t\t<h1 class=\"elementor-heading-title elementor-size-default\">Crocodil Pitic<\/h1>\t\t\t\t<\/div>\n\t\t\t\t<\/div>\n\t\t\t\t<div class=\"elementor-element elementor-element-5f2ef244 elementor-widget elementor-widget-text-editor\" data-id=\"5f2ef244\" data-element_type=\"widget\" data-e-type=\"widget\" data-widget_type=\"text-editor.default\">\n\t\t\t\t<div class=\"elementor-widget-container\">\n\t\t\t\t\t\t\t\t\t<p class=\"\" data-start=\"0\" data-end=\"177\"><strong data-start=\"0\" data-end=\"20\">Nume \u0219tiin\u021bific:<\/strong> Osteolaemus tetraspis<br data-start=\"42\" data-end=\"45\" \/><strong data-start=\"45\" data-end=\"55\" data-is-only-node=\"\">Clas\u0103:<\/strong> Reptilia<br data-start=\"64\" data-end=\"67\" \/><strong data-start=\"67\" data-end=\"77\">Ordin:<\/strong> Crocodylia<br data-start=\"88\" data-end=\"91\" \/><strong data-start=\"91\" data-end=\"103\">Familie:<\/strong> Crocodylidae<br data-start=\"116\" data-end=\"119\" \/><strong data-start=\"119\" data-end=\"127\">Gen:<\/strong> Osteolaemus<br data-start=\"139\" data-end=\"142\" \/><strong data-start=\"142\" data-end=\"153\">Specie:<\/strong> Osteolaemus tetraspis<\/p><p class=\"\" data-start=\"179\" data-end=\"239\"><strong data-start=\"179\" data-end=\"198\">Lungime maxim\u0103:<\/strong> 1,5\u20131,9 metri<br data-start=\"212\" data-end=\"215\" \/><strong data-start=\"215\" data-end=\"228\" data-is-only-node=\"\">Greutate:<\/strong> 18\u201332 kg<\/p>\t\t\t\t\t\t\t\t<\/div>\n\t\t\t\t<\/div>\n\t\t\t\t<\/div>\n\t\t\t\t<div class=\"elementor-element elementor-element-77e390ad elementor-widget-tablet__width-inherit animated-slow elementor-invisible elementor-widget elementor-widget-image\" data-id=\"77e390ad\" data-element_type=\"widget\" data-e-type=\"widget\" data-settings=\"{&quot;_animation&quot;:&quot;fadeInRight&quot;}\" data-widget_type=\"image.default\">\n\t\t\t\t<div class=\"elementor-widget-container\">\n\t\t\t\t\t\t\t\t\t\t\t\t\t\t\t<img fetchpriority=\"high\" decoding=\"async\" width=\"800\" height=\"568\" src=\"https:\/\/bucurestizoo.ro\/wp-content\/uploads\/2024\/12\/crocodil-pitic-1.png\" class=\"attachment-large size-large wp-image-12303\" alt=\"\" srcset=\"https:\/\/bucurestizoo.ro\/wp-content\/uploads\/2024\/12\/crocodil-pitic-1.png 800w, https:\/\/bucurestizoo.ro\/wp-content\/uploads\/2024\/12\/crocodil-pitic-1-300x213.png 300w, https:\/\/bucurestizoo.ro\/wp-content\/uploads\/2024\/12\/crocodil-pitic-1-768x545.png 768w, https:\/\/bucurestizoo.ro\/wp-content\/uploads\/2024\/12\/crocodil-pitic-1-423x300.png 423w, https:\/\/bucurestizoo.ro\/wp-content\/uploads\/2024\/12\/crocodil-pitic-1-650x462.png 650w\" sizes=\"(max-width: 800px) 100vw, 800px\" data-id=\"12303\" \/>\t\t\t\t\t\t\t\t\t\t\t\t\t\t\t<\/div>\n\t\t\t\t<\/div>\n\t\t\t\t<\/div>\n\t\t\t\t\t<\/div>\n\t\t\t\t<\/div>\n\t\t<div class=\"elementor-element elementor-element-3bf90522 animated-slow e-flex e-con-boxed elementor-invisible e-con e-parent\" data-id=\"3bf90522\" data-element_type=\"container\" data-e-type=\"container\" data-settings=\"{&quot;animation&quot;:&quot;fadeInLeft&quot;}\">\n\t\t\t\t\t<div class=\"e-con-inner\">\n\t\t\t\t<div class=\"elementor-element elementor-element-5676503d elementor-widget elementor-widget-heading\" data-id=\"5676503d\" data-element_type=\"widget\" data-e-type=\"widget\" data-widget_type=\"heading.default\">\n\t\t\t\t<div class=\"elementor-widget-container\">\n\t\t\t\t\t<h1 class=\"elementor-heading-title elementor-size-default\">General:<\/h1>\t\t\t\t<\/div>\n\t\t\t\t<\/div>\n\t\t\t\t<div class=\"elementor-element elementor-element-11bcaf53 elementor-widget elementor-widget-text-editor\" data-id=\"11bcaf53\" data-element_type=\"widget\" data-e-type=\"widget\" data-widget_type=\"text-editor.default\">\n\t\t\t\t<div class=\"elementor-widget-container\">\n\t\t\t\t\t\t\t\t\t<p>Crocodilul pitic este cel mai mic membru al familiei Crocodylidae, remarcabil pentru corpul s\u0103u compact \u0219i aspectul s\u0103u robust. Are o piele groas\u0103 \u0219i solzoas\u0103, de culoare maro \u00eenchis sau negru, care \u00eei ofer\u0103 camuflaj excelent \u00een habitatul s\u0103u natural. Botul s\u0103u scurt \u0219i lat este adaptat pentru prinderea pr\u0103zii mici, iar ochii sunt pozi\u021biona\u021bi sus, permi\u021b\u00e2ndu-i s\u0103 observe \u00eemprejurimile \u00een timp ce r\u0103m\u00e2ne aproape complet scufundat.<\/p><p>De\u0219i mic \u00een compara\u021bie cu alte specii de crocodili, crocodilul pitic este foarte bine adaptat pentru via\u021ba \u00een medii acvatice \u0219i este cunoscut pentru temperamentul s\u0103u precaut. Este activ mai ales noaptea, c\u00e2nd temperaturile sunt mai sc\u0103zute, iar prada este mai abundent\u0103.<\/p>\t\t\t\t\t\t\t\t<\/div>\n\t\t\t\t<\/div>\n\t\t\t\t\t<\/div>\n\t\t\t\t<\/div>\n\t\t<div class=\"elementor-element elementor-element-199d20e0 animated-slow e-flex e-con-boxed elementor-invisible e-con e-parent\" data-id=\"199d20e0\" data-element_type=\"container\" data-e-type=\"container\" data-settings=\"{&quot;animation&quot;:&quot;fadeInRight&quot;}\">\n\t\t\t\t\t<div class=\"e-con-inner\">\n\t\t\t\t<div class=\"elementor-element elementor-element-7db2c209 elementor-widget elementor-widget-heading\" data-id=\"7db2c209\" data-element_type=\"widget\" data-e-type=\"widget\" data-widget_type=\"heading.default\">\n\t\t\t\t<div class=\"elementor-widget-container\">\n\t\t\t\t\t<h1 class=\"elementor-heading-title elementor-size-default\">Habitat:<\/h1>\t\t\t\t<\/div>\n\t\t\t\t<\/div>\n\t\t\t\t<div class=\"elementor-element elementor-element-7cc9a53e elementor-widget elementor-widget-text-editor\" data-id=\"7cc9a53e\" data-element_type=\"widget\" data-e-type=\"widget\" data-widget_type=\"text-editor.default\">\n\t\t\t\t<div class=\"elementor-widget-container\">\n\t\t\t\t\t\t\t\t\t<p>Crocodilul pitic tr\u0103ie\u0219te \u00een p\u0103durile tropicale \u0219i mla\u0219tinile din Africa de Vest \u0219i Central\u0103. Este frecvent \u00eent\u00e2lnit \u00een r\u00e2uri lente, iazuri, mla\u0219tini \u0219i zone inundate cu vegeta\u021bie deas\u0103. Habitatul s\u0103u include \u0219i ad\u0103posturi naturale, cum ar fi scorburi sau cr\u0103p\u0103turi \u00een sol, unde se poate retrage \u00een timpul zilei.<\/p><p>Aceast\u0103 specie prefer\u0103 zonele cu ap\u0103 curat\u0103 \u0219i acces la paji\u0219ti sau terenuri joase, care \u00eei ofer\u0103 at\u00e2t ad\u0103post, c\u00e2t \u0219i surse de hran\u0103.<\/p>\t\t\t\t\t\t\t\t<\/div>\n\t\t\t\t<\/div>\n\t\t\t\t\t<\/div>\n\t\t\t\t<\/div>\n\t\t<div class=\"elementor-element elementor-element-7835e050 e-grid e-con-boxed e-con e-parent\" data-id=\"7835e050\" data-element_type=\"container\" data-e-type=\"container\">\n\t\t\t\t\t<div class=\"e-con-inner\">\n\t\t<div class=\"elementor-element elementor-element-1f7e5daa e-con-full animated-slow e-flex elementor-invisible e-con e-child\" data-id=\"1f7e5daa\" data-element_type=\"container\" data-e-type=\"container\" data-settings=\"{&quot;animation&quot;:&quot;fadeInLeft&quot;}\">\n\t\t\t\t<div class=\"elementor-element elementor-element-30953e96 elementor-widget elementor-widget-heading\" data-id=\"30953e96\" data-element_type=\"widget\" data-e-type=\"widget\" data-widget_type=\"heading.default\">\n\t\t\t\t<div class=\"elementor-widget-container\">\n\t\t\t\t\t<h1 class=\"elementor-heading-title elementor-size-default\">Hran\u0103:<\/h1>\t\t\t\t<\/div>\n\t\t\t\t<\/div>\n\t\t\t\t<div class=\"elementor-element elementor-element-40001375 elementor-widget elementor-widget-text-editor\" data-id=\"40001375\" data-element_type=\"widget\" data-e-type=\"widget\" data-widget_type=\"text-editor.default\">\n\t\t\t\t<div class=\"elementor-widget-container\">\n\t\t\t\t\t\t\t\t\t<p>Crocodilul pitic este carnivor \u0219i se hr\u0103ne\u0219te cu o varietate de pr\u0103zi mici, incluz\u00e2nd pe\u0219ti, crustacee, molu\u0219te, broa\u0219te, insecte \u0219i mamifere mici. Este un pr\u0103d\u0103tor oportunist, adapt\u00e2ndu-\u0219i dieta \u00een func\u021bie de disponibilitatea hranei.<\/p><p>\u00cen general, atac\u0103 prada prin surprindere, folosindu-\u0219i maxilarele puternice pentru a o prinde \u0219i imobiliza. Datorit\u0103 dimensiunilor reduse, crocodilul pitic nu v\u00e2neaz\u0103 pr\u0103zi mari, prefer\u00e2nd s\u0103 consume alimente u\u0219or de capturat.<\/p>\t\t\t\t\t\t\t\t<\/div>\n\t\t\t\t<\/div>\n\t\t\t\t<\/div>\n\t\t<div class=\"elementor-element elementor-element-29a0c550 e-con-full animated-slow e-flex elementor-invisible e-con e-child\" data-id=\"29a0c550\" data-element_type=\"container\" data-e-type=\"container\" data-settings=\"{&quot;animation&quot;:&quot;fadeInRight&quot;}\">\n\t\t\t\t<div class=\"elementor-element elementor-element-4b6925de elementor-widget elementor-widget-heading\" data-id=\"4b6925de\" data-element_type=\"widget\" data-e-type=\"widget\" data-widget_type=\"heading.default\">\n\t\t\t\t<div class=\"elementor-widget-container\">\n\t\t\t\t\t<h1 class=\"elementor-heading-title elementor-size-default\">Conservare:<\/h1>\t\t\t\t<\/div>\n\t\t\t\t<\/div>\n\t\t\t\t<div class=\"elementor-element elementor-element-11823c8c elementor-widget elementor-widget-text-editor\" data-id=\"11823c8c\" data-element_type=\"widget\" data-e-type=\"widget\" data-widget_type=\"text-editor.default\">\n\t\t\t\t<div class=\"elementor-widget-container\">\n\t\t\t\t\t\t\t\t\t<p>Crocodilul pitic este clasificat ca vulnerabil de Uniunea Interna\u021bional\u0103 pentru Conservarea Naturii (IUCN), din cauza pierderii habitatului, polu\u0103rii \u0219i v\u00e2n\u0103torii excesive. Este adesea v\u00e2nat pentru carne \u0219i piele, iar popula\u021biile s\u0103lbatice sunt fragmentate \u0219i \u00een sc\u0103dere.<\/p><p>Programele de conservare includ protejarea habitatelor naturale, educarea comunit\u0103\u021bilor locale despre importan\u021ba ecologic\u0103 a acestei specii \u0219i reducerea v\u00e2n\u0103torii ilegale. \u00cen plus, crocodilul pitic este crescut \u00een captivitate pentru a reduce presiunea asupra popula\u021biilor s\u0103lbatice.<\/p>\t\t\t\t\t\t\t\t<\/div>\n\t\t\t\t<\/div>\n\t\t\t\t<\/div>\n\t\t\t\t\t<\/div>\n\t\t\t\t<\/div>\n\t\t\t\t<\/div>","protected":false},"excerpt":{"rendered":"<p>Crocodil Pitic Nume \u0219tiin\u021bific: Osteolaemus tetraspisClas\u0103: ReptiliaOrdin: CrocodyliaFamilie: CrocodylidaeGen: OsteolaemusSpecie: Osteolaemus tetraspis Lungime maxim\u0103: 1,5\u20131,9 metriGreutate: 18\u201332 kg General: Crocodilul pitic este cel mai mic membru al familiei Crocodylidae, remarcabil pentru corpul s\u0103u compact \u0219i aspectul s\u0103u robust. Are o piele groas\u0103 \u0219i solzoas\u0103, de culoare maro \u00eenchis sau negru, care \u00eei ofer\u0103 camuflaj excelent &hellip; <a href=\"https:\/\/bucurestizoo.ro\/en\/crocodilul-pitic\/\" class=\"more-link\">Continue reading <span class=\"screen-reader-text\">Crocodilul Pitic<\/span><\/a><\/p>","protected":false},"author":1,"featured_media":0,"parent":0,"menu_order":0,"comment_status":"closed","ping_status":"closed","template":"","meta":{"_monsterinsights_skip_tracking":false,"_monsterinsights_sitenote_active":false,"_monsterinsights_sitenote_note":"","_monsterinsights_sitenote_category":0,"footnotes":""},"class_list":["post-12542","page","type-page","status-publish","hentry"],"aioseo_notices":[],"_links":{"self":[{"href":"https:\/\/bucurestizoo.ro\/en\/wp-json\/wp\/v2\/pages\/12542","targetHints":{"allow":["GET"]}}],"collection":[{"href":"https:\/\/bucurestizoo.ro\/en\/wp-json\/wp\/v2\/pages"}],"about":[{"href":"https:\/\/bucurestizoo.ro\/en\/wp-json\/wp\/v2\/types\/page"}],"author":[{"embeddable":true,"href":"https:\/\/bucurestizoo.ro\/en\/wp-json\/wp\/v2\/users\/1"}],"replies":[{"embeddable":true,"href":"https:\/\/bucurestizoo.ro\/en\/wp-json\/wp\/v2\/comments?post=12542"}],"version-history":[{"count":7,"href":"https:\/\/bucurestizoo.ro\/en\/wp-json\/wp\/v2\/pages\/12542\/revisions"}],"predecessor-version":[{"id":14956,"href":"https:\/\/bucurestizoo.ro\/en\/wp-json\/wp\/v2\/pages\/12542\/revisions\/14956"}],"wp:attachment":[{"href":"https:\/\/bucurestizoo.ro\/en\/wp-json\/wp\/v2\/media?parent=12542"}],"curies":[{"name":"wp","href":"https:\/\/api.w.org\/{rel}","templated":true}]}}