{"id":12540,"date":"2025-01-10T14:58:42","date_gmt":"2025-01-10T12:58:42","guid":{"rendered":"https:\/\/n1.bucurestizoo.ro\/?page_id=12540"},"modified":"2025-11-19T22:30:27","modified_gmt":"2025-11-19T20:30:27","slug":"tegu","status":"publish","type":"page","link":"https:\/\/bucurestizoo.ro\/en\/tegu\/","title":{"rendered":"Tegu"},"content":{"rendered":"<div data-elementor-type=\"wp-page\" data-elementor-id=\"12540\" class=\"elementor elementor-12540\" data-elementor-post-type=\"page\">\n\t\t\t\t<div class=\"elementor-element elementor-element-348b71a7 e-flex e-con-boxed e-con e-parent\" data-id=\"348b71a7\" data-element_type=\"container\" data-e-type=\"container\" data-settings=\"{&quot;background_background&quot;:&quot;classic&quot;}\">\n\t\t\t\t\t<div class=\"e-con-inner\">\n\t\t<div class=\"elementor-element elementor-element-70a7f0d9 e-con-full e-flex e-con e-child\" data-id=\"70a7f0d9\" data-element_type=\"container\" data-e-type=\"container\">\n\t\t<div class=\"elementor-element elementor-element-75c7bd73 e-con-full animated-slow e-flex elementor-invisible e-con e-child\" data-id=\"75c7bd73\" data-element_type=\"container\" data-e-type=\"container\" data-settings=\"{&quot;animation&quot;:&quot;fadeInLeft&quot;}\">\n\t\t\t\t<div class=\"elementor-element elementor-element-4192ff15 elementor-widget elementor-widget-heading\" data-id=\"4192ff15\" data-element_type=\"widget\" data-e-type=\"widget\" data-widget_type=\"heading.default\">\n\t\t\t\t<div class=\"elementor-widget-container\">\n\t\t\t\t\t<h1 class=\"elementor-heading-title elementor-size-default\">Tegu Argentinian<\/h1>\t\t\t\t<\/div>\n\t\t\t\t<\/div>\n\t\t\t\t<div class=\"elementor-element elementor-element-607498b1 elementor-widget elementor-widget-text-editor\" data-id=\"607498b1\" data-element_type=\"widget\" data-e-type=\"widget\" data-widget_type=\"text-editor.default\">\n\t\t\t\t<div class=\"elementor-widget-container\">\n\t\t\t\t\t\t\t\t\t<p>\u2022 <strong>Denumire \u0219tiin\u021bific\u0103:<\/strong> Salvator merianae<br \/>\u2022 <strong>Ordin:<\/strong> Squamata <br \/>\u2022 <strong>Familie:<\/strong>\u00a0Teiidae<br \/>\u2022 <strong>Gen:<\/strong>\u00a0 Salvator<br \/>\u2022 <strong>Specie:<\/strong> Salvator merianae<br \/>\u2022 <strong>Distribu\u021bie:<\/strong><\/p><p>&#8211; America de Sud: Argentina, Uruguay, Paraguay, sudul Braziliei<\/p><p>&#8211; Zone mai calde, \u00een p\u0103duri, savane, zone cu tufi\u0219uri \u0219i marginea\u00a0 localit\u0103\u021bilor<\/p><p><br \/>\u2022 <strong>Dimensiuni:<\/strong> &#8211; Lungime total\u0103: 100\u2013140 cm (uneori p\u00e2n\u0103 la 150 cm la masculii mari)<br \/>\u2022 <strong>Greutate:<\/strong> 3\u20137 kg (\u00een captivitate pot ajunge la 8\u201310 kg)<br \/>\u2022 <strong>Perioada de gesta\u021bie:<\/strong> incuba\u021bie 55 &#8211; 70 zile<br \/>\u2022 <strong>Num\u0103r de pui:<\/strong> 12 &#8211; 30 ou\u0103 depuse<br \/>\u2022 <strong>Speran\u021b\u0103 de via\u021b\u0103:<\/strong> 15 &#8211; 20 ani \u00een captivitate \/ 12 &#8211; 15 ani \u00een s\u0103lb\u0103ticie<\/p>\t\t\t\t\t\t\t\t<\/div>\n\t\t\t\t<\/div>\n\t\t\t\t<\/div>\n\t\t\t\t<div class=\"elementor-element elementor-element-4d2bd678 elementor-widget-tablet__width-inherit animated-slow elementor-invisible elementor-widget elementor-widget-image\" data-id=\"4d2bd678\" data-element_type=\"widget\" data-e-type=\"widget\" data-settings=\"{&quot;_animation&quot;:&quot;fadeInRight&quot;}\" data-widget_type=\"image.default\">\n\t\t\t\t<div class=\"elementor-widget-container\">\n\t\t\t\t\t\t\t\t\t\t\t\t\t\t\t<img fetchpriority=\"high\" decoding=\"async\" width=\"847\" height=\"565\" src=\"https:\/\/bucurestizoo.ro\/wp-content\/uploads\/2025\/04\/Tegu-argentinian-dt_1-1024x683.jpg\" class=\"attachment-large size-large wp-image-15092\" alt=\"\" srcset=\"https:\/\/bucurestizoo.ro\/wp-content\/uploads\/2025\/04\/Tegu-argentinian-dt_1-1024x683.jpg 1024w, https:\/\/bucurestizoo.ro\/wp-content\/uploads\/2025\/04\/Tegu-argentinian-dt_1-300x200.jpg 300w, https:\/\/bucurestizoo.ro\/wp-content\/uploads\/2025\/04\/Tegu-argentinian-dt_1-768x512.jpg 768w, https:\/\/bucurestizoo.ro\/wp-content\/uploads\/2025\/04\/Tegu-argentinian-dt_1-1536x1024.jpg 1536w, https:\/\/bucurestizoo.ro\/wp-content\/uploads\/2025\/04\/Tegu-argentinian-dt_1-2048x1365.jpg 2048w, https:\/\/bucurestizoo.ro\/wp-content\/uploads\/2025\/04\/Tegu-argentinian-dt_1-450x300.jpg 450w, https:\/\/bucurestizoo.ro\/wp-content\/uploads\/2025\/04\/Tegu-argentinian-dt_1-650x433.jpg 650w\" sizes=\"(max-width: 847px) 100vw, 847px\" data-id=\"15092\" \/>\t\t\t\t\t\t\t\t\t\t\t\t\t\t\t<\/div>\n\t\t\t\t<\/div>\n\t\t\t\t<\/div>\n\t\t\t\t\t<\/div>\n\t\t\t\t<\/div>\n\t\t<div class=\"elementor-element elementor-element-570b1d1f animated-slow e-flex e-con-boxed elementor-invisible e-con e-parent\" data-id=\"570b1d1f\" data-element_type=\"container\" data-e-type=\"container\" data-settings=\"{&quot;animation&quot;:&quot;fadeInLeft&quot;}\">\n\t\t\t\t\t<div class=\"e-con-inner\">\n\t\t\t\t<div class=\"elementor-element elementor-element-6a08c6dd elementor-widget elementor-widget-heading\" data-id=\"6a08c6dd\" data-element_type=\"widget\" data-e-type=\"widget\" data-widget_type=\"heading.default\">\n\t\t\t\t<div class=\"elementor-widget-container\">\n\t\t\t\t\t<h1 class=\"elementor-heading-title elementor-size-default\">General:<\/h1>\t\t\t\t<\/div>\n\t\t\t\t<\/div>\n\t\t\t\t<div class=\"elementor-element elementor-element-3aa5b432 elementor-widget elementor-widget-text-editor\" data-id=\"3aa5b432\" data-element_type=\"widget\" data-e-type=\"widget\" data-widget_type=\"text-editor.default\">\n\t\t\t\t<div class=\"elementor-widget-container\">\n\t\t\t\t\t\t\t\t\t<p>Tegu argentinian este cea mai mare specie de tegu, fiind una dintre cele mai fascinante \u0219i inteligente specii de \u0219op\u00e2rle din lume.. Este cunoscut pentru comportamentul s\u0103u social complex \u0219i capacitatea de a se ata\u0219a de \u00eengrijitorii s\u0103i atunci c\u00e2nd este crescut \u00een captivitate. Cu un comportament care aminte\u0219te de un mamifer, capacitatea de a regla temperatura corporal\u0103 \u0219i o diet\u0103 variat\u0103, este un adev\u0103rat supravie\u021buitor. Poate deveni un animal de companie extraordinar pentru cei care \u00eei ofer\u0103 \u00eengrijirea adecvat\u0103, dar \u00een s\u0103lb\u0103ticie r\u0103m\u00e2ne un pr\u0103d\u0103tor oportunist \u0219i un explorator neobosit.<\/p><p>\u00a0\u00a0\u00a0\u00a0\u00a0\u00a0\u00a0\u00a0\u00a0\u00a0\u00a0 Un aspect fascinant al tegu argentinian este capacitatea sa de a regla temperatura corporal\u0103, ceea ce este foarte rar \u00eent\u00e2lnit la reptile. Spre deosebire de majoritatea reptilelor, care sunt ectoterme (dependente de c\u0103ldura mediului), aceast\u0103 specie poate produce c\u0103ldur\u0103 corporal\u0103 printr-un proces metabolic special, mai ales \u00een sezonul rece. Poate recunoa\u0219te persoane, pot \u00eenv\u0103\u021ba rutine \u0219i chiar r\u0103spund la dresaj, similar unui c\u00e2ine. Unii proprietari sus\u021bin c\u0103 tegu poate \u00eenv\u0103\u021ba s\u0103 vin\u0103 la chemare \u0219i s\u0103 foloseasc\u0103 litiera.<\/p><p>\u00a0\u00a0\u00a0\u00a0\u00a0\u00a0\u00a0\u00a0\u00a0\u00a0\u00a0 Aceast\u0103 specie poate deveni foarte docil\u0103 \u0219i bl\u00e2nd\u0103 dac\u0103 este manipulat\u0103 de mic\u0103, dar exemplarele s\u0103lbatice pot fi agresive \u0219i pot mu\u0219ca puternic, av\u00e2nd f\u0103lci puternice \u0219i din\u021bi ascu\u021bi\u021bi.<\/p><p>\u00a0\u00a0\u00a0\u00a0\u00a0\u00a0\u00a0\u00a0\u00a0\u00a0\u00a0 \u00a0Este supranumit \u0219i \u201e\u0219op\u00e2rla-c\u00e2ine\u201d datorit\u0103 inteligen\u021bei \u0219i comportamentului s\u0103u afectuos. Poate s\u0103 intre \u00eentr-un hibernare par\u021bial\u0103 \u00een sezonul rece, \u00eencetinindu-\u0219i metabolismul. Se ridic\u0103 uneori pe picioarele din spate pentru a observa mai bine \u00eemprejurimile, un comportament numit \u201ebipedalism facultativ\u201d. Este una dintre pu\u021binele reptile care \u00ee\u0219i regleaz\u0103 temperatura corporal\u0103 activ. \u00cen unele zone, tegu este considerat d\u0103un\u0103tor, deoarece consum\u0103 ou\u0103le p\u0103s\u0103rilor de ferm\u0103 \u0219i poate invada gr\u0103dinile \u00een c\u0103utare de fructe.<\/p>\t\t\t\t\t\t\t\t<\/div>\n\t\t\t\t<\/div>\n\t\t\t\t\t<\/div>\n\t\t\t\t<\/div>\n\t\t<div class=\"elementor-element elementor-element-5f908e6 e-flex e-con-boxed e-con e-parent\" data-id=\"5f908e6\" data-element_type=\"container\" data-e-type=\"container\">\n\t\t\t\t\t<div class=\"e-con-inner\">\n\t\t\t\t<div class=\"elementor-element elementor-element-794a97c elementor-widget elementor-widget-gallery\" data-id=\"794a97c\" data-element_type=\"widget\" data-e-type=\"widget\" data-settings=\"{&quot;columns&quot;:2,&quot;lazyload&quot;:&quot;yes&quot;,&quot;gallery_layout&quot;:&quot;grid&quot;,&quot;columns_tablet&quot;:2,&quot;columns_mobile&quot;:1,&quot;gap&quot;:{&quot;unit&quot;:&quot;px&quot;,&quot;size&quot;:10,&quot;sizes&quot;:[]},&quot;gap_tablet&quot;:{&quot;unit&quot;:&quot;px&quot;,&quot;size&quot;:10,&quot;sizes&quot;:[]},&quot;gap_mobile&quot;:{&quot;unit&quot;:&quot;px&quot;,&quot;size&quot;:10,&quot;sizes&quot;:[]},&quot;link_to&quot;:&quot;file&quot;,&quot;aspect_ratio&quot;:&quot;3:2&quot;,&quot;overlay_background&quot;:&quot;yes&quot;,&quot;content_hover_animation&quot;:&quot;fade-in&quot;}\" data-widget_type=\"gallery.default\">\n\t\t\t\t<div class=\"elementor-widget-container\">\n\t\t\t\t\t\t\t<div class=\"elementor-gallery__container\">\n\t\t\t\t\t\t\t<a class=\"e-gallery-item elementor-gallery-item elementor-animated-content\" href=\"https:\/\/bucurestizoo.ro\/wp-content\/uploads\/2025\/04\/Tegu-argentinian-dt_2.jpg\" data-elementor-open-lightbox=\"yes\" data-elementor-lightbox-slideshow=\"794a97c\" data-elementor-lightbox-title=\"Tegu argentinian dt_2\" data-e-action-hash=\"#elementor-action%3Aaction%3Dlightbox%26settings%3DeyJpZCI6MTUwOTEsInVybCI6Imh0dHBzOlwvXC9idWN1cmVzdGl6b28ucm9cL3dwLWNvbnRlbnRcL3VwbG9hZHNcLzIwMjVcLzA0XC9UZWd1LWFyZ2VudGluaWFuLWR0XzIuanBnIiwic2xpZGVzaG93IjoiNzk0YTk3YyJ9\">\n\t\t\t\t\t<div class=\"e-gallery-image elementor-gallery-item__image\" data-thumbnail=\"https:\/\/bucurestizoo.ro\/wp-content\/uploads\/2025\/04\/Tegu-argentinian-dt_2-1024x683.jpg\" data-width=\"847\" data-height=\"565\" aria-label=\"\" role=\"img\" ><\/div>\n\t\t\t\t\t\t\t\t\t\t\t<div class=\"elementor-gallery-item__overlay\"><\/div>\n\t\t\t\t\t\t\t\t\t\t\t\t\t\t<\/a>\n\t\t\t\t\t<\/div>\n\t\t\t\t\t<\/div>\n\t\t\t\t<\/div>\n\t\t\t\t\t<\/div>\n\t\t\t\t<\/div>\n\t\t<div class=\"elementor-element elementor-element-3ccb8f83 animated-slow e-flex e-con-boxed elementor-invisible e-con e-parent\" data-id=\"3ccb8f83\" data-element_type=\"container\" data-e-type=\"container\" data-settings=\"{&quot;animation&quot;:&quot;fadeInRight&quot;}\">\n\t\t\t\t\t<div class=\"e-con-inner\">\n\t\t\t\t<div class=\"elementor-element elementor-element-590063c9 elementor-widget elementor-widget-heading\" data-id=\"590063c9\" data-element_type=\"widget\" data-e-type=\"widget\" data-widget_type=\"heading.default\">\n\t\t\t\t<div class=\"elementor-widget-container\">\n\t\t\t\t\t<h1 class=\"elementor-heading-title elementor-size-default\">Habitat:<\/h1>\t\t\t\t<\/div>\n\t\t\t\t<\/div>\n\t\t\t\t<div class=\"elementor-element elementor-element-3e7c61c8 elementor-widget elementor-widget-text-editor\" data-id=\"3e7c61c8\" data-element_type=\"widget\" data-e-type=\"widget\" data-widget_type=\"text-editor.default\">\n\t\t\t\t<div class=\"elementor-widget-container\">\n\t\t\t\t\t\t\t\t\t<p>Tegu argentinian tr\u0103ie\u0219te \u00eentr-o varietate de habitate, dar prefer\u0103 zonele cu clim\u0103 temperat\u0103 sau subtropical\u0103:<\/p><ul><li>P\u0103duri tropicale \u0219i subtropicale \u2013 unde se ascunde printre frunze \u0219i copaci c\u0103zu\u021bi.<\/li><li>Savane \u0219i paji\u0219ti \u2013 unde sap\u0103 vizuini pentru ad\u0103post \u0219i odihn\u0103.<\/li><li>Zone umede \u0219i apropierea r\u00e2urilor \u2013 deoarece are nevoie de umiditate ridicat\u0103.<\/li><li>Zone rurale \u0219i ferme \u2013 unde se aventureaz\u0103 \u00een c\u0103utare de hran\u0103.<\/li><\/ul><p>Sunt excelen\u021bi s\u0103p\u0103tori \u0219i \u00ee\u0219i construiesc vizuini ad\u00e2nci, \u00een care se ascund pentru a se feri de pr\u0103d\u0103tori \u0219i de temperaturi extreme. <\/p>\t\t\t\t\t\t\t\t<\/div>\n\t\t\t\t<\/div>\n\t\t\t\t\t<\/div>\n\t\t\t\t<\/div>\n\t\t<div class=\"elementor-element elementor-element-1d11bd02 e-grid e-con-boxed e-con e-parent\" data-id=\"1d11bd02\" data-element_type=\"container\" data-e-type=\"container\">\n\t\t\t\t\t<div class=\"e-con-inner\">\n\t\t<div class=\"elementor-element elementor-element-64cb1ce4 e-con-full animated-slow e-flex elementor-invisible e-con e-child\" data-id=\"64cb1ce4\" data-element_type=\"container\" data-e-type=\"container\" data-settings=\"{&quot;animation&quot;:&quot;fadeInLeft&quot;}\">\n\t\t\t\t<div class=\"elementor-element elementor-element-7cebe7ac elementor-widget elementor-widget-heading\" data-id=\"7cebe7ac\" data-element_type=\"widget\" data-e-type=\"widget\" data-widget_type=\"heading.default\">\n\t\t\t\t<div class=\"elementor-widget-container\">\n\t\t\t\t\t<h1 class=\"elementor-heading-title elementor-size-default\">Hran\u0103:<\/h1>\t\t\t\t<\/div>\n\t\t\t\t<\/div>\n\t\t\t\t<div class=\"elementor-element elementor-element-148ed424 elementor-widget elementor-widget-text-editor\" data-id=\"148ed424\" data-element_type=\"widget\" data-e-type=\"widget\" data-widget_type=\"text-editor.default\">\n\t\t\t\t<div class=\"elementor-widget-container\">\n\t\t\t\t\t\t\t\t\t<p>Tegu argentinian este omnivor oportunist, consum\u00e2nd o varietate larg\u0103 de alimente:<\/p><ul><li>Insecte (g\u00e2ndaci, greieri, larve) \u2013 mai ales \u00een tinere\u021be.<\/li><li>Ou\u0103 \u2013 fur\u0103 ou\u0103 de p\u0103s\u0103ri \u0219i reptile din cuiburi.<\/li><li>Roz\u0103toare mici (\u0219oareci, pui de \u0219obolani).<\/li><li>Pe\u0219ti \u0219i amfibieni \u2013 ocazional, \u00een apropierea r\u00e2urilor.<\/li><li>Fructe \u0219i legume \u2013 mere, banane, c\u0103p\u0219uni, pepene, dovleac.<\/li><li>Resturi alimentare \u2013 uneori se apropie de ferme \u0219i sate pentru a c\u0103uta m\u00e2ncare.<\/li><\/ul><p>Aceast\u0103 diet\u0103 variat\u0103 \u00eel ajut\u0103 s\u0103 supravie\u021buiasc\u0103 \u00een medii diferite \u0219i s\u0103 prospere \u00een habitate variate.<\/p>\t\t\t\t\t\t\t\t<\/div>\n\t\t\t\t<\/div>\n\t\t\t\t<\/div>\n\t\t<div class=\"elementor-element elementor-element-47e8aa04 e-con-full animated-slow e-flex elementor-invisible e-con e-child\" data-id=\"47e8aa04\" data-element_type=\"container\" data-e-type=\"container\" data-settings=\"{&quot;animation&quot;:&quot;fadeInRight&quot;}\">\n\t\t\t\t<div class=\"elementor-element elementor-element-5135fee0 elementor-widget elementor-widget-heading\" data-id=\"5135fee0\" data-element_type=\"widget\" data-e-type=\"widget\" data-widget_type=\"heading.default\">\n\t\t\t\t<div class=\"elementor-widget-container\">\n\t\t\t\t\t<h1 class=\"elementor-heading-title elementor-size-default\">Conservare:<\/h1>\t\t\t\t<\/div>\n\t\t\t\t<\/div>\n\t\t\t\t<div class=\"elementor-element elementor-element-39a50634 elementor-widget elementor-widget-text-editor\" data-id=\"39a50634\" data-element_type=\"widget\" data-e-type=\"widget\" data-widget_type=\"text-editor.default\">\n\t\t\t\t<div class=\"elementor-widget-container\">\n\t\t\t\t\t\t\t\t\t<p>\u00cen prezent, tegu argentinian nu este considerat o specie amenin\u021bat\u0103, av\u00e2nd o popula\u021bie stabil\u0103. Cu toate acestea, \u00een unele zone este v\u00e2nat pentru pielea sa, care este utilizat\u0103 \u00een industria marochin\u0103riei. \u00cen Florida, SUA, specia a devenit invaziv\u0103, fiind introdus\u0103 accidental de cresc\u0103tori. Popula\u021biile de tegus s-au \u00eenmul\u021bit \u0219i afecteaz\u0103 ecosistemele locale, deoarece m\u0103n\u00e2nc\u0103 ou\u0103le unor specii native, inclusiv ale \u021bestoaselor \u0219i p\u0103s\u0103rilor de ap\u0103. M\u0103surile de conservare includ:<\/p><ul><li>Protejarea habitatului natural \u00een America de Sud.<\/li><li>Monitorizarea popula\u021biilor invazive \u00een SUA \u0219i alte zone unde au fost introdu\u0219i accidental.<\/li><li>Educa\u021bia publicului pentru a preveni eliberarea \u00een s\u0103lb\u0103ticie a animalelor de companie nedorite.<\/li><\/ul>\t\t\t\t\t\t\t\t<\/div>\n\t\t\t\t<\/div>\n\t\t\t\t<\/div>\n\t\t\t\t\t<\/div>\n\t\t\t\t<\/div>\n\t\t\t\t<\/div>","protected":false},"excerpt":{"rendered":"<p>Tegu Argentinian \u2022 Denumire \u0219tiin\u021bific\u0103: Salvator merianae\u2022 Ordin: Squamata \u2022 Familie:\u00a0Teiidae\u2022 Gen:\u00a0 Salvator\u2022 Specie: Salvator merianae\u2022 Distribu\u021bie: &#8211; America de Sud: Argentina, Uruguay, Paraguay, sudul Braziliei &#8211; Zone mai calde, \u00een p\u0103duri, savane, zone cu tufi\u0219uri \u0219i marginea\u00a0 localit\u0103\u021bilor \u2022 Dimensiuni: &#8211; Lungime total\u0103: 100\u2013140 cm (uneori p\u00e2n\u0103 la 150 cm la masculii mari)\u2022 Greutate: &hellip; <a href=\"https:\/\/bucurestizoo.ro\/en\/tegu\/\" class=\"more-link\">Continue reading <span class=\"screen-reader-text\">Tegu<\/span><\/a><\/p>","protected":false},"author":1,"featured_media":0,"parent":0,"menu_order":0,"comment_status":"closed","ping_status":"closed","template":"","meta":{"_monsterinsights_skip_tracking":false,"_monsterinsights_sitenote_active":false,"_monsterinsights_sitenote_note":"","_monsterinsights_sitenote_category":0,"footnotes":""},"class_list":["post-12540","page","type-page","status-publish","hentry"],"aioseo_notices":[],"_links":{"self":[{"href":"https:\/\/bucurestizoo.ro\/en\/wp-json\/wp\/v2\/pages\/12540","targetHints":{"allow":["GET"]}}],"collection":[{"href":"https:\/\/bucurestizoo.ro\/en\/wp-json\/wp\/v2\/pages"}],"about":[{"href":"https:\/\/bucurestizoo.ro\/en\/wp-json\/wp\/v2\/types\/page"}],"author":[{"embeddable":true,"href":"https:\/\/bucurestizoo.ro\/en\/wp-json\/wp\/v2\/users\/1"}],"replies":[{"embeddable":true,"href":"https:\/\/bucurestizoo.ro\/en\/wp-json\/wp\/v2\/comments?post=12540"}],"version-history":[{"count":13,"href":"https:\/\/bucurestizoo.ro\/en\/wp-json\/wp\/v2\/pages\/12540\/revisions"}],"predecessor-version":[{"id":16262,"href":"https:\/\/bucurestizoo.ro\/en\/wp-json\/wp\/v2\/pages\/12540\/revisions\/16262"}],"wp:attachment":[{"href":"https:\/\/bucurestizoo.ro\/en\/wp-json\/wp\/v2\/media?parent=12540"}],"curies":[{"name":"wp","href":"https:\/\/api.w.org\/{rel}","templated":true}]}}