{"id":12538,"date":"2025-01-10T14:57:52","date_gmt":"2025-01-10T12:57:52","guid":{"rendered":"https:\/\/n1.bucurestizoo.ro\/?page_id=12538"},"modified":"2025-04-05T13:47:07","modified_gmt":"2025-04-05T11:47:07","slug":"varan","status":"publish","type":"page","link":"https:\/\/bucurestizoo.ro\/en\/varan\/","title":{"rendered":"Varan"},"content":{"rendered":"<div data-elementor-type=\"wp-page\" data-elementor-id=\"12538\" class=\"elementor elementor-12538\" data-elementor-post-type=\"page\">\n\t\t\t\t<div class=\"elementor-element elementor-element-3d8669ef e-flex e-con-boxed e-con e-parent\" data-id=\"3d8669ef\" data-element_type=\"container\" data-e-type=\"container\" data-settings=\"{&quot;background_background&quot;:&quot;classic&quot;}\">\n\t\t\t\t\t<div class=\"e-con-inner\">\n\t\t<div class=\"elementor-element elementor-element-a89a74a e-con-full e-flex e-con e-child\" data-id=\"a89a74a\" data-element_type=\"container\" data-e-type=\"container\">\n\t\t<div class=\"elementor-element elementor-element-4da78c9d e-con-full animated-slow e-flex elementor-invisible e-con e-child\" data-id=\"4da78c9d\" data-element_type=\"container\" data-e-type=\"container\" data-settings=\"{&quot;animation&quot;:&quot;fadeInLeft&quot;}\">\n\t\t\t\t<div class=\"elementor-element elementor-element-1acf1afe elementor-widget elementor-widget-heading\" data-id=\"1acf1afe\" data-element_type=\"widget\" data-e-type=\"widget\" data-widget_type=\"heading.default\">\n\t\t\t\t<div class=\"elementor-widget-container\">\n\t\t\t\t\t<h1 class=\"elementor-heading-title elementor-size-default\">Varan cu Coada Albastr\u0103 <\/h1>\t\t\t\t<\/div>\n\t\t\t\t<\/div>\n\t\t\t\t<div class=\"elementor-element elementor-element-2e0ec427 elementor-widget elementor-widget-text-editor\" data-id=\"2e0ec427\" data-element_type=\"widget\" data-e-type=\"widget\" data-widget_type=\"text-editor.default\">\n\t\t\t\t<div class=\"elementor-widget-container\">\n\t\t\t\t\t\t\t\t\t<p><strong>Nume \u0219tiin\u021bific<\/strong>: <em>Varanus spp.<\/em><\/p><p><strong>Clas\u0103<\/strong>: Reptilia<\/p><p><strong>Ordin<\/strong>: Squamata<\/p><p><strong>Familie<\/strong>: Varanidae<\/p><p><strong>Gen<\/strong>: Varanus<\/p><p><strong>Specie<\/strong>: <em>Varanus komodoensis<\/em><\/p><p><strong>Lungime maxim\u0103<\/strong>: 1-3 metri<\/p><p><strong>Greutate<\/strong>: 10-90 kg<\/p>\t\t\t\t\t\t\t\t<\/div>\n\t\t\t\t<\/div>\n\t\t\t\t<\/div>\n\t\t\t\t<div class=\"elementor-element elementor-element-1e52bebb elementor-widget-tablet__width-inherit animated-slow elementor-invisible elementor-widget elementor-widget-image\" data-id=\"1e52bebb\" data-element_type=\"widget\" data-e-type=\"widget\" data-settings=\"{&quot;_animation&quot;:&quot;fadeInRight&quot;}\" data-widget_type=\"image.default\">\n\t\t\t\t<div class=\"elementor-widget-container\">\n\t\t\t\t\t\t\t\t\t\t\t\t\t\t\t<img fetchpriority=\"high\" decoding=\"async\" width=\"847\" height=\"604\" src=\"https:\/\/bucurestizoo.ro\/wp-content\/uploads\/2025\/04\/varan-dt-e1743853447720-1024x730.jpg\" class=\"attachment-large size-large wp-image-15073\" alt=\"\" srcset=\"https:\/\/bucurestizoo.ro\/wp-content\/uploads\/2025\/04\/varan-dt-e1743853447720-1024x730.jpg 1024w, https:\/\/bucurestizoo.ro\/wp-content\/uploads\/2025\/04\/varan-dt-e1743853447720-300x214.jpg 300w, https:\/\/bucurestizoo.ro\/wp-content\/uploads\/2025\/04\/varan-dt-e1743853447720-768x547.jpg 768w, https:\/\/bucurestizoo.ro\/wp-content\/uploads\/2025\/04\/varan-dt-e1743853447720-1536x1095.jpg 1536w, https:\/\/bucurestizoo.ro\/wp-content\/uploads\/2025\/04\/varan-dt-e1743853447720-421x300.jpg 421w, https:\/\/bucurestizoo.ro\/wp-content\/uploads\/2025\/04\/varan-dt-e1743853447720-650x463.jpg 650w, https:\/\/bucurestizoo.ro\/wp-content\/uploads\/2025\/04\/varan-dt-e1743853447720.jpg 1646w\" sizes=\"(max-width: 847px) 100vw, 847px\" data-id=\"15073\" \/>\t\t\t\t\t\t\t\t\t\t\t\t\t\t\t<\/div>\n\t\t\t\t<\/div>\n\t\t\t\t<\/div>\n\t\t\t\t\t<\/div>\n\t\t\t\t<\/div>\n\t\t<div class=\"elementor-element elementor-element-aac4144 animated-slow e-flex e-con-boxed elementor-invisible e-con e-parent\" data-id=\"aac4144\" data-element_type=\"container\" data-e-type=\"container\" data-settings=\"{&quot;animation&quot;:&quot;fadeInLeft&quot;}\">\n\t\t\t\t\t<div class=\"e-con-inner\">\n\t\t\t\t<div class=\"elementor-element elementor-element-7095ed7d elementor-widget elementor-widget-heading\" data-id=\"7095ed7d\" data-element_type=\"widget\" data-e-type=\"widget\" data-widget_type=\"heading.default\">\n\t\t\t\t<div class=\"elementor-widget-container\">\n\t\t\t\t\t<h1 class=\"elementor-heading-title elementor-size-default\">General:<\/h1>\t\t\t\t<\/div>\n\t\t\t\t<\/div>\n\t\t\t\t<div class=\"elementor-element elementor-element-62cfd776 elementor-widget elementor-widget-text-editor\" data-id=\"62cfd776\" data-element_type=\"widget\" data-e-type=\"widget\" data-widget_type=\"text-editor.default\">\n\t\t\t\t<div class=\"elementor-widget-container\">\n\t\t\t\t\t\t\t\t\t<table><tbody><tr><td width=\"117\"><p>Regn:<\/p><\/td><td width=\"134\"><p>Animalia<\/p><\/td><\/tr><tr><td width=\"117\"><p>\u00cencreng\u0103tur\u0103:<\/p><\/td><td width=\"134\"><p>Chordata<\/p><\/td><\/tr><tr><td width=\"117\"><p>Sub\u00eencreng\u0103tur\u0103:<\/p><\/td><td width=\"134\"><p>Vertebrata<\/p><\/td><\/tr><tr><td width=\"117\"><p>Clas\u0103:<\/p><\/td><td width=\"134\"><p>Reptilia<\/p><\/td><\/tr><tr><td width=\"117\"><p>Ordin:<\/p><\/td><td width=\"134\"><p>Squamata<\/p><\/td><\/tr><tr><td width=\"117\"><p>Familie:<\/p><\/td><td width=\"134\"><p>Varanidae<\/p><\/td><\/tr><tr><td width=\"117\"><p>Gen:<\/p><\/td><td width=\"134\"><p>Varanus<\/p><\/td><\/tr><tr><td width=\"117\"><p>Specie:<\/p><\/td><td width=\"134\"><p>Varanus doreanus<\/p><\/td><\/tr><\/tbody><\/table>\t\t\t\t\t\t\t\t<\/div>\n\t\t\t\t<\/div>\n\t\t\t\t\t<\/div>\n\t\t\t\t<\/div>\n\t\t<div class=\"elementor-element elementor-element-1f1133b6 animated-slow e-flex e-con-boxed elementor-invisible e-con e-parent\" data-id=\"1f1133b6\" data-element_type=\"container\" data-e-type=\"container\" data-settings=\"{&quot;animation&quot;:&quot;fadeInRight&quot;}\">\n\t\t\t\t\t<div class=\"e-con-inner\">\n\t\t\t\t<div class=\"elementor-element elementor-element-6ee06b63 elementor-widget elementor-widget-heading\" data-id=\"6ee06b63\" data-element_type=\"widget\" data-e-type=\"widget\" data-widget_type=\"heading.default\">\n\t\t\t\t<div class=\"elementor-widget-container\">\n\t\t\t\t\t<h1 class=\"elementor-heading-title elementor-size-default\">Habitat:<\/h1>\t\t\t\t<\/div>\n\t\t\t\t<\/div>\n\t\t\t\t<div class=\"elementor-element elementor-element-22e01e1c elementor-widget elementor-widget-text-editor\" data-id=\"22e01e1c\" data-element_type=\"widget\" data-e-type=\"widget\" data-widget_type=\"text-editor.default\">\n\t\t\t\t<div class=\"elementor-widget-container\">\n\t\t\t\t\t\t\t\t\t<div class=\"et_pb_module et_pb_text et_pb_text_7 et_pb_bg_layout_light et_pb_text_align_left\"><div class=\"et_pb_text_inner\"><div class=\"et_pb_column et_pb_column_1_2 et_pb_column_4 et_pb_css_mix_blend_mode_passthrough\"><div class=\"et_pb_module et_pb_text et_pb_text_2 et_pb_bg_layout_light et_pb_text_align_left\"><div class=\"et_pb_text_inner\"><p>Varanii sunt \u00eent\u00e2lni\u021bi \u00een regiunile tropicale \u0219i subtropicale din Africa, Asia, Australia \u0219i insulele din Pacific. Dragonul de Komodo, de exemplu, este endemic pe c\u00e2teva insule din Indonezia. Habitatul lor variaz\u0103 de la p\u0103duri tropicale \u0219i savane p\u00e2n\u0103 la de\u0219erturi \u0219i zone de coast\u0103.<\/p><p>Ace\u0219ti pr\u0103d\u0103tori sunt adaptabili \u0219i pot tr\u0103i \u00een medii diverse, inclusiv \u00een apropierea surselor de ap\u0103, unde v\u00e2neaz\u0103 \u0219i se r\u0103coresc. Unele specii, cum ar fi varanul de Nil, sunt semi-acvatice, petrec\u00e2nd mult timp \u00een ap\u0103 sau \u00een apropierea acesteia.<\/p><\/div><\/div><\/div><\/div><\/div>\t\t\t\t\t\t\t\t<\/div>\n\t\t\t\t<\/div>\n\t\t\t\t\t<\/div>\n\t\t\t\t<\/div>\n\t\t<div class=\"elementor-element elementor-element-70e7a1b1 e-grid e-con-boxed e-con e-parent\" data-id=\"70e7a1b1\" data-element_type=\"container\" data-e-type=\"container\">\n\t\t\t\t\t<div class=\"e-con-inner\">\n\t\t<div class=\"elementor-element elementor-element-76e1b8c6 e-con-full animated-slow e-flex elementor-invisible e-con e-child\" data-id=\"76e1b8c6\" data-element_type=\"container\" data-e-type=\"container\" data-settings=\"{&quot;animation&quot;:&quot;fadeInLeft&quot;}\">\n\t\t\t\t<div class=\"elementor-element elementor-element-943dfc9 elementor-widget elementor-widget-heading\" data-id=\"943dfc9\" data-element_type=\"widget\" data-e-type=\"widget\" data-widget_type=\"heading.default\">\n\t\t\t\t<div class=\"elementor-widget-container\">\n\t\t\t\t\t<h1 class=\"elementor-heading-title elementor-size-default\">Hran\u0103:<\/h1>\t\t\t\t<\/div>\n\t\t\t\t<\/div>\n\t\t\t\t<div class=\"elementor-element elementor-element-33b6c5ee elementor-widget elementor-widget-text-editor\" data-id=\"33b6c5ee\" data-element_type=\"widget\" data-e-type=\"widget\" data-widget_type=\"text-editor.default\">\n\t\t\t\t<div class=\"elementor-widget-container\">\n\t\t\t\t\t\t\t\t\t<div class=\"et_pb_module et_pb_text et_pb_text_7 et_pb_bg_layout_light et_pb_text_align_left\"><div class=\"et_pb_text_inner\"><div class=\"et_pb_column et_pb_column_1_2 et_pb_column_4 et_pb_css_mix_blend_mode_passthrough\"><div class=\"et_pb_module et_pb_text et_pb_text_2 et_pb_bg_layout_light et_pb_text_align_left\"><div class=\"et_pb_text_inner\"><p>Varanii sunt carnivori oportuni\u0219ti, iar dieta lor include mamifere mici, p\u0103s\u0103ri, ou\u0103, reptile, pe\u0219ti \u0219i chiar hoituri. Dragonul de Komodo, fiind un pr\u0103d\u0103tor de top, poate v\u00e2na \u0219i animale mari, precum c\u0103prioare \u0219i bivoli.<\/p><p>Ace\u0219ti pr\u0103d\u0103tori sunt cunoscu\u021bi pentru mu\u0219c\u0103tura lor puternic\u0103 \u0219i, \u00een cazul dragonului de Komodo, pentru saliva care con\u021bine bacterii periculoase sau toxine ce pot imobiliza prada. \u00cen captivitate, varanii sunt hr\u0103ni\u021bi cu carne, pe\u0219te, ou\u0103 \u0219i suplimente de vitamine pentru a le asigura s\u0103n\u0103tatea.<\/p><\/div><\/div><\/div><\/div><\/div>\t\t\t\t\t\t\t\t<\/div>\n\t\t\t\t<\/div>\n\t\t\t\t<\/div>\n\t\t<div class=\"elementor-element elementor-element-75655f15 e-con-full animated-slow e-flex elementor-invisible e-con e-child\" data-id=\"75655f15\" data-element_type=\"container\" data-e-type=\"container\" data-settings=\"{&quot;animation&quot;:&quot;fadeInRight&quot;}\">\n\t\t\t\t<div class=\"elementor-element elementor-element-177d04bc elementor-widget elementor-widget-heading\" data-id=\"177d04bc\" data-element_type=\"widget\" data-e-type=\"widget\" data-widget_type=\"heading.default\">\n\t\t\t\t<div class=\"elementor-widget-container\">\n\t\t\t\t\t<h1 class=\"elementor-heading-title elementor-size-default\">Conservare:<\/h1>\t\t\t\t<\/div>\n\t\t\t\t<\/div>\n\t\t\t\t<div class=\"elementor-element elementor-element-69519bce elementor-widget elementor-widget-text-editor\" data-id=\"69519bce\" data-element_type=\"widget\" data-e-type=\"widget\" data-widget_type=\"text-editor.default\">\n\t\t\t\t<div class=\"elementor-widget-container\">\n\t\t\t\t\t\t\t\t\t<div class=\"et_pb_module et_pb_text et_pb_text_7 et_pb_bg_layout_light et_pb_text_align_left\"><div class=\"et_pb_text_inner\"><div class=\"et_pb_column et_pb_column_1_2 et_pb_column_4 et_pb_css_mix_blend_mode_passthrough\"><div class=\"et_pb_module et_pb_text et_pb_text_2 et_pb_bg_layout_light et_pb_text_align_left\"><div class=\"et_pb_text_inner\"><p>Starea de conservare a varanilor variaz\u0103 de la specie la specie. Dragonul de Komodo este clasificat ca vulnerabil din cauza pierderii habitatului, braconajului \u0219i sc\u0103derii pr\u0103zii. Alte specii, cum ar fi varanul de Nil, au popula\u021bii stabile, dar sunt afectate de distrugerea habitatului \u0219i conflictele cu oamenii.<\/p><p>Programele de conservare includ protejarea habitatelor naturale, crearea de rezerva\u021bii \u0219i educa\u021bia publicului despre importan\u021ba ecologic\u0103 a varanilor. Aceste \u0219op\u00e2rle joac\u0103 un rol esen\u021bial \u00een men\u021binerea echilibrului ecosistemelor, fiind pr\u0103d\u0103tori de top \u00een habitatele lor.<\/p><\/div><\/div><\/div><\/div><\/div>\t\t\t\t\t\t\t\t<\/div>\n\t\t\t\t<\/div>\n\t\t\t\t<\/div>\n\t\t\t\t\t<\/div>\n\t\t\t\t<\/div>\n\t\t\t\t<\/div>","protected":false},"excerpt":{"rendered":"<p>Varan cu Coada Albastr\u0103 Nume \u0219tiin\u021bific: Varanus spp. Clas\u0103: Reptilia Ordin: Squamata Familie: Varanidae Gen: Varanus Specie: Varanus komodoensis Lungime maxim\u0103: 1-3 metri Greutate: 10-90 kg General: Regn: Animalia \u00cencreng\u0103tur\u0103: Chordata Sub\u00eencreng\u0103tur\u0103: Vertebrata Clas\u0103: Reptilia Ordin: Squamata Familie: Varanidae Gen: Varanus Specie: Varanus doreanus Habitat: Varanii sunt \u00eent\u00e2lni\u021bi \u00een regiunile tropicale \u0219i subtropicale din Africa, &hellip; <a href=\"https:\/\/bucurestizoo.ro\/en\/varan\/\" class=\"more-link\">Continue reading <span class=\"screen-reader-text\">Varan<\/span><\/a><\/p>","protected":false},"author":1,"featured_media":0,"parent":0,"menu_order":0,"comment_status":"closed","ping_status":"closed","template":"","meta":{"_monsterinsights_skip_tracking":false,"_monsterinsights_sitenote_active":false,"_monsterinsights_sitenote_note":"","_monsterinsights_sitenote_category":0,"footnotes":""},"class_list":["post-12538","page","type-page","status-publish","hentry"],"aioseo_notices":[],"_links":{"self":[{"href":"https:\/\/bucurestizoo.ro\/en\/wp-json\/wp\/v2\/pages\/12538","targetHints":{"allow":["GET"]}}],"collection":[{"href":"https:\/\/bucurestizoo.ro\/en\/wp-json\/wp\/v2\/pages"}],"about":[{"href":"https:\/\/bucurestizoo.ro\/en\/wp-json\/wp\/v2\/types\/page"}],"author":[{"embeddable":true,"href":"https:\/\/bucurestizoo.ro\/en\/wp-json\/wp\/v2\/users\/1"}],"replies":[{"embeddable":true,"href":"https:\/\/bucurestizoo.ro\/en\/wp-json\/wp\/v2\/comments?post=12538"}],"version-history":[{"count":13,"href":"https:\/\/bucurestizoo.ro\/en\/wp-json\/wp\/v2\/pages\/12538\/revisions"}],"predecessor-version":[{"id":15080,"href":"https:\/\/bucurestizoo.ro\/en\/wp-json\/wp\/v2\/pages\/12538\/revisions\/15080"}],"wp:attachment":[{"href":"https:\/\/bucurestizoo.ro\/en\/wp-json\/wp\/v2\/media?parent=12538"}],"curies":[{"name":"wp","href":"https:\/\/api.w.org\/{rel}","templated":true}]}}