{"id":12534,"date":"2025-01-10T14:56:18","date_gmt":"2025-01-10T12:56:18","guid":{"rendered":"https:\/\/n1.bucurestizoo.ro\/?page_id=12534"},"modified":"2025-04-05T13:21:49","modified_gmt":"2025-04-05T11:21:49","slug":"testoasa-cu-labe-rosii","status":"publish","type":"page","link":"https:\/\/bucurestizoo.ro\/en\/testoasa-cu-labe-rosii\/","title":{"rendered":"\u021aestoasa cu labe ro\u0219ii"},"content":{"rendered":"<div data-elementor-type=\"wp-page\" data-elementor-id=\"12534\" class=\"elementor elementor-12534\" data-elementor-post-type=\"page\">\n\t\t\t\t<div class=\"elementor-element elementor-element-2a2a077f e-flex e-con-boxed e-con e-parent\" data-id=\"2a2a077f\" data-element_type=\"container\" data-e-type=\"container\" data-settings=\"{&quot;background_background&quot;:&quot;classic&quot;}\">\n\t\t\t\t\t<div class=\"e-con-inner\">\n\t\t<div class=\"elementor-element elementor-element-59959fff e-con-full e-flex e-con e-child\" data-id=\"59959fff\" data-element_type=\"container\" data-e-type=\"container\">\n\t\t<div class=\"elementor-element elementor-element-22f5621d e-con-full animated-slow e-flex elementor-invisible e-con e-child\" data-id=\"22f5621d\" data-element_type=\"container\" data-e-type=\"container\" data-settings=\"{&quot;animation&quot;:&quot;fadeInLeft&quot;}\">\n\t\t\t\t<div class=\"elementor-element elementor-element-3147744e elementor-widget elementor-widget-heading\" data-id=\"3147744e\" data-element_type=\"widget\" data-e-type=\"widget\" data-widget_type=\"heading.default\">\n\t\t\t\t<div class=\"elementor-widget-container\">\n\t\t\t\t\t<h1 class=\"elementor-heading-title elementor-size-default\">\u021aestoasa cu Labe Ro\u0219ii<\/h1>\t\t\t\t<\/div>\n\t\t\t\t<\/div>\n\t\t\t\t<div class=\"elementor-element elementor-element-7232244f elementor-widget elementor-widget-text-editor\" data-id=\"7232244f\" data-element_type=\"widget\" data-e-type=\"widget\" data-widget_type=\"text-editor.default\">\n\t\t\t\t<div class=\"elementor-widget-container\">\n\t\t\t\t\t\t\t\t\t<p><strong>Nume \u0219tiin\u021bific<\/strong>:\u00a0Geochelone carbonaria<\/p><p><strong>Clas\u0103<\/strong>: Reptilia<\/p><p><strong>Ordin<\/strong>: Testudines<\/p><p><strong>Familie<\/strong>: Testudinidae<\/p><p><strong>Gen<\/strong>: Chelonoidis<\/p><p><strong>Specie<\/strong>: <em>Chelonoidis carbonarius<\/em><\/p><p><strong>Lungime maxim\u0103<\/strong>: 30-40 cm<\/p><p><strong>Greutate<\/strong>: 6-12 kg<\/p>\t\t\t\t\t\t\t\t<\/div>\n\t\t\t\t<\/div>\n\t\t\t\t<\/div>\n\t\t\t\t<div class=\"elementor-element elementor-element-7847803b elementor-widget-tablet__width-inherit animated-slow elementor-invisible elementor-widget elementor-widget-image\" data-id=\"7847803b\" data-element_type=\"widget\" data-e-type=\"widget\" data-settings=\"{&quot;_animation&quot;:&quot;fadeInRight&quot;}\" data-widget_type=\"image.default\">\n\t\t\t\t<div class=\"elementor-widget-container\">\n\t\t\t\t\t\t\t\t\t\t\t\t\t\t\t<img fetchpriority=\"high\" decoding=\"async\" width=\"400\" height=\"284\" src=\"https:\/\/bucurestizoo.ro\/wp-content\/uploads\/2024\/12\/Testoasa-cu-labe-rosii.jpg\" class=\"attachment-large size-large wp-image-12294\" alt=\"\" srcset=\"https:\/\/bucurestizoo.ro\/wp-content\/uploads\/2024\/12\/Testoasa-cu-labe-rosii.jpg 400w, https:\/\/bucurestizoo.ro\/wp-content\/uploads\/2024\/12\/Testoasa-cu-labe-rosii-300x213.jpg 300w\" sizes=\"(max-width: 400px) 100vw, 400px\" data-id=\"12294\" \/>\t\t\t\t\t\t\t\t\t\t\t\t\t\t\t<\/div>\n\t\t\t\t<\/div>\n\t\t\t\t<\/div>\n\t\t\t\t\t<\/div>\n\t\t\t\t<\/div>\n\t\t<div class=\"elementor-element elementor-element-4fe5e8e2 animated-slow e-flex e-con-boxed elementor-invisible e-con e-parent\" data-id=\"4fe5e8e2\" data-element_type=\"container\" data-e-type=\"container\" data-settings=\"{&quot;animation&quot;:&quot;fadeInLeft&quot;}\">\n\t\t\t\t\t<div class=\"e-con-inner\">\n\t\t\t\t<div class=\"elementor-element elementor-element-4a687e1b elementor-widget elementor-widget-heading\" data-id=\"4a687e1b\" data-element_type=\"widget\" data-e-type=\"widget\" data-widget_type=\"heading.default\">\n\t\t\t\t<div class=\"elementor-widget-container\">\n\t\t\t\t\t<h1 class=\"elementor-heading-title elementor-size-default\">General:<\/h1>\t\t\t\t<\/div>\n\t\t\t\t<\/div>\n\t\t\t\t<div class=\"elementor-element elementor-element-48b77a3e elementor-widget elementor-widget-text-editor\" data-id=\"48b77a3e\" data-element_type=\"widget\" data-e-type=\"widget\" data-widget_type=\"text-editor.default\">\n\t\t\t\t<div class=\"elementor-widget-container\">\n\t\t\t\t\t\t\t\t\t<div class=\"et_pb_module et_pb_text et_pb_text_7 et_pb_bg_layout_light et_pb_text_align_left\"><div class=\"et_pb_text_inner\"><div class=\"et_pb_column et_pb_column_1_2 et_pb_column_4 et_pb_css_mix_blend_mode_passthrough\"><div class=\"et_pb_module et_pb_text et_pb_text_2 et_pb_bg_layout_light et_pb_text_align_left\"><div class=\"et_pb_text_inner\"><p>\u021aestoasa cu labe ro\u0219ii este o specie terestr\u0103 medie, recunoscut\u0103 pentru membrele sale caracteristice cu pete ro\u0219iatice sau portocalii, care contrasteaz\u0103 cu carapacea \u00eenchis\u0103 la culoare. Carapacea sa este u\u0219or bombat\u0103 \u0219i are un model distinctiv de pl\u0103ci galbene, maro sau portocalii, care \u00eei ofer\u0103 un camuflaj eficient \u00een mediul natural.<\/p><p>Este o reptil\u0103 docil\u0103 \u0219i lent\u0103, petrec\u00e2ndu-\u0219i majoritatea timpului c\u0103ut\u00e2nd hran\u0103. \u021aestoasa cu labe ro\u0219ii are o longevitate impresionant\u0103, tr\u0103ind adesea peste 50 de ani. Este o specie sociabil\u0103, fiind frecvent \u00eent\u00e2lnit\u0103 \u00een grupuri mici, \u00een special \u00een zonele bogate \u00een hran\u0103.<\/p><\/div><\/div><\/div><\/div><\/div>\t\t\t\t\t\t\t\t<\/div>\n\t\t\t\t<\/div>\n\t\t\t\t\t<\/div>\n\t\t\t\t<\/div>\n\t\t<div class=\"elementor-element elementor-element-3463055d animated-slow e-flex e-con-boxed elementor-invisible e-con e-parent\" data-id=\"3463055d\" data-element_type=\"container\" data-e-type=\"container\" data-settings=\"{&quot;animation&quot;:&quot;fadeInRight&quot;}\">\n\t\t\t\t\t<div class=\"e-con-inner\">\n\t\t\t\t<div class=\"elementor-element elementor-element-72bab6ee elementor-widget elementor-widget-heading\" data-id=\"72bab6ee\" data-element_type=\"widget\" data-e-type=\"widget\" data-widget_type=\"heading.default\">\n\t\t\t\t<div class=\"elementor-widget-container\">\n\t\t\t\t\t<h1 class=\"elementor-heading-title elementor-size-default\">Habitat:<\/h1>\t\t\t\t<\/div>\n\t\t\t\t<\/div>\n\t\t\t\t<div class=\"elementor-element elementor-element-5d0c6f6b elementor-widget elementor-widget-text-editor\" data-id=\"5d0c6f6b\" data-element_type=\"widget\" data-e-type=\"widget\" data-widget_type=\"text-editor.default\">\n\t\t\t\t<div class=\"elementor-widget-container\">\n\t\t\t\t\t\t\t\t\t<div class=\"et_pb_module et_pb_text et_pb_text_7 et_pb_bg_layout_light et_pb_text_align_left\"><div class=\"et_pb_text_inner\"><div class=\"et_pb_column et_pb_column_1_2 et_pb_column_4 et_pb_css_mix_blend_mode_passthrough\"><div class=\"et_pb_module et_pb_text et_pb_text_2 et_pb_bg_layout_light et_pb_text_align_left\"><div class=\"et_pb_text_inner\"><p>\u021aestoasa cu labe ro\u0219ii este originar\u0103 din regiunile tropicale \u0219i subtropicale din America de Sud, fiind \u00eent\u00e2lnit\u0103 \u00een p\u0103durile tropicale, savanele \u0219i zonele de tranzi\u021bie dintre aceste ecosisteme. Prefer\u0103 habitatele umede, cu sol moale \u0219i vegeta\u021bie dens\u0103, care \u00eei ofer\u0103 ad\u0103post \u0219i surse bogate de hran\u0103.<\/p><p>Aceasta este activ\u0103 mai ales diminea\u021ba \u0219i seara, c\u00e2nd temperaturile sunt moderate. \u00cen timpul zilelor fierbin\u021bi, se ascunde \u00een umbra vegeta\u021biei sau \u00een gropi s\u0103pate \u00een sol pentru a evita supra\u00eenc\u0103lzirea.<\/p><\/div><\/div><\/div><\/div><\/div>\t\t\t\t\t\t\t\t<\/div>\n\t\t\t\t<\/div>\n\t\t\t\t\t<\/div>\n\t\t\t\t<\/div>\n\t\t<div class=\"elementor-element elementor-element-2ff025ce e-grid e-con-boxed e-con e-parent\" data-id=\"2ff025ce\" data-element_type=\"container\" data-e-type=\"container\">\n\t\t\t\t\t<div class=\"e-con-inner\">\n\t\t<div class=\"elementor-element elementor-element-7848fb9c e-con-full animated-slow e-flex elementor-invisible e-con e-child\" data-id=\"7848fb9c\" data-element_type=\"container\" data-e-type=\"container\" data-settings=\"{&quot;animation&quot;:&quot;fadeInLeft&quot;}\">\n\t\t\t\t<div class=\"elementor-element elementor-element-7ca24156 elementor-widget elementor-widget-heading\" data-id=\"7ca24156\" data-element_type=\"widget\" data-e-type=\"widget\" data-widget_type=\"heading.default\">\n\t\t\t\t<div class=\"elementor-widget-container\">\n\t\t\t\t\t<h1 class=\"elementor-heading-title elementor-size-default\">Hran\u0103:<\/h1>\t\t\t\t<\/div>\n\t\t\t\t<\/div>\n\t\t\t\t<div class=\"elementor-element elementor-element-44d87bc5 elementor-widget elementor-widget-text-editor\" data-id=\"44d87bc5\" data-element_type=\"widget\" data-e-type=\"widget\" data-widget_type=\"text-editor.default\">\n\t\t\t\t<div class=\"elementor-widget-container\">\n\t\t\t\t\t\t\t\t\t<div class=\"et_pb_module et_pb_text et_pb_text_7 et_pb_bg_layout_light et_pb_text_align_left\"><div class=\"et_pb_text_inner\"><div class=\"et_pb_column et_pb_column_1_2 et_pb_column_4 et_pb_css_mix_blend_mode_passthrough\"><div class=\"et_pb_module et_pb_text et_pb_text_2 et_pb_bg_layout_light et_pb_text_align_left\"><div class=\"et_pb_text_inner\"><p>\u021aestoasa cu labe ro\u0219ii este omnivor\u0103, av\u00e2nd o diet\u0103 variat\u0103. Consumul s\u0103u include frunze, fructe c\u0103zute, flori, ciuperci, melci \u0219i alte nevertebrate mici. Este cunoscut\u0103 pentru preferin\u021ba sa pentru fructele c\u0103zute din copaci, pe care le detecteaz\u0103 cu ajutorul mirosului dezvoltat.<\/p><p>\u00cen captivitate, dieta sa trebuie s\u0103 includ\u0103 o varietate de legume, fructe proaspete (precum mango, papaya \u0219i banane) \u0219i, ocazional, proteine de origine animal\u0103, precum melci sau ou\u0103. Este important ca dieta s\u0103 fie bogat\u0103 \u00een calciu pentru a preveni problemele osoase. <\/p><\/div><\/div><\/div><\/div><\/div>\t\t\t\t\t\t\t\t<\/div>\n\t\t\t\t<\/div>\n\t\t\t\t<\/div>\n\t\t<div class=\"elementor-element elementor-element-589b934a e-con-full animated-slow e-flex elementor-invisible e-con e-child\" data-id=\"589b934a\" data-element_type=\"container\" data-e-type=\"container\" data-settings=\"{&quot;animation&quot;:&quot;fadeInRight&quot;}\">\n\t\t\t\t<div class=\"elementor-element elementor-element-5f997ac8 elementor-widget elementor-widget-heading\" data-id=\"5f997ac8\" data-element_type=\"widget\" data-e-type=\"widget\" data-widget_type=\"heading.default\">\n\t\t\t\t<div class=\"elementor-widget-container\">\n\t\t\t\t\t<h1 class=\"elementor-heading-title elementor-size-default\">Conservare:<\/h1>\t\t\t\t<\/div>\n\t\t\t\t<\/div>\n\t\t\t\t<div class=\"elementor-element elementor-element-7c035b5c elementor-widget elementor-widget-text-editor\" data-id=\"7c035b5c\" data-element_type=\"widget\" data-e-type=\"widget\" data-widget_type=\"text-editor.default\">\n\t\t\t\t<div class=\"elementor-widget-container\">\n\t\t\t\t\t\t\t\t\t<div class=\"et_pb_module et_pb_text et_pb_text_7 et_pb_bg_layout_light et_pb_text_align_left\"><div class=\"et_pb_text_inner\"><div class=\"et_pb_column et_pb_column_1_2 et_pb_column_4 et_pb_css_mix_blend_mode_passthrough\"><div class=\"et_pb_module et_pb_text et_pb_text_2 et_pb_bg_layout_light et_pb_text_align_left\"><div class=\"et_pb_text_inner\"><p>\u021aestoasa cu labe ro\u0219ii este amenin\u021bat\u0103 \u00een unele p\u0103r\u021bi ale arealului s\u0103u din cauza captur\u0103rii pentru comer\u021bul cu animale exotice \u0219i a distrugerii habitatului natural. De asemenea, este v\u00e2nat\u0103 pentru carne \u00een anumite regiuni din America de Sud.<\/p><p>Programele de conservare pun accent pe protejarea habitatelor naturale \u0219i pe reglementarea comer\u021bului interna\u021bional. \u00cen plus, educa\u021bia publicului privind rolul ecologic al acestei \u021bestoase \u0219i cerin\u021bele sale complexe de \u00eengrijire \u00een captivitate ajut\u0103 la reducerea presiunii asupra popula\u021biilor s\u0103lbatice. <\/p><\/div><\/div><\/div><\/div><\/div>\t\t\t\t\t\t\t\t<\/div>\n\t\t\t\t<\/div>\n\t\t\t\t<\/div>\n\t\t\t\t\t<\/div>\n\t\t\t\t<\/div>\n\t\t\t\t<\/div>","protected":false},"excerpt":{"rendered":"<p>\u021aestoasa cu Labe Ro\u0219ii Nume \u0219tiin\u021bific:\u00a0Geochelone carbonaria Clas\u0103: Reptilia Ordin: Testudines Familie: Testudinidae Gen: Chelonoidis Specie: Chelonoidis carbonarius Lungime maxim\u0103: 30-40 cm Greutate: 6-12 kg General: \u021aestoasa cu labe ro\u0219ii este o specie terestr\u0103 medie, recunoscut\u0103 pentru membrele sale caracteristice cu pete ro\u0219iatice sau portocalii, care contrasteaz\u0103 cu carapacea \u00eenchis\u0103 la culoare. Carapacea sa este &hellip; <a href=\"https:\/\/bucurestizoo.ro\/en\/testoasa-cu-labe-rosii\/\" class=\"more-link\">Continue reading <span class=\"screen-reader-text\">\u021aestoasa cu labe ro\u0219ii<\/span><\/a><\/p>","protected":false},"author":1,"featured_media":0,"parent":0,"menu_order":0,"comment_status":"closed","ping_status":"closed","template":"","meta":{"_monsterinsights_skip_tracking":false,"_monsterinsights_sitenote_active":false,"_monsterinsights_sitenote_note":"","_monsterinsights_sitenote_category":0,"footnotes":""},"class_list":["post-12534","page","type-page","status-publish","hentry"],"aioseo_notices":[],"_links":{"self":[{"href":"https:\/\/bucurestizoo.ro\/en\/wp-json\/wp\/v2\/pages\/12534","targetHints":{"allow":["GET"]}}],"collection":[{"href":"https:\/\/bucurestizoo.ro\/en\/wp-json\/wp\/v2\/pages"}],"about":[{"href":"https:\/\/bucurestizoo.ro\/en\/wp-json\/wp\/v2\/types\/page"}],"author":[{"embeddable":true,"href":"https:\/\/bucurestizoo.ro\/en\/wp-json\/wp\/v2\/users\/1"}],"replies":[{"embeddable":true,"href":"https:\/\/bucurestizoo.ro\/en\/wp-json\/wp\/v2\/comments?post=12534"}],"version-history":[{"count":7,"href":"https:\/\/bucurestizoo.ro\/en\/wp-json\/wp\/v2\/pages\/12534\/revisions"}],"predecessor-version":[{"id":15063,"href":"https:\/\/bucurestizoo.ro\/en\/wp-json\/wp\/v2\/pages\/12534\/revisions\/15063"}],"wp:attachment":[{"href":"https:\/\/bucurestizoo.ro\/en\/wp-json\/wp\/v2\/media?parent=12534"}],"curies":[{"name":"wp","href":"https:\/\/api.w.org\/{rel}","templated":true}]}}