{"id":12532,"date":"2025-01-10T14:55:33","date_gmt":"2025-01-10T12:55:33","guid":{"rendered":"https:\/\/n1.bucurestizoo.ro\/?page_id=12532"},"modified":"2025-04-05T13:06:40","modified_gmt":"2025-04-05T11:06:40","slug":"soparla-coada-spinoasa","status":"publish","type":"page","link":"https:\/\/bucurestizoo.ro\/en\/soparla-coada-spinoasa\/","title":{"rendered":"\u0218op\u00e2rla coad\u0103 spinoas\u0103"},"content":{"rendered":"<div data-elementor-type=\"wp-page\" data-elementor-id=\"12532\" class=\"elementor elementor-12532\" data-elementor-post-type=\"page\">\n\t\t\t\t<div class=\"elementor-element elementor-element-3166342d e-flex e-con-boxed e-con e-parent\" data-id=\"3166342d\" data-element_type=\"container\" data-e-type=\"container\" data-settings=\"{&quot;background_background&quot;:&quot;classic&quot;}\">\n\t\t\t\t\t<div class=\"e-con-inner\">\n\t\t<div class=\"elementor-element elementor-element-32eeb1a0 e-con-full e-flex e-con e-child\" data-id=\"32eeb1a0\" data-element_type=\"container\" data-e-type=\"container\">\n\t\t<div class=\"elementor-element elementor-element-152dad87 e-con-full animated-slow e-flex elementor-invisible e-con e-child\" data-id=\"152dad87\" data-element_type=\"container\" data-e-type=\"container\" data-settings=\"{&quot;animation&quot;:&quot;fadeInLeft&quot;}\">\n\t\t\t\t<div class=\"elementor-element elementor-element-2f995fba elementor-widget elementor-widget-heading\" data-id=\"2f995fba\" data-element_type=\"widget\" data-e-type=\"widget\" data-widget_type=\"heading.default\">\n\t\t\t\t<div class=\"elementor-widget-container\">\n\t\t\t\t\t<h1 class=\"elementor-heading-title elementor-size-default\">\u0218op\u00e2rl\u0103 cu coad\u0103 Spinoas\u0103<\/h1>\t\t\t\t<\/div>\n\t\t\t\t<\/div>\n\t\t\t\t<div class=\"elementor-element elementor-element-5f4afd4 elementor-widget elementor-widget-text-editor\" data-id=\"5f4afd4\" data-element_type=\"widget\" data-e-type=\"widget\" data-widget_type=\"text-editor.default\">\n\t\t\t\t<div class=\"elementor-widget-container\">\n\t\t\t\t\t\t\t\t\t<p><strong>Nume \u0219tiin\u021bific<\/strong>: <em>Uromastyx spp.<\/em><\/p><p><strong>Clas\u0103<\/strong>: Reptilia<\/p><p><strong>Ordin<\/strong>: Squamata<\/p><p><strong>Familie<\/strong>: Agamidae<\/p><p><strong>Gen<\/strong>: Uromastyx<\/p><p><strong>Specie<\/strong>: Mai multe specii, cel mai cunoscut fiind <em>Uromastyx aegyptia<\/em><\/p><p><strong>Lungime maxim\u0103<\/strong>: 25-90 cm (\u00een func\u021bie de specie)<\/p><p><strong>Greutate<\/strong>: 500 g &#8211; 3 kg<\/p>\t\t\t\t\t\t\t\t<\/div>\n\t\t\t\t<\/div>\n\t\t\t\t<\/div>\n\t\t\t\t<div class=\"elementor-element elementor-element-2594ec3b elementor-widget-tablet__width-inherit animated-slow elementor-invisible elementor-widget elementor-widget-image\" data-id=\"2594ec3b\" data-element_type=\"widget\" data-e-type=\"widget\" data-settings=\"{&quot;_animation&quot;:&quot;fadeInRight&quot;}\" data-widget_type=\"image.default\">\n\t\t\t\t<div class=\"elementor-widget-container\">\n\t\t\t\t\t\t\t\t\t\t\t\t\t\t\t<img fetchpriority=\"high\" decoding=\"async\" width=\"847\" height=\"565\" src=\"https:\/\/bucurestizoo.ro\/wp-content\/uploads\/2025\/04\/Soparla-cu-coada-spinoasa-dt_1-1024x683.jpg\" class=\"attachment-large size-large wp-image-15041\" alt=\"\" srcset=\"https:\/\/bucurestizoo.ro\/wp-content\/uploads\/2025\/04\/Soparla-cu-coada-spinoasa-dt_1-1024x683.jpg 1024w, https:\/\/bucurestizoo.ro\/wp-content\/uploads\/2025\/04\/Soparla-cu-coada-spinoasa-dt_1-300x200.jpg 300w, https:\/\/bucurestizoo.ro\/wp-content\/uploads\/2025\/04\/Soparla-cu-coada-spinoasa-dt_1-768x512.jpg 768w, https:\/\/bucurestizoo.ro\/wp-content\/uploads\/2025\/04\/Soparla-cu-coada-spinoasa-dt_1-1536x1024.jpg 1536w, https:\/\/bucurestizoo.ro\/wp-content\/uploads\/2025\/04\/Soparla-cu-coada-spinoasa-dt_1-2048x1365.jpg 2048w, https:\/\/bucurestizoo.ro\/wp-content\/uploads\/2025\/04\/Soparla-cu-coada-spinoasa-dt_1-450x300.jpg 450w, https:\/\/bucurestizoo.ro\/wp-content\/uploads\/2025\/04\/Soparla-cu-coada-spinoasa-dt_1-650x433.jpg 650w\" sizes=\"(max-width: 847px) 100vw, 847px\" data-id=\"15041\" \/>\t\t\t\t\t\t\t\t\t\t\t\t\t\t\t<\/div>\n\t\t\t\t<\/div>\n\t\t\t\t<\/div>\n\t\t\t\t\t<\/div>\n\t\t\t\t<\/div>\n\t\t<div class=\"elementor-element elementor-element-65d4c4fa animated-slow e-flex e-con-boxed elementor-invisible e-con e-parent\" data-id=\"65d4c4fa\" data-element_type=\"container\" data-e-type=\"container\" data-settings=\"{&quot;animation&quot;:&quot;fadeInLeft&quot;}\">\n\t\t\t\t\t<div class=\"e-con-inner\">\n\t\t\t\t<div class=\"elementor-element elementor-element-27310fce elementor-widget elementor-widget-heading\" data-id=\"27310fce\" data-element_type=\"widget\" data-e-type=\"widget\" data-widget_type=\"heading.default\">\n\t\t\t\t<div class=\"elementor-widget-container\">\n\t\t\t\t\t<h1 class=\"elementor-heading-title elementor-size-default\">General:<\/h1>\t\t\t\t<\/div>\n\t\t\t\t<\/div>\n\t\t\t\t<div class=\"elementor-element elementor-element-6d481e79 elementor-widget elementor-widget-text-editor\" data-id=\"6d481e79\" data-element_type=\"widget\" data-e-type=\"widget\" data-widget_type=\"text-editor.default\">\n\t\t\t\t<div class=\"elementor-widget-container\">\n\t\t\t\t\t\t\t\t\t<p>\u0218op\u00e2rla coad\u0103 spinoas\u0103 este o reptil\u0103 robust\u0103, cunoscut\u0103 pentru coada sa distinctiv\u0103, acoperit\u0103 cu solzi spino\u0219i mari, care sunt folosi\u021bi pentru ap\u0103rare \u00eempotriva pr\u0103d\u0103torilor. Corpul s\u0103u este musculos \u0219i compact, iar culorile variaz\u0103 \u00eentre maro, gri, verde, galben sau portocaliu, \u00een func\u021bie de specie \u0219i habitat.<\/p><p>Aceast\u0103 \u0219op\u00e2rl\u0103 este activ\u0103 \u00een timpul zilei \u0219i prefer\u0103 temperaturile ridicate. Este renumit\u0103 pentru adaptabilitatea sa la condi\u021biile dure ale de\u0219ertului, unde \u00ee\u0219i petrece majoritatea timpului ascuns\u0103 \u00een vizuini pentru a evita temperaturile extreme.<\/p>\t\t\t\t\t\t\t\t<\/div>\n\t\t\t\t<\/div>\n\t\t\t\t\t<\/div>\n\t\t\t\t<\/div>\n\t\t<div class=\"elementor-element elementor-element-a39f39f e-flex e-con-boxed e-con e-parent\" data-id=\"a39f39f\" data-element_type=\"container\" data-e-type=\"container\">\n\t\t\t\t\t<div class=\"e-con-inner\">\n\t\t\t\t<div class=\"elementor-element elementor-element-727fe8f2 elementor-widget elementor-widget-gallery\" data-id=\"727fe8f2\" data-element_type=\"widget\" data-e-type=\"widget\" data-settings=\"{&quot;columns&quot;:2,&quot;lazyload&quot;:&quot;yes&quot;,&quot;gallery_layout&quot;:&quot;grid&quot;,&quot;columns_tablet&quot;:2,&quot;columns_mobile&quot;:1,&quot;gap&quot;:{&quot;unit&quot;:&quot;px&quot;,&quot;size&quot;:10,&quot;sizes&quot;:[]},&quot;gap_tablet&quot;:{&quot;unit&quot;:&quot;px&quot;,&quot;size&quot;:10,&quot;sizes&quot;:[]},&quot;gap_mobile&quot;:{&quot;unit&quot;:&quot;px&quot;,&quot;size&quot;:10,&quot;sizes&quot;:[]},&quot;link_to&quot;:&quot;file&quot;,&quot;aspect_ratio&quot;:&quot;3:2&quot;,&quot;overlay_background&quot;:&quot;yes&quot;,&quot;content_hover_animation&quot;:&quot;fade-in&quot;}\" data-widget_type=\"gallery.default\">\n\t\t\t\t<div class=\"elementor-widget-container\">\n\t\t\t\t\t\t\t<div class=\"elementor-gallery__container\">\n\t\t\t\t\t\t\t<a class=\"e-gallery-item elementor-gallery-item elementor-animated-content\" href=\"https:\/\/bucurestizoo.ro\/wp-content\/uploads\/2025\/04\/Soparla-cu-coada-spinoasa-dt_2.jpg.jpg\" data-elementor-open-lightbox=\"yes\" data-elementor-lightbox-slideshow=\"727fe8f2\" data-elementor-lightbox-title=\"S\u0326opa\u0302rla cu coada spinoasa\u0306 dt_2.jpg\" data-e-action-hash=\"#elementor-action%3Aaction%3Dlightbox%26settings%3DeyJpZCI6MTUwNDIsInVybCI6Imh0dHBzOlwvXC9idWN1cmVzdGl6b28ucm9cL3dwLWNvbnRlbnRcL3VwbG9hZHNcLzIwMjVcLzA0XC9Tb3BhcmxhLWN1LWNvYWRhLXNwaW5vYXNhLWR0XzIuanBnLmpwZyIsInNsaWRlc2hvdyI6IjcyN2ZlOGYyIn0%3D\">\n\t\t\t\t\t<div class=\"e-gallery-image elementor-gallery-item__image\" data-thumbnail=\"https:\/\/bucurestizoo.ro\/wp-content\/uploads\/2025\/04\/Soparla-cu-coada-spinoasa-dt_2.jpg-1024x683.jpg\" data-width=\"847\" data-height=\"565\" aria-label=\"\" role=\"img\" ><\/div>\n\t\t\t\t\t\t\t\t\t\t\t<div class=\"elementor-gallery-item__overlay\"><\/div>\n\t\t\t\t\t\t\t\t\t\t\t\t\t\t<\/a>\n\t\t\t\t\t<\/div>\n\t\t\t\t\t<\/div>\n\t\t\t\t<\/div>\n\t\t\t\t\t<\/div>\n\t\t\t\t<\/div>\n\t\t<div class=\"elementor-element elementor-element-49752f3f animated-slow e-flex e-con-boxed elementor-invisible e-con e-parent\" data-id=\"49752f3f\" data-element_type=\"container\" data-e-type=\"container\" data-settings=\"{&quot;animation&quot;:&quot;fadeInRight&quot;}\">\n\t\t\t\t\t<div class=\"e-con-inner\">\n\t\t\t\t<div class=\"elementor-element elementor-element-360c1365 elementor-widget elementor-widget-heading\" data-id=\"360c1365\" data-element_type=\"widget\" data-e-type=\"widget\" data-widget_type=\"heading.default\">\n\t\t\t\t<div class=\"elementor-widget-container\">\n\t\t\t\t\t<h1 class=\"elementor-heading-title elementor-size-default\">Habitat:<\/h1>\t\t\t\t<\/div>\n\t\t\t\t<\/div>\n\t\t\t\t<div class=\"elementor-element elementor-element-5d8d5e8c elementor-widget elementor-widget-text-editor\" data-id=\"5d8d5e8c\" data-element_type=\"widget\" data-e-type=\"widget\" data-widget_type=\"text-editor.default\">\n\t\t\t\t<div class=\"elementor-widget-container\">\n\t\t\t\t\t\t\t\t\t<p>\u0218op\u00e2rla coad\u0103 spinoas\u0103 tr\u0103ie\u0219te \u00een regiunile aride \u0219i semiaride din Africa de Nord, Orientul Mijlociu \u0219i Asia de Sud. Prefer\u0103 de\u0219erturile st\u00e2ncoase \u0219i c\u00e2mpiile nisipoase, unde poate s\u0103pa vizuini ad\u00e2nci pentru ad\u0103post.<\/p><p>Acest habitat \u00eei ofer\u0103 protec\u021bie \u00eempotriva pr\u0103d\u0103torilor \u0219i condi\u021biilor meteorologice extreme. Vizuinile sale sunt esen\u021biale pentru reglarea temperaturii corpului \u0219i sunt adesea situate \u00een apropierea surselor de hran\u0103, cum ar fi vegeta\u021bia rar\u0103 din de\u0219ert. <\/p>\t\t\t\t\t\t\t\t<\/div>\n\t\t\t\t<\/div>\n\t\t\t\t\t<\/div>\n\t\t\t\t<\/div>\n\t\t<div class=\"elementor-element elementor-element-4641fcac e-grid e-con-boxed e-con e-parent\" data-id=\"4641fcac\" data-element_type=\"container\" data-e-type=\"container\">\n\t\t\t\t\t<div class=\"e-con-inner\">\n\t\t<div class=\"elementor-element elementor-element-3028fecd e-con-full animated-slow e-flex elementor-invisible e-con e-child\" data-id=\"3028fecd\" data-element_type=\"container\" data-e-type=\"container\" data-settings=\"{&quot;animation&quot;:&quot;fadeInLeft&quot;}\">\n\t\t\t\t<div class=\"elementor-element elementor-element-58e0ee9b elementor-widget elementor-widget-heading\" data-id=\"58e0ee9b\" data-element_type=\"widget\" data-e-type=\"widget\" data-widget_type=\"heading.default\">\n\t\t\t\t<div class=\"elementor-widget-container\">\n\t\t\t\t\t<h1 class=\"elementor-heading-title elementor-size-default\">Hran\u0103:<\/h1>\t\t\t\t<\/div>\n\t\t\t\t<\/div>\n\t\t\t\t<div class=\"elementor-element elementor-element-32811098 elementor-widget elementor-widget-text-editor\" data-id=\"32811098\" data-element_type=\"widget\" data-e-type=\"widget\" data-widget_type=\"text-editor.default\">\n\t\t\t\t<div class=\"elementor-widget-container\">\n\t\t\t\t\t\t\t\t\t<p>\u0218op\u00e2rla coad\u0103 spinoas\u0103 este \u00een principal erbivor\u0103, consum\u00e2nd frunze, flori, semin\u021be \u0219i vegeta\u021bie uscat\u0103 din habitatul s\u0103u. \u00cen perioadele de penurie, poate consuma \u0219i insecte sau alte surse ocazionale de protein\u0103.<\/p><p>Aceast\u0103 diet\u0103 \u00eei ofer\u0103 toat\u0103 apa necesar\u0103, \u0219op\u00e2rla fiind extrem de eficient\u0103 \u00een utilizarea resurselor disponibile. \u00cen captivitate, dieta sa include legume proaspete, precum dovlecei, spanac, \u0219i fructe ocazional, al\u0103turi de suplimente de calciu pentru a preveni problemele osoase.<\/p>\t\t\t\t\t\t\t\t<\/div>\n\t\t\t\t<\/div>\n\t\t\t\t<\/div>\n\t\t<div class=\"elementor-element elementor-element-139fe275 e-con-full animated-slow e-flex elementor-invisible e-con e-child\" data-id=\"139fe275\" data-element_type=\"container\" data-e-type=\"container\" data-settings=\"{&quot;animation&quot;:&quot;fadeInRight&quot;}\">\n\t\t\t\t<div class=\"elementor-element elementor-element-4506339a elementor-widget elementor-widget-heading\" data-id=\"4506339a\" data-element_type=\"widget\" data-e-type=\"widget\" data-widget_type=\"heading.default\">\n\t\t\t\t<div class=\"elementor-widget-container\">\n\t\t\t\t\t<h1 class=\"elementor-heading-title elementor-size-default\">Conservare:<\/h1>\t\t\t\t<\/div>\n\t\t\t\t<\/div>\n\t\t\t\t<div class=\"elementor-element elementor-element-491b6436 elementor-widget elementor-widget-text-editor\" data-id=\"491b6436\" data-element_type=\"widget\" data-e-type=\"widget\" data-widget_type=\"text-editor.default\">\n\t\t\t\t<div class=\"elementor-widget-container\">\n\t\t\t\t\t\t\t\t\t<p>\u0218op\u00e2rla coad\u0103 spinoas\u0103 se confrunt\u0103 cu amenin\u021b\u0103ri din partea captur\u0103rii pentru comer\u021bul cu animale exotice, v\u00e2n\u0103torii pentru carne \u00een unele regiuni \u0219i pierderea habitatului din cauza extinderii a\u0219ez\u0103rilor umane. \u00cen unele regiuni, popula\u021biile sunt \u00een declin rapid.<\/p><p>Programele de conservare includ reglementarea comer\u021bului interna\u021bional \u0219i protejarea habitatelor naturale. Educa\u021bia publicului despre importan\u021ba ecologic\u0103 a acestei specii este esen\u021bial\u0103 pentru reducerea presiunii asupra popula\u021biilor s\u0103lbatice.<\/p>\t\t\t\t\t\t\t\t<\/div>\n\t\t\t\t<\/div>\n\t\t\t\t<\/div>\n\t\t\t\t\t<\/div>\n\t\t\t\t<\/div>\n\t\t\t\t<\/div>","protected":false},"excerpt":{"rendered":"<p>\u0218op\u00e2rl\u0103 cu coad\u0103 Spinoas\u0103 Nume \u0219tiin\u021bific: Uromastyx spp. Clas\u0103: Reptilia Ordin: Squamata Familie: Agamidae Gen: Uromastyx Specie: Mai multe specii, cel mai cunoscut fiind Uromastyx aegyptia Lungime maxim\u0103: 25-90 cm (\u00een func\u021bie de specie) Greutate: 500 g &#8211; 3 kg General: \u0218op\u00e2rla coad\u0103 spinoas\u0103 este o reptil\u0103 robust\u0103, cunoscut\u0103 pentru coada sa distinctiv\u0103, acoperit\u0103 cu &hellip; <a href=\"https:\/\/bucurestizoo.ro\/en\/soparla-coada-spinoasa\/\" class=\"more-link\">Continue reading <span class=\"screen-reader-text\">\u0218op\u00e2rla coad\u0103 spinoas\u0103<\/span><\/a><\/p>","protected":false},"author":1,"featured_media":0,"parent":0,"menu_order":0,"comment_status":"closed","ping_status":"closed","template":"","meta":{"_monsterinsights_skip_tracking":false,"_monsterinsights_sitenote_active":false,"_monsterinsights_sitenote_note":"","_monsterinsights_sitenote_category":0,"footnotes":""},"class_list":["post-12532","page","type-page","status-publish","hentry"],"aioseo_notices":[],"_links":{"self":[{"href":"https:\/\/bucurestizoo.ro\/en\/wp-json\/wp\/v2\/pages\/12532","targetHints":{"allow":["GET"]}}],"collection":[{"href":"https:\/\/bucurestizoo.ro\/en\/wp-json\/wp\/v2\/pages"}],"about":[{"href":"https:\/\/bucurestizoo.ro\/en\/wp-json\/wp\/v2\/types\/page"}],"author":[{"embeddable":true,"href":"https:\/\/bucurestizoo.ro\/en\/wp-json\/wp\/v2\/users\/1"}],"replies":[{"embeddable":true,"href":"https:\/\/bucurestizoo.ro\/en\/wp-json\/wp\/v2\/comments?post=12532"}],"version-history":[{"count":7,"href":"https:\/\/bucurestizoo.ro\/en\/wp-json\/wp\/v2\/pages\/12532\/revisions"}],"predecessor-version":[{"id":15045,"href":"https:\/\/bucurestizoo.ro\/en\/wp-json\/wp\/v2\/pages\/12532\/revisions\/15045"}],"wp:attachment":[{"href":"https:\/\/bucurestizoo.ro\/en\/wp-json\/wp\/v2\/media?parent=12532"}],"curies":[{"name":"wp","href":"https:\/\/api.w.org\/{rel}","templated":true}]}}