{"id":12530,"date":"2025-01-10T14:55:03","date_gmt":"2025-01-10T12:55:03","guid":{"rendered":"https:\/\/n1.bucurestizoo.ro\/?page_id=12530"},"modified":"2025-04-05T14:10:11","modified_gmt":"2025-04-05T12:10:11","slug":"soparla-africana","status":"publish","type":"page","link":"https:\/\/bucurestizoo.ro\/en\/soparla-africana\/","title":{"rendered":"\u0218op\u00e2rla african\u0103"},"content":{"rendered":"<div data-elementor-type=\"wp-page\" data-elementor-id=\"12530\" class=\"elementor elementor-12530\" data-elementor-post-type=\"page\">\n\t\t\t\t<div class=\"elementor-element elementor-element-27251f12 e-flex e-con-boxed e-con e-parent\" data-id=\"27251f12\" data-element_type=\"container\" data-e-type=\"container\" data-settings=\"{&quot;background_background&quot;:&quot;classic&quot;}\">\n\t\t\t\t\t<div class=\"e-con-inner\">\n\t\t<div class=\"elementor-element elementor-element-7a2cfbb2 e-con-full e-flex e-con e-child\" data-id=\"7a2cfbb2\" data-element_type=\"container\" data-e-type=\"container\">\n\t\t<div class=\"elementor-element elementor-element-33a31f39 e-con-full animated-slow e-flex elementor-invisible e-con e-child\" data-id=\"33a31f39\" data-element_type=\"container\" data-e-type=\"container\" data-settings=\"{&quot;animation&quot;:&quot;fadeInLeft&quot;}\">\n\t\t\t\t<div class=\"elementor-element elementor-element-1f97afe6 elementor-widget elementor-widget-heading\" data-id=\"1f97afe6\" data-element_type=\"widget\" data-e-type=\"widget\" data-widget_type=\"heading.default\">\n\t\t\t\t<div class=\"elementor-widget-container\">\n\t\t\t\t\t<h1 class=\"elementor-heading-title elementor-size-default\">\u0218op\u00e2rla African\u0103<\/h1>\t\t\t\t<\/div>\n\t\t\t\t<\/div>\n\t\t\t\t<div class=\"elementor-element elementor-element-70e90794 elementor-widget elementor-widget-text-editor\" data-id=\"70e90794\" data-element_type=\"widget\" data-e-type=\"widget\" data-widget_type=\"text-editor.default\">\n\t\t\t\t<div class=\"elementor-widget-container\">\n\t\t\t\t\t\t\t\t\t<p class=\"\" data-start=\"0\" data-end=\"166\"><strong data-start=\"0\" data-end=\"26\">Denumirea \u0219tiin\u021bific\u0103:<\/strong> <em data-start=\"27\" data-end=\"51\">Trachylepis perrotetii<\/em><br data-start=\"51\" data-end=\"54\" \/><strong data-start=\"54\" data-end=\"64\">Ordin:<\/strong> Squamata<br data-start=\"73\" data-end=\"76\" \/><strong data-start=\"76\" data-end=\"88\">Familia:<\/strong> Scincidae<br data-start=\"98\" data-end=\"101\" \/><strong data-start=\"101\" data-end=\"111\">Genul:<\/strong> <em data-start=\"112\" data-end=\"125\">Trachylepis<\/em><br data-start=\"125\" data-end=\"128\" \/><strong data-start=\"128\" data-end=\"139\">Specia:<\/strong> <em data-start=\"140\" data-end=\"164\">Trachylepis perrotetii<\/em><\/p><p class=\"\" data-start=\"168\" data-end=\"412\"><strong data-start=\"168\" data-end=\"192\">Distribu\u021bia pe glob:<\/strong><br data-start=\"192\" data-end=\"195\" \/>Specia este r\u0103sp\u00e2ndit\u0103 \u00een Africa de Vest \u0219i Central\u0103, \u00een \u021b\u0103ri precum Senegal, Guineea, Mali, Nigeria \u0219i Camerun. Prefer\u0103 habitate diverse: de la savane uscate \u0219i zone \u00eemp\u0103durite, p\u00e2n\u0103 \u00een apropierea a\u0219ez\u0103rilor umane.<\/p><p class=\"\" data-start=\"414\" data-end=\"504\"><strong data-start=\"414\" data-end=\"429\">Dimensiuni:<\/strong><br data-start=\"429\" data-end=\"432\" \/>\u2013 Lungime: 15\u201320 cm (inclusiv coada)<br data-start=\"468\" data-end=\"471\" \/>\u2013 Greutate: aproximativ 20\u201330 g<\/p><p class=\"\" data-start=\"506\" data-end=\"590\"><strong data-start=\"506\" data-end=\"532\">Perioada de incuba\u021bie:<\/strong><br data-start=\"532\" data-end=\"535\" \/>\u2013 Durat\u0103: 50\u201360 zile<br data-start=\"555\" data-end=\"558\" \/>\u2013 Num\u0103r de ou\u0103: 4\u201310 per pont\u0103<\/p><p class=\"\" data-start=\"592\" data-end=\"676\"><strong data-start=\"592\" data-end=\"614\">Speran\u021ba de via\u021b\u0103:<\/strong><br data-start=\"614\" data-end=\"617\" \/>\u2013 5\u20137 ani \u00een s\u0103lb\u0103ticie<br data-start=\"640\" data-end=\"643\" \/>\u2013 P\u00e2n\u0103 la 10 ani \u00een captivitate <\/p>\t\t\t\t\t\t\t\t<\/div>\n\t\t\t\t<\/div>\n\t\t\t\t<\/div>\n\t\t\t\t<div class=\"elementor-element elementor-element-48bdc044 elementor-widget-tablet__width-inherit animated-slow elementor-invisible elementor-widget elementor-widget-image\" data-id=\"48bdc044\" data-element_type=\"widget\" data-e-type=\"widget\" data-settings=\"{&quot;_animation&quot;:&quot;fadeInRight&quot;}\" data-widget_type=\"image.default\">\n\t\t\t\t<div class=\"elementor-widget-container\">\n\t\t\t\t\t\t\t\t\t\t\t\t\t\t\t<img fetchpriority=\"high\" decoding=\"async\" width=\"847\" height=\"847\" src=\"https:\/\/bucurestizoo.ro\/wp-content\/uploads\/2025\/04\/soparla-africana3-Large-1024x1024.jpeg\" class=\"attachment-large size-large wp-image-14914\" alt=\"\" srcset=\"https:\/\/bucurestizoo.ro\/wp-content\/uploads\/2025\/04\/soparla-africana3-Large-1024x1024.jpeg 1024w, https:\/\/bucurestizoo.ro\/wp-content\/uploads\/2025\/04\/soparla-africana3-Large-300x300.jpeg 300w, https:\/\/bucurestizoo.ro\/wp-content\/uploads\/2025\/04\/soparla-africana3-Large-150x150.jpeg 150w, https:\/\/bucurestizoo.ro\/wp-content\/uploads\/2025\/04\/soparla-africana3-Large-768x768.jpeg 768w, https:\/\/bucurestizoo.ro\/wp-content\/uploads\/2025\/04\/soparla-africana3-Large-510x510.jpeg 510w, https:\/\/bucurestizoo.ro\/wp-content\/uploads\/2025\/04\/soparla-africana3-Large.jpeg 1280w\" sizes=\"(max-width: 847px) 100vw, 847px\" data-id=\"14914\" \/>\t\t\t\t\t\t\t\t\t\t\t\t\t\t\t<\/div>\n\t\t\t\t<\/div>\n\t\t\t\t<\/div>\n\t\t\t\t\t<\/div>\n\t\t\t\t<\/div>\n\t\t<div class=\"elementor-element elementor-element-81cd535 animated-slow e-flex e-con-boxed elementor-invisible e-con e-parent\" data-id=\"81cd535\" data-element_type=\"container\" data-e-type=\"container\" data-settings=\"{&quot;animation&quot;:&quot;fadeInLeft&quot;}\">\n\t\t\t\t\t<div class=\"e-con-inner\">\n\t\t\t\t<div class=\"elementor-element elementor-element-1ffe9959 elementor-widget elementor-widget-heading\" data-id=\"1ffe9959\" data-element_type=\"widget\" data-e-type=\"widget\" data-widget_type=\"heading.default\">\n\t\t\t\t<div class=\"elementor-widget-container\">\n\t\t\t\t\t<h1 class=\"elementor-heading-title elementor-size-default\">General:<\/h1>\t\t\t\t<\/div>\n\t\t\t\t<\/div>\n\t\t\t\t<div class=\"elementor-element elementor-element-3a0b3a32 elementor-widget elementor-widget-text-editor\" data-id=\"3a0b3a32\" data-element_type=\"widget\" data-e-type=\"widget\" data-widget_type=\"text-editor.default\">\n\t\t\t\t<div class=\"elementor-widget-container\">\n\t\t\t\t\t\t\t\t\t<div class=\"et_pb_module et_pb_text et_pb_text_7 et_pb_bg_layout_light et_pb_text_align_left\"><div class=\"et_pb_text_inner\"><div class=\"et_pb_column et_pb_column_1_2 et_pb_column_4 et_pb_css_mix_blend_mode_passthrough\"><div class=\"et_pb_module et_pb_text et_pb_text_2 et_pb_bg_layout_light et_pb_text_align_left\"><div class=\"et_pb_text_inner\">\u0218op\u00e2rla african\u0103 cu dungi laterale ro\u0219ii este o specie activ\u0103 \u0219i agil\u0103, recunoscut\u0103 dup\u0103 dungile ro\u0219iatice care se \u00eentind pe lateralele corpului. Aceste dungi sunt mai pronun\u021bate la masculi, mai ales \u00een sezonul de \u00eemperechere. Este o specie diurn\u0103, petrec\u00e2nd cea mai mare parte a timpului c\u0103ut\u00e2nd hran\u0103 sau expun\u00e2ndu-se la soare pentru termoreglare.<br \/>La fel ca alte specii de \u0219op\u00e2rle din familia Scincidae, Trachylepis perrotetii are solzi netezi \u0219i lucio\u0219i, care \u00eei ofer\u0103 un aspect metalic \u0219i \u00eei permit s\u0103 se strecoare rapid printre ierburi \u0219i cr\u0103p\u0103turi de roc\u0103.<br \/>Un mecanism de ap\u0103rare interesant al acestei \u0219op\u00e2rle este capacitatea de a-\u0219i pierde coada (autotomie) atunci c\u00e2nd este prins\u0103 de un pr\u0103d\u0103tor. Coada continu\u0103 s\u0103 se mi\u0219te dup\u0103 ce se desprinde, distr\u0103g\u00e2nd aten\u021bia pr\u0103d\u0103torului \u0219i oferindu-i \u0219op\u00e2rlei o \u0219ans\u0103 s\u0103 scape.<br \/>Este foarte rapid\u0103 \u0219i greu de prins, av\u00e2nd reflexe excelente. \u00ce\u0219i poate pierde coada, iar aceasta va cre\u0219te din nou \u00een c\u00e2teva luni. Este una dintre cele mai comune \u0219op\u00e2rle din regiunile sale natale \u0219i adesea poate fi v\u0103zut\u0103 c\u0103\u021b\u0103r\u00e2ndu-se pe zidurile cl\u0103dirilor.<\/div><\/div><\/div><\/div><\/div>\t\t\t\t\t\t\t\t<\/div>\n\t\t\t\t<\/div>\n\t\t\t\t\t<\/div>\n\t\t\t\t<\/div>\n\t\t<div class=\"elementor-element elementor-element-34f53c7a animated-slow e-flex e-con-boxed elementor-invisible e-con e-parent\" data-id=\"34f53c7a\" data-element_type=\"container\" data-e-type=\"container\" data-settings=\"{&quot;animation&quot;:&quot;fadeInRight&quot;}\">\n\t\t\t\t\t<div class=\"e-con-inner\">\n\t\t\t\t<div class=\"elementor-element elementor-element-c81ee74 elementor-widget elementor-widget-heading\" data-id=\"c81ee74\" data-element_type=\"widget\" data-e-type=\"widget\" data-widget_type=\"heading.default\">\n\t\t\t\t<div class=\"elementor-widget-container\">\n\t\t\t\t\t<h1 class=\"elementor-heading-title elementor-size-default\">Habitat:<\/h1>\t\t\t\t<\/div>\n\t\t\t\t<\/div>\n\t\t\t\t<div class=\"elementor-element elementor-element-38a52252 elementor-widget elementor-widget-text-editor\" data-id=\"38a52252\" data-element_type=\"widget\" data-e-type=\"widget\" data-widget_type=\"text-editor.default\">\n\t\t\t\t<div class=\"elementor-widget-container\">\n\t\t\t\t\t\t\t\t\t<div class=\"et_pb_module et_pb_text et_pb_text_7 et_pb_bg_layout_light et_pb_text_align_left\"><div class=\"et_pb_text_inner\"><div class=\"et_pb_column et_pb_column_1_2 et_pb_column_4 et_pb_css_mix_blend_mode_passthrough\"><div class=\"et_pb_module et_pb_text et_pb_text_2 et_pb_bg_layout_light et_pb_text_align_left\"><div class=\"et_pb_text_inner\"><p>Aceast\u0103 \u0219op\u00e2rl\u0103 este foarte adaptabil\u0103 \u0219i poate fi g\u0103sit\u0103 \u00eentr-o varietate de habitate:<\/p><ul><li>Savana \u2013 prefer\u0103 zonele cu vegeta\u021bie joas\u0103, unde se poate ascunde u\u0219or.<\/li><li>P\u0103duri deschise \u2013 este \u00eent\u00e2lnit\u0103 \u00een zonele cu tufi\u0219uri \u0219i iarb\u0103 \u00eenalt\u0103.<\/li><li>Zone urbane \u2013 poate fi v\u0103zut\u0103 adesea pe ziduri, acoperi\u0219uri \u0219i gr\u0103dini, beneficiind de c\u0103ldura degajat\u0103 de cl\u0103diri.<\/li><\/ul><p>Este o specie care prefer\u0103 zonele \u00eensorite \u0219i terenurile uscate, dar se poate adapta \u0219i la medii mai umede, at\u00e2ta timp c\u00e2t are acces la locuri unde se poate \u00eenc\u0103lzi la soare.<\/p><\/div><\/div><\/div><\/div><\/div>\t\t\t\t\t\t\t\t<\/div>\n\t\t\t\t<\/div>\n\t\t\t\t\t<\/div>\n\t\t\t\t<\/div>\n\t\t<div class=\"elementor-element elementor-element-48607195 e-grid e-con-boxed e-con e-parent\" data-id=\"48607195\" data-element_type=\"container\" data-e-type=\"container\">\n\t\t\t\t\t<div class=\"e-con-inner\">\n\t\t<div class=\"elementor-element elementor-element-68d0b869 e-con-full animated-slow e-flex elementor-invisible e-con e-child\" data-id=\"68d0b869\" data-element_type=\"container\" data-e-type=\"container\" data-settings=\"{&quot;animation&quot;:&quot;fadeInLeft&quot;}\">\n\t\t\t\t<div class=\"elementor-element elementor-element-1430dffe elementor-widget elementor-widget-heading\" data-id=\"1430dffe\" data-element_type=\"widget\" data-e-type=\"widget\" data-widget_type=\"heading.default\">\n\t\t\t\t<div class=\"elementor-widget-container\">\n\t\t\t\t\t<h1 class=\"elementor-heading-title elementor-size-default\">Hran\u0103:<\/h1>\t\t\t\t<\/div>\n\t\t\t\t<\/div>\n\t\t\t\t<div class=\"elementor-element elementor-element-548997ff elementor-widget elementor-widget-text-editor\" data-id=\"548997ff\" data-element_type=\"widget\" data-e-type=\"widget\" data-widget_type=\"text-editor.default\">\n\t\t\t\t<div class=\"elementor-widget-container\">\n\t\t\t\t\t\t\t\t\t<div class=\"et_pb_module et_pb_text et_pb_text_7 et_pb_bg_layout_light et_pb_text_align_left\"><div class=\"et_pb_text_inner\"><div class=\"et_pb_column et_pb_column_1_2 et_pb_column_4 et_pb_css_mix_blend_mode_passthrough\"><div class=\"et_pb_module et_pb_text et_pb_text_2 et_pb_bg_layout_light et_pb_text_align_left\"><div class=\"et_pb_text_inner\"><p>\u0218op\u00e2rla african\u0103 cu dungi laterale ro\u0219ii este carnivor\u0103 \u0219i se hr\u0103ne\u0219te \u00een principal cu insecte \u2013 greieri, furnici, termite, g\u00e2ndaci, p\u0103ianjeni, larve de insect, melci mici.\u00a0 Ocazional, consum\u0103 \u0219i materie vegetal\u0103, cum ar fi fructe c\u0103zute sau nectar, dar acest comportament este mai rar. Este un pr\u0103d\u0103tor oportunist, folosindu-\u0219i viteza pentru a prinde prada \u0219i consum\u00e2nd aproape orice insect\u0103 suficient de mic\u0103 pentru a fi \u00eenghi\u021bit\u0103.<\/p><\/div><\/div><\/div><\/div><\/div>\t\t\t\t\t\t\t\t<\/div>\n\t\t\t\t<\/div>\n\t\t\t\t<\/div>\n\t\t<div class=\"elementor-element elementor-element-18fe7190 e-con-full animated-slow e-flex elementor-invisible e-con e-child\" data-id=\"18fe7190\" data-element_type=\"container\" data-e-type=\"container\" data-settings=\"{&quot;animation&quot;:&quot;fadeInRight&quot;}\">\n\t\t\t\t<div class=\"elementor-element elementor-element-9374d73 elementor-widget elementor-widget-heading\" data-id=\"9374d73\" data-element_type=\"widget\" data-e-type=\"widget\" data-widget_type=\"heading.default\">\n\t\t\t\t<div class=\"elementor-widget-container\">\n\t\t\t\t\t<h1 class=\"elementor-heading-title elementor-size-default\">Conservare:<\/h1>\t\t\t\t<\/div>\n\t\t\t\t<\/div>\n\t\t\t\t<div class=\"elementor-element elementor-element-3d0e97fc elementor-widget elementor-widget-text-editor\" data-id=\"3d0e97fc\" data-element_type=\"widget\" data-e-type=\"widget\" data-widget_type=\"text-editor.default\">\n\t\t\t\t<div class=\"elementor-widget-container\">\n\t\t\t\t\t\t\t\t\t<div class=\"et_pb_module et_pb_text et_pb_text_7 et_pb_bg_layout_light et_pb_text_align_left\"><div class=\"et_pb_text_inner\"><div class=\"et_pb_column et_pb_column_1_2 et_pb_column_4 et_pb_css_mix_blend_mode_passthrough\"><div class=\"et_pb_module et_pb_text et_pb_text_2 et_pb_bg_layout_light et_pb_text_align_left\"><div class=\"et_pb_text_inner\"><p>Nu este considerat\u0103 o specie amenin\u021bat\u0103, deoarece are o distribu\u021bie larg\u0103 \u0219i popula\u021bii stabile. Totu\u0219i, defri\u0219\u0103rile \u0219i expansiunea urban\u0103 \u00eei pot reduce habitatul \u00een unele zone. Nu este o specie protejat\u0103 la nivel interna\u021bional, dar \u00een unele \u021b\u0103ri sunt implementate m\u0103suri pentru protejarea biodiversit\u0103\u021bii locale.<\/p><\/div><\/div><\/div><\/div><\/div>\t\t\t\t\t\t\t\t<\/div>\n\t\t\t\t<\/div>\n\t\t\t\t<\/div>\n\t\t\t\t\t<\/div>\n\t\t\t\t<\/div>\n\t\t\t\t<\/div>","protected":false},"excerpt":{"rendered":"<p>\u0218op\u00e2rla African\u0103 Denumirea \u0219tiin\u021bific\u0103: Trachylepis perrotetiiOrdin: SquamataFamilia: ScincidaeGenul: TrachylepisSpecia: Trachylepis perrotetii Distribu\u021bia pe glob:Specia este r\u0103sp\u00e2ndit\u0103 \u00een Africa de Vest \u0219i Central\u0103, \u00een \u021b\u0103ri precum Senegal, Guineea, Mali, Nigeria \u0219i Camerun. Prefer\u0103 habitate diverse: de la savane uscate \u0219i zone \u00eemp\u0103durite, p\u00e2n\u0103 \u00een apropierea a\u0219ez\u0103rilor umane. Dimensiuni:\u2013 Lungime: 15\u201320 cm (inclusiv coada)\u2013 Greutate: aproximativ 20\u201330 &hellip; <a href=\"https:\/\/bucurestizoo.ro\/en\/soparla-africana\/\" class=\"more-link\">Continue reading <span class=\"screen-reader-text\">\u0218op\u00e2rla african\u0103<\/span><\/a><\/p>","protected":false},"author":1,"featured_media":0,"parent":0,"menu_order":0,"comment_status":"closed","ping_status":"closed","template":"","meta":{"_monsterinsights_skip_tracking":false,"_monsterinsights_sitenote_active":false,"_monsterinsights_sitenote_note":"","_monsterinsights_sitenote_category":0,"footnotes":""},"class_list":["post-12530","page","type-page","status-publish","hentry"],"aioseo_notices":[],"_links":{"self":[{"href":"https:\/\/bucurestizoo.ro\/en\/wp-json\/wp\/v2\/pages\/12530","targetHints":{"allow":["GET"]}}],"collection":[{"href":"https:\/\/bucurestizoo.ro\/en\/wp-json\/wp\/v2\/pages"}],"about":[{"href":"https:\/\/bucurestizoo.ro\/en\/wp-json\/wp\/v2\/types\/page"}],"author":[{"embeddable":true,"href":"https:\/\/bucurestizoo.ro\/en\/wp-json\/wp\/v2\/users\/1"}],"replies":[{"embeddable":true,"href":"https:\/\/bucurestizoo.ro\/en\/wp-json\/wp\/v2\/comments?post=12530"}],"version-history":[{"count":7,"href":"https:\/\/bucurestizoo.ro\/en\/wp-json\/wp\/v2\/pages\/12530\/revisions"}],"predecessor-version":[{"id":15087,"href":"https:\/\/bucurestizoo.ro\/en\/wp-json\/wp\/v2\/pages\/12530\/revisions\/15087"}],"wp:attachment":[{"href":"https:\/\/bucurestizoo.ro\/en\/wp-json\/wp\/v2\/media?parent=12530"}],"curies":[{"name":"wp","href":"https:\/\/api.w.org\/{rel}","templated":true}]}}