{"id":12528,"date":"2025-01-10T14:54:34","date_gmt":"2025-01-10T12:54:34","guid":{"rendered":"https:\/\/n1.bucurestizoo.ro\/?page_id=12528"},"modified":"2025-04-05T13:10:32","modified_gmt":"2025-04-05T11:10:32","slug":"soparla-ocelata","status":"publish","type":"page","link":"https:\/\/bucurestizoo.ro\/en\/soparla-ocelata\/","title":{"rendered":"\u0218op\u00e2rla ocelat\u0103"},"content":{"rendered":"<div data-elementor-type=\"wp-page\" data-elementor-id=\"12528\" class=\"elementor elementor-12528\" data-elementor-post-type=\"page\">\n\t\t\t\t<div class=\"elementor-element elementor-element-5d6740e9 e-flex e-con-boxed e-con e-parent\" data-id=\"5d6740e9\" data-element_type=\"container\" data-e-type=\"container\" data-settings=\"{&quot;background_background&quot;:&quot;classic&quot;}\">\n\t\t\t\t\t<div class=\"e-con-inner\">\n\t\t<div class=\"elementor-element elementor-element-71a8b666 e-con-full e-flex e-con e-child\" data-id=\"71a8b666\" data-element_type=\"container\" data-e-type=\"container\">\n\t\t<div class=\"elementor-element elementor-element-4c18e021 e-con-full animated-slow e-flex elementor-invisible e-con e-child\" data-id=\"4c18e021\" data-element_type=\"container\" data-e-type=\"container\" data-settings=\"{&quot;animation&quot;:&quot;fadeInLeft&quot;}\">\n\t\t\t\t<div class=\"elementor-element elementor-element-405fe258 elementor-widget elementor-widget-heading\" data-id=\"405fe258\" data-element_type=\"widget\" data-e-type=\"widget\" data-widget_type=\"heading.default\">\n\t\t\t\t<div class=\"elementor-widget-container\">\n\t\t\t\t\t<h1 class=\"elementor-heading-title elementor-size-default\">\u0218op\u00e2rl\u0103 Ocelat\u0103<\/h1>\t\t\t\t<\/div>\n\t\t\t\t<\/div>\n\t\t\t\t<div class=\"elementor-element elementor-element-7b385623 elementor-widget elementor-widget-text-editor\" data-id=\"7b385623\" data-element_type=\"widget\" data-e-type=\"widget\" data-widget_type=\"text-editor.default\">\n\t\t\t\t<div class=\"elementor-widget-container\">\n\t\t\t\t\t\t\t\t\t<p><strong>Nume \u0219tiin\u021bific<\/strong>: <em>Timon lepidus<\/em><\/p><p><strong>Clas\u0103<\/strong>: Reptilia<\/p><p><strong>Ordin<\/strong>: Squamata<\/p><p><strong>Familie<\/strong>: Lacertidae<\/p><p><strong>Gen<\/strong>: Timon<\/p><p><strong>Specie<\/strong>: <em>Timon lepidus<\/em><\/p><p><strong>Lungime maxim\u0103<\/strong>: 60-90 cm (inclusiv coada)<\/p><p><strong>Greutate<\/strong>: 200-300 g<\/p>\t\t\t\t\t\t\t\t<\/div>\n\t\t\t\t<\/div>\n\t\t\t\t<\/div>\n\t\t\t\t<div class=\"elementor-element elementor-element-4354b3be elementor-widget-tablet__width-inherit animated-slow elementor-invisible elementor-widget elementor-widget-image\" data-id=\"4354b3be\" data-element_type=\"widget\" data-e-type=\"widget\" data-settings=\"{&quot;_animation&quot;:&quot;fadeInRight&quot;}\" data-widget_type=\"image.default\">\n\t\t\t\t<div class=\"elementor-widget-container\">\n\t\t\t\t\t\t\t\t\t\t\t\t\t\t\t<img fetchpriority=\"high\" decoding=\"async\" width=\"847\" height=\"565\" src=\"https:\/\/bucurestizoo.ro\/wp-content\/uploads\/2025\/04\/soparla-ocelata-dt_1-1024x683.jpg\" class=\"attachment-large size-large wp-image-15049\" alt=\"\" srcset=\"https:\/\/bucurestizoo.ro\/wp-content\/uploads\/2025\/04\/soparla-ocelata-dt_1-1024x683.jpg 1024w, https:\/\/bucurestizoo.ro\/wp-content\/uploads\/2025\/04\/soparla-ocelata-dt_1-300x200.jpg 300w, https:\/\/bucurestizoo.ro\/wp-content\/uploads\/2025\/04\/soparla-ocelata-dt_1-768x512.jpg 768w, https:\/\/bucurestizoo.ro\/wp-content\/uploads\/2025\/04\/soparla-ocelata-dt_1-1536x1024.jpg 1536w, https:\/\/bucurestizoo.ro\/wp-content\/uploads\/2025\/04\/soparla-ocelata-dt_1-2048x1365.jpg 2048w, https:\/\/bucurestizoo.ro\/wp-content\/uploads\/2025\/04\/soparla-ocelata-dt_1-450x300.jpg 450w, https:\/\/bucurestizoo.ro\/wp-content\/uploads\/2025\/04\/soparla-ocelata-dt_1-650x433.jpg 650w\" sizes=\"(max-width: 847px) 100vw, 847px\" data-id=\"15049\" \/>\t\t\t\t\t\t\t\t\t\t\t\t\t\t\t<\/div>\n\t\t\t\t<\/div>\n\t\t\t\t<\/div>\n\t\t\t\t\t<\/div>\n\t\t\t\t<\/div>\n\t\t<div class=\"elementor-element elementor-element-61ce13d5 animated-slow e-flex e-con-boxed elementor-invisible e-con e-parent\" data-id=\"61ce13d5\" data-element_type=\"container\" data-e-type=\"container\" data-settings=\"{&quot;animation&quot;:&quot;fadeInLeft&quot;}\">\n\t\t\t\t\t<div class=\"e-con-inner\">\n\t\t\t\t<div class=\"elementor-element elementor-element-3f5238c0 elementor-widget elementor-widget-heading\" data-id=\"3f5238c0\" data-element_type=\"widget\" data-e-type=\"widget\" data-widget_type=\"heading.default\">\n\t\t\t\t<div class=\"elementor-widget-container\">\n\t\t\t\t\t<h1 class=\"elementor-heading-title elementor-size-default\">General:<\/h1>\t\t\t\t<\/div>\n\t\t\t\t<\/div>\n\t\t\t\t<div class=\"elementor-element elementor-element-324613fa elementor-widget elementor-widget-text-editor\" data-id=\"324613fa\" data-element_type=\"widget\" data-e-type=\"widget\" data-widget_type=\"text-editor.default\">\n\t\t\t\t<div class=\"elementor-widget-container\">\n\t\t\t\t\t\t\t\t\t<div class=\"et_pb_module et_pb_text et_pb_text_7 et_pb_bg_layout_light et_pb_text_align_left\"><div class=\"et_pb_text_inner\"><div class=\"et_pb_column et_pb_column_1_2 et_pb_column_4 et_pb_css_mix_blend_mode_passthrough\"><div class=\"et_pb_module et_pb_text et_pb_text_2 et_pb_bg_layout_light et_pb_text_align_left\"><div class=\"et_pb_text_inner\"><p>\u0218op\u00e2rla ocelat\u0103 este una dintre cele mai mari specii de \u0219op\u00e2rle din Europa, recunoscut\u0103 pentru coloritul s\u0103u spectaculos. Corpul s\u0103u este robust, acoperit cu solzi fini, iar pielea este verde, decorat\u0103 cu pete albastre circulare (\u201eoceli\u201d), de unde provine \u0219i numele s\u0103u. Aceasta prezint\u0103 un cap mare \u0219i triunghiular, adaptat pentru prinderea \u0219i zdrobirea pr\u0103zii.<\/p><p>\u0218op\u00e2rla ocelat\u0103 este o specie teritorial\u0103 \u0219i activ\u0103 \u00een timpul zilei. Este extrem de agil\u0103 \u0219i \u00ee\u0219i folose\u0219te viteza pentru a sc\u0103pa de pr\u0103d\u0103tori. \u00cen perioadele de stres, poate rupe coada pentru a distrage aten\u021bia pr\u0103d\u0103torilor, o abilitate cunoscut\u0103 sub numele de autotomie.<\/p><\/div><\/div><\/div><\/div><\/div>\t\t\t\t\t\t\t\t<\/div>\n\t\t\t\t<\/div>\n\t\t\t\t\t<\/div>\n\t\t\t\t<\/div>\n\t\t<div class=\"elementor-element elementor-element-6dd17797 e-flex e-con-boxed e-con e-parent\" data-id=\"6dd17797\" data-element_type=\"container\" data-e-type=\"container\">\n\t\t\t\t\t<div class=\"e-con-inner\">\n\t\t\t\t<div class=\"elementor-element elementor-element-6eb973ed elementor-widget elementor-widget-gallery\" data-id=\"6eb973ed\" data-element_type=\"widget\" data-e-type=\"widget\" data-settings=\"{&quot;columns&quot;:2,&quot;lazyload&quot;:&quot;yes&quot;,&quot;gallery_layout&quot;:&quot;grid&quot;,&quot;columns_tablet&quot;:2,&quot;columns_mobile&quot;:1,&quot;gap&quot;:{&quot;unit&quot;:&quot;px&quot;,&quot;size&quot;:10,&quot;sizes&quot;:[]},&quot;gap_tablet&quot;:{&quot;unit&quot;:&quot;px&quot;,&quot;size&quot;:10,&quot;sizes&quot;:[]},&quot;gap_mobile&quot;:{&quot;unit&quot;:&quot;px&quot;,&quot;size&quot;:10,&quot;sizes&quot;:[]},&quot;link_to&quot;:&quot;file&quot;,&quot;aspect_ratio&quot;:&quot;3:2&quot;,&quot;overlay_background&quot;:&quot;yes&quot;,&quot;content_hover_animation&quot;:&quot;fade-in&quot;}\" data-widget_type=\"gallery.default\">\n\t\t\t\t<div class=\"elementor-widget-container\">\n\t\t\t\t\t\t\t<div class=\"elementor-gallery__container\">\n\t\t\t\t\t\t\t<a class=\"e-gallery-item elementor-gallery-item elementor-animated-content\" href=\"https:\/\/bucurestizoo.ro\/wp-content\/uploads\/2025\/04\/soparla-ocelata-dt_2.jpg\" data-elementor-open-lightbox=\"yes\" data-elementor-lightbox-slideshow=\"6eb973ed\" data-elementor-lightbox-title=\"soparla ocelata dt_2\" data-e-action-hash=\"#elementor-action%3Aaction%3Dlightbox%26settings%3DeyJpZCI6MTUwNTAsInVybCI6Imh0dHBzOlwvXC9idWN1cmVzdGl6b28ucm9cL3dwLWNvbnRlbnRcL3VwbG9hZHNcLzIwMjVcLzA0XC9zb3BhcmxhLW9jZWxhdGEtZHRfMi5qcGciLCJzbGlkZXNob3ciOiI2ZWI5NzNlZCJ9\">\n\t\t\t\t\t<div class=\"e-gallery-image elementor-gallery-item__image\" data-thumbnail=\"https:\/\/bucurestizoo.ro\/wp-content\/uploads\/2025\/04\/soparla-ocelata-dt_2-1024x768.jpg\" data-width=\"847\" data-height=\"635\" aria-label=\"\" role=\"img\" ><\/div>\n\t\t\t\t\t\t\t\t\t\t\t<div class=\"elementor-gallery-item__overlay\"><\/div>\n\t\t\t\t\t\t\t\t\t\t\t\t\t\t<\/a>\n\t\t\t\t\t<\/div>\n\t\t\t\t\t<\/div>\n\t\t\t\t<\/div>\n\t\t\t\t\t<\/div>\n\t\t\t\t<\/div>\n\t\t<div class=\"elementor-element elementor-element-2f81db9d animated-slow e-flex e-con-boxed elementor-invisible e-con e-parent\" data-id=\"2f81db9d\" data-element_type=\"container\" data-e-type=\"container\" data-settings=\"{&quot;animation&quot;:&quot;fadeInRight&quot;}\">\n\t\t\t\t\t<div class=\"e-con-inner\">\n\t\t\t\t<div class=\"elementor-element elementor-element-148b8743 elementor-widget elementor-widget-heading\" data-id=\"148b8743\" data-element_type=\"widget\" data-e-type=\"widget\" data-widget_type=\"heading.default\">\n\t\t\t\t<div class=\"elementor-widget-container\">\n\t\t\t\t\t<h1 class=\"elementor-heading-title elementor-size-default\">Habitat:<\/h1>\t\t\t\t<\/div>\n\t\t\t\t<\/div>\n\t\t\t\t<div class=\"elementor-element elementor-element-ebc831f elementor-widget elementor-widget-text-editor\" data-id=\"ebc831f\" data-element_type=\"widget\" data-e-type=\"widget\" data-widget_type=\"text-editor.default\">\n\t\t\t\t<div class=\"elementor-widget-container\">\n\t\t\t\t\t\t\t\t\t<div class=\"et_pb_module et_pb_text et_pb_text_7 et_pb_bg_layout_light et_pb_text_align_left\"><div class=\"et_pb_text_inner\"><div class=\"et_pb_column et_pb_column_1_2 et_pb_column_4 et_pb_css_mix_blend_mode_passthrough\"><div class=\"et_pb_module et_pb_text et_pb_text_2 et_pb_bg_layout_light et_pb_text_align_left\"><div class=\"et_pb_text_inner\"><p>\u0218op\u00e2rla ocelat\u0103 este nativ\u0103 \u00een Europa de Sud-Vest, fiind \u00eent\u00e2lnit\u0103 \u00een Spania, Portugalia, sudul Fran\u021bei \u0219i nord-vestul Africii. Prefer\u0103 habitatele calde \u0219i uscate, precum c\u00e2mpiile deschise, zonele st\u00e2ncoase, p\u0103durile de stejar \u0219i terenurile agricole.<\/p><p>Aceasta este o specie de sol, petrec\u00e2ndu-\u0219i timpul v\u00e2n\u00e2nd sau tol\u0103nindu-se la soare pentru a-\u0219i regla temperatura corpului. \u00cen timpul nop\u021bii sau \u00een perioadele de pericol, se refugiaz\u0103 \u00een vizuini, sub st\u00e2nci sau \u00een cr\u0103p\u0103turi naturale.<\/p><\/div><\/div><\/div><\/div><\/div>\t\t\t\t\t\t\t\t<\/div>\n\t\t\t\t<\/div>\n\t\t\t\t\t<\/div>\n\t\t\t\t<\/div>\n\t\t<div class=\"elementor-element elementor-element-3cae3a4c e-grid e-con-boxed e-con e-parent\" data-id=\"3cae3a4c\" data-element_type=\"container\" data-e-type=\"container\">\n\t\t\t\t\t<div class=\"e-con-inner\">\n\t\t<div class=\"elementor-element elementor-element-68ead21e e-con-full animated-slow e-flex elementor-invisible e-con e-child\" data-id=\"68ead21e\" data-element_type=\"container\" data-e-type=\"container\" data-settings=\"{&quot;animation&quot;:&quot;fadeInLeft&quot;}\">\n\t\t\t\t<div class=\"elementor-element elementor-element-6ed166cd elementor-widget elementor-widget-heading\" data-id=\"6ed166cd\" data-element_type=\"widget\" data-e-type=\"widget\" data-widget_type=\"heading.default\">\n\t\t\t\t<div class=\"elementor-widget-container\">\n\t\t\t\t\t<h1 class=\"elementor-heading-title elementor-size-default\">Hran\u0103:<\/h1>\t\t\t\t<\/div>\n\t\t\t\t<\/div>\n\t\t\t\t<div class=\"elementor-element elementor-element-6be2f94b elementor-widget elementor-widget-text-editor\" data-id=\"6be2f94b\" data-element_type=\"widget\" data-e-type=\"widget\" data-widget_type=\"text-editor.default\">\n\t\t\t\t<div class=\"elementor-widget-container\">\n\t\t\t\t\t\t\t\t\t<div class=\"et_pb_module et_pb_text et_pb_text_7 et_pb_bg_layout_light et_pb_text_align_left\"><div class=\"et_pb_text_inner\"><div class=\"et_pb_column et_pb_column_1_2 et_pb_column_4 et_pb_css_mix_blend_mode_passthrough\"><div class=\"et_pb_module et_pb_text et_pb_text_2 et_pb_bg_layout_light et_pb_text_align_left\"><div class=\"et_pb_text_inner\"><p>\u0218op\u00e2rla ocelat\u0103 este o specie omnivor\u0103, hr\u0103nindu-se \u00een principal cu insecte, nevertebrate \u0219i uneori mici vertebrate, precum \u0219op\u00e2rle mai mici sau pui de p\u0103s\u0103ri. Dieta sa include \u0219i fructe \u0219i semin\u021be, \u00een special \u00een perioadele c\u00e2nd prada animal\u0103 este mai rar\u0103.<\/p><p>Este un v\u00e2n\u0103tor oportunist, captur\u00e2nd prada cu maxilarele sale puternice \u0219i m\u00e2nc\u00e2nd-o imediat. \u00cen captivitate, \u0219op\u00e2rla ocelat\u0103 poate fi hr\u0103nit\u0103 cu insecte vii, precum greieri \u0219i viermi de f\u0103in\u0103, al\u0103turi de fructe \u0219i legume proaspete, pentru o diet\u0103 echilibrat\u0103.<\/p><\/div><\/div><\/div><\/div><\/div>\t\t\t\t\t\t\t\t<\/div>\n\t\t\t\t<\/div>\n\t\t\t\t<\/div>\n\t\t<div class=\"elementor-element elementor-element-98e1244 e-con-full animated-slow e-flex elementor-invisible e-con e-child\" data-id=\"98e1244\" data-element_type=\"container\" data-e-type=\"container\" data-settings=\"{&quot;animation&quot;:&quot;fadeInRight&quot;}\">\n\t\t\t\t<div class=\"elementor-element elementor-element-37606d44 elementor-widget elementor-widget-heading\" data-id=\"37606d44\" data-element_type=\"widget\" data-e-type=\"widget\" data-widget_type=\"heading.default\">\n\t\t\t\t<div class=\"elementor-widget-container\">\n\t\t\t\t\t<h1 class=\"elementor-heading-title elementor-size-default\">Conservare:<\/h1>\t\t\t\t<\/div>\n\t\t\t\t<\/div>\n\t\t\t\t<div class=\"elementor-element elementor-element-669e3731 elementor-widget elementor-widget-text-editor\" data-id=\"669e3731\" data-element_type=\"widget\" data-e-type=\"widget\" data-widget_type=\"text-editor.default\">\n\t\t\t\t<div class=\"elementor-widget-container\">\n\t\t\t\t\t\t\t\t\t<div class=\"et_pb_module et_pb_text et_pb_text_7 et_pb_bg_layout_light et_pb_text_align_left\"><div class=\"et_pb_text_inner\"><div class=\"et_pb_column et_pb_column_1_2 et_pb_column_4 et_pb_css_mix_blend_mode_passthrough\"><div class=\"et_pb_module et_pb_text et_pb_text_2 et_pb_bg_layout_light et_pb_text_align_left\"><div class=\"et_pb_text_inner\"><p>De\u0219i popula\u021biile de \u0219op\u00e2rl\u0103 ocelat\u0103 sunt \u00eenc\u0103 relativ stabile, aceast\u0103 specie se confrunt\u0103 cu amenin\u021b\u0103ri din cauza pierderii habitatului, a urbaniz\u0103rii \u0219i a utiliz\u0103rii pesticidelor, care reduc num\u0103rul pr\u0103zii disponibile. \u00cen unele regiuni, este v\u00e2nat\u0103 pentru comer\u021bul cu animale exotice.<\/p><p>Programele de conservare se concentreaz\u0103 pe protejarea habitatelor naturale \u0219i pe educarea publicului despre importan\u021ba acestei specii \u00een ecosistem. \u0218op\u00e2rla ocelat\u0103 contribuie semnificativ la controlul popula\u021biilor de insecte d\u0103un\u0103toare, men\u021bin\u00e2nd echilibrul ecologic.<\/p><\/div><\/div><\/div><\/div><\/div>\t\t\t\t\t\t\t\t<\/div>\n\t\t\t\t<\/div>\n\t\t\t\t<\/div>\n\t\t\t\t\t<\/div>\n\t\t\t\t<\/div>\n\t\t\t\t<\/div>","protected":false},"excerpt":{"rendered":"<p>\u0218op\u00e2rl\u0103 Ocelat\u0103 Nume \u0219tiin\u021bific: Timon lepidus Clas\u0103: Reptilia Ordin: Squamata Familie: Lacertidae Gen: Timon Specie: Timon lepidus Lungime maxim\u0103: 60-90 cm (inclusiv coada) Greutate: 200-300 g General: \u0218op\u00e2rla ocelat\u0103 este una dintre cele mai mari specii de \u0219op\u00e2rle din Europa, recunoscut\u0103 pentru coloritul s\u0103u spectaculos. Corpul s\u0103u este robust, acoperit cu solzi fini, iar pielea &hellip; <a href=\"https:\/\/bucurestizoo.ro\/en\/soparla-ocelata\/\" class=\"more-link\">Continue reading <span class=\"screen-reader-text\">\u0218op\u00e2rla ocelat\u0103<\/span><\/a><\/p>","protected":false},"author":1,"featured_media":0,"parent":0,"menu_order":0,"comment_status":"closed","ping_status":"closed","template":"","meta":{"_monsterinsights_skip_tracking":false,"_monsterinsights_sitenote_active":false,"_monsterinsights_sitenote_note":"","_monsterinsights_sitenote_category":0,"footnotes":""},"class_list":["post-12528","page","type-page","status-publish","hentry"],"aioseo_notices":[],"_links":{"self":[{"href":"https:\/\/bucurestizoo.ro\/en\/wp-json\/wp\/v2\/pages\/12528","targetHints":{"allow":["GET"]}}],"collection":[{"href":"https:\/\/bucurestizoo.ro\/en\/wp-json\/wp\/v2\/pages"}],"about":[{"href":"https:\/\/bucurestizoo.ro\/en\/wp-json\/wp\/v2\/types\/page"}],"author":[{"embeddable":true,"href":"https:\/\/bucurestizoo.ro\/en\/wp-json\/wp\/v2\/users\/1"}],"replies":[{"embeddable":true,"href":"https:\/\/bucurestizoo.ro\/en\/wp-json\/wp\/v2\/comments?post=12528"}],"version-history":[{"count":7,"href":"https:\/\/bucurestizoo.ro\/en\/wp-json\/wp\/v2\/pages\/12528\/revisions"}],"predecessor-version":[{"id":15053,"href":"https:\/\/bucurestizoo.ro\/en\/wp-json\/wp\/v2\/pages\/12528\/revisions\/15053"}],"wp:attachment":[{"href":"https:\/\/bucurestizoo.ro\/en\/wp-json\/wp\/v2\/media?parent=12528"}],"curies":[{"name":"wp","href":"https:\/\/api.w.org\/{rel}","templated":true}]}}