{"id":12526,"date":"2025-01-10T14:54:02","date_gmt":"2025-01-10T12:54:02","guid":{"rendered":"https:\/\/n1.bucurestizoo.ro\/?page_id=12526"},"modified":"2025-04-05T13:12:31","modified_gmt":"2025-04-05T11:12:31","slug":"soparla-cu-guler","status":"publish","type":"page","link":"https:\/\/bucurestizoo.ro\/en\/soparla-cu-guler\/","title":{"rendered":"\u0218op\u00e2rla cu guler"},"content":{"rendered":"<div data-elementor-type=\"wp-page\" data-elementor-id=\"12526\" class=\"elementor elementor-12526\" data-elementor-post-type=\"page\">\n\t\t\t\t<div class=\"elementor-element elementor-element-52915ff8 e-flex e-con-boxed e-con e-parent\" data-id=\"52915ff8\" data-element_type=\"container\" data-e-type=\"container\" data-settings=\"{&quot;background_background&quot;:&quot;classic&quot;}\">\n\t\t\t\t\t<div class=\"e-con-inner\">\n\t\t<div class=\"elementor-element elementor-element-30c37e2f e-con-full e-flex e-con e-child\" data-id=\"30c37e2f\" data-element_type=\"container\" data-e-type=\"container\">\n\t\t<div class=\"elementor-element elementor-element-3ed37118 e-con-full animated-slow e-flex elementor-invisible e-con e-child\" data-id=\"3ed37118\" data-element_type=\"container\" data-e-type=\"container\" data-settings=\"{&quot;animation&quot;:&quot;fadeInLeft&quot;}\">\n\t\t\t\t<div class=\"elementor-element elementor-element-ff3ffec elementor-widget elementor-widget-heading\" data-id=\"ff3ffec\" data-element_type=\"widget\" data-e-type=\"widget\" data-widget_type=\"heading.default\">\n\t\t\t\t<div class=\"elementor-widget-container\">\n\t\t\t\t\t<h1 class=\"elementor-heading-title elementor-size-default\">\u0218op\u00e2rl\u0103 cu Guler<\/h1>\t\t\t\t<\/div>\n\t\t\t\t<\/div>\n\t\t\t\t<div class=\"elementor-element elementor-element-2ac51274 elementor-widget elementor-widget-text-editor\" data-id=\"2ac51274\" data-element_type=\"widget\" data-e-type=\"widget\" data-widget_type=\"text-editor.default\">\n\t\t\t\t<div class=\"elementor-widget-container\">\n\t\t\t\t\t\t\t\t\t<p><strong>Nume \u0219tiin\u021bific<\/strong>: <em>Chlamydosaurus kingii<\/em><\/p><p><strong>Clas\u0103<\/strong>: Reptilia<\/p><p><strong>Ordin<\/strong>: Squamata<\/p><p><strong>Familie<\/strong>: Agamidae<\/p><p><strong>Gen<\/strong>: Chlamydosaurus<\/p><p><strong>Specie<\/strong>: <em>Chlamydosaurus kingii<\/em><\/p><p><strong>Lungime maxim\u0103<\/strong>: 60-90 cm<\/p><p><strong>Greutate<\/strong>: 500-900 g<\/p>\t\t\t\t\t\t\t\t<\/div>\n\t\t\t\t<\/div>\n\t\t\t\t<\/div>\n\t\t\t\t<div class=\"elementor-element elementor-element-12a18ae5 elementor-widget-tablet__width-inherit animated-slow elementor-invisible elementor-widget elementor-widget-image\" data-id=\"12a18ae5\" data-element_type=\"widget\" data-e-type=\"widget\" data-settings=\"{&quot;_animation&quot;:&quot;fadeInRight&quot;}\" data-widget_type=\"image.default\">\n\t\t\t\t<div class=\"elementor-widget-container\">\n\t\t\t\t\t\t\t\t\t\t\t\t\t\t\t<img fetchpriority=\"high\" decoding=\"async\" width=\"847\" height=\"476\" src=\"https:\/\/bucurestizoo.ro\/wp-content\/uploads\/2025\/04\/soparla-gulerata_P7190003-Large-1024x576.jpeg\" class=\"attachment-large size-large wp-image-14910\" alt=\"\" srcset=\"https:\/\/bucurestizoo.ro\/wp-content\/uploads\/2025\/04\/soparla-gulerata_P7190003-Large-1024x576.jpeg 1024w, https:\/\/bucurestizoo.ro\/wp-content\/uploads\/2025\/04\/soparla-gulerata_P7190003-Large-300x169.jpeg 300w, https:\/\/bucurestizoo.ro\/wp-content\/uploads\/2025\/04\/soparla-gulerata_P7190003-Large-768x432.jpeg 768w, https:\/\/bucurestizoo.ro\/wp-content\/uploads\/2025\/04\/soparla-gulerata_P7190003-Large-520x293.jpeg 520w, https:\/\/bucurestizoo.ro\/wp-content\/uploads\/2025\/04\/soparla-gulerata_P7190003-Large-650x366.jpeg 650w, https:\/\/bucurestizoo.ro\/wp-content\/uploads\/2025\/04\/soparla-gulerata_P7190003-Large.jpeg 1280w\" sizes=\"(max-width: 847px) 100vw, 847px\" data-id=\"14910\" \/>\t\t\t\t\t\t\t\t\t\t\t\t\t\t\t<\/div>\n\t\t\t\t<\/div>\n\t\t\t\t<\/div>\n\t\t\t\t\t<\/div>\n\t\t\t\t<\/div>\n\t\t<div class=\"elementor-element elementor-element-20cae0e5 animated-slow e-flex e-con-boxed elementor-invisible e-con e-parent\" data-id=\"20cae0e5\" data-element_type=\"container\" data-e-type=\"container\" data-settings=\"{&quot;animation&quot;:&quot;fadeInLeft&quot;}\">\n\t\t\t\t\t<div class=\"e-con-inner\">\n\t\t\t\t<div class=\"elementor-element elementor-element-5e63bb32 elementor-widget elementor-widget-heading\" data-id=\"5e63bb32\" data-element_type=\"widget\" data-e-type=\"widget\" data-widget_type=\"heading.default\">\n\t\t\t\t<div class=\"elementor-widget-container\">\n\t\t\t\t\t<h1 class=\"elementor-heading-title elementor-size-default\">General:<\/h1>\t\t\t\t<\/div>\n\t\t\t\t<\/div>\n\t\t\t\t<div class=\"elementor-element elementor-element-812a76f elementor-widget elementor-widget-text-editor\" data-id=\"812a76f\" data-element_type=\"widget\" data-e-type=\"widget\" data-widget_type=\"text-editor.default\">\n\t\t\t\t<div class=\"elementor-widget-container\">\n\t\t\t\t\t\t\t\t\t<div class=\"et_pb_module et_pb_text et_pb_text_7 et_pb_bg_layout_light et_pb_text_align_left\"><div class=\"et_pb_text_inner\"><div class=\"et_pb_column et_pb_column_1_2 et_pb_column_4 et_pb_css_mix_blend_mode_passthrough\"><div class=\"et_pb_module et_pb_text et_pb_text_2 et_pb_bg_layout_light et_pb_text_align_left\"><div class=\"et_pb_text_inner\"><p>\u0218op\u00e2rla cu guler este o specie fascinant\u0103, cunoscut\u0103 pentru \u201egulerul\u201d s\u0103u distinctiv, format din pliuri mari de piele, care \u00eenconjoar\u0103 capul \u0219i g\u00e2tul. Aceasta folose\u0219te gulerul pentru a se ap\u0103ra de pr\u0103d\u0103tori sau pentru a intimida rivalii, deschiz\u00e2ndu-l brusc \u0219i afi\u0219\u00e2nd culori vibrante \u00een momente de stres sau agresivitate.<\/p><p>Corpul s\u0103u este zvelt, acoperit cu solzi fini, iar membrele lungi \u00eei permit s\u0103 alerge rapid pe dou\u0103 picioare c\u00e2nd este speriat\u0103, un comportament care \u00eei spore\u0219te \u0219ansele de supravie\u021buire. Culoarea pielii variaz\u0103 \u00eentre maro, gri \u0219i portocaliu, permi\u021b\u00e2ndu-i s\u0103 se camufleze eficient \u00een mediul s\u0103u natural.<\/p><\/div><\/div><\/div><\/div><\/div>\t\t\t\t\t\t\t\t<\/div>\n\t\t\t\t<\/div>\n\t\t\t\t\t<\/div>\n\t\t\t\t<\/div>\n\t\t<div class=\"elementor-element elementor-element-33df8cd4 e-flex e-con-boxed e-con e-parent\" data-id=\"33df8cd4\" data-element_type=\"container\" data-e-type=\"container\">\n\t\t\t\t\t<div class=\"e-con-inner\">\n\t\t\t\t<div class=\"elementor-element elementor-element-32b09160 elementor-widget elementor-widget-gallery\" data-id=\"32b09160\" data-element_type=\"widget\" data-e-type=\"widget\" data-settings=\"{&quot;columns&quot;:2,&quot;lazyload&quot;:&quot;yes&quot;,&quot;gallery_layout&quot;:&quot;grid&quot;,&quot;columns_tablet&quot;:2,&quot;columns_mobile&quot;:1,&quot;gap&quot;:{&quot;unit&quot;:&quot;px&quot;,&quot;size&quot;:10,&quot;sizes&quot;:[]},&quot;gap_tablet&quot;:{&quot;unit&quot;:&quot;px&quot;,&quot;size&quot;:10,&quot;sizes&quot;:[]},&quot;gap_mobile&quot;:{&quot;unit&quot;:&quot;px&quot;,&quot;size&quot;:10,&quot;sizes&quot;:[]},&quot;link_to&quot;:&quot;file&quot;,&quot;aspect_ratio&quot;:&quot;3:2&quot;,&quot;overlay_background&quot;:&quot;yes&quot;,&quot;content_hover_animation&quot;:&quot;fade-in&quot;}\" data-widget_type=\"gallery.default\">\n\t\t\t\t<div class=\"elementor-widget-container\">\n\t\t\t\t\t\t\t<div class=\"elementor-gallery__container\">\n\t\t\t\t\t\t\t<a class=\"e-gallery-item elementor-gallery-item elementor-animated-content\" href=\"https:\/\/bucurestizoo.ro\/wp-content\/uploads\/2025\/04\/soparla-gulerata_P3151012-Large.jpeg\" data-elementor-open-lightbox=\"yes\" data-elementor-lightbox-slideshow=\"32b09160\" data-elementor-lightbox-title=\"OLYMPUS DIGITAL CAMERA\" data-e-action-hash=\"#elementor-action%3Aaction%3Dlightbox%26settings%3DeyJpZCI6MTQ5MDksInVybCI6Imh0dHBzOlwvXC9idWN1cmVzdGl6b28ucm9cL3dwLWNvbnRlbnRcL3VwbG9hZHNcLzIwMjVcLzA0XC9zb3BhcmxhLWd1bGVyYXRhX1AzMTUxMDEyLUxhcmdlLmpwZWciLCJzbGlkZXNob3ciOiIzMmIwOTE2MCJ9\">\n\t\t\t\t\t<div class=\"e-gallery-image elementor-gallery-item__image\" data-thumbnail=\"https:\/\/bucurestizoo.ro\/wp-content\/uploads\/2025\/04\/soparla-gulerata_P3151012-Large-1024x576.jpeg\" data-width=\"847\" data-height=\"476\" aria-label=\"\" role=\"img\" ><\/div>\n\t\t\t\t\t\t\t\t\t\t\t<div class=\"elementor-gallery-item__overlay\"><\/div>\n\t\t\t\t\t\t\t\t\t\t\t\t\t\t<\/a>\n\t\t\t\t\t\t\t<a class=\"e-gallery-item elementor-gallery-item elementor-animated-content\" href=\"https:\/\/bucurestizoo.ro\/wp-content\/uploads\/2025\/04\/soparla-gulerata_P7190009-Large.jpeg\" data-elementor-open-lightbox=\"yes\" data-elementor-lightbox-slideshow=\"32b09160\" data-elementor-lightbox-title=\"OLYMPUS DIGITAL CAMERA\" data-e-action-hash=\"#elementor-action%3Aaction%3Dlightbox%26settings%3DeyJpZCI6MTQ5MTEsInVybCI6Imh0dHBzOlwvXC9idWN1cmVzdGl6b28ucm9cL3dwLWNvbnRlbnRcL3VwbG9hZHNcLzIwMjVcLzA0XC9zb3BhcmxhLWd1bGVyYXRhX1A3MTkwMDA5LUxhcmdlLmpwZWciLCJzbGlkZXNob3ciOiIzMmIwOTE2MCJ9\">\n\t\t\t\t\t<div class=\"e-gallery-image elementor-gallery-item__image\" data-thumbnail=\"https:\/\/bucurestizoo.ro\/wp-content\/uploads\/2025\/04\/soparla-gulerata_P7190009-Large-1024x576.jpeg\" data-width=\"847\" data-height=\"476\" aria-label=\"\" role=\"img\" ><\/div>\n\t\t\t\t\t\t\t\t\t\t\t<div class=\"elementor-gallery-item__overlay\"><\/div>\n\t\t\t\t\t\t\t\t\t\t\t\t\t\t<\/a>\n\t\t\t\t\t<\/div>\n\t\t\t\t\t<\/div>\n\t\t\t\t<\/div>\n\t\t\t\t\t<\/div>\n\t\t\t\t<\/div>\n\t\t<div class=\"elementor-element elementor-element-227b2e4c animated-slow e-flex e-con-boxed elementor-invisible e-con e-parent\" data-id=\"227b2e4c\" data-element_type=\"container\" data-e-type=\"container\" data-settings=\"{&quot;animation&quot;:&quot;fadeInRight&quot;}\">\n\t\t\t\t\t<div class=\"e-con-inner\">\n\t\t\t\t<div class=\"elementor-element elementor-element-3f229b24 elementor-widget elementor-widget-heading\" data-id=\"3f229b24\" data-element_type=\"widget\" data-e-type=\"widget\" data-widget_type=\"heading.default\">\n\t\t\t\t<div class=\"elementor-widget-container\">\n\t\t\t\t\t<h1 class=\"elementor-heading-title elementor-size-default\">Habitat:<\/h1>\t\t\t\t<\/div>\n\t\t\t\t<\/div>\n\t\t\t\t<div class=\"elementor-element elementor-element-3248488a elementor-widget elementor-widget-text-editor\" data-id=\"3248488a\" data-element_type=\"widget\" data-e-type=\"widget\" data-widget_type=\"text-editor.default\">\n\t\t\t\t<div class=\"elementor-widget-container\">\n\t\t\t\t\t\t\t\t\t<div class=\"et_pb_module et_pb_text et_pb_text_7 et_pb_bg_layout_light et_pb_text_align_left\"><div class=\"et_pb_text_inner\"><div class=\"et_pb_column et_pb_column_1_2 et_pb_column_4 et_pb_css_mix_blend_mode_passthrough\"><div class=\"et_pb_module et_pb_text et_pb_text_2 et_pb_bg_layout_light et_pb_text_align_left\"><div class=\"et_pb_text_inner\"><p>\u0218op\u00e2rla cu guler este endemic\u0103 \u00een regiunile tropicale \u0219i subtropicale din nordul Australiei \u0219i sudul Noii Guinee. Prefer\u0103 p\u0103durile tropicale, savanele \u0219i marginile p\u0103durilor, unde are acces la copaci pentru ad\u0103post \u0219i deschideri spa\u021bioase pentru v\u00e2n\u0103toare.<\/p><p>Aceasta petrece majoritatea timpului \u00een copaci, cobor\u00e2nd pe sol doar pentru a se hr\u0103ni sau a se deplasa \u00eentre teritorii. Habitatul s\u0103u ofer\u0103 protec\u021bie \u00eempotriva pr\u0103d\u0103torilor \u0219i un mediu ideal pentru termoreglare, \u0219op\u00e2rla altern\u00e2nd \u00eentre expunerea la soare \u0219i ad\u0103postirea \u00een umbr\u0103.<\/p><\/div><\/div><\/div><\/div><\/div>\t\t\t\t\t\t\t\t<\/div>\n\t\t\t\t<\/div>\n\t\t\t\t\t<\/div>\n\t\t\t\t<\/div>\n\t\t<div class=\"elementor-element elementor-element-78a0ea21 e-grid e-con-boxed e-con e-parent\" data-id=\"78a0ea21\" data-element_type=\"container\" data-e-type=\"container\">\n\t\t\t\t\t<div class=\"e-con-inner\">\n\t\t<div class=\"elementor-element elementor-element-1dedc910 e-con-full animated-slow e-flex elementor-invisible e-con e-child\" data-id=\"1dedc910\" data-element_type=\"container\" data-e-type=\"container\" data-settings=\"{&quot;animation&quot;:&quot;fadeInLeft&quot;}\">\n\t\t\t\t<div class=\"elementor-element elementor-element-1661d0f2 elementor-widget elementor-widget-heading\" data-id=\"1661d0f2\" data-element_type=\"widget\" data-e-type=\"widget\" data-widget_type=\"heading.default\">\n\t\t\t\t<div class=\"elementor-widget-container\">\n\t\t\t\t\t<h1 class=\"elementor-heading-title elementor-size-default\">Hran\u0103:<\/h1>\t\t\t\t<\/div>\n\t\t\t\t<\/div>\n\t\t\t\t<div class=\"elementor-element elementor-element-1f8e529f elementor-widget elementor-widget-text-editor\" data-id=\"1f8e529f\" data-element_type=\"widget\" data-e-type=\"widget\" data-widget_type=\"text-editor.default\">\n\t\t\t\t<div class=\"elementor-widget-container\">\n\t\t\t\t\t\t\t\t\t<div class=\"et_pb_module et_pb_text et_pb_text_7 et_pb_bg_layout_light et_pb_text_align_left\"><div class=\"et_pb_text_inner\"><div class=\"et_pb_column et_pb_column_1_2 et_pb_column_4 et_pb_css_mix_blend_mode_passthrough\"><div class=\"et_pb_module et_pb_text et_pb_text_2 et_pb_bg_layout_light et_pb_text_align_left\"><div class=\"et_pb_text_inner\"><p>\u0218op\u00e2rla cu guler este o specie insectivor\u0103, consum\u00e2nd \u00een principal furnici, termite, greieri \u0219i alte insecte mici. Este un pr\u0103d\u0103tor oportunist \u0219i poate m\u00e2nca, ocazional, p\u0103ianjeni, \u0219op\u00e2rle mici sau alte nevertebrate disponibile \u00een habitatul s\u0103u.<\/p><p>Hrana este prins\u0103 cu ajutorul limbii sale lipicioase, iar viteza \u0219i agilitatea \u00eei permit s\u0103 v\u00e2neze eficient. \u00cen captivitate, dieta sa include insecte vii, precum greieri \u0219i viermi de f\u0103in\u0103, suplimentate cu vitamine \u0219i calciu pentru a preveni deficien\u021bele nutri\u021bionale.<\/p><\/div><\/div><\/div><\/div><\/div>\t\t\t\t\t\t\t\t<\/div>\n\t\t\t\t<\/div>\n\t\t\t\t<\/div>\n\t\t<div class=\"elementor-element elementor-element-4e28d3ca e-con-full animated-slow e-flex elementor-invisible e-con e-child\" data-id=\"4e28d3ca\" data-element_type=\"container\" data-e-type=\"container\" data-settings=\"{&quot;animation&quot;:&quot;fadeInRight&quot;}\">\n\t\t\t\t<div class=\"elementor-element elementor-element-59f02349 elementor-widget elementor-widget-heading\" data-id=\"59f02349\" data-element_type=\"widget\" data-e-type=\"widget\" data-widget_type=\"heading.default\">\n\t\t\t\t<div class=\"elementor-widget-container\">\n\t\t\t\t\t<h1 class=\"elementor-heading-title elementor-size-default\">Conservare:<\/h1>\t\t\t\t<\/div>\n\t\t\t\t<\/div>\n\t\t\t\t<div class=\"elementor-element elementor-element-3c883728 elementor-widget elementor-widget-text-editor\" data-id=\"3c883728\" data-element_type=\"widget\" data-e-type=\"widget\" data-widget_type=\"text-editor.default\">\n\t\t\t\t<div class=\"elementor-widget-container\">\n\t\t\t\t\t\t\t\t\t<div class=\"et_pb_module et_pb_text et_pb_text_7 et_pb_bg_layout_light et_pb_text_align_left\"><div class=\"et_pb_text_inner\"><div class=\"et_pb_column et_pb_column_1_2 et_pb_column_4 et_pb_css_mix_blend_mode_passthrough\"><div class=\"et_pb_module et_pb_text et_pb_text_2 et_pb_bg_layout_light et_pb_text_align_left\"><div class=\"et_pb_text_inner\"><p>De\u0219i nu este considerat\u0103 o specie amenin\u021bat\u0103, \u0219op\u00e2rla cu guler este vulnerabil\u0103 la pierderea habitatului din cauza defri\u0219\u0103rilor \u0219i a schimb\u0103rilor climatice. \u00cen plus, poate fi capturat\u0103 pentru comer\u021bul cu animale exotice, ceea ce poate avea un impact asupra popula\u021biilor s\u0103lbatice.<\/p><p>Programele de conservare pun accent pe protejarea habitatelor naturale \u0219i pe reglementarea comer\u021bului interna\u021bional. \u0218op\u00e2rla cu guler joac\u0103 un rol ecologic important, contribuind la controlul popula\u021biilor de insecte \u0219i men\u021binerea echilibrului ecosistemului.<\/p><\/div><\/div><\/div><\/div><\/div>\t\t\t\t\t\t\t\t<\/div>\n\t\t\t\t<\/div>\n\t\t\t\t<\/div>\n\t\t\t\t\t<\/div>\n\t\t\t\t<\/div>\n\t\t\t\t<\/div>","protected":false},"excerpt":{"rendered":"<p>\u0218op\u00e2rl\u0103 cu Guler Nume \u0219tiin\u021bific: Chlamydosaurus kingii Clas\u0103: Reptilia Ordin: Squamata Familie: Agamidae Gen: Chlamydosaurus Specie: Chlamydosaurus kingii Lungime maxim\u0103: 60-90 cm Greutate: 500-900 g General: \u0218op\u00e2rla cu guler este o specie fascinant\u0103, cunoscut\u0103 pentru \u201egulerul\u201d s\u0103u distinctiv, format din pliuri mari de piele, care \u00eenconjoar\u0103 capul \u0219i g\u00e2tul. Aceasta folose\u0219te gulerul pentru a se &hellip; <a href=\"https:\/\/bucurestizoo.ro\/en\/soparla-cu-guler\/\" class=\"more-link\">Continue reading <span class=\"screen-reader-text\">\u0218op\u00e2rla cu guler<\/span><\/a><\/p>","protected":false},"author":1,"featured_media":0,"parent":0,"menu_order":0,"comment_status":"closed","ping_status":"closed","template":"","meta":{"_monsterinsights_skip_tracking":false,"_monsterinsights_sitenote_active":false,"_monsterinsights_sitenote_note":"","_monsterinsights_sitenote_category":0,"footnotes":""},"class_list":["post-12526","page","type-page","status-publish","hentry"],"aioseo_notices":[],"_links":{"self":[{"href":"https:\/\/bucurestizoo.ro\/en\/wp-json\/wp\/v2\/pages\/12526","targetHints":{"allow":["GET"]}}],"collection":[{"href":"https:\/\/bucurestizoo.ro\/en\/wp-json\/wp\/v2\/pages"}],"about":[{"href":"https:\/\/bucurestizoo.ro\/en\/wp-json\/wp\/v2\/types\/page"}],"author":[{"embeddable":true,"href":"https:\/\/bucurestizoo.ro\/en\/wp-json\/wp\/v2\/users\/1"}],"replies":[{"embeddable":true,"href":"https:\/\/bucurestizoo.ro\/en\/wp-json\/wp\/v2\/comments?post=12526"}],"version-history":[{"count":7,"href":"https:\/\/bucurestizoo.ro\/en\/wp-json\/wp\/v2\/pages\/12526\/revisions"}],"predecessor-version":[{"id":15056,"href":"https:\/\/bucurestizoo.ro\/en\/wp-json\/wp\/v2\/pages\/12526\/revisions\/15056"}],"wp:attachment":[{"href":"https:\/\/bucurestizoo.ro\/en\/wp-json\/wp\/v2\/media?parent=12526"}],"curies":[{"name":"wp","href":"https:\/\/api.w.org\/{rel}","templated":true}]}}