{"id":12524,"date":"2025-01-10T14:53:34","date_gmt":"2025-01-10T12:53:34","guid":{"rendered":"https:\/\/n1.bucurestizoo.ro\/?page_id=12524"},"modified":"2025-04-25T18:19:40","modified_gmt":"2025-04-25T16:19:40","slug":"sarpe-boa","status":"publish","type":"page","link":"https:\/\/bucurestizoo.ro\/en\/sarpe-boa\/","title":{"rendered":"\u0218arpe Boa"},"content":{"rendered":"<div data-elementor-type=\"wp-page\" data-elementor-id=\"12524\" class=\"elementor elementor-12524\" data-elementor-post-type=\"page\">\n\t\t\t\t<div class=\"elementor-element elementor-element-767b6111 e-flex e-con-boxed e-con e-parent\" data-id=\"767b6111\" data-element_type=\"container\" data-e-type=\"container\" data-settings=\"{&quot;background_background&quot;:&quot;classic&quot;}\">\n\t\t\t\t\t<div class=\"e-con-inner\">\n\t\t<div class=\"elementor-element elementor-element-38d34597 e-con-full e-flex e-con e-child\" data-id=\"38d34597\" data-element_type=\"container\" data-e-type=\"container\">\n\t\t<div class=\"elementor-element elementor-element-cfba030 e-con-full animated-slow e-flex elementor-invisible e-con e-child\" data-id=\"cfba030\" data-element_type=\"container\" data-e-type=\"container\" data-settings=\"{&quot;animation&quot;:&quot;fadeInLeft&quot;}\">\n\t\t\t\t<div class=\"elementor-element elementor-element-26ea684e elementor-widget elementor-widget-heading\" data-id=\"26ea684e\" data-element_type=\"widget\" data-e-type=\"widget\" data-widget_type=\"heading.default\">\n\t\t\t\t<div class=\"elementor-widget-container\">\n\t\t\t\t\t<h1 class=\"elementor-heading-title elementor-size-default\">\u0218arpe Boa<\/h1>\t\t\t\t<\/div>\n\t\t\t\t<\/div>\n\t\t\t\t<div class=\"elementor-element elementor-element-11beb1db elementor-widget elementor-widget-text-editor\" data-id=\"11beb1db\" data-element_type=\"widget\" data-e-type=\"widget\" data-widget_type=\"text-editor.default\">\n\t\t\t\t<div class=\"elementor-widget-container\">\n\t\t\t\t\t\t\t\t\t<p><strong>Nume \u0219tiin\u021bific<\/strong>: <em>Boa constrictor<\/em><\/p><p><strong>Clas\u0103<\/strong>: Reptilia<\/p><p><strong>Ordin<\/strong>: Squamata<\/p><p><strong>Familie<\/strong>: Boidae<\/p><p><strong>Gen<\/strong>: Boa<\/p><p><strong>Specie<\/strong>: <em>Boa constrictor<\/em><\/p><p><strong>Lungime maxim\u0103<\/strong>: 2-4 metri (unele exemplare pot dep\u0103\u0219i 4 metri)<\/p><p><strong>Greutate<\/strong>: 10-30 kg<\/p>\t\t\t\t\t\t\t\t<\/div>\n\t\t\t\t<\/div>\n\t\t\t\t<\/div>\n\t\t\t\t<div class=\"elementor-element elementor-element-24017867 elementor-widget-tablet__width-inherit animated-slow elementor-invisible elementor-widget elementor-widget-image\" data-id=\"24017867\" data-element_type=\"widget\" data-e-type=\"widget\" data-settings=\"{&quot;_animation&quot;:&quot;fadeInRight&quot;}\" data-widget_type=\"image.default\">\n\t\t\t\t<div class=\"elementor-widget-container\">\n\t\t\t\t\t\t\t\t\t\t\t\t\t\t\t<img fetchpriority=\"high\" decoding=\"async\" width=\"847\" height=\"677\" src=\"https:\/\/bucurestizoo.ro\/wp-content\/uploads\/2025\/04\/sarpe-boa-dt-1024x819.jpg\" class=\"attachment-large size-large wp-image-15615\" alt=\"\" srcset=\"https:\/\/bucurestizoo.ro\/wp-content\/uploads\/2025\/04\/sarpe-boa-dt-1024x819.jpg 1024w, https:\/\/bucurestizoo.ro\/wp-content\/uploads\/2025\/04\/sarpe-boa-dt-300x240.jpg 300w, https:\/\/bucurestizoo.ro\/wp-content\/uploads\/2025\/04\/sarpe-boa-dt-768x614.jpg 768w, https:\/\/bucurestizoo.ro\/wp-content\/uploads\/2025\/04\/sarpe-boa-dt-1536x1229.jpg 1536w, https:\/\/bucurestizoo.ro\/wp-content\/uploads\/2025\/04\/sarpe-boa-dt-375x300.jpg 375w, https:\/\/bucurestizoo.ro\/wp-content\/uploads\/2025\/04\/sarpe-boa-dt-637x510.jpg 637w, https:\/\/bucurestizoo.ro\/wp-content\/uploads\/2025\/04\/sarpe-boa-dt.jpg 1936w\" sizes=\"(max-width: 847px) 100vw, 847px\" data-id=\"15615\" \/>\t\t\t\t\t\t\t\t\t\t\t\t\t\t\t<\/div>\n\t\t\t\t<\/div>\n\t\t\t\t<\/div>\n\t\t\t\t\t<\/div>\n\t\t\t\t<\/div>\n\t\t<div class=\"elementor-element elementor-element-17ed785e animated-slow e-flex e-con-boxed elementor-invisible e-con e-parent\" data-id=\"17ed785e\" data-element_type=\"container\" data-e-type=\"container\" data-settings=\"{&quot;animation&quot;:&quot;fadeInLeft&quot;}\">\n\t\t\t\t\t<div class=\"e-con-inner\">\n\t\t\t\t<div class=\"elementor-element elementor-element-3cc5f71e elementor-widget elementor-widget-heading\" data-id=\"3cc5f71e\" data-element_type=\"widget\" data-e-type=\"widget\" data-widget_type=\"heading.default\">\n\t\t\t\t<div class=\"elementor-widget-container\">\n\t\t\t\t\t<h1 class=\"elementor-heading-title elementor-size-default\">General:<\/h1>\t\t\t\t<\/div>\n\t\t\t\t<\/div>\n\t\t\t\t<div class=\"elementor-element elementor-element-119fe53b elementor-widget elementor-widget-text-editor\" data-id=\"119fe53b\" data-element_type=\"widget\" data-e-type=\"widget\" data-widget_type=\"text-editor.default\">\n\t\t\t\t<div class=\"elementor-widget-container\">\n\t\t\t\t\t\t\t\t\t<div class=\"et_pb_module et_pb_text et_pb_text_7 et_pb_bg_layout_light et_pb_text_align_left\"><div class=\"et_pb_text_inner\"><div class=\"et_pb_column et_pb_column_1_2 et_pb_column_4 et_pb_css_mix_blend_mode_passthrough\"><div class=\"et_pb_module et_pb_text et_pb_text_2 et_pb_bg_layout_light et_pb_text_align_left\"><div class=\"et_pb_text_inner\"><p>\u0218arpele Boa, cunoscut \u0219i sub denumirea de <em>Boa constrictor<\/em>, este unul dintre cei mai cunoscu\u021bi \u0219erpi constrictori din lume. Are un corp robust, acoperit cu un model impresionant de pete \u0219i benzi care variaz\u0103 \u00een culori de la maro \u0219i crem la ro\u0219u \u0219i gri. Acest camuflaj natural \u00eel ajut\u0103 s\u0103 se integreze perfect \u00een mediul s\u0103u.<\/p><p>Capul s\u0103u este mare \u0219i triunghiular, iar maxilarele flexibile \u00eei permit s\u0103 \u00eenghit\u0103 pr\u0103zi mari \u00een raport cu dimensiunea sa. De\u0219i este un pr\u0103d\u0103tor eficient, \u0219arpele Boa este considerat relativ docil \u0219i prefer\u0103 s\u0103 evite conflictele, atac\u00e2nd doar dac\u0103 se simte amenin\u021bat.<\/p><\/div><\/div><\/div><\/div><\/div>\t\t\t\t\t\t\t\t<\/div>\n\t\t\t\t<\/div>\n\t\t\t\t\t<\/div>\n\t\t\t\t<\/div>\n\t\t<div class=\"elementor-element elementor-element-1b02a561 animated-slow e-flex e-con-boxed elementor-invisible e-con e-parent\" data-id=\"1b02a561\" data-element_type=\"container\" data-e-type=\"container\" data-settings=\"{&quot;animation&quot;:&quot;fadeInRight&quot;}\">\n\t\t\t\t\t<div class=\"e-con-inner\">\n\t\t\t\t<div class=\"elementor-element elementor-element-d3bd92e elementor-widget elementor-widget-heading\" data-id=\"d3bd92e\" data-element_type=\"widget\" data-e-type=\"widget\" data-widget_type=\"heading.default\">\n\t\t\t\t<div class=\"elementor-widget-container\">\n\t\t\t\t\t<h1 class=\"elementor-heading-title elementor-size-default\">Habitat:<\/h1>\t\t\t\t<\/div>\n\t\t\t\t<\/div>\n\t\t\t\t<div class=\"elementor-element elementor-element-5d60bae5 elementor-widget elementor-widget-text-editor\" data-id=\"5d60bae5\" data-element_type=\"widget\" data-e-type=\"widget\" data-widget_type=\"text-editor.default\">\n\t\t\t\t<div class=\"elementor-widget-container\">\n\t\t\t\t\t\t\t\t\t<div class=\"et_pb_module et_pb_text et_pb_text_7 et_pb_bg_layout_light et_pb_text_align_left\"><div class=\"et_pb_text_inner\"><div class=\"et_pb_column et_pb_column_1_2 et_pb_column_4 et_pb_css_mix_blend_mode_passthrough\"><div class=\"et_pb_module et_pb_text et_pb_text_2 et_pb_bg_layout_light et_pb_text_align_left\"><div class=\"et_pb_text_inner\"><p>\u0218arpele Boa tr\u0103ie\u0219te \u00een regiunile tropicale \u0219i subtropicale din America Central\u0103 \u0219i de Sud, dar poate fi g\u0103sit \u0219i pe insulele din Caraibe. Habitatul s\u0103u include p\u0103durile tropicale, savanele, zonele ml\u0103\u0219tinoase \u0219i chiar c\u00e2mpiile uscate, dar \u00eentotdeauna prefer\u0103 locurile cu acces la surse de ap\u0103.<\/p><p>Este semi-arboricol, petrec\u00e2nd o parte din timp \u00een copaci, mai ales \u00een stadiile tinere, dar pe m\u0103sur\u0103 ce cre\u0219te \u0219i devine mai greu, tinde s\u0103 se deplaseze mai mult pe sol. Este activ mai ales noaptea, c\u00e2nd temperaturile sunt mai r\u0103coroase \u0219i prada este mai accesibil\u0103.<\/p><\/div><\/div><\/div><\/div><\/div>\t\t\t\t\t\t\t\t<\/div>\n\t\t\t\t<\/div>\n\t\t\t\t\t<\/div>\n\t\t\t\t<\/div>\n\t\t<div class=\"elementor-element elementor-element-2e660817 e-grid e-con-boxed e-con e-parent\" data-id=\"2e660817\" data-element_type=\"container\" data-e-type=\"container\">\n\t\t\t\t\t<div class=\"e-con-inner\">\n\t\t<div class=\"elementor-element elementor-element-22743e03 e-con-full animated-slow e-flex elementor-invisible e-con e-child\" data-id=\"22743e03\" data-element_type=\"container\" data-e-type=\"container\" data-settings=\"{&quot;animation&quot;:&quot;fadeInLeft&quot;}\">\n\t\t\t\t<div class=\"elementor-element elementor-element-338cefba elementor-widget elementor-widget-heading\" data-id=\"338cefba\" data-element_type=\"widget\" data-e-type=\"widget\" data-widget_type=\"heading.default\">\n\t\t\t\t<div class=\"elementor-widget-container\">\n\t\t\t\t\t<h1 class=\"elementor-heading-title elementor-size-default\">Hran\u0103:<\/h1>\t\t\t\t<\/div>\n\t\t\t\t<\/div>\n\t\t\t\t<div class=\"elementor-element elementor-element-159c6ab1 elementor-widget elementor-widget-text-editor\" data-id=\"159c6ab1\" data-element_type=\"widget\" data-e-type=\"widget\" data-widget_type=\"text-editor.default\">\n\t\t\t\t<div class=\"elementor-widget-container\">\n\t\t\t\t\t\t\t\t\t<div class=\"et_pb_module et_pb_text et_pb_text_7 et_pb_bg_layout_light et_pb_text_align_left\"><div class=\"et_pb_text_inner\"><div class=\"et_pb_column et_pb_column_1_2 et_pb_column_4 et_pb_css_mix_blend_mode_passthrough\"><div class=\"et_pb_module et_pb_text et_pb_text_2 et_pb_bg_layout_light et_pb_text_align_left\"><div class=\"et_pb_text_inner\"><p>\u0218arpele Boa este carnivor, hr\u0103nindu-se cu o varietate de animale, inclusiv roz\u0103toare, p\u0103s\u0103ri, \u0219op\u00e2rle \u0219i mamifere mici p\u00e2n\u0103 la medii. Atac\u0103 prada prin ambuscad\u0103, a\u0219tept\u00e2nd nemi\u0219cat p\u00e2n\u0103 c\u00e2nd victima se apropie suficient.<\/p><p>Dup\u0103 ce captureaz\u0103 prada, \u0219arpele Boa o sugrum\u0103 cu corpul s\u0103u musculos, bloc\u00e2nd fluxul sanguin \u0219i suprim\u00e2nd respira\u021bia. Victima este apoi \u00eenghi\u021bit\u0103 \u00eentreag\u0103, iar digestia poate dura c\u00e2teva zile sau chiar s\u0103pt\u0103m\u00e2ni, \u00een func\u021bie de dimensiunea pr\u0103zii. Un Boa adult poate supravie\u021bui perioade lungi f\u0103r\u0103 hran\u0103 dup\u0103 o mas\u0103 consistent\u0103.<\/p><\/div><\/div><\/div><\/div><\/div>\t\t\t\t\t\t\t\t<\/div>\n\t\t\t\t<\/div>\n\t\t\t\t<\/div>\n\t\t<div class=\"elementor-element elementor-element-70c8deae e-con-full animated-slow e-flex elementor-invisible e-con e-child\" data-id=\"70c8deae\" data-element_type=\"container\" data-e-type=\"container\" data-settings=\"{&quot;animation&quot;:&quot;fadeInRight&quot;}\">\n\t\t\t\t<div class=\"elementor-element elementor-element-3bd32b03 elementor-widget elementor-widget-heading\" data-id=\"3bd32b03\" data-element_type=\"widget\" data-e-type=\"widget\" data-widget_type=\"heading.default\">\n\t\t\t\t<div class=\"elementor-widget-container\">\n\t\t\t\t\t<h1 class=\"elementor-heading-title elementor-size-default\">Conservare:<\/h1>\t\t\t\t<\/div>\n\t\t\t\t<\/div>\n\t\t\t\t<div class=\"elementor-element elementor-element-54b73038 elementor-widget elementor-widget-text-editor\" data-id=\"54b73038\" data-element_type=\"widget\" data-e-type=\"widget\" data-widget_type=\"text-editor.default\">\n\t\t\t\t<div class=\"elementor-widget-container\">\n\t\t\t\t\t\t\t\t\t<div class=\"et_pb_module et_pb_text et_pb_text_7 et_pb_bg_layout_light et_pb_text_align_left\"><div class=\"et_pb_text_inner\"><div class=\"et_pb_column et_pb_column_1_2 et_pb_column_4 et_pb_css_mix_blend_mode_passthrough\"><div class=\"et_pb_module et_pb_text et_pb_text_2 et_pb_bg_layout_light et_pb_text_align_left\"><div class=\"et_pb_text_inner\"><p>\u0218arpele Boa nu este considerat o specie amenin\u021bat\u0103, dar popula\u021biile sale sunt afectate de pierderea habitatului, comer\u021bul ilegal cu animale exotice \u0219i v\u00e2n\u0103toarea. Este adesea capturat pentru pielea sa sau v\u00e2ndut ca animal de companie, ceea ce poate pune presiune asupra popula\u021biilor s\u0103lbatice.<\/p><p>Programele de conservare includ reglementarea comer\u021bului interna\u021bional, educarea publicului despre importan\u021ba sa ecologic\u0103 \u0219i protejarea habitatelor naturale. \u00cen unele regiuni, cresc\u0103toriile comerciale de \u0219erpi Boa ajut\u0103 la reducerea captur\u0103rii indivizilor din s\u0103lb\u0103ticie. <\/p><\/div><\/div><\/div><\/div><\/div>\t\t\t\t\t\t\t\t<\/div>\n\t\t\t\t<\/div>\n\t\t\t\t<\/div>\n\t\t\t\t\t<\/div>\n\t\t\t\t<\/div>\n\t\t\t\t<\/div>","protected":false},"excerpt":{"rendered":"<p>\u0218arpe Boa Nume \u0219tiin\u021bific: Boa constrictor Clas\u0103: Reptilia Ordin: Squamata Familie: Boidae Gen: Boa Specie: Boa constrictor Lungime maxim\u0103: 2-4 metri (unele exemplare pot dep\u0103\u0219i 4 metri) Greutate: 10-30 kg General: \u0218arpele Boa, cunoscut \u0219i sub denumirea de Boa constrictor, este unul dintre cei mai cunoscu\u021bi \u0219erpi constrictori din lume. Are un corp robust, acoperit &hellip; <a href=\"https:\/\/bucurestizoo.ro\/en\/sarpe-boa\/\" class=\"more-link\">Continue reading <span class=\"screen-reader-text\">\u0218arpe Boa<\/span><\/a><\/p>","protected":false},"author":1,"featured_media":0,"parent":0,"menu_order":0,"comment_status":"closed","ping_status":"closed","template":"","meta":{"_monsterinsights_skip_tracking":false,"_monsterinsights_sitenote_active":false,"_monsterinsights_sitenote_note":"","_monsterinsights_sitenote_category":0,"footnotes":""},"class_list":["post-12524","page","type-page","status-publish","hentry"],"aioseo_notices":[],"_links":{"self":[{"href":"https:\/\/bucurestizoo.ro\/en\/wp-json\/wp\/v2\/pages\/12524","targetHints":{"allow":["GET"]}}],"collection":[{"href":"https:\/\/bucurestizoo.ro\/en\/wp-json\/wp\/v2\/pages"}],"about":[{"href":"https:\/\/bucurestizoo.ro\/en\/wp-json\/wp\/v2\/types\/page"}],"author":[{"embeddable":true,"href":"https:\/\/bucurestizoo.ro\/en\/wp-json\/wp\/v2\/users\/1"}],"replies":[{"embeddable":true,"href":"https:\/\/bucurestizoo.ro\/en\/wp-json\/wp\/v2\/comments?post=12524"}],"version-history":[{"count":7,"href":"https:\/\/bucurestizoo.ro\/en\/wp-json\/wp\/v2\/pages\/12524\/revisions"}],"predecessor-version":[{"id":15618,"href":"https:\/\/bucurestizoo.ro\/en\/wp-json\/wp\/v2\/pages\/12524\/revisions\/15618"}],"wp:attachment":[{"href":"https:\/\/bucurestizoo.ro\/en\/wp-json\/wp\/v2\/media?parent=12524"}],"curies":[{"name":"wp","href":"https:\/\/api.w.org\/{rel}","templated":true}]}}