{"id":12522,"date":"2025-01-10T14:52:58","date_gmt":"2025-01-10T12:52:58","guid":{"rendered":"https:\/\/n1.bucurestizoo.ro\/?page_id=12522"},"modified":"2025-04-07T18:00:52","modified_gmt":"2025-04-07T16:00:52","slug":"pitonul-indian","status":"publish","type":"page","link":"https:\/\/bucurestizoo.ro\/en\/pitonul-indian\/","title":{"rendered":"Pitonul indian"},"content":{"rendered":"<div data-elementor-type=\"wp-page\" data-elementor-id=\"12522\" class=\"elementor elementor-12522\" data-elementor-post-type=\"page\">\n\t\t\t\t<div class=\"elementor-element elementor-element-19cc819 e-flex e-con-boxed e-con e-parent\" data-id=\"19cc819\" data-element_type=\"container\" data-e-type=\"container\" data-settings=\"{&quot;background_background&quot;:&quot;classic&quot;}\">\n\t\t\t\t\t<div class=\"e-con-inner\">\n\t\t<div class=\"elementor-element elementor-element-27b2e078 e-con-full e-flex e-con e-child\" data-id=\"27b2e078\" data-element_type=\"container\" data-e-type=\"container\">\n\t\t<div class=\"elementor-element elementor-element-27266c4 e-con-full animated-slow e-flex elementor-invisible e-con e-child\" data-id=\"27266c4\" data-element_type=\"container\" data-e-type=\"container\" data-settings=\"{&quot;animation&quot;:&quot;fadeInLeft&quot;}\">\n\t\t\t\t<div class=\"elementor-element elementor-element-5788b9df elementor-widget elementor-widget-heading\" data-id=\"5788b9df\" data-element_type=\"widget\" data-e-type=\"widget\" data-widget_type=\"heading.default\">\n\t\t\t\t<div class=\"elementor-widget-container\">\n\t\t\t\t\t<h1 class=\"elementor-heading-title elementor-size-default\">Piton Indian<\/h1>\t\t\t\t<\/div>\n\t\t\t\t<\/div>\n\t\t\t\t<div class=\"elementor-element elementor-element-63a301c2 elementor-widget elementor-widget-text-editor\" data-id=\"63a301c2\" data-element_type=\"widget\" data-e-type=\"widget\" data-widget_type=\"text-editor.default\">\n\t\t\t\t<div class=\"elementor-widget-container\">\n\t\t\t\t\t\t\t\t\t<p class=\"\" data-start=\"0\" data-end=\"160\"><strong data-start=\"0\" data-end=\"20\">Nume \u0219tiin\u021bific:<\/strong> <em data-start=\"21\" data-end=\"37\">Python molurus<\/em><br data-start=\"37\" data-end=\"40\" \/><strong data-start=\"40\" data-end=\"50\">Clas\u0103:<\/strong> Reptilia<br data-start=\"59\" data-end=\"62\" \/><strong data-start=\"62\" data-end=\"72\">Ordin:<\/strong> Squamata<br data-start=\"81\" data-end=\"84\" \/><strong data-start=\"84\" data-end=\"96\">Familie:<\/strong> Pythonidae<br data-start=\"107\" data-end=\"110\" \/><strong data-start=\"110\" data-end=\"118\">Gen:<\/strong> <em data-start=\"119\" data-end=\"127\">Python<\/em><br data-start=\"127\" data-end=\"130\" \/><strong data-start=\"130\" data-end=\"141\">Specie:<\/strong> <em data-start=\"142\" data-end=\"158\">Python molurus<\/em><\/p><p class=\"\" data-start=\"162\" data-end=\"218\"><strong data-start=\"162\" data-end=\"181\">Lungime maxim\u0103:<\/strong> 3\u20136 metri<br data-start=\"191\" data-end=\"194\" \/><strong data-start=\"194\" data-end=\"207\" data-is-only-node=\"\">Greutate:<\/strong> 30\u201360 kg<\/p>\t\t\t\t\t\t\t\t<\/div>\n\t\t\t\t<\/div>\n\t\t\t\t<\/div>\n\t\t\t\t<div class=\"elementor-element elementor-element-60ab0c2f elementor-widget-tablet__width-inherit animated-slow elementor-invisible elementor-widget elementor-widget-image\" data-id=\"60ab0c2f\" data-element_type=\"widget\" data-e-type=\"widget\" data-settings=\"{&quot;_animation&quot;:&quot;fadeInRight&quot;}\" data-widget_type=\"image.default\">\n\t\t\t\t<div class=\"elementor-widget-container\">\n\t\t\t\t\t\t\t\t\t\t\t\t\t\t\t<img fetchpriority=\"high\" decoding=\"async\" width=\"847\" height=\"635\" src=\"https:\/\/bucurestizoo.ro\/wp-content\/uploads\/2025\/04\/piton-indian_P1280096-Large-1024x768.jpeg\" class=\"attachment-large size-large wp-image-14906\" alt=\"\" srcset=\"https:\/\/bucurestizoo.ro\/wp-content\/uploads\/2025\/04\/piton-indian_P1280096-Large-1024x768.jpeg 1024w, https:\/\/bucurestizoo.ro\/wp-content\/uploads\/2025\/04\/piton-indian_P1280096-Large-300x225.jpeg 300w, https:\/\/bucurestizoo.ro\/wp-content\/uploads\/2025\/04\/piton-indian_P1280096-Large-768x576.jpeg 768w, https:\/\/bucurestizoo.ro\/wp-content\/uploads\/2025\/04\/piton-indian_P1280096-Large-400x300.jpeg 400w, https:\/\/bucurestizoo.ro\/wp-content\/uploads\/2025\/04\/piton-indian_P1280096-Large-650x488.jpeg 650w, https:\/\/bucurestizoo.ro\/wp-content\/uploads\/2025\/04\/piton-indian_P1280096-Large.jpeg 1280w\" sizes=\"(max-width: 847px) 100vw, 847px\" data-id=\"14906\" \/>\t\t\t\t\t\t\t\t\t\t\t\t\t\t\t<\/div>\n\t\t\t\t<\/div>\n\t\t\t\t<\/div>\n\t\t\t\t\t<\/div>\n\t\t\t\t<\/div>\n\t\t<div class=\"elementor-element elementor-element-6051520f animated-slow e-flex e-con-boxed elementor-invisible e-con e-parent\" data-id=\"6051520f\" data-element_type=\"container\" data-e-type=\"container\" data-settings=\"{&quot;animation&quot;:&quot;fadeInLeft&quot;}\">\n\t\t\t\t\t<div class=\"e-con-inner\">\n\t\t\t\t<div class=\"elementor-element elementor-element-3aff8524 elementor-widget elementor-widget-heading\" data-id=\"3aff8524\" data-element_type=\"widget\" data-e-type=\"widget\" data-widget_type=\"heading.default\">\n\t\t\t\t<div class=\"elementor-widget-container\">\n\t\t\t\t\t<h1 class=\"elementor-heading-title elementor-size-default\">General:<\/h1>\t\t\t\t<\/div>\n\t\t\t\t<\/div>\n\t\t\t\t<div class=\"elementor-element elementor-element-5aab1ff0 elementor-widget elementor-widget-text-editor\" data-id=\"5aab1ff0\" data-element_type=\"widget\" data-e-type=\"widget\" data-widget_type=\"text-editor.default\">\n\t\t\t\t<div class=\"elementor-widget-container\">\n\t\t\t\t\t\t\t\t\t<div class=\"et_pb_module et_pb_text et_pb_text_7 et_pb_bg_layout_light et_pb_text_align_left\"><div class=\"et_pb_text_inner\"><div class=\"et_pb_column et_pb_column_1_2 et_pb_column_4 et_pb_css_mix_blend_mode_passthrough\"><div class=\"et_pb_module et_pb_text et_pb_text_2 et_pb_bg_layout_light et_pb_text_align_left\"><div class=\"et_pb_text_inner\"><p>Pitonul indian este unul dintre cei mai mari \u0219erpi din lume, fiind recunoscut pentru dimensiunile sale impresionante \u0219i frumuse\u021bea modelului de pe piele. Acest \u0219arpe neveninos are un corp robust acoperit cu solzi maronii \u0219i cafenii, dispu\u0219i \u00eentr-un model complex de pete \u0219i linii care \u00eel ajut\u0103 s\u0103 se camufleze \u00een mediul s\u0103u natural.<\/p><p>Capul s\u0103u este mare \u0219i triunghiular, iar ochii au pupile verticale, adaptate pentru vederea nocturn\u0103. Pitonul indian este cunoscut pentru comportamentul s\u0103u docil, fiind rar agresiv fa\u021b\u0103 de oameni, dar extrem de eficient ca pr\u0103d\u0103tor. Este un \u0219arpe constrictor, ceea ce \u00eenseamn\u0103 c\u0103 \u00ee\u0219i sugrum\u0103 prada p\u00e2n\u0103 la sufocare \u00eenainte de a o \u00eenghi\u021bi \u00eentreag\u0103.<\/p><\/div><\/div><\/div><\/div><\/div>\t\t\t\t\t\t\t\t<\/div>\n\t\t\t\t<\/div>\n\t\t\t\t\t<\/div>\n\t\t\t\t<\/div>\n\t\t<div class=\"elementor-element elementor-element-7e66d778 e-flex e-con-boxed e-con e-parent\" data-id=\"7e66d778\" data-element_type=\"container\" data-e-type=\"container\">\n\t\t\t\t\t<div class=\"e-con-inner\">\n\t\t\t\t<div class=\"elementor-element elementor-element-3f82f4a5 elementor-widget elementor-widget-gallery\" data-id=\"3f82f4a5\" data-element_type=\"widget\" data-e-type=\"widget\" data-settings=\"{&quot;columns&quot;:2,&quot;lazyload&quot;:&quot;yes&quot;,&quot;gallery_layout&quot;:&quot;grid&quot;,&quot;columns_tablet&quot;:2,&quot;columns_mobile&quot;:1,&quot;gap&quot;:{&quot;unit&quot;:&quot;px&quot;,&quot;size&quot;:10,&quot;sizes&quot;:[]},&quot;gap_tablet&quot;:{&quot;unit&quot;:&quot;px&quot;,&quot;size&quot;:10,&quot;sizes&quot;:[]},&quot;gap_mobile&quot;:{&quot;unit&quot;:&quot;px&quot;,&quot;size&quot;:10,&quot;sizes&quot;:[]},&quot;link_to&quot;:&quot;file&quot;,&quot;aspect_ratio&quot;:&quot;3:2&quot;,&quot;overlay_background&quot;:&quot;yes&quot;,&quot;content_hover_animation&quot;:&quot;fade-in&quot;}\" data-widget_type=\"gallery.default\">\n\t\t\t\t<div class=\"elementor-widget-container\">\n\t\t\t\t\t\t\t<div class=\"elementor-gallery__container\">\n\t\t\t\t\t\t\t<a class=\"e-gallery-item elementor-gallery-item elementor-animated-content\" href=\"https:\/\/bucurestizoo.ro\/wp-content\/uploads\/2025\/04\/piton-indian_PC190074-Large.jpeg\" data-elementor-open-lightbox=\"yes\" data-elementor-lightbox-slideshow=\"3f82f4a5\" data-elementor-lightbox-title=\"OLYMPUS DIGITAL CAMERA\" data-e-action-hash=\"#elementor-action%3Aaction%3Dlightbox%26settings%3DeyJpZCI6MTQ5MDcsInVybCI6Imh0dHBzOlwvXC9idWN1cmVzdGl6b28ucm9cL3dwLWNvbnRlbnRcL3VwbG9hZHNcLzIwMjVcLzA0XC9waXRvbi1pbmRpYW5fUEMxOTAwNzQtTGFyZ2UuanBlZyIsInNsaWRlc2hvdyI6IjNmODJmNGE1In0%3D\">\n\t\t\t\t\t<div class=\"e-gallery-image elementor-gallery-item__image\" data-thumbnail=\"https:\/\/bucurestizoo.ro\/wp-content\/uploads\/2025\/04\/piton-indian_PC190074-Large-1024x768.jpeg\" data-width=\"847\" data-height=\"635\" aria-label=\"\" role=\"img\" ><\/div>\n\t\t\t\t\t\t\t\t\t\t\t<div class=\"elementor-gallery-item__overlay\"><\/div>\n\t\t\t\t\t\t\t\t\t\t\t\t\t\t<\/a>\n\t\t\t\t\t\t\t<a class=\"e-gallery-item elementor-gallery-item elementor-animated-content\" href=\"https:\/\/bucurestizoo.ro\/wp-content\/uploads\/2025\/04\/piton-indian_P1280094-Large.jpeg\" data-elementor-open-lightbox=\"yes\" data-elementor-lightbox-slideshow=\"3f82f4a5\" data-elementor-lightbox-title=\"OLYMPUS DIGITAL CAMERA\" data-e-action-hash=\"#elementor-action%3Aaction%3Dlightbox%26settings%3DeyJpZCI6MTQ5MDUsInVybCI6Imh0dHBzOlwvXC9idWN1cmVzdGl6b28ucm9cL3dwLWNvbnRlbnRcL3VwbG9hZHNcLzIwMjVcLzA0XC9waXRvbi1pbmRpYW5fUDEyODAwOTQtTGFyZ2UuanBlZyIsInNsaWRlc2hvdyI6IjNmODJmNGE1In0%3D\">\n\t\t\t\t\t<div class=\"e-gallery-image elementor-gallery-item__image\" data-thumbnail=\"https:\/\/bucurestizoo.ro\/wp-content\/uploads\/2025\/04\/piton-indian_P1280094-Large-1024x768.jpeg\" data-width=\"847\" data-height=\"635\" aria-label=\"\" role=\"img\" ><\/div>\n\t\t\t\t\t\t\t\t\t\t\t<div class=\"elementor-gallery-item__overlay\"><\/div>\n\t\t\t\t\t\t\t\t\t\t\t\t\t\t<\/a>\n\t\t\t\t\t<\/div>\n\t\t\t\t\t<\/div>\n\t\t\t\t<\/div>\n\t\t\t\t\t<\/div>\n\t\t\t\t<\/div>\n\t\t<div class=\"elementor-element elementor-element-507136de animated-slow e-flex e-con-boxed elementor-invisible e-con e-parent\" data-id=\"507136de\" data-element_type=\"container\" data-e-type=\"container\" data-settings=\"{&quot;animation&quot;:&quot;fadeInRight&quot;}\">\n\t\t\t\t\t<div class=\"e-con-inner\">\n\t\t\t\t<div class=\"elementor-element elementor-element-5cc300c elementor-widget elementor-widget-heading\" data-id=\"5cc300c\" data-element_type=\"widget\" data-e-type=\"widget\" data-widget_type=\"heading.default\">\n\t\t\t\t<div class=\"elementor-widget-container\">\n\t\t\t\t\t<h1 class=\"elementor-heading-title elementor-size-default\">Habitat:<\/h1>\t\t\t\t<\/div>\n\t\t\t\t<\/div>\n\t\t\t\t<div class=\"elementor-element elementor-element-475ccd79 elementor-widget elementor-widget-text-editor\" data-id=\"475ccd79\" data-element_type=\"widget\" data-e-type=\"widget\" data-widget_type=\"text-editor.default\">\n\t\t\t\t<div class=\"elementor-widget-container\">\n\t\t\t\t\t\t\t\t\t<div class=\"et_pb_module et_pb_text et_pb_text_7 et_pb_bg_layout_light et_pb_text_align_left\"><div class=\"et_pb_text_inner\"><div class=\"et_pb_column et_pb_column_1_2 et_pb_column_4 et_pb_css_mix_blend_mode_passthrough\"><div class=\"et_pb_module et_pb_text et_pb_text_2 et_pb_bg_layout_light et_pb_text_align_left\"><div class=\"et_pb_text_inner\"><p>Pitonul indian se g\u0103se\u0219te \u00een regiunile tropicale \u0219i subtropicale din India, Sri Lanka, Nepal, Bhutan, Bangladesh \u0219i unele p\u0103r\u021bi din sudul Asiei. Habitatul s\u0103u natural include p\u0103duri tropicale, savane, mla\u0219tini \u0219i r\u00e2uri. Este o reptil\u0103 semi-acvatic\u0103, petrec\u00e2nd mult timp \u00een apropierea surselor de ap\u0103, dar se simte confortabil \u0219i pe uscat, mai ales \u00een p\u0103durile dense.<\/p><p>Aceasta specie este adaptabil\u0103 \u0219i poate supravie\u021bui \u00een medii variate, inclusiv \u00een zone agricole, dar evit\u0103 regiunile extrem de uscate sau reci. Pitonul indian folose\u0219te ascunzi\u0219uri naturale, precum cr\u0103p\u0103turi \u00een st\u00e2nci, scorburi sau vizuini, pentru a se odihni \u0219i a evita pr\u0103d\u0103torii.<\/p><\/div><\/div><\/div><\/div><\/div>\t\t\t\t\t\t\t\t<\/div>\n\t\t\t\t<\/div>\n\t\t\t\t\t<\/div>\n\t\t\t\t<\/div>\n\t\t<div class=\"elementor-element elementor-element-73f24632 e-grid e-con-boxed e-con e-parent\" data-id=\"73f24632\" data-element_type=\"container\" data-e-type=\"container\">\n\t\t\t\t\t<div class=\"e-con-inner\">\n\t\t<div class=\"elementor-element elementor-element-146042e6 e-con-full animated-slow e-flex elementor-invisible e-con e-child\" data-id=\"146042e6\" data-element_type=\"container\" data-e-type=\"container\" data-settings=\"{&quot;animation&quot;:&quot;fadeInLeft&quot;}\">\n\t\t\t\t<div class=\"elementor-element elementor-element-372c3c1a elementor-widget elementor-widget-heading\" data-id=\"372c3c1a\" data-element_type=\"widget\" data-e-type=\"widget\" data-widget_type=\"heading.default\">\n\t\t\t\t<div class=\"elementor-widget-container\">\n\t\t\t\t\t<h1 class=\"elementor-heading-title elementor-size-default\">Hran\u0103:<\/h1>\t\t\t\t<\/div>\n\t\t\t\t<\/div>\n\t\t\t\t<div class=\"elementor-element elementor-element-13d3f93b elementor-widget elementor-widget-text-editor\" data-id=\"13d3f93b\" data-element_type=\"widget\" data-e-type=\"widget\" data-widget_type=\"text-editor.default\">\n\t\t\t\t<div class=\"elementor-widget-container\">\n\t\t\t\t\t\t\t\t\t<div class=\"et_pb_module et_pb_text et_pb_text_7 et_pb_bg_layout_light et_pb_text_align_left\"><div class=\"et_pb_text_inner\"><div class=\"et_pb_column et_pb_column_1_2 et_pb_column_4 et_pb_css_mix_blend_mode_passthrough\"><div class=\"et_pb_module et_pb_text et_pb_text_2 et_pb_bg_layout_light et_pb_text_align_left\"><div class=\"et_pb_text_inner\"><p>Pitonul indian este un pr\u0103d\u0103tor carnivor care se hr\u0103ne\u0219te cu o varietate de animale, inclusiv mamifere, p\u0103s\u0103ri \u0219i reptile. \u00cen s\u0103lb\u0103ticie, dieta sa variaz\u0103 \u00een func\u021bie de dimensiunea \u0219i disponibilitatea pr\u0103zii, incluz\u00e2nd iepuri, porci s\u0103lbatici, cerbi \u0219i chiar animale domestice.<\/p><p>Atac\u0103 prin ambuscad\u0103, folosind mirosul \u0219i termoreceptorii din jurul gurii pentru a detecta prada. Dup\u0103 ce captureaz\u0103 victima, o sugrum\u0103 cu corpul s\u0103u musculos p\u00e2n\u0103 c\u00e2nd nu mai poate respira, apoi o \u00eenghite \u00eentreag\u0103. Digestia este lent\u0103, iar o mas\u0103 consistent\u0103 poate sus\u021bine pitonul s\u0103pt\u0103m\u00e2ni sau chiar luni.<\/p><\/div><\/div><\/div><\/div><\/div>\t\t\t\t\t\t\t\t<\/div>\n\t\t\t\t<\/div>\n\t\t\t\t<\/div>\n\t\t<div class=\"elementor-element elementor-element-46c47081 e-con-full animated-slow e-flex elementor-invisible e-con e-child\" data-id=\"46c47081\" data-element_type=\"container\" data-e-type=\"container\" data-settings=\"{&quot;animation&quot;:&quot;fadeInRight&quot;}\">\n\t\t\t\t<div class=\"elementor-element elementor-element-1033073a elementor-widget elementor-widget-heading\" data-id=\"1033073a\" data-element_type=\"widget\" data-e-type=\"widget\" data-widget_type=\"heading.default\">\n\t\t\t\t<div class=\"elementor-widget-container\">\n\t\t\t\t\t<h1 class=\"elementor-heading-title elementor-size-default\">Conservare:<\/h1>\t\t\t\t<\/div>\n\t\t\t\t<\/div>\n\t\t\t\t<div class=\"elementor-element elementor-element-69990125 elementor-widget elementor-widget-text-editor\" data-id=\"69990125\" data-element_type=\"widget\" data-e-type=\"widget\" data-widget_type=\"text-editor.default\">\n\t\t\t\t<div class=\"elementor-widget-container\">\n\t\t\t\t\t\t\t\t\t<div class=\"et_pb_module et_pb_text et_pb_text_7 et_pb_bg_layout_light et_pb_text_align_left\"><div class=\"et_pb_text_inner\"><div class=\"et_pb_column et_pb_column_1_2 et_pb_column_4 et_pb_css_mix_blend_mode_passthrough\"><div class=\"et_pb_module et_pb_text et_pb_text_2 et_pb_bg_layout_light et_pb_text_align_left\"><div class=\"et_pb_text_inner\"><p>De\u0219i nu este \u00een pericol imediat de dispari\u021bie, pitonul indian se confrunt\u0103 cu amenin\u021b\u0103ri semnificative, cum ar fi pierderea habitatului, braconajul \u0219i uciderea din fric\u0103 sau pentru pielea sa valoroas\u0103. Este protejat prin lege \u00een multe dintre \u021b\u0103rile din arealul s\u0103u, dar aplicarea reglement\u0103rilor variaz\u0103.<\/p><p>Programele de conservare includ protejarea habitatelor naturale, educarea publicului despre rolul s\u0103u ecologic \u0219i reducerea v\u00e2n\u0103torii ilegale. Pitonul indian joac\u0103 un rol important \u00een men\u021binerea echilibrului ecologic, control\u00e2nd popula\u021biile de roz\u0103toare \u0219i alte specii de prad\u0103.<\/p><\/div><\/div><\/div><\/div><\/div>\t\t\t\t\t\t\t\t<\/div>\n\t\t\t\t<\/div>\n\t\t\t\t<\/div>\n\t\t\t\t\t<\/div>\n\t\t\t\t<\/div>\n\t\t\t\t<\/div>","protected":false},"excerpt":{"rendered":"<p>Piton Indian Nume \u0219tiin\u021bific: Python molurusClas\u0103: ReptiliaOrdin: SquamataFamilie: PythonidaeGen: PythonSpecie: Python molurus Lungime maxim\u0103: 3\u20136 metriGreutate: 30\u201360 kg General: Pitonul indian este unul dintre cei mai mari \u0219erpi din lume, fiind recunoscut pentru dimensiunile sale impresionante \u0219i frumuse\u021bea modelului de pe piele. Acest \u0219arpe neveninos are un corp robust acoperit cu solzi maronii \u0219i cafenii, &hellip; <a href=\"https:\/\/bucurestizoo.ro\/en\/pitonul-indian\/\" class=\"more-link\">Continue reading <span class=\"screen-reader-text\">Pitonul indian<\/span><\/a><\/p>","protected":false},"author":1,"featured_media":0,"parent":0,"menu_order":0,"comment_status":"closed","ping_status":"closed","template":"","meta":{"_monsterinsights_skip_tracking":false,"_monsterinsights_sitenote_active":false,"_monsterinsights_sitenote_note":"","_monsterinsights_sitenote_category":0,"footnotes":""},"class_list":["post-12522","page","type-page","status-publish","hentry"],"aioseo_notices":[],"_links":{"self":[{"href":"https:\/\/bucurestizoo.ro\/en\/wp-json\/wp\/v2\/pages\/12522","targetHints":{"allow":["GET"]}}],"collection":[{"href":"https:\/\/bucurestizoo.ro\/en\/wp-json\/wp\/v2\/pages"}],"about":[{"href":"https:\/\/bucurestizoo.ro\/en\/wp-json\/wp\/v2\/types\/page"}],"author":[{"embeddable":true,"href":"https:\/\/bucurestizoo.ro\/en\/wp-json\/wp\/v2\/users\/1"}],"replies":[{"embeddable":true,"href":"https:\/\/bucurestizoo.ro\/en\/wp-json\/wp\/v2\/comments?post=12522"}],"version-history":[{"count":7,"href":"https:\/\/bucurestizoo.ro\/en\/wp-json\/wp\/v2\/pages\/12522\/revisions"}],"predecessor-version":[{"id":15345,"href":"https:\/\/bucurestizoo.ro\/en\/wp-json\/wp\/v2\/pages\/12522\/revisions\/15345"}],"wp:attachment":[{"href":"https:\/\/bucurestizoo.ro\/en\/wp-json\/wp\/v2\/media?parent=12522"}],"curies":[{"name":"wp","href":"https:\/\/api.w.org\/{rel}","templated":true}]}}