{"id":12517,"date":"2025-01-10T14:51:31","date_gmt":"2025-01-10T12:51:31","guid":{"rendered":"https:\/\/n1.bucurestizoo.ro\/?page_id=12517"},"modified":"2025-04-25T18:22:44","modified_gmt":"2025-04-25T16:22:44","slug":"iguana","status":"publish","type":"page","link":"https:\/\/bucurestizoo.ro\/en\/iguana\/","title":{"rendered":"Iguana"},"content":{"rendered":"<div data-elementor-type=\"wp-page\" data-elementor-id=\"12517\" class=\"elementor elementor-12517\" data-elementor-post-type=\"page\">\n\t\t\t\t<div class=\"elementor-element elementor-element-1a4191df e-flex e-con-boxed e-con e-parent\" data-id=\"1a4191df\" data-element_type=\"container\" data-e-type=\"container\" data-settings=\"{&quot;background_background&quot;:&quot;classic&quot;}\">\n\t\t\t\t\t<div class=\"e-con-inner\">\n\t\t<div class=\"elementor-element elementor-element-3b74e117 e-con-full e-flex e-con e-child\" data-id=\"3b74e117\" data-element_type=\"container\" data-e-type=\"container\">\n\t\t<div class=\"elementor-element elementor-element-7c938366 e-con-full animated-slow e-flex elementor-invisible e-con e-child\" data-id=\"7c938366\" data-element_type=\"container\" data-e-type=\"container\" data-settings=\"{&quot;animation&quot;:&quot;fadeInLeft&quot;}\">\n\t\t\t\t<div class=\"elementor-element elementor-element-65617a07 elementor-widget elementor-widget-heading\" data-id=\"65617a07\" data-element_type=\"widget\" data-e-type=\"widget\" data-widget_type=\"heading.default\">\n\t\t\t\t<div class=\"elementor-widget-container\">\n\t\t\t\t\t<h1 class=\"elementor-heading-title elementor-size-default\">Iguan\u0103<\/h1>\t\t\t\t<\/div>\n\t\t\t\t<\/div>\n\t\t\t\t<div class=\"elementor-element elementor-element-4ca9b04d elementor-widget elementor-widget-text-editor\" data-id=\"4ca9b04d\" data-element_type=\"widget\" data-e-type=\"widget\" data-widget_type=\"text-editor.default\">\n\t\t\t\t<div class=\"elementor-widget-container\">\n\t\t\t\t\t\t\t\t\t<p><strong>Nume \u0219tiin\u021bific<\/strong>: <em>Iguana iguana<\/em><\/p><p><strong>Clas\u0103<\/strong>: Reptilia<\/p><p><strong>Ordin<\/strong>: Squamata<\/p><p><strong>Familie<\/strong>: Iguanidae<\/p><p><strong>Gen<\/strong>: Iguana<\/p><p><strong>Specie<\/strong>: <em>Iguana iguana<\/em><\/p><p><strong>Lungime maxim\u0103<\/strong>: 1,5-2 metri (inclusiv coada)<\/p><p><strong>Greutate<\/strong>: 4-8 kg<\/p>\t\t\t\t\t\t\t\t<\/div>\n\t\t\t\t<\/div>\n\t\t\t\t<\/div>\n\t\t\t\t<div class=\"elementor-element elementor-element-7ba5222e elementor-widget-tablet__width-inherit animated-slow elementor-invisible elementor-widget elementor-widget-image\" data-id=\"7ba5222e\" data-element_type=\"widget\" data-e-type=\"widget\" data-settings=\"{&quot;_animation&quot;:&quot;fadeInRight&quot;}\" data-widget_type=\"image.default\">\n\t\t\t\t<div class=\"elementor-widget-container\">\n\t\t\t\t\t\t\t\t\t\t\t\t\t\t\t<img fetchpriority=\"high\" decoding=\"async\" width=\"847\" height=\"635\" src=\"https:\/\/bucurestizoo.ro\/wp-content\/uploads\/2025\/04\/iguana-dt-1024x768.jpg\" class=\"attachment-large size-large wp-image-15619\" alt=\"\" srcset=\"https:\/\/bucurestizoo.ro\/wp-content\/uploads\/2025\/04\/iguana-dt-1024x768.jpg 1024w, https:\/\/bucurestizoo.ro\/wp-content\/uploads\/2025\/04\/iguana-dt-300x225.jpg 300w, https:\/\/bucurestizoo.ro\/wp-content\/uploads\/2025\/04\/iguana-dt-768x576.jpg 768w, https:\/\/bucurestizoo.ro\/wp-content\/uploads\/2025\/04\/iguana-dt-1536x1152.jpg 1536w, https:\/\/bucurestizoo.ro\/wp-content\/uploads\/2025\/04\/iguana-dt-400x300.jpg 400w, https:\/\/bucurestizoo.ro\/wp-content\/uploads\/2025\/04\/iguana-dt-650x488.jpg 650w, https:\/\/bucurestizoo.ro\/wp-content\/uploads\/2025\/04\/iguana-dt.jpg 2000w\" sizes=\"(max-width: 847px) 100vw, 847px\" data-id=\"15619\" \/>\t\t\t\t\t\t\t\t\t\t\t\t\t\t\t<\/div>\n\t\t\t\t<\/div>\n\t\t\t\t<\/div>\n\t\t\t\t\t<\/div>\n\t\t\t\t<\/div>\n\t\t<div class=\"elementor-element elementor-element-31a150ec animated-slow e-flex e-con-boxed elementor-invisible e-con e-parent\" data-id=\"31a150ec\" data-element_type=\"container\" data-e-type=\"container\" data-settings=\"{&quot;animation&quot;:&quot;fadeInLeft&quot;}\">\n\t\t\t\t\t<div class=\"e-con-inner\">\n\t\t\t\t<div class=\"elementor-element elementor-element-5bf5f751 elementor-widget elementor-widget-heading\" data-id=\"5bf5f751\" data-element_type=\"widget\" data-e-type=\"widget\" data-widget_type=\"heading.default\">\n\t\t\t\t<div class=\"elementor-widget-container\">\n\t\t\t\t\t<h1 class=\"elementor-heading-title elementor-size-default\">General:<\/h1>\t\t\t\t<\/div>\n\t\t\t\t<\/div>\n\t\t\t\t<div class=\"elementor-element elementor-element-549db31b elementor-widget elementor-widget-text-editor\" data-id=\"549db31b\" data-element_type=\"widget\" data-e-type=\"widget\" data-widget_type=\"text-editor.default\">\n\t\t\t\t<div class=\"elementor-widget-container\">\n\t\t\t\t\t\t\t\t\t<div class=\"et_pb_module et_pb_text et_pb_text_7 et_pb_bg_layout_light et_pb_text_align_left\"><div class=\"et_pb_text_inner\"><div class=\"et_pb_column et_pb_column_1_2 et_pb_column_4 et_pb_css_mix_blend_mode_passthrough\"><div class=\"et_pb_module et_pb_text et_pb_text_2 et_pb_bg_layout_light et_pb_text_align_left\"><div class=\"et_pb_text_inner\"><p>Iguana este o \u0219op\u00e2rl\u0103 mare, cunoscut\u0103 pentru aspectul s\u0103u impun\u0103tor \u0219i tr\u0103s\u0103turile sale distinctive. Are un corp acoperit cu solzi fini, o creast\u0103 dorsal\u0103 de solzi spino\u0219i care se \u00eentinde de-a lungul spatelui \u0219i o pung\u0103 gular\u0103 sub b\u0103rbie, folosit\u0103 pentru comunicare \u0219i reglarea temperaturii.<\/p><p>De\u0219i pare intimidant\u0103, iguana este o reptil\u0103 inofensiv\u0103, adaptat\u0103 mai degrab\u0103 pentru fug\u0103 dec\u00e2t pentru confruntare. Este o specie arboricol\u0103, petrec\u00e2nd majoritatea timpului \u00een copaci, iar culoarea sa variaz\u0103 de la verde vibrant la nuan\u021be de maro sau portocaliu, \u00een func\u021bie de v\u00e2rst\u0103, sex \u0219i mediul \u00eenconjur\u0103tor.<\/p><\/div><\/div><\/div><\/div><\/div>\t\t\t\t\t\t\t\t<\/div>\n\t\t\t\t<\/div>\n\t\t\t\t\t<\/div>\n\t\t\t\t<\/div>\n\t\t<div class=\"elementor-element elementor-element-395982d7 animated-slow e-flex e-con-boxed elementor-invisible e-con e-parent\" data-id=\"395982d7\" data-element_type=\"container\" data-e-type=\"container\" data-settings=\"{&quot;animation&quot;:&quot;fadeInRight&quot;}\">\n\t\t\t\t\t<div class=\"e-con-inner\">\n\t\t\t\t<div class=\"elementor-element elementor-element-5bdec054 elementor-widget elementor-widget-heading\" data-id=\"5bdec054\" data-element_type=\"widget\" data-e-type=\"widget\" data-widget_type=\"heading.default\">\n\t\t\t\t<div class=\"elementor-widget-container\">\n\t\t\t\t\t<h1 class=\"elementor-heading-title elementor-size-default\">Habitat:<\/h1>\t\t\t\t<\/div>\n\t\t\t\t<\/div>\n\t\t\t\t<div class=\"elementor-element elementor-element-d9ea139 elementor-widget elementor-widget-text-editor\" data-id=\"d9ea139\" data-element_type=\"widget\" data-e-type=\"widget\" data-widget_type=\"text-editor.default\">\n\t\t\t\t<div class=\"elementor-widget-container\">\n\t\t\t\t\t\t\t\t\t<div class=\"et_pb_module et_pb_text et_pb_text_7 et_pb_bg_layout_light et_pb_text_align_left\"><div class=\"et_pb_text_inner\"><div class=\"et_pb_column et_pb_column_1_2 et_pb_column_4 et_pb_css_mix_blend_mode_passthrough\"><div class=\"et_pb_module et_pb_text et_pb_text_2 et_pb_bg_layout_light et_pb_text_align_left\"><div class=\"et_pb_text_inner\"><p>Iguana verde tr\u0103ie\u0219te \u00een regiunile tropicale \u0219i subtropicale din America Central\u0103, America de Sud \u0219i Caraibe. Habitatul s\u0103u natural include p\u0103durile tropicale \u0219i malurile r\u00e2urilor, unde g\u0103se\u0219te copaci \u00eenal\u021bi pentru ad\u0103post \u0219i surse de ap\u0103 pentru hidratare.<\/p><p>Aceste reptile prefer\u0103 zonele cu clim\u0103 cald\u0103 \u0219i umiditate ridicat\u0103, fiind dependente de mediile cu vegeta\u021bie bogat\u0103. Iguanele sunt adaptate at\u00e2t pentru via\u021ba \u00een copaci, c\u00e2t \u0219i pentru deplasarea pe sol, dar sunt cele mai confortabile \u00een zonele \u00eemp\u0103durite, aproape de ap\u0103.<\/p><\/div><\/div><\/div><\/div><\/div>\t\t\t\t\t\t\t\t<\/div>\n\t\t\t\t<\/div>\n\t\t\t\t\t<\/div>\n\t\t\t\t<\/div>\n\t\t<div class=\"elementor-element elementor-element-5455c65c e-grid e-con-boxed e-con e-parent\" data-id=\"5455c65c\" data-element_type=\"container\" data-e-type=\"container\">\n\t\t\t\t\t<div class=\"e-con-inner\">\n\t\t<div class=\"elementor-element elementor-element-2e329c78 e-con-full animated-slow e-flex elementor-invisible e-con e-child\" data-id=\"2e329c78\" data-element_type=\"container\" data-e-type=\"container\" data-settings=\"{&quot;animation&quot;:&quot;fadeInLeft&quot;}\">\n\t\t\t\t<div class=\"elementor-element elementor-element-592fda25 elementor-widget elementor-widget-heading\" data-id=\"592fda25\" data-element_type=\"widget\" data-e-type=\"widget\" data-widget_type=\"heading.default\">\n\t\t\t\t<div class=\"elementor-widget-container\">\n\t\t\t\t\t<h1 class=\"elementor-heading-title elementor-size-default\">Hran\u0103:<\/h1>\t\t\t\t<\/div>\n\t\t\t\t<\/div>\n\t\t\t\t<div class=\"elementor-element elementor-element-7ed5008b elementor-widget elementor-widget-text-editor\" data-id=\"7ed5008b\" data-element_type=\"widget\" data-e-type=\"widget\" data-widget_type=\"text-editor.default\">\n\t\t\t\t<div class=\"elementor-widget-container\">\n\t\t\t\t\t\t\t\t\t<div class=\"et_pb_module et_pb_text et_pb_text_7 et_pb_bg_layout_light et_pb_text_align_left\"><div class=\"et_pb_text_inner\"><div class=\"et_pb_column et_pb_column_1_2 et_pb_column_4 et_pb_css_mix_blend_mode_passthrough\"><div class=\"et_pb_module et_pb_text et_pb_text_2 et_pb_bg_layout_light et_pb_text_align_left\"><div class=\"et_pb_text_inner\"><p>Iguana este o reptil\u0103 erbivor\u0103, consum\u00e2nd \u00een principal frunze, flori \u0219i fructe. Dieta sa natural\u0103 include o varietate de plante tropicale, iar \u00een captivitate este hr\u0103nit\u0103 cu legume verzi, cum ar fi kale, spanac, dovlecei, precum \u0219i fructe, cum ar fi papaya sau mango.<\/p><p>Hidratarea este crucial\u0103, iar iguana ob\u021bine ap\u0103 at\u00e2t din alimentele consumate, c\u00e2t \u0219i din surse directe, cum ar fi ploaia sau apa din vase. O diet\u0103 echilibrat\u0103 bogat\u0103 \u00een calciu \u0219i vitamine este esen\u021bial\u0103 pentru s\u0103n\u0103tatea sa, prevenind problemele osoase frecvente la aceast\u0103 specie.<\/p><\/div><\/div><\/div><\/div><\/div>\t\t\t\t\t\t\t\t<\/div>\n\t\t\t\t<\/div>\n\t\t\t\t<\/div>\n\t\t<div class=\"elementor-element elementor-element-698c80cf e-con-full animated-slow e-flex elementor-invisible e-con e-child\" data-id=\"698c80cf\" data-element_type=\"container\" data-e-type=\"container\" data-settings=\"{&quot;animation&quot;:&quot;fadeInRight&quot;}\">\n\t\t\t\t<div class=\"elementor-element elementor-element-5235c77e elementor-widget elementor-widget-heading\" data-id=\"5235c77e\" data-element_type=\"widget\" data-e-type=\"widget\" data-widget_type=\"heading.default\">\n\t\t\t\t<div class=\"elementor-widget-container\">\n\t\t\t\t\t<h1 class=\"elementor-heading-title elementor-size-default\">Conservare:<\/h1>\t\t\t\t<\/div>\n\t\t\t\t<\/div>\n\t\t\t\t<div class=\"elementor-element elementor-element-2bb0a8c2 elementor-widget elementor-widget-text-editor\" data-id=\"2bb0a8c2\" data-element_type=\"widget\" data-e-type=\"widget\" data-widget_type=\"text-editor.default\">\n\t\t\t\t<div class=\"elementor-widget-container\">\n\t\t\t\t\t\t\t\t\t<div class=\"et_pb_module et_pb_text et_pb_text_7 et_pb_bg_layout_light et_pb_text_align_left\"><div class=\"et_pb_text_inner\"><div class=\"et_pb_column et_pb_column_1_2 et_pb_column_4 et_pb_css_mix_blend_mode_passthrough\"><div class=\"et_pb_module et_pb_text et_pb_text_2 et_pb_bg_layout_light et_pb_text_align_left\"><div class=\"et_pb_text_inner\"><p>Iguana verde nu este considerat\u0103 o specie amenin\u021bat\u0103, fiind comun\u0103 \u00een arealul s\u0103u natural \u0219i popular\u0103 ca animal de companie. Totu\u0219i, popula\u021biile s\u0103lbatice sunt afectate de defri\u0219\u0103ri, capturare pentru comer\u021b \u0219i v\u00e2n\u0103toare, \u00een unele regiuni fiind utilizat\u0103 ca surs\u0103 de hran\u0103.<\/p><p>Conservarea habitatului tropical \u0219i reglementarea comer\u021bului sunt m\u0103suri importante pentru protejarea popula\u021biilor s\u0103lbatice. De asemenea, educa\u021bia cu privire la \u00eengrijirea corespunz\u0103toare a iguanelor \u00een captivitate contribuie la prevenirea abuzurilor \u0219i a abandonului acestor reptile impresionante.<\/p><\/div><\/div><\/div><\/div><\/div>\t\t\t\t\t\t\t\t<\/div>\n\t\t\t\t<\/div>\n\t\t\t\t<\/div>\n\t\t\t\t\t<\/div>\n\t\t\t\t<\/div>\n\t\t\t\t<\/div>","protected":false},"excerpt":{"rendered":"<p>Iguan\u0103 Nume \u0219tiin\u021bific: Iguana iguana Clas\u0103: Reptilia Ordin: Squamata Familie: Iguanidae Gen: Iguana Specie: Iguana iguana Lungime maxim\u0103: 1,5-2 metri (inclusiv coada) Greutate: 4-8 kg General: Iguana este o \u0219op\u00e2rl\u0103 mare, cunoscut\u0103 pentru aspectul s\u0103u impun\u0103tor \u0219i tr\u0103s\u0103turile sale distinctive. Are un corp acoperit cu solzi fini, o creast\u0103 dorsal\u0103 de solzi spino\u0219i care se &hellip; <a href=\"https:\/\/bucurestizoo.ro\/en\/iguana\/\" class=\"more-link\">Continue reading <span class=\"screen-reader-text\">Iguana<\/span><\/a><\/p>","protected":false},"author":1,"featured_media":0,"parent":0,"menu_order":0,"comment_status":"closed","ping_status":"closed","template":"","meta":{"_monsterinsights_skip_tracking":false,"_monsterinsights_sitenote_active":false,"_monsterinsights_sitenote_note":"","_monsterinsights_sitenote_category":0,"footnotes":""},"class_list":["post-12517","page","type-page","status-publish","hentry"],"aioseo_notices":[],"_links":{"self":[{"href":"https:\/\/bucurestizoo.ro\/en\/wp-json\/wp\/v2\/pages\/12517","targetHints":{"allow":["GET"]}}],"collection":[{"href":"https:\/\/bucurestizoo.ro\/en\/wp-json\/wp\/v2\/pages"}],"about":[{"href":"https:\/\/bucurestizoo.ro\/en\/wp-json\/wp\/v2\/types\/page"}],"author":[{"embeddable":true,"href":"https:\/\/bucurestizoo.ro\/en\/wp-json\/wp\/v2\/users\/1"}],"replies":[{"embeddable":true,"href":"https:\/\/bucurestizoo.ro\/en\/wp-json\/wp\/v2\/comments?post=12517"}],"version-history":[{"count":8,"href":"https:\/\/bucurestizoo.ro\/en\/wp-json\/wp\/v2\/pages\/12517\/revisions"}],"predecessor-version":[{"id":15622,"href":"https:\/\/bucurestizoo.ro\/en\/wp-json\/wp\/v2\/pages\/12517\/revisions\/15622"}],"wp:attachment":[{"href":"https:\/\/bucurestizoo.ro\/en\/wp-json\/wp\/v2\/media?parent=12517"}],"curies":[{"name":"wp","href":"https:\/\/api.w.org\/{rel}","templated":true}]}}