{"id":12515,"date":"2025-01-10T14:51:08","date_gmt":"2025-01-10T12:51:08","guid":{"rendered":"https:\/\/n1.bucurestizoo.ro\/?page_id=12515"},"modified":"2025-04-25T18:16:28","modified_gmt":"2025-04-25T16:16:28","slug":"gecko","status":"publish","type":"page","link":"https:\/\/bucurestizoo.ro\/en\/gecko\/","title":{"rendered":"Gecko"},"content":{"rendered":"<div data-elementor-type=\"wp-page\" data-elementor-id=\"12515\" class=\"elementor elementor-12515\" data-elementor-post-type=\"page\">\n\t\t\t\t<div class=\"elementor-element elementor-element-4963f5cf e-flex e-con-boxed e-con e-parent\" data-id=\"4963f5cf\" data-element_type=\"container\" data-e-type=\"container\" data-settings=\"{&quot;background_background&quot;:&quot;classic&quot;}\">\n\t\t\t\t\t<div class=\"e-con-inner\">\n\t\t<div class=\"elementor-element elementor-element-7fbc9f7a e-con-full e-flex e-con e-child\" data-id=\"7fbc9f7a\" data-element_type=\"container\" data-e-type=\"container\">\n\t\t<div class=\"elementor-element elementor-element-157f6a5b e-con-full animated-slow e-flex elementor-invisible e-con e-child\" data-id=\"157f6a5b\" data-element_type=\"container\" data-e-type=\"container\" data-settings=\"{&quot;animation&quot;:&quot;fadeInLeft&quot;}\">\n\t\t\t\t<div class=\"elementor-element elementor-element-13cc20cb elementor-widget elementor-widget-heading\" data-id=\"13cc20cb\" data-element_type=\"widget\" data-e-type=\"widget\" data-widget_type=\"heading.default\">\n\t\t\t\t<div class=\"elementor-widget-container\">\n\t\t\t\t\t<h1 class=\"elementor-heading-title elementor-size-default\">Gecko<\/h1>\t\t\t\t<\/div>\n\t\t\t\t<\/div>\n\t\t\t\t<div class=\"elementor-element elementor-element-6e5410c8 elementor-widget elementor-widget-text-editor\" data-id=\"6e5410c8\" data-element_type=\"widget\" data-e-type=\"widget\" data-widget_type=\"text-editor.default\">\n\t\t\t\t<div class=\"elementor-widget-container\">\n\t\t\t\t\t\t\t\t\t<p><strong>Nume \u0219tiin\u021bific<\/strong>: <em>Eublepharis macularius<\/em><\/p><p><strong>Clas\u0103<\/strong>: Reptilia<\/p><p><strong>Ordin<\/strong>: Squamata<\/p><p><strong>Familie<\/strong>: Eublepharidae<\/p><p><strong>Gen<\/strong>: Eublepharis<\/p><p><strong>Specie<\/strong>: <em>Eublepharis macularius<\/em><\/p><p><strong>Lungime maxim\u0103<\/strong>: 15-25 cm<\/p><p><strong>Greutate<\/strong>: 50-80 g<\/p>\t\t\t\t\t\t\t\t<\/div>\n\t\t\t\t<\/div>\n\t\t\t\t<\/div>\n\t\t\t\t<div class=\"elementor-element elementor-element-662ca277 elementor-widget-tablet__width-inherit animated-slow elementor-invisible elementor-widget elementor-widget-image\" data-id=\"662ca277\" data-element_type=\"widget\" data-e-type=\"widget\" data-settings=\"{&quot;_animation&quot;:&quot;fadeInRight&quot;}\" data-widget_type=\"image.default\">\n\t\t\t\t<div class=\"elementor-widget-container\">\n\t\t\t\t\t\t\t\t\t\t\t\t\t\t\t<img fetchpriority=\"high\" decoding=\"async\" width=\"847\" height=\"596\" src=\"https:\/\/bucurestizoo.ro\/wp-content\/uploads\/2025\/04\/gecko-1024x721.jpg\" class=\"attachment-large size-large wp-image-15611\" alt=\"\" srcset=\"https:\/\/bucurestizoo.ro\/wp-content\/uploads\/2025\/04\/gecko-1024x721.jpg 1024w, https:\/\/bucurestizoo.ro\/wp-content\/uploads\/2025\/04\/gecko-300x211.jpg 300w, https:\/\/bucurestizoo.ro\/wp-content\/uploads\/2025\/04\/gecko-768x541.jpg 768w, https:\/\/bucurestizoo.ro\/wp-content\/uploads\/2025\/04\/gecko-1536x1082.jpg 1536w, https:\/\/bucurestizoo.ro\/wp-content\/uploads\/2025\/04\/gecko-2048x1442.jpg 2048w, https:\/\/bucurestizoo.ro\/wp-content\/uploads\/2025\/04\/gecko-426x300.jpg 426w, https:\/\/bucurestizoo.ro\/wp-content\/uploads\/2025\/04\/gecko-650x458.jpg 650w\" sizes=\"(max-width: 847px) 100vw, 847px\" data-id=\"15611\" \/>\t\t\t\t\t\t\t\t\t\t\t\t\t\t\t<\/div>\n\t\t\t\t<\/div>\n\t\t\t\t<\/div>\n\t\t\t\t\t<\/div>\n\t\t\t\t<\/div>\n\t\t<div class=\"elementor-element elementor-element-7971a726 animated-slow e-flex e-con-boxed elementor-invisible e-con e-parent\" data-id=\"7971a726\" data-element_type=\"container\" data-e-type=\"container\" data-settings=\"{&quot;animation&quot;:&quot;fadeInLeft&quot;}\">\n\t\t\t\t\t<div class=\"e-con-inner\">\n\t\t\t\t<div class=\"elementor-element elementor-element-18f5624e elementor-widget elementor-widget-heading\" data-id=\"18f5624e\" data-element_type=\"widget\" data-e-type=\"widget\" data-widget_type=\"heading.default\">\n\t\t\t\t<div class=\"elementor-widget-container\">\n\t\t\t\t\t<h1 class=\"elementor-heading-title elementor-size-default\">General:<\/h1>\t\t\t\t<\/div>\n\t\t\t\t<\/div>\n\t\t\t\t<div class=\"elementor-element elementor-element-551a7ed7 elementor-widget elementor-widget-text-editor\" data-id=\"551a7ed7\" data-element_type=\"widget\" data-e-type=\"widget\" data-widget_type=\"text-editor.default\">\n\t\t\t\t<div class=\"elementor-widget-container\">\n\t\t\t\t\t\t\t\t\t<div class=\"et_pb_module et_pb_text et_pb_text_7 et_pb_bg_layout_light et_pb_text_align_left\"><div class=\"et_pb_text_inner\"><div class=\"et_pb_column et_pb_column_1_2 et_pb_column_4 et_pb_css_mix_blend_mode_passthrough\"><div class=\"et_pb_module et_pb_text et_pb_text_2 et_pb_bg_layout_light et_pb_text_align_left\"><div class=\"et_pb_text_inner\"><p>Gecko-ul este o reptil\u0103 mic\u0103 \u0219i agil\u0103, cunoscut\u0103 pentru aspectul s\u0103u colorat \u0219i ochii mari, care \u00eei confer\u0103 o expresie curioas\u0103. Corpul s\u0103u este acoperit cu solzi mici, iar modelul de pe piele variaz\u0103 de la pete \u0219i dungi p\u00e2n\u0103 la culori vibrante, care ofer\u0103 camuflaj \u00een habitatul s\u0103u natural.<\/p><p>O caracteristic\u0103 unic\u0103 a gecko-ului este abilitatea sa de a se c\u0103\u021b\u0103ra pe aproape orice suprafa\u021b\u0103 datorit\u0103 perni\u021belor de pe degete, care sunt acoperite cu milioane de fire microscopice (setae). Acestea creeaz\u0103 o aderen\u021b\u0103 extraordinar\u0103 prin for\u021be van der Waals. \u00cen plus, unele specii de gecko pot emite sunete, folosindu-le pentru comunicare sau pentru a intimida pr\u0103d\u0103torii.<\/p><\/div><\/div><\/div><\/div><\/div>\t\t\t\t\t\t\t\t<\/div>\n\t\t\t\t<\/div>\n\t\t\t\t\t<\/div>\n\t\t\t\t<\/div>\n\t\t<div class=\"elementor-element elementor-element-1ef6d07c animated-slow e-flex e-con-boxed elementor-invisible e-con e-parent\" data-id=\"1ef6d07c\" data-element_type=\"container\" data-e-type=\"container\" data-settings=\"{&quot;animation&quot;:&quot;fadeInRight&quot;}\">\n\t\t\t\t\t<div class=\"e-con-inner\">\n\t\t\t\t<div class=\"elementor-element elementor-element-11ba14c2 elementor-widget elementor-widget-heading\" data-id=\"11ba14c2\" data-element_type=\"widget\" data-e-type=\"widget\" data-widget_type=\"heading.default\">\n\t\t\t\t<div class=\"elementor-widget-container\">\n\t\t\t\t\t<h1 class=\"elementor-heading-title elementor-size-default\">Habitat:<\/h1>\t\t\t\t<\/div>\n\t\t\t\t<\/div>\n\t\t\t\t<div class=\"elementor-element elementor-element-6f82531b elementor-widget elementor-widget-text-editor\" data-id=\"6f82531b\" data-element_type=\"widget\" data-e-type=\"widget\" data-widget_type=\"text-editor.default\">\n\t\t\t\t<div class=\"elementor-widget-container\">\n\t\t\t\t\t\t\t\t\t<div class=\"et_pb_module et_pb_text et_pb_text_7 et_pb_bg_layout_light et_pb_text_align_left\"><div class=\"et_pb_text_inner\"><div class=\"et_pb_column et_pb_column_1_2 et_pb_column_4 et_pb_css_mix_blend_mode_passthrough\"><div class=\"et_pb_module et_pb_text et_pb_text_2 et_pb_bg_layout_light et_pb_text_align_left\"><div class=\"et_pb_text_inner\"><p>Gecko-ul tr\u0103ie\u0219te \u00eentr-o varietate de habitate, de la de\u0219erturi \u0219i savane p\u00e2n\u0103 la p\u0103duri tropicale \u0219i zone urbane, \u00een func\u021bie de specie. Este \u00eent\u00e2lnit pe toate continentele, cu excep\u021bia Antarcticii. Speciile din regiunile aride, cum ar fi gecko-ul leopard, prefer\u0103 zonele st\u00e2ncoase \u0219i nisipoase, unde se pot ascunde \u00een cr\u0103p\u0103turi pentru a evita pr\u0103d\u0103torii \u0219i temperaturile extreme.<\/p><p>\u00cen p\u0103durile tropicale, gecko-ul este adesea arboricol, petrec\u00e2ndu-\u0219i via\u021ba pe trunchiuri de copaci \u0219i frunze. Aceast\u0103 adaptabilitate \u00eei permite s\u0103 prospere at\u00e2t \u00een s\u0103lb\u0103ticie, c\u00e2t \u0219i \u00een apropierea a\u0219ez\u0103rilor umane.<\/p><\/div><\/div><\/div><\/div><\/div>\t\t\t\t\t\t\t\t<\/div>\n\t\t\t\t<\/div>\n\t\t\t\t\t<\/div>\n\t\t\t\t<\/div>\n\t\t<div class=\"elementor-element elementor-element-49f3c433 e-grid e-con-boxed e-con e-parent\" data-id=\"49f3c433\" data-element_type=\"container\" data-e-type=\"container\">\n\t\t\t\t\t<div class=\"e-con-inner\">\n\t\t<div class=\"elementor-element elementor-element-7765f5cc e-con-full animated-slow e-flex elementor-invisible e-con e-child\" data-id=\"7765f5cc\" data-element_type=\"container\" data-e-type=\"container\" data-settings=\"{&quot;animation&quot;:&quot;fadeInLeft&quot;}\">\n\t\t\t\t<div class=\"elementor-element elementor-element-6ee48ccc elementor-widget elementor-widget-heading\" data-id=\"6ee48ccc\" data-element_type=\"widget\" data-e-type=\"widget\" data-widget_type=\"heading.default\">\n\t\t\t\t<div class=\"elementor-widget-container\">\n\t\t\t\t\t<h1 class=\"elementor-heading-title elementor-size-default\">Hran\u0103:<\/h1>\t\t\t\t<\/div>\n\t\t\t\t<\/div>\n\t\t\t\t<div class=\"elementor-element elementor-element-455157d5 elementor-widget elementor-widget-text-editor\" data-id=\"455157d5\" data-element_type=\"widget\" data-e-type=\"widget\" data-widget_type=\"text-editor.default\">\n\t\t\t\t<div class=\"elementor-widget-container\">\n\t\t\t\t\t\t\t\t\t<div class=\"et_pb_module et_pb_text et_pb_text_7 et_pb_bg_layout_light et_pb_text_align_left\"><div class=\"et_pb_text_inner\"><div class=\"et_pb_column et_pb_column_1_2 et_pb_column_4 et_pb_css_mix_blend_mode_passthrough\"><div class=\"et_pb_module et_pb_text et_pb_text_2 et_pb_bg_layout_light et_pb_text_align_left\"><div class=\"et_pb_text_inner\"><p>Gecko-ul este carnivor, hr\u0103nindu-se \u00een principal cu insecte \u0219i alte nevertebrate, precum greieri, l\u0103custe, viermi \u0219i p\u0103ianjeni. Unele specii mari pot v\u00e2na \u0219i pr\u0103zi mai mari, cum ar fi \u0219op\u00e2rle mici. \u00cen captivitate, dieta sa include insecte vii, iar suplimentele de vitamine \u0219i calciu sunt esen\u021biale pentru s\u0103n\u0103tatea sa.<\/p><p>Este un v\u00e2n\u0103tor nocturn, folosindu-\u0219i vederea excelent\u0103 \u0219i agilitatea pentru a captura prada. Gecko-ul consum\u0103 ocazional ap\u0103 direct de pe frunze sau din alte surse, iar hidratarea este crucial\u0103 pentru bun\u0103starea sa.<\/p><\/div><\/div><\/div><\/div><\/div>\t\t\t\t\t\t\t\t<\/div>\n\t\t\t\t<\/div>\n\t\t\t\t<\/div>\n\t\t<div class=\"elementor-element elementor-element-3e967b35 e-con-full animated-slow e-flex elementor-invisible e-con e-child\" data-id=\"3e967b35\" data-element_type=\"container\" data-e-type=\"container\" data-settings=\"{&quot;animation&quot;:&quot;fadeInRight&quot;}\">\n\t\t\t\t<div class=\"elementor-element elementor-element-5562b36d elementor-widget elementor-widget-heading\" data-id=\"5562b36d\" data-element_type=\"widget\" data-e-type=\"widget\" data-widget_type=\"heading.default\">\n\t\t\t\t<div class=\"elementor-widget-container\">\n\t\t\t\t\t<h1 class=\"elementor-heading-title elementor-size-default\">Conservare:<\/h1>\t\t\t\t<\/div>\n\t\t\t\t<\/div>\n\t\t\t\t<div class=\"elementor-element elementor-element-6e8ad90c elementor-widget elementor-widget-text-editor\" data-id=\"6e8ad90c\" data-element_type=\"widget\" data-e-type=\"widget\" data-widget_type=\"text-editor.default\">\n\t\t\t\t<div class=\"elementor-widget-container\">\n\t\t\t\t\t\t\t\t\t<div class=\"et_pb_module et_pb_text et_pb_text_7 et_pb_bg_layout_light et_pb_text_align_left\"><div class=\"et_pb_text_inner\"><div class=\"et_pb_column et_pb_column_1_2 et_pb_column_4 et_pb_css_mix_blend_mode_passthrough\"><div class=\"et_pb_module et_pb_text et_pb_text_2 et_pb_bg_layout_light et_pb_text_align_left\"><div class=\"et_pb_text_inner\"><p>Gecko-ul este, \u00een general, o specie rezistent\u0103, dar anumite specii sunt amenin\u021bate din cauza pierderii habitatului, a polu\u0103rii \u0219i a captur\u0103rii pentru comer\u021bul cu animale exotice. De exemplu, gecko-ul din Madagascar (<em>Uroplatus<\/em>) \u0219i alte specii unice sunt afectate de defri\u0219\u0103rile masive.<\/p><p>Programele de conservare includ protejarea habitatelor naturale, reglementarea comer\u021bului \u0219i educa\u021bia publicului despre nevoile specifice ale acestei reptile. Gecko-ul joac\u0103 un rol ecologic important, control\u00e2nd popula\u021biile de insecte \u0219i contribuind la s\u0103n\u0103tatea ecosistemelor \u00een care tr\u0103ie\u0219te.<\/p><\/div><\/div><\/div><\/div><\/div>\t\t\t\t\t\t\t\t<\/div>\n\t\t\t\t<\/div>\n\t\t\t\t<\/div>\n\t\t\t\t\t<\/div>\n\t\t\t\t<\/div>\n\t\t\t\t<\/div>","protected":false},"excerpt":{"rendered":"<p>Gecko Nume \u0219tiin\u021bific: Eublepharis macularius Clas\u0103: Reptilia Ordin: Squamata Familie: Eublepharidae Gen: Eublepharis Specie: Eublepharis macularius Lungime maxim\u0103: 15-25 cm Greutate: 50-80 g General: Gecko-ul este o reptil\u0103 mic\u0103 \u0219i agil\u0103, cunoscut\u0103 pentru aspectul s\u0103u colorat \u0219i ochii mari, care \u00eei confer\u0103 o expresie curioas\u0103. Corpul s\u0103u este acoperit cu solzi mici, iar modelul de &hellip; <a href=\"https:\/\/bucurestizoo.ro\/en\/gecko\/\" class=\"more-link\">Continue reading <span class=\"screen-reader-text\">Gecko<\/span><\/a><\/p>","protected":false},"author":1,"featured_media":0,"parent":0,"menu_order":0,"comment_status":"closed","ping_status":"closed","template":"","meta":{"_monsterinsights_skip_tracking":false,"_monsterinsights_sitenote_active":false,"_monsterinsights_sitenote_note":"","_monsterinsights_sitenote_category":0,"footnotes":""},"class_list":["post-12515","page","type-page","status-publish","hentry"],"aioseo_notices":[],"_links":{"self":[{"href":"https:\/\/bucurestizoo.ro\/en\/wp-json\/wp\/v2\/pages\/12515","targetHints":{"allow":["GET"]}}],"collection":[{"href":"https:\/\/bucurestizoo.ro\/en\/wp-json\/wp\/v2\/pages"}],"about":[{"href":"https:\/\/bucurestizoo.ro\/en\/wp-json\/wp\/v2\/types\/page"}],"author":[{"embeddable":true,"href":"https:\/\/bucurestizoo.ro\/en\/wp-json\/wp\/v2\/users\/1"}],"replies":[{"embeddable":true,"href":"https:\/\/bucurestizoo.ro\/en\/wp-json\/wp\/v2\/comments?post=12515"}],"version-history":[{"count":7,"href":"https:\/\/bucurestizoo.ro\/en\/wp-json\/wp\/v2\/pages\/12515\/revisions"}],"predecessor-version":[{"id":15614,"href":"https:\/\/bucurestizoo.ro\/en\/wp-json\/wp\/v2\/pages\/12515\/revisions\/15614"}],"wp:attachment":[{"href":"https:\/\/bucurestizoo.ro\/en\/wp-json\/wp\/v2\/media?parent=12515"}],"curies":[{"name":"wp","href":"https:\/\/api.w.org\/{rel}","templated":true}]}}